{"id":14171,"date":"2023-11-08T15:55:01","date_gmt":"2023-11-08T15:55:01","guid":{"rendered":"https:\/\/moverdb.com\/freight-forwarder\/freight-forwarding-uk\/manningtree-freight-forwarder\/"},"modified":"2026-01-08T14:58:09","modified_gmt":"2026-01-08T14:58:09","slug":"manningtree-freight-forwarder","status":"publish","type":"page","link":"https:\/\/moverdb.com\/lv\/freight-forwarder\/freight-forwarding-uk\/manningtree-freight-forwarder\/","title":{"rendered":"2 lab\u0101kie Manningtree kravu eksped\u012bcijas uz\u0146\u0113mumi (2024)"},"content":{"rendered":"<p>Zem\u0101k m\u0113s apl\u016bkojam 2 <em>\"lab\u0101kais\"<\/em> Kravu eksped\u012bcijas uz\u0146\u0113mumi Manningtree no 2.<\/p>\n<p>Lai uzzin\u0101tu vair\u0101k par to, k\u0101 m\u0113s izv\u0113l\u0113j\u0101mies lab\u0101kos, skatiet m\u016bsu FAQ sada\u013cu beig\u0101s.<\/p>\n<p><em>L\u016bdzu, \u0146emiet v\u0113r\u0101, ka turpm\u0101k min\u0113tie saraksti nav sak\u0101rtoti \u012bpa\u0161\u0101 sec\u012bb\u0101 un m\u0113s nesniedzam ieteikumus par k\u0101du konkr\u0113tu uz\u0146\u0113mumu.<\/em><\/p>\n<h2>Central Oceans UK CO UK Shipping &amp; Trading Ltd<\/h2>\n<p><img decoding=\"async\" src=\"https:\/\/moverdb.com\/wp-content\/uploads\/thumbnailpanoidmo_-iyHsxTRdiGyJADKzgcb_clientsearch.gws-prod.gpsw408h240yaw15.jpg\" alt='Central Oceans UK CO UK Shipping &amp; Trading Ltd' class=\"aligncenter\"><\/p>\n<p><strong>Apraksts no uz\u0146\u0113muma: <\/strong>Nav sniegts<\/p>\n<p><strong>Papildu pakalpojumi:<\/strong><\/p>\n<p>Muitas brokeris<\/p>\n<p>Lo\u0123istikas pakalpojumi<\/p>\n<p>Ku\u0123niec\u012bbas iek\u0101rtu nozare<\/p>\n<p>Pieg\u0101des pakalpojums<\/p>\n<p><a href=\"https:\/\/moverdb.com\/lv\/car-transport-shipping\/\" data-internallinksmanager029f6b8e52c=\"2\" title=\"2026 Starptautiskais autotransports un transportl\u012bdzek\u013cu p\u0101rvad\u0101\u0161anas cit\u0101ti\">Transportl\u012bdzek\u013cu nos\u016bt\u012b\u0161ana<\/a> a\u0123ents<\/p>\n<p><strong>Adrese:<\/strong> 8, The Quayside Maltings, High St, Mistley, Manningtree CO11 1AL<\/p>\n<p><a href=\"http:\/\/centraloceans.com\/\" target=\"_new\" rel=\"noopener\">Central Oceans UK CO UK Shipping &amp; Trading Ltd t\u012bmek\u013ca vietne<\/a><\/p>\n<p><strong>P\u0101rskata rezult\u0101ts: <\/strong>5<br \/> <strong>Atsauksmes skaits:<\/strong> 1<br \/><a href=\"https:\/\/www.google.co.uk\/maps?cid=7638780040482065049&#038;hl=en&#038;gl=GB\" target=\"_new\" rel=\"noopener\">Las\u012bt atsauksmes<\/a><\/p>\n<h2>ARHIM\u0112DA LO\u0122ISTIKA<\/h2>\n<p><img decoding=\"async\" src=\"https:\/\/moverdb.com\/wp-content\/uploads\/thumbnailpanoidRERy9W0SKGvjjdQ2CTUzPwcb_clientsearch.gws-prod.gpsw408h240yaw17.jpg\" alt='ARHIM\u0112DA LO\u0122ISTIKA' class=\"aligncenter\"><\/p>\n<p><strong>Apraksts no uz\u0146\u0113muma: <\/strong>Archimedes Logistics sniedz starptautisko kravu eksped\u012bcijas un eksporta p\u0101rvad\u0101jumu pakalpojumus visu veidu uz\u0146\u0113mumiem un priv\u0101tperson\u0101m.<\/p>\n<p>M\u0113s atrodamies <a href=\"https:\/\/moverdb.com\/lv\/moving-to-the-uk\/\" data-internallinksmanager029f6b8e52c=\"93\" title=\"P\u0101rce\u013caties uz Apvienoto Karalisti? 2022 Dz\u012bves izmaksas un p\u0101rcel\u0161an\u0101s padomi\">APVIENOT\u0100 KARALISTE<\/a> Mistley Quay, Manningtree, Eseks\u0101, net\u0101lu no <a href=\"https:\/\/moverdb.com\/lv\/top-49-container-ports\/\" data-internallinksmanager029f6b8e52c=\"80\" title=\"49 liel\u0101kie un noslogot\u0101kie konteineru ostas 2025. gad\u0101\">ostas<\/a> no Harvi\u010das un Feliksstovas.<\/p>\n<p>M\u016bsu draudz\u012bg\u0101 ekspertu komanda nodro\u0161ina starptautisko gaisa un j\u016bras kravu eksped\u012bciju, k\u0101 ar\u012b Eiropas kravu autop\u0101rvad\u0101jumus un kurjerpasta pakalpojumus vis\u0101 pasaul\u0113.<\/p>\n<p><strong>Papildu pakalpojumi:<\/strong><\/p>\n<p>Lo\u0123istikas pakalpojumi<\/p>\n<p>Pieg\u0101des pakalpojums<\/p>\n<p><strong>Adrese:<\/strong> Unit 5, High St, Mistley Quay, Mistley, Colchester CO11 1AL<\/p>\n<p><a href=\"https:\/\/archimedeslogistics.com\/\" target=\"_new\" rel=\"noopener\">ARCHIMEDES LOGISTICS t\u012bmek\u013ca vietne<\/a><\/p>\n<p><strong>P\u0101rskata rezult\u0101ts: <\/strong>3.8<br \/> <strong>Atsauksmes skaits:<\/strong> 5<br \/><a href=\"https:\/\/www.google.co.uk\/maps?cid=11454144430054435269&#038;hl=en&#038;gl=GB\" target=\"_new\" rel=\"noopener\">Las\u012bt atsauksmes<\/a><\/p>\n<h2>K\u0101 m\u0113s izv\u0113l\u0113j\u0101mies lab\u0101kos Manningtree kravas eksped\u012bcijas uz\u0146\u0113mumus<\/h2>\n<p>S\u0101k\u0101m ar datu kopu, kur\u0101 bija 2 Manningtree kravu p\u0101rvad\u0101jumu uz\u0146\u0113mumi, kurus var\u0113j\u0101m atrast, izmantojot Google Maps, un sa\u0161aurin\u0101j\u0101m to skaitu l\u012bdz 2 lab\u0101kajiem.<\/p>\n<p>Lai to izdar\u012btu, m\u0113s izsv\u012btroj\u0101m jebkuru uz\u0146\u0113mumu, kas:<\/p>\n<ul>\n<li> Nebija t\u012bmek\u013ca vietnes<\/li>\n<li> Nebija atsauksmju<\/li>\n<li> vid\u0113jais atsauksmju v\u0113rt\u0113jums bija zem\u0101ks par 2,0<\/li>\n<\/ul>\n<p>\u0160aj\u0101 br\u012bd\u012b, ja mums bija 17 vai maz\u0101k ekspeditoru, m\u0113s uzskait\u012bj\u0101m visus.<\/p>\n<p>Pils\u0113t\u0101s, kur\u0101s bija paliku\u0161i vair\u0101k nek\u0101 17 ekspeditori, m\u0113s veic\u0101m turpm\u0101kas korekcijas, vai nu palielinot nepiecie\u0161amo atsauksmju punktu skaitu (piem\u0113ram, no vismaz 2,0 l\u012bdz 4,0), un\/vai palielinot minim\u0101lo nepiecie\u0161amo atsauksmju skaitu (piem\u0113ram, no vismaz 1 atsauksmes l\u012bdz vismaz 10).<\/p>\n<p>\u0145emiet v\u0113r\u0101, ka m\u0113s izmantoj\u0101m tikai p\u0101rskat\u012b\u0161anas datus no Google Maps, nevis cit\u0101m tre\u0161o pu\u0161u vietn\u0113m.<\/p>\n<p>Vair\u0101k pils\u0113tu:<\/p>\n<p><a href=\"https:\/\/moverdb.com\/lv\/kravas-ekspeditors\/freight-forwarding-uk\/sale-freight-forwarder\/\">P\u0101rdo\u0161ana Kravu ekspeditors<\/a><br \/><a href=\"https:\/\/moverdb.com\/lv\/kravas-ekspeditors\/freight-forwarding-uk\/salford-freight-forwarder\/\">Salfordas kravas ekspeditors<\/a><br \/><a href=\"https:\/\/moverdb.com\/lv\/kravas-ekspeditors\/freight-forwarding-uk\/lichfield-freight-forwarder\/\">Li\u010df\u012bldas kravas ekspeditors<\/a><br \/><a href=\"https:\/\/moverdb.com\/lv\/kravas-ekspeditors\/freight-forwarding-uk\/castlederg-freight-forwarder\/\">Castlederg Kravu ekspeditors<\/a><br \/><a href=\"https:\/\/moverdb.com\/lv\/kravas-ekspeditors\/freight-forwarding-uk\/great-blakenham-freight-forwarder\/\">Great Blakenham Kravu ekspeditors<\/a><\/p>","protected":false},"excerpt":{"rendered":"<p>Below we look at the 2 &#8220;best&#8221; Freight Forwarding companies in Manningtree out of 2. To learn more about how we chose the best please consult our FAQ section at the end. Please not the following listings are in no particular order and we are not making any recommendations for any particular company. Central Oceans [&hellip;]<\/p>\n","protected":false},"author":1,"featured_media":0,"parent":13427,"menu_order":0,"comment_status":"open","ping_status":"open","template":"","meta":{"_genesis_hide_title":false,"_genesis_hide_breadcrumbs":false,"_genesis_hide_singular_image":false,"_genesis_hide_footer_widgets":false,"_genesis_custom_body_class":"","_genesis_custom_post_class":"","_genesis_layout":"","footnotes":""},"class_list":{"0":"post-14171","1":"page","2":"type-page","3":"status-publish","5":"entry"},"_links":{"self":[{"href":"https:\/\/moverdb.com\/lv\/wp-json\/wp\/v2\/pages\/14171","targetHints":{"allow":["GET"]}}],"collection":[{"href":"https:\/\/moverdb.com\/lv\/wp-json\/wp\/v2\/pages"}],"about":[{"href":"https:\/\/moverdb.com\/lv\/wp-json\/wp\/v2\/types\/page"}],"author":[{"embeddable":true,"href":"https:\/\/moverdb.com\/lv\/wp-json\/wp\/v2\/users\/1"}],"replies":[{"embeddable":true,"href":"https:\/\/moverdb.com\/lv\/wp-json\/wp\/v2\/comments?post=14171"}],"version-history":[{"count":1,"href":"https:\/\/moverdb.com\/lv\/wp-json\/wp\/v2\/pages\/14171\/revisions"}],"predecessor-version":[{"id":15727,"href":"https:\/\/moverdb.com\/lv\/wp-json\/wp\/v2\/pages\/14171\/revisions\/15727"}],"up":[{"embeddable":true,"href":"https:\/\/moverdb.com\/lv\/wp-json\/wp\/v2\/pages\/13427"}],"wp:attachment":[{"href":"https:\/\/moverdb.com\/lv\/wp-json\/wp\/v2\/media?parent=14171"}],"curies":[{"name":"wp","href":"https:\/\/api.w.org\/{rel}","templated":true}]}}