{"id":14154,"date":"2023-11-08T15:55:01","date_gmt":"2023-11-08T15:55:01","guid":{"rendered":"https:\/\/moverdb.com\/freight-forwarder\/freight-forwarding-uk\/watford-freight-forwarder\/"},"modified":"2026-01-08T14:58:42","modified_gmt":"2026-01-08T14:58:42","slug":"watford-freight-forwarder","status":"publish","type":"page","link":"https:\/\/moverdb.com\/lv\/freight-forwarder\/freight-forwarding-uk\/watford-freight-forwarder\/","title":{"rendered":"2 lab\u0101kie Votfordas kravu eksped\u012bcijas uz\u0146\u0113mumi (2024)"},"content":{"rendered":"<p>Zem\u0101k m\u0113s apl\u016bkojam 2 <em>\"lab\u0101kais\"<\/em> Kravu eksped\u012bcijas uz\u0146\u0113mumi Votford\u0101 no 5.<\/p>\n<p>Lai uzzin\u0101tu vair\u0101k par to, k\u0101 m\u0113s izv\u0113l\u0113j\u0101mies lab\u0101kos, skatiet m\u016bsu FAQ sada\u013cu beig\u0101s.<\/p>\n<p><em>L\u016bdzu, \u0146emiet v\u0113r\u0101, ka turpm\u0101k min\u0113tie saraksti nav sak\u0101rtoti \u012bpa\u0161\u0101 sec\u012bb\u0101 un m\u0113s nesniedzam ieteikumus par k\u0101du konkr\u0113tu uz\u0146\u0113mumu.<\/em><\/p>\n<h2>PFE Express Ltd Gaisa kravu p\u0101rvad\u0101jumi<\/h2>\n<p><img decoding=\"async\" src=\"https:\/\/moverdb.com\/wp-content\/uploads\/thumbnailpanoid6Z88ijra7aClEJMpSfTEKwcb_clientsearch.gws-prod.gpsw408h240yaw182.jpg\" alt='PFE Express Ltd Gaisa kravu p\u0101rvad\u0101jumi' class=\"aligncenter\"><\/p>\n<p><strong>Apraksts no uz\u0146\u0113muma: <\/strong>M\u016bsu specializ\u0113tais gaisa kravu p\u0101rvad\u0101jumu birojs sniedz importa un eksporta gaisa kravu p\u0101rvad\u0101jumu pakalpojumus, izmantojot m\u016bsu ERTS un muitas noliktavas telpas.<\/p>\n<p>M\u016bsu partner\u012bba ar glob\u0101lo aviokomp\u0101niju t\u012bklu pied\u0101v\u0101 garant\u0113tu kapacit\u0101ti ar visiem liel\u0101kajiem p\u0101rvad\u0101t\u0101jiem visos mar\u0161rutos vis\u0101 pasaul\u0113.<\/p>\n<p>Neatkar\u012bgi no t\u0101, vai p\u0101rvietojat steidzamus paraugus, lielus bie\u017eus s\u016bt\u012bjumus vai aizkav\u0113tu ra\u017eo\u0161anu, m\u0113s varam jums pal\u012bdz\u0113t.<\/p>\n<p><strong>Papildu pakalpojumi:<\/strong><\/p>\n<p>Nav iek\u013cauts sarakst\u0101<\/p>\n<p><strong>Adrese:<\/strong> Unit 38, Metro Centre, Tolpits Ln, Northwood, Watford WD18 9SD<\/p>\n<p><a href=\"http:\/\/www.pfe.express\/\" target=\"_new\" rel=\"noopener\">PFE Express Ltd Gaisa kravu p\u0101rvad\u0101jumu t\u012bmek\u013ca vietne<\/a><\/p>\n<p><strong>P\u0101rskata rezult\u0101ts: <\/strong>5<br \/> <strong>Atsauksmes skaits:<\/strong> 1<br \/><a href=\"https:\/\/www.google.co.uk\/maps?cid=4909670748065708817&#038;hl=en&#038;gl=GB\" target=\"_new\" rel=\"noopener\">Las\u012bt atsauksmes<\/a><\/p>\n<h2>Auto Kenya Ltd<\/h2>\n<p><img decoding=\"async\" src=\"https:\/\/moverdb.com\/wp-content\/uploads\/AF1QipM18eOb6otMEnsfpelcj8Q5RQ8xd_KOenRRABx4w648-h240-k-no.jpg\" alt='Auto Kenya Ltd' class=\"aligncenter\"><\/p>\n<p><strong>Apraksts no uz\u0146\u0113muma: <\/strong>Auto <a href=\"https:\/\/moverdb.com\/lv\/moving-companies\/moving-companies-kenya\/\" data-internallinksmanager029f6b8e52c=\"305\" title=\"4 Lab\u0101kie starptautisk\u0101s p\u0101rcel\u0161an\u0101s uz\u0146\u0113mumi Kenij\u0101\">Kenija<\/a> Specializ\u0113jas transportl\u012bdzek\u013cu p\u0101rvad\u0101jumos no <a href=\"https:\/\/moverdb.com\/lv\/moving-to-the-uk\/\" data-internallinksmanager029f6b8e52c=\"93\" title=\"P\u0101rce\u013caties uz Apvienoto Karalisti? 2022 Dz\u012bves izmaksas un p\u0101rcel\u0161an\u0101s padomi\">APVIENOT\u0100 KARALISTE<\/a> uz Mombasu un Dar Es Salamu, kas apkalpo Keniju, Ugandu, Tanz\u0101niju un Dienvidsud\u0101nu.<\/p>\n<p> M\u0113s pied\u0101v\u0101jam bezr\u016bp\u012bgu pieg\u0101des pakalpojumu un organiz\u0113jam sav\u0101k\u0161anu, pirmsnos\u016bt\u012b\u0161anas p\u0101rbaudes, j\u016bras apdro\u0161in\u0101\u0161anu un pieg\u0101di vis\u0101 Apvienotaj\u0101 Karalist\u0113.<\/p>\n<p><strong>Papildu pakalpojumi:<\/strong><\/p>\n<p>Pieg\u0101des pakalpojums<\/p>\n<p><strong>Adrese:<\/strong> Century Court, 5, Tolpits Ln, Northwood, Watford WD18 9PX<\/p>\n<p><a href=\"https:\/\/www.auto-kenya.com\/\" target=\"_new\" rel=\"noopener\">Auto Kenya Ltd t\u012bmek\u013ca vietne<\/a><\/p>\n<p><strong>P\u0101rskata rezult\u0101ts: <\/strong>4.9<br \/> <strong>Atsauksmes skaits:<\/strong> 78<br \/><a href=\"https:\/\/www.google.co.uk\/maps?cid=16378406071416492863&#038;hl=en&#038;gl=GB\" target=\"_new\" rel=\"noopener\">Las\u012bt atsauksmes<\/a><\/p>\n<h2>K\u0101 m\u0113s izv\u0113l\u0113j\u0101mies lab\u0101kos Votfordas kravas eksped\u012bcijas uz\u0146\u0113mumus<\/h2>\n<p>S\u0101k\u0101m ar 5 Votfordas kravu p\u0101rvad\u0101jumu uz\u0146\u0113mumu datu kopu, ko var\u0113j\u0101m atrast, izmantojot Google Maps, un sa\u0161aurin\u0101j\u0101m to l\u012bdz 2 lab\u0101kajiem.<\/p>\n<p>Lai to izdar\u012btu, m\u0113s izsv\u012btroj\u0101m jebkuru uz\u0146\u0113mumu, kas:<\/p>\n<ul>\n<li> Nebija t\u012bmek\u013ca vietnes<\/li>\n<li> Nebija atsauksmju<\/li>\n<li> vid\u0113jais atsauksmju v\u0113rt\u0113jums bija zem\u0101ks par 2,0<\/li>\n<\/ul>\n<p>\u0160aj\u0101 br\u012bd\u012b, ja mums bija 17 vai maz\u0101k ekspeditoru, m\u0113s uzskait\u012bj\u0101m visus.<\/p>\n<p>Pils\u0113t\u0101s, kur\u0101s bija paliku\u0161i vair\u0101k nek\u0101 17 ekspeditori, m\u0113s veic\u0101m turpm\u0101kas korekcijas, vai nu palielinot nepiecie\u0161amo atsauksmju punktu skaitu (piem\u0113ram, no vismaz 2,0 l\u012bdz 4,0), un\/vai palielinot minim\u0101lo nepiecie\u0161amo atsauksmju skaitu (piem\u0113ram, no vismaz 1 atsauksmes l\u012bdz vismaz 10).<\/p>\n<p>\u0145emiet v\u0113r\u0101, ka m\u0113s izmantoj\u0101m tikai p\u0101rskat\u012b\u0161anas datus no Google Maps, nevis cit\u0101m tre\u0161o pu\u0161u vietn\u0113m.<\/p>\n<p>Vair\u0101k pils\u0113tu:<\/p>\n<p><a href=\"https:\/\/moverdb.com\/lv\/kravas-ekspeditors\/freight-forwarding-uk\/romford-freight-forwarder\/\">Romford Kravu ekspeditors<\/a><br \/><a href=\"https:\/\/moverdb.com\/lv\/kravas-ekspeditors\/freight-forwarding-uk\/chelmsford-freight-forwarder\/\">\u010celmsfordas kravas ekspeditors<\/a><br \/><a href=\"https:\/\/moverdb.com\/lv\/kravas-ekspeditors\/freight-forwarding-uk\/brentford-freight-forwarder\/\">Brentfordas kravas ekspeditors<\/a><br \/><a href=\"https:\/\/moverdb.com\/lv\/kravas-ekspeditors\/freight-forwarding-uk\/widnes-freight-forwarder\/\">Widnes Kravu ekspeditors<\/a><br \/><a href=\"https:\/\/moverdb.com\/lv\/kravas-ekspeditors\/freight-forwarding-uk\/runcorn-freight-forwarder\/\">Runcorn Kravu ekspeditors<\/a><\/p>","protected":false},"excerpt":{"rendered":"<p>Below we look at the 2 &#8220;best&#8221; Freight Forwarding companies in Watford out of 5. To learn more about how we chose the best please consult our FAQ section at the end. Please not the following listings are in no particular order and we are not making any recommendations for any particular company. PFE Express [&hellip;]<\/p>\n","protected":false},"author":1,"featured_media":0,"parent":13427,"menu_order":0,"comment_status":"open","ping_status":"open","template":"","meta":{"_genesis_hide_title":false,"_genesis_hide_breadcrumbs":false,"_genesis_hide_singular_image":false,"_genesis_hide_footer_widgets":false,"_genesis_custom_body_class":"","_genesis_custom_post_class":"","_genesis_layout":"","footnotes":""},"class_list":{"0":"post-14154","1":"page","2":"type-page","3":"status-publish","5":"entry"},"_links":{"self":[{"href":"https:\/\/moverdb.com\/lv\/wp-json\/wp\/v2\/pages\/14154","targetHints":{"allow":["GET"]}}],"collection":[{"href":"https:\/\/moverdb.com\/lv\/wp-json\/wp\/v2\/pages"}],"about":[{"href":"https:\/\/moverdb.com\/lv\/wp-json\/wp\/v2\/types\/page"}],"author":[{"embeddable":true,"href":"https:\/\/moverdb.com\/lv\/wp-json\/wp\/v2\/users\/1"}],"replies":[{"embeddable":true,"href":"https:\/\/moverdb.com\/lv\/wp-json\/wp\/v2\/comments?post=14154"}],"version-history":[{"count":1,"href":"https:\/\/moverdb.com\/lv\/wp-json\/wp\/v2\/pages\/14154\/revisions"}],"predecessor-version":[{"id":15755,"href":"https:\/\/moverdb.com\/lv\/wp-json\/wp\/v2\/pages\/14154\/revisions\/15755"}],"up":[{"embeddable":true,"href":"https:\/\/moverdb.com\/lv\/wp-json\/wp\/v2\/pages\/13427"}],"wp:attachment":[{"href":"https:\/\/moverdb.com\/lv\/wp-json\/wp\/v2\/media?parent=14154"}],"curies":[{"name":"wp","href":"https:\/\/api.w.org\/{rel}","templated":true}]}}