{"id":14148,"date":"2023-11-08T15:54:40","date_gmt":"2023-11-08T15:54:40","guid":{"rendered":"https:\/\/moverdb.com\/freight-forwarder\/freight-forwarding-uk\/waltham-abbey-freight-forwarder\/"},"modified":"2026-01-08T14:58:41","modified_gmt":"2026-01-08T14:58:41","slug":"waltham-abbey-freight-forwarder","status":"publish","type":"page","link":"https:\/\/moverdb.com\/lv\/freight-forwarder\/freight-forwarding-uk\/waltham-abbey-freight-forwarder\/","title":{"rendered":"2 lab\u0101kie Waltham Abbey kravu eksped\u012bcijas uz\u0146\u0113mumi (2024)"},"content":{"rendered":"<p>Zem\u0101k m\u0113s apl\u016bkojam 2 <em>\"lab\u0101kais\"<\/em> Kravu eksped\u012bcijas uz\u0146\u0113mumi Waltham Abbey no 2.<\/p>\n<p>Lai uzzin\u0101tu vair\u0101k par to, k\u0101 m\u0113s izv\u0113l\u0113j\u0101mies lab\u0101kos, skatiet m\u016bsu FAQ sada\u013cu beig\u0101s.<\/p>\n<p><em>L\u016bdzu, \u0146emiet v\u0113r\u0101, ka turpm\u0101k min\u0113tie saraksti nav sak\u0101rtoti \u012bpa\u0161\u0101 sec\u012bb\u0101 un m\u0113s nesniedzam ieteikumus par k\u0101du konkr\u0113tu uz\u0146\u0113mumu.<\/em><\/p>\n<h2>Senu Traders Limited<\/h2>\n<p><img decoding=\"async\" src=\"https:\/\/moverdb.com\/wp-content\/uploads\/thumbnailpanoid-Mmr1nTprydMwg_NsaLxQgcb_clientsearch.gws-prod.gpsw408h240yaw77.jpg\" alt='Senu Traders Limited' class=\"aligncenter\"><\/p>\n<p><strong>Apraksts no uz\u0146\u0113muma: <\/strong>M\u0113s esam vado\u0161ais kravu p\u0101rvad\u0101jumu pakalpojumu sniedz\u0113js uz \u0160rilanku un \u0100ziju.<\/p>\n<p> Pareiz\u0101 kurjerpasta pakalpojuma izv\u0113le var rad\u012bt sare\u017e\u0123\u012bjumus, jo \u012bpa\u0161i, ja j\u016bsu s\u016bt\u012bjum\u0101 ir unik\u0101ls vai delik\u0101ts priek\u0161mets.<\/p>\n<p>Kop\u0161 m\u016bsu darb\u012bbas uzs\u0101k\u0161anas 2010. gad\u0101, lai nodro\u0161in\u0101tu augstas v\u0113rt\u012bbas paketes.<\/p>\n<p> J\u016bs varat pa\u013cauties, ka j\u016bsu s\u016bt\u012bjums ir dro\u0161\u0101s rok\u0101s, un m\u0113s nodro\u0161in\u0101sim, ka j\u016bsu s\u016bt\u012bjums galam\u0113r\u0137i sasniegs dro\u0161i un dro\u0161i.<\/p>\n<p><strong>Papildu pakalpojumi:<\/strong><\/p>\n<p>Nav iek\u013cauts sarakst\u0101<\/p>\n<p><strong>Adrese:<\/strong> 40-45 Cartersfield Rd, Londona, Waltham Abbey EN9 1JD<\/p>\n<p><a href=\"https:\/\/senushipping.co.uk\/\" target=\"_new\" rel=\"noopener\">Senu Traders Limited t\u012bmek\u013ca vietne<\/a><\/p>\n<p><strong>P\u0101rskata rezult\u0101ts: <\/strong>3.9<br \/> <strong>Atsauksmes skaits:<\/strong> 75<br \/><a href=\"https:\/\/www.google.co.uk\/maps?cid=14408853306269278432&#038;hl=en&#038;gl=GB\" target=\"_new\" rel=\"noopener\">Las\u012bt atsauksmes<\/a><\/p>\n<h2>Hales Kravu p\u0101rvad\u0101jumi Harlow<\/h2>\n<p><img decoding=\"async\" src=\"https:\/\/moverdb.com\/wp-content\/uploads\/AF1QipPfBoT7WAXCSsswtzdDFYJ36Vr2NTDv2wvBsSSew408-h306-k-no.jpg\" alt='Hales Kravu p\u0101rvad\u0101jumi Harlow' class=\"aligncenter\"><\/p>\n<p><strong>Apraksts no uz\u0146\u0113muma: <\/strong>Ar vair\u0101k nek\u0101 40 gadu pieredzi kravu eksped\u012bcijas, lo\u0123istikas un pale\u0161u pieg\u0101des jom\u0101 uz un no \u0101rvalst\u012bm <a href=\"https:\/\/moverdb.com\/lv\/moving-to-the-uk\/\" data-internallinksmanager029f6b8e52c=\"93\" title=\"P\u0101rce\u013caties uz Apvienoto Karalisti? 2022 Dz\u012bves izmaksas un p\u0101rcel\u0161an\u0101s padomi\">APVIENOT\u0100 KARALISTE<\/a>, <a href=\"https:\/\/moverdb.com\/lv\/moving-to-ireland\/\" data-internallinksmanager029f6b8e52c=\"320\" title=\"P\u0101rcel\u0161an\u0101s uz \u012ariju? 2023 Dz\u012bves izmaksas un p\u0101rcel\u0161an\u0101s padomi\">\u012arija<\/a> un nesen ar\u012b Eirop\u0101, m\u016bsu darbinieki un apkalpo\u0161ana ir nep\u0101rsp\u0113jama \u0101truma, servisa un uzticam\u012bbas zi\u0146\u0101.<\/p>\n<p><strong>Papildu pakalpojumi:<\/strong><\/p>\n<p>Lo\u0123istikas pakalpojumi<\/p>\n<p>Transporta pakalpojumi<\/p>\n<p><strong>Adrese:<\/strong> Peartree Farm, Holyfield Rd, Holyfield, Waltham Abbey EN9 2EW<\/p>\n<p><a href=\"http:\/\/www.halesfreight.com\/\" target=\"_new\" rel=\"noopener\">Hales Freight Harlow t\u012bmek\u013ca vietne<\/a><\/p>\n<p><strong>P\u0101rskata rezult\u0101ts: <\/strong>3.4<br \/> <strong>Atsauksmes skaits:<\/strong> 24<br \/><a href=\"https:\/\/www.google.co.uk\/maps?cid=12479012159934005895&#038;hl=en&#038;gl=GB\" target=\"_new\" rel=\"noopener\">Las\u012bt atsauksmes<\/a><\/p>\n<h2>K\u0101 m\u0113s izv\u0113l\u0113j\u0101mies lab\u0101kos Waltham Abbey kravas eksped\u012bcijas uz\u0146\u0113mumus<\/h2>\n<p>S\u0101k\u0101m ar 2 Waltham Abbey kravu p\u0101rvad\u0101jumu uz\u0146\u0113mumu datu kopu, ko var\u0113j\u0101m atrast, izmantojot Google Maps, un sa\u0161aurin\u0101j\u0101m to l\u012bdz 2 lab\u0101kajiem.<\/p>\n<p>Lai to izdar\u012btu, m\u0113s izsv\u012btroj\u0101m jebkuru uz\u0146\u0113mumu, kas:<\/p>\n<ul>\n<li> Nebija t\u012bmek\u013ca vietnes<\/li>\n<li> Nebija atsauksmju<\/li>\n<li> vid\u0113jais atsauksmju v\u0113rt\u0113jums bija zem\u0101ks par 2,0<\/li>\n<\/ul>\n<p>\u0160aj\u0101 br\u012bd\u012b, ja mums bija 17 vai maz\u0101k ekspeditoru, m\u0113s uzskait\u012bj\u0101m visus.<\/p>\n<p>Pils\u0113t\u0101s, kur\u0101s bija paliku\u0161i vair\u0101k nek\u0101 17 ekspeditori, m\u0113s veic\u0101m turpm\u0101kas korekcijas, vai nu palielinot nepiecie\u0161amo atsauksmju punktu skaitu (piem\u0113ram, no vismaz 2,0 l\u012bdz 4,0), un\/vai palielinot minim\u0101lo nepiecie\u0161amo atsauksmju skaitu (piem\u0113ram, no vismaz 1 atsauksmes l\u012bdz vismaz 10).<\/p>\n<p>\u0145emiet v\u0113r\u0101, ka m\u0113s izmantoj\u0101m tikai p\u0101rskat\u012b\u0161anas datus no Google Maps, nevis cit\u0101m tre\u0161o pu\u0161u vietn\u0113m.<\/p>\n<p>Vair\u0101k pils\u0113tu:<\/p>\n<p><a href=\"https:\/\/moverdb.com\/lv\/kravas-ekspeditors\/freight-forwarding-uk\/rochester-freight-forwarder\/\">Ro\u010desteras kravas ekspeditors<\/a><br \/><a href=\"https:\/\/moverdb.com\/lv\/kravas-ekspeditors\/freight-forwarding-uk\/watford-freight-forwarder\/\">Votfordas kravas ekspeditors<\/a><br \/><a href=\"https:\/\/moverdb.com\/lv\/kravas-ekspeditors\/freight-forwarding-uk\/romford-freight-forwarder\/\">Romford Kravu ekspeditors<\/a><br \/><a href=\"https:\/\/moverdb.com\/lv\/kravas-ekspeditors\/freight-forwarding-uk\/chelmsford-freight-forwarder\/\">\u010celmsfordas kravas ekspeditors<\/a><br \/><a href=\"https:\/\/moverdb.com\/lv\/kravas-ekspeditors\/freight-forwarding-uk\/brentford-freight-forwarder\/\">Brentfordas kravas ekspeditors<\/a><\/p>","protected":false},"excerpt":{"rendered":"<p>Below we look at the 2 &#8220;best&#8221; Freight Forwarding companies in Waltham Abbey out of 2. To learn more about how we chose the best please consult our FAQ section at the end. Please not the following listings are in no particular order and we are not making any recommendations for any particular company. Senu [&hellip;]<\/p>\n","protected":false},"author":1,"featured_media":0,"parent":13427,"menu_order":0,"comment_status":"open","ping_status":"open","template":"","meta":{"_genesis_hide_title":false,"_genesis_hide_breadcrumbs":false,"_genesis_hide_singular_image":false,"_genesis_hide_footer_widgets":false,"_genesis_custom_body_class":"","_genesis_custom_post_class":"","_genesis_layout":"","footnotes":""},"class_list":{"0":"post-14148","1":"page","2":"type-page","3":"status-publish","5":"entry"},"_links":{"self":[{"href":"https:\/\/moverdb.com\/lv\/wp-json\/wp\/v2\/pages\/14148","targetHints":{"allow":["GET"]}}],"collection":[{"href":"https:\/\/moverdb.com\/lv\/wp-json\/wp\/v2\/pages"}],"about":[{"href":"https:\/\/moverdb.com\/lv\/wp-json\/wp\/v2\/types\/page"}],"author":[{"embeddable":true,"href":"https:\/\/moverdb.com\/lv\/wp-json\/wp\/v2\/users\/1"}],"replies":[{"embeddable":true,"href":"https:\/\/moverdb.com\/lv\/wp-json\/wp\/v2\/comments?post=14148"}],"version-history":[{"count":1,"href":"https:\/\/moverdb.com\/lv\/wp-json\/wp\/v2\/pages\/14148\/revisions"}],"predecessor-version":[{"id":15754,"href":"https:\/\/moverdb.com\/lv\/wp-json\/wp\/v2\/pages\/14148\/revisions\/15754"}],"up":[{"embeddable":true,"href":"https:\/\/moverdb.com\/lv\/wp-json\/wp\/v2\/pages\/13427"}],"wp:attachment":[{"href":"https:\/\/moverdb.com\/lv\/wp-json\/wp\/v2\/media?parent=14148"}],"curies":[{"name":"wp","href":"https:\/\/api.w.org\/{rel}","templated":true}]}}