{"id":14139,"date":"2023-11-08T15:54:40","date_gmt":"2023-11-08T15:54:40","guid":{"rendered":"https:\/\/moverdb.com\/freight-forwarder\/freight-forwarding-uk\/loughborough-freight-forwarder\/"},"modified":"2026-01-08T14:58:08","modified_gmt":"2026-01-08T14:58:08","slug":"loughborough-freight-forwarder","status":"publish","type":"page","link":"https:\/\/moverdb.com\/lv\/freight-forwarder\/freight-forwarding-uk\/loughborough-freight-forwarder\/","title":{"rendered":"2 lab\u0101kie Loughborough kravu eksped\u012bcijas uz\u0146\u0113mumi (2024)"},"content":{"rendered":"<p>Zem\u0101k m\u0113s apl\u016bkojam 2 <em>\"lab\u0101kais\"<\/em> Kravu eksped\u012bcijas uz\u0146\u0113mumi Loughborough no 3.<\/p>\n<p>Lai uzzin\u0101tu vair\u0101k par to, k\u0101 m\u0113s izv\u0113l\u0113j\u0101mies lab\u0101kos, skatiet m\u016bsu FAQ sada\u013cu beig\u0101s.<\/p>\n<p><em>L\u016bdzu, \u0146emiet v\u0113r\u0101, ka turpm\u0101k min\u0113tie saraksti nav sak\u0101rtoti \u012bpa\u0161\u0101 sec\u012bb\u0101 un m\u0113s nesniedzam ieteikumus par k\u0101du konkr\u0113tu uz\u0146\u0113mumu.<\/em><\/p>\n<h2>Orbital Direct Ltd<\/h2>\n<p><img decoding=\"async\" src=\"https:\/\/moverdb.com\/wp-content\/uploads\/AF1QipOv7AzGL603FEjagNwo5bbMC5M_2qmbF5UrHVsw408-h270-k-no.jpg\" alt='Orbital Direct Ltd' class=\"aligncenter\"><\/p>\n<p><strong>Apraksts no uz\u0146\u0113muma: <\/strong>Nav sniegts<\/p>\n<p><strong>Papildu pakalpojumi:<\/strong><\/p>\n<p>Kurjerpasts<\/p>\n<p>Pieg\u0101des uz\u0146\u0113mums<\/p>\n<p><strong>Adrese:<\/strong> North Rd, Loughborough LE11 1LE<\/p>\n<p><a href=\"http:\/\/www.orbital-direct.com\/\" target=\"_new\" rel=\"noopener\">Orbital Direct Ltd t\u012bmek\u013ca vietne<\/a><\/p>\n<p><strong>P\u0101rskata rezult\u0101ts: <\/strong>4.6<br \/> <strong>Atsauksmes skaits:<\/strong> 8<br \/><a href=\"https:\/\/www.google.co.uk\/maps?cid=11430576735657838734&#038;hl=en&#038;gl=GB\" target=\"_new\" rel=\"noopener\">Las\u012bt atsauksmes<\/a><\/p>\n<h2>J P A Freight Ltd<\/h2>\n<p><img decoding=\"async\" src=\"https:\/\/moverdb.com\/wp-content\/uploads\/AF1QipMOMC_xqfh1xkVrt6byUDMOa6lekOeGNkODQmY7w408-h306-k-no.jpg\" alt='J P A Freight Ltd' class=\"aligncenter\"><\/p>\n<p><strong>Apraksts no uz\u0146\u0113muma: <\/strong>JPA Freight Ltd sniedz pieg\u0101des pakalpojumus vis\u0101 Eirop\u0101 no jebkuras valsts uz jebkuru valsti visos iesp\u0113jamos virzienos.<\/p>\n<p> Varat zvan\u012bt pa t\u0101lruni <a href=\"https:\/\/moverdb.com\/lv\/moving-to-the-united-states\/\" data-internallinksmanager029f6b8e52c=\"94\" title=\"P\u0101rce\u013caties uz Amerikas Savienotaj\u0101m Valst\u012bm? 2022 Dz\u012bves izmaksas un p\u0101rcel\u0161an\u0101s padomi\">mums<\/a> 24\/7 steidzamiem darbiem.<\/p>\n<p> M\u0113s varam nodro\u0161in\u0101t ar\u012b muito\u0161anu <a href=\"https:\/\/moverdb.com\/lv\/moving-to-the-uk\/\" data-internallinksmanager029f6b8e52c=\"93\" title=\"P\u0101rce\u013caties uz Apvienoto Karalisti? 2022 Dz\u012bves izmaksas un p\u0101rcel\u0161an\u0101s padomi\">APVIENOT\u0100 KARALISTE<\/a> un ES.<\/p>\n<p> M\u0113s ar prieku pied\u0101v\u0101sim jums jebk\u0101da veida transporta\/p\u0101rv\u0101k\u0161an\u0101s pakalpojumus.<\/p>\n<p><strong>Papildu pakalpojumi:<\/strong><\/p>\n<p>Kurjerpasts<\/p>\n<p>Muitas brokeris<\/p>\n<p>Importa eksporta uz\u0146\u0113mums<\/p>\n<p><a href=\"https:\/\/moverdb.com\/lv\/international-removals\/\" data-internallinksmanager029f6b8e52c=\"27\" title=\"36 Lab\u0101kie starptautisko p\u0101rvad\u0101jumu uz\u0146\u0113mumi Apvienotaj\u0101 Karalist\u0113\">P\u0101rcel\u0161an\u0101s uz\u0146\u0113mums<\/a><\/p>\n<p>P\u0101rvad\u0101jumu ar sald\u0113tavu pakalpojums<\/p>\n<p>Pieg\u0101des uz\u0146\u0113mums<\/p>\n<p>Transporta pakalpojumi<\/p>\n<p><strong>Adrese:<\/strong> 93 Burder St, Loughborough LE11 1JJ<\/p>\n<p><a href=\"https:\/\/www.freight-forwarder.uk\/\" target=\"_new\" rel=\"noopener\">J P A Freight Ltd t\u012bmek\u013ca vietne<\/a><\/p>\n<p><strong>P\u0101rskata rezult\u0101ts: <\/strong>4.2<br \/> <strong>Atsauksmes skaits:<\/strong> 5<br \/><a href=\"https:\/\/www.google.co.uk\/maps?cid=10859077469393633564&#038;hl=en&#038;gl=GB\" target=\"_new\" rel=\"noopener\">Las\u012bt atsauksmes<\/a><\/p>\n<h2>K\u0101 m\u0113s izv\u0113l\u0113j\u0101mies lab\u0101kos Loughborough kravas eksped\u012bcijas uz\u0146\u0113mumus<\/h2>\n<p>S\u0101k\u0101m ar datu kopu, kur\u0101 bija 3 Loughborough kravu p\u0101rvad\u0101jumu uz\u0146\u0113mumi, kurus var\u0113j\u0101m atrast, izmantojot Google Maps, un sa\u0161aurin\u0101j\u0101m to skaitu l\u012bdz 2 lab\u0101kajiem.<\/p>\n<p>Lai to izdar\u012btu, m\u0113s izsv\u012btroj\u0101m jebkuru uz\u0146\u0113mumu, kas:<\/p>\n<ul>\n<li> Nebija t\u012bmek\u013ca vietnes<\/li>\n<li> Nebija atsauksmju<\/li>\n<li> vid\u0113jais atsauksmju v\u0113rt\u0113jums bija zem\u0101ks par 2,0<\/li>\n<\/ul>\n<p>\u0160aj\u0101 br\u012bd\u012b, ja mums bija 17 vai maz\u0101k ekspeditoru, m\u0113s uzskait\u012bj\u0101m visus.<\/p>\n<p>Pils\u0113t\u0101s, kur\u0101s bija paliku\u0161i vair\u0101k nek\u0101 17 ekspeditori, m\u0113s veic\u0101m turpm\u0101kas korekcijas, vai nu palielinot nepiecie\u0161amo atsauksmju punktu skaitu (piem\u0113ram, no vismaz 2,0 l\u012bdz 4,0), un\/vai palielinot minim\u0101lo nepiecie\u0161amo atsauksmju skaitu (piem\u0113ram, no vismaz 1 atsauksmes l\u012bdz vismaz 10).<\/p>\n<p>\u0145emiet v\u0113r\u0101, ka m\u0113s izmantoj\u0101m tikai p\u0101rskat\u012b\u0161anas datus no Google Maps, nevis cit\u0101m tre\u0161o pu\u0161u vietn\u0113m.<\/p>\n<p>Vair\u0101k pils\u0113tu:<\/p>\n<p><a href=\"https:\/\/moverdb.com\/lv\/kravas-ekspeditors\/freight-forwarding-uk\/ashby-de-la-zouch-freight-forwarder\/\">Ashby-de-la-Zouch Kravu ekspeditors<\/a><br \/><a href=\"https:\/\/moverdb.com\/lv\/kravas-ekspeditors\/freight-forwarding-uk\/rochdale-freight-forwarder\/\">Rochdale Kravu ekspeditors<\/a><br \/><a href=\"https:\/\/moverdb.com\/lv\/kravas-ekspeditors\/freight-forwarding-uk\/waltham-abbey-freight-forwarder\/\">Waltham Abbey Kravu ekspeditors<\/a><br \/><a href=\"https:\/\/moverdb.com\/lv\/kravas-ekspeditors\/freight-forwarding-uk\/rochester-freight-forwarder\/\">Ro\u010desteras kravas ekspeditors<\/a><br \/><a href=\"https:\/\/moverdb.com\/lv\/kravas-ekspeditors\/freight-forwarding-uk\/watford-freight-forwarder\/\">Votfordas kravas ekspeditors<\/a><\/p>","protected":false},"excerpt":{"rendered":"<p>Below we look at the 2 &#8220;best&#8221; Freight Forwarding companies in Loughborough out of 3. To learn more about how we chose the best please consult our FAQ section at the end. Please not the following listings are in no particular order and we are not making any recommendations for any particular company. Orbital Direct [&hellip;]<\/p>\n","protected":false},"author":1,"featured_media":0,"parent":13427,"menu_order":0,"comment_status":"open","ping_status":"open","template":"","meta":{"_genesis_hide_title":false,"_genesis_hide_breadcrumbs":false,"_genesis_hide_singular_image":false,"_genesis_hide_footer_widgets":false,"_genesis_custom_body_class":"","_genesis_custom_post_class":"","_genesis_layout":"","footnotes":""},"class_list":{"0":"post-14139","1":"page","2":"type-page","3":"status-publish","5":"entry"},"_links":{"self":[{"href":"https:\/\/moverdb.com\/lv\/wp-json\/wp\/v2\/pages\/14139","targetHints":{"allow":["GET"]}}],"collection":[{"href":"https:\/\/moverdb.com\/lv\/wp-json\/wp\/v2\/pages"}],"about":[{"href":"https:\/\/moverdb.com\/lv\/wp-json\/wp\/v2\/types\/page"}],"author":[{"embeddable":true,"href":"https:\/\/moverdb.com\/lv\/wp-json\/wp\/v2\/users\/1"}],"replies":[{"embeddable":true,"href":"https:\/\/moverdb.com\/lv\/wp-json\/wp\/v2\/comments?post=14139"}],"version-history":[{"count":1,"href":"https:\/\/moverdb.com\/lv\/wp-json\/wp\/v2\/pages\/14139\/revisions"}],"predecessor-version":[{"id":15726,"href":"https:\/\/moverdb.com\/lv\/wp-json\/wp\/v2\/pages\/14139\/revisions\/15726"}],"up":[{"embeddable":true,"href":"https:\/\/moverdb.com\/lv\/wp-json\/wp\/v2\/pages\/13427"}],"wp:attachment":[{"href":"https:\/\/moverdb.com\/lv\/wp-json\/wp\/v2\/media?parent=14139"}],"curies":[{"name":"wp","href":"https:\/\/api.w.org\/{rel}","templated":true}]}}