{"id":14107,"date":"2023-11-08T15:54:40","date_gmt":"2023-11-08T15:54:40","guid":{"rendered":"https:\/\/moverdb.com\/freight-forwarder\/freight-forwarding-uk\/burntwood-freight-forwarder\/"},"modified":"2026-01-08T14:55:57","modified_gmt":"2026-01-08T14:55:57","slug":"burntwood-freight-forwarder","status":"publish","type":"page","link":"https:\/\/moverdb.com\/lv\/freight-forwarder\/freight-forwarding-uk\/burntwood-freight-forwarder\/","title":{"rendered":"2 lab\u0101kie Burntvudas kravu eksped\u012bcijas uz\u0146\u0113mumi (2024)"},"content":{"rendered":"<p>Zem\u0101k m\u0113s apl\u016bkojam 2 <em>\"lab\u0101kais\"<\/em> Kravu eksped\u012bcijas uz\u0146\u0113mumi Burntvud\u0101 no 3.<\/p>\n<p>Lai uzzin\u0101tu vair\u0101k par to, k\u0101 m\u0113s izv\u0113l\u0113j\u0101mies lab\u0101kos, skatiet m\u016bsu FAQ sada\u013cu beig\u0101s.<\/p>\n<p><em>L\u016bdzu, \u0146emiet v\u0113r\u0101, ka turpm\u0101k min\u0113tie saraksti nav sak\u0101rtoti \u012bpa\u0161\u0101 sec\u012bb\u0101 un m\u0113s nesniedzam ieteikumus par k\u0101du konkr\u0113tu uz\u0146\u0113mumu.<\/em><\/p>\n<h2>Espace Europe Kravu ekspeditori<\/h2>\n<p><img decoding=\"async\" src=\"https:\/\/moverdb.com\/wp-content\/uploads\/AF1QipPpgB30xdOP3akbAjFx7dwqzfHkVsoV07XVd7Xmw446-h240-k-no.jpg\" alt='Espace Europe Kravu ekspeditori' class=\"aligncenter\"><\/p>\n<p><strong>Apraksts no uz\u0146\u0113muma: <\/strong>Espace ir godalgotu vietu ieguvu\u0161i, darbiniekiem piedero\u0161i kravu p\u0101rvad\u0101jumu speci\u0101listi ar labi att\u012bst\u012btu <a href=\"https:\/\/moverdb.com\/lv\/moving-to-the-uk\/\" data-internallinksmanager029f6b8e52c=\"93\" title=\"P\u0101rce\u013caties uz Apvienoto Karalisti? 2022 Dz\u012bves izmaksas un p\u0101rcel\u0161an\u0101s padomi\">APVIENOT\u0100 KARALISTE<\/a>, Eiropas un pasaules m\u0113roga t\u012bkls.<\/p>\n<p> Izmantojot savus vado\u0161os steidzam\u0101s steidzam\u0101s steidzam\u0101s pal\u012bdz\u012bbas, autotransporta, gaisa un j\u016bras p\u0101rvad\u0101jumu pakalpojumus, m\u0113s saviem klientiem pied\u0101v\u0101jam uz v\u0113rt\u012bbu orient\u0113tus pieg\u0101des \u0137\u0113des risin\u0101jumus, koncentr\u0113joties gan uz cenu, gan uz pakalpojumu l\u012bmeni.<\/p>\n<p> M\u016bsu kvalific\u0113tu kravu p\u0101rvad\u0101jumu operatoru komanda, kas jau ilgus gadus str\u0101d\u0101, ir uztic\u012bga m\u016bsu klientu pras\u012bb\u0101m.<\/p>\n<p> M\u0113s esam vien\u012bgais kravu p\u0101rvad\u0101jumu uz\u0146\u0113mums, kas pied\u0101v\u0101 naudas atmaksas garantiju standarta kravu p\u0101rvad\u0101jumiem.<\/p>\n<p> Espace ir veiksm\u012bgs un cien\u012bjams eksped\u012bcijas uz\u0146\u0113mums, kas ir uztic\u012bgs sav\u0101m v\u0113rt\u012bb\u0101m.<\/p>\n<p><strong>Papildu pakalpojumi:<\/strong><\/p>\n<p>Kurjerpasts<\/p>\n<p>Pieg\u0101des uz\u0146\u0113mums<\/p>\n<p>Transporta pakalpojumi<\/p>\n<p><strong>Adrese:<\/strong> 5, Newlands Court, Attwood Rd, Burntwood WS7 3GF<\/p>\n<p><a href=\"https:\/\/www.espaceglobalfreight.com\/\" target=\"_new\" rel=\"noopener\">Espace Europe Freight Forwarders t\u012bmek\u013ca vietne<\/a><\/p>\n<p><strong>P\u0101rskata rezult\u0101ts: <\/strong>4.9<br \/> <strong>Atsauksmes skaits:<\/strong> 34<br \/><a href=\"https:\/\/www.google.co.uk\/maps?cid=10863475497294295640&#038;hl=en&#038;gl=GB\" target=\"_new\" rel=\"noopener\">Las\u012bt atsauksmes<\/a><\/p>\n<h2>World Cargo Logistics Limited<\/h2>\n<p><img decoding=\"async\" src=\"https:\/\/moverdb.com\/wp-content\/uploads\/thumbnailpanoidqzNItEmnCV8WvtqPVgNLYAcb_clientsearch.gws-prod.gpsw408h240yaw20.jpg\" alt='World Cargo Logistics Limited' class=\"aligncenter\"><\/p>\n<p><strong>Apraksts no uz\u0146\u0113muma: <\/strong>World Cargo Logistics ir Lielbrit\u0101nijas priv\u0101ts uz\u0146\u0113mums, kas kop\u0161 2000. gada sniedz kravu p\u0101rvad\u0101jumu pakalpojumus vis\u0101 pasaul\u0113.<\/p>\n<p>Ar 8 birojiem vis\u0101 valst\u012b m\u0113s esam viens no vado\u0161ajiem kravu ekspeditoriem Apvienotaj\u0101 Karalist\u0113, tom\u0113r joproj\u0101m sniedzam \u013coti personiskus pakalpojumus.<\/p>\n<p><strong>Papildu pakalpojumi:<\/strong><\/p>\n<p>Pieg\u0101des uz\u0146\u0113mums<\/p>\n<p><strong>Adrese:<\/strong> Spear House, Cobbett Rd, Chase Terrace, Burntwood WS7 3GL<\/p>\n<p><a href=\"http:\/\/worldcargologistics.co.uk\/\" target=\"_new\" rel=\"noopener\">World Cargo Logistics Limited t\u012bmek\u013ca vietne<\/a><\/p>\n<p><strong>P\u0101rskata rezult\u0101ts: <\/strong>5<br \/> <strong>Atsauksmes skaits:<\/strong> 2<br \/><a href=\"https:\/\/www.google.co.uk\/maps?cid=14132311081089606715&#038;hl=en&#038;gl=GB\" target=\"_new\" rel=\"noopener\">Las\u012bt atsauksmes<\/a><\/p>\n<h2>K\u0101 m\u0113s izv\u0113l\u0113j\u0101mies lab\u0101kos Burntvudas kravas eksped\u012bcijas uz\u0146\u0113mumus<\/h2>\n<p>S\u0101k\u0101m ar 3 Burntvudas kravu p\u0101rvad\u0101jumu uz\u0146\u0113mumu datu kopu, ko var\u0113j\u0101m atrast, izmantojot Google Maps, un sa\u0161aurin\u0101j\u0101m to l\u012bdz 2 lab\u0101kajiem.<\/p>\n<p>Lai to izdar\u012btu, m\u0113s izsv\u012btroj\u0101m jebkuru uz\u0146\u0113mumu, kas:<\/p>\n<ul>\n<li> Nebija t\u012bmek\u013ca vietnes<\/li>\n<li> Nebija atsauksmju<\/li>\n<li> vid\u0113jais atsauksmju v\u0113rt\u0113jums bija zem\u0101ks par 2,0<\/li>\n<\/ul>\n<p>\u0160aj\u0101 br\u012bd\u012b, ja mums bija 17 vai maz\u0101k ekspeditoru, m\u0113s uzskait\u012bj\u0101m visus.<\/p>\n<p>Pils\u0113t\u0101s, kur\u0101s bija paliku\u0161i vair\u0101k nek\u0101 17 ekspeditori, m\u0113s veic\u0101m turpm\u0101kas korekcijas, vai nu palielinot nepiecie\u0161amo atsauksmju punktu skaitu (piem\u0113ram, no vismaz 2,0 l\u012bdz 4,0), un\/vai palielinot minim\u0101lo nepiecie\u0161amo atsauksmju skaitu (piem\u0113ram, no vismaz 1 atsauksmes l\u012bdz vismaz 10).<\/p>\n<p>\u0145emiet v\u0113r\u0101, ka m\u0113s izmantoj\u0101m tikai p\u0101rskat\u012b\u0161anas datus no Google Maps, nevis cit\u0101m tre\u0161o pu\u0161u vietn\u0113m.<\/p>\n<p>Vair\u0101k pils\u0113tu:<\/p>\n<p><a href=\"https:\/\/moverdb.com\/lv\/kravas-ekspeditors\/freight-forwarding-uk\/prescot-freight-forwarder\/\">Prescot Kravu ekspeditors<\/a><br \/><a href=\"https:\/\/moverdb.com\/lv\/kravas-ekspeditors\/freight-forwarding-uk\/bury-saint-edmunds-freight-forwarder\/\">Bury Saint Edmunds Kravu ekspeditors<\/a><br \/><a href=\"https:\/\/moverdb.com\/lv\/kravas-ekspeditors\/freight-forwarding-uk\/denny-freight-forwarder\/\">Denijs Kravu ekspeditors<\/a><br \/><a href=\"https:\/\/moverdb.com\/lv\/kravas-ekspeditors\/freight-forwarding-uk\/bordon-freight-forwarder\/\">Bordon Kravu ekspeditors<\/a><br \/><a href=\"https:\/\/moverdb.com\/lv\/kravas-ekspeditors\/freight-forwarding-uk\/pudsey-freight-forwarder\/\">Pudsija Kravu ekspeditors<\/a><\/p>","protected":false},"excerpt":{"rendered":"<p>Below we look at the 2 &#8220;best&#8221; Freight Forwarding companies in Burntwood out of 3. To learn more about how we chose the best please consult our FAQ section at the end. Please not the following listings are in no particular order and we are not making any recommendations for any particular company. Espace Europe [&hellip;]<\/p>\n","protected":false},"author":1,"featured_media":0,"parent":13427,"menu_order":0,"comment_status":"open","ping_status":"open","template":"","meta":{"_genesis_hide_title":false,"_genesis_hide_breadcrumbs":false,"_genesis_hide_singular_image":false,"_genesis_hide_footer_widgets":false,"_genesis_custom_body_class":"","_genesis_custom_post_class":"","_genesis_layout":"","footnotes":""},"class_list":{"0":"post-14107","1":"page","2":"type-page","3":"status-publish","5":"entry"},"_links":{"self":[{"href":"https:\/\/moverdb.com\/lv\/wp-json\/wp\/v2\/pages\/14107","targetHints":{"allow":["GET"]}}],"collection":[{"href":"https:\/\/moverdb.com\/lv\/wp-json\/wp\/v2\/pages"}],"about":[{"href":"https:\/\/moverdb.com\/lv\/wp-json\/wp\/v2\/types\/page"}],"author":[{"embeddable":true,"href":"https:\/\/moverdb.com\/lv\/wp-json\/wp\/v2\/users\/1"}],"replies":[{"embeddable":true,"href":"https:\/\/moverdb.com\/lv\/wp-json\/wp\/v2\/comments?post=14107"}],"version-history":[{"count":1,"href":"https:\/\/moverdb.com\/lv\/wp-json\/wp\/v2\/pages\/14107\/revisions"}],"predecessor-version":[{"id":15707,"href":"https:\/\/moverdb.com\/lv\/wp-json\/wp\/v2\/pages\/14107\/revisions\/15707"}],"up":[{"embeddable":true,"href":"https:\/\/moverdb.com\/lv\/wp-json\/wp\/v2\/pages\/13427"}],"wp:attachment":[{"href":"https:\/\/moverdb.com\/lv\/wp-json\/wp\/v2\/media?parent=14107"}],"curies":[{"name":"wp","href":"https:\/\/api.w.org\/{rel}","templated":true}]}}