{"id":14072,"date":"2023-11-08T15:54:18","date_gmt":"2023-11-08T15:54:18","guid":{"rendered":"https:\/\/moverdb.com\/freight-forwarder\/freight-forwarding-uk\/uxbridge-freight-forwarder\/"},"modified":"2026-01-08T14:58:39","modified_gmt":"2026-01-08T14:58:39","slug":"uxbridge-freight-forwarder","status":"publish","type":"page","link":"https:\/\/moverdb.com\/lv\/freight-forwarder\/freight-forwarding-uk\/uxbridge-freight-forwarder\/","title":{"rendered":"2 lab\u0101kie Uksbrid\u017eas kravu eksped\u012bcijas uz\u0146\u0113mumi (2024)"},"content":{"rendered":"<p>Zem\u0101k m\u0113s apl\u016bkojam 2 <em>\"lab\u0101kais\"<\/em> Kravu eksped\u012bcijas uz\u0146\u0113mumi Uksbrid\u017e\u0101 no 8.<\/p>\n<p>Lai uzzin\u0101tu vair\u0101k par to, k\u0101 m\u0113s izv\u0113l\u0113j\u0101mies lab\u0101kos, skatiet m\u016bsu FAQ sada\u013cu beig\u0101s.<\/p>\n<p><em>L\u016bdzu, \u0146emiet v\u0113r\u0101, ka turpm\u0101k min\u0113tie saraksti nav sak\u0101rtoti \u012bpa\u0161\u0101 sec\u012bb\u0101 un m\u0113s nesniedzam ieteikumus par k\u0101du konkr\u0113tu uz\u0146\u0113mumu.<\/em><\/p>\n<h2>Havi Global Solutions<\/h2>\n<p><img decoding=\"async\" src=\"https:\/\/moverdb.com\/wp-content\/uploads\/thumbnailpanoid96OeTMuMMFlijN9ZOQC7YAcb_clientsearch.gws-prod.gpsw408h240yaw146.jpg\" alt='Havi Global Solutions' class=\"aligncenter\"><\/p>\n<p><strong>Apraksts no uz\u0146\u0113muma: <\/strong>Nav sniegts<\/p>\n<p><strong>Papildu pakalpojumi:<\/strong><\/p>\n<p>Nav iek\u013cauts sarakst\u0101<\/p>\n<p><strong>Adrese:<\/strong> Furzeground Way, Hayes, Uxbridge UB11 1BY<\/p>\n<p><a href=\"http:\/\/www.havigs.com\/\" target=\"_new\" rel=\"noopener\">Havi Global Solutions t\u012bmek\u013ca vietne<\/a><\/p>\n<p><strong>P\u0101rskata rezult\u0101ts: <\/strong>5<br \/> <strong>Atsauksmes skaits:<\/strong> 1<br \/><a href=\"https:\/\/www.google.co.uk\/maps?cid=6663446714020542271&#038;hl=en&#038;gl=GB\" target=\"_new\" rel=\"noopener\">Las\u012bt atsauksmes<\/a><\/p>\n<h2>Pack and Go UK<\/h2>\n<p><img decoding=\"async\" src=\"https:\/\/moverdb.com\/wp-content\/uploads\/AF1QipPZ_D9lQYK6wBzefMYZXZX7yN2mlnbOP2OhbOzdw408-h306-k-no.jpg\" alt='Pack and Go UK' class=\"aligncenter\"><\/p>\n<p><strong>Apraksts no uz\u0146\u0113muma: <\/strong>Pack &amp; Go pied\u0101v\u0101 risin\u0101jumus ar <a href=\"https:\/\/moverdb.com\/lv\/international-removals\/\" data-internallinksmanager029f6b8e52c=\"27\" title=\"36 Lab\u0101kie starptautisko p\u0101rvad\u0101jumu uz\u0146\u0113mumi Apvienotaj\u0101 Karalist\u0113\">starptautisk\u0101 p\u0101rcel\u0161an\u0101s<\/a> un p\u0101rcel\u0161an\u0101s pakalpojumus vis\u0101 pasaul\u0113 kop\u0161 1992. gada.<\/p>\n<p>Ar viet\u0113jiem speci\u0101listiem vis\u0101 Eirop\u0101, Amerik\u0101 un strat\u0113\u0123iski izvietotu glob\u0101lo t\u012bklu, m\u016bsu pan\u0101kumi <a href=\"https:\/\/moverdb.com\/lv\/moving-to-the-uk\/\" data-internallinksmanager029f6b8e52c=\"93\" title=\"P\u0101rce\u013caties uz Apvienoto Karalisti? 2022 Dz\u012bves izmaksas un p\u0101rcel\u0161an\u0101s padomi\">APVIENOT\u0100 KARALISTE<\/a> un starptautisko p\u0101rcel\u0161anos, pateicoties m\u016bsu lielajai pieredzei un uzticamo pakalpojumu kl\u0101sta kvalit\u0101tei.<\/p>\n<p>A Pack &amp; Go fornece solu\u00c3\u00a7\u00c3\u00b5es com remo\u00c3\u00a7\u00c3\u00b5es internacionais e servi\u00c3\u00a7os de realoca\u00c3\u00a7\u00c3\u00a3o <a href=\"https:\/\/moverdb.com\/lv\/eurovan-movers\/\" data-internallinksmanager029f6b8e52c=\"14\" title=\"Paskaidrots Eurovan Starptautiskais P\u0101rv\u0101c\u0113ju t\u012bkls (EM)\">em<\/a> todo o mundo no 1992. gada.<\/p>\n<p>Com especialistas locais em toda a Europa, Am\u00c3\u00a9ricas e uma rede global estrategicamente localizada, nosso sucesso em remo\u00c3\u00a7\u00c3\u00b5es no Reino Unido e internacionais se deve \u00c3 nossa ampla experi\u00c3\u00aancia e \u00c3 qualidade de nossa gama de servi\u00c3\u00a7os confi\u00c3\u2032veis.<\/p>\n<p><strong>Papildu pakalpojumi:<\/strong><\/p>\n<p>P\u0101rcel\u0161an\u0101s uz\u0146\u0113mums<\/p>\n<p>Pieg\u0101des pakalpojums<\/p>\n<p>Transporta pakalpojumi<\/p>\n<p><strong>Adrese:<\/strong> Unit C, Enterprise House Tomo Industrial Estate, Packet Boat Ln, Cowley, Uxbridge UB8 2JP<\/p>\n<p><a href=\"http:\/\/www.packandgo.co.uk\/\" target=\"_new\" rel=\"noopener\">Pack and Go UK t\u012bmek\u013ca vietne<\/a><\/p>\n<p><strong>P\u0101rskata rezult\u0101ts: <\/strong>4.6<br \/> <strong>Atsauksmes skaits:<\/strong> 150<br \/><a href=\"https:\/\/www.google.co.uk\/maps?cid=9471743115519837085&#038;hl=en&#038;gl=GB\" target=\"_new\" rel=\"noopener\">Las\u012bt atsauksmes<\/a><\/p>\n<h2>K\u0101 m\u0113s izv\u0113l\u0113j\u0101mies lab\u0101kos Uksbrid\u017eas kravas eksped\u012bcijas uz\u0146\u0113mumus<\/h2>\n<p>S\u0101k\u0101m ar datu kopu, kur\u0101 bija 8 Uksbrid\u017eas kravu p\u0101rvad\u0101jumu uz\u0146\u0113mumi, kurus var\u0113j\u0101m atrast, izmantojot Google Maps, un sa\u0161aurin\u0101j\u0101m to skaitu l\u012bdz 2 lab\u0101kajiem.<\/p>\n<p>Lai to izdar\u012btu, m\u0113s izsv\u012btroj\u0101m jebkuru uz\u0146\u0113mumu, kas:<\/p>\n<ul>\n<li> Nebija t\u012bmek\u013ca vietnes<\/li>\n<li> Nebija atsauksmju<\/li>\n<li> vid\u0113jais atsauksmju v\u0113rt\u0113jums bija zem\u0101ks par 2,0<\/li>\n<\/ul>\n<p>\u0160aj\u0101 br\u012bd\u012b, ja mums bija 17 vai maz\u0101k ekspeditoru, m\u0113s uzskait\u012bj\u0101m visus.<\/p>\n<p>Pils\u0113t\u0101s, kur\u0101s bija paliku\u0161i vair\u0101k nek\u0101 17 ekspeditori, m\u0113s veic\u0101m turpm\u0101kas korekcijas, vai nu palielinot nepiecie\u0161amo atsauksmju punktu skaitu (piem\u0113ram, no vismaz 2,0 l\u012bdz 4,0), un\/vai palielinot minim\u0101lo nepiecie\u0161amo atsauksmju skaitu (piem\u0113ram, no vismaz 1 atsauksmes l\u012bdz vismaz 10).<\/p>\n<p>\u0145emiet v\u0113r\u0101, ka m\u0113s izmantoj\u0101m tikai p\u0101rskat\u012b\u0161anas datus no Google Maps, nevis cit\u0101m tre\u0161o pu\u0161u vietn\u0113m.<\/p>\n<p>Vair\u0101k pils\u0113tu:<\/p>\n<p><a href=\"https:\/\/moverdb.com\/lv\/kravas-ekspeditors\/freight-forwarding-uk\/leyland-freight-forwarder\/\">Leyland kravas ekspeditors<\/a><br \/><a href=\"https:\/\/moverdb.com\/lv\/kravas-ekspeditors\/freight-forwarding-uk\/cheadle-freight-forwarder\/\">Cheadle Kravu ekspeditors<\/a><br \/><a href=\"https:\/\/moverdb.com\/lv\/kravas-ekspeditors\/freight-forwarding-uk\/oldbury-freight-forwarder\/\">Oldbury Kravu ekspeditors<\/a><br \/><a href=\"https:\/\/moverdb.com\/lv\/kravas-ekspeditors\/freight-forwarding-uk\/chertsey-freight-forwarder\/\">Chertsey Kravu ekspeditors<\/a><br \/><a href=\"https:\/\/moverdb.com\/lv\/kravas-ekspeditors\/freight-forwarding-uk\/huntingdon-freight-forwarder\/\">Hantingdonas kravas ekspeditors<\/a><\/p>","protected":false},"excerpt":{"rendered":"<p>Below we look at the 2 &#8220;best&#8221; Freight Forwarding companies in Uxbridge out of 8. To learn more about how we chose the best please consult our FAQ section at the end. Please not the following listings are in no particular order and we are not making any recommendations for any particular company. Havi Global [&hellip;]<\/p>\n","protected":false},"author":1,"featured_media":0,"parent":13427,"menu_order":0,"comment_status":"open","ping_status":"open","template":"","meta":{"_genesis_hide_title":false,"_genesis_hide_breadcrumbs":false,"_genesis_hide_singular_image":false,"_genesis_hide_footer_widgets":false,"_genesis_custom_body_class":"","_genesis_custom_post_class":"","_genesis_layout":"","footnotes":""},"class_list":{"0":"post-14072","1":"page","2":"type-page","3":"status-publish","5":"entry"},"_links":{"self":[{"href":"https:\/\/moverdb.com\/lv\/wp-json\/wp\/v2\/pages\/14072","targetHints":{"allow":["GET"]}}],"collection":[{"href":"https:\/\/moverdb.com\/lv\/wp-json\/wp\/v2\/pages"}],"about":[{"href":"https:\/\/moverdb.com\/lv\/wp-json\/wp\/v2\/types\/page"}],"author":[{"embeddable":true,"href":"https:\/\/moverdb.com\/lv\/wp-json\/wp\/v2\/users\/1"}],"replies":[{"embeddable":true,"href":"https:\/\/moverdb.com\/lv\/wp-json\/wp\/v2\/comments?post=14072"}],"version-history":[{"count":1,"href":"https:\/\/moverdb.com\/lv\/wp-json\/wp\/v2\/pages\/14072\/revisions"}],"predecessor-version":[{"id":15752,"href":"https:\/\/moverdb.com\/lv\/wp-json\/wp\/v2\/pages\/14072\/revisions\/15752"}],"up":[{"embeddable":true,"href":"https:\/\/moverdb.com\/lv\/wp-json\/wp\/v2\/pages\/13427"}],"wp:attachment":[{"href":"https:\/\/moverdb.com\/lv\/wp-json\/wp\/v2\/media?parent=14072"}],"curies":[{"name":"wp","href":"https:\/\/api.w.org\/{rel}","templated":true}]}}