{"id":14046,"date":"2023-11-08T15:54:18","date_gmt":"2023-11-08T15:54:18","guid":{"rendered":"https:\/\/moverdb.com\/freight-forwarder\/freight-forwarding-uk\/hockley-freight-forwarder\/"},"modified":"2026-01-08T14:56:10","modified_gmt":"2026-01-08T14:56:10","slug":"hockley-freight-forwarder","status":"publish","type":"page","link":"https:\/\/moverdb.com\/lv\/freight-forwarder\/freight-forwarding-uk\/hockley-freight-forwarder\/","title":{"rendered":"2 lab\u0101kie Hockley kravas eksped\u012bcijas uz\u0146\u0113mumi (2024)"},"content":{"rendered":"<p>Zem\u0101k m\u0113s apl\u016bkojam 2 <em>\"lab\u0101kais\"<\/em> Kravu eksped\u012bcijas uz\u0146\u0113mumi Hockley no 2.<\/p>\n<p>Lai uzzin\u0101tu vair\u0101k par to, k\u0101 m\u0113s izv\u0113l\u0113j\u0101mies lab\u0101kos, skatiet m\u016bsu FAQ sada\u013cu beig\u0101s.<\/p>\n<p><em>L\u016bdzu, \u0146emiet v\u0113r\u0101, ka turpm\u0101k min\u0113tie saraksti nav sak\u0101rtoti \u012bpa\u0161\u0101 sec\u012bb\u0101 un m\u0113s nesniedzam ieteikumus par k\u0101du konkr\u0113tu uz\u0146\u0113mumu.<\/em><\/p>\n<h2>RJS Shipping Ltd<\/h2>\n<p><img decoding=\"async\" src=\"https:\/\/moverdb.com\/wp-content\/uploads\/AF1QipMi5UsDM0iopamtQA_oDrTN3sIzJtxxsTP9rw60w1280-h240-k-no.jpg\" alt='RJS Shipping Ltd' class=\"aligncenter\"><\/p>\n<p><strong>Apraksts no uz\u0146\u0113muma: <\/strong>Pamatojoties uz <a href=\"https:\/\/moverdb.com\/lv\/moving-to-the-uk\/\" data-internallinksmanager029f6b8e52c=\"93\" title=\"P\u0101rce\u013caties uz Apvienoto Karalisti? 2022 Dz\u012bves izmaksas un p\u0101rcel\u0161an\u0101s padomi\">APVIENOT\u0100 KARALISTE<\/a>, RJS Shipping Ltd ir profesion\u0101ls kravas eksped\u012bcijas uz\u0146\u0113mums, kas pied\u0101v\u0101 visu kravu p\u0101rvad\u0101jumus vis\u0101 pasaul\u0113 un specializ\u0113jas treileru, kemperu un transportl\u012bdzek\u013cu p\u0101rvad\u0101jumos.<\/p>\n<p>Izmantojot 15 gadu pieredzi lo\u0123istikas nozar\u0113, RJS Shipping ir izveidojis ilgsto\u0161as un uzticamas attiec\u012bbas gan ar ku\u0123niec\u012bbas l\u012bnij\u0101m, gan ar galvenajiem nozares pieg\u0101d\u0101t\u0101jiem, kas \u013cauj. <a href=\"https:\/\/moverdb.com\/lv\/moving-to-the-united-states\/\" data-internallinksmanager029f6b8e52c=\"94\" title=\"P\u0101rce\u013caties uz Amerikas Savienotaj\u0101m Valst\u012bm? 2022 Dz\u012bves izmaksas un p\u0101rcel\u0161an\u0101s padomi\">mums<\/a> lai vienotos par vislab\u0101kajiem iesp\u0113jamajiem tarifiem j\u016bsu s\u016bt\u012bjuma importam vai eksportam.<\/p>\n<p> M\u016bsu pla\u0161\u0101s zin\u0101\u0161anas \u013cauj mums sniegt klientiem nenov\u0113rt\u0113jamas konsult\u0101cijas un padomus pirms kravas p\u0101rvad\u0101\u0161anas.<\/p>\n<p>Neatkar\u012bgi no t\u0101, vai tas ir vienreiz\u0113js s\u016bt\u012bjums vai ilgtermi\u0146a l\u012bgums par regul\u0101riem s\u016bt\u012bjumiem, RJS Shipping Ltd pied\u0101v\u0101 jums profesion\u0101lu un personisku apkalpo\u0161anu.<\/p>\n<p><strong>Papildu pakalpojumi:<\/strong><\/p>\n<p>Importa eksporta uz\u0146\u0113mums<\/p>\n<p>Lo\u0123istikas pakalpojumi<\/p>\n<p>Pieg\u0101des uz\u0146\u0113mums<\/p>\n<p>Pieg\u0101des pakalpojums<\/p>\n<p>Transportl\u012bdzek\u013cu eksport\u0113t\u0101js<\/p>\n<p><strong>Adrese:<\/strong> 3 The Hylands, Hockley SS5 4PP<\/p>\n<p><a href=\"https:\/\/www.rjsshipping.com\/\" target=\"_new\" rel=\"noopener\">RJS Shipping Ltd t\u012bmek\u013ca vietne<\/a><\/p>\n<p><strong>P\u0101rskata rezult\u0101ts: <\/strong>5<br \/> <strong>Atsauksmes skaits:<\/strong> 5<br \/><a href=\"https:\/\/www.google.co.uk\/maps?cid=3454828561771062453&#038;hl=en&#038;gl=GB\" target=\"_new\" rel=\"noopener\">Las\u012bt atsauksmes<\/a><\/p>\n<h2>FLH Transport Ltd<\/h2>\n<p><img decoding=\"async\" src=\"https:\/\/moverdb.com\/wp-content\/uploads\/thumbnailpanoidpJcqrOsZqbwLRTqSCc6fbwcb_clientsearch.gws-prod.gpsw408h240yaw335.jpg\" alt='FLH Transport Ltd' class=\"aligncenter\"><\/p>\n<p><strong>Apraksts no uz\u0146\u0113muma: <\/strong>Kravu eksped\u012bcijas pakalpojumi vis\u0101 valst\u012b<\/p>\n<p><strong>Papildu pakalpojumi:<\/strong><\/p>\n<p>Kurjerpasts<\/p>\n<p><strong>Adrese:<\/strong> 2 Belvedere Ave, Hockley SS5 4UL<\/p>\n<p><a href=\"http:\/\/www.flhtransport.com\/\" target=\"_new\" rel=\"noopener\">FLH Transport Ltd t\u012bmek\u013ca vietne<\/a><\/p>\n<p><strong>P\u0101rskata rezult\u0101ts: <\/strong>5<br \/> <strong>Atsauksmes skaits:<\/strong> 2<br \/><a href=\"https:\/\/www.google.co.uk\/maps?cid=4157664211208922319&#038;hl=en&#038;gl=GB\" target=\"_new\" rel=\"noopener\">Las\u012bt atsauksmes<\/a><\/p>\n<h2>K\u0101 m\u0113s izv\u0113l\u0113j\u0101mies lab\u0101kos Hockley kravu p\u0101rvad\u0101jumu uz\u0146\u0113mumus<\/h2>\n<p>M\u0113s s\u0101k\u0101m ar 2 Hoklijas kravu p\u0101rvad\u0101jumu uz\u0146\u0113mumu datu kopu, ko var\u0113j\u0101m atrast, izmantojot Google Maps, un sa\u0161aurin\u0101j\u0101m to l\u012bdz 2 lab\u0101kajiem.<\/p>\n<p>Lai to izdar\u012btu, m\u0113s izsv\u012btroj\u0101m jebkuru uz\u0146\u0113mumu, kas:<\/p>\n<ul>\n<li> Nebija t\u012bmek\u013ca vietnes<\/li>\n<li> Nebija atsauksmju<\/li>\n<li> vid\u0113jais atsauksmju v\u0113rt\u0113jums bija zem\u0101ks par 2,0<\/li>\n<\/ul>\n<p>\u0160aj\u0101 br\u012bd\u012b, ja mums bija 17 vai maz\u0101k ekspeditoru, m\u0113s uzskait\u012bj\u0101m visus.<\/p>\n<p>Pils\u0113t\u0101s, kur\u0101s bija paliku\u0161i vair\u0101k nek\u0101 17 ekspeditori, m\u0113s veic\u0101m turpm\u0101kas korekcijas, vai nu palielinot nepiecie\u0161amo atsauksmju punktu skaitu (piem\u0113ram, no vismaz 2,0 l\u012bdz 4,0), un\/vai palielinot minim\u0101lo nepiecie\u0161amo atsauksmju skaitu (piem\u0113ram, no vismaz 1 atsauksmes l\u012bdz vismaz 10).<\/p>\n<p>\u0145emiet v\u0113r\u0101, ka m\u0113s izmantoj\u0101m tikai p\u0101rskat\u012b\u0161anas datus no Google Maps, nevis cit\u0101m tre\u0161o pu\u0161u vietn\u0113m.<\/p>\n<p>Vair\u0101k pils\u0113tu:<\/p>\n<p><a href=\"https:\/\/moverdb.com\/lv\/kravas-ekspeditors\/freight-forwarding-uk\/fareham-freight-forwarder\/\">Farehemas kravas ekspeditors<\/a><br \/><a href=\"https:\/\/moverdb.com\/lv\/kravas-ekspeditors\/freight-forwarding-uk\/normanton-freight-forwarder\/\">Normantonas kravas ekspeditors<\/a><br \/><a href=\"https:\/\/moverdb.com\/lv\/kravas-ekspeditors\/freight-forwarding-uk\/solihull-freight-forwarder\/\">Solihull Kravu ekspeditors<\/a><br \/><a href=\"https:\/\/moverdb.com\/lv\/kravas-ekspeditors\/freight-forwarding-uk\/cleckheaton-freight-forwarder\/\">Klekheitonas kravas ekspeditors<\/a><br \/><a href=\"https:\/\/moverdb.com\/lv\/kravas-ekspeditors\/freight-forwarding-uk\/stanford-le-hope-freight-forwarder\/\">Stanford-le-Hope kravas ekspeditors<\/a><\/p>","protected":false},"excerpt":{"rendered":"<p>Below we look at the 2 &#8220;best&#8221; Freight Forwarding companies in Hockley out of 2. To learn more about how we chose the best please consult our FAQ section at the end. Please not the following listings are in no particular order and we are not making any recommendations for any particular company. RJS Shipping [&hellip;]<\/p>\n","protected":false},"author":1,"featured_media":0,"parent":13427,"menu_order":0,"comment_status":"open","ping_status":"open","template":"","meta":{"_genesis_hide_title":false,"_genesis_hide_breadcrumbs":false,"_genesis_hide_singular_image":false,"_genesis_hide_footer_widgets":false,"_genesis_custom_body_class":"","_genesis_custom_post_class":"","_genesis_layout":"","footnotes":""},"class_list":{"0":"post-14046","1":"page","2":"type-page","3":"status-publish","5":"entry"},"_links":{"self":[{"href":"https:\/\/moverdb.com\/lv\/wp-json\/wp\/v2\/pages\/14046","targetHints":{"allow":["GET"]}}],"collection":[{"href":"https:\/\/moverdb.com\/lv\/wp-json\/wp\/v2\/pages"}],"about":[{"href":"https:\/\/moverdb.com\/lv\/wp-json\/wp\/v2\/types\/page"}],"author":[{"embeddable":true,"href":"https:\/\/moverdb.com\/lv\/wp-json\/wp\/v2\/users\/1"}],"replies":[{"embeddable":true,"href":"https:\/\/moverdb.com\/lv\/wp-json\/wp\/v2\/comments?post=14046"}],"version-history":[{"count":1,"href":"https:\/\/moverdb.com\/lv\/wp-json\/wp\/v2\/pages\/14046\/revisions"}],"predecessor-version":[{"id":15720,"href":"https:\/\/moverdb.com\/lv\/wp-json\/wp\/v2\/pages\/14046\/revisions\/15720"}],"up":[{"embeddable":true,"href":"https:\/\/moverdb.com\/lv\/wp-json\/wp\/v2\/pages\/13427"}],"wp:attachment":[{"href":"https:\/\/moverdb.com\/lv\/wp-json\/wp\/v2\/media?parent=14046"}],"curies":[{"name":"wp","href":"https:\/\/api.w.org\/{rel}","templated":true}]}}