{"id":14040,"date":"2023-11-08T15:54:18","date_gmt":"2023-11-08T15:54:18","guid":{"rendered":"https:\/\/moverdb.com\/freight-forwarder\/freight-forwarding-uk\/newport-freight-forwarder\/"},"modified":"2026-01-08T14:58:12","modified_gmt":"2026-01-08T14:58:12","slug":"newport-freight-forwarder","status":"publish","type":"page","link":"https:\/\/moverdb.com\/lv\/freight-forwarder\/freight-forwarding-uk\/newport-freight-forwarder\/","title":{"rendered":"2 lab\u0101kie \u0145\u016bportas kravu eksped\u012bcijas uz\u0146\u0113mumi (2024)"},"content":{"rendered":"<p>Zem\u0101k m\u0113s apl\u016bkojam 2 <em>\"lab\u0101kais\"<\/em> Kravu eksped\u012bcijas uz\u0146\u0113mumi \u0145\u016bport\u0101 no 7.<\/p>\n<p>Lai uzzin\u0101tu vair\u0101k par to, k\u0101 m\u0113s izv\u0113l\u0113j\u0101mies lab\u0101kos, skatiet m\u016bsu FAQ sada\u013cu beig\u0101s.<\/p>\n<p><em>L\u016bdzu, \u0146emiet v\u0113r\u0101, ka turpm\u0101k min\u0113tie saraksti nav sak\u0101rtoti \u012bpa\u0161\u0101 sec\u012bb\u0101 un m\u0113s nesniedzam ieteikumus par k\u0101du konkr\u0113tu uz\u0146\u0113mumu.<\/em><\/p>\n<h2>GP Logistics Ltd \u0145\u016bport\u0101<\/h2>\n<p><img decoding=\"async\" src=\"https:\/\/moverdb.com\/wp-content\/uploads\/thumbnailpanoidseKIloYPo-hY9hlq5dRCjAcb_clientsearch.gws-prod.gpsw408h240yaw47.jpg\" alt='GP Logistics Ltd \u0145\u016bport\u0101' class=\"aligncenter\"><\/p>\n<p><strong>Apraksts no uz\u0146\u0113muma: <\/strong>Neatkar\u012bgi eksped\u012bcijas un projektu ku\u0123niec\u012bbas risin\u0101jumi<\/p>\n<p>L\u016bdzu, \u0146emiet v\u0113r\u0101, ka m\u0113s nesniedzam pieg\u0101des pakalpojumus mazumtirgot\u0101jiem vai tie\u0161saistes vietn\u0113m.<\/p>\n<p> Ir uz\u0146\u0113mums ar l\u012bdz\u012bgu nosaukumu (GP Logistic Services) k\u0101 m\u016bsu uz\u0146\u0113mums, ta\u010du mums ar to nav nek\u0101da sakara.<\/p>\n<p><strong>Papildu pakalpojumi:<\/strong><\/p>\n<p>Nav iek\u013cauts sarakst\u0101<\/p>\n<p><strong>Adrese:<\/strong> IMPERIAL PARK, GCELL Building, S Lake Dr, Newport NP10 8AS<\/p>\n<p><a href=\"http:\/\/www.gp-logistics.co.uk\/\" target=\"_new\" rel=\"noopener\">GP Logistics Ltd Newport t\u012bmek\u013ca vietne<\/a><\/p>\n<p><strong>P\u0101rskata rezult\u0101ts: <\/strong>2.1<br \/> <strong>Atsauksmes skaits:<\/strong> 11<br \/><a href=\"https:\/\/www.google.co.uk\/maps?cid=2722381763954114553&#038;hl=en&#038;gl=GB\" target=\"_new\" rel=\"noopener\">Las\u012bt atsauksmes<\/a><\/p>\n<h2>JP lo\u0123istikas risin\u0101jumi<\/h2>\n<p><img decoding=\"async\" src=\"https:\/\/moverdb.com\/wp-content\/uploads\/AF1QipM7e4r0SFYerNAzLb-NTiaFmEo3aS1l25DhFGTw477-h240-k-no.png\" alt='JP lo\u0123istikas risin\u0101jumi' class=\"aligncenter\"><\/p>\n<p><strong>Apraksts no uz\u0146\u0113muma: <\/strong>JP Shipping Services Limited ir <a href=\"https:\/\/moverdb.com\/lv\/moving-to-the-uk\/\" data-internallinksmanager029f6b8e52c=\"93\" title=\"P\u0101rce\u013caties uz Apvienoto Karalisti? 2022 Dz\u012bves izmaksas un p\u0101rcel\u0161an\u0101s padomi\">APVIENOT\u0100 KARALISTE<\/a> re\u0123istr\u0113ts uz\u0146\u0113mums un lo\u0123istikas noda\u013ca jau sen izveidota <a href=\"https:\/\/moverdb.com\/lv\/moving-companies\/moving-companies-jamaica\/\" data-internallinksmanager029f6b8e52c=\"310\" title=\"2 Lab\u0101kie starptautisk\u0101s p\u0101rcel\u0161an\u0101s uz\u0146\u0113mumi Jamaik\u0101\">Jamaika<\/a> Producers Group, kuras v\u0113sture aizs\u0101k\u0101s 1929. gad\u0101.<\/p>\n<p> S\u0101kotn\u0113ji dibin\u0101ta, lai apmierin\u0101tu Jamaikas ban\u0101nu nozares vajadz\u012bbas p\u0113c ku\u0123niec\u012bbas un lo\u0123istikas atbalsta Apvienotaj\u0101 Karalist\u0113, t\u0101 gadu gait\u0101 ir izmantojusi \u0161o pieredzi, lai att\u012bst\u012btu un papla\u0161in\u0101tu savu darb\u012bbu.<\/p>\n<p>JP Shipping Services \u013coti lepojas ar savu Kar\u012bbu j\u016bras re\u0123iona mantojumu, kas aizs\u0101k\u0101s jau 1930. gados.<\/p>\n<p> Lai gan tagad m\u016bsu galven\u0101 m\u012btne atrodas Apvienotaj\u0101 Karalist\u0113, m\u0113s joproj\u0101m piederam Kar\u012bbu j\u016bras re\u0123iona valst\u012bm un esam da\u013ca no JP Group LTD, kas atrodas Kingston\u0101, Jamaik\u0101.<\/p>\n<p><strong>Papildu pakalpojumi:<\/strong><\/p>\n<p>Kurjerpasts<\/p>\n<p>Muitas brokeris<\/p>\n<p>Izplat\u012b\u0161anas pakalpojums<\/p>\n<p>Lo\u0123istikas pakalpojumi<\/p>\n<p>Pieg\u0101des pakalpojums<\/p>\n<p>Noliktava<\/p>\n<p><strong>Adrese:<\/strong> ABP galven\u0101 \u0113ka (dienvidu ieeja), Alexandra Dock, Newport NP20 2NP<\/p>\n<p><a href=\"http:\/\/www.jpshipping.co.uk\/\" target=\"_new\" rel=\"noopener\">JP Logistics Solutions t\u012bmek\u013ca vietne<\/a><\/p>\n<p><strong>P\u0101rskata rezult\u0101ts: <\/strong>5<br \/> <strong>Atsauksmes skaits:<\/strong> 1<br \/><a href=\"https:\/\/www.google.co.uk\/maps?cid=2500320586524155374&#038;hl=en&#038;gl=GB\" target=\"_new\" rel=\"noopener\">Las\u012bt atsauksmes<\/a><\/p>\n<h2>K\u0101 m\u0113s izv\u0113l\u0113j\u0101mies lab\u0101kos Newport kravu p\u0101rvad\u0101jumu uz\u0146\u0113mumus<\/h2>\n<p>S\u0101k\u0101m ar 7 \u0145\u016bportas kravu p\u0101rvad\u0101jumu uz\u0146\u0113mumu datu kopu, ko var\u0113j\u0101m atrast, izmantojot Google Maps, un sa\u0161aurin\u0101j\u0101m to l\u012bdz 2 lab\u0101kajiem.<\/p>\n<p>Lai to izdar\u012btu, m\u0113s izsv\u012btroj\u0101m jebkuru uz\u0146\u0113mumu, kas:<\/p>\n<ul>\n<li> Nebija t\u012bmek\u013ca vietnes<\/li>\n<li> Nebija atsauksmju<\/li>\n<li> vid\u0113jais atsauksmju v\u0113rt\u0113jums bija zem\u0101ks par 2,0<\/li>\n<\/ul>\n<p>\u0160aj\u0101 br\u012bd\u012b, ja mums bija 17 vai maz\u0101k ekspeditoru, m\u0113s uzskait\u012bj\u0101m visus.<\/p>\n<p>Pils\u0113t\u0101s, kur\u0101s bija paliku\u0161i vair\u0101k nek\u0101 17 ekspeditori, m\u0113s veic\u0101m turpm\u0101kas korekcijas, vai nu palielinot nepiecie\u0161amo atsauksmju punktu skaitu (piem\u0113ram, no vismaz 2,0 l\u012bdz 4,0), un\/vai palielinot minim\u0101lo nepiecie\u0161amo atsauksmju skaitu (piem\u0113ram, no vismaz 1 atsauksmes l\u012bdz vismaz 10).<\/p>\n<p>\u0145emiet v\u0113r\u0101, ka m\u0113s izmantoj\u0101m tikai p\u0101rskat\u012b\u0161anas datus no Google Maps, nevis cit\u0101m tre\u0161o pu\u0161u vietn\u0113m.<\/p>\n<p>Vair\u0101k pils\u0113tu:<\/p>\n<p><a href=\"https:\/\/moverdb.com\/lv\/kravas-ekspeditors\/freight-forwarding-uk\/wembley-freight-forwarder\/\">Wembley Kravu ekspeditors<\/a><br \/><a href=\"https:\/\/moverdb.com\/lv\/kravas-ekspeditors\/freight-forwarding-uk\/hockley-freight-forwarder\/\">Hockley Freight Forwarder<\/a><br \/><a href=\"https:\/\/moverdb.com\/lv\/kravas-ekspeditors\/freight-forwarding-uk\/fareham-freight-forwarder\/\">Farehemas kravas ekspeditors<\/a><br \/><a href=\"https:\/\/moverdb.com\/lv\/kravas-ekspeditors\/freight-forwarding-uk\/normanton-freight-forwarder\/\">Normantonas kravas ekspeditors<\/a><br \/><a href=\"https:\/\/moverdb.com\/lv\/kravas-ekspeditors\/freight-forwarding-uk\/solihull-freight-forwarder\/\">Solihull Kravu ekspeditors<\/a><\/p>","protected":false},"excerpt":{"rendered":"<p>Below we look at the 2 &#8220;best&#8221; Freight Forwarding companies in Newport out of 7. To learn more about how we chose the best please consult our FAQ section at the end. Please not the following listings are in no particular order and we are not making any recommendations for any particular company. GP Logistics [&hellip;]<\/p>\n","protected":false},"author":1,"featured_media":0,"parent":13427,"menu_order":0,"comment_status":"open","ping_status":"open","template":"","meta":{"_genesis_hide_title":false,"_genesis_hide_breadcrumbs":false,"_genesis_hide_singular_image":false,"_genesis_hide_footer_widgets":false,"_genesis_custom_body_class":"","_genesis_custom_post_class":"","_genesis_layout":"","footnotes":""},"class_list":{"0":"post-14040","1":"page","2":"type-page","3":"status-publish","5":"entry"},"_links":{"self":[{"href":"https:\/\/moverdb.com\/lv\/wp-json\/wp\/v2\/pages\/14040","targetHints":{"allow":["GET"]}}],"collection":[{"href":"https:\/\/moverdb.com\/lv\/wp-json\/wp\/v2\/pages"}],"about":[{"href":"https:\/\/moverdb.com\/lv\/wp-json\/wp\/v2\/types\/page"}],"author":[{"embeddable":true,"href":"https:\/\/moverdb.com\/lv\/wp-json\/wp\/v2\/users\/1"}],"replies":[{"embeddable":true,"href":"https:\/\/moverdb.com\/lv\/wp-json\/wp\/v2\/comments?post=14040"}],"version-history":[{"count":1,"href":"https:\/\/moverdb.com\/lv\/wp-json\/wp\/v2\/pages\/14040\/revisions"}],"predecessor-version":[{"id":15730,"href":"https:\/\/moverdb.com\/lv\/wp-json\/wp\/v2\/pages\/14040\/revisions\/15730"}],"up":[{"embeddable":true,"href":"https:\/\/moverdb.com\/lv\/wp-json\/wp\/v2\/pages\/13427"}],"wp:attachment":[{"href":"https:\/\/moverdb.com\/lv\/wp-json\/wp\/v2\/media?parent=14040"}],"curies":[{"name":"wp","href":"https:\/\/api.w.org\/{rel}","templated":true}]}}