{"id":14023,"date":"2023-11-08T15:53:54","date_gmt":"2023-11-08T15:53:54","guid":{"rendered":"https:\/\/moverdb.com\/freight-forwarder\/freight-forwarding-uk\/middlesex-freight-forwarder\/"},"modified":"2026-01-08T14:58:10","modified_gmt":"2026-01-08T14:58:10","slug":"middlesex-freight-forwarder","status":"publish","type":"page","link":"https:\/\/moverdb.com\/lv\/freight-forwarder\/freight-forwarding-uk\/middlesex-freight-forwarder\/","title":{"rendered":"2 lab\u0101kie Middlesex kravas eksped\u012bcijas uz\u0146\u0113mumi (2024)"},"content":{"rendered":"<p>Zem\u0101k m\u0113s apl\u016bkojam 2 <em>\"lab\u0101kais\"<\/em> Kravu eksped\u012bcijas uz\u0146\u0113mumi Middlesex no 5.<\/p>\n<p>Lai uzzin\u0101tu vair\u0101k par to, k\u0101 m\u0113s izv\u0113l\u0113j\u0101mies lab\u0101kos, skatiet m\u016bsu FAQ sada\u013cu beig\u0101s.<\/p>\n<p><em>L\u016bdzu, \u0146emiet v\u0113r\u0101, ka turpm\u0101k min\u0113tie saraksti nav sak\u0101rtoti \u012bpa\u0161\u0101 sec\u012bb\u0101 un m\u0113s nesniedzam ieteikumus par k\u0101du konkr\u0113tu uz\u0146\u0113mumu.<\/em><\/p>\n<h2>J J Freight Solutions Ltd<\/h2>\n<p><img decoding=\"async\" src=\"https:\/\/moverdb.com\/wp-content\/uploads\/AF1QipPvOqLphcc66DJrQp8oQRalNsN9f2KZCrDFOcWew494-h240-k-no.jpg\" alt='J J Freight Solutions Ltd' class=\"aligncenter\"><\/p>\n<p><strong>Apraksts no uz\u0146\u0113muma: <\/strong>JJ Freight ir uz\u0146\u0113mums, kas ir k\u013cuvis par vienu no vado\u0161ajiem pretendentiem liek\u0101s bag\u0101\u017eas un starptautisko p\u0101rvad\u0101jumu nozar\u0113.<\/p>\n<p> M\u016bsu uz\u0146\u0113mums var organiz\u0113t \u012bpa\u0161nieka iepakotu pre\u010du transport\u0113\u0161anu no durv\u012bm l\u012bdz durv\u012bm pa j\u016bru, gaisu vai autoce\u013ciem vis\u0101 pasaul\u0113, un l\u012bdz pat \u0161ai dienai tas joproj\u0101m ir \u0161\u012b tirgus speci\u0101lists.<\/p>\n<p>M\u0113s specializ\u0113jamies s\u016bt\u012bjumu p\u0101rvad\u0101jumos, s\u0101kot ar person\u012bgaj\u0101m mant\u0101m un m\u0101jdz\u012bvniekiem un beidzot ar automa\u0161\u012bn\u0101m, motocikliem u. c., nodro\u0161inot, ka visi priek\u0161meti tiek dro\u0161i iepakoti un galam\u0113r\u0137i sasniedz laikus.<\/p>\n<p><strong>Papildu pakalpojumi:<\/strong><\/p>\n<p>Kurjerpasts<\/p>\n<p>Importa eksporta uz\u0146\u0113mums<\/p>\n<p>Iepakojuma pieg\u0101des veikals<\/p>\n<p>Pieg\u0101des uz\u0146\u0113mums<\/p>\n<p>Pieg\u0101des pakalpojums<\/p>\n<p>Transporta pakalpojumi<\/p>\n<p>Transportl\u012bdzek\u013cu eksport\u0113t\u0101js<\/p>\n<p><strong>Adrese:<\/strong> 60. vien\u012bba, <a href=\"https:\/\/moverdb.com\/lv\/moving-to-phoenix\/\" data-internallinksmanager029f6b8e52c=\"62\" title=\"P\u0101rcel\u0161an\u0101s uz F\u012bniksu? 2022 Dz\u012bves izmaksas un p\u0101rcel\u0161an\u0101s padomi\">Phoenix<\/a> Distribution Park, Phoenix Way, Heston, Middlesex TW5 9NB<\/p>\n<p><a href=\"http:\/\/www.jjfreight.co.uk\/\" target=\"_new\" rel=\"noopener\">J J Freight Solutions Ltd t\u012bmek\u013ca vietne<\/a><\/p>\n<p><strong>P\u0101rskata rezult\u0101ts: <\/strong>4.8<br \/> <strong>Atsauksmes skaits:<\/strong> 4<br \/><a href=\"https:\/\/www.google.co.uk\/maps?cid=17068642107029710430&#038;hl=en&#038;gl=GB\" target=\"_new\" rel=\"noopener\">Las\u012bt atsauksmes<\/a><\/p>\n<h2>Gaisa atbalsta pakalpojumi<\/h2>\n<p><img decoding=\"async\" src=\"\" alt=\"Gaisa atbalsta pakalpojumi\" class=\"aligncenter\"><\/p>\n<p><strong>Apraksts no uz\u0146\u0113muma: <\/strong>Nav sniegts<\/p>\n<p><strong>Papildu pakalpojumi:<\/strong><\/p>\n<p>Recruiter<\/p>\n<p><strong>Adrese:<\/strong> Northumberland Close, 1st Floor Westpoint, Stanwell, Middlesex TW19 7LN<\/p>\n<p><a href=\"http:\/\/airuk.net\/\" target=\"_new\" rel=\"noopener\">Gaisa atbalsta dienestu t\u012bmek\u013ca vietne<\/a><\/p>\n<p><strong>P\u0101rskata rezult\u0101ts: <\/strong>4.5<br \/> <strong>Atsauksmes skaits:<\/strong> 8<br \/><a href=\"https:\/\/www.google.co.uk\/maps?cid=501882555168221795&#038;hl=en&#038;gl=GB\" target=\"_new\" rel=\"noopener\">Las\u012bt atsauksmes<\/a><\/p>\n<h2>K\u0101 m\u0113s izv\u0113l\u0113j\u0101mies lab\u0101kos Middlesex kravas eksped\u012bcijas uz\u0146\u0113mumus<\/h2>\n<p>S\u0101k\u0101m ar datu kopu, kur\u0101 bija 5 Middlesex kravu p\u0101rvad\u0101jumu uz\u0146\u0113mumi, kurus var\u0113j\u0101m atrast, izmantojot Google Maps, un sa\u0161aurin\u0101j\u0101m to skaitu l\u012bdz 2 lab\u0101kajiem.<\/p>\n<p>Lai to izdar\u012btu, m\u0113s izsv\u012btroj\u0101m jebkuru uz\u0146\u0113mumu, kas:<\/p>\n<ul>\n<li> Nebija t\u012bmek\u013ca vietnes<\/li>\n<li> Nebija atsauksmju<\/li>\n<li> vid\u0113jais atsauksmju v\u0113rt\u0113jums bija zem\u0101ks par 2,0<\/li>\n<\/ul>\n<p>\u0160aj\u0101 br\u012bd\u012b, ja mums bija 17 vai maz\u0101k ekspeditoru, m\u0113s uzskait\u012bj\u0101m visus.<\/p>\n<p>Pils\u0113t\u0101s, kur\u0101s bija paliku\u0161i vair\u0101k nek\u0101 17 ekspeditori, m\u0113s veic\u0101m turpm\u0101kas korekcijas, vai nu palielinot nepiecie\u0161amo atsauksmju punktu skaitu (piem\u0113ram, no vismaz 2,0 l\u012bdz 4,0), un\/vai palielinot minim\u0101lo nepiecie\u0161amo atsauksmju skaitu (piem\u0113ram, no vismaz 1 atsauksmes l\u012bdz vismaz 10).<\/p>\n<p>\u0145emiet v\u0113r\u0101, ka m\u0113s izmantoj\u0101m tikai p\u0101rskat\u012b\u0161anas datus no Google Maps, nevis cit\u0101m tre\u0161o pu\u0161u vietn\u0113m.<\/p>\n<p>Vair\u0101k pils\u0113tu:<\/p>\n<p><a href=\"https:\/\/moverdb.com\/lv\/kravas-ekspeditors\/freight-forwarding-uk\/wisbech-freight-forwarder\/\">Wisbech Kravu ekspeditors<\/a><br \/><a href=\"https:\/\/moverdb.com\/lv\/kravas-ekspeditors\/freight-forwarding-uk\/east-cowes-freight-forwarder\/\">East Cowes Kravu ekspeditors<\/a><br \/><a href=\"https:\/\/moverdb.com\/lv\/kravas-ekspeditors\/freight-forwarding-uk\/bury-freight-forwarder\/\">Bury Kravu ekspeditors<\/a><br \/><a href=\"https:\/\/moverdb.com\/lv\/kravas-ekspeditors\/freight-forwarding-uk\/newcastle-upon-tyne-freight-forwarder\/\">Kravu ekspeditors \u0145\u016bk\u0101sl\u0101 pie Tainas<\/a><br \/><a href=\"https:\/\/moverdb.com\/lv\/kravas-ekspeditors\/freight-forwarding-uk\/great-yarmouth-freight-forwarder\/\">Great Yarmouth Kravu ekspeditors<\/a><\/p>","protected":false},"excerpt":{"rendered":"<p>Below we look at the 2 &#8220;best&#8221; Freight Forwarding companies in Middlesex out of 5. To learn more about how we chose the best please consult our FAQ section at the end. Please not the following listings are in no particular order and we are not making any recommendations for any particular company. J J [&hellip;]<\/p>\n","protected":false},"author":1,"featured_media":0,"parent":13427,"menu_order":0,"comment_status":"open","ping_status":"open","template":"","meta":{"_genesis_hide_title":false,"_genesis_hide_breadcrumbs":false,"_genesis_hide_singular_image":false,"_genesis_hide_footer_widgets":false,"_genesis_custom_body_class":"","_genesis_custom_post_class":"","_genesis_layout":"","footnotes":""},"class_list":{"0":"post-14023","1":"page","2":"type-page","3":"status-publish","5":"entry"},"_links":{"self":[{"href":"https:\/\/moverdb.com\/lv\/wp-json\/wp\/v2\/pages\/14023","targetHints":{"allow":["GET"]}}],"collection":[{"href":"https:\/\/moverdb.com\/lv\/wp-json\/wp\/v2\/pages"}],"about":[{"href":"https:\/\/moverdb.com\/lv\/wp-json\/wp\/v2\/types\/page"}],"author":[{"embeddable":true,"href":"https:\/\/moverdb.com\/lv\/wp-json\/wp\/v2\/users\/1"}],"replies":[{"embeddable":true,"href":"https:\/\/moverdb.com\/lv\/wp-json\/wp\/v2\/comments?post=14023"}],"version-history":[{"count":1,"href":"https:\/\/moverdb.com\/lv\/wp-json\/wp\/v2\/pages\/14023\/revisions"}],"predecessor-version":[{"id":15728,"href":"https:\/\/moverdb.com\/lv\/wp-json\/wp\/v2\/pages\/14023\/revisions\/15728"}],"up":[{"embeddable":true,"href":"https:\/\/moverdb.com\/lv\/wp-json\/wp\/v2\/pages\/13427"}],"wp:attachment":[{"href":"https:\/\/moverdb.com\/lv\/wp-json\/wp\/v2\/media?parent=14023"}],"curies":[{"name":"wp","href":"https:\/\/api.w.org\/{rel}","templated":true}]}}