{"id":14021,"date":"2023-11-08T15:53:54","date_gmt":"2023-11-08T15:53:54","guid":{"rendered":"https:\/\/moverdb.com\/freight-forwarder\/freight-forwarding-uk\/stockton-on-tees-freight-forwarder\/"},"modified":"2026-01-08T14:58:35","modified_gmt":"2026-01-08T14:58:35","slug":"stockton-on-tees-freight-forwarder","status":"publish","type":"page","link":"https:\/\/moverdb.com\/lv\/freight-forwarder\/freight-forwarding-uk\/stockton-on-tees-freight-forwarder\/","title":{"rendered":"2 lab\u0101kie Stokton-on-Tees kravas eksped\u012bcijas uz\u0146\u0113mumi (2024)"},"content":{"rendered":"<p>Zem\u0101k m\u0113s apl\u016bkojam 2 <em>\"lab\u0101kais\"<\/em> Kravu eksped\u012bcijas uz\u0146\u0113mumi Stokton\u0101 pie T\u012bsas no 3.<\/p>\n<p>Lai uzzin\u0101tu vair\u0101k par to, k\u0101 m\u0113s izv\u0113l\u0113j\u0101mies lab\u0101kos, skatiet m\u016bsu FAQ sada\u013cu beig\u0101s.<\/p>\n<p><em>L\u016bdzu, \u0146emiet v\u0113r\u0101, ka turpm\u0101k min\u0113tie saraksti nav sak\u0101rtoti \u012bpa\u0161\u0101 sec\u012bb\u0101 un m\u0113s nesniedzam ieteikumus par k\u0101du konkr\u0113tu uz\u0146\u0113mumu.<\/em><\/p>\n<h2>Angolcsomag<\/h2>\n<p><img decoding=\"async\" src=\"https:\/\/moverdb.com\/wp-content\/uploads\/AF1QipOryNSdITJEMO39398cLDQZD5hyDZ4CQCNdQFI6w458-h240-k-no.jpg\" alt='Angolcsomag' class=\"aligncenter\"><\/p>\n<p><strong>Apraksts no uz\u0146\u0113muma: <\/strong>Nemzetk\u00c3\u00b6zi csomagsz\u00c3\u00a1ll\u00c3t\u00c3\u00a1\u00a1\u00a1s, k\u00c3\u00b6lt\u00c3\u00dfztet\u00c3\u00a9s \u00c3\u00a9s rakt\u00c3\u00a1roz\u00c3\u00a1s kedvez\u00c5' \u00c3\u00a1rakon.<\/p>\n<p> Ha egy olyan c\u00c3\u00a9get keres, aki t\u00c3\u00b6bb \u00c3\u00a9vtizedes tapasztalattal, probl\u00c3\u00a9mamentesen v\u00c3\u00a9gez csomagsz\u00c3\u00a1ll\u00c3\u00a1t\u00c3\u00a1\u00a1st, k\u00c3\u00b6lt\u00c3\u015bztet\u00c3\u00a9st, akkor ne keresg\u00c3\u00a9ljen tov\u00c3\u00a1bb, hiszen vel\u00c3\u00bcnk biztosra megy! K\u00c3\u00a9rjen \u00c3\u00a1raj\u00c3\u00a1nlatot most! C\u00c3\u00a9lunk az egym\u00c3\u2032st\u00c3\u00b3l t\u00c3\u2032vol\u00c3\u00a9l\u00c5' csal\u00c3\u2032dtagok, ismer\u00c5's\u00c3\u00b6k \u00c3\u00b6sszek\u00c3\u00b6t\u00c3\u00a9se! Csomagot akar eljuttatni Angli\u00c3\u00a1\u00a1ba, Ausztri\u00c3\u00a1ba, N\u00c3\u00a9metorsz\u00c3\u00a1gba, Belgiumba, vagy Hollandi\u00c3\u00a1ba? Megtal\u00c3\u00a1lta a megold\u00c3\u00a1st! Rugalmas megold\u00c3\u00a1sainkat az \u00c3-n ig\u00c3\u00a9nyeihez szabtuk.<\/p>\n<p> V\u00c3\u00a1lassza \u00c3-n is Magyarorsz\u00c3\u00a1g Anglia egyik legkedveltebb csomagsz\u00c3\u00a1ll\u00c3\u00a1t\u00c3\u00b3j\u00c3\u00a1t \u00c3\u00a9s k\u00c3\u00b6lt\u00c3\u00b6ztet\u00c5'j\u00c3\u00a9t!<\/p>\n<p><strong>Papildu pakalpojumi:<\/strong><\/p>\n<p>Nav iek\u013cauts sarakst\u0101<\/p>\n<p><strong>Adrese:<\/strong> 19 Redbrook Ave, Stockton-on-Tees TS19 9HJ<\/p>\n<p><a href=\"https:\/\/angolcsomag.hu\/\" target=\"_new\" rel=\"noopener\">Angolcsomag t\u012bmek\u013ca vietne<\/a><\/p>\n<p><strong>P\u0101rskata rezult\u0101ts: <\/strong>4.3<br \/> <strong>Atsauksmes skaits:<\/strong> 4<br \/><a href=\"https:\/\/www.google.co.uk\/maps?cid=4596175838503261878&#038;hl=en&#038;gl=GB\" target=\"_new\" rel=\"noopener\">Las\u012bt atsauksmes<\/a><\/p>\n<h2>Konteinerku\u0123i<\/h2>\n<p><img decoding=\"async\" src=\"https:\/\/moverdb.com\/wp-content\/uploads\/AF1QipMdrVos0_oLG82D58BbnH2sl2pgOv0-e6dvJqXKw408-h544-k-no.jpg\" alt='Konteinerku\u0123i' class=\"aligncenter\"><\/p>\n<p><strong>Apraksts no uz\u0146\u0113muma: <\/strong>Nav sniegts<\/p>\n<p><strong>Papildu pakalpojumi:<\/strong><\/p>\n<p>Nav iek\u013cauts sarakst\u0101<\/p>\n<p><strong>Adrese:<\/strong> Haverton Hill Rd, Stockton-on-Tees TS23 1PS<\/p>\n<p><a href=\"http:\/\/www.containerships.eu\/\" target=\"_new\" rel=\"noopener\">Containerships t\u012bmek\u013ca vietne<\/a><\/p>\n<p><strong>P\u0101rskata rezult\u0101ts: <\/strong>4.3<br \/> <strong>Atsauksmes skaits:<\/strong> 35<br \/><a href=\"https:\/\/www.google.co.uk\/maps?cid=21507042716909697&#038;hl=en&#038;gl=GB\" target=\"_new\" rel=\"noopener\">Las\u012bt atsauksmes<\/a><\/p>\n<h2>K\u0101 m\u0113s izv\u0113l\u0113j\u0101mies lab\u0101kos Stokton-on-Tees kravas eksped\u012bcijas uz\u0146\u0113mumus<\/h2>\n<p>S\u0101k\u0101m ar 3 Stokton-on-Tees kravu p\u0101rvad\u0101jumu uz\u0146\u0113mumu datu kopu, ko var\u0113j\u0101m atrast, izmantojot Google Maps, un sa\u0161aurin\u0101j\u0101m to l\u012bdz 2 lab\u0101kajiem.<\/p>\n<p>Lai to izdar\u012btu, m\u0113s izsv\u012btroj\u0101m jebkuru uz\u0146\u0113mumu, kas:<\/p>\n<ul>\n<li> Nebija t\u012bmek\u013ca vietnes<\/li>\n<li> Nebija atsauksmju<\/li>\n<li> vid\u0113jais atsauksmju v\u0113rt\u0113jums bija zem\u0101ks par 2,0<\/li>\n<\/ul>\n<p>\u0160aj\u0101 br\u012bd\u012b, ja mums bija 17 vai maz\u0101k ekspeditoru, m\u0113s uzskait\u012bj\u0101m visus.<\/p>\n<p>Pils\u0113t\u0101s, kur\u0101s bija paliku\u0161i vair\u0101k nek\u0101 17 ekspeditori, m\u0113s veic\u0101m turpm\u0101kas korekcijas, vai nu palielinot nepiecie\u0161amo atsauksmju punktu skaitu (piem\u0113ram, no vismaz 2,0 l\u012bdz 4,0), un\/vai palielinot minim\u0101lo nepiecie\u0161amo atsauksmju skaitu (piem\u0113ram, no vismaz 1 atsauksmes l\u012bdz vismaz 10).<\/p>\n<p>\u0145emiet v\u0113r\u0101, ka m\u0113s izmantoj\u0101m tikai p\u0101rskat\u012b\u0161anas datus no Google Maps, nevis cit\u0101m tre\u0161o pu\u0161u vietn\u0113m.<\/p>\n<p>Vair\u0101k pils\u0113tu:<\/p>\n<p><a href=\"https:\/\/moverdb.com\/lv\/kravas-ekspeditors\/freight-forwarding-uk\/middlesex-freight-forwarder\/\">Middlesex Kravu ekspeditors<\/a><br \/><a href=\"https:\/\/moverdb.com\/lv\/kravas-ekspeditors\/freight-forwarding-uk\/wisbech-freight-forwarder\/\">Wisbech Kravu ekspeditors<\/a><br \/><a href=\"https:\/\/moverdb.com\/lv\/kravas-ekspeditors\/freight-forwarding-uk\/east-cowes-freight-forwarder\/\">East Cowes Kravu ekspeditors<\/a><br \/><a href=\"https:\/\/moverdb.com\/lv\/kravas-ekspeditors\/freight-forwarding-uk\/bury-freight-forwarder\/\">Bury Kravu ekspeditors<\/a><br \/><a href=\"https:\/\/moverdb.com\/lv\/kravas-ekspeditors\/freight-forwarding-uk\/newcastle-upon-tyne-freight-forwarder\/\">Kravu ekspeditors \u0145\u016bk\u0101sl\u0101 pie Tainas<\/a><\/p>","protected":false},"excerpt":{"rendered":"<p>Below we look at the 2 &#8220;best&#8221; Freight Forwarding companies in Stockton-on-Tees out of 3. To learn more about how we chose the best please consult our FAQ section at the end. Please not the following listings are in no particular order and we are not making any recommendations for any particular company. Angolcsomag Description [&hellip;]<\/p>\n","protected":false},"author":1,"featured_media":0,"parent":13427,"menu_order":0,"comment_status":"open","ping_status":"open","template":"","meta":{"_genesis_hide_title":false,"_genesis_hide_breadcrumbs":false,"_genesis_hide_singular_image":false,"_genesis_hide_footer_widgets":false,"_genesis_custom_body_class":"","_genesis_custom_post_class":"","_genesis_layout":"","footnotes":""},"class_list":{"0":"post-14021","1":"page","2":"type-page","3":"status-publish","5":"entry"},"_links":{"self":[{"href":"https:\/\/moverdb.com\/lv\/wp-json\/wp\/v2\/pages\/14021","targetHints":{"allow":["GET"]}}],"collection":[{"href":"https:\/\/moverdb.com\/lv\/wp-json\/wp\/v2\/pages"}],"about":[{"href":"https:\/\/moverdb.com\/lv\/wp-json\/wp\/v2\/types\/page"}],"author":[{"embeddable":true,"href":"https:\/\/moverdb.com\/lv\/wp-json\/wp\/v2\/users\/1"}],"replies":[{"embeddable":true,"href":"https:\/\/moverdb.com\/lv\/wp-json\/wp\/v2\/comments?post=14021"}],"version-history":[{"count":1,"href":"https:\/\/moverdb.com\/lv\/wp-json\/wp\/v2\/pages\/14021\/revisions"}],"predecessor-version":[{"id":15749,"href":"https:\/\/moverdb.com\/lv\/wp-json\/wp\/v2\/pages\/14021\/revisions\/15749"}],"up":[{"embeddable":true,"href":"https:\/\/moverdb.com\/lv\/wp-json\/wp\/v2\/pages\/13427"}],"wp:attachment":[{"href":"https:\/\/moverdb.com\/lv\/wp-json\/wp\/v2\/media?parent=14021"}],"curies":[{"name":"wp","href":"https:\/\/api.w.org\/{rel}","templated":true}]}}