{"id":14016,"date":"2023-11-08T15:53:54","date_gmt":"2023-11-08T15:53:54","guid":{"rendered":"https:\/\/moverdb.com\/freight-forwarder\/freight-forwarding-uk\/skelmersdale-freight-forwarder\/"},"modified":"2026-01-08T14:58:32","modified_gmt":"2026-01-08T14:58:32","slug":"skelmersdale-freight-forwarder","status":"publish","type":"page","link":"https:\/\/moverdb.com\/lv\/freight-forwarder\/freight-forwarding-uk\/skelmersdale-freight-forwarder\/","title":{"rendered":"2 lab\u0101kie Skelmersdeilas kravu eksped\u012bcijas uz\u0146\u0113mumi (2024)"},"content":{"rendered":"<p>Zem\u0101k m\u0113s apl\u016bkojam 2 <em>\"lab\u0101kais\"<\/em> Kravu eksped\u012bcijas uz\u0146\u0113mumi Skelmersdeil\u0101 no 2.<\/p>\n<p>Lai uzzin\u0101tu vair\u0101k par to, k\u0101 m\u0113s izv\u0113l\u0113j\u0101mies lab\u0101kos, skatiet m\u016bsu FAQ sada\u013cu beig\u0101s.<\/p>\n<p><em>L\u016bdzu, \u0146emiet v\u0113r\u0101, ka turpm\u0101k min\u0113tie saraksti nav sak\u0101rtoti \u012bpa\u0161\u0101 sec\u012bb\u0101 un m\u0113s nesniedzam ieteikumus par k\u0101du konkr\u0113tu uz\u0146\u0113mumu.<\/em><\/p>\n<h2>UKI EXPRESS TRANSPORT LTD<\/h2>\n<p><img decoding=\"async\" src=\"https:\/\/moverdb.com\/wp-content\/uploads\/AF1QipPWY8t8P2kBnqz5wmB_CQ201bXI5ljNxIIJM6Rzw408-h271-k-no.jpg\" alt='UKI EXPRESS TRANSPORT LTD' class=\"aligncenter\"><\/p>\n<p><strong>Apraksts no uz\u0146\u0113muma: <\/strong>Nav sniegts<\/p>\n<p><strong>Papildu pakalpojumi:<\/strong><\/p>\n<p>Nav iek\u013cauts sarakst\u0101<\/p>\n<p><strong>Adrese:<\/strong> M58 Distribution Centre, Gillibrands Rd, Skelmersdale WN8 9TB<\/p>\n<p><a href=\"http:\/\/www.ukiexpress.com\/\" target=\"_new\" rel=\"noopener\">UKI EXPRESS TRANSPORT LTD t\u012bmek\u013ca vietne<\/a><\/p>\n<p><strong>P\u0101rskata rezult\u0101ts: <\/strong>3.4<br \/> <strong>Atsauksmes skaits:<\/strong> 54<br \/><a href=\"https:\/\/www.google.co.uk\/maps?cid=10877584415216437073&#038;hl=en&#038;gl=GB\" target=\"_new\" rel=\"noopener\">Las\u012bt atsauksmes<\/a><\/p>\n<h2>Hemisphere Freight Services Ltd (HFS) Liverp\u016bles fili\u0101le<\/h2>\n<p><img decoding=\"async\" src=\"https:\/\/moverdb.com\/wp-content\/uploads\/AF1QipOVPbkeq702JVZ-rp57aKAxSfl-hS4M8n8tnYNXw408-h272-k-no.jpg\" alt='Hemisphere Freight Services Ltd (HFS) Liverp\u016bles fili\u0101le' class=\"aligncenter\"><\/p>\n<p><strong>Apraksts no uz\u0146\u0113muma: <\/strong>M\u016bsu noliktava Skelmersdeil\u0101 atrodas strat\u0113\u0123iski izdev\u012bg\u0101 viet\u0101, kur var uzglab\u0101t konteinerkravas vai ne-konteinerkravas, kas izbrauc vai ierodas uz. <a href=\"\" data-internallinksmanager029f6b8e52c=\"49\" title=\"Liverpool\">Liverpool<\/a> <a href=\"https:\/\/moverdb.com\/lv\/top-49-container-ports\/\" data-internallinksmanager029f6b8e52c=\"80\" title=\"49 liel\u0101kie un noslogot\u0101kie konteineru ostas 2025. gad\u0101\">Osta<\/a> un Liverpool2 (L2) dzi\u013c\u016bdens konteineru termin\u0101lis.<\/p>\n<p> Papildus p\u0101rrobe\u017eu dokokai, pale\u0161u uzglab\u0101\u0161anai un izplat\u012b\u0161anai m\u0113s varam pied\u0101v\u0101t ar\u012b komplekt\u0113\u0161anas un iepako\u0161anas pakalpojumus un pievienot\u0101s v\u0113rt\u012bbas pakalpojumus (VAS) no m\u016bsu Skelmersdeilas (Skelmersdale) ra\u017eotnes.<\/p>\n<p>M\u0113s pied\u0101v\u0101jam pla\u0161u lo\u0123istikas un kravu p\u0101rvad\u0101jumu pakalpojumu kl\u0101stu, tostarp, bet ne tikai, autop\u0101rvad\u0101jumus, gaisa p\u0101rvad\u0101jumus, j\u016bras kravu p\u0101rvad\u0101jumus un lo\u0123istiku, projektu lo\u0123istiku, muito\u0161anu, konteineru p\u0101rvad\u0101jumus, kop\u0113jo lo\u0123istikas p\u0101rvald\u012bbu, automobi\u013cu lo\u0123istiku, b\u012bstamo kravu p\u0101rvad\u0101jumus, e-komercijas lo\u0123istiku, ener\u0123ijas p\u0101rvad\u0101jumus, farm\u0101cijas p\u0101rvad\u0101jumus, otrreiz\u0113ji p\u0101rstr\u0101d\u0101jamo materi\u0101lu lo\u0123istiku, nestandarta kravu p\u0101rvad\u0101jumus un daudz ko citu.<\/p>\n<p><strong>Papildu pakalpojumi:<\/strong><\/p>\n<p>Muitas noliktava<\/p>\n<p>Lo\u0123istikas pakalpojumi<\/p>\n<p>Noliktava<\/p>\n<p><strong>Adrese:<\/strong> 5 Paxton Pl, Skelmersdeila WN8 9QH<\/p>\n<p><a href=\"https:\/\/www.hemisphere-freight.com\/contact\/liverpool\/?utm_source=Google&#038;utm_medium=Organic&#038;utm_campaign=Google%20My%20Business\" target=\"_new\" rel=\"noopener\">Hemisphere Freight Services Ltd (HFS) Liverp\u016bles fili\u0101les t\u012bmek\u013ca vietne<\/a><\/p>\n<p><strong>P\u0101rskata rezult\u0101ts: <\/strong>4.8<br \/> <strong>Atsauksmes skaits:<\/strong> 9<br \/><a href=\"https:\/\/www.google.co.uk\/maps?cid=14914104947181205588&#038;hl=en&#038;gl=GB\" target=\"_new\" rel=\"noopener\">Las\u012bt atsauksmes<\/a><\/p>\n<h2>K\u0101 m\u0113s izv\u0113l\u0113j\u0101mies lab\u0101kos Skelmersdeilas kravas eksped\u012bcijas uz\u0146\u0113mumus<\/h2>\n<p>S\u0101k\u0101m ar 2 Skelmersdeilas kravu p\u0101rvad\u0101jumu uz\u0146\u0113mumu datu kopu, ko var\u0113j\u0101m atrast, izmantojot Google Maps, un sa\u0161aurin\u0101j\u0101m to l\u012bdz 2 lab\u0101kajiem.<\/p>\n<p>Lai to izdar\u012btu, m\u0113s izsv\u012btroj\u0101m jebkuru uz\u0146\u0113mumu, kas:<\/p>\n<ul>\n<li> Nebija t\u012bmek\u013ca vietnes<\/li>\n<li> Nebija atsauksmju<\/li>\n<li> vid\u0113jais atsauksmju v\u0113rt\u0113jums bija zem\u0101ks par 2,0<\/li>\n<\/ul>\n<p>\u0160aj\u0101 br\u012bd\u012b, ja mums bija 17 vai maz\u0101k ekspeditoru, m\u0113s uzskait\u012bj\u0101m visus.<\/p>\n<p>Pils\u0113t\u0101s, kur\u0101s bija paliku\u0161i vair\u0101k nek\u0101 17 ekspeditori, m\u0113s veic\u0101m turpm\u0101kas korekcijas, vai nu palielinot nepiecie\u0161amo atsauksmju punktu skaitu (piem\u0113ram, no vismaz 2,0 l\u012bdz 4,0), un\/vai palielinot minim\u0101lo nepiecie\u0161amo atsauksmju skaitu (piem\u0113ram, no vismaz 1 atsauksmes l\u012bdz vismaz 10).<\/p>\n<p>\u0145emiet v\u0113r\u0101, ka m\u0113s izmantoj\u0101m tikai p\u0101rskat\u012b\u0161anas datus no Google Maps, nevis cit\u0101m tre\u0161o pu\u0161u vietn\u0113m.<\/p>\n<p>Vair\u0101k pils\u0113tu:<\/p>\n<p><a href=\"https:\/\/moverdb.com\/lv\/kravas-ekspeditors\/freight-forwarding-uk\/walsall-freight-forwarder\/\">Walsall Kravu ekspeditors<\/a><br \/><a href=\"https:\/\/moverdb.com\/lv\/kravas-ekspeditors\/freight-forwarding-uk\/stockton-on-tees-freight-forwarder\/\">Stokton-on-Tees kravas ekspeditors<\/a><br \/><a href=\"https:\/\/moverdb.com\/lv\/kravas-ekspeditors\/freight-forwarding-uk\/middlesex-freight-forwarder\/\">Middlesex Kravu ekspeditors<\/a><br \/><a href=\"https:\/\/moverdb.com\/lv\/kravas-ekspeditors\/freight-forwarding-uk\/wisbech-freight-forwarder\/\">Wisbech Kravu ekspeditors<\/a><br \/><a href=\"https:\/\/moverdb.com\/lv\/kravas-ekspeditors\/freight-forwarding-uk\/east-cowes-freight-forwarder\/\">East Cowes Kravu ekspeditors<\/a><\/p>","protected":false},"excerpt":{"rendered":"<p>Below we look at the 2 &#8220;best&#8221; Freight Forwarding companies in Skelmersdale out of 2. To learn more about how we chose the best please consult our FAQ section at the end. Please not the following listings are in no particular order and we are not making any recommendations for any particular company. UKI EXPRESS [&hellip;]<\/p>\n","protected":false},"author":1,"featured_media":0,"parent":13427,"menu_order":0,"comment_status":"open","ping_status":"open","template":"","meta":{"_genesis_hide_title":false,"_genesis_hide_breadcrumbs":false,"_genesis_hide_singular_image":false,"_genesis_hide_footer_widgets":false,"_genesis_custom_body_class":"","_genesis_custom_post_class":"","_genesis_layout":"","footnotes":""},"class_list":{"0":"post-14016","1":"page","2":"type-page","3":"status-publish","5":"entry"},"_links":{"self":[{"href":"https:\/\/moverdb.com\/lv\/wp-json\/wp\/v2\/pages\/14016","targetHints":{"allow":["GET"]}}],"collection":[{"href":"https:\/\/moverdb.com\/lv\/wp-json\/wp\/v2\/pages"}],"about":[{"href":"https:\/\/moverdb.com\/lv\/wp-json\/wp\/v2\/types\/page"}],"author":[{"embeddable":true,"href":"https:\/\/moverdb.com\/lv\/wp-json\/wp\/v2\/users\/1"}],"replies":[{"embeddable":true,"href":"https:\/\/moverdb.com\/lv\/wp-json\/wp\/v2\/comments?post=14016"}],"version-history":[{"count":1,"href":"https:\/\/moverdb.com\/lv\/wp-json\/wp\/v2\/pages\/14016\/revisions"}],"predecessor-version":[{"id":15746,"href":"https:\/\/moverdb.com\/lv\/wp-json\/wp\/v2\/pages\/14016\/revisions\/15746"}],"up":[{"embeddable":true,"href":"https:\/\/moverdb.com\/lv\/wp-json\/wp\/v2\/pages\/13427"}],"wp:attachment":[{"href":"https:\/\/moverdb.com\/lv\/wp-json\/wp\/v2\/media?parent=14016"}],"curies":[{"name":"wp","href":"https:\/\/api.w.org\/{rel}","templated":true}]}}