{"id":13993,"date":"2023-11-08T15:53:54","date_gmt":"2023-11-08T15:53:54","guid":{"rendered":"https:\/\/moverdb.com\/freight-forwarder\/freight-forwarding-uk\/maldon-freight-forwarder\/"},"modified":"2026-01-08T13:17:37","modified_gmt":"2026-01-08T13:17:37","slug":"maldon-freight-forwarder","status":"publish","type":"page","link":"https:\/\/moverdb.com\/lv\/freight-forwarder\/freight-forwarding-uk\/maldon-freight-forwarder\/","title":{"rendered":"3 lab\u0101kie Maldonas kravu p\u0101rvad\u0101jumu uz\u0146\u0113mumi (2024)"},"content":{"rendered":"<p>Zem\u0101k m\u0113s apl\u016bkojam 3 <em>\"lab\u0101kais\"<\/em> Kravu eksped\u012bcijas uz\u0146\u0113mumi Maldon\u0101 no 10.<\/p>\n<p>Lai uzzin\u0101tu vair\u0101k par to, k\u0101 m\u0113s izv\u0113l\u0113j\u0101mies lab\u0101kos, skatiet m\u016bsu FAQ sada\u013cu beig\u0101s.<\/p>\n<p><em>L\u016bdzu, \u0146emiet v\u0113r\u0101, ka turpm\u0101k min\u0113tie saraksti nav sak\u0101rtoti \u012bpa\u0161\u0101 sec\u012bb\u0101 un m\u0113s nesniedzam ieteikumus par k\u0101du konkr\u0113tu uz\u0146\u0113mumu.<\/em><\/p>\n<div id=\"ez-toc-container\" class=\"ez-toc-v2_0_82_2 ez-toc-wrap-left counter-hierarchy ez-toc-counter ez-toc-transparent ez-toc-container-direction\">\n<div class=\"ez-toc-title-container\">\n<p class=\"ez-toc-title\" style=\"cursor:inherit\">Sada\u013cas<\/p>\n<span class=\"ez-toc-title-toggle\"><a href=\"#\" class=\"ez-toc-pull-right ez-toc-btn ez-toc-btn-xs ez-toc-btn-default ez-toc-toggle\" aria-label=\"P\u0101rsl\u0113gt satura tabulu\"><span class=\"ez-toc-js-icon-con\"><span class=\"\"><span class=\"eztoc-hide\" style=\"display:none;\">P\u0101rsl\u0113gt<\/span><span class=\"ez-toc-icon-toggle-span\"><svg style=\"fill: #999;color:#999\" xmlns=\"http:\/\/www.w3.org\/2000\/svg\" class=\"list-377408\" width=\"20px\" height=\"20px\" viewbox=\"0 0 24 24\" fill=\"none\"><path d=\"M6 6H4v2h2V6zm14 0H8v2h12V6zM4 11h2v2H4v-2zm16 0H8v2h12v-2zM4 16h2v2H4v-2zm16 0H8v2h12v-2z\" fill=\"currentColor\"><\/path><\/svg><svg style=\"fill: #999;color:#999\" class=\"arrow-unsorted-368013\" xmlns=\"http:\/\/www.w3.org\/2000\/svg\" width=\"10px\" height=\"10px\" viewbox=\"0 0 24 24\" version=\"1.2\" baseprofile=\"tiny\"><path d=\"M18.2 9.3l-6.2-6.3-6.2 6.3c-.2.2-.3.4-.3.7s.1.5.3.7c.2.2.4.3.7.3h11c.3 0 .5-.1.7-.3.2-.2.3-.5.3-.7s-.1-.5-.3-.7zM5.8 14.7l6.2 6.3 6.2-6.3c.2-.2.3-.5.3-.7s-.1-.5-.3-.7c-.2-.2-.4-.3-.7-.3h-11c-.3 0-.5.1-.7.3-.2.2-.3.5-.3.7s.1.5.3.7z\"\/><\/svg><\/span><\/span><\/span><\/a><\/span><\/div>\n<nav><ul class='ez-toc-list ez-toc-list-level-1 eztoc-toggle-hide-by-default' ><li class='ez-toc-page-1 ez-toc-heading-level-2'><a class=\"ez-toc-link ez-toc-heading-1\" href=\"https:\/\/moverdb.com\/lv\/freight-forwarder\/freight-forwarding-uk\/maldon-freight-forwarder\/#Power_Forwarding_Ltd_Essex\" >Power Forwarding Ltd Eseksa<\/a><\/li><li class='ez-toc-page-1 ez-toc-heading-level-2'><a class=\"ez-toc-link ez-toc-heading-2\" href=\"https:\/\/moverdb.com\/lv\/freight-forwarder\/freight-forwarding-uk\/maldon-freight-forwarder\/#Car_Shipping_Made_Simple\" >Automa\u0161\u012bnu p\u0101rvad\u0101\u0161ana ir vienk\u0101r\u0161a<\/a><\/li><li class='ez-toc-page-1 ez-toc-heading-level-2'><a class=\"ez-toc-link ez-toc-heading-3\" href=\"https:\/\/moverdb.com\/lv\/freight-forwarder\/freight-forwarding-uk\/maldon-freight-forwarder\/#Cargo_Marketing_Services_Ltd\" >Cargo Marketing Services Ltd<\/a><\/li><li class='ez-toc-page-1 ez-toc-heading-level-2'><a class=\"ez-toc-link ez-toc-heading-4\" href=\"https:\/\/moverdb.com\/lv\/freight-forwarder\/freight-forwarding-uk\/maldon-freight-forwarder\/#How_we_picked_the_best_Maldon_Freight_Forwarding_Companies\" >K\u0101 m\u0113s izv\u0113l\u0113j\u0101mies lab\u0101kos Maldonas kravu p\u0101rvad\u0101jumu uz\u0146\u0113mumus<\/a><\/li><\/ul><\/nav><\/div>\n<h2><span class=\"ez-toc-section\" id=\"Power_Forwarding_Ltd_Essex\"><\/span>Power Forwarding Ltd Eseksa<span class=\"ez-toc-section-end\"><\/span><\/h2>\n<p><img decoding=\"async\" src=\"https:\/\/moverdb.com\/wp-content\/uploads\/AF1QipNldDWo1WcV0NHQxxXaIAJ9TSSP34S-EpuJFAKqw408-h593-k-no.jpg\" alt='Power Forwarding Ltd Eseksa' class=\"aligncenter\"><\/p>\n<p><strong>Apraksts no uz\u0146\u0113muma: <\/strong>Power Forwarding cen\u0161as nov\u0113rst visus sare\u017e\u0123\u012bjumus, kas saist\u012bti ar eksport\u0113t\u0101ju un import\u0113t\u0101ju p\u0101rvad\u0101jumiem.<\/p>\n<p> Pied\u0101v\u0101 profesion\u0101las konsult\u0101cijas, lai process visiem klientiem norit\u0113tu p\u0113c iesp\u0113jas rait\u0101k.<\/p>\n<p> Specializ\u0113jas gaisa kravu, j\u016bras kravu, autop\u0101rvad\u0101jumu, noliktavu un muito\u0161anas jom\u0101.<\/p>\n<p> Tie pied\u0101v\u0101 \u0101tru rea\u0123\u0113\u0161anas laiku, lieliskas cenas, BIFA un FIATA akredit\u0113tus darbiniekus un piln\u012bb\u0101 funkcion\u0113jo\u0161u glob\u0101lo t\u012bklu, lai b\u016btu lab\u0101kie sav\u0101 jom\u0101.<\/p>\n<p> Ar sp\u0113ju pied\u0101v\u0101t pieg\u0101di vis\u0101 pasaul\u0113, vi\u0146iem vajadz\u0113tu b\u016bt j\u016bsu pirmais <a href=\"https:\/\/moverdb.com\/lv\/top-49-container-ports\/\" data-internallinksmanager029f6b8e52c=\"80\" title=\"49 liel\u0101kie un noslogot\u0101kie konteineru ostas 2025. gad\u0101\">osta<\/a> zvan\u012bt, ja jums ir k\u0101di jaut\u0101jumi par starptautisko eksportu vai importu.<\/p>\n<p> Sazinieties ar m\u016bsu komandu, lai uzzin\u0101tu vair\u0101k, un vi\u0146i ar prieku atbild\u0113s uz j\u016bsu jaut\u0101jumiem vai jaut\u0101jumiem, ja vien b\u016bs iesp\u0113jams.<\/p>\n<p><strong>Papildu pakalpojumi:<\/strong><\/p>\n<p>Nav iek\u013cauts sarakst\u0101<\/p>\n<p><strong>Adrese:<\/strong> 12. birojs, Bentalls Shopping Centre, 28 Colchester Rd, Heybridge, Maldon CM9 4GD<\/p>\n<p><a href=\"http:\/\/www.powerforwarding.com\/\" target=\"_new\" rel=\"noopener\">Power Forwarding Ltd Essex t\u012bmek\u013ca vietne<\/a><\/p>\n<p><strong>P\u0101rskata rezult\u0101ts: <\/strong>4.3<br \/> <strong>Atsauksmes skaits:<\/strong> 16<br \/><a href=\"https:\/\/www.google.co.uk\/maps?cid=14541926269948356998&#038;hl=en&#038;gl=GB\" target=\"_new\" rel=\"noopener\">Las\u012bt atsauksmes<\/a><\/p>\n<h2><span class=\"ez-toc-section\" id=\"Car_Shipping_Made_Simple\"><\/span>Automa\u0161\u012bnu p\u0101rvad\u0101\u0161ana ir vienk\u0101r\u0161a<span class=\"ez-toc-section-end\"><\/span><\/h2>\n<p><img decoding=\"async\" src=\"https:\/\/moverdb.com\/wp-content\/uploads\/AF1QipNYyFib9uPjEVa7o-aTIDoeKF_sKZmOsJyYEg1Uw426-h240-k-no.png\" alt='Automa\u0161\u012bnu p\u0101rvad\u0101\u0161ana ir vienk\u0101r\u0161a' class=\"aligncenter\"><\/p>\n<p><strong>Apraksts no uz\u0146\u0113muma: <\/strong>Port\u0101ls <a href=\"https:\/\/moverdb.com\/lv\/car-transport-shipping\/\" data-internallinksmanager029f6b8e52c=\"2\" title=\"2026 Starptautiskais autotransports un transportl\u012bdzek\u013cu p\u0101rvad\u0101\u0161anas cit\u0101ti\">Automa\u0161\u012bnu p\u0101rvad\u0101jumi<\/a> eksperti, ikned\u0113\u013cas eksporta un importa pakalpojumi vis\u0101 pasaul\u0113.<\/p>\n<p> P\u0101rredzama cenu noteik\u0161ana, kas 24\/7 pieejama m\u016bsu t\u012bmek\u013ca vietn\u0113, piln\u012bga izseko\u0161ana un izseko\u0161ana<\/p>\n<p><strong>Papildu pakalpojumi:<\/strong><\/p>\n<p>Transportl\u012bdzek\u013cu p\u0101rvad\u0101jumu a\u0123ents<\/p>\n<p><strong>Adrese:<\/strong> Fullbridge House, Fullbridge, Maldon CM9 4NX<\/p>\n<p><a href=\"http:\/\/www.carshippingmadesimple.com\/\" target=\"_new\" rel=\"noopener\">Vienk\u0101r\u0161a automa\u0161\u012bnu p\u0101rvad\u0101\u0161ana vietn\u0113<\/a><\/p>\n<p><strong>P\u0101rskata rezult\u0101ts: <\/strong>4.5<br \/> <strong>Atsauksmes skaits:<\/strong> 8<br \/><a href=\"https:\/\/www.google.co.uk\/maps?cid=17489635601078454444&#038;hl=en&#038;gl=GB\" target=\"_new\" rel=\"noopener\">Las\u012bt atsauksmes<\/a><\/p>\n<h2><span class=\"ez-toc-section\" id=\"Cargo_Marketing_Services_Ltd\"><\/span>Cargo Marketing Services Ltd<span class=\"ez-toc-section-end\"><\/span><\/h2>\n<p><img decoding=\"async\" src=\"https:\/\/moverdb.com\/wp-content\/uploads\/AF1QipPu7J42kn6yl02liPMy9JT_2Cmo_IthVFgNPsU0w426-h240-k-no.jpg\" alt='Cargo Marketing Services Ltd' class=\"aligncenter\"><\/p>\n<p><strong>Apraksts no uz\u0146\u0113muma: <\/strong>Nav sniegts<\/p>\n<p><strong>Papildu pakalpojumi:<\/strong><\/p>\n<p>Nav iek\u013cauts sarakst\u0101<\/p>\n<p><strong>Adrese:<\/strong> Fullbridge House, Fullbridge, Maldon CM9 4NX<\/p>\n<p><a href=\"https:\/\/www.cargomarketing.com\/\" target=\"_new\" rel=\"noopener\">Cargo Marketing Services Ltd t\u012bmek\u013ca vietne<\/a><\/p>\n<p><strong>P\u0101rskata rezult\u0101ts: <\/strong>5<br \/> <strong>Atsauksmes skaits:<\/strong> 1<br \/><a href=\"https:\/\/www.google.co.uk\/maps?cid=2265029552815970914&#038;hl=en&#038;gl=GB\" target=\"_new\" rel=\"noopener\">Las\u012bt atsauksmes<\/a><\/p>\n<h2><span class=\"ez-toc-section\" id=\"How_we_picked_the_best_Maldon_Freight_Forwarding_Companies\"><\/span>K\u0101 m\u0113s izv\u0113l\u0113j\u0101mies lab\u0101kos Maldonas kravu p\u0101rvad\u0101jumu uz\u0146\u0113mumus<span class=\"ez-toc-section-end\"><\/span><\/h2>\n<p>S\u0101k\u0101m ar 10 Maldonas kravu p\u0101rvad\u0101jumu uz\u0146\u0113mumu datu kopu, ko var\u0113j\u0101m atrast, izmantojot Google Maps, un sa\u0161aurin\u0101j\u0101m to l\u012bdz 3 lab\u0101kajiem.<\/p>\n<p>Lai to izdar\u012btu, m\u0113s izsv\u012btroj\u0101m jebkuru uz\u0146\u0113mumu, kas:<\/p>\n<ul>\n<li> Nebija t\u012bmek\u013ca vietnes<\/li>\n<li> Nebija atsauksmju<\/li>\n<li> vid\u0113jais atsauksmju v\u0113rt\u0113jums bija zem\u0101ks par 2,0<\/li>\n<\/ul>\n<p>\u0160aj\u0101 br\u012bd\u012b, ja mums bija 17 vai maz\u0101k ekspeditoru, m\u0113s uzskait\u012bj\u0101m visus.<\/p>\n<p>Pils\u0113t\u0101s, kur\u0101s bija paliku\u0161i vair\u0101k nek\u0101 17 ekspeditori, m\u0113s veic\u0101m turpm\u0101kas korekcijas, vai nu palielinot nepiecie\u0161amo atsauksmju punktu skaitu (piem\u0113ram, no vismaz 2,0 l\u012bdz 4,0), un\/vai palielinot minim\u0101lo nepiecie\u0161amo atsauksmju skaitu (piem\u0113ram, no vismaz 1 atsauksmes l\u012bdz vismaz 10).<\/p>\n<p>\u0145emiet v\u0113r\u0101, ka m\u0113s izmantoj\u0101m tikai p\u0101rskat\u012b\u0161anas datus no Google Maps, nevis cit\u0101m tre\u0161o pu\u0161u vietn\u0113m.<\/p>\n<p>Vair\u0101k pils\u0113tu:<\/p>\n<p><a href=\"https:\/\/moverdb.com\/lv\/kravas-ekspeditors\/freight-forwarding-uk\/bellshill-freight-forwarder\/\">Bellshill kravas ekspeditors<\/a><br \/><a href=\"https:\/\/moverdb.com\/lv\/kravas-ekspeditors\/freight-forwarding-uk\/middlesbrough-freight-forwarder\/\">Midllesbro kravas ekspeditors<\/a><br \/><a href=\"https:\/\/moverdb.com\/lv\/kravas-ekspeditors\/freight-forwarding-uk\/hessle-freight-forwarder\/\">Hessle Kravu ekspeditors<\/a><br \/><a href=\"https:\/\/moverdb.com\/lv\/kravas-ekspeditors\/freight-forwarding-uk\/newtownabbey-freight-forwarder\/\">Newtownabbey Kravu ekspeditors<\/a><br \/><a href=\"https:\/\/moverdb.com\/lv\/kravas-ekspeditors\/freight-forwarding-uk\/preston-freight-forwarder\/\">Preston Kravu ekspeditors<\/a><\/p>","protected":false},"excerpt":{"rendered":"<p>Below we look at the 3 &#8220;best&#8221; Freight Forwarding companies in Maldon out of 10. To learn more about how we chose the best please consult our FAQ section at the end. Please not the following listings are in no particular order and we are not making any recommendations for any particular company. Power Forwarding [&hellip;]<\/p>\n","protected":false},"author":1,"featured_media":0,"parent":13427,"menu_order":0,"comment_status":"open","ping_status":"open","template":"","meta":{"_genesis_hide_title":false,"_genesis_hide_breadcrumbs":false,"_genesis_hide_singular_image":false,"_genesis_hide_footer_widgets":false,"_genesis_custom_body_class":"","_genesis_custom_post_class":"","_genesis_layout":"","footnotes":""},"class_list":{"0":"post-13993","1":"page","2":"type-page","3":"status-publish","5":"entry"},"_links":{"self":[{"href":"https:\/\/moverdb.com\/lv\/wp-json\/wp\/v2\/pages\/13993","targetHints":{"allow":["GET"]}}],"collection":[{"href":"https:\/\/moverdb.com\/lv\/wp-json\/wp\/v2\/pages"}],"about":[{"href":"https:\/\/moverdb.com\/lv\/wp-json\/wp\/v2\/types\/page"}],"author":[{"embeddable":true,"href":"https:\/\/moverdb.com\/lv\/wp-json\/wp\/v2\/users\/1"}],"replies":[{"embeddable":true,"href":"https:\/\/moverdb.com\/lv\/wp-json\/wp\/v2\/comments?post=13993"}],"version-history":[{"count":1,"href":"https:\/\/moverdb.com\/lv\/wp-json\/wp\/v2\/pages\/13993\/revisions"}],"predecessor-version":[{"id":15770,"href":"https:\/\/moverdb.com\/lv\/wp-json\/wp\/v2\/pages\/13993\/revisions\/15770"}],"up":[{"embeddable":true,"href":"https:\/\/moverdb.com\/lv\/wp-json\/wp\/v2\/pages\/13427"}],"wp:attachment":[{"href":"https:\/\/moverdb.com\/lv\/wp-json\/wp\/v2\/media?parent=13993"}],"curies":[{"name":"wp","href":"https:\/\/api.w.org\/{rel}","templated":true}]}}