{"id":13977,"date":"2023-11-08T15:53:54","date_gmt":"2023-11-08T15:53:54","guid":{"rendered":"https:\/\/moverdb.com\/freight-forwarder\/freight-forwarding-uk\/belvedere-freight-forwarder\/"},"modified":"2026-01-08T14:58:47","modified_gmt":"2026-01-08T14:58:47","slug":"belvedere-freight-forwarder","status":"publish","type":"page","link":"https:\/\/moverdb.com\/lv\/freight-forwarder\/freight-forwarding-uk\/belvedere-freight-forwarder\/","title":{"rendered":"3 lab\u0101kie Belvederes kravas eksped\u012bcijas uz\u0146\u0113mumi (2024)"},"content":{"rendered":"<p>Zem\u0101k m\u0113s apl\u016bkojam 3 <em>\"lab\u0101kais\"<\/em> Kravu eksped\u012bcijas uz\u0146\u0113mumi Belved\u0113r\u0101 no 4.<\/p>\n<p>Lai uzzin\u0101tu vair\u0101k par to, k\u0101 m\u0113s izv\u0113l\u0113j\u0101mies lab\u0101kos, skatiet m\u016bsu FAQ sada\u013cu beig\u0101s.<\/p>\n<p><em>L\u016bdzu, \u0146emiet v\u0113r\u0101, ka turpm\u0101k min\u0113tie saraksti nav sak\u0101rtoti \u012bpa\u0161\u0101 sec\u012bb\u0101 un m\u0113s nesniedzam ieteikumus par k\u0101du konkr\u0113tu uz\u0146\u0113mumu.<\/em><\/p>\n<div id=\"ez-toc-container\" class=\"ez-toc-v2_0_82_2 ez-toc-wrap-left counter-hierarchy ez-toc-counter ez-toc-transparent ez-toc-container-direction\">\n<div class=\"ez-toc-title-container\">\n<p class=\"ez-toc-title\" style=\"cursor:inherit\">Sada\u013cas<\/p>\n<span class=\"ez-toc-title-toggle\"><a href=\"#\" class=\"ez-toc-pull-right ez-toc-btn ez-toc-btn-xs ez-toc-btn-default ez-toc-toggle\" aria-label=\"P\u0101rsl\u0113gt satura tabulu\"><span class=\"ez-toc-js-icon-con\"><span class=\"\"><span class=\"eztoc-hide\" style=\"display:none;\">P\u0101rsl\u0113gt<\/span><span class=\"ez-toc-icon-toggle-span\"><svg style=\"fill: #999;color:#999\" xmlns=\"http:\/\/www.w3.org\/2000\/svg\" class=\"list-377408\" width=\"20px\" height=\"20px\" viewbox=\"0 0 24 24\" fill=\"none\"><path d=\"M6 6H4v2h2V6zm14 0H8v2h12V6zM4 11h2v2H4v-2zm16 0H8v2h12v-2zM4 16h2v2H4v-2zm16 0H8v2h12v-2z\" fill=\"currentColor\"><\/path><\/svg><svg style=\"fill: #999;color:#999\" class=\"arrow-unsorted-368013\" xmlns=\"http:\/\/www.w3.org\/2000\/svg\" width=\"10px\" height=\"10px\" viewbox=\"0 0 24 24\" version=\"1.2\" baseprofile=\"tiny\"><path d=\"M18.2 9.3l-6.2-6.3-6.2 6.3c-.2.2-.3.4-.3.7s.1.5.3.7c.2.2.4.3.7.3h11c.3 0 .5-.1.7-.3.2-.2.3-.5.3-.7s-.1-.5-.3-.7zM5.8 14.7l6.2 6.3 6.2-6.3c.2-.2.3-.5.3-.7s-.1-.5-.3-.7c-.2-.2-.4-.3-.7-.3h-11c-.3 0-.5.1-.7.3-.2.2-.3.5-.3.7s.1.5.3.7z\"\/><\/svg><\/span><\/span><\/span><\/a><\/span><\/div>\n<nav><ul class='ez-toc-list ez-toc-list-level-1 eztoc-toggle-hide-by-default' ><li class='ez-toc-page-1 ez-toc-heading-level-2'><a class=\"ez-toc-link ez-toc-heading-1\" href=\"https:\/\/moverdb.com\/lv\/freight-forwarder\/freight-forwarding-uk\/belvedere-freight-forwarder\/#Browns_Cargo_Europe\" >Browns Cargo Europe<\/a><\/li><li class='ez-toc-page-1 ez-toc-heading-level-2'><a class=\"ez-toc-link ez-toc-heading-2\" href=\"https:\/\/moverdb.com\/lv\/freight-forwarder\/freight-forwarding-uk\/belvedere-freight-forwarder\/#EON_Logistics_Trading_Ltd\" >EON lo\u0123istika un tirdzniec\u012bba Ltd<\/a><\/li><li class='ez-toc-page-1 ez-toc-heading-level-2'><a class=\"ez-toc-link ez-toc-heading-3\" href=\"https:\/\/moverdb.com\/lv\/freight-forwarder\/freight-forwarding-uk\/belvedere-freight-forwarder\/#Ikra_UK_Ltd\" >Ikra UK Ltd<\/a><\/li><li class='ez-toc-page-1 ez-toc-heading-level-2'><a class=\"ez-toc-link ez-toc-heading-4\" href=\"https:\/\/moverdb.com\/lv\/freight-forwarder\/freight-forwarding-uk\/belvedere-freight-forwarder\/#How_we_picked_the_best_Belvedere_Freight_Forwarding_Companies\" >K\u0101 m\u0113s izv\u0113l\u0113j\u0101mies lab\u0101kos Belvederes kravas eksped\u012bcijas uz\u0146\u0113mumus<\/a><\/li><\/ul><\/nav><\/div>\n<h2><span class=\"ez-toc-section\" id=\"Browns_Cargo_Europe\"><\/span>Browns Cargo Europe<span class=\"ez-toc-section-end\"><\/span><\/h2>\n<p><img decoding=\"async\" src=\"https:\/\/moverdb.com\/wp-content\/uploads\/thumbnailpanoidl2vPZVbJQ2v6Kl8TDIKc7wcb_clientsearch.gws-prod.gpsw408h240yaw105.jpg\" alt='Browns Cargo Europe' class=\"aligncenter\"><\/p>\n<p><strong>Apraksts no uz\u0146\u0113muma: <\/strong>Nav sniegts<\/p>\n<p><strong>Papildu pakalpojumi:<\/strong><\/p>\n<p>Nav iek\u013cauts sarakst\u0101<\/p>\n<p><strong>Adrese:<\/strong> Unit 2, River Wharf Business, Mulberry Way, Belvedere DA17 6AR<\/p>\n<p><a href=\"http:\/\/www.brownscargo.com\/\" target=\"_new\" rel=\"noopener\">Browns Cargo Europe t\u012bmek\u013ca vietne<\/a><\/p>\n<p><strong>P\u0101rskata rezult\u0101ts: <\/strong>5<br \/> <strong>Atsauksmes skaits:<\/strong> 3<br \/><a href=\"https:\/\/www.google.co.uk\/maps?cid=3443995925816039450&#038;hl=en&#038;gl=GB\" target=\"_new\" rel=\"noopener\">Las\u012bt atsauksmes<\/a><\/p>\n<h2><span class=\"ez-toc-section\" id=\"EON_Logistics_Trading_Ltd\"><\/span>EON lo\u0123istika un tirdzniec\u012bba Ltd<span class=\"ez-toc-section-end\"><\/span><\/h2>\n<p><img decoding=\"async\" src=\"https:\/\/moverdb.com\/wp-content\/uploads\/AF1QipPCBkOngUSpH0i2ByXsjsJWwugG96kEQe0QjF8Xw768-h240-k-no.jpg\" alt='EON lo\u0123istika un tirdzniec\u012bba Ltd' class=\"aligncenter\"><\/p>\n<p><strong>Apraksts no uz\u0146\u0113muma: <\/strong>Nav sniegts<\/p>\n<p><strong>Papildu pakalpojumi:<\/strong><\/p>\n<p>Eksport\u0113t\u0101js<\/p>\n<p>Import\u0113t\u0101js<\/p>\n<p>Lo\u0123istikas pakalpojumi<\/p>\n<p><a href=\"https:\/\/moverdb.com\/lv\/international-removals\/\" data-internallinksmanager029f6b8e52c=\"27\" title=\"36 Lab\u0101kie starptautisko p\u0101rvad\u0101jumu uz\u0146\u0113mumi Apvienotaj\u0101 Karalist\u0113\">P\u0101rcel\u0161an\u0101s uz\u0146\u0113mums<\/a><\/p>\n<p>Pieg\u0101des pakalpojums<\/p>\n<p>Transporta pakalpojumi<\/p>\n<p>Noliktava<\/p>\n<p><strong>Adrese:<\/strong> UKFM Warehousing Depot, Fisher's Way, Belvedere DA17 6BS<\/p>\n<p><a href=\"http:\/\/www.eonlogistics.co.uk\/\" target=\"_new\" rel=\"noopener\">EON Logistics &amp; Trading Ltd t\u012bmek\u013ca vietne<\/a><\/p>\n<p><strong>P\u0101rskata rezult\u0101ts: <\/strong>5<br \/> <strong>Atsauksmes skaits:<\/strong> 10<br \/><a href=\"https:\/\/www.google.co.uk\/maps?cid=13285450499768146788&#038;hl=en&#038;gl=GB\" target=\"_new\" rel=\"noopener\">Las\u012bt atsauksmes<\/a><\/p>\n<h2><span class=\"ez-toc-section\" id=\"Ikra_UK_Ltd\"><\/span>Ikra UK Ltd<span class=\"ez-toc-section-end\"><\/span><\/h2>\n<p><img decoding=\"async\" src=\"https:\/\/moverdb.com\/wp-content\/uploads\/AF1QipOLqBRihEzfasWLMLA6VxNKNPPHvHhmB_f7a4o8w408-h544-k-no.jpg\" alt='Ikra UK Ltd' class=\"aligncenter\"><\/p>\n<p><strong>Apraksts no uz\u0146\u0113muma: <\/strong>Nav sniegts<\/p>\n<p><strong>Papildu pakalpojumi:<\/strong><\/p>\n<p>Nav iek\u013cauts sarakst\u0101<\/p>\n<p><strong>Adrese:<\/strong> Mulberry Way, Belvedere DA17 6AN<\/p>\n<p><a href=\"http:\/\/ar.ikralojistik.com\/yurtdisiofis\/55\" target=\"_new\" rel=\"noopener\">Ikra UK Ltd t\u012bmek\u013ca vietne<\/a><\/p>\n<p><strong>P\u0101rskata rezult\u0101ts: <\/strong>4.2<br \/> <strong>Atsauksmes skaits:<\/strong> 64<br \/><a href=\"https:\/\/www.google.co.uk\/maps?cid=16107205690110334202&#038;hl=en&#038;gl=GB\" target=\"_new\" rel=\"noopener\">Las\u012bt atsauksmes<\/a><\/p>\n<h2><span class=\"ez-toc-section\" id=\"How_we_picked_the_best_Belvedere_Freight_Forwarding_Companies\"><\/span>K\u0101 m\u0113s izv\u0113l\u0113j\u0101mies lab\u0101kos Belvederes kravas eksped\u012bcijas uz\u0146\u0113mumus<span class=\"ez-toc-section-end\"><\/span><\/h2>\n<p>S\u0101k\u0101m ar 4 Belvederes kravu p\u0101rvad\u0101jumu uz\u0146\u0113mumu datu kopu, ko var\u0113j\u0101m atrast, izmantojot Google Maps, un sa\u0161aurin\u0101j\u0101m to l\u012bdz 3 lab\u0101kajiem.<\/p>\n<p>Lai to izdar\u012btu, m\u0113s izsv\u012btroj\u0101m jebkuru uz\u0146\u0113mumu, kas:<\/p>\n<ul>\n<li> Nebija t\u012bmek\u013ca vietnes<\/li>\n<li> Nebija atsauksmju<\/li>\n<li> vid\u0113jais atsauksmju v\u0113rt\u0113jums bija zem\u0101ks par 2,0<\/li>\n<\/ul>\n<p>\u0160aj\u0101 br\u012bd\u012b, ja mums bija 17 vai maz\u0101k ekspeditoru, m\u0113s uzskait\u012bj\u0101m visus.<\/p>\n<p>Pils\u0113t\u0101s, kur\u0101s bija paliku\u0161i vair\u0101k nek\u0101 17 ekspeditori, m\u0113s veic\u0101m turpm\u0101kas korekcijas, vai nu palielinot nepiecie\u0161amo atsauksmju punktu skaitu (piem\u0113ram, no vismaz 2,0 l\u012bdz 4,0), un\/vai palielinot minim\u0101lo nepiecie\u0161amo atsauksmju skaitu (piem\u0113ram, no vismaz 1 atsauksmes l\u012bdz vismaz 10).<\/p>\n<p>\u0145emiet v\u0113r\u0101, ka m\u0113s izmantoj\u0101m tikai p\u0101rskat\u012b\u0161anas datus no Google Maps, nevis cit\u0101m tre\u0161o pu\u0161u vietn\u0113m.<\/p>\n<p>Vair\u0101k pils\u0113tu:<\/p>\n<p><a href=\"https:\/\/moverdb.com\/lv\/kravas-ekspeditors\/freight-forwarding-uk\/portsmouth-freight-forwarder\/\">Portsmutas kravas ekspeditors<\/a><br \/><a href=\"https:\/\/moverdb.com\/lv\/kravas-ekspeditors\/freight-forwarding-uk\/dagenham-freight-forwarder\/\">Dagenhemas kravas ekspeditors<\/a><br \/><a href=\"https:\/\/moverdb.com\/lv\/kravas-ekspeditors\/freight-forwarding-uk\/renfrew-freight-forwarder\/\">Renfrew kravas ekspeditors<\/a><br \/><a href=\"https:\/\/moverdb.com\/lv\/kravas-ekspeditors\/freight-forwarding-uk\/maldon-freight-forwarder\/\">Maldonas kravas ekspeditors<\/a><br \/><a href=\"https:\/\/moverdb.com\/lv\/kravas-ekspeditors\/freight-forwarding-uk\/bellshill-freight-forwarder\/\">Bellshill kravas ekspeditors<\/a><\/p>","protected":false},"excerpt":{"rendered":"<p>Below we look at the 3 &#8220;best&#8221; Freight Forwarding companies in Belvedere out of 4. To learn more about how we chose the best please consult our FAQ section at the end. Please not the following listings are in no particular order and we are not making any recommendations for any particular company. Browns Cargo [&hellip;]<\/p>\n","protected":false},"author":1,"featured_media":0,"parent":13427,"menu_order":0,"comment_status":"open","ping_status":"open","template":"","meta":{"_genesis_hide_title":false,"_genesis_hide_breadcrumbs":false,"_genesis_hide_singular_image":false,"_genesis_hide_footer_widgets":false,"_genesis_custom_body_class":"","_genesis_custom_post_class":"","_genesis_layout":"","footnotes":""},"class_list":{"0":"post-13977","1":"page","2":"type-page","3":"status-publish","5":"entry"},"_links":{"self":[{"href":"https:\/\/moverdb.com\/lv\/wp-json\/wp\/v2\/pages\/13977","targetHints":{"allow":["GET"]}}],"collection":[{"href":"https:\/\/moverdb.com\/lv\/wp-json\/wp\/v2\/pages"}],"about":[{"href":"https:\/\/moverdb.com\/lv\/wp-json\/wp\/v2\/types\/page"}],"author":[{"embeddable":true,"href":"https:\/\/moverdb.com\/lv\/wp-json\/wp\/v2\/users\/1"}],"replies":[{"embeddable":true,"href":"https:\/\/moverdb.com\/lv\/wp-json\/wp\/v2\/comments?post=13977"}],"version-history":[{"count":1,"href":"https:\/\/moverdb.com\/lv\/wp-json\/wp\/v2\/pages\/13977\/revisions"}],"predecessor-version":[{"id":15760,"href":"https:\/\/moverdb.com\/lv\/wp-json\/wp\/v2\/pages\/13977\/revisions\/15760"}],"up":[{"embeddable":true,"href":"https:\/\/moverdb.com\/lv\/wp-json\/wp\/v2\/pages\/13427"}],"wp:attachment":[{"href":"https:\/\/moverdb.com\/lv\/wp-json\/wp\/v2\/media?parent=13977"}],"curies":[{"name":"wp","href":"https:\/\/api.w.org\/{rel}","templated":true}]}}