{"id":13961,"date":"2023-11-08T15:53:26","date_gmt":"2023-11-08T15:53:26","guid":{"rendered":"https:\/\/moverdb.com\/freight-forwarder\/freight-forwarding-uk\/colchester-freight-forwarder\/"},"modified":"2026-01-08T14:58:50","modified_gmt":"2026-01-08T14:58:50","slug":"colchester-freight-forwarder","status":"publish","type":"page","link":"https:\/\/moverdb.com\/lv\/freight-forwarder\/freight-forwarding-uk\/colchester-freight-forwarder\/","title":{"rendered":"3 lab\u0101kie Kol\u010desteras kravu eksped\u012bcijas uz\u0146\u0113mumi (2024)"},"content":{"rendered":"<p>Zem\u0101k m\u0113s apl\u016bkojam 3 <em>\"lab\u0101kais\"<\/em> Kravu eksped\u012bcijas uz\u0146\u0113mumi Kol\u010dester\u0101 no 15.<\/p>\n<p>Lai uzzin\u0101tu vair\u0101k par to, k\u0101 m\u0113s izv\u0113l\u0113j\u0101mies lab\u0101kos, skatiet m\u016bsu FAQ sada\u013cu beig\u0101s.<\/p>\n<p><em>L\u016bdzu, \u0146emiet v\u0113r\u0101, ka turpm\u0101k min\u0113tie saraksti nav sak\u0101rtoti \u012bpa\u0161\u0101 sec\u012bb\u0101 un m\u0113s nesniedzam ieteikumus par k\u0101du konkr\u0113tu uz\u0146\u0113mumu.<\/em><\/p>\n<div id=\"ez-toc-container\" class=\"ez-toc-v2_0_82_2 ez-toc-wrap-left counter-hierarchy ez-toc-counter ez-toc-transparent ez-toc-container-direction\">\n<div class=\"ez-toc-title-container\">\n<p class=\"ez-toc-title\" style=\"cursor:inherit\">Sada\u013cas<\/p>\n<span class=\"ez-toc-title-toggle\"><a href=\"#\" class=\"ez-toc-pull-right ez-toc-btn ez-toc-btn-xs ez-toc-btn-default ez-toc-toggle\" aria-label=\"P\u0101rsl\u0113gt satura tabulu\"><span class=\"ez-toc-js-icon-con\"><span class=\"\"><span class=\"eztoc-hide\" style=\"display:none;\">P\u0101rsl\u0113gt<\/span><span class=\"ez-toc-icon-toggle-span\"><svg style=\"fill: #999;color:#999\" xmlns=\"http:\/\/www.w3.org\/2000\/svg\" class=\"list-377408\" width=\"20px\" height=\"20px\" viewbox=\"0 0 24 24\" fill=\"none\"><path d=\"M6 6H4v2h2V6zm14 0H8v2h12V6zM4 11h2v2H4v-2zm16 0H8v2h12v-2zM4 16h2v2H4v-2zm16 0H8v2h12v-2z\" fill=\"currentColor\"><\/path><\/svg><svg style=\"fill: #999;color:#999\" class=\"arrow-unsorted-368013\" xmlns=\"http:\/\/www.w3.org\/2000\/svg\" width=\"10px\" height=\"10px\" viewbox=\"0 0 24 24\" version=\"1.2\" baseprofile=\"tiny\"><path d=\"M18.2 9.3l-6.2-6.3-6.2 6.3c-.2.2-.3.4-.3.7s.1.5.3.7c.2.2.4.3.7.3h11c.3 0 .5-.1.7-.3.2-.2.3-.5.3-.7s-.1-.5-.3-.7zM5.8 14.7l6.2 6.3 6.2-6.3c.2-.2.3-.5.3-.7s-.1-.5-.3-.7c-.2-.2-.4-.3-.7-.3h-11c-.3 0-.5.1-.7.3-.2.2-.3.5-.3.7s.1.5.3.7z\"\/><\/svg><\/span><\/span><\/span><\/a><\/span><\/div>\n<nav><ul class='ez-toc-list ez-toc-list-level-1 eztoc-toggle-hide-by-default' ><li class='ez-toc-page-1 ez-toc-heading-level-2'><a class=\"ez-toc-link ez-toc-heading-1\" href=\"https:\/\/moverdb.com\/lv\/freight-forwarder\/freight-forwarding-uk\/colchester-freight-forwarder\/#Reliable_Shipping_Limited\" >Reliable Shipping Limited<\/a><\/li><li class='ez-toc-page-1 ez-toc-heading-level-2'><a class=\"ez-toc-link ez-toc-heading-2\" href=\"https:\/\/moverdb.com\/lv\/freight-forwarder\/freight-forwarding-uk\/colchester-freight-forwarder\/#Cassilon_Ltd\" >Cassilon Ltd<\/a><\/li><li class='ez-toc-page-1 ez-toc-heading-level-2'><a class=\"ez-toc-link ez-toc-heading-3\" href=\"https:\/\/moverdb.com\/lv\/freight-forwarder\/freight-forwarding-uk\/colchester-freight-forwarder\/#Freight_Unlocked_Ltd\" >Kravas Unlocked Ltd<\/a><\/li><li class='ez-toc-page-1 ez-toc-heading-level-2'><a class=\"ez-toc-link ez-toc-heading-4\" href=\"https:\/\/moverdb.com\/lv\/freight-forwarder\/freight-forwarding-uk\/colchester-freight-forwarder\/#How_we_picked_the_best_Colchester_Freight_Forwarding_Companies\" >K\u0101 m\u0113s izv\u0113l\u0113j\u0101mies lab\u0101kos Kol\u010desteras kravu p\u0101rvad\u0101jumu uz\u0146\u0113mumus<\/a><\/li><\/ul><\/nav><\/div>\n<h2><span class=\"ez-toc-section\" id=\"Reliable_Shipping_Limited\"><\/span>Reliable Shipping Limited<span class=\"ez-toc-section-end\"><\/span><\/h2>\n<p><img decoding=\"async\" src=\"https:\/\/moverdb.com\/wp-content\/uploads\/AF1QipN5NQRqVKkBhSOqbVgVbEb4dnlw8bReKWqd5wbDw408-h544-k-no.jpg\" alt='Reliable Shipping Limited' class=\"aligncenter\"><\/p>\n<p><strong>Apraksts no uz\u0146\u0113muma: <\/strong>Starptautiskie kravu p\u0101rvad\u0101jumi un lo\u0123istika<\/p>\n<p><strong>Papildu pakalpojumi:<\/strong><\/p>\n<p>Nav iek\u013cauts sarakst\u0101<\/p>\n<p><strong>Adrese:<\/strong> A vien\u012bba <a href=\"https:\/\/moverdb.com\/lv\/international-money-transfer-services\/caxton-review\/\" data-internallinksmanager029f6b8e52c=\"372\" title=\"Caxton International naudas p\u0101rvedumu p\u0101rskats 2023\">Caxton<\/a> Court Severalls Industrial Estate, Newcomen Way, Colchester CO4 9TG<\/p>\n<p><a href=\"http:\/\/reliableshipping.co.uk\/\" target=\"_new\" rel=\"noopener\">Reliable Shipping Limited t\u012bmek\u013ca vietne<\/a><\/p>\n<p><strong>P\u0101rskata rezult\u0101ts: <\/strong>4.1<br \/> <strong>Atsauksmes skaits:<\/strong> 8<br \/><a href=\"https:\/\/www.google.co.uk\/maps?cid=5883449715287398858&#038;hl=en&#038;gl=GB\" target=\"_new\" rel=\"noopener\">Las\u012bt atsauksmes<\/a><\/p>\n<h2><span class=\"ez-toc-section\" id=\"Cassilon_Ltd\"><\/span>Cassilon Ltd<span class=\"ez-toc-section-end\"><\/span><\/h2>\n<p><img decoding=\"async\" src=\"https:\/\/moverdb.com\/wp-content\/uploads\/thumbnailpanoidnTeZX5YmJMalWITQuBV00Qcb_clientsearch.gws-prod.gpsw408h240yaw237.jpg\" alt='Cassilon Ltd' class=\"aligncenter\"><\/p>\n<p><strong>Apraksts no uz\u0146\u0113muma: <\/strong>Nav sniegts<\/p>\n<p><strong>Papildu pakalpojumi:<\/strong><\/p>\n<p>Nav iek\u013cauts sarakst\u0101<\/p>\n<p><strong>Adrese:<\/strong> The Dhoon, Quintons Road, East Bergholt, Colchester CO7 6RB<\/p>\n<p><a href=\"http:\/\/www.cassilon.com\/\" target=\"_new\" rel=\"noopener\">Cassilon Ltd t\u012bmek\u013ca vietne<\/a><\/p>\n<p><strong>P\u0101rskata rezult\u0101ts: <\/strong>5<br \/> <strong>Atsauksmes skaits:<\/strong> 1<br \/><a href=\"https:\/\/www.google.co.uk\/maps?cid=6185132341801117124&#038;hl=en&#038;gl=GB\" target=\"_new\" rel=\"noopener\">Las\u012bt atsauksmes<\/a><\/p>\n<h2><span class=\"ez-toc-section\" id=\"Freight_Unlocked_Ltd\"><\/span>Kravas Unlocked Ltd<span class=\"ez-toc-section-end\"><\/span><\/h2>\n<p><img decoding=\"async\" src=\"https:\/\/moverdb.com\/wp-content\/uploads\/thumbnailpanoide06Etnagy7TbfR4PlJGk-wcb_clientsearch.gws-prod.gpsw408h240yaw98.jpg\" alt='Kravas Unlocked Ltd' class=\"aligncenter\"><\/p>\n<p><strong>Apraksts no uz\u0146\u0113muma: <\/strong>M\u0113s sadarbojamies ar visaptvero\u0161u, sare\u017e\u0123\u012btu lo\u0123istikas a\u0123entu t\u012bklu vis\u0101 pasaul\u0113.<\/p>\n<p> M\u016bsu a\u0123enti nodro\u0161ina <a href=\"https:\/\/moverdb.com\/lv\/moving-to-the-united-states\/\" data-internallinksmanager029f6b8e52c=\"94\" title=\"P\u0101rce\u013caties uz Amerikas Savienotaj\u0101m Valst\u012bm? 2022 Dz\u012bves izmaksas un p\u0101rcel\u0161an\u0101s padomi\">mums<\/a> ar nenov\u0113rt\u0113jam\u0101m zin\u0101\u0161an\u0101m un atbalstu, lai nodro\u0161in\u0101tu j\u016bsu kravas dro\u0161u dro\u0161\u012bbu un tranz\u012btu.<\/p>\n<p> Sniegtie pakalpojumi<\/p>\n<p>J\u016bras p\u0101rvad\u0101jumi:<br \/>\n(LCL) Maz\u0101ka nek\u0101 konteinera krava<br \/>\n(FCL) Pilna konteinera krava<br \/>\n\u00a2 \u0101rpus m\u0113rier\u012bces<br \/>\n\u00a2 Reiferi<br \/>\n\u00a2 Projekta kust\u012bbas<br \/>\n\u00a2 B\u012bstamas kravas<br \/>\n\u00a2 Cross Trades<br \/>\n\u00a2 Import\u0113t piel\u0101gotus kl\u012brensus<\/p>\n<p>Kravu aviop\u0101rvad\u0101jumi:<br \/>\n- Eksporta un importa konsolid\u0101cija<br \/>\n\u00a2 Cross Trades<br \/>\n\u00a2 \u0101rpus m\u0113rier\u012bces<br \/>\n\u00a2 B\u012bstamas kravas<br \/>\n\u00a2 Importa muito\u0161ana<\/p>\n<p>Kravu autop\u0101rvad\u0101jumi:<br \/>\n- Pilna un da\u013c\u0113ja slodze<br \/>\n\u00a2 Ekspress pakalpojumi<br \/>\n\u00a2 Kontrol\u0113ta temperat\u016bra<br \/>\n\u00a2 B\u012bstamas kravas<br \/>\n\u00a2 Projekta kust\u012bbas<\/p>\n<p>Uzglab\u0101\u0161ana noliktav\u0101:<br \/>\n\u00a2 Pick and Pack<br \/>\n\u00a2 pre\u010du uzglab\u0101\u0161ana<br \/>\n- Rado\u0161s piel\u0101gots iepakojums<br \/>\n- Iepakojuma sag\u0101de<\/p>\n<p><strong>Papildu pakalpojumi:<\/strong><\/p>\n<p>Nav iek\u013cauts sarakst\u0101<\/p>\n<p><strong>Adrese:<\/strong> Kol\u010desteras centrs, Hawkins Rd, Colchester CO2 8JX<\/p>\n<p><a href=\"https:\/\/www.freightunlocked.co.uk\/\" target=\"_new\" rel=\"noopener\">Kravu Unlocked Ltd t\u012bmek\u013ca vietne<\/a><\/p>\n<p><strong>P\u0101rskata rezult\u0101ts: <\/strong>5<br \/> <strong>Atsauksmes skaits:<\/strong> 1<br \/><a href=\"https:\/\/www.google.co.uk\/maps?cid=14185732652483765426&#038;hl=en&#038;gl=GB\" target=\"_new\" rel=\"noopener\">Las\u012bt atsauksmes<\/a><\/p>\n<h2><span class=\"ez-toc-section\" id=\"How_we_picked_the_best_Colchester_Freight_Forwarding_Companies\"><\/span>K\u0101 m\u0113s izv\u0113l\u0113j\u0101mies lab\u0101kos Kol\u010desteras kravu p\u0101rvad\u0101jumu uz\u0146\u0113mumus<span class=\"ez-toc-section-end\"><\/span><\/h2>\n<p>S\u0101k\u0101m ar 15 Kol\u010desteras kravu p\u0101rvad\u0101jumu uz\u0146\u0113mumu datu kopu, ko var\u0113j\u0101m atrast, izmantojot Google Maps, un sa\u0161aurin\u0101j\u0101m to l\u012bdz 3 lab\u0101kajiem.<\/p>\n<p>Lai to izdar\u012btu, m\u0113s izsv\u012btroj\u0101m jebkuru uz\u0146\u0113mumu, kas:<\/p>\n<ul>\n<li> Nebija t\u012bmek\u013ca vietnes<\/li>\n<li> Nebija atsauksmju<\/li>\n<li> vid\u0113jais atsauksmju v\u0113rt\u0113jums bija zem\u0101ks par 2,0<\/li>\n<\/ul>\n<p>\u0160aj\u0101 br\u012bd\u012b, ja mums bija 17 vai maz\u0101k ekspeditoru, m\u0113s uzskait\u012bj\u0101m visus.<\/p>\n<p>Pils\u0113t\u0101s, kur\u0101s bija paliku\u0161i vair\u0101k nek\u0101 17 ekspeditori, m\u0113s veic\u0101m turpm\u0101kas korekcijas, vai nu palielinot nepiecie\u0161amo atsauksmju punktu skaitu (piem\u0113ram, no vismaz 2,0 l\u012bdz 4,0), un\/vai palielinot minim\u0101lo nepiecie\u0161amo atsauksmju skaitu (piem\u0113ram, no vismaz 1 atsauksmes l\u012bdz vismaz 10).<\/p>\n<p>\u0145emiet v\u0113r\u0101, ka m\u0113s izmantoj\u0101m tikai p\u0101rskat\u012b\u0161anas datus no Google Maps, nevis cit\u0101m tre\u0161o pu\u0161u vietn\u0113m.<\/p>\n<p>Vair\u0101k pils\u0113tu:<\/p>\n<p><a href=\"https:\/\/moverdb.com\/lv\/kravas-ekspeditors\/freight-forwarding-uk\/northampton-freight-forwarder\/\">Northampton Kravu ekspeditors<\/a><br \/><a href=\"https:\/\/moverdb.com\/lv\/kravas-ekspeditors\/freight-forwarding-uk\/iver-freight-forwarder\/\">Iver Kravu ekspeditors<\/a><br \/><a href=\"https:\/\/moverdb.com\/lv\/kravas-ekspeditors\/freight-forwarding-uk\/nuneaton-freight-forwarder\/\">Nuneaton Kravu ekspeditors<\/a><br \/><a href=\"https:\/\/moverdb.com\/lv\/kravas-ekspeditors\/freight-forwarding-uk\/belvedere-freight-forwarder\/\">Belvedere Kravu ekspeditors<\/a><br \/><a href=\"https:\/\/moverdb.com\/lv\/kravas-ekspeditors\/freight-forwarding-uk\/portsmouth-freight-forwarder\/\">Portsmutas kravas ekspeditors<\/a><\/p>","protected":false},"excerpt":{"rendered":"<p>Below we look at the 3 &#8220;best&#8221; Freight Forwarding companies in Colchester out of 15. To learn more about how we chose the best please consult our FAQ section at the end. Please not the following listings are in no particular order and we are not making any recommendations for any particular company. Reliable Shipping [&hellip;]<\/p>\n","protected":false},"author":1,"featured_media":0,"parent":13427,"menu_order":0,"comment_status":"open","ping_status":"open","template":"","meta":{"_genesis_hide_title":false,"_genesis_hide_breadcrumbs":false,"_genesis_hide_singular_image":false,"_genesis_hide_footer_widgets":false,"_genesis_custom_body_class":"","_genesis_custom_post_class":"","_genesis_layout":"","footnotes":""},"class_list":{"0":"post-13961","1":"page","2":"type-page","3":"status-publish","5":"entry"},"_links":{"self":[{"href":"https:\/\/moverdb.com\/lv\/wp-json\/wp\/v2\/pages\/13961","targetHints":{"allow":["GET"]}}],"collection":[{"href":"https:\/\/moverdb.com\/lv\/wp-json\/wp\/v2\/pages"}],"about":[{"href":"https:\/\/moverdb.com\/lv\/wp-json\/wp\/v2\/types\/page"}],"author":[{"embeddable":true,"href":"https:\/\/moverdb.com\/lv\/wp-json\/wp\/v2\/users\/1"}],"replies":[{"embeddable":true,"href":"https:\/\/moverdb.com\/lv\/wp-json\/wp\/v2\/comments?post=13961"}],"version-history":[{"count":1,"href":"https:\/\/moverdb.com\/lv\/wp-json\/wp\/v2\/pages\/13961\/revisions"}],"predecessor-version":[{"id":15763,"href":"https:\/\/moverdb.com\/lv\/wp-json\/wp\/v2\/pages\/13961\/revisions\/15763"}],"up":[{"embeddable":true,"href":"https:\/\/moverdb.com\/lv\/wp-json\/wp\/v2\/pages\/13427"}],"wp:attachment":[{"href":"https:\/\/moverdb.com\/lv\/wp-json\/wp\/v2\/media?parent=13961"}],"curies":[{"name":"wp","href":"https:\/\/api.w.org\/{rel}","templated":true}]}}