{"id":13934,"date":"2023-11-08T15:53:26","date_gmt":"2023-11-08T15:53:26","guid":{"rendered":"https:\/\/moverdb.com\/freight-forwarder\/freight-forwarding-uk\/heywood-freight-forwarder\/"},"modified":"2026-01-08T13:17:31","modified_gmt":"2026-01-08T13:17:31","slug":"heywood-freight-forwarder","status":"publish","type":"page","link":"https:\/\/moverdb.com\/lv\/freight-forwarder\/freight-forwarding-uk\/heywood-freight-forwarder\/","title":{"rendered":"3 lab\u0101kie Heywood kravu eksped\u012bcijas uz\u0146\u0113mumi (2024)"},"content":{"rendered":"<p>Zem\u0101k m\u0113s apl\u016bkojam 3 <em>\"lab\u0101kais\"<\/em> Kravu eksped\u012bcijas uz\u0146\u0113mumi Hejvud\u0101 no 3.<\/p>\n<p>Lai uzzin\u0101tu vair\u0101k par to, k\u0101 m\u0113s izv\u0113l\u0113j\u0101mies lab\u0101kos, skatiet m\u016bsu FAQ sada\u013cu beig\u0101s.<\/p>\n<p><em>L\u016bdzu, \u0146emiet v\u0113r\u0101, ka turpm\u0101k min\u0113tie saraksti nav sak\u0101rtoti \u012bpa\u0161\u0101 sec\u012bb\u0101 un m\u0113s nesniedzam ieteikumus par k\u0101du konkr\u0113tu uz\u0146\u0113mumu.<\/em><\/p>\n<div id=\"ez-toc-container\" class=\"ez-toc-v2_0_82_2 ez-toc-wrap-left counter-hierarchy ez-toc-counter ez-toc-transparent ez-toc-container-direction\">\n<div class=\"ez-toc-title-container\">\n<p class=\"ez-toc-title\" style=\"cursor:inherit\">Sada\u013cas<\/p>\n<span class=\"ez-toc-title-toggle\"><a href=\"#\" class=\"ez-toc-pull-right ez-toc-btn ez-toc-btn-xs ez-toc-btn-default ez-toc-toggle\" aria-label=\"P\u0101rsl\u0113gt satura tabulu\"><span class=\"ez-toc-js-icon-con\"><span class=\"\"><span class=\"eztoc-hide\" style=\"display:none;\">P\u0101rsl\u0113gt<\/span><span class=\"ez-toc-icon-toggle-span\"><svg style=\"fill: #999;color:#999\" xmlns=\"http:\/\/www.w3.org\/2000\/svg\" class=\"list-377408\" width=\"20px\" height=\"20px\" viewbox=\"0 0 24 24\" fill=\"none\"><path d=\"M6 6H4v2h2V6zm14 0H8v2h12V6zM4 11h2v2H4v-2zm16 0H8v2h12v-2zM4 16h2v2H4v-2zm16 0H8v2h12v-2z\" fill=\"currentColor\"><\/path><\/svg><svg style=\"fill: #999;color:#999\" class=\"arrow-unsorted-368013\" xmlns=\"http:\/\/www.w3.org\/2000\/svg\" width=\"10px\" height=\"10px\" viewbox=\"0 0 24 24\" version=\"1.2\" baseprofile=\"tiny\"><path d=\"M18.2 9.3l-6.2-6.3-6.2 6.3c-.2.2-.3.4-.3.7s.1.5.3.7c.2.2.4.3.7.3h11c.3 0 .5-.1.7-.3.2-.2.3-.5.3-.7s-.1-.5-.3-.7zM5.8 14.7l6.2 6.3 6.2-6.3c.2-.2.3-.5.3-.7s-.1-.5-.3-.7c-.2-.2-.4-.3-.7-.3h-11c-.3 0-.5.1-.7.3-.2.2-.3.5-.3.7s.1.5.3.7z\"\/><\/svg><\/span><\/span><\/span><\/a><\/span><\/div>\n<nav><ul class='ez-toc-list ez-toc-list-level-1 eztoc-toggle-hide-by-default' ><li class='ez-toc-page-1 ez-toc-heading-level-2'><a class=\"ez-toc-link ez-toc-heading-1\" href=\"https:\/\/moverdb.com\/lv\/freight-forwarder\/freight-forwarding-uk\/heywood-freight-forwarder\/#ITD_Global_Head_Office\" >ITD glob\u0101lais galvenais birojs<\/a><\/li><li class='ez-toc-page-1 ez-toc-heading-level-2'><a class=\"ez-toc-link ez-toc-heading-2\" href=\"https:\/\/moverdb.com\/lv\/freight-forwarder\/freight-forwarding-uk\/heywood-freight-forwarder\/#Ital_Logistics_Limited\" >Ital Logistics Limited<\/a><\/li><li class='ez-toc-page-1 ez-toc-heading-level-2'><a class=\"ez-toc-link ez-toc-heading-3\" href=\"https:\/\/moverdb.com\/lv\/freight-forwarder\/freight-forwarding-uk\/heywood-freight-forwarder\/#Uniexpress_Ltd\" >Uniexpress Ltd<\/a><\/li><li class='ez-toc-page-1 ez-toc-heading-level-2'><a class=\"ez-toc-link ez-toc-heading-4\" href=\"https:\/\/moverdb.com\/lv\/freight-forwarder\/freight-forwarding-uk\/heywood-freight-forwarder\/#How_we_picked_the_best_Heywood_Freight_Forwarding_Companies\" >K\u0101 m\u0113s izv\u0113l\u0113j\u0101mies lab\u0101kos Hejvudas kravas eksped\u012bcijas uz\u0146\u0113mumus<\/a><\/li><\/ul><\/nav><\/div>\n<h2><span class=\"ez-toc-section\" id=\"ITD_Global_Head_Office\"><\/span>ITD glob\u0101lais galvenais birojs<span class=\"ez-toc-section-end\"><\/span><\/h2>\n<p><img decoding=\"async\" src=\"https:\/\/moverdb.com\/wp-content\/uploads\/AF1QipNrIAOK1pecyCJuhvNkN5Kl6uFxDNLuH-T9Ee2qw470-h240-k-no.jpg\" alt='ITD glob\u0101lais galvenais birojs' class=\"aligncenter\"><\/p>\n<p><strong>Apraksts no uz\u0146\u0113muma: <\/strong>ITD Global pied\u0101v\u0101 starptautiskos kurjerpasta pakalpojumus, uzticamus ekspress vai ekonomiskos aviop\u0101rvad\u0101jumu pakalpojumus, kas \u013cauj jums import\u0113t vai eksport\u0113t savas preces efekt\u012bv\u0101k un rentabl\u0101k, pieg\u0101d\u0101jot j\u016bsu s\u016bt\u012bjumus jebkur\u0101 pasaules viet\u0101, kad un kur jums tie ir nepiecie\u0161ami.<\/p>\n<p> ITD pied\u0101v\u0101 ar\u012b e-komercijas paku pieg\u0101des risin\u0101jumus, nodro\u0161inot integr\u0113tu e-komercijas platformu ar iesp\u0113j\u0101m, kas nepiecie\u0161amas netrauc\u0113tai pieg\u0101dei, lab\u0101kai klientu atgriezeniskajai saitei un liel\u0101kai efektivit\u0101tei.<\/p>\n<p><strong>Papildu pakalpojumi:<\/strong><\/p>\n<p>Kurjerpasts<\/p>\n<p>E-komercijas a\u0123ent\u016bra<\/p>\n<p>Pieg\u0101des uz\u0146\u0113mums<\/p>\n<p><strong>Adrese:<\/strong> Unit A, Birch Industrial Park, Whittle Ln, Heywood OL10 2SX<\/p>\n<p><a href=\"http:\/\/www.itdglobal.com\/\" target=\"_new\" rel=\"noopener\">ITD galven\u0101 biroja t\u012bmek\u013ca vietne<\/a><\/p>\n<p><strong>P\u0101rskata rezult\u0101ts: <\/strong>3.9<br \/> <strong>Atsauksmes skaits:<\/strong> 34<br \/><a href=\"https:\/\/www.google.co.uk\/maps?cid=6159889693986751776&#038;hl=en&#038;gl=GB\" target=\"_new\" rel=\"noopener\">Las\u012bt atsauksmes<\/a><\/p>\n<h2><span class=\"ez-toc-section\" id=\"Ital_Logistics_Limited\"><\/span>Ital Logistics Limited<span class=\"ez-toc-section-end\"><\/span><\/h2>\n<p><img decoding=\"async\" src=\"https:\/\/moverdb.com\/wp-content\/uploads\/AF1QipMCZ7lxoxZMg4LNZI1lLbAimTIjJq0mm-y4Ko2fw408-h306-k-no.jpg\" alt='Ital Logistics Limited' class=\"aligncenter\"><\/p>\n<p><strong>Apraksts no uz\u0146\u0113muma: <\/strong><br \/>\nITAL Logistics ir Lielbrit\u0101nijas kravu p\u0101rvad\u0101jumu uz\u0146\u0113mums ar it\u0101\u013cu gar\u0161u.<\/p>\n<p> Uz\u0146\u0113mums s\u0101ka savu darb\u012bbu, specializ\u0113joties kravu p\u0101rvad\u0101jumos starp <a href=\"https:\/\/moverdb.com\/lv\/moving-to-the-uk\/\" data-internallinksmanager029f6b8e52c=\"93\" title=\"P\u0101rce\u013caties uz Apvienoto Karalisti? 2022 Dz\u012bves izmaksas un p\u0101rcel\u0161an\u0101s padomi\">APVIENOT\u0100 KARALISTE<\/a> un <a href=\"https:\/\/moverdb.com\/lv\/moving-to-italy\/\" data-internallinksmanager029f6b8e52c=\"346\" title=\"P\u0101rcel\u0161an\u0101s uz It\u0101liju? 2023 Dz\u012bves izmaksas un p\u0101rcel\u0161an\u0101s padomi\">It\u0101lija<\/a>, bet kop\u0161 t\u0101 laika ir papla\u0161in\u0101jusi savu pakalpojumu kl\u0101stu, iek\u013caujot ar\u012b <a href=\"https:\/\/moverdb.com\/lv\/moving-to-spain\/\" data-internallinksmanager029f6b8e52c=\"266\" title=\"P\u0101rcel\u0161an\u0101s uz Sp\u0101niju? 2023 Dz\u012bves izmaksas un p\u0101rcel\u0161an\u0101s padomi\">Sp\u0101nija<\/a>, <a href=\"https:\/\/moverdb.com\/lv\/moving-to-greece\/\" data-internallinksmanager029f6b8e52c=\"353\" title=\"P\u0101rcel\u0161an\u0101s uz Grie\u0137iju? 2023 Dz\u012bves izmaksas un p\u0101rcel\u0161an\u0101s padomi\">Grie\u0137ija<\/a>, <a href=\"https:\/\/moverdb.com\/lv\/moving-to-portugal\/\" data-internallinksmanager029f6b8e52c=\"316\" title=\"P\u0101rcel\u0161an\u0101s uz Portug\u0101li? 2023 Dz\u012bves izmaksas un p\u0101rcel\u0161an\u0101s padomi\">Portug\u0101le<\/a>, k\u0101 ar\u012b vair\u0101kas Centr\u0101leiropas, Rietumeiropas un Austrumeiropas valstis.<\/p>\n<p> ITAL Logistics nodro\u0161ina ikned\u0113\u013cas regul\u0101rus un pa\u0101trin\u0101tus (48 stundu laik\u0101) kravu p\u0101rvad\u0101jumus.<\/p>\n<p> Tai ir ar\u012b pieredze b\u012bstamu pre\u010du, piem\u0113ram, \u0137\u012bmisko vielu, p\u0101rvad\u0101\u0161an\u0101.<\/p>\n<p><strong>Papildu pakalpojumi:<\/strong><\/p>\n<p>Pieg\u0101des uz\u0146\u0113mums<\/p>\n<p><strong>Adrese:<\/strong> Unit 1, Birch Business Park, Whittle Ln, Heywood OL10 2SX<\/p>\n<p><a href=\"http:\/\/www.ital-logistics.com\/\" target=\"_new\" rel=\"noopener\">Ital Logistics Limited t\u012bmek\u013ca vietne<\/a><\/p>\n<p><strong>P\u0101rskata rezult\u0101ts: <\/strong>4<br \/> <strong>Atsauksmes skaits:<\/strong> 92<br \/><a href=\"https:\/\/www.google.co.uk\/maps?cid=3298825447208770271&#038;hl=en&#038;gl=GB\" target=\"_new\" rel=\"noopener\">Las\u012bt atsauksmes<\/a><\/p>\n<h2><span class=\"ez-toc-section\" id=\"Uniexpress_Ltd\"><\/span>Uniexpress Ltd<span class=\"ez-toc-section-end\"><\/span><\/h2>\n<p><img decoding=\"async\" src=\"\" alt=\"Uniexpress Ltd\" class=\"aligncenter\"><\/p>\n<p><strong>Apraksts no uz\u0146\u0113muma: <\/strong>Nav sniegts<\/p>\n<p><strong>Papildu pakalpojumi:<\/strong><\/p>\n<p>Nav iek\u013cauts sarakst\u0101<\/p>\n<p><strong>Adrese:<\/strong> heywood distribution park, Unit B4 3&amp;4, Heywood OL10 2TT<\/p>\n<p><a href=\"https:\/\/uniexpress.co.uk\/\" target=\"_new\" rel=\"noopener\">Uniexpress Ltd t\u012bmek\u013ca vietne<\/a><\/p>\n<p><strong>P\u0101rskata rezult\u0101ts: <\/strong>5<br \/> <strong>Atsauksmes skaits:<\/strong> 1<br \/><a href=\"https:\/\/www.google.co.uk\/maps?cid=12989075388009781764&#038;hl=en&#038;gl=GB\" target=\"_new\" rel=\"noopener\">Las\u012bt atsauksmes<\/a><\/p>\n<h2><span class=\"ez-toc-section\" id=\"How_we_picked_the_best_Heywood_Freight_Forwarding_Companies\"><\/span>K\u0101 m\u0113s izv\u0113l\u0113j\u0101mies lab\u0101kos Hejvudas kravas eksped\u012bcijas uz\u0146\u0113mumus<span class=\"ez-toc-section-end\"><\/span><\/h2>\n<p>M\u0113s s\u0101k\u0101m ar datu kopu, kur\u0101 bija 3 Hejvudas kravu p\u0101rvad\u0101jumu uz\u0146\u0113mumi, kurus var\u0113j\u0101m atrast, izmantojot Google Maps, un sa\u0161aurin\u0101j\u0101m to sarakstu l\u012bdz 3 lab\u0101kajiem.<\/p>\n<p>Lai to izdar\u012btu, m\u0113s izsv\u012btroj\u0101m jebkuru uz\u0146\u0113mumu, kas:<\/p>\n<ul>\n<li> Nebija t\u012bmek\u013ca vietnes<\/li>\n<li> Nebija atsauksmju<\/li>\n<li> vid\u0113jais atsauksmju v\u0113rt\u0113jums bija zem\u0101ks par 2,0<\/li>\n<\/ul>\n<p>\u0160aj\u0101 br\u012bd\u012b, ja mums bija 17 vai maz\u0101k ekspeditoru, m\u0113s uzskait\u012bj\u0101m visus.<\/p>\n<p>Pils\u0113t\u0101s, kur\u0101s bija paliku\u0161i vair\u0101k nek\u0101 17 ekspeditori, m\u0113s veic\u0101m turpm\u0101kas korekcijas, vai nu palielinot nepiecie\u0161amo atsauksmju punktu skaitu (piem\u0113ram, no vismaz 2,0 l\u012bdz 4,0), un\/vai palielinot minim\u0101lo nepiecie\u0161amo atsauksmju skaitu (piem\u0113ram, no vismaz 1 atsauksmes l\u012bdz vismaz 10).<\/p>\n<p>\u0145emiet v\u0113r\u0101, ka m\u0113s izmantoj\u0101m tikai p\u0101rskat\u012b\u0161anas datus no Google Maps, nevis cit\u0101m tre\u0161o pu\u0161u vietn\u0113m.<\/p>\n<p>Vair\u0101k pils\u0113tu:<\/p>\n<p><a href=\"https:\/\/moverdb.com\/lv\/kravas-ekspeditors\/freight-forwarding-uk\/edinburgh-freight-forwarder\/\">Edinburgas kravas ekspeditors<\/a><br \/><a href=\"https:\/\/moverdb.com\/lv\/kravas-ekspeditors\/freight-forwarding-uk\/wakefield-freight-forwarder\/\">Veikf\u012bldas kravas ekspeditors<\/a><br \/><a href=\"https:\/\/moverdb.com\/lv\/kravas-ekspeditors\/freight-forwarding-uk\/christchurch-freight-forwarder\/\">Christchurch Freight Forwarder<\/a><br \/><a href=\"https:\/\/moverdb.com\/lv\/kravas-ekspeditors\/freight-forwarding-uk\/braintree-freight-forwarder\/\">Braintr\u012b kravas ekspeditors<\/a><br \/><a href=\"https:\/\/moverdb.com\/lv\/kravas-ekspeditors\/freight-forwarding-uk\/ilford-freight-forwarder\/\">Ilford Kravu ekspeditors<\/a><\/p>","protected":false},"excerpt":{"rendered":"<p>Below we look at the 3 &#8220;best&#8221; Freight Forwarding companies in Heywood out of 3. To learn more about how we chose the best please consult our FAQ section at the end. Please not the following listings are in no particular order and we are not making any recommendations for any particular company. ITD Global [&hellip;]<\/p>\n","protected":false},"author":1,"featured_media":0,"parent":13427,"menu_order":0,"comment_status":"open","ping_status":"open","template":"","meta":{"_genesis_hide_title":false,"_genesis_hide_breadcrumbs":false,"_genesis_hide_singular_image":false,"_genesis_hide_footer_widgets":false,"_genesis_custom_body_class":"","_genesis_custom_post_class":"","_genesis_layout":"","footnotes":""},"class_list":{"0":"post-13934","1":"page","2":"type-page","3":"status-publish","5":"entry"},"_links":{"self":[{"href":"https:\/\/moverdb.com\/lv\/wp-json\/wp\/v2\/pages\/13934","targetHints":{"allow":["GET"]}}],"collection":[{"href":"https:\/\/moverdb.com\/lv\/wp-json\/wp\/v2\/pages"}],"about":[{"href":"https:\/\/moverdb.com\/lv\/wp-json\/wp\/v2\/types\/page"}],"author":[{"embeddable":true,"href":"https:\/\/moverdb.com\/lv\/wp-json\/wp\/v2\/users\/1"}],"replies":[{"embeddable":true,"href":"https:\/\/moverdb.com\/lv\/wp-json\/wp\/v2\/comments?post=13934"}],"version-history":[{"count":1,"href":"https:\/\/moverdb.com\/lv\/wp-json\/wp\/v2\/pages\/13934\/revisions"}],"predecessor-version":[{"id":15767,"href":"https:\/\/moverdb.com\/lv\/wp-json\/wp\/v2\/pages\/13934\/revisions\/15767"}],"up":[{"embeddable":true,"href":"https:\/\/moverdb.com\/lv\/wp-json\/wp\/v2\/pages\/13427"}],"wp:attachment":[{"href":"https:\/\/moverdb.com\/lv\/wp-json\/wp\/v2\/media?parent=13934"}],"curies":[{"name":"wp","href":"https:\/\/api.w.org\/{rel}","templated":true}]}}