{"id":13911,"date":"2023-11-08T15:53:26","date_gmt":"2023-11-08T15:53:26","guid":{"rendered":"https:\/\/moverdb.com\/freight-forwarder\/freight-forwarding-uk\/grimsby-freight-forwarder\/"},"modified":"2026-01-08T13:17:50","modified_gmt":"2026-01-08T13:17:50","slug":"grimsby-freight-forwarder","status":"publish","type":"page","link":"https:\/\/moverdb.com\/lv\/freight-forwarder\/freight-forwarding-uk\/grimsby-freight-forwarder\/","title":{"rendered":"4 lab\u0101kie Grim\u0161bijas kravu eksped\u012bcijas uz\u0146\u0113mumi (2024)"},"content":{"rendered":"<p>Zem\u0101k m\u0113s apl\u016bkojam 4 <em>\"lab\u0101kais\"<\/em> Kravu eksped\u012bcijas uz\u0146\u0113mumi Grimsbij\u0101 no 11.<\/p>\n<p>Lai uzzin\u0101tu vair\u0101k par to, k\u0101 m\u0113s izv\u0113l\u0113j\u0101mies lab\u0101kos, skatiet m\u016bsu FAQ sada\u013cu beig\u0101s.<\/p>\n<p><em>L\u016bdzu, \u0146emiet v\u0113r\u0101, ka turpm\u0101k min\u0113tie saraksti nav sak\u0101rtoti \u012bpa\u0161\u0101 sec\u012bb\u0101 un m\u0113s nesniedzam ieteikumus par k\u0101du konkr\u0113tu uz\u0146\u0113mumu.<\/em><\/p>\n<div id=\"ez-toc-container\" class=\"ez-toc-v2_0_82_2 ez-toc-wrap-left counter-hierarchy ez-toc-counter ez-toc-transparent ez-toc-container-direction\">\n<div class=\"ez-toc-title-container\">\n<p class=\"ez-toc-title\" style=\"cursor:inherit\">Sada\u013cas<\/p>\n<span class=\"ez-toc-title-toggle\"><a href=\"#\" class=\"ez-toc-pull-right ez-toc-btn ez-toc-btn-xs ez-toc-btn-default ez-toc-toggle\" aria-label=\"P\u0101rsl\u0113gt satura tabulu\"><span class=\"ez-toc-js-icon-con\"><span class=\"\"><span class=\"eztoc-hide\" style=\"display:none;\">P\u0101rsl\u0113gt<\/span><span class=\"ez-toc-icon-toggle-span\"><svg style=\"fill: #999;color:#999\" xmlns=\"http:\/\/www.w3.org\/2000\/svg\" class=\"list-377408\" width=\"20px\" height=\"20px\" viewbox=\"0 0 24 24\" fill=\"none\"><path d=\"M6 6H4v2h2V6zm14 0H8v2h12V6zM4 11h2v2H4v-2zm16 0H8v2h12v-2zM4 16h2v2H4v-2zm16 0H8v2h12v-2z\" fill=\"currentColor\"><\/path><\/svg><svg style=\"fill: #999;color:#999\" class=\"arrow-unsorted-368013\" xmlns=\"http:\/\/www.w3.org\/2000\/svg\" width=\"10px\" height=\"10px\" viewbox=\"0 0 24 24\" version=\"1.2\" baseprofile=\"tiny\"><path d=\"M18.2 9.3l-6.2-6.3-6.2 6.3c-.2.2-.3.4-.3.7s.1.5.3.7c.2.2.4.3.7.3h11c.3 0 .5-.1.7-.3.2-.2.3-.5.3-.7s-.1-.5-.3-.7zM5.8 14.7l6.2 6.3 6.2-6.3c.2-.2.3-.5.3-.7s-.1-.5-.3-.7c-.2-.2-.4-.3-.7-.3h-11c-.3 0-.5.1-.7.3-.2.2-.3.5-.3.7s.1.5.3.7z\"\/><\/svg><\/span><\/span><\/span><\/a><\/span><\/div>\n<nav><ul class='ez-toc-list ez-toc-list-level-1 eztoc-toggle-hide-by-default' ><li class='ez-toc-page-1 ez-toc-heading-level-2'><a class=\"ez-toc-link ez-toc-heading-1\" href=\"https:\/\/moverdb.com\/lv\/freight-forwarder\/freight-forwarding-uk\/grimsby-freight-forwarder\/#Omega_UK_Ltd\" >Omega UK Ltd<\/a><\/li><li class='ez-toc-page-1 ez-toc-heading-level-2'><a class=\"ez-toc-link ez-toc-heading-2\" href=\"https:\/\/moverdb.com\/lv\/freight-forwarder\/freight-forwarding-uk\/grimsby-freight-forwarder\/#GB_Shipping_Forwarding\" >GB Shipping &amp; Forwarding<\/a><\/li><li class='ez-toc-page-1 ez-toc-heading-level-2'><a class=\"ez-toc-link ez-toc-heading-3\" href=\"https:\/\/moverdb.com\/lv\/freight-forwarder\/freight-forwarding-uk\/grimsby-freight-forwarder\/#RMS_Immingham_Grimsby\" >RMS Immingham \/ Grimsby<\/a><\/li><li class='ez-toc-page-1 ez-toc-heading-level-2'><a class=\"ez-toc-link ez-toc-heading-4\" href=\"https:\/\/moverdb.com\/lv\/freight-forwarder\/freight-forwarding-uk\/grimsby-freight-forwarder\/#Andrew_James_Forwarding_Ltd\" >Andrew James Forwarding Ltd<\/a><\/li><li class='ez-toc-page-1 ez-toc-heading-level-2'><a class=\"ez-toc-link ez-toc-heading-5\" href=\"https:\/\/moverdb.com\/lv\/freight-forwarder\/freight-forwarding-uk\/grimsby-freight-forwarder\/#How_we_picked_the_best_Grimsby_Freight_Forwarding_Companies\" >K\u0101 m\u0113s izv\u0113l\u0113j\u0101mies lab\u0101kos Grimsbijas kravas eksped\u012bcijas uz\u0146\u0113mumus<\/a><\/li><\/ul><\/nav><\/div>\n<h2><span class=\"ez-toc-section\" id=\"Omega_UK_Ltd\"><\/span>Omega UK Ltd<span class=\"ez-toc-section-end\"><\/span><\/h2>\n<p><img decoding=\"async\" src=\"https:\/\/moverdb.com\/wp-content\/uploads\/thumbnailpanoiddZfC_O_3S8RXAJzskWGv5gcb_clientsearch.gws-prod.gpsw408h240yaw224.jpg\" alt='Omega UK Ltd' class=\"aligncenter\"><\/p>\n<p><strong>Apraksts no uz\u0146\u0113muma: <\/strong>Nav sniegts<\/p>\n<p><strong>Papildu pakalpojumi:<\/strong><\/p>\n<p>Nav iek\u013cauts sarakst\u0101<\/p>\n<p><strong>Adrese:<\/strong> Inov\u0101ciju centrs, Europarc, Innovation Way, Healing, Grimsby DN37 9TT<\/p>\n<p><a href=\"https:\/\/www.omega.co.uk\/\" target=\"_new\" rel=\"noopener\">Omega UK Ltd t\u012bmek\u013ca vietne<\/a><\/p>\n<p><strong>P\u0101rskata rezult\u0101ts: <\/strong>5<br \/> <strong>Atsauksmes skaits:<\/strong> 1<br \/><a href=\"https:\/\/www.google.co.uk\/maps?cid=13835199806131266652&#038;hl=en&#038;gl=GB\" target=\"_new\" rel=\"noopener\">Las\u012bt atsauksmes<\/a><\/p>\n<h2><span class=\"ez-toc-section\" id=\"GB_Shipping_Forwarding\"><\/span>GB Shipping &amp; Forwarding<span class=\"ez-toc-section-end\"><\/span><\/h2>\n<p><img decoding=\"async\" src=\"\" alt=\"GB Shipping &amp; Forwarding\" class=\"aligncenter\"><\/p>\n<p><strong>Apraksts no uz\u0146\u0113muma: <\/strong>Nav sniegts<\/p>\n<p><strong>Papildu pakalpojumi:<\/strong><\/p>\n<p>Pieg\u0101des uz\u0146\u0113mums<\/p>\n<p><strong>Adrese:<\/strong> 1. st\u0101vs, Euroterminal Building, Alexandra Dock North, Grimsby DN31 3TD<\/p>\n<p><a href=\"http:\/\/www.gbagroup.com\/\" target=\"_new\" rel=\"noopener\">GB Shipping &amp; Forwarding t\u012bmek\u013ca vietne<\/a><\/p>\n<p><strong>P\u0101rskata rezult\u0101ts: <\/strong>5<br \/> <strong>Atsauksmes skaits:<\/strong> 1<br \/><a href=\"https:\/\/www.google.co.uk\/maps?cid=10615481206320769511&#038;hl=en&#038;gl=GB\" target=\"_new\" rel=\"noopener\">Las\u012bt atsauksmes<\/a><\/p>\n<h2><span class=\"ez-toc-section\" id=\"RMS_Immingham_Grimsby\"><\/span>RMS Immingham \/ Grimsby<span class=\"ez-toc-section-end\"><\/span><\/h2>\n<p><img decoding=\"async\" src=\"https:\/\/moverdb.com\/wp-content\/uploads\/AF1QipMTk4tcM3SsXkID5az8TabKWP0raV3u5WJ7gLr4w493-h240-k-no.jpg\" alt='RMS Immingham \/ Grimsby' class=\"aligncenter\"><\/p>\n<p><strong>Apraksts no uz\u0146\u0113muma: <\/strong>Nav sniegts<\/p>\n<p><strong>Papildu pakalpojumi:<\/strong><\/p>\n<p>Nav iek\u013cauts sarakst\u0101<\/p>\n<p><strong>Adrese:<\/strong> Alexandra Dock North, West Side Road, Grimsby DN31 3TD<\/p>\n<p><a href=\"http:\/\/www.rms-humber.co.uk\/the-humber\/rms-immingham-grimsby\" target=\"_new\" rel=\"noopener\">RMS Immingham \/ Grimsby m\u0101jas lapa<\/a><\/p>\n<p><strong>P\u0101rskata rezult\u0101ts: <\/strong>4.5<br \/> <strong>Atsauksmes skaits:<\/strong> 33<br \/><a href=\"https:\/\/www.google.co.uk\/maps?cid=6761905291142039023&#038;hl=en&#038;gl=GB\" target=\"_new\" rel=\"noopener\">Las\u012bt atsauksmes<\/a><\/p>\n<h2><span class=\"ez-toc-section\" id=\"Andrew_James_Forwarding_Ltd\"><\/span>Andrew James Forwarding Ltd<span class=\"ez-toc-section-end\"><\/span><\/h2>\n<p><img decoding=\"async\" src=\"https:\/\/moverdb.com\/wp-content\/uploads\/AF1QipOSuIUOmoMmETXAGY9WS_Ro9u-tU2Lb2LWeEjIIw408-h406-k-no.jpg\" alt='Andrew James Forwarding Ltd' class=\"aligncenter\"><\/p>\n<p><strong>Apraksts no uz\u0146\u0113muma: <\/strong>M\u0113s esam lo\u0123istikas uz\u0146\u0113mums, kas atrodas <a href=\"https:\/\/moverdb.com\/lv\/moving-to-the-uk\/\" data-internallinksmanager029f6b8e52c=\"93\" title=\"P\u0101rce\u013caties uz Apvienoto Karalisti? 2022 Dz\u012bves izmaksas un p\u0101rcel\u0161an\u0101s padomi\">APVIENOT\u0100 KARALISTE<\/a> sniedz importa un eksporta p\u0101rvad\u0101jumu pakalpojumus.<\/p>\n<p> AJF darbojas jau vair\u0101k nek\u0101 desmit gadus, veicot lo\u0123istikas pakalpojumus liel\u0101kaj\u0101 da\u013c\u0101 pasaules re\u0123ionu, tostarp Tuvajos Austrumos, <a href=\"https:\/\/moverdb.com\/lv\/moving-to-india\/\" data-internallinksmanager029f6b8e52c=\"356\" title=\"P\u0101rcel\u0161an\u0101s uz Indiju? 2023 Dz\u012bves izmaksas un p\u0101rcel\u0161an\u0101s padomi\">Indija<\/a>, <a href=\"https:\/\/moverdb.com\/lv\/moving-to-vietnam\/\" data-internallinksmanager029f6b8e52c=\"390\" title=\"P\u0101rcel\u0161an\u0101s uz Vjetnamu? 2023 Dz\u012bves izmaksas un p\u0101rcel\u0161an\u0101s padomi\">Vjetnama<\/a> un <a href=\"https:\/\/moverdb.com\/lv\/moving-to-australia\/living-in-australia\/\" data-internallinksmanager029f6b8e52c=\"240\" title=\"21 nosl\u0113pums par dz\u012bvi Austr\u0101lij\u0101, kas j\u0101zina pirms p\u0101rcel\u0161an\u0101s\">Austr\u0101lija<\/a>.<\/p>\n<p> M\u016bsu noliktavas, tre\u0161o pu\u0161u pas\u016bt\u012bjumu izpilde un izplat\u012b\u0161ana aptver visu Apvienoto Karalisti.<\/p>\n<p> Mums ir visaptvero\u0161as muito\u0161anas iesp\u0113jas, tostarp ES dokument\u0101cijas k\u0101rto\u0161ana p\u0113c Brexit.<\/p>\n<p> Mums ir specializ\u0113tas zin\u0101\u0161anas par projektu kravu un \u0101rpus gabar\u012bta kravu apstr\u0101di, lai t\u0101s iekrautu uz plakanajiem plauktiem vai lai t\u0101s frakt\u0113tu uz da\u013c\u0113ja ku\u0123a.<\/p>\n<p> M\u016bsu Tuvo Austrumu partneri, kas darbojas no Jebal Ali, <a href=\"https:\/\/moverdb.com\/lv\/moving-to-the-uae\/\" data-internallinksmanager029f6b8e52c=\"329\" title=\"P\u0101rce\u013caties uz Apvienotajiem Ar\u0101bu Emir\u0101tiem (AAE)? 2024 Dz\u012bves izmaksas un p\u0101rcel\u0161an\u0101s padomi\">AAE<\/a> at\u013caut <a href=\"https:\/\/moverdb.com\/lv\/moving-to-the-united-states\/\" data-internallinksmanager029f6b8e52c=\"94\" title=\"P\u0101rce\u013caties uz Amerikas Savienotaj\u0101m Valst\u012bm? 2022 Dz\u012bves izmaksas un p\u0101rcel\u0161an\u0101s padomi\">mums<\/a> lai pied\u0101v\u0101tu transatlantisko p\u0101rvad\u0101jumu un konsolid\u0101cijas pakalpojumus vis\u0101s \u0161\u0101 re\u0123iona valst\u012bs.<\/p>\n<p><strong>Papildu pakalpojumi:<\/strong><\/p>\n<p>Muitas brokeris<\/p>\n<p>Importa eksporta uz\u0146\u0113mums<\/p>\n<p>Lo\u0123istikas pakalpojumi<\/p>\n<p>Uzglab\u0101\u0161anas iek\u0101rta<\/p>\n<p><strong>Adrese:<\/strong> Kiln Lane Trading Estate, Stallingborough, Grimsby DN41 8DY<\/p>\n<p><a href=\"https:\/\/www.andrewjamesforwarding.com\/\" target=\"_new\" rel=\"noopener\">Andrew James Forwarding Ltd t\u012bmek\u013ca vietne<\/a><\/p>\n<p><strong>P\u0101rskata rezult\u0101ts: <\/strong>4.8<br \/> <strong>Atsauksmes skaits:<\/strong> 4<br \/><a href=\"https:\/\/www.google.co.uk\/maps?cid=245963377216776452&#038;hl=en&#038;gl=GB\" target=\"_new\" rel=\"noopener\">Las\u012bt atsauksmes<\/a><\/p>\n<h2><span class=\"ez-toc-section\" id=\"How_we_picked_the_best_Grimsby_Freight_Forwarding_Companies\"><\/span>K\u0101 m\u0113s izv\u0113l\u0113j\u0101mies lab\u0101kos Grimsbijas kravas eksped\u012bcijas uz\u0146\u0113mumus<span class=\"ez-toc-section-end\"><\/span><\/h2>\n<p>S\u0101k\u0101m ar 11 Grimsbijas kravu p\u0101rvad\u0101jumu uz\u0146\u0113mumu datu kopu, ko var\u0113j\u0101m atrast, izmantojot Google Maps, un sa\u0161aurin\u0101j\u0101m to l\u012bdz 4 lab\u0101kajiem.<\/p>\n<p>Lai to izdar\u012btu, m\u0113s izsv\u012btroj\u0101m jebkuru uz\u0146\u0113mumu, kas:<\/p>\n<ul>\n<li> Nebija t\u012bmek\u013ca vietnes<\/li>\n<li> Nebija atsauksmju<\/li>\n<li> vid\u0113jais atsauksmju v\u0113rt\u0113jums bija zem\u0101ks par 2,0<\/li>\n<\/ul>\n<p>\u0160aj\u0101 br\u012bd\u012b, ja mums bija 17 vai maz\u0101k ekspeditoru, m\u0113s uzskait\u012bj\u0101m visus.<\/p>\n<p>Pils\u0113t\u0101s, kur\u0101s bija paliku\u0161i vair\u0101k nek\u0101 17 ekspeditori, m\u0113s veic\u0101m turpm\u0101kas korekcijas, vai nu palielinot nepiecie\u0161amo atsauksmju punktu skaitu (piem\u0113ram, no vismaz 2,0 l\u012bdz 4,0), un\/vai palielinot minim\u0101lo nepiecie\u0161amo atsauksmju skaitu (piem\u0113ram, no vismaz 1 atsauksmes l\u012bdz vismaz 10).<\/p>\n<p>\u0145emiet v\u0113r\u0101, ka m\u0113s izmantoj\u0101m tikai p\u0101rskat\u012b\u0161anas datus no Google Maps, nevis cit\u0101m tre\u0161o pu\u0161u vietn\u0113m.<\/p>\n<p>Vair\u0101k pils\u0113tu:<\/p>\n<p><a href=\"https:\/\/moverdb.com\/lv\/kravas-ekspeditors\/freight-forwarding-uk\/cardiff-freight-forwarder\/\">K\u0101rdifas kravas ekspeditors<\/a><br \/><a href=\"https:\/\/moverdb.com\/lv\/kravas-ekspeditors\/freight-forwarding-uk\/luton-freight-forwarder\/\">Lutonas kravas ekspeditors<\/a><br \/><a href=\"https:\/\/moverdb.com\/lv\/kravas-ekspeditors\/freight-forwarding-uk\/milton-keynes-freight-forwarder\/\">Milton Keynes kravas ekspeditors<\/a><br \/><a href=\"https:\/\/moverdb.com\/lv\/kravas-ekspeditors\/freight-forwarding-uk\/aberdeen-freight-forwarder\/\">Aberd\u012bnas kravas ekspeditors<\/a><br \/><a href=\"https:\/\/moverdb.com\/lv\/kravas-ekspeditors\/freight-forwarding-uk\/heywood-freight-forwarder\/\">Heywood Freight Forwarder<\/a><\/p>","protected":false},"excerpt":{"rendered":"<p>Below we look at the 4 &#8220;best&#8221; Freight Forwarding companies in Grimsby out of 11. To learn more about how we chose the best please consult our FAQ section at the end. Please not the following listings are in no particular order and we are not making any recommendations for any particular company. Omega UK [&hellip;]<\/p>\n","protected":false},"author":1,"featured_media":0,"parent":13427,"menu_order":0,"comment_status":"open","ping_status":"open","template":"","meta":{"_genesis_hide_title":false,"_genesis_hide_breadcrumbs":false,"_genesis_hide_singular_image":false,"_genesis_hide_footer_widgets":false,"_genesis_custom_body_class":"","_genesis_custom_post_class":"","_genesis_layout":"","footnotes":""},"class_list":{"0":"post-13911","1":"page","2":"type-page","3":"status-publish","5":"entry"},"_links":{"self":[{"href":"https:\/\/moverdb.com\/lv\/wp-json\/wp\/v2\/pages\/13911","targetHints":{"allow":["GET"]}}],"collection":[{"href":"https:\/\/moverdb.com\/lv\/wp-json\/wp\/v2\/pages"}],"about":[{"href":"https:\/\/moverdb.com\/lv\/wp-json\/wp\/v2\/types\/page"}],"author":[{"embeddable":true,"href":"https:\/\/moverdb.com\/lv\/wp-json\/wp\/v2\/users\/1"}],"replies":[{"embeddable":true,"href":"https:\/\/moverdb.com\/lv\/wp-json\/wp\/v2\/comments?post=13911"}],"version-history":[{"count":1,"href":"https:\/\/moverdb.com\/lv\/wp-json\/wp\/v2\/pages\/13911\/revisions"}],"predecessor-version":[{"id":15783,"href":"https:\/\/moverdb.com\/lv\/wp-json\/wp\/v2\/pages\/13911\/revisions\/15783"}],"up":[{"embeddable":true,"href":"https:\/\/moverdb.com\/lv\/wp-json\/wp\/v2\/pages\/13427"}],"wp:attachment":[{"href":"https:\/\/moverdb.com\/lv\/wp-json\/wp\/v2\/media?parent=13911"}],"curies":[{"name":"wp","href":"https:\/\/api.w.org\/{rel}","templated":true}]}}