{"id":13821,"date":"2023-11-08T15:52:42","date_gmt":"2023-11-08T15:52:42","guid":{"rendered":"https:\/\/moverdb.com\/freight-forwarder\/freight-forwarding-uk\/sunbury-on-thames-freight-forwarder\/"},"modified":"2026-01-08T13:18:10","modified_gmt":"2026-01-08T13:18:10","slug":"sunbury-on-thames-freight-forwarder","status":"publish","type":"page","link":"https:\/\/moverdb.com\/lv\/freight-forwarder\/freight-forwarding-uk\/sunbury-on-thames-freight-forwarder\/","title":{"rendered":"7 lab\u0101kie Sunbury-on-Thames kravas eksped\u012bcijas uz\u0146\u0113mumi (2024)"},"content":{"rendered":"<p>Zem\u0101k m\u0113s apl\u016bkojam 7 <em>\"lab\u0101kais\"<\/em> Kravu eksped\u012bcijas uz\u0146\u0113mumi Sunbury-on-Thames no 10.<\/p>\n<p>Lai uzzin\u0101tu vair\u0101k par to, k\u0101 m\u0113s izv\u0113l\u0113j\u0101mies lab\u0101kos, skatiet m\u016bsu FAQ sada\u013cu beig\u0101s.<\/p>\n<p><em>L\u016bdzu, \u0146emiet v\u0113r\u0101, ka turpm\u0101k min\u0113tie saraksti nav sak\u0101rtoti \u012bpa\u0161\u0101 sec\u012bb\u0101 un m\u0113s nesniedzam ieteikumus par k\u0101du konkr\u0113tu uz\u0146\u0113mumu.<\/em><\/p>\n<div id=\"ez-toc-container\" class=\"ez-toc-v2_0_82_2 ez-toc-wrap-left counter-hierarchy ez-toc-counter ez-toc-transparent ez-toc-container-direction\">\n<div class=\"ez-toc-title-container\">\n<p class=\"ez-toc-title\" style=\"cursor:inherit\">Sada\u013cas<\/p>\n<span class=\"ez-toc-title-toggle\"><a href=\"#\" class=\"ez-toc-pull-right ez-toc-btn ez-toc-btn-xs ez-toc-btn-default ez-toc-toggle\" aria-label=\"P\u0101rsl\u0113gt satura tabulu\"><span class=\"ez-toc-js-icon-con\"><span class=\"\"><span class=\"eztoc-hide\" style=\"display:none;\">P\u0101rsl\u0113gt<\/span><span class=\"ez-toc-icon-toggle-span\"><svg style=\"fill: #999;color:#999\" xmlns=\"http:\/\/www.w3.org\/2000\/svg\" class=\"list-377408\" width=\"20px\" height=\"20px\" viewbox=\"0 0 24 24\" fill=\"none\"><path d=\"M6 6H4v2h2V6zm14 0H8v2h12V6zM4 11h2v2H4v-2zm16 0H8v2h12v-2zM4 16h2v2H4v-2zm16 0H8v2h12v-2z\" fill=\"currentColor\"><\/path><\/svg><svg style=\"fill: #999;color:#999\" class=\"arrow-unsorted-368013\" xmlns=\"http:\/\/www.w3.org\/2000\/svg\" width=\"10px\" height=\"10px\" viewbox=\"0 0 24 24\" version=\"1.2\" baseprofile=\"tiny\"><path d=\"M18.2 9.3l-6.2-6.3-6.2 6.3c-.2.2-.3.4-.3.7s.1.5.3.7c.2.2.4.3.7.3h11c.3 0 .5-.1.7-.3.2-.2.3-.5.3-.7s-.1-.5-.3-.7zM5.8 14.7l6.2 6.3 6.2-6.3c.2-.2.3-.5.3-.7s-.1-.5-.3-.7c-.2-.2-.4-.3-.7-.3h-11c-.3 0-.5.1-.7.3-.2.2-.3.5-.3.7s.1.5.3.7z\"\/><\/svg><\/span><\/span><\/span><\/a><\/span><\/div>\n<nav><ul class='ez-toc-list ez-toc-list-level-1 eztoc-toggle-hide-by-default' ><li class='ez-toc-page-1 ez-toc-heading-level-2'><a class=\"ez-toc-link ez-toc-heading-1\" href=\"https:\/\/moverdb.com\/lv\/freight-forwarder\/freight-forwarding-uk\/sunbury-on-thames-freight-forwarder\/#deugro_UK_Limited\" >deugro (UK) Limited<\/a><\/li><li class='ez-toc-page-1 ez-toc-heading-level-2'><a class=\"ez-toc-link ez-toc-heading-2\" href=\"https:\/\/moverdb.com\/lv\/freight-forwarder\/freight-forwarding-uk\/sunbury-on-thames-freight-forwarder\/#LP_Customs_Clearance_Ltd\" >LP Customs Clearance Ltd<\/a><\/li><li class='ez-toc-page-1 ez-toc-heading-level-2'><a class=\"ez-toc-link ez-toc-heading-3\" href=\"https:\/\/moverdb.com\/lv\/freight-forwarder\/freight-forwarding-uk\/sunbury-on-thames-freight-forwarder\/#Angel_Freight_Ltd\" >Angel Freight Ltd<\/a><\/li><li class='ez-toc-page-1 ez-toc-heading-level-2'><a class=\"ez-toc-link ez-toc-heading-4\" href=\"https:\/\/moverdb.com\/lv\/freight-forwarder\/freight-forwarding-uk\/sunbury-on-thames-freight-forwarder\/#U-Freight_UK_Limited\" >U-Freight (UK) Limited<\/a><\/li><li class='ez-toc-page-1 ez-toc-heading-level-2'><a class=\"ez-toc-link ez-toc-heading-5\" href=\"https:\/\/moverdb.com\/lv\/freight-forwarder\/freight-forwarding-uk\/sunbury-on-thames-freight-forwarder\/#World_Express_Freight_Ltd\" >World Express Freight Ltd<\/a><\/li><li class='ez-toc-page-1 ez-toc-heading-level-2'><a class=\"ez-toc-link ez-toc-heading-6\" href=\"https:\/\/moverdb.com\/lv\/freight-forwarder\/freight-forwarding-uk\/sunbury-on-thames-freight-forwarder\/#RIF_Group\" >RIF grupa<\/a><\/li><li class='ez-toc-page-1 ez-toc-heading-level-2'><a class=\"ez-toc-link ez-toc-heading-7\" href=\"https:\/\/moverdb.com\/lv\/freight-forwarder\/freight-forwarding-uk\/sunbury-on-thames-freight-forwarder\/#JD_Freight\" >JD Freight<\/a><\/li><li class='ez-toc-page-1 ez-toc-heading-level-2'><a class=\"ez-toc-link ez-toc-heading-8\" href=\"https:\/\/moverdb.com\/lv\/freight-forwarder\/freight-forwarding-uk\/sunbury-on-thames-freight-forwarder\/#How_we_picked_the_best_Sunbury-on-Thames_Freight_Forwarding_Companies\" >K\u0101 m\u0113s izv\u0113l\u0113j\u0101mies lab\u0101kos Sunbury-on-Thames kravas eksped\u012bcijas uz\u0146\u0113mumus<\/a><\/li><\/ul><\/nav><\/div>\n<h2><span class=\"ez-toc-section\" id=\"deugro_UK_Limited\"><\/span>deugro (UK) Limited<span class=\"ez-toc-section-end\"><\/span><\/h2>\n<p><img decoding=\"async\" src=\"https:\/\/moverdb.com\/wp-content\/uploads\/thumbnailpanoideO8VqVn8oAVZe1TLpD0D5Qcb_clientsearch.gws-prod.gpsw408h240yaw193.jpg\" alt='deugro (UK) Limited' class=\"aligncenter\"><\/p>\n<p><strong>Apraksts no uz\u0146\u0113muma: <\/strong>Nav sniegts<\/p>\n<p><strong>Papildu pakalpojumi:<\/strong><\/p>\n<p>Nav iek\u013cauts sarakst\u0101<\/p>\n<p><strong>Adrese:<\/strong> Unit 8, Windmill Business Village, Brooklands Cl, Sunbury-on-Thames TW16 7DY<\/p>\n<p><a href=\"https:\/\/deugro.com\/contact\/uk\/\" target=\"_new\" rel=\"noopener\">deugro (UK) Limited t\u012bmek\u013ca vietne<\/a><\/p>\n<p><strong>P\u0101rskata rezult\u0101ts: <\/strong>4.7<br \/> <strong>Atsauksmes skaits:<\/strong> 3<br \/><a href=\"https:\/\/www.google.co.uk\/maps?cid=5530544321020453157&#038;hl=en&#038;gl=GB\" target=\"_new\" rel=\"noopener\">Las\u012bt atsauksmes<\/a><\/p>\n<h2><span class=\"ez-toc-section\" id=\"LP_Customs_Clearance_Ltd\"><\/span>LP Customs Clearance Ltd<span class=\"ez-toc-section-end\"><\/span><\/h2>\n<p><img decoding=\"async\" src=\"https:\/\/moverdb.com\/wp-content\/uploads\/AF1QipNXhpvxiGx9qqQQqMFVhqESzTOyCgFWPfOoUO4Tw408-h544-k-no.jpg\" alt='LP Customs Clearance Ltd' class=\"aligncenter\"><\/p>\n<p><strong>Apraksts no uz\u0146\u0113muma: <\/strong>LP Customs Clearance Ltd ir \u0161eit, lai pal\u012bdz\u0113tu ar visiem importa vai eksporta procesiem bez probl\u0113m\u0101m ar m\u016bsu \u0101tru, efekt\u012bvu un pieredz\u0113ju\u0161u komandu, m\u0113s pied\u0101v\u0101jam jums visas iesp\u0113jas, k\u0101 vislab\u0101k apstr\u0101d\u0101t j\u016bsu s\u016bt\u012bjumus, neatkar\u012bgi no t\u0101, vai tas ir pa gaisu, ce\u013cu vai j\u016bru, m\u0113s esam \u0161eit j\u016bsu lab\u0101.<\/p>\n<p><strong>Papildu pakalpojumi:<\/strong><\/p>\n<p>Muitas brokeris<\/p>\n<p>Muitas noliktava<\/p>\n<p>Importa eksporta uz\u0146\u0113mums<\/p>\n<p><strong>Adrese:<\/strong> REAR OF, 33 Hanworth Rd, Sunbury-on-Thames TW16 5DA<\/p>\n<p><a href=\"https:\/\/www.lpclearance.co.uk\/\" target=\"_new\" rel=\"noopener\">LP Customs Clearance Ltd t\u012bmek\u013ca vietne<\/a><\/p>\n<p><strong>P\u0101rskata rezult\u0101ts: <\/strong>4<br \/> <strong>Atsauksmes skaits:<\/strong> 8<br \/><a href=\"https:\/\/www.google.co.uk\/maps?cid=5729067304931526576&#038;hl=en&#038;gl=GB\" target=\"_new\" rel=\"noopener\">Las\u012bt atsauksmes<\/a><\/p>\n<h2><span class=\"ez-toc-section\" id=\"Angel_Freight_Ltd\"><\/span>Angel Freight Ltd<span class=\"ez-toc-section-end\"><\/span><\/h2>\n<p><img decoding=\"async\" src=\"https:\/\/moverdb.com\/wp-content\/uploads\/thumbnailpanoidzytGCIn19VXWUyErQXTjxgcb_clientsearch.gws-prod.gpsw408h240yaw109.jpg\" alt='Angel Freight Ltd' class=\"aligncenter\"><\/p>\n<p><strong>Apraksts no uz\u0146\u0113muma: <\/strong>M\u0113s esam multimod\u0101ls kravu p\u0101rvad\u0101jumu uz\u0146\u0113mums ar vair\u0101k nek\u0101 25 gadu pieredzi kravu p\u0101rvad\u0101jumos un p\u0101rst\u0101vniec\u012bbu vis\u0101s liel\u0101kaj\u0101s pils\u0113t\u0101s. <a href=\"https:\/\/moverdb.com\/lv\/top-49-container-ports\/\" data-internallinksmanager029f6b8e52c=\"80\" title=\"49 liel\u0101kie un noslogot\u0101kie konteineru ostas 2025. gad\u0101\">osta<\/a> vis\u0101 pasaul\u0113.<\/p>\n<p>M\u016bsu m\u0113r\u0137is ir pied\u0101v\u0101t jums visaugst\u0101kos klientu apkalpo\u0161anas standartus, vienlaikus p\u0101rvad\u0101jot j\u016bsu s\u016bt\u012bjumus par viskonkur\u0113tsp\u0113j\u012bg\u0101kaj\u0101m cen\u0101m nozar\u0113.<\/p>\n<p><strong>Papildu pakalpojumi:<\/strong><\/p>\n<p>Nav iek\u013cauts sarakst\u0101<\/p>\n<p><strong>Adrese:<\/strong> 69-71 Windmill Rd, Sunbury-on-Thames TW16 7DT<\/p>\n<p><a href=\"https:\/\/angelfreight.co.uk\/\" target=\"_new\" rel=\"noopener\">Angel Freight Ltd t\u012bmek\u013ca vietne<\/a><\/p>\n<p><strong>P\u0101rskata rezult\u0101ts: <\/strong>2.1<br \/> <strong>Atsauksmes skaits:<\/strong> 7<br \/><a href=\"https:\/\/www.google.co.uk\/maps?cid=5208495247117539929&#038;hl=en&#038;gl=GB\" target=\"_new\" rel=\"noopener\">Las\u012bt atsauksmes<\/a><\/p>\n<h2><span class=\"ez-toc-section\" id=\"U-Freight_UK_Limited\"><\/span>U-Freight (UK) Limited<span class=\"ez-toc-section-end\"><\/span><\/h2>\n<p><img decoding=\"async\" src=\"https:\/\/moverdb.com\/wp-content\/uploads\/thumbnailpanoidTDBQ3DbFrWPvwkZLAhr0jAcb_clientsearch.gws-prod.gpsw408h240yaw1.jpg\" alt='U-Freight (UK) Limited' class=\"aligncenter\"><\/p>\n<p><strong>Apraksts no uz\u0146\u0113muma: <\/strong>Nav sniegts<\/p>\n<p><strong>Papildu pakalpojumi:<\/strong><\/p>\n<p>Nav iek\u013cauts sarakst\u0101<\/p>\n<p><strong>Adrese:<\/strong> Units 8, 9 Brooklands Cl, Sunbury-on-Thames TW16 7DX<\/p>\n<p><a href=\"http:\/\/www.ufreight.com\/\" target=\"_new\" rel=\"noopener\">U-Freight (UK) Limited t\u012bmek\u013ca vietne<\/a><\/p>\n<p><strong>P\u0101rskata rezult\u0101ts: <\/strong>5<br \/> <strong>Atsauksmes skaits:<\/strong> 4<br \/><a href=\"https:\/\/www.google.co.uk\/maps?cid=8872454568932163827&#038;hl=en&#038;gl=GB\" target=\"_new\" rel=\"noopener\">Las\u012bt atsauksmes<\/a><\/p>\n<h2><span class=\"ez-toc-section\" id=\"World_Express_Freight_Ltd\"><\/span>World Express Freight Ltd<span class=\"ez-toc-section-end\"><\/span><\/h2>\n<p><img decoding=\"async\" src=\"https:\/\/moverdb.com\/wp-content\/uploads\/thumbnailpanoidG8fONxJ41BzMowIUb37DOAcb_clientsearch.gws-prod.gpsw408h240yaw103.jpg\" alt='World Express Freight Ltd' class=\"aligncenter\"><\/p>\n<p><strong>Apraksts no uz\u0146\u0113muma: <\/strong>Nav sniegts<\/p>\n<p><strong>Papildu pakalpojumi:<\/strong><\/p>\n<p>Nav iek\u013cauts sarakst\u0101<\/p>\n<p><strong>Adrese:<\/strong> Dolphin Estate, Windmill Rd W, Sunbury-on-Thames TW16 7HE<\/p>\n<p><a href=\"https:\/\/wefl.co.uk\/\" target=\"_new\" rel=\"noopener\">World Express Freight Ltd t\u012bmek\u013ca vietne<\/a><\/p>\n<p><strong>P\u0101rskata rezult\u0101ts: <\/strong>5<br \/> <strong>Atsauksmes skaits:<\/strong> 2<br \/><a href=\"https:\/\/www.google.co.uk\/maps?cid=12996291089348836165&#038;hl=en&#038;gl=GB\" target=\"_new\" rel=\"noopener\">Las\u012bt atsauksmes<\/a><\/p>\n<h2><span class=\"ez-toc-section\" id=\"RIF_Group\"><\/span>RIF grupa<span class=\"ez-toc-section-end\"><\/span><\/h2>\n<p><img decoding=\"async\" src=\"https:\/\/moverdb.com\/wp-content\/uploads\/AF1QipOwyn1ufhBwjXId9BPx5kBCR3Nj_LepuvbG-75Aw408-h270-k-no.jpg\" alt='RIF grupa' class=\"aligncenter\"><\/p>\n<p><strong>Apraksts no uz\u0146\u0113muma: <\/strong>RIF Worldwide Plc ir viens no visstrauj\u0101k augo\u0161ajiem uz\u0146\u0113mumiem pasaul\u0113. <a href=\"https:\/\/moverdb.com\/lv\/moving-to-the-uk\/\" data-internallinksmanager029f6b8e52c=\"93\" title=\"P\u0101rce\u013caties uz Apvienoto Karalisti? 2022 Dz\u012bves izmaksas un p\u0101rcel\u0161an\u0101s padomi\">APVIENOT\u0100 KARALISTE<\/a>, ar vair\u0101kk\u0101rt godalgotiem pakalpojumiem un daudziem produktiem un funkcij\u0101m, kas paredz\u0113tas, lai m\u016bsu klientiem vienk\u0101r\u0161otu un att\u012bst\u012btu starptautisko tirdzniec\u012bbu.<\/p>\n<p>M\u0113s specializ\u0113jamies starptautisko p\u0101rvad\u0101jumu pakalpojumu snieg\u0161an\u0101 uz un no visiem pasaules punktiem, izmantojot gaisa, j\u016bras un sauszemes transportu.<\/p>\n<p><strong>Papildu pakalpojumi:<\/strong><\/p>\n<p>Nav iek\u013cauts sarakst\u0101<\/p>\n<p><strong>Adrese:<\/strong> Floor 1, Brooklands Cl, Sunbury-on-Thames TW16 7DX<\/p>\n<p><a href=\"https:\/\/www.rifgroup.co.uk\/\" target=\"_new\" rel=\"noopener\">RIF Group t\u012bmek\u013ca vietne<\/a><\/p>\n<p><strong>P\u0101rskata rezult\u0101ts: <\/strong>4.2<br \/> <strong>Atsauksmes skaits:<\/strong> 19<br \/><a href=\"https:\/\/www.google.co.uk\/maps?cid=5297496747632796655&#038;hl=en&#038;gl=GB\" target=\"_new\" rel=\"noopener\">Las\u012bt atsauksmes<\/a><\/p>\n<h2><span class=\"ez-toc-section\" id=\"JD_Freight\"><\/span>JD Freight<span class=\"ez-toc-section-end\"><\/span><\/h2>\n<p><img decoding=\"async\" src=\"https:\/\/moverdb.com\/wp-content\/uploads\/thumbnailpanoidq21kdBjsFEz8LAGbOE9H3gcb_clientsearch.gws-prod.gpsw408h240yaw314.jpg\" alt='JD Freight' class=\"aligncenter\"><\/p>\n<p><strong>Apraksts no uz\u0146\u0113muma: <\/strong>Nav sniegts<\/p>\n<p><strong>Papildu pakalpojumi:<\/strong><\/p>\n<p>Nav iek\u013cauts sarakst\u0101<\/p>\n<p><strong>Adrese:<\/strong> Unit 2, Trade City Industrial Estate, Sunbury-on-Thames TW16 7FD<\/p>\n<p><a href=\"http:\/\/www.jdfreight.co.uk\/\" target=\"_new\" rel=\"noopener\">JD Freight t\u012bmek\u013ca vietne<\/a><\/p>\n<p><strong>P\u0101rskata rezult\u0101ts: <\/strong>4.6<br \/> <strong>Atsauksmes skaits:<\/strong> 7<br \/><a href=\"https:\/\/www.google.co.uk\/maps?cid=17493338994248367708&#038;hl=en&#038;gl=GB\" target=\"_new\" rel=\"noopener\">Las\u012bt atsauksmes<\/a><\/p>\n<h2><span class=\"ez-toc-section\" id=\"How_we_picked_the_best_Sunbury-on-Thames_Freight_Forwarding_Companies\"><\/span>K\u0101 m\u0113s izv\u0113l\u0113j\u0101mies lab\u0101kos Sunbury-on-Thames kravas eksped\u012bcijas uz\u0146\u0113mumus<span class=\"ez-toc-section-end\"><\/span><\/h2>\n<p>S\u0101k\u0101m ar 10 Sunberijas pie Temzas kravas p\u0101rvad\u0101jumu uz\u0146\u0113mumu datu kopu, ko var\u0113j\u0101m atrast, izmantojot Google Maps, un sa\u0161aurin\u0101j\u0101m to l\u012bdz 7 lab\u0101kajiem.<\/p>\n<p>Lai to izdar\u012btu, m\u0113s izsv\u012btroj\u0101m jebkuru uz\u0146\u0113mumu, kas:<\/p>\n<ul>\n<li> Nebija t\u012bmek\u013ca vietnes<\/li>\n<li> Nebija atsauksmju<\/li>\n<li> vid\u0113jais atsauksmju v\u0113rt\u0113jums bija zem\u0101ks par 2,0<\/li>\n<\/ul>\n<p>\u0160aj\u0101 br\u012bd\u012b, ja mums bija 17 vai maz\u0101k ekspeditoru, m\u0113s uzskait\u012bj\u0101m visus.<\/p>\n<p>Pils\u0113t\u0101s, kur\u0101s bija paliku\u0161i vair\u0101k nek\u0101 17 ekspeditori, m\u0113s veic\u0101m turpm\u0101kas korekcijas, vai nu palielinot nepiecie\u0161amo atsauksmju punktu skaitu (piem\u0113ram, no vismaz 2,0 l\u012bdz 4,0), un\/vai palielinot minim\u0101lo nepiecie\u0161amo atsauksmju skaitu (piem\u0113ram, no vismaz 1 atsauksmes l\u012bdz vismaz 10).<\/p>\n<p>\u0145emiet v\u0113r\u0101, ka m\u0113s izmantoj\u0101m tikai p\u0101rskat\u012b\u0161anas datus no Google Maps, nevis cit\u0101m tre\u0161o pu\u0161u vietn\u0113m.<\/p>\n<p>Vair\u0101k pils\u0113tu:<\/p>\n<p><a href=\"https:\/\/moverdb.com\/lv\/kravas-ekspeditors\/freight-forwarding-uk\/hull-freight-forwarder\/\">Korpusa kravas ekspeditors<\/a><br \/><a href=\"https:\/\/moverdb.com\/lv\/kravas-ekspeditors\/freight-forwarding-uk\/witham-freight-forwarder\/\">Witham Kravu ekspeditors<\/a><br \/><a href=\"https:\/\/moverdb.com\/lv\/kravas-ekspeditors\/freight-forwarding-uk\/paisley-freight-forwarder\/\">Paisley kravas ekspeditors<\/a><br \/><a href=\"https:\/\/moverdb.com\/lv\/kravas-ekspeditors\/freight-forwarding-uk\/tamworth-freight-forwarder\/\">Tamvortas kravas ekspeditors<\/a><br \/><a href=\"https:\/\/moverdb.com\/lv\/kravas-ekspeditors\/freight-forwarding-uk\/exeter-freight-forwarder\/\">Ekseteras kravas ekspeditors<\/a><\/p>","protected":false},"excerpt":{"rendered":"<p>Below we look at the 7 &#8220;best&#8221; Freight Forwarding companies in Sunbury-on-Thames out of 10. To learn more about how we chose the best please consult our FAQ section at the end. Please not the following listings are in no particular order and we are not making any recommendations for any particular company. deugro (UK) [&hellip;]<\/p>\n","protected":false},"author":1,"featured_media":0,"parent":13427,"menu_order":0,"comment_status":"open","ping_status":"open","template":"","meta":{"_genesis_hide_title":false,"_genesis_hide_breadcrumbs":false,"_genesis_hide_singular_image":false,"_genesis_hide_footer_widgets":false,"_genesis_custom_body_class":"","_genesis_custom_post_class":"","_genesis_layout":"","footnotes":""},"class_list":{"0":"post-13821","1":"page","2":"type-page","3":"status-publish","5":"entry"},"_links":{"self":[{"href":"https:\/\/moverdb.com\/lv\/wp-json\/wp\/v2\/pages\/13821","targetHints":{"allow":["GET"]}}],"collection":[{"href":"https:\/\/moverdb.com\/lv\/wp-json\/wp\/v2\/pages"}],"about":[{"href":"https:\/\/moverdb.com\/lv\/wp-json\/wp\/v2\/types\/page"}],"author":[{"embeddable":true,"href":"https:\/\/moverdb.com\/lv\/wp-json\/wp\/v2\/users\/1"}],"replies":[{"embeddable":true,"href":"https:\/\/moverdb.com\/lv\/wp-json\/wp\/v2\/comments?post=13821"}],"version-history":[{"count":1,"href":"https:\/\/moverdb.com\/lv\/wp-json\/wp\/v2\/pages\/13821\/revisions"}],"predecessor-version":[{"id":15800,"href":"https:\/\/moverdb.com\/lv\/wp-json\/wp\/v2\/pages\/13821\/revisions\/15800"}],"up":[{"embeddable":true,"href":"https:\/\/moverdb.com\/lv\/wp-json\/wp\/v2\/pages\/13427"}],"wp:attachment":[{"href":"https:\/\/moverdb.com\/lv\/wp-json\/wp\/v2\/media?parent=13821"}],"curies":[{"name":"wp","href":"https:\/\/api.w.org\/{rel}","templated":true}]}}