{"id":13796,"date":"2023-11-08T15:52:42","date_gmt":"2023-11-08T15:52:42","guid":{"rendered":"https:\/\/moverdb.com\/freight-forwarder\/freight-forwarding-uk\/leicester-freight-forwarder\/"},"modified":"2026-01-08T13:18:15","modified_gmt":"2026-01-08T13:18:15","slug":"leicester-freight-forwarder","status":"publish","type":"page","link":"https:\/\/moverdb.com\/lv\/freight-forwarder\/freight-forwarding-uk\/leicester-freight-forwarder\/","title":{"rendered":"8 lab\u0101kie Lei\u010desteras kravu p\u0101rvad\u0101jumu uz\u0146\u0113mumi (2024)"},"content":{"rendered":"<p>Zem\u0101k m\u0113s apl\u016bkojam 8 <em>\"lab\u0101kais\"<\/em> Kravu eksped\u012bcijas uz\u0146\u0113mumi Lester\u0101 no 21.<\/p>\n<p>Lai uzzin\u0101tu vair\u0101k par to, k\u0101 m\u0113s izv\u0113l\u0113j\u0101mies lab\u0101kos, skatiet m\u016bsu FAQ sada\u013cu beig\u0101s.<\/p>\n<p><em>L\u016bdzu, \u0146emiet v\u0113r\u0101, ka turpm\u0101k min\u0113tie saraksti nav sak\u0101rtoti \u012bpa\u0161\u0101 sec\u012bb\u0101 un m\u0113s nesniedzam ieteikumus par k\u0101du konkr\u0113tu uz\u0146\u0113mumu.<\/em><\/p>\n<div id=\"ez-toc-container\" class=\"ez-toc-v2_0_82_2 ez-toc-wrap-left counter-hierarchy ez-toc-counter ez-toc-transparent ez-toc-container-direction\">\n<div class=\"ez-toc-title-container\">\n<p class=\"ez-toc-title\" style=\"cursor:inherit\">Sada\u013cas<\/p>\n<span class=\"ez-toc-title-toggle\"><a href=\"#\" class=\"ez-toc-pull-right ez-toc-btn ez-toc-btn-xs ez-toc-btn-default ez-toc-toggle\" aria-label=\"P\u0101rsl\u0113gt satura tabulu\"><span class=\"ez-toc-js-icon-con\"><span class=\"\"><span class=\"eztoc-hide\" style=\"display:none;\">P\u0101rsl\u0113gt<\/span><span class=\"ez-toc-icon-toggle-span\"><svg style=\"fill: #999;color:#999\" xmlns=\"http:\/\/www.w3.org\/2000\/svg\" class=\"list-377408\" width=\"20px\" height=\"20px\" viewbox=\"0 0 24 24\" fill=\"none\"><path d=\"M6 6H4v2h2V6zm14 0H8v2h12V6zM4 11h2v2H4v-2zm16 0H8v2h12v-2zM4 16h2v2H4v-2zm16 0H8v2h12v-2z\" fill=\"currentColor\"><\/path><\/svg><svg style=\"fill: #999;color:#999\" class=\"arrow-unsorted-368013\" xmlns=\"http:\/\/www.w3.org\/2000\/svg\" width=\"10px\" height=\"10px\" viewbox=\"0 0 24 24\" version=\"1.2\" baseprofile=\"tiny\"><path d=\"M18.2 9.3l-6.2-6.3-6.2 6.3c-.2.2-.3.4-.3.7s.1.5.3.7c.2.2.4.3.7.3h11c.3 0 .5-.1.7-.3.2-.2.3-.5.3-.7s-.1-.5-.3-.7zM5.8 14.7l6.2 6.3 6.2-6.3c.2-.2.3-.5.3-.7s-.1-.5-.3-.7c-.2-.2-.4-.3-.7-.3h-11c-.3 0-.5.1-.7.3-.2.2-.3.5-.3.7s.1.5.3.7z\"\/><\/svg><\/span><\/span><\/span><\/a><\/span><\/div>\n<nav><ul class='ez-toc-list ez-toc-list-level-1 eztoc-toggle-hide-by-default' ><li class='ez-toc-page-1 ez-toc-heading-level-2'><a class=\"ez-toc-link ez-toc-heading-1\" href=\"https:\/\/moverdb.com\/lv\/freight-forwarder\/freight-forwarding-uk\/leicester-freight-forwarder\/#United_Pallet_Network\" >United Pallet Network<\/a><\/li><li class='ez-toc-page-1 ez-toc-heading-level-2'><a class=\"ez-toc-link ez-toc-heading-2\" href=\"https:\/\/moverdb.com\/lv\/freight-forwarder\/freight-forwarding-uk\/leicester-freight-forwarder\/#Pinnacle_International_Freight_Ltd\" >Pinnacle International Freight Ltd<\/a><\/li><li class='ez-toc-page-1 ez-toc-heading-level-2'><a class=\"ez-toc-link ez-toc-heading-3\" href=\"https:\/\/moverdb.com\/lv\/freight-forwarder\/freight-forwarding-uk\/leicester-freight-forwarder\/#Coedma_Freight_International_Ltd\" >Coedma Freight International Ltd<\/a><\/li><li class='ez-toc-page-1 ez-toc-heading-level-2'><a class=\"ez-toc-link ez-toc-heading-4\" href=\"https:\/\/moverdb.com\/lv\/freight-forwarder\/freight-forwarding-uk\/leicester-freight-forwarder\/#Al-Noor_Logistics_Ltd\" >Al-Noor Logistics Ltd<\/a><\/li><li class='ez-toc-page-1 ez-toc-heading-level-2'><a class=\"ez-toc-link ez-toc-heading-5\" href=\"https:\/\/moverdb.com\/lv\/freight-forwarder\/freight-forwarding-uk\/leicester-freight-forwarder\/#DTDC_Courier_Cargo_Ltd\" >DTDC Courier &amp; Cargo Ltd<\/a><\/li><li class='ez-toc-page-1 ez-toc-heading-level-2'><a class=\"ez-toc-link ez-toc-heading-6\" href=\"https:\/\/moverdb.com\/lv\/freight-forwarder\/freight-forwarding-uk\/leicester-freight-forwarder\/#Apex_Cargo_Office\" >Apex Cargo birojs<\/a><\/li><li class='ez-toc-page-1 ez-toc-heading-level-2'><a class=\"ez-toc-link ez-toc-heading-7\" href=\"https:\/\/moverdb.com\/lv\/freight-forwarder\/freight-forwarding-uk\/leicester-freight-forwarder\/#Apex_Cargo_Warehouse\" >Apex Cargo Warehouse<\/a><\/li><li class='ez-toc-page-1 ez-toc-heading-level-2'><a class=\"ez-toc-link ez-toc-heading-8\" href=\"https:\/\/moverdb.com\/lv\/freight-forwarder\/freight-forwarding-uk\/leicester-freight-forwarder\/#CLA_UK_Ltd\" >CLA UK Ltd<\/a><\/li><li class='ez-toc-page-1 ez-toc-heading-level-2'><a class=\"ez-toc-link ez-toc-heading-9\" href=\"https:\/\/moverdb.com\/lv\/freight-forwarder\/freight-forwarding-uk\/leicester-freight-forwarder\/#How_we_picked_the_best_Leicester_Freight_Forwarding_Companies\" >K\u0101 m\u0113s izv\u0113l\u0113j\u0101mies lab\u0101kos Lei\u010desteras kravas eksped\u012bcijas uz\u0146\u0113mumus<\/a><\/li><\/ul><\/nav><\/div>\n<h2><span class=\"ez-toc-section\" id=\"United_Pallet_Network\"><\/span>United Pallet Network<span class=\"ez-toc-section-end\"><\/span><\/h2>\n<p><img decoding=\"async\" src=\"https:\/\/moverdb.com\/wp-content\/uploads\/thumbnailpanoidHUForZabvUoKg1en1qa_cgcb_clientsearch.gws-prod.gpsw408h240yaw147.jpg\" alt='United Pallet Network' class=\"aligncenter\"><\/p>\n<p><strong>Apraksts no uz\u0146\u0113muma: <\/strong>Nav sniegts<\/p>\n<p><strong>Papildu pakalpojumi:<\/strong><\/p>\n<p>Nav iek\u013cauts sarakst\u0101<\/p>\n<p><strong>Adrese:<\/strong> Vantage Business Park, 8 High View Cl, Leicester LE4 9LJ<\/p>\n<p><a href=\"https:\/\/www.upn.co.uk\/\" target=\"_new\" rel=\"noopener\">United Pallet Network t\u012bmek\u013ca vietne<\/a><\/p>\n<p><strong>P\u0101rskata rezult\u0101ts: <\/strong>5<br \/> <strong>Atsauksmes skaits:<\/strong> 1<br \/><a href=\"https:\/\/www.google.co.uk\/maps?cid=3603698490243004051&#038;hl=en&#038;gl=GB\" target=\"_new\" rel=\"noopener\">Las\u012bt atsauksmes<\/a><\/p>\n<h2><span class=\"ez-toc-section\" id=\"Pinnacle_International_Freight_Ltd\"><\/span>Pinnacle International Freight Ltd<span class=\"ez-toc-section-end\"><\/span><\/h2>\n<p><img decoding=\"async\" src=\"https:\/\/lh5.googleusercontent.com\/p\/AF1QipO-3htqxL83v2kb1oQf5MWZib2Hyc9zXU3hHXlX=w408-h297-k-no\" alt=\"Pinnacle International Freight Ltd\" class=\"aligncenter\"><\/p>\n<p><strong>Apraksts no uz\u0146\u0113muma: <\/strong>Priv\u0101ts uz\u0146\u0113mums kop\u0161 1972. gada Pinnacle ir kvalitat\u012bvu kravu p\u0101rvad\u0101jumu uz\u0146\u0113mums ar birojiem un noliktav\u0101m, kas atrodas <a href=\"https:\/\/moverdb.com\/lv\/moving-to-the-uk\/\" data-internallinksmanager029f6b8e52c=\"93\" title=\"P\u0101rce\u013caties uz Apvienoto Karalisti? 2022 Dz\u012bves izmaksas un p\u0101rcel\u0161an\u0101s padomi\">APVIENOT\u0100 KARALISTE<\/a> un <a href=\"https:\/\/moverdb.com\/lv\/moving-to-the-united-states\/\" data-internallinksmanager029f6b8e52c=\"94\" title=\"P\u0101rce\u013caties uz Amerikas Savienotaj\u0101m Valst\u012bm? 2022 Dz\u012bves izmaksas un p\u0101rcel\u0161an\u0101s padomi\">ASV<\/a>.<\/p>\n<p> Pinnacle atbalsta uz\u0146\u0113mumus importa, eksporta, savstarp\u0113j\u0101s tirdzniec\u012bbas, uzglab\u0101\u0161anas un izplat\u012b\u0161anas jom\u0101.<\/p>\n<p>M\u0113s pied\u0101v\u0101jam kravu p\u0101rvad\u0101\u0161anas pakalpojumus da\u017e\u0101d\u0101m krav\u0101m, tostarp \u0101rpus gabar\u012btiem un smag\u0101m krav\u0101m.<\/p>\n<p> M\u0113s sniedzam ar\u012b augstas kvalit\u0101tes eksporta iepako\u0161anas pakalpojumus un varam apstr\u0101d\u0101t b\u012bstamas kravas, tostarp radioakt\u012bvas kravas.<\/p>\n<p>M\u016bsu galvenie pakalpojumi:<br \/>\nGaisa kravu p\u0101rvad\u0101jumi<br \/>\nJ\u016bras kravu p\u0101rvad\u0101jumi<br \/>\nNoliktavas (uzglab\u0101\u0161ana, izpilde, e-komercija, sist\u0113mu integr\u0101cija)<br \/>\nEksporta iepakojums<br \/>\nTransatlantisk\u0101 ku\u0123niec\u012bba<br \/>\nB\u012bstamo pre\u010du iepako\u0161ana un nos\u016bt\u012b\u0161ana<br \/>\nAizsardz\u012bbas un kosmosa lo\u0123istika<br \/>\n\u012apa\u0161ie projekti<\/p>\n<p>Sazinieties ar m\u016bsu komandu, lai uzzin\u0101tu vair\u0101k.<\/p>\n<p><strong>Papildu pakalpojumi:<\/strong><\/p>\n<p>E-komercijas pakalpojums<\/p>\n<p>Importa eksporta uz\u0146\u0113mums<\/p>\n<p>Iepako\u0161anas iek\u0101rtas<\/p>\n<p>Noliktava<\/p>\n<p><strong>Adrese:<\/strong> 1 Swannington Rd, Cottage Lane Industrial Estate, Leicester LE9 6TU<\/p>\n<p><a href=\"https:\/\/www.pinnaclefreight.com\/\" target=\"_new\" rel=\"noopener\">Pinnacle International Freight Ltd t\u012bmek\u013ca vietne<\/a><\/p>\n<p><strong>P\u0101rskata rezult\u0101ts: <\/strong>4.4<br \/> <strong>Atsauksmes skaits:<\/strong> 22<br \/><a href=\"https:\/\/www.google.co.uk\/maps?cid=10859720116746224536&#038;hl=en&#038;gl=GB\" target=\"_new\" rel=\"noopener\">Las\u012bt atsauksmes<\/a><\/p>\n<h2><span class=\"ez-toc-section\" id=\"Coedma_Freight_International_Ltd\"><\/span>Coedma Freight International Ltd<span class=\"ez-toc-section-end\"><\/span><\/h2>\n<p><img decoding=\"async\" src=\"https:\/\/moverdb.com\/wp-content\/uploads\/AF1QipP8WGcbuB23ZdwnwbtBnjObo9c4oryvSdFaMR4_w408-h306-k-no.jpg\" alt='Coedma Freight International Ltd' class=\"aligncenter\"><\/p>\n<p><strong>Apraksts no uz\u0146\u0113muma: <\/strong>Nav sniegts<\/p>\n<p><strong>Papildu pakalpojumi:<\/strong><\/p>\n<p>Nav iek\u013cauts sarakst\u0101<\/p>\n<p><strong>Adrese:<\/strong> 8 Eldon St, Leicester LE1 3QL<\/p>\n<p><a href=\"http:\/\/www.coedmafreight.com\/\" target=\"_new\" rel=\"noopener\">Coedma Freight International Ltd t\u012bmek\u013ca vietne<\/a><\/p>\n<p><strong>P\u0101rskata rezult\u0101ts: <\/strong>4.2<br \/> <strong>Atsauksmes skaits:<\/strong> 63<br \/><a href=\"https:\/\/www.google.co.uk\/maps?cid=2698514720895051628&#038;hl=en&#038;gl=GB\" target=\"_new\" rel=\"noopener\">Las\u012bt atsauksmes<\/a><\/p>\n<h2><span class=\"ez-toc-section\" id=\"Al-Noor_Logistics_Ltd\"><\/span>Al-Noor Logistics Ltd<span class=\"ez-toc-section-end\"><\/span><\/h2>\n<p><img decoding=\"async\" src=\"https:\/\/moverdb.com\/wp-content\/uploads\/AF1QipMtAEadfQ9Va3ZQAb5JymQKmlITShC_bpHp6BAbw408-h544-k-no.jpg\" alt='Al-Noor Logistics Ltd' class=\"aligncenter\"><\/p>\n<p><strong>Apraksts no uz\u0146\u0113muma: <\/strong>Al-Noor Logistics Ltd pied\u0101v\u0101 j\u016bras kravu p\u0101rvad\u0101jumus, kurjerpastu, kravu p\u0101rvad\u0101jumus un eksped\u012bcijas pakalpojumus uz Gambiju, k\u0101 ar\u012b Apvienotaj\u0101 Karalist\u0113 un ES, uz kuriem j\u016bs vienm\u0113r varat pa\u013cauties.<\/p>\n<p> Uzticama komanda \u013cauj m\u016bsu uz\u0146\u0113mumam paciet\u012bgi un r\u016bp\u012bgi str\u0101d\u0101t ar katru klientu un kravu.<\/p>\n<p> Al-Noor Logistics Ltd pied\u0101v\u0101 ar\u012b individualiz\u0113tus pakalpojumus katram klientam.<\/p>\n<p> Tas nodro\u0161ina savlaic\u012bgu inform\u0101cijas un pakalpojumu snieg\u0161anu.<\/p>\n<p><strong>Papildu pakalpojumi:<\/strong><\/p>\n<p>Kurjerpasts<\/p>\n<p>P\u0101rcel\u0161an\u0101s pakalpojumi<\/p>\n<p><strong>Adrese:<\/strong> Navig\u0101cijas iela 12A, Leicester LE1 3UR<\/p>\n<p><a href=\"https:\/\/www.al-noorlogistics.com\/\" target=\"_new\" rel=\"noopener\">Al-Noor Logistics Ltd t\u012bmek\u013ca vietne<\/a><\/p>\n<p><strong>P\u0101rskata rezult\u0101ts: <\/strong>5<br \/> <strong>Atsauksmes skaits:<\/strong> 1<br \/><a href=\"https:\/\/www.google.co.uk\/maps?cid=13842802265785484999&#038;hl=en&#038;gl=GB\" target=\"_new\" rel=\"noopener\">Las\u012bt atsauksmes<\/a><\/p>\n<h2><span class=\"ez-toc-section\" id=\"DTDC_Courier_Cargo_Ltd\"><\/span>DTDC Courier &amp; Cargo Ltd<span class=\"ez-toc-section-end\"><\/span><\/h2>\n<p><img decoding=\"async\" src=\"https:\/\/moverdb.com\/wp-content\/uploads\/thumbnailpanoidvZ8q_uBB_32CgH8HAuWo9gcb_clientsearch.gws-prod.gpsw408h240yaw286.jpg\" alt='DTDC Courier &amp; Cargo Ltd' class=\"aligncenter\"><\/p>\n<p><strong>Apraksts no uz\u0146\u0113muma: <\/strong>S\u016bt\u012bt paku \/ S\u016bt\u012bt aviokravu \/ S\u016bt\u012bt kurjeru \/ S\u016bt\u012bt dokumentus \/ S\u016bt\u012bt j\u016bras kravu \/ S\u016bt\u012bt j\u016bras kravu \/ S\u016bt\u012bt steidzamus darbus \/ S\u016bt\u012bt aploksni \/ S\u016bt\u012bt A4 form\u0101ta v\u0113stuli uz <a href=\"https:\/\/moverdb.com\/lv\/moving-to-india\/\" data-internallinksmanager029f6b8e52c=\"356\" title=\"P\u0101rcel\u0161an\u0101s uz Indiju? 2023 Dz\u012bves izmaksas un p\u0101rcel\u0161an\u0101s padomi\">Indija<\/a>, Pakist\u0101na, <a href=\"https:\/\/moverdb.com\/lv\/moving-to-dubai\/\" data-internallinksmanager029f6b8e52c=\"246\" title=\"P\u0101rcel\u0161an\u0101s uz Dubaiju? 2023 Dz\u012bves izmaksas un p\u0101rcel\u0161an\u0101s padomi\">Dubaija<\/a>, \u0160rilanka, <a href=\"https:\/\/moverdb.com\/lv\/moving-companies\/moving-companies-kenya\/\" data-internallinksmanager029f6b8e52c=\"305\" title=\"4 Lab\u0101kie starptautisk\u0101s p\u0101rcel\u0161an\u0101s uz\u0146\u0113mumi Kenij\u0101\">Kenija<\/a>, Tanz\u0101nija, Zambija, ASV, <a href=\"https:\/\/moverdb.com\/lv\/moving-to-canada\/\" data-internallinksmanager029f6b8e52c=\"265\" title=\"P\u0101rcel\u0161an\u0101s uz Kan\u0101du? 2023 Dz\u012bves izmaksas un p\u0101rcel\u0161an\u0101s padomi\">Kan\u0101da<\/a>, <a href=\"https:\/\/moverdb.com\/lv\/moving-to-australia\/living-in-australia\/\" data-internallinksmanager029f6b8e52c=\"240\" title=\"21 nosl\u0113pums par dz\u012bvi Austr\u0101lij\u0101, kas j\u0101zina pirms p\u0101rcel\u0161an\u0101s\">Austr\u0101lija<\/a>, <a href=\"https:\/\/moverdb.com\/lv\/moving-to-new-zealand\/\" data-internallinksmanager029f6b8e52c=\"324\" title=\"P\u0101rcel\u0161an\u0101s uz Jaunz\u0113landi? 2023 Dz\u012bves izmaksas un p\u0101rcel\u0161an\u0101s padomi\">Jaunz\u0113lande<\/a>, <a href=\"https:\/\/moverdb.com\/lv\/moving-to-germany\/\" data-internallinksmanager029f6b8e52c=\"321\" title=\"P\u0101rcel\u0161an\u0101s uz V\u0101ciju? 2023 Dz\u012bves izmaksas un p\u0101rcel\u0161an\u0101s padomi\">V\u0101cija<\/a>, <a href=\"https:\/\/moverdb.com\/lv\/moving-to-switzerland\/\" data-internallinksmanager029f6b8e52c=\"327\" title=\"P\u0101rcel\u0161an\u0101s uz \u0160veici? 2023 Dz\u012bves izmaksas un p\u0101rcel\u0161an\u0101s padomi\">\u0160veice<\/a>, <a href=\"https:\/\/moverdb.com\/lv\/moving-to-italy\/\" data-internallinksmanager029f6b8e52c=\"346\" title=\"P\u0101rcel\u0161an\u0101s uz It\u0101liju? 2023 Dz\u012bves izmaksas un p\u0101rcel\u0161an\u0101s padomi\">It\u0101lija<\/a>, <a href=\"https:\/\/moverdb.com\/lv\/moving-to-spain\/\" data-internallinksmanager029f6b8e52c=\"266\" title=\"P\u0101rcel\u0161an\u0101s uz Sp\u0101niju? 2023 Dz\u012bves izmaksas un p\u0101rcel\u0161an\u0101s padomi\">Sp\u0101nija<\/a>, <a href=\"https:\/\/moverdb.com\/lv\/moving-companies\/moving-companies-nigeria\/\" data-internallinksmanager029f6b8e52c=\"280\" title=\"10 Lab\u0101kais Starptautisk\u0101s P\u0101rv\u0101k\u0161an\u0101s uz\u0146\u0113mumi Nig\u0113rij\u0101\">Nig\u0113rija<\/a>, <a href=\"https:\/\/moverdb.com\/lv\/moving-companies\/moving-companies-ghana\/\" data-internallinksmanager029f6b8e52c=\"228\" title=\"2 Lab\u0101kie starptautisk\u0101s p\u0101rcel\u0161an\u0101s uz\u0146\u0113mumi Gan\u0101\">Gana<\/a>, <a href=\"https:\/\/moverdb.com\/lv\/moving-to-portugal\/\" data-internallinksmanager029f6b8e52c=\"316\" title=\"P\u0101rcel\u0161an\u0101s uz Portug\u0101li? 2023 Dz\u012bves izmaksas un p\u0101rcel\u0161an\u0101s padomi\">Portug\u0101le<\/a>, Rum\u0101nija, <a href=\"https:\/\/moverdb.com\/lv\/moving-to-norway\/\" data-internallinksmanager029f6b8e52c=\"325\" title=\"P\u0101rcel\u0161an\u0101s uz Norv\u0113\u0123iju? 2023 Dz\u012bves izmaksas un p\u0101rcel\u0161an\u0101s padomi\">Norv\u0113\u0123ija<\/a>, <a href=\"https:\/\/moverdb.com\/lv\/moving-to-bulgaria\/\" data-internallinksmanager029f6b8e52c=\"322\" title=\"P\u0101rcel\u0161an\u0101s uz Bulg\u0101riju? 2023 Dz\u012bves izmaksas un p\u0101rcel\u0161an\u0101s padomi\">Bulg\u0101rija<\/a>, <a href=\"https:\/\/moverdb.com\/lv\/moving-to-belgium\/\" data-internallinksmanager029f6b8e52c=\"323\" title=\"P\u0101rcel\u0161an\u0101s uz Be\u013c\u0123iju? 2023 Dz\u012bves izmaksas un p\u0101rcel\u0161an\u0101s padomi\">Be\u013c\u0123ija<\/a>, <a href=\"https:\/\/moverdb.com\/lv\/moving-to-the-netherlands\/\" data-internallinksmanager029f6b8e52c=\"328\" title=\"P\u0101rce\u013caties uz N\u012bderlandi? 2023 Dz\u012bves izmaksas un p\u0101rcel\u0161an\u0101s padomi\">N\u012bderlande<\/a>, <a href=\"https:\/\/moverdb.com\/lv\/moving-to-ireland\/\" data-internallinksmanager029f6b8e52c=\"320\" title=\"P\u0101rcel\u0161an\u0101s uz \u012ariju? 2023 Dz\u012bves izmaksas un p\u0101rcel\u0161an\u0101s padomi\">\u012arija<\/a>, <a href=\"https:\/\/moverdb.com\/lv\/moving-to-hong-kong\/\" data-internallinksmanager029f6b8e52c=\"350\" title=\"P\u0101rcel\u0161an\u0101s uz Honkongu? 2023 Dz\u012bves izmaksas un p\u0101rcel\u0161an\u0101s padomi\">Honkonga<\/a>.<\/p>\n<p>m\u0113s to visu dar\u0101m par konkur\u0113tsp\u0113j\u012bgu cenu un lielisku pieg\u0101des servisu.<\/p>\n<p>Ekspress paku pieg\u0101des pakalpojums vis\u0101 pasaul\u0113.<\/p>\n<p>Importa muito\u0161ana.<\/p>\n<p>P\u0101rm\u0113r\u012bga bag\u0101\u017ea.<\/p>\n<p>Gaisa kravu eksports Starptautiskie m\u0101jas p\u0101rv\u0101k\u0161an\u0101s darbi.<\/p>\n<p>Eiropas autop\u0101rvad\u0101jumi.<\/p>\n<p>Specializ\u0113ts paku p\u0101rvad\u0101jums uz Indiju, ASV, <a href=\"https:\/\/moverdb.com\/lv\/moving-to-china\/\" data-internallinksmanager029f6b8e52c=\"357\" title=\"P\u0101rcel\u0161an\u0101s uz \u0136\u012bnu? 2023 Dz\u012bves izmaksas un p\u0101rcel\u0161an\u0101s padomi\">\u0136\u012bna<\/a>, Honkonga, Kenija, Tanz\u0101nija, \u0160rilanka, Dubaija, <a href=\"https:\/\/moverdb.com\/lv\/moving-to-the-uae\/\" data-internallinksmanager029f6b8e52c=\"329\" title=\"P\u0101rce\u013caties uz Apvienotajiem Ar\u0101bu Emir\u0101tiem (AAE)? 2024 Dz\u012bves izmaksas un p\u0101rcel\u0161an\u0101s padomi\">AAE<\/a>, Pakist\u0101na, <a href=\"https:\/\/moverdb.com\/lv\/moving-companies\/moving-companies-nepal\/\" data-internallinksmanager029f6b8e52c=\"283\" title=\"Lab\u0101kie starptautisk\u0101s p\u0101rcel\u0161an\u0101s uz\u0146\u0113mumi Nep\u0101l\u0101\">Nep\u0101la<\/a> un vis\u0101 pasaul\u0113.<\/p>\n<p><strong>Papildu pakalpojumi:<\/strong><\/p>\n<p>Kurjerpasts<\/p>\n<p>Lo\u0123istikas pakalpojumi<\/p>\n<p>Pieg\u0101des uz\u0146\u0113mums<\/p>\n<p><strong>Adrese:<\/strong> Blakus Domino's Pizza, 30c Melton Rd, Leicester LE4 5EA<\/p>\n<p><a href=\"http:\/\/dtdexpress.co.uk\/\" target=\"_new\" rel=\"noopener\">DTDC Courier &amp; Cargo Ltd t\u012bmek\u013ca vietne<\/a><\/p>\n<p><strong>P\u0101rskata rezult\u0101ts: <\/strong>4.1<br \/> <strong>Atsauksmes skaits:<\/strong> 23<br \/><a href=\"https:\/\/www.google.co.uk\/maps?cid=76148574372916641&#038;hl=en&#038;gl=GB\" target=\"_new\" rel=\"noopener\">Las\u012bt atsauksmes<\/a><\/p>\n<h2><span class=\"ez-toc-section\" id=\"Apex_Cargo_Office\"><\/span>Apex Cargo birojs<span class=\"ez-toc-section-end\"><\/span><\/h2>\n<p><img decoding=\"async\" src=\"https:\/\/moverdb.com\/wp-content\/uploads\/AF1QipM8vh-2Tw_s8sO4CitLdq-oeZwgV31Jl1JTVMcyw648-h240-k-no.jpg\" alt='Apex Cargo birojs' class=\"aligncenter\"><\/p>\n<p><strong>Apraksts no uz\u0146\u0113muma: <\/strong>Komerci\u0101lo un person\u012bgo p\u0101rvad\u0101jumu a\u0123enti Lester\u0101, Apvienotaj\u0101 Karalist\u0113.<\/p>\n<p> M\u0113s esam \u0161eit, lai apmierin\u0101tu visas j\u016bsu gaisa, j\u016bras, kurjerpasta, RORO un iepako\u0161anas vajadz\u012bbas!<\/p>\n<p><strong>Papildu pakalpojumi:<\/strong><\/p>\n<p>Nav iek\u013cauts sarakst\u0101<\/p>\n<p><strong>Adrese:<\/strong> 93 Evington Rd, Leicester LE2 1QH<\/p>\n<p><a href=\"http:\/\/www.apexcargo.co.uk\/\" target=\"_new\" rel=\"noopener\">Apex Cargo Office t\u012bmek\u013ca vietne<\/a><\/p>\n<p><strong>P\u0101rskata rezult\u0101ts: <\/strong>4.7<br \/> <strong>Atsauksmes skaits:<\/strong> 143<br \/><a href=\"https:\/\/www.google.co.uk\/maps?cid=5683667821203236023&#038;hl=en&#038;gl=GB\" target=\"_new\" rel=\"noopener\">Las\u012bt atsauksmes<\/a><\/p>\n<h2><span class=\"ez-toc-section\" id=\"Apex_Cargo_Warehouse\"><\/span>Apex Cargo Warehouse<span class=\"ez-toc-section-end\"><\/span><\/h2>\n<p><img decoding=\"async\" src=\"https:\/\/moverdb.com\/wp-content\/uploads\/AF1QipN5VJnTa3s9DusD7tnTtF1LdkY-oD6z8kqOS0ZGw408-h327-k-no.jpg\" alt='Apex Cargo Warehouse' class=\"aligncenter\"><\/p>\n<p><strong>Apraksts no uz\u0146\u0113muma: <\/strong>Komerci\u0101lo un personisko p\u0101rvad\u0101jumu a\u0123enti, kas atrodas Lester\u0101, Apvienotaj\u0101 Karalist\u0113.<\/p>\n<p> M\u0113s esam \u0161eit, lai apmierin\u0101tu visas j\u016bsu gaisa, j\u016bras, kurjerpasta, RORO un iepako\u0161anas vajadz\u012bbas!<\/p>\n<p><strong>Papildu pakalpojumi:<\/strong><\/p>\n<p>Nav iek\u013cauts sarakst\u0101<\/p>\n<p><strong>Adrese:<\/strong> Unit 3 Wheat St, Leicester LE1 2AG<\/p>\n<p><a href=\"https:\/\/apexcargo.co.uk\/\" target=\"_new\" rel=\"noopener\">Apex Cargo Warehouse t\u012bmek\u013ca vietne<\/a><\/p>\n<p><strong>P\u0101rskata rezult\u0101ts: <\/strong>5<br \/> <strong>Atsauksmes skaits:<\/strong> 6<br \/><a href=\"https:\/\/www.google.co.uk\/maps?cid=13453460755086086291&#038;hl=en&#038;gl=GB\" target=\"_new\" rel=\"noopener\">Las\u012bt atsauksmes<\/a><\/p>\n<h2><span class=\"ez-toc-section\" id=\"CLA_UK_Ltd\"><\/span>CLA UK Ltd<span class=\"ez-toc-section-end\"><\/span><\/h2>\n<p><img decoding=\"async\" src=\"https:\/\/moverdb.com\/wp-content\/uploads\/AF1QipPYmWVhQ4mONrV_yzKPziNFhOGqzBVZFoyv7yr_w408-h408-k-no.jpg\" alt='CLA UK Ltd' class=\"aligncenter\"><\/p>\n<p><strong>Apraksts no uz\u0146\u0113muma: <\/strong>Specializ\u0113ti kravu p\u0101rvad\u0101jumu pakalpojumi Eiropas lo\u0123istik\u0101<\/p>\n<p><strong>Papildu pakalpojumi:<\/strong><\/p>\n<p>Nav iek\u013cauts sarakst\u0101<\/p>\n<p><strong>Adrese:<\/strong> 15 Nursery Ct, Kibworth Harcourt, Leicester LE8 0EX<\/p>\n<p><a href=\"http:\/\/www.cla-uk.com\/\" target=\"_new\" rel=\"noopener\">CLA UK Ltd t\u012bmek\u013ca vietne<\/a><\/p>\n<p><strong>P\u0101rskata rezult\u0101ts: <\/strong>5<br \/> <strong>Atsauksmes skaits:<\/strong> 1<br \/><a href=\"https:\/\/www.google.co.uk\/maps?cid=12756722996247192377&#038;hl=en&#038;gl=GB\" target=\"_new\" rel=\"noopener\">Las\u012bt atsauksmes<\/a><\/p>\n<h2><span class=\"ez-toc-section\" id=\"How_we_picked_the_best_Leicester_Freight_Forwarding_Companies\"><\/span>K\u0101 m\u0113s izv\u0113l\u0113j\u0101mies lab\u0101kos Lei\u010desteras kravas eksped\u012bcijas uz\u0146\u0113mumus<span class=\"ez-toc-section-end\"><\/span><\/h2>\n<p>S\u0101k\u0101m ar datu kopu, kur\u0101 bija 21 Lei\u010desteras kravu p\u0101rvad\u0101jumu uz\u0146\u0113mums, ko var\u0113j\u0101m atrast, izmantojot Google Maps, un sa\u0161aurin\u0101j\u0101m to l\u012bdz 8 lab\u0101kajiem.<\/p>\n<p>Lai to izdar\u012btu, m\u0113s izsv\u012btroj\u0101m jebkuru uz\u0146\u0113mumu, kas:<\/p>\n<ul>\n<li> Nebija t\u012bmek\u013ca vietnes<\/li>\n<li> Nebija atsauksmju<\/li>\n<li> vid\u0113jais atsauksmju v\u0113rt\u0113jums bija zem\u0101ks par 2,0<\/li>\n<\/ul>\n<p>\u0160aj\u0101 br\u012bd\u012b, ja mums bija 17 vai maz\u0101k ekspeditoru, m\u0113s uzskait\u012bj\u0101m visus.<\/p>\n<p>Pils\u0113t\u0101s, kur\u0101s bija paliku\u0161i vair\u0101k nek\u0101 17 ekspeditori, m\u0113s veic\u0101m turpm\u0101kas korekcijas, vai nu palielinot nepiecie\u0161amo atsauksmju punktu skaitu (piem\u0113ram, no vismaz 2,0 l\u012bdz 4,0), un\/vai palielinot minim\u0101lo nepiecie\u0161amo atsauksmju skaitu (piem\u0113ram, no vismaz 1 atsauksmes l\u012bdz vismaz 10).<\/p>\n<p>\u0145emiet v\u0113r\u0101, ka m\u0113s izmantoj\u0101m tikai p\u0101rskat\u012b\u0161anas datus no Google Maps, nevis cit\u0101m tre\u0161o pu\u0161u vietn\u0113m.<\/p>\n<p>Vair\u0101k pils\u0113tu:<\/p>\n<p><a href=\"https:\/\/moverdb.com\/lv\/kravas-ekspeditors\/freight-forwarding-uk\/dartford-freight-forwarder\/\">Dartfordas kravas ekspeditors<\/a><br \/><a href=\"https:\/\/moverdb.com\/lv\/kravas-ekspeditors\/freight-forwarding-uk\/grays-freight-forwarder\/\">Grays Kravu ekspeditors<\/a><br \/><a href=\"https:\/\/moverdb.com\/lv\/kravas-ekspeditors\/freight-forwarding-uk\/sunbury-on-thames-freight-forwarder\/\">Sunbury-on-Thames kravas ekspeditors<\/a><br \/><a href=\"https:\/\/moverdb.com\/lv\/kravas-ekspeditors\/freight-forwarding-uk\/hull-freight-forwarder\/\">Korpusa kravas ekspeditors<\/a><br \/><a href=\"https:\/\/moverdb.com\/lv\/kravas-ekspeditors\/freight-forwarding-uk\/witham-freight-forwarder\/\">Witham Kravu ekspeditors<\/a><\/p>","protected":false},"excerpt":{"rendered":"<p>Below we look at the 8 &#8220;best&#8221; Freight Forwarding companies in Leicester out of 21. To learn more about how we chose the best please consult our FAQ section at the end. Please not the following listings are in no particular order and we are not making any recommendations for any particular company. United Pallet [&hellip;]<\/p>\n","protected":false},"author":1,"featured_media":0,"parent":13427,"menu_order":0,"comment_status":"open","ping_status":"open","template":"","meta":{"_genesis_hide_title":false,"_genesis_hide_breadcrumbs":false,"_genesis_hide_singular_image":false,"_genesis_hide_footer_widgets":false,"_genesis_custom_body_class":"","_genesis_custom_post_class":"","_genesis_layout":"","footnotes":""},"class_list":{"0":"post-13796","1":"page","2":"type-page","3":"status-publish","5":"entry"},"_links":{"self":[{"href":"https:\/\/moverdb.com\/lv\/wp-json\/wp\/v2\/pages\/13796","targetHints":{"allow":["GET"]}}],"collection":[{"href":"https:\/\/moverdb.com\/lv\/wp-json\/wp\/v2\/pages"}],"about":[{"href":"https:\/\/moverdb.com\/lv\/wp-json\/wp\/v2\/types\/page"}],"author":[{"embeddable":true,"href":"https:\/\/moverdb.com\/lv\/wp-json\/wp\/v2\/users\/1"}],"replies":[{"embeddable":true,"href":"https:\/\/moverdb.com\/lv\/wp-json\/wp\/v2\/comments?post=13796"}],"version-history":[{"count":1,"href":"https:\/\/moverdb.com\/lv\/wp-json\/wp\/v2\/pages\/13796\/revisions"}],"predecessor-version":[{"id":15805,"href":"https:\/\/moverdb.com\/lv\/wp-json\/wp\/v2\/pages\/13796\/revisions\/15805"}],"up":[{"embeddable":true,"href":"https:\/\/moverdb.com\/lv\/wp-json\/wp\/v2\/pages\/13427"}],"wp:attachment":[{"href":"https:\/\/moverdb.com\/lv\/wp-json\/wp\/v2\/media?parent=13796"}],"curies":[{"name":"wp","href":"https:\/\/api.w.org\/{rel}","templated":true}]}}