{"id":13779,"date":"2023-11-08T15:52:42","date_gmt":"2023-11-08T15:52:42","guid":{"rendered":"https:\/\/moverdb.com\/freight-forwarder\/freight-forwarding-uk\/barking-freight-forwarder\/"},"modified":"2026-01-08T13:18:10","modified_gmt":"2026-01-08T13:18:10","slug":"barking-freight-forwarder","status":"publish","type":"page","link":"https:\/\/moverdb.com\/lv\/freight-forwarder\/freight-forwarding-uk\/barking-freight-forwarder\/","title":{"rendered":"8 lab\u0101kie Barking kravas eksped\u012bcijas uz\u0146\u0113mumi (2024)"},"content":{"rendered":"<p>Zem\u0101k m\u0113s apl\u016bkojam 8 <em>\"lab\u0101kais\"<\/em> Kravu eksped\u012bcijas uz\u0146\u0113mumi Barking\u0101 no 14.<\/p>\n<p>Lai uzzin\u0101tu vair\u0101k par to, k\u0101 m\u0113s izv\u0113l\u0113j\u0101mies lab\u0101kos, skatiet m\u016bsu FAQ sada\u013cu beig\u0101s.<\/p>\n<p><em>L\u016bdzu, \u0146emiet v\u0113r\u0101, ka turpm\u0101k min\u0113tie saraksti nav sak\u0101rtoti \u012bpa\u0161\u0101 sec\u012bb\u0101 un m\u0113s nesniedzam ieteikumus par k\u0101du konkr\u0113tu uz\u0146\u0113mumu.<\/em><\/p>\n<div id=\"ez-toc-container\" class=\"ez-toc-v2_0_82_2 ez-toc-wrap-left counter-hierarchy ez-toc-counter ez-toc-transparent ez-toc-container-direction\">\n<div class=\"ez-toc-title-container\">\n<p class=\"ez-toc-title\" style=\"cursor:inherit\">Sada\u013cas<\/p>\n<span class=\"ez-toc-title-toggle\"><a href=\"#\" class=\"ez-toc-pull-right ez-toc-btn ez-toc-btn-xs ez-toc-btn-default ez-toc-toggle\" aria-label=\"P\u0101rsl\u0113gt satura tabulu\"><span class=\"ez-toc-js-icon-con\"><span class=\"\"><span class=\"eztoc-hide\" style=\"display:none;\">P\u0101rsl\u0113gt<\/span><span class=\"ez-toc-icon-toggle-span\"><svg style=\"fill: #999;color:#999\" xmlns=\"http:\/\/www.w3.org\/2000\/svg\" class=\"list-377408\" width=\"20px\" height=\"20px\" viewbox=\"0 0 24 24\" fill=\"none\"><path d=\"M6 6H4v2h2V6zm14 0H8v2h12V6zM4 11h2v2H4v-2zm16 0H8v2h12v-2zM4 16h2v2H4v-2zm16 0H8v2h12v-2z\" fill=\"currentColor\"><\/path><\/svg><svg style=\"fill: #999;color:#999\" class=\"arrow-unsorted-368013\" xmlns=\"http:\/\/www.w3.org\/2000\/svg\" width=\"10px\" height=\"10px\" viewbox=\"0 0 24 24\" version=\"1.2\" baseprofile=\"tiny\"><path d=\"M18.2 9.3l-6.2-6.3-6.2 6.3c-.2.2-.3.4-.3.7s.1.5.3.7c.2.2.4.3.7.3h11c.3 0 .5-.1.7-.3.2-.2.3-.5.3-.7s-.1-.5-.3-.7zM5.8 14.7l6.2 6.3 6.2-6.3c.2-.2.3-.5.3-.7s-.1-.5-.3-.7c-.2-.2-.4-.3-.7-.3h-11c-.3 0-.5.1-.7.3-.2.2-.3.5-.3.7s.1.5.3.7z\"\/><\/svg><\/span><\/span><\/span><\/a><\/span><\/div>\n<nav><ul class='ez-toc-list ez-toc-list-level-1 eztoc-toggle-hide-by-default' ><li class='ez-toc-page-1 ez-toc-heading-level-2'><a class=\"ez-toc-link ez-toc-heading-1\" href=\"https:\/\/moverdb.com\/lv\/freight-forwarder\/freight-forwarding-uk\/barking-freight-forwarder\/#Miracle_Shipping_Cargo_Services\" >Miracle Shipping &amp; Cargo Services<\/a><\/li><li class='ez-toc-page-1 ez-toc-heading-level-2'><a class=\"ez-toc-link ez-toc-heading-2\" href=\"https:\/\/moverdb.com\/lv\/freight-forwarder\/freight-forwarding-uk\/barking-freight-forwarder\/#Uneek_Group\" >Uneek Group<\/a><\/li><li class='ez-toc-page-1 ez-toc-heading-level-2'><a class=\"ez-toc-link ez-toc-heading-3\" href=\"https:\/\/moverdb.com\/lv\/freight-forwarder\/freight-forwarding-uk\/barking-freight-forwarder\/#Uneek_Forwarding_Ltd\" >Uneek Forwarding Ltd<\/a><\/li><li class='ez-toc-page-1 ez-toc-heading-level-2'><a class=\"ez-toc-link ez-toc-heading-4\" href=\"https:\/\/moverdb.com\/lv\/freight-forwarder\/freight-forwarding-uk\/barking-freight-forwarder\/#Lontex_Exports_Ltd\" >Lontex Exports Ltd<\/a><\/li><li class='ez-toc-page-1 ez-toc-heading-level-2'><a class=\"ez-toc-link ez-toc-heading-5\" href=\"https:\/\/moverdb.com\/lv\/freight-forwarder\/freight-forwarding-uk\/barking-freight-forwarder\/#Trans_Marine_London_Ltd\" >Trans Marine (Londona) Ltd<\/a><\/li><li class='ez-toc-page-1 ez-toc-heading-level-2'><a class=\"ez-toc-link ez-toc-heading-6\" href=\"https:\/\/moverdb.com\/lv\/freight-forwarder\/freight-forwarding-uk\/barking-freight-forwarder\/#HGRent_Company_Highbury_Limited\" >H.G.Rent &amp; Company (Highbury) Limited<\/a><\/li><li class='ez-toc-page-1 ez-toc-heading-level-2'><a class=\"ez-toc-link ez-toc-heading-7\" href=\"https:\/\/moverdb.com\/lv\/freight-forwarder\/freight-forwarding-uk\/barking-freight-forwarder\/#Amba_Forwarding_London_Ltd\" >Amba Forwarding (London) Ltd<\/a><\/li><li class='ez-toc-page-1 ez-toc-heading-level-2'><a class=\"ez-toc-link ez-toc-heading-8\" href=\"https:\/\/moverdb.com\/lv\/freight-forwarder\/freight-forwarding-uk\/barking-freight-forwarder\/#West_Indies_FreightWI_Freight\" >West Indies Freight\/WI Freight<\/a><\/li><li class='ez-toc-page-1 ez-toc-heading-level-2'><a class=\"ez-toc-link ez-toc-heading-9\" href=\"https:\/\/moverdb.com\/lv\/freight-forwarder\/freight-forwarding-uk\/barking-freight-forwarder\/#How_we_picked_the_best_Barking_Freight_Forwarding_Companies\" >K\u0101 m\u0113s izv\u0113l\u0113j\u0101mies lab\u0101kos Barkingas kravas eksped\u012bcijas uz\u0146\u0113mumus<\/a><\/li><\/ul><\/nav><\/div>\n<h2><span class=\"ez-toc-section\" id=\"Miracle_Shipping_Cargo_Services\"><\/span>Miracle Shipping &amp; Cargo Services<span class=\"ez-toc-section-end\"><\/span><\/h2>\n<p><img decoding=\"async\" src=\"https:\/\/moverdb.com\/wp-content\/uploads\/thumbnailpanoidkPhAIxuIw8m_97SdU9ieewcb_clientsearch.gws-prod.gpsw408h240yaw19.jpg\" alt='Miracle Shipping &amp; Cargo Services' class=\"aligncenter\"><\/p>\n<p><strong>Apraksts no uz\u0146\u0113muma: <\/strong>Miracle Cargo ir cien\u012bjams eksped\u012bcijas uz\u0146\u0113mums, kas var nodro\u0161in\u0101t visas j\u016bsu kravas eksped\u012bcijas, lo\u0123istikas un kravu p\u0101rvad\u0101\u0161anas vajadz\u012bbas no jebkuras vietas pasaul\u0113. <a href=\"https:\/\/moverdb.com\/lv\/moving-to-the-uk\/\" data-internallinksmanager029f6b8e52c=\"93\" title=\"P\u0101rce\u013caties uz Apvienoto Karalisti? 2022 Dz\u012bves izmaksas un p\u0101rcel\u0161an\u0101s padomi\">APVIENOT\u0100 KARALISTE<\/a> uz <a href=\"https:\/\/moverdb.com\/lv\/moving-companies\/moving-companies-nigeria\/\" data-internallinksmanager029f6b8e52c=\"280\" title=\"10 Lab\u0101kais Starptautisk\u0101s P\u0101rv\u0101k\u0161an\u0101s uz\u0146\u0113mumi Nig\u0113rij\u0101\">Nig\u0113rija<\/a>.<\/p>\n<p> Miracle Cargo ir izveidojis savu reput\u0101ciju k\u0101 viens no uzticam\u0101kajiem starptautiskajiem j\u016bras kravu ekspeditoriem, pied\u0101v\u0101jot pla\u0161u elast\u012bgu pakalpojumu kl\u0101stu.<\/p>\n<p> M\u016bsu m\u0113r\u0137tiec\u012bg\u0101 un profesion\u0101l\u0101 pieeja nodro\u0161ina, ka j\u016bsu krava tiek transport\u0113ta dro\u0161i un par konkur\u0113tsp\u0113j\u012bgu cenu.<\/p>\n<p><strong>Papildu pakalpojumi:<\/strong><\/p>\n<p>Nav iek\u013cauts sarakst\u0101<\/p>\n<p><strong>Adrese:<\/strong> Nr. 5, Clockhouse Ave, Barking IG11 7RX<\/p>\n<p><a href=\"http:\/\/miraclecargo.co.uk\/\" target=\"_new\" rel=\"noopener\">Miracle Shipping &amp; Cargo Services t\u012bmek\u013ca vietne<\/a><\/p>\n<p><strong>P\u0101rskata rezult\u0101ts: <\/strong>3<br \/> <strong>Atsauksmes skaits:<\/strong> 6<br \/><a href=\"https:\/\/www.google.co.uk\/maps?cid=7694554560746990111&#038;hl=en&#038;gl=GB\" target=\"_new\" rel=\"noopener\">Las\u012bt atsauksmes<\/a><\/p>\n<h2><span class=\"ez-toc-section\" id=\"Uneek_Group\"><\/span>Uneek Group<span class=\"ez-toc-section-end\"><\/span><\/h2>\n<p><img decoding=\"async\" src=\"https:\/\/moverdb.com\/wp-content\/uploads\/AF1QipMIi16VQYaCkXdC8ogRKY1gmudBI2ajweHhqhvOw408-h408-k-no.jpg\" alt='Uneek Group' class=\"aligncenter\"><\/p>\n<p><strong>Apraksts no uz\u0146\u0113muma: <\/strong>Nav sniegts<\/p>\n<p><strong>Papildu pakalpojumi:<\/strong><\/p>\n<p>Nav iek\u013cauts sarakst\u0101<\/p>\n<p><strong>Adrese:<\/strong> Renwick Industrial Estate, Renwick Rd, Barking IG11 0SD<\/p>\n<p><a href=\"http:\/\/www.uneek-group.com\/\" target=\"_new\" rel=\"noopener\">Uneek Group t\u012bmek\u013ca vietne<\/a><\/p>\n<p><strong>P\u0101rskata rezult\u0101ts: <\/strong>5<br \/> <strong>Atsauksmes skaits:<\/strong> 1<br \/><a href=\"https:\/\/www.google.co.uk\/maps?cid=1474583292350769297&#038;hl=en&#038;gl=GB\" target=\"_new\" rel=\"noopener\">Las\u012bt atsauksmes<\/a><\/p>\n<h2><span class=\"ez-toc-section\" id=\"Uneek_Forwarding_Ltd\"><\/span>Uneek Forwarding Ltd<span class=\"ez-toc-section-end\"><\/span><\/h2>\n<p><img decoding=\"async\" src=\"https:\/\/moverdb.com\/wp-content\/uploads\/AF1QipNaAYmBfg2yKln1VZX8UkK0BwB9FSJWVaa4jN9vw452-h240-k-no.jpg\" alt='Uneek Forwarding Ltd' class=\"aligncenter\"><\/p>\n<p><strong>Apraksts no uz\u0146\u0113muma: <\/strong>Uneek Group pied\u0101v\u0101 uzticamus un profesion\u0101lus kravu p\u0101rvad\u0101jumu pakalpojumus vis\u0101 pasaul\u0113.<\/p>\n<p> P\u0101rvad\u0101jot savas v\u0113rt\u012bg\u0101s preces un mantas vis\u0101 pasaul\u0113, j\u016bs v\u0113laties zin\u0101t, ka to vad\u012bs k\u0101ds, kam ir atbilsto\u0161as zin\u0101\u0161anas, kompetence un pieredze.<\/p>\n<p> J\u016bs v\u0113laties b\u016bt p\u0101rliecin\u0101ts, ka tas tiks paveikts efekt\u012bvi, uzticami un profesion\u0101li p\u0113c iesp\u0113jas \u012bs\u0101k\u0101 laik\u0101.<\/p>\n<p><strong>Papildu pakalpojumi:<\/strong><\/p>\n<p>Muitas brokeris<\/p>\n<p>Muitas noliktava<\/p>\n<p>Uzglab\u0101\u0161anas iek\u0101rta<\/p>\n<p>Noliktava<\/p>\n<p><strong>Adrese:<\/strong> 1-2, Renwick Industrial Estate, Renwick Rd, Barking IG11 0SD<\/p>\n<p><a href=\"http:\/\/www.uneek-group.com\/\" target=\"_new\" rel=\"noopener\">Uneek Forwarding Ltd t\u012bmek\u013ca vietne<\/a><\/p>\n<p><strong>P\u0101rskata rezult\u0101ts: <\/strong>4.7<br \/> <strong>Atsauksmes skaits:<\/strong> 41<br \/><a href=\"https:\/\/www.google.co.uk\/maps?cid=1474583292350769297&#038;hl=en&#038;gl=GB\" target=\"_new\" rel=\"noopener\">Las\u012bt atsauksmes<\/a><\/p>\n<h2><span class=\"ez-toc-section\" id=\"Lontex_Exports_Ltd\"><\/span>Lontex Exports Ltd<span class=\"ez-toc-section-end\"><\/span><\/h2>\n<p><img decoding=\"async\" src=\"https:\/\/moverdb.com\/wp-content\/uploads\/AF1QipNeyNOtlS_OpZ22Iay1-CQMn3nJI2pYvAWCPo4Tw408-h306-k-no.jpg\" alt='Lontex Exports Ltd' class=\"aligncenter\"><\/p>\n<p><strong>Apraksts no uz\u0146\u0113muma: <\/strong>Nav sniegts<\/p>\n<p><strong>Papildu pakalpojumi:<\/strong><\/p>\n<p>Pieg\u0101des uz\u0146\u0113mums<\/p>\n<p>Pieg\u0101des pakalpojums<\/p>\n<p><a href=\"https:\/\/moverdb.com\/lv\/car-transport-shipping\/\" data-internallinksmanager029f6b8e52c=\"2\" title=\"2026 Starptautiskais autotransports un transportl\u012bdzek\u013cu p\u0101rvad\u0101\u0161anas cit\u0101ti\">Transportl\u012bdzek\u013cu nos\u016bt\u012b\u0161ana<\/a> a\u0123ents<\/p>\n<p><strong>Adrese:<\/strong> 2a Thames Rd, Barking IG11 0HZ<\/p>\n<p><a href=\"http:\/\/lontexcargo.com\/\" target=\"_new\" rel=\"noopener\">Lontex Exports Ltd t\u012bmek\u013ca vietne<\/a><\/p>\n<p><strong>P\u0101rskata rezult\u0101ts: <\/strong>4.7<br \/> <strong>Atsauksmes skaits:<\/strong> 32<br \/><a href=\"https:\/\/www.google.co.uk\/maps?cid=4734165018320499719&#038;hl=en&#038;gl=GB\" target=\"_new\" rel=\"noopener\">Las\u012bt atsauksmes<\/a><\/p>\n<h2><span class=\"ez-toc-section\" id=\"Trans_Marine_London_Ltd\"><\/span>Trans Marine (Londona) Ltd<span class=\"ez-toc-section-end\"><\/span><\/h2>\n<p><img decoding=\"async\" src=\"\" alt=\"Trans Marine (Londona) Ltd\" class=\"aligncenter\"><\/p>\n<p><strong>Apraksts no uz\u0146\u0113muma: <\/strong>Nav sniegts<\/p>\n<p><strong>Papildu pakalpojumi:<\/strong><\/p>\n<p>Nav iek\u013cauts sarakst\u0101<\/p>\n<p><strong>Adrese:<\/strong> Industrial Park, 59-60 Alfreds Way, Barking IG11 0TJ<\/p>\n<p><a href=\"https:\/\/www.trans-marine.com\/\" target=\"_new\" rel=\"noopener\">Trans Marine (London) Ltd t\u012bmek\u013ca vietne<\/a><\/p>\n<p><strong>P\u0101rskata rezult\u0101ts: <\/strong>5<br \/> <strong>Atsauksmes skaits:<\/strong> 2<br \/><a href=\"https:\/\/www.google.co.uk\/maps?cid=14491191066260530261&#038;hl=en&#038;gl=GB\" target=\"_new\" rel=\"noopener\">Las\u012bt atsauksmes<\/a><\/p>\n<h2><span class=\"ez-toc-section\" id=\"HGRent_Company_Highbury_Limited\"><\/span>H.G.Rent &amp; Company (Highbury) Limited<span class=\"ez-toc-section-end\"><\/span><\/h2>\n<p><img decoding=\"async\" src=\"https:\/\/moverdb.com\/wp-content\/uploads\/thumbnailpanoidDV6YrzOYiGAmR_wrKQLjzQcb_clientsearch.gws-prod.gpsw408h240yaw156.jpg\" alt='H.G.Rent &amp; Company (Highbury) Limited' class=\"aligncenter\"><\/p>\n<p><strong>Apraksts no uz\u0146\u0113muma: <\/strong>Nav sniegts<\/p>\n<p><strong>Papildu pakalpojumi:<\/strong><\/p>\n<p>Pa\u0161glab\u0101\u0161anas objekts<\/p>\n<p>Pieg\u0101des uz\u0146\u0113mums<\/p>\n<p>Pieg\u0101des pakalpojums<\/p>\n<p>Noliktava<\/p>\n<p><strong>Adrese:<\/strong> Maybells Commercial Estate, Ripple Rd, Barking IG11 0TP<\/p>\n<p><a href=\"https:\/\/www.hgrent.com\/\" target=\"_new\" rel=\"noopener\">H.G.Rent &amp; Company (Highbury) Limited t\u012bmek\u013ca vietne<\/a><\/p>\n<p><strong>P\u0101rskata rezult\u0101ts: <\/strong>4<br \/> <strong>Atsauksmes skaits:<\/strong> 10<br \/><a href=\"https:\/\/www.google.co.uk\/maps?cid=12251068360846409758&#038;hl=en&#038;gl=GB\" target=\"_new\" rel=\"noopener\">Las\u012bt atsauksmes<\/a><\/p>\n<h2><span class=\"ez-toc-section\" id=\"Amba_Forwarding_London_Ltd\"><\/span>Amba Forwarding (London) Ltd<span class=\"ez-toc-section-end\"><\/span><\/h2>\n<p><img decoding=\"async\" src=\"https:\/\/moverdb.com\/wp-content\/uploads\/thumbnailpanoidaoqLjYt4SiM-TC0y9gqp-gcb_clientsearch.gws-prod.gpsw408h240yaw106.jpg\" alt='Amba Forwarding (London) Ltd' class=\"aligncenter\"><\/p>\n<p><strong>Apraksts no uz\u0146\u0113muma: <\/strong>Nav sniegts<\/p>\n<p><strong>Papildu pakalpojumi:<\/strong><\/p>\n<p>Nav iek\u013cauts sarakst\u0101<\/p>\n<p><strong>Adrese:<\/strong> 77-87 River Rd., Barking IG11 0JU<\/p>\n<p><a href=\"http:\/\/www.ambaforwarding.com\/\" target=\"_new\" rel=\"noopener\">Amba Forwarding (London) Ltd t\u012bmek\u013ca vietne<\/a><\/p>\n<p><strong>P\u0101rskata rezult\u0101ts: <\/strong>4.3<br \/> <strong>Atsauksmes skaits:<\/strong> 9<br \/><a href=\"https:\/\/www.google.co.uk\/maps?cid=13212541154013940074&#038;hl=en&#038;gl=GB\" target=\"_new\" rel=\"noopener\">Las\u012bt atsauksmes<\/a><\/p>\n<h2><span class=\"ez-toc-section\" id=\"West_Indies_FreightWI_Freight\"><\/span>West Indies Freight\/WI Freight<span class=\"ez-toc-section-end\"><\/span><\/h2>\n<p><img decoding=\"async\" src=\"https:\/\/moverdb.com\/wp-content\/uploads\/AF1QipOC8DD4aml3itGkO7gNaRrA-lFm1UmlJvsyzA46w408-h306-k-no.jpg\" alt='West Indies Freight\/WI Freight' class=\"aligncenter\"><\/p>\n<p><strong>Apraksts no uz\u0146\u0113muma: <\/strong>Nav sniegts<\/p>\n<p><strong>Papildu pakalpojumi:<\/strong><\/p>\n<p>Pieg\u0101des pakalpojums<\/p>\n<p><strong>Adrese:<\/strong> Unit 2, Algor Wharf, 42 River Rd., Barking IG11 0DW<\/p>\n<p><a href=\"http:\/\/wifreight.com\/\" target=\"_new\" rel=\"noopener\">West Indies Freight\/WI Freight t\u012bmek\u013ca vietne<\/a><\/p>\n<p><strong>P\u0101rskata rezult\u0101ts: <\/strong>4.7<br \/> <strong>Atsauksmes skaits:<\/strong> 42<br \/><a href=\"https:\/\/www.google.co.uk\/maps?cid=11354177762167069588&#038;hl=en&#038;gl=GB\" target=\"_new\" rel=\"noopener\">Las\u012bt atsauksmes<\/a><\/p>\n<h2><span class=\"ez-toc-section\" id=\"How_we_picked_the_best_Barking_Freight_Forwarding_Companies\"><\/span>K\u0101 m\u0113s izv\u0113l\u0113j\u0101mies lab\u0101kos Barkingas kravas eksped\u012bcijas uz\u0146\u0113mumus<span class=\"ez-toc-section-end\"><\/span><\/h2>\n<p>S\u0101k\u0101m ar 14 Barkingas kravu p\u0101rvad\u0101jumu uz\u0146\u0113mumu datu kopu, ko var\u0113j\u0101m atrast, izmantojot Google Maps, un sa\u0161aurin\u0101j\u0101m to l\u012bdz 8 lab\u0101kajiem.<\/p>\n<p>Lai to izdar\u012btu, m\u0113s izsv\u012btroj\u0101m jebkuru uz\u0146\u0113mumu, kas:<\/p>\n<ul>\n<li> Nebija t\u012bmek\u013ca vietnes<\/li>\n<li> Nebija atsauksmju<\/li>\n<li> vid\u0113jais atsauksmju v\u0113rt\u0113jums bija zem\u0101ks par 2,0<\/li>\n<\/ul>\n<p>\u0160aj\u0101 br\u012bd\u012b, ja mums bija 17 vai maz\u0101k ekspeditoru, m\u0113s uzskait\u012bj\u0101m visus.<\/p>\n<p>Pils\u0113t\u0101s, kur\u0101s bija paliku\u0161i vair\u0101k nek\u0101 17 ekspeditori, m\u0113s veic\u0101m turpm\u0101kas korekcijas, vai nu palielinot nepiecie\u0161amo atsauksmju punktu skaitu (piem\u0113ram, no vismaz 2,0 l\u012bdz 4,0), un\/vai palielinot minim\u0101lo nepiecie\u0161amo atsauksmju skaitu (piem\u0113ram, no vismaz 1 atsauksmes l\u012bdz vismaz 10).<\/p>\n<p>\u0145emiet v\u0113r\u0101, ka m\u0113s izmantoj\u0101m tikai p\u0101rskat\u012b\u0161anas datus no Google Maps, nevis cit\u0101m tre\u0161o pu\u0161u vietn\u0113m.<\/p>\n<p>Vair\u0101k pils\u0113tu:<\/p>\n<p><a href=\"https:\/\/moverdb.com\/lv\/kravas-ekspeditors\/freight-forwarding-uk\/staines-freight-forwarder\/\">Staines Kravu ekspeditors<\/a><br \/><a href=\"https:\/\/moverdb.com\/lv\/kravas-ekspeditors\/freight-forwarding-uk\/leicester-freight-forwarder\/\">Lesteras kravas ekspeditors<\/a><br \/><a href=\"https:\/\/moverdb.com\/lv\/kravas-ekspeditors\/freight-forwarding-uk\/dartford-freight-forwarder\/\">Dartfordas kravas ekspeditors<\/a><br \/><a href=\"https:\/\/moverdb.com\/lv\/kravas-ekspeditors\/freight-forwarding-uk\/grays-freight-forwarder\/\">Grays Kravu ekspeditors<\/a><br \/><a href=\"https:\/\/moverdb.com\/lv\/kravas-ekspeditors\/freight-forwarding-uk\/sunbury-on-thames-freight-forwarder\/\">Sunbury-on-Thames kravas ekspeditors<\/a><\/p>","protected":false},"excerpt":{"rendered":"<p>Below we look at the 8 &#8220;best&#8221; Freight Forwarding companies in Barking out of 14. To learn more about how we chose the best please consult our FAQ section at the end. Please not the following listings are in no particular order and we are not making any recommendations for any particular company. Miracle Shipping [&hellip;]<\/p>\n","protected":false},"author":1,"featured_media":0,"parent":13427,"menu_order":0,"comment_status":"open","ping_status":"open","template":"","meta":{"_genesis_hide_title":false,"_genesis_hide_breadcrumbs":false,"_genesis_hide_singular_image":false,"_genesis_hide_footer_widgets":false,"_genesis_custom_body_class":"","_genesis_custom_post_class":"","_genesis_layout":"","footnotes":""},"class_list":{"0":"post-13779","1":"page","2":"type-page","3":"status-publish","5":"entry"},"_links":{"self":[{"href":"https:\/\/moverdb.com\/lv\/wp-json\/wp\/v2\/pages\/13779","targetHints":{"allow":["GET"]}}],"collection":[{"href":"https:\/\/moverdb.com\/lv\/wp-json\/wp\/v2\/pages"}],"about":[{"href":"https:\/\/moverdb.com\/lv\/wp-json\/wp\/v2\/types\/page"}],"author":[{"embeddable":true,"href":"https:\/\/moverdb.com\/lv\/wp-json\/wp\/v2\/users\/1"}],"replies":[{"embeddable":true,"href":"https:\/\/moverdb.com\/lv\/wp-json\/wp\/v2\/comments?post=13779"}],"version-history":[{"count":1,"href":"https:\/\/moverdb.com\/lv\/wp-json\/wp\/v2\/pages\/13779\/revisions"}],"predecessor-version":[{"id":15801,"href":"https:\/\/moverdb.com\/lv\/wp-json\/wp\/v2\/pages\/13779\/revisions\/15801"}],"up":[{"embeddable":true,"href":"https:\/\/moverdb.com\/lv\/wp-json\/wp\/v2\/pages\/13427"}],"wp:attachment":[{"href":"https:\/\/moverdb.com\/lv\/wp-json\/wp\/v2\/media?parent=13779"}],"curies":[{"name":"wp","href":"https:\/\/api.w.org\/{rel}","templated":true}]}}