{"id":13713,"date":"2023-11-08T15:51:25","date_gmt":"2023-11-08T15:51:25","guid":{"rendered":"https:\/\/moverdb.com\/freight-forwarder\/freight-forwarding-uk\/hayes-freight-forwarder\/"},"modified":"2026-01-08T14:55:30","modified_gmt":"2026-01-08T14:55:30","slug":"hayes-freight-forwarder","status":"publish","type":"page","link":"https:\/\/moverdb.com\/lv\/freight-forwarder\/freight-forwarding-uk\/hayes-freight-forwarder\/","title":{"rendered":"11 lab\u0101kie Hayes kravu eksped\u012bcijas uz\u0146\u0113mumi (2024)"},"content":{"rendered":"<p>Zem\u0101k apl\u016bkojam 11 <em>\"lab\u0101kais\"<\/em> Kravu eksped\u012bcijas uz\u0146\u0113mumi Hayes no 27.<\/p>\n<p>Lai uzzin\u0101tu vair\u0101k par to, k\u0101 m\u0113s izv\u0113l\u0113j\u0101mies lab\u0101kos, skatiet m\u016bsu FAQ sada\u013cu beig\u0101s.<\/p>\n<p><em>L\u016bdzu, \u0146emiet v\u0113r\u0101, ka turpm\u0101k min\u0113tie saraksti nav sak\u0101rtoti \u012bpa\u0161\u0101 sec\u012bb\u0101 un m\u0113s nesniedzam ieteikumus par k\u0101du konkr\u0113tu uz\u0146\u0113mumu.<\/em><\/p>\n<div id=\"ez-toc-container\" class=\"ez-toc-v2_0_82_2 ez-toc-wrap-left counter-hierarchy ez-toc-counter ez-toc-transparent ez-toc-container-direction\">\n<div class=\"ez-toc-title-container\">\n<p class=\"ez-toc-title\" style=\"cursor:inherit\">Sada\u013cas<\/p>\n<span class=\"ez-toc-title-toggle\"><a href=\"#\" class=\"ez-toc-pull-right ez-toc-btn ez-toc-btn-xs ez-toc-btn-default ez-toc-toggle\" aria-label=\"P\u0101rsl\u0113gt satura tabulu\"><span class=\"ez-toc-js-icon-con\"><span class=\"\"><span class=\"eztoc-hide\" style=\"display:none;\">P\u0101rsl\u0113gt<\/span><span class=\"ez-toc-icon-toggle-span\"><svg style=\"fill: #999;color:#999\" xmlns=\"http:\/\/www.w3.org\/2000\/svg\" class=\"list-377408\" width=\"20px\" height=\"20px\" viewbox=\"0 0 24 24\" fill=\"none\"><path d=\"M6 6H4v2h2V6zm14 0H8v2h12V6zM4 11h2v2H4v-2zm16 0H8v2h12v-2zM4 16h2v2H4v-2zm16 0H8v2h12v-2z\" fill=\"currentColor\"><\/path><\/svg><svg style=\"fill: #999;color:#999\" class=\"arrow-unsorted-368013\" xmlns=\"http:\/\/www.w3.org\/2000\/svg\" width=\"10px\" height=\"10px\" viewbox=\"0 0 24 24\" version=\"1.2\" baseprofile=\"tiny\"><path d=\"M18.2 9.3l-6.2-6.3-6.2 6.3c-.2.2-.3.4-.3.7s.1.5.3.7c.2.2.4.3.7.3h11c.3 0 .5-.1.7-.3.2-.2.3-.5.3-.7s-.1-.5-.3-.7zM5.8 14.7l6.2 6.3 6.2-6.3c.2-.2.3-.5.3-.7s-.1-.5-.3-.7c-.2-.2-.4-.3-.7-.3h-11c-.3 0-.5.1-.7.3-.2.2-.3.5-.3.7s.1.5.3.7z\"\/><\/svg><\/span><\/span><\/span><\/a><\/span><\/div>\n<nav><ul class='ez-toc-list ez-toc-list-level-1 eztoc-toggle-hide-by-default' ><li class='ez-toc-page-1 ez-toc-heading-level-2'><a class=\"ez-toc-link ez-toc-heading-1\" href=\"https:\/\/moverdb.com\/lv\/freight-forwarder\/freight-forwarding-uk\/hayes-freight-forwarder\/#Rolling_Cargo_United_Kingdom\" >Rolling Cargo Apvienot\u0101 Karaliste<\/a><\/li><li class='ez-toc-page-1 ez-toc-heading-level-2'><a class=\"ez-toc-link ez-toc-heading-2\" href=\"https:\/\/moverdb.com\/lv\/freight-forwarder\/freight-forwarding-uk\/hayes-freight-forwarder\/#Safina_International\" >Safina International<\/a><\/li><li class='ez-toc-page-1 ez-toc-heading-level-2'><a class=\"ez-toc-link ez-toc-heading-3\" href=\"https:\/\/moverdb.com\/lv\/freight-forwarder\/freight-forwarding-uk\/hayes-freight-forwarder\/#Simba_Freight_Limited\" >Simba Freight Limited<\/a><\/li><li class='ez-toc-page-1 ez-toc-heading-level-2'><a class=\"ez-toc-link ez-toc-heading-4\" href=\"https:\/\/moverdb.com\/lv\/freight-forwarder\/freight-forwarding-uk\/hayes-freight-forwarder\/#Goran_Transport_UK_Ltd\" >Goran Transport UK Ltd<\/a><\/li><li class='ez-toc-page-1 ez-toc-heading-level-2'><a class=\"ez-toc-link ez-toc-heading-5\" href=\"https:\/\/moverdb.com\/lv\/freight-forwarder\/freight-forwarding-uk\/hayes-freight-forwarder\/#African_Salihiya_Cargo_and_Clearing\" >\u0100frikas Salihiya kravu p\u0101rvad\u0101jumi un kl\u012brings<\/a><\/li><li class='ez-toc-page-1 ez-toc-heading-level-2'><a class=\"ez-toc-link ez-toc-heading-6\" href=\"https:\/\/moverdb.com\/lv\/freight-forwarder\/freight-forwarding-uk\/hayes-freight-forwarder\/#Global_Forwarding_Ltd\" >Global Forwarding Ltd<\/a><\/li><li class='ez-toc-page-1 ez-toc-heading-level-2'><a class=\"ez-toc-link ez-toc-heading-7\" href=\"https:\/\/moverdb.com\/lv\/freight-forwarder\/freight-forwarding-uk\/hayes-freight-forwarder\/#Zumm_Cargo_Services_Ltd\" >Zumm Cargo Services Ltd<\/a><\/li><li class='ez-toc-page-1 ez-toc-heading-level-2'><a class=\"ez-toc-link ez-toc-heading-8\" href=\"https:\/\/moverdb.com\/lv\/freight-forwarder\/freight-forwarding-uk\/hayes-freight-forwarder\/#Bonito_Logistics_UK_Ltd\" >Bonito Logistics UK Ltd<\/a><\/li><li class='ez-toc-page-1 ez-toc-heading-level-2'><a class=\"ez-toc-link ez-toc-heading-9\" href=\"https:\/\/moverdb.com\/lv\/freight-forwarder\/freight-forwarding-uk\/hayes-freight-forwarder\/#Jambo_Cargo_LTD\" >Jambo Cargo LTD<\/a><\/li><li class='ez-toc-page-1 ez-toc-heading-level-2'><a class=\"ez-toc-link ez-toc-heading-10\" href=\"https:\/\/moverdb.com\/lv\/freight-forwarder\/freight-forwarding-uk\/hayes-freight-forwarder\/#Global_Motion\" >Glob\u0101l\u0101 kust\u012bba<\/a><\/li><li class='ez-toc-page-1 ez-toc-heading-level-2'><a class=\"ez-toc-link ez-toc-heading-11\" href=\"https:\/\/moverdb.com\/lv\/freight-forwarder\/freight-forwarding-uk\/hayes-freight-forwarder\/#Kam_Freight_Services_Ltd\" >Kam Freight Services Ltd<\/a><\/li><li class='ez-toc-page-1 ez-toc-heading-level-2'><a class=\"ez-toc-link ez-toc-heading-12\" href=\"https:\/\/moverdb.com\/lv\/freight-forwarder\/freight-forwarding-uk\/hayes-freight-forwarder\/#How_we_picked_the_best_Hayes_Freight_Forwarding_Companies\" >K\u0101 m\u0113s izv\u0113l\u0113j\u0101mies lab\u0101kos Hayes kravas eksped\u012bcijas uz\u0146\u0113mumus<\/a><\/li><\/ul><\/nav><\/div>\n<h2><span class=\"ez-toc-section\" id=\"Rolling_Cargo_United_Kingdom\"><\/span>Rolling Cargo Apvienot\u0101 Karaliste<span class=\"ez-toc-section-end\"><\/span><\/h2>\n<p><img decoding=\"async\" src=\"https:\/\/moverdb.com\/wp-content\/uploads\/AF1QipMDUa5jXhskvGnSpkrFZWvKMU9Sjv3FTvqQVU09w408-h544-k-no.jpg\" alt='Rolling Cargo Apvienot\u0101 Karaliste' class=\"aligncenter\"><\/p>\n<p><strong>Apraksts no uz\u0146\u0113muma: <\/strong>Nav sniegts<\/p>\n<p><strong>Papildu pakalpojumi:<\/strong><\/p>\n<p>Nav iek\u013cauts sarakst\u0101<\/p>\n<p><strong>Adrese:<\/strong> Unit 3, Alpha Estate, Clayton Rd, Hayes UB3 1BB<\/p>\n<p><a href=\"http:\/\/www.rollingcargo.co.ke\/\" target=\"_new\" rel=\"noopener\">Rolling Cargo United Kingdom t\u012bmek\u013ca vietne<\/a><\/p>\n<p><strong>P\u0101rskata rezult\u0101ts: <\/strong>4.9<br \/> <strong>Atsauksmes skaits:<\/strong> 8<br \/><a href=\"https:\/\/www.google.co.uk\/maps?cid=657233200873828662&#038;hl=en&#038;gl=GB\" target=\"_new\" rel=\"noopener\">Las\u012bt atsauksmes<\/a><\/p>\n<h2><span class=\"ez-toc-section\" id=\"Safina_International\"><\/span>Safina International<span class=\"ez-toc-section-end\"><\/span><\/h2>\n<p><img decoding=\"async\" src=\"https:\/\/moverdb.com\/wp-content\/uploads\/thumbnailpanoidogeblsbIiBD5uBA1J9X38Acb_clientsearch.gws-prod.gpsw408h240yaw18.jpg\" alt='Safina International' class=\"aligncenter\"><\/p>\n<p><strong>Apraksts no uz\u0146\u0113muma: <\/strong>Nav sniegts<\/p>\n<p><strong>Papildu pakalpojumi:<\/strong><\/p>\n<p>Muitas departaments<\/p>\n<p>Iepako\u0161anas darbuz\u0146\u0113m\u0113ji un pakalpojumi<\/p>\n<p>Pieg\u0101des uz\u0146\u0113mums<\/p>\n<p><strong>Adrese:<\/strong> 10 Pump Ln, Hayes UB3 3NP<\/p>\n<p><a href=\"http:\/\/www.safina.co.uk\/\" target=\"_new\" rel=\"noopener\">Safina International t\u012bmek\u013ca vietne<\/a><\/p>\n<p><strong>P\u0101rskata rezult\u0101ts: <\/strong>3.7<br \/> <strong>Atsauksmes skaits:<\/strong> 6<br \/><a href=\"https:\/\/www.google.co.uk\/maps?cid=36397636264476976&#038;hl=en&#038;gl=GB\" target=\"_new\" rel=\"noopener\">Las\u012bt atsauksmes<\/a><\/p>\n<h2><span class=\"ez-toc-section\" id=\"Simba_Freight_Limited\"><\/span>Simba Freight Limited<span class=\"ez-toc-section-end\"><\/span><\/h2>\n<p><img decoding=\"async\" src=\"https:\/\/moverdb.com\/wp-content\/uploads\/thumbnailpanoidLZj8pUUxIwZmaBavJ-VnsQcb_clientsearch.gws-prod.gpsw408h240yaw355.jpg\" alt='Simba Freight Limited' class=\"aligncenter\"><\/p>\n<p><strong>Apraksts no uz\u0146\u0113muma: <\/strong>M\u0113s esam kravu eksped\u012bcijas speci\u0101listi, kas darbojas no <a href=\"https:\/\/moverdb.com\/lv\/moving-to-the-uk\/\" data-internallinksmanager029f6b8e52c=\"93\" title=\"P\u0101rce\u013caties uz Apvienoto Karalisti? 2022 Dz\u012bves izmaksas un p\u0101rcel\u0161an\u0101s padomi\">APVIENOT\u0100 KARALISTE<\/a> uz visu Austrum\u0101frikas re\u0123ionu.<\/p>\n<p>M\u016bsu uz\u0146\u0113mums tika izveidots, lai apkalpotu un atvieglotu pieaugo\u0161o uz\u0146\u0113m\u0113jdarb\u012bbu starp Apvienoto Karalisti un Austrum\u0101friku.<\/p>\n<p> M\u0113s specializ\u0113jamies kravu aviop\u0101rvad\u0101jumos no durv\u012bm l\u012bdz durv\u012bm un no lidostas l\u012bdz lidostai visu veidu krav\u0101m, tostarp b\u012bstam\u0101m krav\u0101m, no Apvienot\u0101s Karalistes uz <a href=\"https:\/\/moverdb.com\/lv\/moving-companies\/moving-companies-kenya\/\" data-internallinksmanager029f6b8e52c=\"305\" title=\"4 Lab\u0101kie starptautisk\u0101s p\u0101rcel\u0161an\u0101s uz\u0146\u0113mumi Kenij\u0101\">Kenija<\/a>, Tanz\u0101nij\u0101, Ugand\u0101 un citur pasaul\u0113.<\/p>\n<p><strong>Papildu pakalpojumi:<\/strong><\/p>\n<p>Nav iek\u013cauts sarakst\u0101<\/p>\n<p><strong>Adrese:<\/strong> Unit 7, Adler Industrial Estate, Betam Rd, Hayes UB3 1ST<\/p>\n<p><a href=\"http:\/\/www.simbafreight.com\/\" target=\"_new\" rel=\"noopener\">Simba Freight Limited t\u012bmek\u013ca vietne<\/a><\/p>\n<p><strong>P\u0101rskata rezult\u0101ts: <\/strong>5<br \/> <strong>Atsauksmes skaits:<\/strong> 1<br \/><a href=\"https:\/\/www.google.co.uk\/maps?cid=10274383187957710415&#038;hl=en&#038;gl=GB\" target=\"_new\" rel=\"noopener\">Las\u012bt atsauksmes<\/a><\/p>\n<h2><span class=\"ez-toc-section\" id=\"Goran_Transport_UK_Ltd\"><\/span>Goran Transport UK Ltd<span class=\"ez-toc-section-end\"><\/span><\/h2>\n<p><img decoding=\"async\" src=\"https:\/\/moverdb.com\/wp-content\/uploads\/AF1QipOX_6kF8HEoYuN5vJRhrkymU1UUoGwfZr-sl-3tw408-h544-k-no.jpg\" alt='Goran Transport UK Ltd' class=\"aligncenter\"><\/p>\n<p><strong>Apraksts no uz\u0146\u0113muma: <\/strong>Nav sniegts<\/p>\n<p><strong>Papildu pakalpojumi:<\/strong><\/p>\n<p>Nav iek\u013cauts sarakst\u0101<\/p>\n<p><strong>Adrese:<\/strong> Unit 5, Regent Business Centre, Pump Ln, Hayes UB3 3NP<\/p>\n<p><a href=\"https:\/\/www.gorantransport.nl\/english.htm\" target=\"_new\" rel=\"noopener\">Goran Transport UK Ltd t\u012bmek\u013ca vietne<\/a><\/p>\n<p><strong>P\u0101rskata rezult\u0101ts: <\/strong>4.1<br \/> <strong>Atsauksmes skaits:<\/strong> 25<br \/><a href=\"https:\/\/www.google.co.uk\/maps?cid=3019162477136920695&#038;hl=en&#038;gl=GB\" target=\"_new\" rel=\"noopener\">Las\u012bt atsauksmes<\/a><\/p>\n<h2><span class=\"ez-toc-section\" id=\"African_Salihiya_Cargo_and_Clearing\"><\/span>\u0100frikas Salihiya kravu p\u0101rvad\u0101jumi un kl\u012brings<span class=\"ez-toc-section-end\"><\/span><\/h2>\n<p><img decoding=\"async\" src=\"https:\/\/moverdb.com\/wp-content\/uploads\/thumbnailpanoidmLbWvSXZRZ9FblJKYp0myQcb_clientsearch.gws-prod.gpsw408h240yaw217.jpg\" alt='\u0100frikas Salihiya kravu p\u0101rvad\u0101jumi un kl\u012brings' class=\"aligncenter\"><\/p>\n<p><strong>Apraksts no uz\u0146\u0113muma: <\/strong>Nav sniegts<\/p>\n<p><strong>Papildu pakalpojumi:<\/strong><\/p>\n<p>Pieg\u0101des pakalpojums<\/p>\n<p><strong>Adrese:<\/strong> 134 Clayton Rd, Hayes UB3 1BL<\/p>\n<p><a href=\"http:\/\/www.africansalihiya.com\/\" target=\"_new\" rel=\"noopener\">African Salihiya Cargo and Clearing t\u012bmek\u013ca vietne<\/a><\/p>\n<p><strong>P\u0101rskata rezult\u0101ts: <\/strong>4<br \/> <strong>Atsauksmes skaits:<\/strong> 12<br \/><a href=\"https:\/\/www.google.co.uk\/maps?cid=15574283774093380149&#038;hl=en&#038;gl=GB\" target=\"_new\" rel=\"noopener\">Las\u012bt atsauksmes<\/a><\/p>\n<h2><span class=\"ez-toc-section\" id=\"Global_Forwarding_Ltd\"><\/span>Global Forwarding Ltd<span class=\"ez-toc-section-end\"><\/span><\/h2>\n<p><img decoding=\"async\" src=\"https:\/\/moverdb.com\/wp-content\/uploads\/AF1QipOXj5XgSdjoRlytWUMDeDVZPOit8bnQQYrJ-u0jw532-h240-k-no.jpg\" alt='Global Forwarding Ltd' class=\"aligncenter\"><\/p>\n<p><strong>Apraksts no uz\u0146\u0113muma: <\/strong>Uz\u0146\u0113mums Global Forwarding, kas dibin\u0101ts 1993. gad\u0101, darbojas no kravu p\u0101rvad\u0101jumu centriem Apvienotaj\u0101 Karalist\u0113, <a href=\"https:\/\/moverdb.com\/lv\/moving-to-ireland\/\" data-internallinksmanager029f6b8e52c=\"320\" title=\"P\u0101rcel\u0161an\u0101s uz \u012ariju? 2023 Dz\u012bves izmaksas un p\u0101rcel\u0161an\u0101s padomi\">\u012arija<\/a>, un <a href=\"https:\/\/moverdb.com\/lv\/moving-to-the-united-states\/\" data-internallinksmanager029f6b8e52c=\"94\" title=\"P\u0101rce\u013caties uz Amerikas Savienotaj\u0101m Valst\u012bm? 2022 Dz\u012bves izmaksas un p\u0101rcel\u0161an\u0101s padomi\">Amerikas Savienot\u0101s Valstis<\/a> un jau 10 gadus ir Hecny Group, viena no \u0100zijas liel\u0101kaj\u0101m ekspeditoru komp\u0101nij\u0101m, biedrs.<\/p>\n<p>Lepojoties ar savu neatkar\u012bgo, \"boutique\" kult\u016bru, Global Forwarding ir ap\u0146\u0113musies nodro\u0161in\u0101t visaugst\u0101k\u0101 l\u012bme\u0146a klientu apkalpo\u0161anu un specializ\u0113jas individu\u0101lu multimod\u0101lo kravu p\u0101rvad\u0101jumu, lo\u0123istikas un pieg\u0101des \u0137\u0113des risin\u0101jumu izstr\u0101d\u0113 visu veidu krav\u0101m.<\/p>\n<p><strong>Papildu pakalpojumi:<\/strong><\/p>\n<p>Nav iek\u013cauts sarakst\u0101<\/p>\n<p><strong>Adrese:<\/strong> Unit B, Crosspoint Distribution Park, Hayes UB3 1DQ<\/p>\n<p><a href=\"http:\/\/www.globalf.com\/\" target=\"_new\" rel=\"noopener\">Global Forwarding Ltd t\u012bmek\u013ca vietne<\/a><\/p>\n<p><strong>P\u0101rskata rezult\u0101ts: <\/strong>4.3<br \/> <strong>Atsauksmes skaits:<\/strong> 6<br \/><a href=\"https:\/\/www.google.co.uk\/maps?cid=567301662248238344&#038;hl=en&#038;gl=GB\" target=\"_new\" rel=\"noopener\">Las\u012bt atsauksmes<\/a><\/p>\n<h2><span class=\"ez-toc-section\" id=\"Zumm_Cargo_Services_Ltd\"><\/span>Zumm Cargo Services Ltd<span class=\"ez-toc-section-end\"><\/span><\/h2>\n<p><img decoding=\"async\" src=\"https:\/\/moverdb.com\/wp-content\/uploads\/thumbnailpanoidmLbWvSXZRZ9FblJKYp0myQcb_clientsearch.gws-prod.gpsw408h240yaw225.jpg\" alt='Zumm Cargo Services Ltd' class=\"aligncenter\"><\/p>\n<p><strong>Apraksts no uz\u0146\u0113muma: <\/strong>Nav sniegts<\/p>\n<p><strong>Papildu pakalpojumi:<\/strong><\/p>\n<p>Nav iek\u013cauts sarakst\u0101<\/p>\n<p><strong>Adrese:<\/strong> 12, Crown Trading Centre, 203 Clayton Rd, Hayes UB3 1DU<\/p>\n<p><a href=\"https:\/\/www.zummcargo.co.uk\/\" target=\"_new\" rel=\"noopener\">Zumm Cargo Services Ltd t\u012bmek\u013ca vietne<\/a><\/p>\n<p><strong>P\u0101rskata rezult\u0101ts: <\/strong>5<br \/> <strong>Atsauksmes skaits:<\/strong> 1<br \/><a href=\"https:\/\/www.google.co.uk\/maps?cid=16072533922684399173&#038;hl=en&#038;gl=GB\" target=\"_new\" rel=\"noopener\">Las\u012bt atsauksmes<\/a><\/p>\n<h2><span class=\"ez-toc-section\" id=\"Bonito_Logistics_UK_Ltd\"><\/span>Bonito Logistics UK Ltd<span class=\"ez-toc-section-end\"><\/span><\/h2>\n<p><img decoding=\"async\" src=\"https:\/\/moverdb.com\/wp-content\/uploads\/thumbnailpanoiduqFlQnn0vH2DUMJE9cnLJQcb_clientsearch.gws-prod.gpsw408h240yaw274.jpg\" alt='Bonito Logistics UK Ltd' class=\"aligncenter\"><\/p>\n<p><strong>Apraksts no uz\u0146\u0113muma: <\/strong>Bonito Logistics UK Ltd ir <a href=\"https:\/\/moverdb.com\/lv\/freight-forwarder\/\" data-internallinksmanager029f6b8e52c=\"17\" title=\"Starptautisko ekspeditoru un NVOCC starptautisko izmaksu un uz\u0146\u0113mumu ce\u013cvedis\">kravas ekspeditors<\/a> kas atrodas London\u0101, m\u0113s sniedzam lo\u0123istikas pakalpojumus, pamatojoties uz j\u016bsu pras\u012bb\u0101m.<\/p>\n<p> M\u016bsu zin\u0101\u0161anas, profesion\u0101l\u0101s prasmes un glob\u0101lais t\u012bkls \u013cauj mums efekt\u012bvi p\u0101rvald\u012bt j\u016bsu kravu p\u0101rvad\u0101jumus.<\/p>\n<p> M\u016bsu pakalpojumi ir izstr\u0101d\u0101ti t\u0101, lai nodro\u0161in\u0101tu, ka katrs j\u016bsu lo\u0123istikas pras\u012bbu posms tiek r\u016bp\u012bgi koordin\u0113ts un apstr\u0101d\u0101ts.<\/p>\n<p> Bonito a\u0123entu un lo\u0123istikas partneru t\u012bkls vis\u0101 pasaul\u0113 sp\u0113j atbalst\u012bt lo\u0123istikas piepras\u012bjumus vis\u0101 pasaul\u0113.<\/p>\n<p> Bonito cie\u0161i sadarbojas ar saviem klientiem, lai lab\u0101k izprastu vi\u0146u konkr\u0113t\u0101s vajadz\u012bbas un v\u0113lmes, un, str\u0101d\u0101jot kop\u0101 ar jums, komanda izstr\u0101d\u0101s, piem\u0113ros un uztur\u0113s standarta darb\u012bbas veidus, kas atbilst j\u016bsu biznesa vajadz\u012bb\u0101m.<\/p>\n<p><strong>Papildu pakalpojumi:<\/strong><\/p>\n<p>Nav iek\u013cauts sarakst\u0101<\/p>\n<p><strong>Adrese:<\/strong> 47 Botwell Cres, Hayes UB3 2BD<\/p>\n<p><a href=\"http:\/\/www.bonitologistics-uk.com\/\" target=\"_new\" rel=\"noopener\">Bonito Logistics UK Ltd t\u012bmek\u013ca vietne<\/a><\/p>\n<p><strong>P\u0101rskata rezult\u0101ts: <\/strong>5<br \/> <strong>Atsauksmes skaits:<\/strong> 3<br \/><a href=\"https:\/\/www.google.co.uk\/maps?cid=14489321507001253818&#038;hl=en&#038;gl=GB\" target=\"_new\" rel=\"noopener\">Las\u012bt atsauksmes<\/a><\/p>\n<h2><span class=\"ez-toc-section\" id=\"Jambo_Cargo_LTD\"><\/span>Jambo Cargo LTD<span class=\"ez-toc-section-end\"><\/span><\/h2>\n<p><img decoding=\"async\" src=\"https:\/\/moverdb.com\/wp-content\/uploads\/AF1QipNWYXRLILA8RMfCaES13iG_LBSVfQZcdhsxawHUw408-h544-k-no.jpg\" alt='Jambo Cargo LTD' class=\"aligncenter\"><\/p>\n<p><strong>Apraksts no uz\u0146\u0113muma: <\/strong>M\u0113s specializ\u0113jamies kravu p\u0101rvad\u0101jumos uz Keniju \u00f0\u0178\u2021\u00b0\u00f0\u0178\u2021\u00aa<br \/>\nNeviena krava nav p\u0101r\u0101k maza vai p\u0101r\u0101k liela, m\u0113s varam nos\u016bt\u012bt no dokumenta l\u012bdz transportl\u012bdzeklim.<\/p>\n<p>M\u0113s pied\u0101v\u0101jam ar\u012b konkur\u0113tsp\u0113j\u012bgus tarifus uz visiem galam\u0113r\u0137iem vis\u0101 pasaul\u0113.<\/p>\n<p>Sazinieties ar mums, lai uzzin\u0101tu vair\u0101k<br \/>\nSales@jambocargo.<\/p>\n<p>com<br \/>\n020 8004 8661<\/p>\n<p><strong>Papildu pakalpojumi:<\/strong><\/p>\n<p>Transporta pakalpojumi<\/p>\n<p><strong>Adrese:<\/strong> ACCESS HOUSE, 1 Nestles Ave, Hayes UB3 4UZ<\/p>\n<p><a href=\"http:\/\/jambocargo.com\/\" target=\"_new\" rel=\"noopener\">Jambo Cargo LTD t\u012bmek\u013ca vietne<\/a><\/p>\n<p><strong>P\u0101rskata rezult\u0101ts: <\/strong>4.5<br \/> <strong>Atsauksmes skaits:<\/strong> 20<br \/><a href=\"https:\/\/www.google.co.uk\/maps?cid=6610410855194137063&#038;hl=en&#038;gl=GB\" target=\"_new\" rel=\"noopener\">Las\u012bt atsauksmes<\/a><\/p>\n<h2><span class=\"ez-toc-section\" id=\"Global_Motion\"><\/span>Glob\u0101l\u0101 kust\u012bba<span class=\"ez-toc-section-end\"><\/span><\/h2>\n<p><img decoding=\"async\" src=\"https:\/\/moverdb.com\/wp-content\/uploads\/AF1QipNkw2TZ8kSPrCuv0IG0MoYP7PgyvXFAFuuBmQKbw408-h272-k-no.jpg\" alt='Glob\u0101l\u0101 kust\u012bba' class=\"aligncenter\"><\/p>\n<p><strong>Apraksts no uz\u0146\u0113muma: <\/strong>Nav sniegts<\/p>\n<p><strong>Papildu pakalpojumi:<\/strong><\/p>\n<p>Uzglab\u0101\u0161anas iek\u0101rta<\/p>\n<p><strong>Adrese:<\/strong> Unit 4 Vinyl Pl, Hayes UB3 1DA<\/p>\n<p><a href=\"http:\/\/www.globalmotion.com\/\" target=\"_new\" rel=\"noopener\">Global Motion t\u012bmek\u013ca vietne<\/a><\/p>\n<p><strong>P\u0101rskata rezult\u0101ts: <\/strong>4.7<br \/> <strong>Atsauksmes skaits:<\/strong> 11<br \/><a href=\"https:\/\/www.google.co.uk\/maps?cid=10255561171020697373&#038;hl=en&#038;gl=GB\" target=\"_new\" rel=\"noopener\">Las\u012bt atsauksmes<\/a><\/p>\n<h2><span class=\"ez-toc-section\" id=\"Kam_Freight_Services_Ltd\"><\/span>Kam Freight Services Ltd<span class=\"ez-toc-section-end\"><\/span><\/h2>\n<p><img decoding=\"async\" src=\"https:\/\/moverdb.com\/wp-content\/uploads\/AF1QipP3Z8TnlgNCqSIFMm2vAcibV9If0l3Vz3DpB8SAw647-h240-k-no.jpg\" alt='Kam Freight Services Ltd' class=\"aligncenter\"><\/p>\n<p><strong>Apraksts no uz\u0146\u0113muma: <\/strong>Nav sniegts<\/p>\n<p><strong>Papildu pakalpojumi:<\/strong><\/p>\n<p>Kurjerpasts<\/p>\n<p>Lo\u0123istikas pakalpojumi<\/p>\n<p>Pieg\u0101des uz\u0146\u0113mums<\/p>\n<p>Pieg\u0101des pakalpojums<\/p>\n<p><a href=\"https:\/\/moverdb.com\/lv\/car-transport-shipping\/\" data-internallinksmanager029f6b8e52c=\"2\" title=\"2026 Starptautiskais autotransports un transportl\u012bdzek\u013cu p\u0101rvad\u0101\u0161anas cit\u0101ti\">Transportl\u012bdzek\u013cu nos\u016bt\u012b\u0161ana<\/a> a\u0123ents<\/p>\n<p><strong>Adrese:<\/strong> 1 Swallowfield Way, Hayes UB3 1DQ<\/p>\n<p><a href=\"http:\/\/www.kamfreightservices.com\/\" target=\"_new\" rel=\"noopener\">Kam Freight Services Ltd t\u012bmek\u013ca vietne<\/a><\/p>\n<p><strong>P\u0101rskata rezult\u0101ts: <\/strong>4.1<br \/> <strong>Atsauksmes skaits:<\/strong> 15<br \/><a href=\"https:\/\/www.google.co.uk\/maps?cid=6964296461833857074&#038;hl=en&#038;gl=GB\" target=\"_new\" rel=\"noopener\">Las\u012bt atsauksmes<\/a><\/p>\n<h2><span class=\"ez-toc-section\" id=\"How_we_picked_the_best_Hayes_Freight_Forwarding_Companies\"><\/span>K\u0101 m\u0113s izv\u0113l\u0113j\u0101mies lab\u0101kos Hayes kravas eksped\u012bcijas uz\u0146\u0113mumus<span class=\"ez-toc-section-end\"><\/span><\/h2>\n<p>S\u0101k\u0101m ar datu kopu, kur\u0101 apkopoti 27 Hayes kravu p\u0101rvad\u0101jumu uz\u0146\u0113mumi, ko var\u0113j\u0101m atrast, izmantojot Google Maps, un sa\u0161aurin\u0101j\u0101m to skaitu l\u012bdz 11 lab\u0101kajiem.<\/p>\n<p>Lai to izdar\u012btu, m\u0113s izsv\u012btroj\u0101m jebkuru uz\u0146\u0113mumu, kas:<\/p>\n<ul>\n<li> Nebija t\u012bmek\u013ca vietnes<\/li>\n<li> Nebija atsauksmju<\/li>\n<li> vid\u0113jais atsauksmju v\u0113rt\u0113jums bija zem\u0101ks par 2,0<\/li>\n<\/ul>\n<p>\u0160aj\u0101 br\u012bd\u012b, ja mums bija 17 vai maz\u0101k ekspeditoru, m\u0113s uzskait\u012bj\u0101m visus.<\/p>\n<p>Pils\u0113t\u0101s, kur\u0101s bija paliku\u0161i vair\u0101k nek\u0101 17 ekspeditori, m\u0113s veic\u0101m turpm\u0101kas korekcijas, vai nu palielinot nepiecie\u0161amo atsauksmju punktu skaitu (piem\u0113ram, no vismaz 2,0 l\u012bdz 4,0), un\/vai palielinot minim\u0101lo nepiecie\u0161amo atsauksmju skaitu (piem\u0113ram, no vismaz 1 atsauksmes l\u012bdz vismaz 10).<\/p>\n<p>\u0145emiet v\u0113r\u0101, ka m\u0113s izmantoj\u0101m tikai p\u0101rskat\u012b\u0161anas datus no Google Maps, nevis cit\u0101m tre\u0161o pu\u0161u vietn\u0113m.<\/p>\n<p>Vair\u0101k pils\u0113tu:<\/p>\n<p><a href=\"https:\/\/moverdb.com\/lv\/kravas-ekspeditors\/freight-forwarding-uk\/bradford-freight-forwarder\/\">Bredfordas kravas ekspeditors<\/a><br \/><a href=\"https:\/\/moverdb.com\/lv\/kravas-ekspeditors\/freight-forwarding-uk\/derby-freight-forwarder\/\">Derbija Kravu ekspeditors<\/a><br \/><a href=\"https:\/\/moverdb.com\/lv\/kravas-ekspeditors\/freight-forwarding-uk\/southall-freight-forwarder\/\">Southall Kravu ekspeditors<\/a><br \/><a href=\"https:\/\/moverdb.com\/lv\/kravas-ekspeditors\/freight-forwarding-uk\/coventry-freight-forwarder\/\">Coventry Kravu ekspeditors<\/a><br \/><a href=\"https:\/\/moverdb.com\/lv\/kravas-ekspeditors\/freight-forwarding-uk\/west-drayton-freight-forwarder\/\">West Drayton Kravu ekspeditors<\/a><\/p>","protected":false},"excerpt":{"rendered":"<p>Below we look at the 11 &#8220;best&#8221; Freight Forwarding companies in Hayes out of 27. To learn more about how we chose the best please consult our FAQ section at the end. Please not the following listings are in no particular order and we are not making any recommendations for any particular company. Rolling Cargo [&hellip;]<\/p>\n","protected":false},"author":1,"featured_media":0,"parent":13427,"menu_order":0,"comment_status":"open","ping_status":"open","template":"","meta":{"_genesis_hide_title":false,"_genesis_hide_breadcrumbs":false,"_genesis_hide_singular_image":false,"_genesis_hide_footer_widgets":false,"_genesis_custom_body_class":"","_genesis_custom_post_class":"","_genesis_layout":"","footnotes":""},"class_list":{"0":"post-13713","1":"page","2":"type-page","3":"status-publish","5":"entry"},"_links":{"self":[{"href":"https:\/\/moverdb.com\/lv\/wp-json\/wp\/v2\/pages\/13713","targetHints":{"allow":["GET"]}}],"collection":[{"href":"https:\/\/moverdb.com\/lv\/wp-json\/wp\/v2\/pages"}],"about":[{"href":"https:\/\/moverdb.com\/lv\/wp-json\/wp\/v2\/types\/page"}],"author":[{"embeddable":true,"href":"https:\/\/moverdb.com\/lv\/wp-json\/wp\/v2\/users\/1"}],"replies":[{"embeddable":true,"href":"https:\/\/moverdb.com\/lv\/wp-json\/wp\/v2\/comments?post=13713"}],"version-history":[{"count":1,"href":"https:\/\/moverdb.com\/lv\/wp-json\/wp\/v2\/pages\/13713\/revisions"}],"predecessor-version":[{"id":15683,"href":"https:\/\/moverdb.com\/lv\/wp-json\/wp\/v2\/pages\/13713\/revisions\/15683"}],"up":[{"embeddable":true,"href":"https:\/\/moverdb.com\/lv\/wp-json\/wp\/v2\/pages\/13427"}],"wp:attachment":[{"href":"https:\/\/moverdb.com\/lv\/wp-json\/wp\/v2\/media?parent=13713"}],"curies":[{"name":"wp","href":"https:\/\/api.w.org\/{rel}","templated":true}]}}