{"id":13628,"date":"2023-11-08T15:51:25","date_gmt":"2023-11-08T15:51:25","guid":{"rendered":"https:\/\/moverdb.com\/freight-forwarder\/freight-forwarding-uk\/bristol-freight-forwarder\/"},"modified":"2026-01-08T14:55:35","modified_gmt":"2026-01-08T14:55:35","slug":"bristol-freight-forwarder","status":"publish","type":"page","link":"https:\/\/moverdb.com\/lv\/freight-forwarder\/freight-forwarding-uk\/bristol-freight-forwarder\/","title":{"rendered":"14 lab\u0101kie Bristoles kravas eksped\u012bcijas uz\u0146\u0113mumi (2024)"},"content":{"rendered":"<p>Zem\u0101k m\u0113s apl\u016bkojam 14 <em>\"lab\u0101kais\"<\/em> Kravu eksped\u012bcijas uz\u0146\u0113mumi <a href=\"\" data-internallinksmanager029f6b8e52c=\"36\" title=\"Bristol\">Bristol<\/a> no 27.<\/p>\n<p>Lai uzzin\u0101tu vair\u0101k par to, k\u0101 m\u0113s izv\u0113l\u0113j\u0101mies lab\u0101kos, skatiet m\u016bsu FAQ sada\u013cu beig\u0101s.<\/p>\n<p><em>L\u016bdzu, \u0146emiet v\u0113r\u0101, ka turpm\u0101k min\u0113tie saraksti nav sak\u0101rtoti \u012bpa\u0161\u0101 sec\u012bb\u0101 un m\u0113s nesniedzam ieteikumus par k\u0101du konkr\u0113tu uz\u0146\u0113mumu.<\/em><\/p>\n<div id=\"ez-toc-container\" class=\"ez-toc-v2_0_82_2 ez-toc-wrap-left counter-hierarchy ez-toc-counter ez-toc-transparent ez-toc-container-direction\">\n<div class=\"ez-toc-title-container\">\n<p class=\"ez-toc-title\" style=\"cursor:inherit\">Sada\u013cas<\/p>\n<span class=\"ez-toc-title-toggle\"><a href=\"#\" class=\"ez-toc-pull-right ez-toc-btn ez-toc-btn-xs ez-toc-btn-default ez-toc-toggle\" aria-label=\"P\u0101rsl\u0113gt satura tabulu\"><span class=\"ez-toc-js-icon-con\"><span class=\"\"><span class=\"eztoc-hide\" style=\"display:none;\">P\u0101rsl\u0113gt<\/span><span class=\"ez-toc-icon-toggle-span\"><svg style=\"fill: #999;color:#999\" xmlns=\"http:\/\/www.w3.org\/2000\/svg\" class=\"list-377408\" width=\"20px\" height=\"20px\" viewbox=\"0 0 24 24\" fill=\"none\"><path d=\"M6 6H4v2h2V6zm14 0H8v2h12V6zM4 11h2v2H4v-2zm16 0H8v2h12v-2zM4 16h2v2H4v-2zm16 0H8v2h12v-2z\" fill=\"currentColor\"><\/path><\/svg><svg style=\"fill: #999;color:#999\" class=\"arrow-unsorted-368013\" xmlns=\"http:\/\/www.w3.org\/2000\/svg\" width=\"10px\" height=\"10px\" viewbox=\"0 0 24 24\" version=\"1.2\" baseprofile=\"tiny\"><path d=\"M18.2 9.3l-6.2-6.3-6.2 6.3c-.2.2-.3.4-.3.7s.1.5.3.7c.2.2.4.3.7.3h11c.3 0 .5-.1.7-.3.2-.2.3-.5.3-.7s-.1-.5-.3-.7zM5.8 14.7l6.2 6.3 6.2-6.3c.2-.2.3-.5.3-.7s-.1-.5-.3-.7c-.2-.2-.4-.3-.7-.3h-11c-.3 0-.5.1-.7.3-.2.2-.3.5-.3.7s.1.5.3.7z\"\/><\/svg><\/span><\/span><\/span><\/a><\/span><\/div>\n<nav><ul class='ez-toc-list ez-toc-list-level-1 eztoc-toggle-hide-by-default' ><li class='ez-toc-page-1 ez-toc-heading-level-2'><a class=\"ez-toc-link ez-toc-heading-1\" href=\"https:\/\/moverdb.com\/lv\/freight-forwarder\/freight-forwarding-uk\/bristol-freight-forwarder\/#FORWARDER_magazine\" >\u017durn\u0101ls FORWARDER<\/a><\/li><li class='ez-toc-page-1 ez-toc-heading-level-2'><a class=\"ez-toc-link ez-toc-heading-2\" href=\"https:\/\/moverdb.com\/lv\/freight-forwarder\/freight-forwarding-uk\/bristol-freight-forwarder\/#DB_Schenker\" >DB Schenker<\/a><\/li><li class='ez-toc-page-1 ez-toc-heading-level-2'><a class=\"ez-toc-link ez-toc-heading-3\" href=\"https:\/\/moverdb.com\/lv\/freight-forwarder\/freight-forwarding-uk\/bristol-freight-forwarder\/#Linking_Freight_Ltd\" >Linking Freight Ltd<\/a><\/li><li class='ez-toc-page-1 ez-toc-heading-level-2'><a class=\"ez-toc-link ez-toc-heading-4\" href=\"https:\/\/moverdb.com\/lv\/freight-forwarder\/freight-forwarding-uk\/bristol-freight-forwarder\/#Davies_Turner_Co_Ltd\" >Davies Turner &amp; Co Ltd<\/a><\/li><li class='ez-toc-page-1 ez-toc-heading-level-2'><a class=\"ez-toc-link ez-toc-heading-5\" href=\"https:\/\/moverdb.com\/lv\/freight-forwarder\/freight-forwarding-uk\/bristol-freight-forwarder\/#Radius_Warehouse_Logistic_Services\" >Radius noliktavas un lo\u0123istikas pakalpojumi<\/a><\/li><li class='ez-toc-page-1 ez-toc-heading-level-2'><a class=\"ez-toc-link ez-toc-heading-6\" href=\"https:\/\/moverdb.com\/lv\/freight-forwarder\/freight-forwarding-uk\/bristol-freight-forwarder\/#Expeditors\" >Ekspeditori<\/a><\/li><li class='ez-toc-page-1 ez-toc-heading-level-2'><a class=\"ez-toc-link ez-toc-heading-7\" href=\"https:\/\/moverdb.com\/lv\/freight-forwarder\/freight-forwarding-uk\/bristol-freight-forwarder\/#AGI_Global_Logistics_Ltd_Bristol\" >AGI Global Logistics Ltd Bristol<\/a><\/li><li class='ez-toc-page-1 ez-toc-heading-level-2'><a class=\"ez-toc-link ez-toc-heading-8\" href=\"https:\/\/moverdb.com\/lv\/freight-forwarder\/freight-forwarding-uk\/bristol-freight-forwarder\/#Concordia_International_Forwarding_Ltd\" >Concordia International Forwarding Ltd<\/a><\/li><li class='ez-toc-page-1 ez-toc-heading-level-2'><a class=\"ez-toc-link ez-toc-heading-9\" href=\"https:\/\/moverdb.com\/lv\/freight-forwarder\/freight-forwarding-uk\/bristol-freight-forwarder\/#RSJ_International_Freight_Services_Ltd\" >RSJ International Freight Services Ltd<\/a><\/li><li class='ez-toc-page-1 ez-toc-heading-level-2'><a class=\"ez-toc-link ez-toc-heading-10\" href=\"https:\/\/moverdb.com\/lv\/freight-forwarder\/freight-forwarding-uk\/bristol-freight-forwarder\/#Brunel_Shipping_Liner_Services\" >Brunel Shipping &amp; Liner Services<\/a><\/li><li class='ez-toc-page-1 ez-toc-heading-level-2'><a class=\"ez-toc-link ez-toc-heading-11\" href=\"https:\/\/moverdb.com\/lv\/freight-forwarder\/freight-forwarding-uk\/bristol-freight-forwarder\/#Gefco_Forwarding\" >Gefco Forwarding<\/a><\/li><li class='ez-toc-page-1 ez-toc-heading-level-2'><a class=\"ez-toc-link ez-toc-heading-12\" href=\"https:\/\/moverdb.com\/lv\/freight-forwarder\/freight-forwarding-uk\/bristol-freight-forwarder\/#Darabant_Ltd\" >Darabant Ltd.<\/a><\/li><li class='ez-toc-page-1 ez-toc-heading-level-2'><a class=\"ez-toc-link ez-toc-heading-13\" href=\"https:\/\/moverdb.com\/lv\/freight-forwarder\/freight-forwarding-uk\/bristol-freight-forwarder\/#Plexus_Freight_Ltd\" >Plexus Freight Ltd<\/a><\/li><li class='ez-toc-page-1 ez-toc-heading-level-2'><a class=\"ez-toc-link ez-toc-heading-14\" href=\"https:\/\/moverdb.com\/lv\/freight-forwarder\/freight-forwarding-uk\/bristol-freight-forwarder\/#DHL_Freight\" >DHL kravu p\u0101rvad\u0101jumi<\/a><\/li><li class='ez-toc-page-1 ez-toc-heading-level-2'><a class=\"ez-toc-link ez-toc-heading-15\" href=\"https:\/\/moverdb.com\/lv\/freight-forwarder\/freight-forwarding-uk\/bristol-freight-forwarder\/#How_we_picked_the_best_Bristol_Freight_Forwarding_Companies\" >K\u0101 m\u0113s izv\u0113l\u0113j\u0101mies lab\u0101kos Bristoles kravas eksped\u012bcijas uz\u0146\u0113mumus<\/a><\/li><\/ul><\/nav><\/div>\n<h2><span class=\"ez-toc-section\" id=\"FORWARDER_magazine\"><\/span>\u017durn\u0101ls FORWARDER<span class=\"ez-toc-section-end\"><\/span><\/h2>\n<p><img decoding=\"async\" src=\"https:\/\/moverdb.com\/wp-content\/uploads\/thumbnailpanoidXnayB0vNGYwDOjO81WZBMwcb_clientsearch.gws-prod.gpsw408h240yaw139.jpg\" alt='\u017durn\u0101ls FORWARDER' class=\"aligncenter\"><\/p>\n<p><strong>Apraksts no uz\u0146\u0113muma: <\/strong>Nozares galvenais avots lo\u0123istikas, ku\u0123niec\u012bbas un eksped\u012bcijas zi\u0146\u0101m, inform\u0101cijai un ieskatu.<\/p>\n<p> Pieg\u0101de uz <a href=\"https:\/\/moverdb.com\/lv\/moving-to-china\/\" data-internallinksmanager029f6b8e52c=\"357\" title=\"P\u0101rcel\u0161an\u0101s uz \u0136\u012bnu? 2023 Dz\u012bves izmaksas un p\u0101rcel\u0161an\u0101s padomi\">\u0136\u012bna<\/a>? Noliktavas dro\u0161\u012bbas sist\u0113mas ievie\u0161ana? Pieg\u0101des \u0137\u0113des vai transporta p\u0101rvald\u012bbas sist\u0113mu ievie\u0161ana? M\u0113s pied\u0101v\u0101jam jums visu, kas nepiecie\u0161ams, lai sekm\u012bgi darbotos kravu p\u0101rvad\u0101jumu pasaul\u0113, s\u0101kot no ekspertu viedok\u013ciem l\u012bdz ar konkr\u0113t\u0101m zin\u0101\u0161an\u0101m par konkr\u0113t\u0101m tirdzniec\u012bbas zon\u0101m.<\/p>\n<p><strong>Papildu pakalpojumi:<\/strong><\/p>\n<p>Nav iek\u013cauts sarakst\u0101<\/p>\n<p><strong>Adrese:<\/strong> Unit 8, Apex Court Woodlands, Bradley Stoke, Bristol BS32 4JT<\/p>\n<p><a href=\"https:\/\/forwardermagazine.com\/\" target=\"_new\" rel=\"noopener\">\u017durn\u0101la FORWARDER t\u012bmek\u013ca vietne<\/a><\/p>\n<p><strong>P\u0101rskata rezult\u0101ts: <\/strong>5<br \/> <strong>Atsauksmes skaits:<\/strong> 4<br \/><a href=\"https:\/\/www.google.co.uk\/maps?cid=9896521538394941101&#038;hl=en&#038;gl=GB\" target=\"_new\" rel=\"noopener\">Las\u012bt atsauksmes<\/a><\/p>\n<h2><span class=\"ez-toc-section\" id=\"DB_Schenker\"><\/span>DB Schenker<span class=\"ez-toc-section-end\"><\/span><\/h2>\n<p><img decoding=\"async\" src=\"https:\/\/moverdb.com\/wp-content\/uploads\/AF1QipM28Skl7HYpCo-qYIRjMJr04QEHbn4T2eKx09jbw408-h725-k-no.jpg\" alt='DB Schenker' class=\"aligncenter\"><\/p>\n<p><strong>Apraksts no uz\u0146\u0113muma: <\/strong>Nav sniegts<\/p>\n<p><strong>Papildu pakalpojumi:<\/strong><\/p>\n<p>Pieg\u0101des uz\u0146\u0113mums<\/p>\n<p><strong>Adrese:<\/strong> Unit 21 Boundary Rd, Avonmouth, Bristole BS11 8AZ<\/p>\n<p><a href=\"http:\/\/www.dbschenker.com\/uk\" target=\"_new\" rel=\"noopener\">DB Schenker t\u012bmek\u013ca vietne<\/a><\/p>\n<p><strong>P\u0101rskata rezult\u0101ts: <\/strong>4.3<br \/> <strong>Atsauksmes skaits:<\/strong> 6<br \/><a href=\"https:\/\/www.google.co.uk\/maps?cid=17260293302335849592&#038;hl=en&#038;gl=GB\" target=\"_new\" rel=\"noopener\">Las\u012bt atsauksmes<\/a><\/p>\n<h2><span class=\"ez-toc-section\" id=\"Linking_Freight_Ltd\"><\/span>Linking Freight Ltd<span class=\"ez-toc-section-end\"><\/span><\/h2>\n<p><img decoding=\"async\" src=\"https:\/\/moverdb.com\/wp-content\/uploads\/thumbnailpanoidrKQx2dmMDlH6FYkF73yz6Qcb_clientsearch.gws-prod.gpsw408h240yaw4.jpg\" alt='Linking Freight Ltd' class=\"aligncenter\"><\/p>\n<p><strong>Apraksts no uz\u0146\u0113muma: <\/strong>M\u0113s esam neatkar\u012bgs kravas p\u0101rvad\u0101jumu starpniec\u012bbas uz\u0146\u0113mums ar birojiem London\u0101 un Bristol\u0113.<\/p>\n<p> Ar a\u0123entiem vis\u0101 pasaul\u0113 un pieredz\u0113ju\u0161u un rado\u0161u komandu m\u0113s dar\u012bsim visu iesp\u0113jamo, lai par\u016bp\u0113tos par j\u016bsu kravu un nog\u0101d\u0101tu to galam\u0113r\u0137\u012b.<\/p>\n<p><strong>Papildu pakalpojumi:<\/strong><\/p>\n<p>Nav iek\u013cauts sarakst\u0101<\/p>\n<p><strong>Adrese:<\/strong> Newminster House, 27-29 Baldwin St, Bristol BS1 1LT<\/p>\n<p><a href=\"http:\/\/linkingfreight.co.uk\/\" target=\"_new\" rel=\"noopener\">Sasaistes Freight Ltd t\u012bmek\u013ca vietne<\/a><\/p>\n<p><strong>P\u0101rskata rezult\u0101ts: <\/strong>5<br \/> <strong>Atsauksmes skaits:<\/strong> 1<br \/><a href=\"https:\/\/www.google.co.uk\/maps?cid=2853978746773574793&#038;hl=en&#038;gl=GB\" target=\"_new\" rel=\"noopener\">Las\u012bt atsauksmes<\/a><\/p>\n<h2><span class=\"ez-toc-section\" id=\"Davies_Turner_Co_Ltd\"><\/span>Davies Turner &amp; Co Ltd<span class=\"ez-toc-section-end\"><\/span><\/h2>\n<p><img decoding=\"async\" src=\"https:\/\/moverdb.com\/wp-content\/uploads\/AF1QipO9Kxl3JQMV7ICSFnsyfYhNfEIpfv5DyJ0rbcuyw672-h240-k-no.jpg\" alt='Davies Turner &amp; Co Ltd' class=\"aligncenter\"><\/p>\n<p><strong>Apraksts no uz\u0146\u0113muma: <\/strong>Davies Turner m\u0113r\u0137is ir nodro\u0161in\u0101t visaptvero\u0161u pieg\u0101des \u0137\u0113des risin\u0101jumu.<\/p>\n<p> M\u016bsu pla\u0161ais starptautiskais t\u012bkls nodro\u0161ina nep\u0101rsp\u0113jamas iesp\u0113jas, pied\u0101v\u0101jot gaisa, lo\u0123istikas, j\u016bras un autotransporta kravu eksped\u012bcijas pakalpojumus.<\/p>\n<p> M\u0113s ar\u012b uzturam pla\u0161u, modernu noliktavu sist\u0113mu vis\u0101 valst\u012b. <a href=\"https:\/\/moverdb.com\/lv\/moving-to-the-uk\/\" data-internallinksmanager029f6b8e52c=\"93\" title=\"P\u0101rce\u013caties uz Apvienoto Karalisti? 2022 Dz\u012bves izmaksas un p\u0101rcel\u0161an\u0101s padomi\">APVIENOT\u0100 KARALISTE<\/a>ar sare\u017e\u0123\u012bt\u0101m noliktavu p\u0101rvald\u012bbas sist\u0113m\u0101m un iek\u0161\u0113j\u0101m muito\u0161anas iek\u0101rt\u0101m.<\/p>\n<p><strong>Papildu pakalpojumi:<\/strong><\/p>\n<p>Izplat\u012b\u0161anas pakalpojums<\/p>\n<p>Importa eksporta uz\u0146\u0113mums<\/p>\n<p>Lo\u0123istikas pakalpojumi<\/p>\n<p>Pieg\u0101des uz\u0146\u0113mums<\/p>\n<p><strong>Adrese:<\/strong> Western Freight Terminal, Fifth Way, Avonmouth, Bristol BS11 8DT<\/p>\n<p><a href=\"http:\/\/www.daviesturner.com\/\" target=\"_new\" rel=\"noopener\">Davies Turner &amp; Co Ltd t\u012bmek\u013ca vietne<\/a><\/p>\n<p><strong>P\u0101rskata rezult\u0101ts: <\/strong>4.1<br \/> <strong>Atsauksmes skaits:<\/strong> 139<br \/><a href=\"https:\/\/www.google.co.uk\/maps?cid=17357679786342511168&#038;hl=en&#038;gl=GB\" target=\"_new\" rel=\"noopener\">Las\u012bt atsauksmes<\/a><\/p>\n<h2><span class=\"ez-toc-section\" id=\"Radius_Warehouse_Logistic_Services\"><\/span>Radius noliktavas un lo\u0123istikas pakalpojumi<span class=\"ez-toc-section-end\"><\/span><\/h2>\n<p><img decoding=\"async\" src=\"https:\/\/moverdb.com\/wp-content\/uploads\/AF1QipMqx74W-qAyrRnmcpiO8UUP6i8Qtz-VgBDfmEow426-h240-k-no.jpg\" alt='Radius noliktavas un lo\u0123istikas pakalpojumi' class=\"aligncenter\"><\/p>\n<p><strong>Apraksts no uz\u0146\u0113muma: <\/strong>Nav sniegts<\/p>\n<p><strong>Papildu pakalpojumi:<\/strong><\/p>\n<p>E-komercijas pakalpojums<\/p>\n<p>Noliktava<\/p>\n<p><strong>Adrese:<\/strong> Unit 3, Portside Park, Kings Weston Ln, Avonmouth, Bristole BS11 8AR<\/p>\n<p><a href=\"http:\/\/www.radiuslogistics.co.uk\/\" target=\"_new\" rel=\"noopener\">Radius Warehouse &amp; Logistic Services t\u012bmek\u013ca vietne<\/a><\/p>\n<p><strong>P\u0101rskata rezult\u0101ts: <\/strong>5<br \/> <strong>Atsauksmes skaits:<\/strong> 5<br \/><a href=\"https:\/\/www.google.co.uk\/maps?cid=510481636241925538&#038;hl=en&#038;gl=GB\" target=\"_new\" rel=\"noopener\">Las\u012bt atsauksmes<\/a><\/p>\n<h2><span class=\"ez-toc-section\" id=\"Expeditors\"><\/span>Ekspeditori<span class=\"ez-toc-section-end\"><\/span><\/h2>\n<p><img decoding=\"async\" src=\"https:\/\/moverdb.com\/wp-content\/uploads\/AF1QipPJ4dN2sY_JpWhXq-AqeFn8x3lS5qSYfLgHe_Ezw408-h604-k-no.jpg\" alt='Ekspeditori' class=\"aligncenter\"><\/p>\n<p><strong>Apraksts no uz\u0146\u0113muma: <\/strong>Nav sniegts<\/p>\n<p><strong>Papildu pakalpojumi:<\/strong><\/p>\n<p>Nav iek\u013cauts sarakst\u0101<\/p>\n<p><strong>Adrese:<\/strong> Western Approach, 6030. \u0113ka, Collins Dr, Severn Beach, Bristole BS35 4GG<\/p>\n<p><a href=\"http:\/\/www.expeditors.com\/\" target=\"_new\" rel=\"noopener\">Ekspeditoru t\u012bmek\u013ca vietne<\/a><\/p>\n<p><strong>P\u0101rskata rezult\u0101ts: <\/strong>4.6<br \/> <strong>Atsauksmes skaits:<\/strong> 19<br \/><a href=\"https:\/\/www.google.co.uk\/maps?cid=18279511369546906393&#038;hl=en&#038;gl=GB\" target=\"_new\" rel=\"noopener\">Las\u012bt atsauksmes<\/a><\/p>\n<h2><span class=\"ez-toc-section\" id=\"AGI_Global_Logistics_Ltd_Bristol\"><\/span>AGI Global Logistics Ltd Bristol<span class=\"ez-toc-section-end\"><\/span><\/h2>\n<p><img decoding=\"async\" src=\"https:\/\/lh5.googleusercontent.com\/p\/AF1QipNvUK4_ILPeUuAiJRBgxrrhea68ohLDUvA6qfLQ=w408-h272-k-no\" alt=\"AGI Global Logistics Ltd Bristol\" class=\"aligncenter\"><\/p>\n<p><strong>Apraksts no uz\u0146\u0113muma: <\/strong>Nav sniegts<\/p>\n<p><strong>Papildu pakalpojumi:<\/strong><\/p>\n<p>Transporta pakalpojumi<\/p>\n<p><strong>Adrese:<\/strong> Windmill House, Henfield Rd, Bristol BS36 2FE<\/p>\n<p><a href=\"http:\/\/www.agi.global\/\" target=\"_new\" rel=\"noopener\">AGI Global Logistics Ltd Bristol m\u0101jas lapa<\/a><\/p>\n<p><strong>P\u0101rskata rezult\u0101ts: <\/strong>4.8<br \/> <strong>Atsauksmes skaits:<\/strong> 20<br \/><a href=\"https:\/\/www.google.co.uk\/maps?cid=13571177958670377164&#038;hl=en&#038;gl=GB\" target=\"_new\" rel=\"noopener\">Las\u012bt atsauksmes<\/a><\/p>\n<h2><span class=\"ez-toc-section\" id=\"Concordia_International_Forwarding_Ltd\"><\/span>Concordia International Forwarding Ltd<span class=\"ez-toc-section-end\"><\/span><\/h2>\n<p><img decoding=\"async\" src=\"https:\/\/moverdb.com\/wp-content\/uploads\/thumbnailpanoidba8vVLwujMhMvWQNOJ4LMQcb_clientsearch.gws-prod.gpsw408h240yaw346.jpg\" alt='Concordia International Forwarding Ltd' class=\"aligncenter\"><\/p>\n<p><strong>Apraksts no uz\u0146\u0113muma: <\/strong>Nav sniegts<\/p>\n<p><strong>Papildu pakalpojumi:<\/strong><\/p>\n<p>Nav iek\u013cauts sarakst\u0101<\/p>\n<p><strong>Adrese:<\/strong> Avon Riverside Estate, Victoria Rd, Avonmouth, Bristole BS11 9DB<\/p>\n<p><a href=\"https:\/\/www.concordiafreight.com\/\" target=\"_new\" rel=\"noopener\">Concordia International Forwarding Ltd t\u012bmek\u013ca vietne<\/a><\/p>\n<p><strong>P\u0101rskata rezult\u0101ts: <\/strong>5<br \/> <strong>Atsauksmes skaits:<\/strong> 3<br \/><a href=\"https:\/\/www.google.co.uk\/maps?cid=9448656488270580648&#038;hl=en&#038;gl=GB\" target=\"_new\" rel=\"noopener\">Las\u012bt atsauksmes<\/a><\/p>\n<h2><span class=\"ez-toc-section\" id=\"RSJ_International_Freight_Services_Ltd\"><\/span>RSJ International Freight Services Ltd<span class=\"ez-toc-section-end\"><\/span><\/h2>\n<p><img decoding=\"async\" src=\"https:\/\/moverdb.com\/wp-content\/uploads\/thumbnailpanoidJRg8arWP-nN58ZbU0rRp3wcb_clientsearch.gws-prod.gpsw408h240yaw203.jpg\" alt='RSJ International Freight Services Ltd' class=\"aligncenter\"><\/p>\n<p><strong>Apraksts no uz\u0146\u0113muma: <\/strong>Nav sniegts<\/p>\n<p><strong>Papildu pakalpojumi:<\/strong><\/p>\n<p>Uz\u0146\u0113mumu savstarp\u0113j\u0101s sadarb\u012bbas pakalpojums<\/p>\n<p>Pieg\u0101des uz\u0146\u0113mums<\/p>\n<p><strong>Adrese:<\/strong> Unit 16\/Londonderry Farm\/Keynsham Rd, Bristol BS30 6EL<\/p>\n<p><a href=\"https:\/\/www.rsj-international.co.uk\/\" target=\"_new\" rel=\"noopener\">RSJ International Freight Services Ltd t\u012bmek\u013ca vietne<\/a><\/p>\n<p><strong>P\u0101rskata rezult\u0101ts: <\/strong>5<br \/> <strong>Atsauksmes skaits:<\/strong> 1<br \/><a href=\"https:\/\/www.google.co.uk\/maps?cid=17200395291416554045&#038;hl=en&#038;gl=GB\" target=\"_new\" rel=\"noopener\">Las\u012bt atsauksmes<\/a><\/p>\n<h2><span class=\"ez-toc-section\" id=\"Brunel_Shipping_Liner_Services\"><\/span>Brunel Shipping &amp; Liner Services<span class=\"ez-toc-section-end\"><\/span><\/h2>\n<p><img decoding=\"async\" src=\"https:\/\/moverdb.com\/wp-content\/uploads\/AF1QipMoSUckdnxeboSxvLuxgbLmmg9Ol0PvscD-nWgQw426-h240-k-no.jpg\" alt='Brunel Shipping &amp; Liner Services' class=\"aligncenter\"><\/p>\n<p><strong>Apraksts no uz\u0146\u0113muma: <\/strong>Nav sniegts<\/p>\n<p><strong>Papildu pakalpojumi:<\/strong><\/p>\n<p>Nav iek\u013cauts sarakst\u0101<\/p>\n<p><strong>Adrese:<\/strong> 95 Stokes Croft, Bristole BS1 3RD<\/p>\n<p><a href=\"http:\/\/www.brunelshipping.com\/\" target=\"_new\" rel=\"noopener\">Brunel Shipping &amp; Liner Services t\u012bmek\u013ca vietne<\/a><\/p>\n<p><strong>P\u0101rskata rezult\u0101ts: <\/strong>2.5<br \/> <strong>Atsauksmes skaits:<\/strong> 2<br \/><a href=\"https:\/\/www.google.co.uk\/maps?cid=7554355835457306517&#038;hl=en&#038;gl=GB\" target=\"_new\" rel=\"noopener\">Las\u012bt atsauksmes<\/a><\/p>\n<h2><span class=\"ez-toc-section\" id=\"Gefco_Forwarding\"><\/span>Gefco Forwarding<span class=\"ez-toc-section-end\"><\/span><\/h2>\n<p><img decoding=\"async\" src=\"https:\/\/moverdb.com\/wp-content\/uploads\/thumbnailpanoidUDMIvbqb5GCisvcoHJRWXwcb_clientsearch.gws-prod.gpsw408h240yaw52.jpg\" alt='Gefco Forwarding' class=\"aligncenter\"><\/p>\n<p><strong>Apraksts no uz\u0146\u0113muma: <\/strong>Nav sniegts<\/p>\n<p><strong>Papildu pakalpojumi:<\/strong><\/p>\n<p>Nav iek\u013cauts sarakst\u0101<\/p>\n<p><strong>Adrese:<\/strong> Unit 8, I O Centre, Moorend Farm Ave, Bristol BS11 0QL<\/p>\n<p><a href=\"https:\/\/www.gefco.net\/en\/\" target=\"_new\" rel=\"noopener\">Gefco Forwarding t\u012bmek\u013ca vietne<\/a><\/p>\n<p><strong>P\u0101rskata rezult\u0101ts: <\/strong>4<br \/> <strong>Atsauksmes skaits:<\/strong> 9<br \/><a href=\"https:\/\/www.google.co.uk\/maps?cid=15368974737175324232&#038;hl=en&#038;gl=GB\" target=\"_new\" rel=\"noopener\">Las\u012bt atsauksmes<\/a><\/p>\n<h2><span class=\"ez-toc-section\" id=\"Darabant_Ltd\"><\/span>Darabant Ltd.<span class=\"ez-toc-section-end\"><\/span><\/h2>\n<p><img decoding=\"async\" src=\"https:\/\/moverdb.com\/wp-content\/uploads\/thumbnailpanoid-gXOGy94N2prAsV05BzXKwcb_clientsearch.gws-prod.gpsw408h240yaw153.jpg\" alt='Darabant Ltd.' class=\"aligncenter\"><\/p>\n<p><strong>Apraksts no uz\u0146\u0113muma: <\/strong>Nav sniegts<\/p>\n<p><strong>Papildu pakalpojumi:<\/strong><\/p>\n<p>Nav iek\u013cauts sarakst\u0101<\/p>\n<p><strong>Adrese:<\/strong> Parkway House, Hambrook Ln, Stoke Gifford, Bristole BS34 8QB<\/p>\n<p><a href=\"http:\/\/dtrans.co.uk\/\" target=\"_new\" rel=\"noopener\">Darabant Ltd. t\u012bmek\u013ca vietne<\/a><\/p>\n<p><strong>P\u0101rskata rezult\u0101ts: <\/strong>5<br \/> <strong>Atsauksmes skaits:<\/strong> 2<br \/><a href=\"https:\/\/www.google.co.uk\/maps?cid=12817488922797848942&#038;hl=en&#038;gl=GB\" target=\"_new\" rel=\"noopener\">Las\u012bt atsauksmes<\/a><\/p>\n<h2><span class=\"ez-toc-section\" id=\"Plexus_Freight_Ltd\"><\/span>Plexus Freight Ltd<span class=\"ez-toc-section-end\"><\/span><\/h2>\n<p><img decoding=\"async\" src=\"https:\/\/moverdb.com\/wp-content\/uploads\/AF1QipNwzMZFnA7qS34mJYkLTdLd7QsJswuqrYOnSlK1w408-h306-k-no.jpg\" alt='Plexus Freight Ltd' class=\"aligncenter\"><\/p>\n<p><strong>Apraksts no uz\u0146\u0113muma: <\/strong>Apvienot\u0101s Karalistes vado\u0161ais <a href=\"https:\/\/moverdb.com\/lv\/freight-forwarder\/\" data-internallinksmanager029f6b8e52c=\"17\" title=\"Starptautisko ekspeditoru un NVOCC starptautisko izmaksu un uz\u0146\u0113mumu ce\u013cvedis\">kravas ekspeditors<\/a> <a href=\"https:\/\/moverdb.com\/lv\/shipping-companies\/\" data-internallinksmanager029f6b8e52c=\"4\" title=\"10 lab\u0101kie starptautisko konteineru p\u0101rvad\u0101jumu uz\u0146\u0113mumi\">ku\u0123niec\u012bbas uz\u0146\u0113mums<\/a>, kas darbojas Eiropas kravu p\u0101rvad\u0101jumu lo\u0123istikas un ekspress autop\u0101rvad\u0101jumu jom\u0101 importam, eksportam un savstarp\u0113jai tirdzniec\u012bbai.<\/p>\n<p><strong>Papildu pakalpojumi:<\/strong><\/p>\n<p>Kurjerpasts<\/p>\n<p>Transporta pakalpojumi<\/p>\n<p><strong>Adrese:<\/strong> Kestrel court, Harbour Rd, Portishead, Bristole BS20 7AN<\/p>\n<p><a href=\"https:\/\/www.plexusfreight.com\/\" target=\"_new\" rel=\"noopener\">Plexus Freight Ltd t\u012bmek\u013ca vietne<\/a><\/p>\n<p><strong>P\u0101rskata rezult\u0101ts: <\/strong>4.8<br \/> <strong>Atsauksmes skaits:<\/strong> 41<br \/><a href=\"https:\/\/www.google.co.uk\/maps?cid=2230762199293397782&#038;hl=en&#038;gl=GB\" target=\"_new\" rel=\"noopener\">Las\u012bt atsauksmes<\/a><\/p>\n<h2><span class=\"ez-toc-section\" id=\"DHL_Freight\"><\/span>DHL kravu p\u0101rvad\u0101jumi<span class=\"ez-toc-section-end\"><\/span><\/h2>\n<p><img decoding=\"async\" src=\"https:\/\/moverdb.com\/wp-content\/uploads\/AF1QipOqvBlUJ0ZXd9peCDrjU7ClBB9zaXYJfSDtoqCdw408-h306-k-no.jpg\" alt='DHL kravu p\u0101rvad\u0101jumi' class=\"aligncenter\"><\/p>\n<p><strong>Apraksts no uz\u0146\u0113muma: <\/strong>Nav sniegts<\/p>\n<p><strong>Papildu pakalpojumi:<\/strong><\/p>\n<p>Nav iek\u013cauts sarakst\u0101<\/p>\n<p><strong>Adrese:<\/strong> Avonmouth Way, Avonmouth, Bristole BS11 9HL<\/p>\n<p><a href=\"http:\/\/www.dhl.co.uk\/freight\" target=\"_new\" rel=\"noopener\">DHL Freight t\u012bmek\u013ca vietne<\/a><\/p>\n<p><strong>P\u0101rskata rezult\u0101ts: <\/strong>4.7<br \/> <strong>Atsauksmes skaits:<\/strong> 3<br \/><a href=\"https:\/\/www.google.co.uk\/maps?cid=6921321511174811929&#038;hl=en&#038;gl=GB\" target=\"_new\" rel=\"noopener\">Las\u012bt atsauksmes<\/a><\/p>\n<h2><span class=\"ez-toc-section\" id=\"How_we_picked_the_best_Bristol_Freight_Forwarding_Companies\"><\/span>K\u0101 m\u0113s izv\u0113l\u0113j\u0101mies lab\u0101kos Bristoles kravas eksped\u012bcijas uz\u0146\u0113mumus<span class=\"ez-toc-section-end\"><\/span><\/h2>\n<p>S\u0101k\u0101m ar 27 Bristoles kravu p\u0101rvad\u0101jumu uz\u0146\u0113mumu datu kopu, ko var\u0113j\u0101m atrast, izmantojot Google Maps, un sa\u0161aurin\u0101j\u0101m to l\u012bdz 14 lab\u0101kajiem.<\/p>\n<p>Lai to izdar\u012btu, m\u0113s izsv\u012btroj\u0101m jebkuru uz\u0146\u0113mumu, kas:<\/p>\n<ul>\n<li> Nebija t\u012bmek\u013ca vietnes<\/li>\n<li> Nebija atsauksmju<\/li>\n<li> vid\u0113jais atsauksmju v\u0113rt\u0113jums bija zem\u0101ks par 2,0<\/li>\n<\/ul>\n<p>\u0160aj\u0101 br\u012bd\u012b, ja mums bija 17 vai maz\u0101k ekspeditoru, m\u0113s uzskait\u012bj\u0101m visus.<\/p>\n<p>Pils\u0113t\u0101s, kur\u0101s bija paliku\u0161i vair\u0101k nek\u0101 17 ekspeditori, m\u0113s veic\u0101m turpm\u0101kas korekcijas, vai nu palielinot nepiecie\u0161amo atsauksmju punktu skaitu (piem\u0113ram, no vismaz 2,0 l\u012bdz 4,0), un\/vai palielinot minim\u0101lo nepiecie\u0161amo atsauksmju skaitu (piem\u0113ram, no vismaz 1 atsauksmes l\u012bdz vismaz 10).<\/p>\n<p>\u0145emiet v\u0113r\u0101, ka m\u0113s izmantoj\u0101m tikai p\u0101rskat\u012b\u0161anas datus no Google Maps, nevis cit\u0101m tre\u0161o pu\u0161u vietn\u0113m.<\/p>\n<p>Vair\u0101k pils\u0113tu:<\/p>\n<p><a href=\"https:\/\/moverdb.com\/lv\/kravas-ekspeditors\/freight-forwarding-uk\/sheffield-freight-forwarder\/\">\u0160ef\u012bldas kravas ekspeditors<\/a><br \/><a href=\"https:\/\/moverdb.com\/lv\/kravas-ekspeditors\/freight-forwarding-uk\/dover-freight-forwarder\/\">Dover Freight Forwarder<\/a><br \/><a href=\"https:\/\/moverdb.com\/lv\/kravas-ekspeditors\/freight-forwarding-uk\/ashford-freight-forwarder\/\">Ashford Freight Forwarder<\/a><br \/><a href=\"https:\/\/moverdb.com\/lv\/kravas-ekspeditors\/freight-forwarding-uk\/egham-freight-forwarder\/\">Egham Kravu ekspeditors<\/a><br \/><a href=\"https:\/\/moverdb.com\/lv\/kravas-ekspeditors\/freight-forwarding-uk\/leeds-freight-forwarder\/\">L\u012bdsas kravas ekspeditors<\/a><\/p>","protected":false},"excerpt":{"rendered":"<p>Below we look at the 14 &#8220;best&#8221; Freight Forwarding companies in Bristol out of 27. To learn more about how we chose the best please consult our FAQ section at the end. Please not the following listings are in no particular order and we are not making any recommendations for any particular company. FORWARDER magazine [&hellip;]<\/p>\n","protected":false},"author":1,"featured_media":0,"parent":13427,"menu_order":0,"comment_status":"open","ping_status":"open","template":"","meta":{"_genesis_hide_title":false,"_genesis_hide_breadcrumbs":false,"_genesis_hide_singular_image":false,"_genesis_hide_footer_widgets":false,"_genesis_custom_body_class":"","_genesis_custom_post_class":"","_genesis_layout":"","footnotes":""},"class_list":{"0":"post-13628","1":"page","2":"type-page","3":"status-publish","5":"entry"},"_links":{"self":[{"href":"https:\/\/moverdb.com\/lv\/wp-json\/wp\/v2\/pages\/13628","targetHints":{"allow":["GET"]}}],"collection":[{"href":"https:\/\/moverdb.com\/lv\/wp-json\/wp\/v2\/pages"}],"about":[{"href":"https:\/\/moverdb.com\/lv\/wp-json\/wp\/v2\/types\/page"}],"author":[{"embeddable":true,"href":"https:\/\/moverdb.com\/lv\/wp-json\/wp\/v2\/users\/1"}],"replies":[{"embeddable":true,"href":"https:\/\/moverdb.com\/lv\/wp-json\/wp\/v2\/comments?post=13628"}],"version-history":[{"count":1,"href":"https:\/\/moverdb.com\/lv\/wp-json\/wp\/v2\/pages\/13628\/revisions"}],"predecessor-version":[{"id":15688,"href":"https:\/\/moverdb.com\/lv\/wp-json\/wp\/v2\/pages\/13628\/revisions\/15688"}],"up":[{"embeddable":true,"href":"https:\/\/moverdb.com\/lv\/wp-json\/wp\/v2\/pages\/13427"}],"wp:attachment":[{"href":"https:\/\/moverdb.com\/lv\/wp-json\/wp\/v2\/media?parent=13628"}],"curies":[{"name":"wp","href":"https:\/\/api.w.org\/{rel}","templated":true}]}}