{"id":11807,"date":"2023-09-11T13:19:11","date_gmt":"2023-09-11T13:19:11","guid":{"rendered":"https:\/\/moverdb.com\/?page_id=11807"},"modified":"2026-01-08T14:46:00","modified_gmt":"2026-01-08T14:46:00","slug":"money-transfer-template","status":"publish","type":"page","link":"https:\/\/moverdb.com\/lv\/international-money-transfer-services\/money-transfer-template\/","title":{"rendered":"{{{mpg_company_1}} vs {{mpg_company_2}}: Maksu un atsauksmes sal\u012bdzin\u0101jums"},"content":{"rendered":"<p>Gan {{mpg_company_1}}, gan {{mpg_company_2}} ir popul\u0101ri. <a href=\"https:\/\/moverdb.com\/lv\/international-money-transfer-services\/\" data-internallinksmanager029f6b8e52c=\"239\" title=\"11 Lab\u0101kie starptautiskie naudas p\u0101rvedumu pakalpojumi 2026. gad\u0101\">starptautiskie naudas p\u0101rvedumu pakalpojumi<\/a>. Bet kur\u0161 no tiem ir lab\u0101ks?<\/p>\n\n\n\n<p>Zem\u0101k m\u0113s tos sal\u012bdzin\u0101m p\u0113c to komisijas maksas un atsauksm\u0113m.<\/p>\n\n\n\n<div id=\"ez-toc-container\" class=\"ez-toc-v2_0_82_2 ez-toc-wrap-left counter-hierarchy ez-toc-counter ez-toc-transparent ez-toc-container-direction\">\n<div class=\"ez-toc-title-container\">\n<p class=\"ez-toc-title\" style=\"cursor:inherit\">Sada\u013cas<\/p>\n<span class=\"ez-toc-title-toggle\"><a href=\"#\" class=\"ez-toc-pull-right ez-toc-btn ez-toc-btn-xs ez-toc-btn-default ez-toc-toggle\" aria-label=\"P\u0101rsl\u0113gt satura tabulu\"><span class=\"ez-toc-js-icon-con\"><span class=\"\"><span class=\"eztoc-hide\" style=\"display:none;\">P\u0101rsl\u0113gt<\/span><span class=\"ez-toc-icon-toggle-span\"><svg style=\"fill: #999;color:#999\" xmlns=\"http:\/\/www.w3.org\/2000\/svg\" class=\"list-377408\" width=\"20px\" height=\"20px\" viewbox=\"0 0 24 24\" fill=\"none\"><path d=\"M6 6H4v2h2V6zm14 0H8v2h12V6zM4 11h2v2H4v-2zm16 0H8v2h12v-2zM4 16h2v2H4v-2zm16 0H8v2h12v-2z\" fill=\"currentColor\"><\/path><\/svg><svg style=\"fill: #999;color:#999\" class=\"arrow-unsorted-368013\" xmlns=\"http:\/\/www.w3.org\/2000\/svg\" width=\"10px\" height=\"10px\" viewbox=\"0 0 24 24\" version=\"1.2\" baseprofile=\"tiny\"><path d=\"M18.2 9.3l-6.2-6.3-6.2 6.3c-.2.2-.3.4-.3.7s.1.5.3.7c.2.2.4.3.7.3h11c.3 0 .5-.1.7-.3.2-.2.3-.5.3-.7s-.1-.5-.3-.7zM5.8 14.7l6.2 6.3 6.2-6.3c.2-.2.3-.5.3-.7s-.1-.5-.3-.7c-.2-.2-.4-.3-.7-.3h-11c-.3 0-.5.1-.7.3-.2.2-.3.5-.3.7s.1.5.3.7z\"\/><\/svg><\/span><\/span><\/span><\/a><\/span><\/div>\n<nav><ul class='ez-toc-list ez-toc-list-level-1 eztoc-toggle-hide-by-default' ><li class='ez-toc-page-1 ez-toc-heading-level-2'><a class=\"ez-toc-link ez-toc-heading-1\" href=\"https:\/\/moverdb.com\/lv\/international-money-transfer-services\/money-transfer-template\/#Fees\" >Nodevas<\/a><\/li><li class='ez-toc-page-1 ez-toc-heading-level-2'><a class=\"ez-toc-link ez-toc-heading-2\" href=\"https:\/\/moverdb.com\/lv\/international-money-transfer-services\/money-transfer-template\/#Reviews\" >Atsauksmes<\/a><\/li><li class='ez-toc-page-1 ez-toc-heading-level-2'><a class=\"ez-toc-link ez-toc-heading-3\" href=\"https:\/\/moverdb.com\/lv\/international-money-transfer-services\/money-transfer-template\/#Features\" >Funkcijas<\/a><\/li><li class='ez-toc-page-1 ez-toc-heading-level-2'><a class=\"ez-toc-link ez-toc-heading-4\" href=\"https:\/\/moverdb.com\/lv\/international-money-transfer-services\/money-transfer-template\/#Company_Comparison\" >Uz\u0146\u0113mumu sal\u012bdzin\u0101jums<\/a><\/li><li class='ez-toc-page-1 ez-toc-heading-level-2'><a class=\"ez-toc-link ez-toc-heading-5\" href=\"https:\/\/moverdb.com\/lv\/international-money-transfer-services\/money-transfer-template\/#mpg_company_1_Pros_Cons\" >{{{mpg_company_1}} Plusi un m\u012bnusi<\/a><ul class='ez-toc-list-level-3' ><li class='ez-toc-heading-level-3'><a class=\"ez-toc-link ez-toc-heading-6\" href=\"https:\/\/moverdb.com\/lv\/international-money-transfer-services\/money-transfer-template\/#mpg_company_1_Pros\" >{{{mpg_company_1}} Plusi<\/a><\/li><li class='ez-toc-page-1 ez-toc-heading-level-3'><a class=\"ez-toc-link ez-toc-heading-7\" href=\"https:\/\/moverdb.com\/lv\/international-money-transfer-services\/money-transfer-template\/#mpg_company_1_Cons\" >{{{mpg_company_1}} M\u012bnusi<\/a><\/li><\/ul><\/li><li class='ez-toc-page-1 ez-toc-heading-level-2'><a class=\"ez-toc-link ez-toc-heading-8\" href=\"https:\/\/moverdb.com\/lv\/international-money-transfer-services\/money-transfer-template\/#mpg_company_2_Pros_Cons\" >{{{mpg_company_2}} Plusi un m\u012bnusi<\/a><ul class='ez-toc-list-level-3' ><li class='ez-toc-heading-level-3'><a class=\"ez-toc-link ez-toc-heading-9\" href=\"https:\/\/moverdb.com\/lv\/international-money-transfer-services\/money-transfer-template\/#mpg_company_2_Pros\" >{{{mpg_company_2}} Plusi<\/a><\/li><li class='ez-toc-page-1 ez-toc-heading-level-3'><a class=\"ez-toc-link ez-toc-heading-10\" href=\"https:\/\/moverdb.com\/lv\/international-money-transfer-services\/money-transfer-template\/#mpg_company_2_Cons\" >{{{mpg_company_2}} M\u012bnusi<\/a><\/li><\/ul><\/li><\/ul><\/nav><\/div>\n<h2 class=\"wp-block-heading\"><span class=\"ez-toc-section\" id=\"Fees\"><\/span>Nodevas<span class=\"ez-toc-section-end\"><\/span><\/h2>\n\n\n\n<figure class=\"wp-block-table\"><table><tbody><tr><td><\/td><td><strong><a href=\"\/lv\/{{mpg_url_1}}\/\" rel=\"nofollow\">{{{mpg_company_1}}<\/a><\/strong><\/td><td><strong><a href=\"\/lv\/{{mpg_url_2}}\/\" rel=\"nofollow\">{{{mpg_company_2}}<\/a><\/strong><\/td><\/tr><tr><td><strong>M\u0101jas lapa<\/strong><\/td><td><a href=\"\/lv\/{{mpg_url_1}}\/\" rel=\"nofollow\"><img decoding=\"async\" src=\"{{mpg_image_url_1}}\"><\/a><\/td><td><a href=\"\/lv\/{{mpg_url_2}}\/\" rel=\"nofollow\"><img decoding=\"async\" src=\"{{mpg_image_url_2}}\"><\/a><\/td><\/tr><tr><td><strong>P\u0101rs\u016bt\u012b\u0161anas maksa<\/strong><\/td><td>{{mpg_transfer_fee_1}}<\/td><td>{{mpg_transfer_fee_2}}<\/td><\/tr><tr><td><strong>Vid\u0113jais val\u016btas kursa uzcenojums<\/strong><\/td><td>{{{mpg_average_exchange_rate_markup_1}}<\/td><td>{{{mpg_average_exchange_rate_markup_2}}<\/td><\/tr><tr><td><strong>Minim\u0101l\u0101 p\u0101rskait\u012bjuma summa<\/strong><\/td><td>{{{mpg_minimum_transfer_amount_1}}<\/td><td>{{{mpg_minimum_transfer_amount_2}}<\/td><\/tr><tr><td><strong>Maksim\u0101l\u0101 p\u0101rskait\u012bjuma summa<\/strong><\/td><td>{{{mpg_maximum_transfer_amount_1}}<\/td><td>{{{mpg_maximum_transfer_amount_2}}<\/td><\/tr><\/tbody><\/table><figcaption class=\"wp-element-caption\"><em>Visa inform\u0101cija ir \u0146emta no katra uz\u0146\u0113muma t\u012bmek\u013ca vietnes, bet kop\u0161 t\u0101 laika ir main\u012bjusies.<\/em> <\/figcaption><\/figure>\n\n\n<div class=\"cg-box-layout-seven    cg-orange\"  data-bottom-arrow=\"true\"><div class=\"cg-our-top-pick\">Visaugst\u0101k nov\u0113rt\u0113tais naudas p\u0101rvedumu pakalpojums<\/div><div class=\"cg-layout-row\"><div class=\"cg-layout-img\"><a href=\"https:\/\/www.currenciesdirect.com\/aff\/v1\/moverdb.php\" target=\"_blank\" rel=\"nofollow noopener\" class=\"cg-aff-link\" data-post-title=\"Currencies Direct\" data-aff-link=\"https:\/\/www.currenciesdirect.com\/aff\/v1\/moverdb.php\" data-post-type=\"box\" data-post-id=\"153684\"><img decoding=\"async\" src=\"https:\/\/moverdb.com\/wp-content\/uploads\/currencies-direct-1.png\" class=\"cg-img-1\" alt=\"Val\u016btas Direct\"><\/a><\/div><div class=\"cg-layout-content\"><div class=\"cg-text\"><p><span style=\"font-size: 14pt;\"><strong><a href=\"https:\/\/moverdb.com\/lv\/international-money-transfer-services\/currencies-direct-review\/\" data-internallinksmanager029f6b8e52c=\"237\" title=\"Val\u016btas tie\u0161o starptautisko naudas p\u0101rvedumu p\u0101rskats 2023\">Val\u016btas Direct<\/a> <\/strong>ir vislab\u0101k nov\u0113rt\u0113tais starptautiskais naudas p\u0101rvedumu pakalpojums m\u016bsu sarakst\u0101.<\/span><\/p><ul><li><span style=\"font-size: 14pt;\"><strong>4,9 no 5 <\/strong>Trustpilot, pamatojoties uz vair\u0101k nek\u0101 8000 atsauksm\u0113m &nbsp;<\/span><\/li><li><span style=\"font-size: 14pt;\"><strong>Nav p\u0101rskait\u012b\u0161anas maksas<\/strong><\/span><\/li><li><span style=\"font-size: 14pt;\">Banku p\u0101rsp\u0113tas likmes<\/span><\/li><li><span style=\"font-size: 14pt;\">Godalgots pakalpojums<\/span><\/li><li><span style=\"font-size: 14pt;\"><strong>Ekskluz\u012bvs Amazon d\u0101vanu kartes pied\u0101v\u0101jums<\/strong> MoverDB.com lietot\u0101jiem&nbsp;<\/span><\/li><\/ul><\/div><div class=\"cg-lc-button\"><span class='cta-copy'><a href=\"https:\/\/www.currenciesdirect.com\/aff\/v1\/moverdb.php\" class=\"cg-one-button cg-btn cg-red  cg-aff-link cg-btn-lg\" data-post-id=\"153684\" data-post-type=\"box\" data-aff-link=\"https:\/\/www.currenciesdirect.com\/aff\/v1\/moverdb.php\" data-style=\"default\" data-post-title=\"Currencies Direct\" data-extra=\"arrow\" style=\"\" target=\"\" rel=\"nofollow noopener\">Sa\u0146emiet bezmaksas cit\u0101tu tagad!<\/a><\/span><\/span><\/div><\/div><div class=\"cg-bottom-arrow\"><\/div><\/div><\/div>\n\n\n\n\n\n<p><\/p>\n\n\n\n<h2 class=\"wp-block-heading\"><span class=\"ez-toc-section\" id=\"Reviews\"><\/span>Atsauksmes<span class=\"ez-toc-section-end\"><\/span><\/h2>\n\n\n\n<figure class=\"wp-block-table\"><table><tbody><tr><td><\/td><td><strong><a href=\"\/lv\/{{mpg_url_1}}\/\" rel=\"nofollow\">{{{mpg_company_1}}<\/a><\/strong><\/td><td><strong><a href=\"\/lv\/{{mpg_url_2}}\/\" rel=\"nofollow\">{{{mpg_company_2}}<\/a><\/strong><\/td><\/tr><tr><td><strong>Trustpilot v\u0113rt\u0113jums<\/strong><\/td><td><a href=\"\/lv\/{{mpg_truspilot_url_1}}\/\" target=\"_new\" rel=\"noopener\">{{mpg_trustpilot_rating_1}}<\/a><\/td><td><a href=\"\/lv\/{{mpg_truspilot_url_2}}\/\" target=\"_new\" rel=\"noopener\">{{mpg_trustpilot_rating_2}}<\/a><\/td><\/tr><tr><td><strong>Trustpilot atsauksmju skaits<\/strong><\/td><td>{{{mpg_trustpilot_number_of_reviews_1}}<\/td><td>{{{mpg_trustpilot_number_of_reviews_2}}<\/td><\/tr><tr><td><strong>iOS lietot\u0146u v\u0113rt\u0113jums<\/strong><\/td><td><a href=\"\/lv\/{{mpg_ios_app_url_1}}\/\" target=\"_new\" rel=\"noopener\">{{mpg_ios_app_rating_1}}<\/a><\/td><td><a href=\"\/lv\/{{mpg_ios_app_url_2}}\/\" target=\"_new\" rel=\"noopener\">{{mpg_ios_app_rating_2}}<\/a><\/td><\/tr><tr><td><strong>iOS lietot\u0146u atsauksmju skaits<\/strong><\/td><td>{{mpg_ios_app_number_of_reviews_1}}<\/td><td>{{mpg_ios_app_number_of_reviews_2}}<\/td><\/tr><tr><td><strong>Android lietot\u0146u v\u0113rt\u0113jums<\/strong><\/td><td><a href=\"\/lv\/{{mpg_android_app_url_1}}\/\" target=\"_new\" rel=\"noopener\">{{mpg_android_app_rating_1}}<\/a><\/td><td><a href=\"\/lv\/{{mpg_android_app_url_2}}\/\" target=\"_new\" rel=\"noopener\">{{mpg_android_app_rating_2}}<\/a><\/td><\/tr><tr><td>Android lietot\u0146u atsauksmju skaits<\/td><td>{{{mpg_android_app_number_of_reviews_1}}<\/td><td>{{{mpg_android_app_number_of_reviews_2}}<\/td><\/tr><\/tbody><\/table><figcaption class=\"wp-element-caption\"><em>Dati \u0146emti no attiec\u012bgaj\u0101m t\u012bmek\u013ca vietn\u0113m public\u0113\u0161anas laik\u0101. <\/em><\/figcaption><\/figure>\n\n\n\n<p><\/p>\n\n\n\n<h2 class=\"wp-block-heading\"><span class=\"ez-toc-section\" id=\"Features\"><\/span>Funkcijas<span class=\"ez-toc-section-end\"><\/span><\/h2>\n\n\n\n<figure class=\"wp-block-table\"><table><tbody><tr><td><\/td><td><strong><a href=\"\/lv\/{{mpg_url_1}}\/\" rel=\"nofollow\">{{{mpg_company_1}}<\/a><\/strong><\/td><td><strong><a href=\"\/lv\/{{mpg_url_2}}\/\" rel=\"nofollow\">{{{mpg_company_2}}<\/a><\/strong><\/td><\/tr><tr><td><strong>Lietot\u0146u p\u0101rnesumi<\/strong><\/td><td>{{mpg_app_transfers_1}}<\/td><td>{{mpg_app_transfers_2}}<\/td><\/tr><tr><td><strong>Tie\u0161saistes p\u0101rskait\u012bjumi<\/strong><\/td><td>{{mpg_online_transfers_1}}<\/td><td>{{mpg_online_transfers_2}}<\/td><\/tr><tr><td><strong>T\u0101lru\u0146a p\u0101rskait\u012bjumi<\/strong><\/td><td>{{mpg_phone_transfers_1}}<\/td><td>{{mpg_phone_transfers_2}}<\/td><\/tr><tr><td><strong>Person\u012bgi p\u0101rskait\u012bjumi<\/strong><\/td><td>{{mpg_in-person_transfers_1}}<\/td><td>{{mpg_in-person_transfers_2}}<\/td><\/tr><tr><td><strong>Pieejam\u0101s valstis<\/strong><\/td><td>{{{mpg_available_countries_1}}<\/td><td>{{{mpg_available_countries_2}}<\/td><\/tr><tr><td><strong>Val\u016btu skaits<\/strong><\/td><td>{{mpg_number_of_currencies_1}}<\/td><td>{{mpg_number_of_currencies_2}}<\/td><\/tr><tr><td><strong>Maks\u0101jumu metodes<\/strong><\/td><td>{{mpg_payment_methods_1}}<\/td><td>{{mpg_payment_methods_2}}<\/td><\/tr><tr><td><strong>Sa\u0146em\u0161anas metodes<\/strong><\/td><td>{{mpg_receiving_methods_1}}<\/td><td>{{mpg_receiving_methods_2}}<\/td><\/tr><tr><td><strong>Skaidras naudas sa\u0146em\u0161anas iesp\u0113ja<\/strong><\/td><td>{{mpg_cash_pickup_option_1}}<\/td><td>{{mpg_cash_pickup_option_2}}<\/td><\/tr><tr><td><strong>Maks\u0101jumu elast\u012bba<\/strong><\/td><td>{{{mpg_payments_flexibility_1}}<\/td><td>{{{mpg_payments_flexibility_2}}<\/td><\/tr><tr><td><strong>Atbalst\u012bt\u0101s valodas<\/strong><\/td><td>{{{mpg_supported_languages_1}}<\/td><td>{{mpg_supported_languages_2}}<\/td><\/tr><tr><td><strong>P\u0101rs\u016bt\u012b\u0161anas \u0101trums<\/strong><\/td><td>{{mpg_transfer_speed_1}}<\/td><td>{{mpg_transfer_speed_2}}<\/td><\/tr><tr><td><strong>Specializ\u0113tais d\u012bleris<\/strong><\/td><td>{{mpg_dedicated_dealer_1}}<\/td><td>{{mpg_dedicated_dealer_2}}<\/td><\/tr><tr><td><strong>Instant Custom cit\u0101ts<\/strong><\/td><td>{{mpg_instant_custom_quote_1}}<\/td><td>{{mpg_instant_custom_quote_2}}<\/td><\/tr><tr><td><strong>Biznesa funkcijas<\/strong><\/td><td>{{mpg_business_features_1}}<\/td><td>{{mpg_business_features_2}}<\/td><\/tr><tr><td><strong>Debeta karte<\/strong><\/td><td>{{{mpg_debit_card_1}}<\/td><td>{{{mpg_debit_card_2}}<\/td><\/tr><tr><td><strong>Atcel\u0161anas politika<\/strong><\/td><td>{{{mpg_cancellation_policy_1}}<\/td><td>{{{mpg_cancellation_policy_2}}<\/td><\/tr><tr><td><strong>Piem\u0113rot\u012bba<\/strong><\/td><td>{{mpg_suitability_1}}<\/td><td>{{mpg_suitability_2}}<\/td><\/tr><\/tbody><\/table><\/figure>\n\n\n<div class=\"cg-box-layout-seven    cg-orange\"  data-bottom-arrow=\"true\"><div class=\"cg-our-top-pick\">Visaugst\u0101k nov\u0113rt\u0113tais naudas p\u0101rvedumu pakalpojums<\/div><div class=\"cg-layout-row\"><div class=\"cg-layout-img\"><a href=\"https:\/\/www.currenciesdirect.com\/aff\/v1\/moverdb.php\" target=\"_blank\" rel=\"nofollow noopener\" class=\"cg-aff-link\" data-post-title=\"Currencies Direct\" data-aff-link=\"https:\/\/www.currenciesdirect.com\/aff\/v1\/moverdb.php\" data-post-type=\"box\" data-post-id=\"153684\"><img decoding=\"async\" src=\"https:\/\/moverdb.com\/wp-content\/uploads\/currencies-direct-1.png\" class=\"cg-img-1\" alt=\"Val\u016btas Direct\"><\/a><\/div><div class=\"cg-layout-content\"><div class=\"cg-text\"><p><span style=\"font-size: 14pt;\"><strong>Val\u016btas Direct <\/strong>ir vislab\u0101k nov\u0113rt\u0113tais starptautiskais naudas p\u0101rvedumu pakalpojums m\u016bsu sarakst\u0101.<\/span><\/p><ul><li><span style=\"font-size: 14pt;\"><strong>4,9 no 5 <\/strong>Trustpilot, pamatojoties uz vair\u0101k nek\u0101 8000 atsauksm\u0113m &nbsp;<\/span><\/li><li><span style=\"font-size: 14pt;\"><strong>Nav p\u0101rskait\u012b\u0161anas maksas<\/strong><\/span><\/li><li><span style=\"font-size: 14pt;\">Banku p\u0101rsp\u0113tas likmes<\/span><\/li><li><span style=\"font-size: 14pt;\">Godalgots pakalpojums<\/span><\/li><li><span style=\"font-size: 14pt;\"><strong>Ekskluz\u012bvs Amazon d\u0101vanu kartes pied\u0101v\u0101jums<\/strong> MoverDB.com lietot\u0101jiem&nbsp;<\/span><\/li><\/ul><\/div><div class=\"cg-lc-button\"><span class='cta-copy'><a href=\"https:\/\/www.currenciesdirect.com\/aff\/v1\/moverdb.php\" class=\"cg-one-button cg-btn cg-red  cg-aff-link cg-btn-lg\" data-post-id=\"153684\" data-post-type=\"box\" data-aff-link=\"https:\/\/www.currenciesdirect.com\/aff\/v1\/moverdb.php\" data-style=\"default\" data-post-title=\"Currencies Direct\" data-extra=\"arrow\" style=\"\" target=\"\" rel=\"nofollow noopener\">Sa\u0146emiet bezmaksas cit\u0101tu tagad!<\/a><\/span><\/span><\/div><\/div><div class=\"cg-bottom-arrow\"><\/div><\/div><\/div>\n\n\n\n\n\n<h2 class=\"wp-block-heading\"><span class=\"ez-toc-section\" id=\"Company_Comparison\"><\/span>Uz\u0146\u0113mumu sal\u012bdzin\u0101jums<span class=\"ez-toc-section-end\"><\/span><\/h2>\n\n\n\n<figure class=\"wp-block-table\"><table><tbody><tr><td><\/td><td><strong><a href=\"\/lv\/{{mpg_url_1}}\/\" rel=\"nofollow\">{{{mpg_company_1}}<\/a><\/strong><\/td><td><strong><a href=\"https:\/\/moverdb.com\/wp-admin\/%7B%7Bmpg_url_2%7D%7D\">{{{mpg_company_2}}<\/a><\/strong><\/td><\/tr><tr><td><strong>Dibin\u0101\u0161anas gads<\/strong><\/td><td>{{mpg_yead_founded_1}}<\/td><td>{{mpg_yead_founded_2}}<\/td><\/tr><tr><td><strong>Galven\u0101 m\u012btne<\/strong><\/td><td>{{mpg_headquarters_1}}<\/td><td>{{mpg_headquarters_2}}<\/td><\/tr><tr><td><strong>Citas biroju atra\u0161an\u0101s vietas<\/strong><\/td><td>{{{mpg_other_office_locations_locations_1}}<\/td><td>{{{mpg_other_office_locations_2}}<\/td><\/tr><tr><td><strong>Gada tirdzniec\u012bbas apjoms<\/strong><\/td><td>{{mpg_annual_trading_volume_1}}<\/td><td>{{mpg_annual_trading_volume_2}}<\/td><\/tr><tr><td><strong>Darbinieku skaits<\/strong><\/td><td>{{mpg_number_of_employees_1}}<\/td><td>{{mpg_number_of_employees_2}}<\/td><\/tr><tr><td><strong>Klientu skaits<\/strong><\/td><td>{{mpg_number_of_clients_1}}<\/td><td>{{mpg_number_of_clients_2}}<\/td><\/tr><tr><td><strong>Regulat\u012bv\u0101s iest\u0101des<\/strong><\/td><td>{{mpg_regulatory_institution_1}}<\/td><td>{{mpg_regulatory_institution_2}}<\/td><\/tr><tr><td><strong>Apbalvojumi<\/strong><\/td><td>{{{mpg_awards_1}}<\/td><td>{{{mpg_awards_2}}<\/td><\/tr><\/tbody><\/table><figcaption class=\"wp-element-caption\"><em>Dati, kas ieg\u016bti no uz\u0146\u0113muma t\u012bmek\u013ca vietn\u0113m un cit\u0101m tre\u0161o pu\u0161u vietn\u0113m. Tika uzskat\u012bts, ka publik\u0101cijas br\u012bd\u012b tie bija prec\u012bzi, bet, iesp\u0113jams, kop\u0161 t\u0101 laika tie ir main\u012bju\u0161ies.<\/em><\/figcaption><\/figure>\n\n\n\n<h2 class=\"wp-block-heading\"><span class=\"ez-toc-section\" id=\"mpg_company_1_Pros_Cons\"><\/span>{{{mpg_company_1}} Plusi un m\u012bnusi<span class=\"ez-toc-section-end\"><\/span><\/h2>\n\n\n\n<p><a href=\"\/lv\/{{mpg_url_1}}\/\" rel=\"nofollow\"><img decoding=\"async\" src=\"{{mpg_image_url_1}}\"><\/a><\/p>\n\n\n\n<h3 class=\"wp-block-heading\" style=\"color: green\"><span class=\"ez-toc-section\" id=\"mpg_company_1_Pros\"><\/span>{{{mpg_company_1}} Plusi<span class=\"ez-toc-section-end\"><\/span><\/h3>\n\n\n\n<p>{{{mpg_pros_1}}<\/p>\n\n\n\n<h3 class=\"wp-block-heading\" style=\"color: red\"><span class=\"ez-toc-section\" id=\"mpg_company_1_Cons\"><\/span>{{{mpg_company_1}} M\u012bnusi<span class=\"ez-toc-section-end\"><\/span><\/h3>\n\n\n\n<p>{{{mpg_cons_1}}<\/p>\n\n\n\n<h2 class=\"wp-block-heading\"><span class=\"ez-toc-section\" id=\"mpg_company_2_Pros_Cons\"><\/span>{{{mpg_company_2}} Plusi un m\u012bnusi<span class=\"ez-toc-section-end\"><\/span><\/h2>\n\n\n\n<p><a href=\"\/lv\/{{mpg_url_2}}\/\" rel=\"nofollow\"><img decoding=\"async\" src=\"{{mpg_image_url_2}}\"><\/a><\/p>\n\n\n\n<h3 class=\"wp-block-heading\" style=\"color: green\"><span class=\"ez-toc-section\" id=\"mpg_company_2_Pros\"><\/span>{{{mpg_company_2}} Plusi<span class=\"ez-toc-section-end\"><\/span><\/h3>\n\n\n\n<p>{{{mpg_pros_2}}<\/p>\n\n\n\n<h3 class=\"wp-block-heading\" style=\"color: red\"><span class=\"ez-toc-section\" id=\"mpg_company_2_Cons\"><\/span>{{{mpg_company_2}} M\u012bnusi<span class=\"ez-toc-section-end\"><\/span><\/h3>\n\n\n\n<p>{{{mpg_cons_2}}<\/p>\n\n\n<div class=\"cg-box-layout-seven    cg-orange\"  data-bottom-arrow=\"true\"><div class=\"cg-our-top-pick\">Visaugst\u0101k nov\u0113rt\u0113tais naudas p\u0101rvedumu pakalpojums<\/div><div class=\"cg-layout-row\"><div class=\"cg-layout-img\"><a href=\"https:\/\/www.currenciesdirect.com\/aff\/v1\/moverdb.php\" target=\"_blank\" rel=\"nofollow noopener\" class=\"cg-aff-link\" data-post-title=\"Currencies Direct\" data-aff-link=\"https:\/\/www.currenciesdirect.com\/aff\/v1\/moverdb.php\" data-post-type=\"box\" data-post-id=\"153684\"><img decoding=\"async\" src=\"https:\/\/moverdb.com\/wp-content\/uploads\/currencies-direct-1.png\" class=\"cg-img-1\" alt=\"Val\u016btas Direct\"><\/a><\/div><div class=\"cg-layout-content\"><div class=\"cg-text\"><p><span style=\"font-size: 14pt;\"><strong>Val\u016btas Direct <\/strong>ir vislab\u0101k nov\u0113rt\u0113tais starptautiskais naudas p\u0101rvedumu pakalpojums m\u016bsu sarakst\u0101.<\/span><\/p><ul><li><span style=\"font-size: 14pt;\"><strong>4,9 no 5 <\/strong>Trustpilot, pamatojoties uz vair\u0101k nek\u0101 8000 atsauksm\u0113m &nbsp;<\/span><\/li><li><span style=\"font-size: 14pt;\"><strong>Nav p\u0101rskait\u012b\u0161anas maksas<\/strong><\/span><\/li><li><span style=\"font-size: 14pt;\">Banku p\u0101rsp\u0113tas likmes<\/span><\/li><li><span style=\"font-size: 14pt;\">Godalgots pakalpojums<\/span><\/li><li><span style=\"font-size: 14pt;\"><strong>Ekskluz\u012bvs Amazon d\u0101vanu kartes pied\u0101v\u0101jums<\/strong> MoverDB.com lietot\u0101jiem&nbsp;<\/span><\/li><\/ul><\/div><div class=\"cg-lc-button\"><span class='cta-copy'><a href=\"https:\/\/www.currenciesdirect.com\/aff\/v1\/moverdb.php\" class=\"cg-one-button cg-btn cg-red  cg-aff-link cg-btn-lg\" data-post-id=\"153684\" data-post-type=\"box\" data-aff-link=\"https:\/\/www.currenciesdirect.com\/aff\/v1\/moverdb.php\" data-style=\"default\" data-post-title=\"Currencies Direct\" data-extra=\"arrow\" style=\"\" target=\"\" rel=\"nofollow noopener\">Sa\u0146emiet bezmaksas cit\u0101tu tagad!<\/a><\/span><\/span><\/div><\/div><div class=\"cg-bottom-arrow\"><\/div><\/div><\/div>\n\n\n\n\n<\/p>\n<p>Skat\u012bt vair\u0101k sal\u012bdzin\u0101jumu:<\/p>\n<p>{{mpg_link}}<\/p>\n\n\n<p><\/p>","protected":false},"excerpt":{"rendered":"<p>Both {{mpg_company_1}} and {{mpg_company_2}} are popular international money transfer services. But which one is better? Below we compare them on their fees and reviews. Fees {{mpg_company_1}} {{mpg_company_2}} Homepage Transfer Fee {{mpg_transfer_fee_1}} {{mpg_transfer_fee_2}} Average Exchange Rate Markup {{mpg_average_exchange_rate_markup_1}} {{mpg_average_exchange_rate_markup_2}} Minimum Transfer Amount {{mpg_minimum_transfer_amount_1}} {{mpg_minimum_transfer_amount_2}} Maximum Transfer Amount {{mpg_maximum_transfer_amount_1}} {{mpg_maximum_transfer_amount_2}} All information taken from each company&#8217;s website, [&hellip;]<\/p>\n","protected":false},"author":1,"featured_media":0,"parent":7319,"menu_order":0,"comment_status":"closed","ping_status":"closed","template":"","meta":{"_genesis_hide_title":false,"_genesis_hide_breadcrumbs":false,"_genesis_hide_singular_image":false,"_genesis_hide_footer_widgets":false,"_genesis_custom_body_class":"","_genesis_custom_post_class":"","_genesis_layout":"","footnotes":""},"class_list":{"0":"post-11807","1":"page","2":"type-page","3":"status-publish","5":"entry"},"_links":{"self":[{"href":"https:\/\/moverdb.com\/lv\/wp-json\/wp\/v2\/pages\/11807","targetHints":{"allow":["GET"]}}],"collection":[{"href":"https:\/\/moverdb.com\/lv\/wp-json\/wp\/v2\/pages"}],"about":[{"href":"https:\/\/moverdb.com\/lv\/wp-json\/wp\/v2\/types\/page"}],"author":[{"embeddable":true,"href":"https:\/\/moverdb.com\/lv\/wp-json\/wp\/v2\/users\/1"}],"replies":[{"embeddable":true,"href":"https:\/\/moverdb.com\/lv\/wp-json\/wp\/v2\/comments?post=11807"}],"version-history":[{"count":27,"href":"https:\/\/moverdb.com\/lv\/wp-json\/wp\/v2\/pages\/11807\/revisions"}],"predecessor-version":[{"id":15503,"href":"https:\/\/moverdb.com\/lv\/wp-json\/wp\/v2\/pages\/11807\/revisions\/15503"}],"up":[{"embeddable":true,"href":"https:\/\/moverdb.com\/lv\/wp-json\/wp\/v2\/pages\/7319"}],"wp:attachment":[{"href":"https:\/\/moverdb.com\/lv\/wp-json\/wp\/v2\/media?parent=11807"}],"curies":[{"name":"wp","href":"https:\/\/api.w.org\/{rel}","templated":true}]}}