{"id":11671,"date":"2023-11-29T10:19:29","date_gmt":"2023-11-29T10:19:29","guid":{"rendered":"https:\/\/moverdb.com\/?page_id=11671"},"modified":"2026-01-08T15:23:52","modified_gmt":"2026-01-08T15:23:52","slug":"moving-companies-us-utah","status":"publish","type":"page","link":"https:\/\/moverdb.com\/lv\/moving-companies\/moving-companies-us-utah\/","title":{"rendered":"2 Lab\u0101kie starptautisk\u0101s p\u0101rcel\u0161an\u0101s uz\u0146\u0113mumi J\u016btas \u0161tat\u0101"},"content":{"rendered":"<p>P\u0101rv\u0101k\u0161an\u0101s var b\u016bt viens no stresa pilnajiem dz\u012bves posmiem, t\u0101p\u0113c k\u0101p\u0113c gan neizmantot k\u0101da <a href=\"https:\/\/moverdb.com\/lv\/moving-companies\/\" data-internallinksmanager029f6b8e52c=\"79\" title=\"Top 25 Starptautiskie p\u0101rcel\u0161an\u0101s uz\u0146\u0113mumi tie\u0161saist\u0113\">P\u0101rvieto\u0161an\u0101s uz\u0146\u0113mums<\/a> lai samazin\u0101tu spiedienu? P\u0101rcel\u0161an\u0101s uz\u0146\u0113mums var pl\u0101not j\u016bsu p\u0101rcel\u0161anos, organiz\u0113t transportu un iepakot j\u016bsu mantas, k\u0101 ar\u012b nok\u0101rtot muitas formalit\u0101tes, ja p\u0101rce\u013caties uz citu valsti. Zem\u0101k m\u0113s esam apkopoju\u0161i sarakstu <a href=\"https:\/\/moverdb.com\/lv\/moving-to-the-united-states\/moving-to-utah\/\" data-internallinksmanager029f6b8e52c=\"439\" title=\"P\u0101rcel\u0161an\u0101s uz J\u016btu? 2023 Dz\u012bves izmaksas un p\u0101rcel\u0161an\u0101s padomi\">J\u016btas<\/a> pamatojoties uz <a href=\"https:\/\/moverdb.com\/lv\/international-removals\/\" data-internallinksmanager029f6b8e52c=\"27\" title=\"36 Lab\u0101kie starptautisko p\u0101rvad\u0101jumu uz\u0146\u0113mumi Apvienotaj\u0101 Karalist\u0113\">p\u0101rv\u0101k\u0161an\u0101s uz\u0146\u0113mumi<\/a> kas ir <a href=\"https:\/\/moverdb.com\/lv\/iam\/\" data-internallinksmanager029f6b8e52c=\"23\" title=\"Starptautisk\u0101s P\u0101rv\u0101c\u0113ju asoci\u0101cijas (IAM) skaidrojumi\">Starptautisk\u0101 P\u0101rv\u0101c\u0113ju asoci\u0101cija<\/a> (IAM) un\/vai <a href=\"https:\/\/moverdb.com\/lv\/fidi-faim\/\" data-internallinksmanager029f6b8e52c=\"16\" title=\"FIDI un FAIM (FIDI akredit\u0113tais starptautiskais p\u0101rvietot\u0101js) skaidrojums\">FIDI<\/a> Akredit\u0113ti starptautiskie p\u0101rv\u0101c\u0113ji (FAIM), kas var\u0113tu jums pal\u012bdz\u0113t p\u0101rcelties.<\/p>\n<h2><strong>1. Legacy Moving<\/strong><\/h2>\n<p><img loading=\"lazy\" decoding=\"async\" class=\"alignnone size-full wp-image-11363\" src=\"https:\/\/moverdb.com\/wp-content\/uploads\/Legacy-Moving-international-moving-company.png\" alt=\"Legacy Moving starptautisks p\u0101rvietojas uz\u0146\u0113mums\" width=\"1440\" height=\"675\" data-wp-pid=\"11363\" srcset=\"https:\/\/moverdb.com\/wp-content\/uploads\/Legacy-Moving-international-moving-company.png 1440w, https:\/\/moverdb.com\/wp-content\/uploads\/Legacy-Moving-international-moving-company-300x141.png 300w, https:\/\/moverdb.com\/wp-content\/uploads\/Legacy-Moving-international-moving-company-1024x480.png 1024w, https:\/\/moverdb.com\/wp-content\/uploads\/Legacy-Moving-international-moving-company-18x8.png 18w, https:\/\/moverdb.com\/wp-content\/uploads\/Legacy-Moving-international-moving-company-600x281.png 600w\" sizes=\"auto, (max-width: 1440px) 100vw, 1440px\" \/><\/p>\n<ul>\n<li>Valsts p\u0101rcel\u0161an\u0101s<\/li>\n<li>Starptautiskie p\u0101rvadi<\/li>\n<li>P\u0101rv\u0101k\u0161an\u0101s uz dz\u012bvojam\u0101m telp\u0101m<\/li>\n<li>Komerci\u0101lo un biroju p\u0101rvieto\u0161ana<\/li>\n<li>Pilna servisa p\u0101rvieto\u0161an\u0101s pakalpojumi<\/li>\n<li>Iepako\u0161anas pakalpojums<\/li>\n<li>Transport\u0113\u0161anas organiz\u0113\u0161ana<\/li>\n<li>Pieredz\u0113ju\u0161i konsultanti<\/li>\n<li>Apdro\u0161in\u0101ts<\/li>\n<li>Dro\u0161a uzglab\u0101\u0161ana<\/li>\n<\/ul>\n<p>Legacy Moving ir p\u0101rcel\u0161an\u0101s un uzglab\u0101\u0161anas uz\u0146\u0113mums, kas atrodas St George. Tas ir IAM biedrs ar se\u0161u gadu pieredzi, kas tam nodro\u0161ina sadarb\u012bbu ar nacion\u0101lo un starptautisko p\u0101rcel\u0161an\u0101s uz\u0146\u0113mumu t\u012bklu.<\/p>\n<p>Legacy Moving pied\u0101v\u0101 dz\u012bvojamo, komerci\u0101lo un biroja mantu p\u0101rvieto\u0161anu lielos att\u0101lumos un starptautiski. Vi\u0146i pied\u0101v\u0101 iepako\u0161anas pakalpojumus, izmantojot profesion\u0101lus iepako\u0161anas piederumus un apm\u0101c\u012btus darbiniekus, lai nodro\u0161in\u0101tu, ka j\u016bsu mantas tiek dro\u0161i iepakotas. Vi\u0146i nodro\u0161ina pieredz\u0113ju\u0161us konsultantus, kas pal\u012bdz\u0113s jums p\u0101rcel\u0161an\u0101s laik\u0101, un vi\u0146u pakalpojumi ir licenc\u0113ti un apdro\u0161in\u0101ti. Vi\u0146i nodro\u0161ina ar\u012b dro\u0161as uzglab\u0101\u0161anas telpas, ja jums t\u0101s ir nepiecie\u0161amas p\u0113c p\u0101rcel\u0161an\u0101s vai pirms p\u0101rcel\u0161an\u0101s.<\/p>\n<p>T\u012bmek\u013ca vietne: <a href=\"https:\/\/legacymovingstgeorge.com\/\" target=\"_blank\" rel=\"noopener\">https:\/\/legacymovingstgeorge.com\/<\/a><\/p>\n<h2><strong>2. Mesa Moving &amp; Storage<\/strong><\/h2>\n<p><img loading=\"lazy\" decoding=\"async\" class=\"alignnone size-full wp-image-11375\" src=\"https:\/\/moverdb.com\/wp-content\/uploads\/Mesa-Moving-Storage-international-moving-company.png\" alt=\"Mesa Moving &amp; Storage starptautiskais p\u0101rvieto\u0161an\u0101s uz\u0146\u0113mums\" width=\"1440\" height=\"678\" data-wp-pid=\"11375\" srcset=\"https:\/\/moverdb.com\/wp-content\/uploads\/Mesa-Moving-Storage-international-moving-company.png 1440w, https:\/\/moverdb.com\/wp-content\/uploads\/Mesa-Moving-Storage-international-moving-company-300x141.png 300w, https:\/\/moverdb.com\/wp-content\/uploads\/Mesa-Moving-Storage-international-moving-company-1024x482.png 1024w, https:\/\/moverdb.com\/wp-content\/uploads\/Mesa-Moving-Storage-international-moving-company-18x8.png 18w, https:\/\/moverdb.com\/wp-content\/uploads\/Mesa-Moving-Storage-international-moving-company-600x283.png 600w\" sizes=\"auto, (max-width: 1440px) 100vw, 1440px\" \/><\/p>\n<ul>\n<li>Viet\u0113jie p\u0101rvadi<\/li>\n<li>P\u0101rvieto\u0161an\u0101s lielos att\u0101lumos<\/li>\n<li>M\u0101jsaimniec\u012bbas p\u0101rv\u0101k\u0161an\u0101s<\/li>\n<li>Biroju un komerci\u0101lie p\u0101rv\u0101k\u0161an\u0101s darbi<\/li>\n<li>Iepako\u0161anas pakalpojums<\/li>\n<li>Transporta pas\u0101kumi<\/li>\n<li>M\u0101kslas un antikv\u0101ro priek\u0161metu apstr\u0101de<\/li>\n<li><a href=\"https:\/\/moverdb.com\/lv\/car-transport-shipping\/\" data-internallinksmanager029f6b8e52c=\"2\" title=\"2026 Starptautiskais autotransports un transportl\u012bdzek\u013cu p\u0101rvad\u0101\u0161anas cit\u0101ti\">Transportl\u012bdzek\u013cu nos\u016bt\u012b\u0161ana<\/a><\/li>\n<li>Uzglab\u0101\u0161anas iek\u0101rtas<\/li>\n<\/ul>\n<p>Mesa Moving &amp; Storage ir 1981. gad\u0101 dibin\u0101ts p\u0101rvieto\u0161an\u0101s uz\u0146\u0113mums, kas atrodas Salt Lake City, <a href=\"https:\/\/moverdb.com\/lv\/moving-to-the-united-states\/moving-to-colorado\/\" data-internallinksmanager029f6b8e52c=\"399\" title=\"P\u0101rcel\u0161an\u0101s uz Kolor\u0101do? 2023 Dz\u012bves izmaksas un p\u0101rcel\u0161an\u0101s padomi\">Kolor\u0101do<\/a> <a href=\"https:\/\/moverdb.com\/lv\/moving-to-the-united-states\/moving-to-idaho\/\" data-internallinksmanager029f6b8e52c=\"405\" title=\"P\u0101rcel\u0161an\u0101s uz Aidaho? 2023 Dz\u012bves izmaksas un p\u0101rcel\u0161an\u0101s padomi\">Idaho<\/a> un <a href=\"https:\/\/moverdb.com\/lv\/moving-to-the-united-states\/moving-to-montana\/\" data-internallinksmanager029f6b8e52c=\"461\" title=\"P\u0101rcel\u0161an\u0101s uz Mont\u0101nu? 2024 Dz\u012bves izmaksas un p\u0101rcel\u0161an\u0101s padomi\">Montana<\/a>. Vi\u0146i ir United Van Lines a\u0123ents, kas nodro\u0161ina vi\u0146iem iesp\u0113ju str\u0101d\u0101t ar valsts m\u0113roga p\u0101rvad\u0101jumu uz\u0146\u0113mumu t\u012bklu. Vi\u0146i ir IAM biedri ar 12 gadu pieredzi un ir akredit\u0113ti FIDI.<\/p>\n<p>Mesa Moving &amp; Storage pied\u0101v\u0101 p\u0101rvieto\u0161anas pakalpojumus m\u0101jok\u013ciem un birojiem viet\u0113j\u0101 un valsts m\u0113rog\u0101. Vi\u0146i sniedz profesion\u0101lus iepako\u0161anas pakalpojumus ar kvalific\u0113tiem un apm\u0101c\u012btiem p\u0101rc\u0113l\u0101jiem, kuri nodro\u0161in\u0101s, ka j\u016bsu mantas tiek pien\u0101c\u012bgi un dro\u0161i iesai\u0146otas transport\u0113\u0161anai neatkar\u012bgi no to formas un izm\u0113ra.<\/p>\n<p>T\u012bmek\u013ca vietne: <a href=\"https:\/\/mesamoving.com\/\" target=\"_blank\" rel=\"noopener\">https:\/\/mesamoving.com\/<\/a><\/p>","protected":false},"excerpt":{"rendered":"<p>Moving can be one of the most stressful times in your life, so why not enlist the support of a moving company to reduce the pressure? A moving company can plan your move, arrange transportation and pack your belongings as well as handle customs if moving countries. Below we have compiled a list of Utah [&hellip;]<\/p>\n","protected":false},"author":4,"featured_media":11363,"parent":190,"menu_order":0,"comment_status":"closed","ping_status":"closed","template":"","meta":{"_genesis_hide_title":false,"_genesis_hide_breadcrumbs":false,"_genesis_hide_singular_image":false,"_genesis_hide_footer_widgets":false,"_genesis_custom_body_class":"","_genesis_custom_post_class":"","_genesis_layout":"","footnotes":""},"class_list":{"0":"post-11671","1":"page","2":"type-page","3":"status-publish","4":"has-post-thumbnail","6":"entry"},"_links":{"self":[{"href":"https:\/\/moverdb.com\/lv\/wp-json\/wp\/v2\/pages\/11671","targetHints":{"allow":["GET"]}}],"collection":[{"href":"https:\/\/moverdb.com\/lv\/wp-json\/wp\/v2\/pages"}],"about":[{"href":"https:\/\/moverdb.com\/lv\/wp-json\/wp\/v2\/types\/page"}],"author":[{"embeddable":true,"href":"https:\/\/moverdb.com\/lv\/wp-json\/wp\/v2\/users\/4"}],"replies":[{"embeddable":true,"href":"https:\/\/moverdb.com\/lv\/wp-json\/wp\/v2\/comments?post=11671"}],"version-history":[{"count":1,"href":"https:\/\/moverdb.com\/lv\/wp-json\/wp\/v2\/pages\/11671\/revisions"}],"predecessor-version":[{"id":11672,"href":"https:\/\/moverdb.com\/lv\/wp-json\/wp\/v2\/pages\/11671\/revisions\/11672"}],"up":[{"embeddable":true,"href":"https:\/\/moverdb.com\/lv\/wp-json\/wp\/v2\/pages\/190"}],"wp:featuredmedia":[{"embeddable":true,"href":"https:\/\/moverdb.com\/lv\/wp-json\/wp\/v2\/media\/11363"}],"wp:attachment":[{"href":"https:\/\/moverdb.com\/lv\/wp-json\/wp\/v2\/media?parent=11671"}],"curies":[{"name":"wp","href":"https:\/\/api.w.org\/{rel}","templated":true}]}}