{"id":11666,"date":"2023-11-29T10:31:41","date_gmt":"2023-11-29T10:31:41","guid":{"rendered":"https:\/\/moverdb.com\/?page_id=11666"},"modified":"2026-01-08T15:24:27","modified_gmt":"2026-01-08T15:24:27","slug":"moving-companies-us-tennessee","status":"publish","type":"page","link":"https:\/\/moverdb.com\/lv\/moving-companies\/moving-companies-us-tennessee\/","title":{"rendered":"3 Lab\u0101kie starptautisk\u0101s p\u0101rcel\u0161an\u0101s uz\u0146\u0113mumi Tenes\u012b \u0161tat\u0101"},"content":{"rendered":"<p>Vai pl\u0101nojat p\u0101rcelties? Tad izmantojiet <a href=\"https:\/\/moverdb.com\/lv\/moving-companies\/\" data-internallinksmanager029f6b8e52c=\"79\" title=\"Top 25 Starptautiskie p\u0101rcel\u0161an\u0101s uz\u0146\u0113mumi tie\u0161saist\u0113\">P\u0101rvieto\u0161an\u0101s uz\u0146\u0113mums<\/a> patie\u0161\u0101m var\u0113tu atvieglot darba slodzi. Vi\u0146i var pal\u012bdz\u0113t ar p\u0101rcel\u0161an\u0101s pl\u0101no\u0161anu, transport\u0113\u0161anas organiz\u0113\u0161anu, mantu iepako\u0161anu un muitas formalit\u0101\u0161u k\u0101rto\u0161anu starptautisku p\u0101rcel\u0161anos gad\u012bjum\u0101. Zem\u0101k m\u0113s esam apkopoju\u0161i \u0161\u0101du uz\u0146\u0113mumu sarakstu <a href=\"https:\/\/moverdb.com\/lv\/moving-to-the-united-states\/moving-to-tennessee\/\" data-internallinksmanager029f6b8e52c=\"406\" title=\"P\u0101rcel\u0161an\u0101s uz Tenesi? 2023 Dz\u012bves izmaksas un p\u0101rcel\u0161an\u0101s padomi\">Tenes\u012b<\/a> pamatojoties uz <a href=\"https:\/\/moverdb.com\/lv\/international-removals\/\" data-internallinksmanager029f6b8e52c=\"27\" title=\"36 Lab\u0101kie starptautisko p\u0101rvad\u0101jumu uz\u0146\u0113mumi Apvienotaj\u0101 Karalist\u0113\">p\u0101rv\u0101k\u0161an\u0101s uz\u0146\u0113mumi<\/a> kas ir <a href=\"https:\/\/moverdb.com\/lv\/iam\/\" data-internallinksmanager029f6b8e52c=\"23\" title=\"Starptautisk\u0101s P\u0101rv\u0101c\u0113ju asoci\u0101cijas (IAM) skaidrojumi\">Starptautisk\u0101 P\u0101rv\u0101c\u0113ju asoci\u0101cija<\/a> (IAM) un\/vai <a href=\"https:\/\/moverdb.com\/lv\/fidi-faim\/\" data-internallinksmanager029f6b8e52c=\"16\" title=\"FIDI un FAIM (FIDI akredit\u0113tais starptautiskais p\u0101rvietot\u0101js) skaidrojums\">FIDI<\/a> Akredit\u0113ti starptautiskie p\u0101rv\u0101c\u0113ji (FAIM), kas var\u0113tu jums pal\u012bdz\u0113t p\u0101rcelties.<\/p>\n<h2><strong>1. Apex Moving &amp; Storage<\/strong><\/h2>\n<p><img loading=\"lazy\" decoding=\"async\" class=\"alignnone size-full wp-image-11256\" src=\"https:\/\/moverdb.com\/wp-content\/uploads\/Apex-Moving-Storage-international-moving-company.png\" alt=\"Apex Moving &amp; Storage starptautiskais p\u0101rvieto\u0161an\u0101s uz\u0146\u0113mums\" width=\"1440\" height=\"680\" data-wp-pid=\"11256\" srcset=\"https:\/\/moverdb.com\/wp-content\/uploads\/Apex-Moving-Storage-international-moving-company.png 1440w, https:\/\/moverdb.com\/wp-content\/uploads\/Apex-Moving-Storage-international-moving-company-300x142.png 300w, https:\/\/moverdb.com\/wp-content\/uploads\/Apex-Moving-Storage-international-moving-company-1024x484.png 1024w, https:\/\/moverdb.com\/wp-content\/uploads\/Apex-Moving-Storage-international-moving-company-18x9.png 18w, https:\/\/moverdb.com\/wp-content\/uploads\/Apex-Moving-Storage-international-moving-company-600x283.png 600w\" sizes=\"auto, (max-width: 1440px) 100vw, 1440px\" \/><\/p>\n<ul>\n<li>Viet\u0113jie un t\u0101lsatiksmes p\u0101rvadi<\/li>\n<li>Starptautiskie p\u0101rvadi<\/li>\n<li>P\u0101rv\u0101k\u0161an\u0101s uz dz\u012bvojam\u0101m telp\u0101m<\/li>\n<li>Komerci\u0101lie p\u0101rvadi<\/li>\n<li>Uz\u0146\u0113mumu p\u0101rvieto\u0161ana<\/li>\n<li>Pilns iepako\u0161anas pakalpojums<\/li>\n<li>Transporta pas\u0101kumi<\/li>\n<li>Muito\u0161ana<\/li>\n<li>Kravas automa\u0161\u012bnu izseko\u0161anas tehnolo\u0123ija<\/li>\n<li>Uzglab\u0101\u0161anas pakalpojumi<\/li>\n<\/ul>\n<p>Apex Moving &amp; Storage ir 1972. gad\u0101 dibin\u0101ts uz\u0146\u0113mums, kas atrodas Antioh\u0101. Uz\u0146\u0113mums ir Atlas Interstate a\u0123ents, kas to saista ar starptautisku profesion\u0101lu p\u0101rv\u0101c\u0113ju t\u012bklu, kas sniedz atbalstu. Uz\u0146\u0113mums ir IAM biedrs ar 45 gadu pieredzi.<\/p>\n<p>Apex Moving &amp; Storage nodro\u0161ina gan mazus, gan lielus p\u0101rv\u0101k\u0161an\u0101s darbus un var izveidot bud\u017eetam draudz\u012bgus variantus, kas atbilst vis\u0101m vajadz\u012bb\u0101m. Vi\u0146i pied\u0101v\u0101 p\u0101rcel\u0161an\u0101s pakalpojumus no durv\u012bm l\u012bdz durv\u012bm, pirms p\u0101rcel\u0161an\u0101s sniedzot konsult\u0101ciju, un jums tiks nor\u012bkots person\u012bgs p\u0101rcel\u0161an\u0101s koordinators, kas jums pal\u012bdz\u0113s. Vi\u0146i pied\u0101v\u0101 pilnu iepako\u0161anas pakalpojumu, un, ja p\u0101rcel\u0161an\u0101s notiek uz \u0101rzem\u0113m, vi\u0146i organiz\u0113s transport\u0113\u0161anu ar muito\u0161anu.<\/p>\n<p>T\u012bmek\u013ca vietne: <a href=\"http:\/\/www.apexmoving.com\/\" target=\"_blank\" rel=\"noopener\">http:\/\/www.apexmoving.com\/<\/a><\/p>\n<h2><strong>2. Elizabetes P\u0101rv\u0101k\u0161an\u0101s dienests<\/strong><\/h2>\n<p><img loading=\"lazy\" decoding=\"async\" class=\"alignnone size-full wp-image-11315\" src=\"https:\/\/moverdb.com\/wp-content\/uploads\/Elizabeths-Moving-Service-international-moving-company.png\" alt=\"Elizabeths Moving Service starptautisks p\u0101rvietojas uz\u0146\u0113mums\" width=\"1440\" height=\"675\" data-wp-pid=\"11315\" srcset=\"https:\/\/moverdb.com\/wp-content\/uploads\/Elizabeths-Moving-Service-international-moving-company.png 1440w, https:\/\/moverdb.com\/wp-content\/uploads\/Elizabeths-Moving-Service-international-moving-company-300x141.png 300w, https:\/\/moverdb.com\/wp-content\/uploads\/Elizabeths-Moving-Service-international-moving-company-1024x480.png 1024w, https:\/\/moverdb.com\/wp-content\/uploads\/Elizabeths-Moving-Service-international-moving-company-18x8.png 18w, https:\/\/moverdb.com\/wp-content\/uploads\/Elizabeths-Moving-Service-international-moving-company-600x281.png 600w\" sizes=\"auto, (max-width: 1440px) 100vw, 1440px\" \/><\/p>\n<ul>\n<li>Viet\u0113jie p\u0101rvadi<\/li>\n<li>P\u0101rvieto\u0161an\u0101s lielos att\u0101lumos<\/li>\n<li>M\u0101jsaimniec\u012bbas p\u0101rv\u0101k\u0161an\u0101s<\/li>\n<li>Biroju un komerci\u0101lie p\u0101rv\u0101k\u0161an\u0101s darbi<\/li>\n<li>Piel\u0101gots p\u0101rvieto\u0161anas pl\u0101ns<\/li>\n<li>Iepako\u0161anas pakalpojums<\/li>\n<li>Transporta pas\u0101kumi<\/li>\n<li>Ier\u012b\u010du uzst\u0101d\u012b\u0161ana<\/li>\n<li>M\u0101kslas apstr\u0101de<\/li>\n<li>Dro\u0161as uzglab\u0101\u0161anas telpas<\/li>\n<\/ul>\n<p>Elizabeth's Moving Service ir p\u0101rvieto\u0161anas un uzglab\u0101\u0161anas uz\u0146\u0113mums, kas atrodas \u010catanog\u0101. Uz\u0146\u0113mums ir IAM biedrs ar se\u0161u gadu pieredzi, kas \u013cauj tam sadarboties ar p\u0101rcel\u0161an\u0101s a\u0123entiem, lai sniegtu pakalpojumus \u0101rpus savas darb\u012bbas teritorijas.<\/p>\n<p>Elizabeth's Moving Service pied\u0101v\u0101 apseko\u0161anu m\u0101j\u0101s, lai sniegtu prec\u012bzu cenu. Vi\u0146i pied\u0101v\u0101 pilna servisa p\u0101rcel\u0161an\u0101s pakalpojumus, iepakojot un nos\u016btot j\u016bsu mantas viet\u0113jiem, t\u0101lsatiksmes un starptautiskiem p\u0101rcel\u0161an\u0101s pas\u0101kumiem. Vi\u0146i sniedz augstas kvalit\u0101tes iepako\u0161anas pakalpojumus ar apm\u0101c\u012btiem iepako\u0161anas speci\u0101listiem, kuri aizsarg\u0101s j\u016bsu mantas p\u0101rvad\u0101\u0161anas laik\u0101, tostarp koka kastes trausliem priek\u0161metiem un aizsarg\u0101s j\u016bsu m\u0101ju p\u0101rv\u0101k\u0161an\u0101s laik\u0101.<\/p>\n<p>T\u012bmek\u013ca vietne: <a href=\"http:\/\/www.elizabethsmoving.com\" target=\"_blank\" rel=\"noopener\">http:\/\/www.elizabethsmoving.com<\/a><\/p>\n<h2><strong>3. Still Transfer Company<\/strong><\/h2>\n<p><img loading=\"lazy\" decoding=\"async\" class=\"alignnone size-full wp-image-11449\" src=\"https:\/\/moverdb.com\/wp-content\/uploads\/Still-Transfer-Company-international-moving-company.png\" alt=\"Still Transfer Company starptautisks p\u0101rvietojas uz\u0146\u0113mums\" width=\"1440\" height=\"677\" data-wp-pid=\"11449\" srcset=\"https:\/\/moverdb.com\/wp-content\/uploads\/Still-Transfer-Company-international-moving-company.png 1440w, https:\/\/moverdb.com\/wp-content\/uploads\/Still-Transfer-Company-international-moving-company-300x141.png 300w, https:\/\/moverdb.com\/wp-content\/uploads\/Still-Transfer-Company-international-moving-company-1024x481.png 1024w, https:\/\/moverdb.com\/wp-content\/uploads\/Still-Transfer-Company-international-moving-company-18x8.png 18w, https:\/\/moverdb.com\/wp-content\/uploads\/Still-Transfer-Company-international-moving-company-600x282.png 600w\" sizes=\"auto, (max-width: 1440px) 100vw, 1440px\" \/><\/p>\n<ul>\n<li>Viet\u0113jie un t\u0101lsatiksmes p\u0101rvadi<\/li>\n<li>Starptautiskie p\u0101rvadi<\/li>\n<li>P\u0101rv\u0101k\u0161an\u0101s uz dz\u012bvojam\u0101m telp\u0101m<\/li>\n<li>Komerci\u0101lo un biroju p\u0101rvieto\u0161ana<\/li>\n<li>Iepako\u0161anas pakalpojums<\/li>\n<li>Transporta pas\u0101kumi<\/li>\n<li>Muitas starpniec\u012bba<\/li>\n<li>M\u016bzikas instrumentu kust\u012bbas<\/li>\n<li>Dro\u0161a \u012bstermi\u0146a un ilgtermi\u0146a uzglab\u0101\u0161ana<\/li>\n<\/ul>\n<p>Still Transfer Company ir 1928. gad\u0101 dibin\u0101ts p\u0101rvad\u0101jumu un kravu eksped\u012bcijas uz\u0146\u0113mums, kas atrodas Kingsport\u0101. Uz\u0146\u0113mums ir IAM biedrs ar 95 gadu pieredzi, kas tam sniedz iesp\u0113ju sadarboties ar p\u0101rcel\u0161an\u0101s uz\u0146\u0113mumu t\u012bklu vis\u0101 pasaul\u0113, lai sniegtu pakalpojumus.<\/p>\n<p>Still Transfer Company pied\u0101v\u0101 mazo un lielo kravu p\u0101rvad\u0101\u0161anas pakalpojumus viet\u0113jiem, t\u0101lsatiksmes un starptautiskiem p\u0101rv\u0101k\u0161an\u0101s darbiem dz\u012bvojamo, komerci\u0101lo, biroja un r\u016bpniecisko \u0113ku p\u0101rve\u0161anai. Vi\u0146i sniedz p\u0101rcel\u0161an\u0101s un iepako\u0161anas pakalpojumus, lai dro\u0161i nog\u0101d\u0101tu j\u016bsu mantas galam\u0113r\u0137\u012b, un nodro\u0161ina ar\u012b muitas starpniec\u012bbu. Vi\u0146i pied\u0101v\u0101 ar\u012b dro\u0161as \u012bslaic\u012bgas vai ilgtermi\u0146a uzglab\u0101\u0161anas iesp\u0113jas.<\/p>\n<p>T\u012bmek\u013ca vietne: <a href=\"http:\/\/www.stilltransfer.net\" target=\"_blank\" rel=\"noopener\">http:\/\/www.stilltransfer.net<\/a><\/p>","protected":false},"excerpt":{"rendered":"<p>Are you planning a move? Then engaging the services of a moving company could really help ease the workload. They can assist with planning your move, transportation arrangements, packing your belongings and handling customs on international moves. Below we have compiled a list of Tennessee based removal companies that are members of the International Association [&hellip;]<\/p>\n","protected":false},"author":4,"featured_media":11256,"parent":190,"menu_order":0,"comment_status":"closed","ping_status":"closed","template":"","meta":{"_genesis_hide_title":false,"_genesis_hide_breadcrumbs":false,"_genesis_hide_singular_image":false,"_genesis_hide_footer_widgets":false,"_genesis_custom_body_class":"","_genesis_custom_post_class":"","_genesis_layout":"","footnotes":""},"class_list":{"0":"post-11666","1":"page","2":"type-page","3":"status-publish","4":"has-post-thumbnail","6":"entry"},"_links":{"self":[{"href":"https:\/\/moverdb.com\/lv\/wp-json\/wp\/v2\/pages\/11666","targetHints":{"allow":["GET"]}}],"collection":[{"href":"https:\/\/moverdb.com\/lv\/wp-json\/wp\/v2\/pages"}],"about":[{"href":"https:\/\/moverdb.com\/lv\/wp-json\/wp\/v2\/types\/page"}],"author":[{"embeddable":true,"href":"https:\/\/moverdb.com\/lv\/wp-json\/wp\/v2\/users\/4"}],"replies":[{"embeddable":true,"href":"https:\/\/moverdb.com\/lv\/wp-json\/wp\/v2\/comments?post=11666"}],"version-history":[{"count":1,"href":"https:\/\/moverdb.com\/lv\/wp-json\/wp\/v2\/pages\/11666\/revisions"}],"predecessor-version":[{"id":11667,"href":"https:\/\/moverdb.com\/lv\/wp-json\/wp\/v2\/pages\/11666\/revisions\/11667"}],"up":[{"embeddable":true,"href":"https:\/\/moverdb.com\/lv\/wp-json\/wp\/v2\/pages\/190"}],"wp:featuredmedia":[{"embeddable":true,"href":"https:\/\/moverdb.com\/lv\/wp-json\/wp\/v2\/media\/11256"}],"wp:attachment":[{"href":"https:\/\/moverdb.com\/lv\/wp-json\/wp\/v2\/media?parent=11666"}],"curies":[{"name":"wp","href":"https:\/\/api.w.org\/{rel}","templated":true}]}}