{"id":11661,"date":"2023-11-29T10:50:19","date_gmt":"2023-11-29T10:50:19","guid":{"rendered":"https:\/\/moverdb.com\/?page_id=11661"},"modified":"2026-01-08T15:29:26","modified_gmt":"2026-01-08T15:29:26","slug":"moving-companies-us-sterling","status":"publish","type":"page","link":"https:\/\/moverdb.com\/lv\/moving-companies\/moving-companies-us-sterling\/","title":{"rendered":"6 Lab\u0101kie starptautisk\u0101s p\u0101rcel\u0161an\u0101s uz\u0146\u0113mumi Sterling\u0101"},"content":{"rendered":"<p>P\u0101rv\u0101k\u0161an\u0101s var b\u016bt saspringts laiks, t\u0101p\u0113c pal\u012bdz\u012bbas sa\u0146em\u0161ana var atvieglot darbu. J\u016bs varat iesaist\u012bt <a href=\"https:\/\/moverdb.com\/lv\/moving-companies\/\" data-internallinksmanager029f6b8e52c=\"79\" title=\"Top 25 Starptautiskie p\u0101rcel\u0161an\u0101s uz\u0146\u0113mumi tie\u0161saist\u0113\">P\u0101rvieto\u0161an\u0101s uz\u0146\u0113mums<\/a> lai pal\u012bdz\u0113tu ar da\u017e\u0101diem p\u0101rcel\u0161an\u0101s uzdevumiem, tostarp p\u0101rcel\u0161an\u0101s pl\u0101no\u0161anu, priek\u0161metu iepako\u0161anu, transporta organiz\u0113\u0161anu un muitas dokumentu k\u0101rto\u0161anu. Zem\u0101k m\u0113s esam apkopoju\u0161i sarakstu ar Sterling\u0101 b\u0101z\u0113t\u0101m <a href=\"https:\/\/moverdb.com\/lv\/international-removals\/\" data-internallinksmanager029f6b8e52c=\"27\" title=\"36 Lab\u0101kie starptautisko p\u0101rvad\u0101jumu uz\u0146\u0113mumi Apvienotaj\u0101 Karalist\u0113\">p\u0101rv\u0101k\u0161an\u0101s uz\u0146\u0113mumi<\/a> kas ir <a href=\"https:\/\/moverdb.com\/lv\/iam\/\" data-internallinksmanager029f6b8e52c=\"23\" title=\"Starptautisk\u0101s P\u0101rv\u0101c\u0113ju asoci\u0101cijas (IAM) skaidrojumi\">Starptautisk\u0101 P\u0101rv\u0101c\u0113ju asoci\u0101cija<\/a> (IAM) un\/vai <a href=\"https:\/\/moverdb.com\/lv\/fidi-faim\/\" data-internallinksmanager029f6b8e52c=\"16\" title=\"FIDI un FAIM (FIDI akredit\u0113tais starptautiskais p\u0101rvietot\u0101js) skaidrojums\">FIDI<\/a> Akredit\u0113ti starptautiskie p\u0101rv\u0101c\u0113ji (FAIM), kas var\u0113tu jums pal\u012bdz\u0113t p\u0101rcelties.<\/p>\n<div id=\"ez-toc-container\" class=\"ez-toc-v2_0_82_2 ez-toc-wrap-left counter-hierarchy ez-toc-counter ez-toc-transparent ez-toc-container-direction\">\n<div class=\"ez-toc-title-container\">\n<p class=\"ez-toc-title\" style=\"cursor:inherit\">Sada\u013cas<\/p>\n<span class=\"ez-toc-title-toggle\"><a href=\"#\" class=\"ez-toc-pull-right ez-toc-btn ez-toc-btn-xs ez-toc-btn-default ez-toc-toggle\" aria-label=\"P\u0101rsl\u0113gt satura tabulu\"><span class=\"ez-toc-js-icon-con\"><span class=\"\"><span class=\"eztoc-hide\" style=\"display:none;\">P\u0101rsl\u0113gt<\/span><span class=\"ez-toc-icon-toggle-span\"><svg style=\"fill: #999;color:#999\" xmlns=\"http:\/\/www.w3.org\/2000\/svg\" class=\"list-377408\" width=\"20px\" height=\"20px\" viewbox=\"0 0 24 24\" fill=\"none\"><path d=\"M6 6H4v2h2V6zm14 0H8v2h12V6zM4 11h2v2H4v-2zm16 0H8v2h12v-2zM4 16h2v2H4v-2zm16 0H8v2h12v-2z\" fill=\"currentColor\"><\/path><\/svg><svg style=\"fill: #999;color:#999\" class=\"arrow-unsorted-368013\" xmlns=\"http:\/\/www.w3.org\/2000\/svg\" width=\"10px\" height=\"10px\" viewbox=\"0 0 24 24\" version=\"1.2\" baseprofile=\"tiny\"><path d=\"M18.2 9.3l-6.2-6.3-6.2 6.3c-.2.2-.3.4-.3.7s.1.5.3.7c.2.2.4.3.7.3h11c.3 0 .5-.1.7-.3.2-.2.3-.5.3-.7s-.1-.5-.3-.7zM5.8 14.7l6.2 6.3 6.2-6.3c.2-.2.3-.5.3-.7s-.1-.5-.3-.7c-.2-.2-.4-.3-.7-.3h-11c-.3 0-.5.1-.7.3-.2.2-.3.5-.3.7s.1.5.3.7z\"\/><\/svg><\/span><\/span><\/span><\/a><\/span><\/div>\n<nav><ul class='ez-toc-list ez-toc-list-level-1 eztoc-toggle-hide-by-default' ><li class='ez-toc-page-1 ez-toc-heading-level-2'><a class=\"ez-toc-link ez-toc-heading-1\" href=\"https:\/\/moverdb.com\/lv\/moving-companies\/moving-companies-us-sterling\/#1_Brauns_International\" >1. Brauns International<\/a><\/li><li class='ez-toc-page-1 ez-toc-heading-level-2'><a class=\"ez-toc-link ez-toc-heading-2\" href=\"https:\/\/moverdb.com\/lv\/moving-companies\/moving-companies-us-sterling\/#2_DN_Van_Lines\" >2. DN Van Lines<\/a><\/li><li class='ez-toc-page-1 ez-toc-heading-level-2'><a class=\"ez-toc-link ez-toc-heading-3\" href=\"https:\/\/moverdb.com\/lv\/moving-companies\/moving-companies-us-sterling\/#3_JK_Moving_Services\" >3. JK P\u0101rcel\u0161an\u0101s pakalpojumi<\/a><\/li><li class='ez-toc-page-1 ez-toc-heading-level-2'><a class=\"ez-toc-link ez-toc-heading-4\" href=\"https:\/\/moverdb.com\/lv\/moving-companies\/moving-companies-us-sterling\/#4_Laing_International\" >4. Laing International<\/a><\/li><li class='ez-toc-page-1 ez-toc-heading-level-2'><a class=\"ez-toc-link ez-toc-heading-5\" href=\"https:\/\/moverdb.com\/lv\/moving-companies\/moving-companies-us-sterling\/#5_RelogistiX\" >5. RelogistiX<\/a><\/li><li class='ez-toc-page-1 ez-toc-heading-level-2'><a class=\"ez-toc-link ez-toc-heading-6\" href=\"https:\/\/moverdb.com\/lv\/moving-companies\/moving-companies-us-sterling\/#6_Star_Moving_Solutions\" >6. Star Moving Solutions<\/a><\/li><\/ul><\/nav><\/div>\n<h2><span class=\"ez-toc-section\" id=\"1_Brauns_International\"><\/span><strong>1. Brauns International<\/strong><span class=\"ez-toc-section-end\"><\/span><\/h2>\n<p><img loading=\"lazy\" decoding=\"async\" class=\"alignnone size-full wp-image-7421\" src=\"https:\/\/moverdb.com\/wp-content\/uploads\/Brauns-International-moving-company.png\" alt=\"Brauns International p\u0101rvietojas uz\u0146\u0113mums\" width=\"1440\" height=\"683\" data-wp-pid=\"7421\" srcset=\"https:\/\/moverdb.com\/wp-content\/uploads\/Brauns-International-moving-company.png 1440w, https:\/\/moverdb.com\/wp-content\/uploads\/Brauns-International-moving-company-300x142.png 300w, https:\/\/moverdb.com\/wp-content\/uploads\/Brauns-International-moving-company-1024x486.png 1024w, https:\/\/moverdb.com\/wp-content\/uploads\/Brauns-International-moving-company-18x9.png 18w, https:\/\/moverdb.com\/wp-content\/uploads\/Brauns-International-moving-company-600x285.png 600w\" sizes=\"auto, (max-width: 1440px) 100vw, 1440px\" \/><\/p>\n<ul>\n<li>Viet\u0113jie un viet\u0113jie p\u0101rvadi<\/li>\n<li>Starptautiskie p\u0101rvadi<\/li>\n<li>M\u0101jsaimniec\u012bbas p\u0101rv\u0101k\u0161an\u0101s<\/li>\n<li>Uz\u0146\u0113mumu p\u0101rvieto\u0161an\u0101s<\/li>\n<li>Person\u012bgais p\u0101rcel\u0161an\u0101s konsultants<\/li>\n<li>Iepako\u0161anas pakalpojums<\/li>\n<li>Kravas, gaisa un j\u016bras transports<\/li>\n<li>Dokumentu sagatavo\u0161ana<\/li>\n<li>Apdro\u0161in\u0101\u0161ana<\/li>\n<li>Uzglab\u0101\u0161anas pakalpojumi<\/li>\n<\/ul>\n<p>Brauns International ir starptautisks p\u0101rvieto\u0161an\u0101s un uzglab\u0101\u0161anas uz\u0146\u0113mums, kas dibin\u0101ts 1992. gad\u0101. <a href=\"https:\/\/moverdb.com\/lv\/moving-to-the-united-states\/moving-to-virginia\/\" data-internallinksmanager029f6b8e52c=\"442\" title=\"P\u0101rcel\u0161an\u0101s uz Vird\u017e\u012bniju? 2023 Dz\u012bves izmaksas un p\u0101rcel\u0161an\u0101s padomi\">Virginia<\/a>, un t\u0101 darbojas no Sterlingas. Uz\u0146\u0113mumam ir partneru a\u0123entu t\u012bkls vis\u0101 pasaul\u0113, ar kuriem tas sadarbojas, lai sniegtu p\u0101rcel\u0161an\u0101s pakalpojumus starptautisk\u0101 m\u0113rog\u0101. Uz\u0146\u0113mums ir IAM biedrs ar 31 gada pieredzi.<\/p>\n<p>Brauns International pied\u0101v\u0101 individu\u0101li piel\u0101gotus p\u0101rcel\u0161an\u0101s pakalpojumus ar person\u012bgo p\u0101rcel\u0161an\u0101s konsultantu, kas koordin\u0113s visus j\u016bsu p\u0101rcel\u0161an\u0101s aspektus. Vi\u0146i pied\u0101v\u0101 iepako\u0161anas pakalpojumus ar visaugst\u0101k\u0101s kvalit\u0101tes iepakojumu un iesai\u0146ojumu, lai aizsarg\u0101tu j\u016bsu mantas. Vi\u0146i organiz\u0113s un sekos l\u012bdzi j\u016bsu mantu transport\u0113\u0161anai, k\u0101 ar\u012b aizpild\u012bs un sagatavos visus dokumentus un dokument\u0101ciju muito\u0161anai.<\/p>\n<p>T\u012bmek\u013ca vietne: <a href=\"https:\/\/www.braunsusa.com\/\" target=\"_blank\" rel=\"noopener\">https:\/\/www.braunsusa.com\/<\/a><\/p>\n<h2><span class=\"ez-toc-section\" id=\"2_DN_Van_Lines\"><\/span><strong>2. DN Van Lines<\/strong><span class=\"ez-toc-section-end\"><\/span><\/h2>\n<p><img loading=\"lazy\" decoding=\"async\" class=\"alignnone size-full wp-image-11307\" src=\"https:\/\/moverdb.com\/wp-content\/uploads\/DN-Van-Lines-international-moving-company.png\" alt=\"DN Van Lines starptautiskais p\u0101rvieto\u0161an\u0101s uz\u0146\u0113mums\" width=\"1440\" height=\"670\" data-wp-pid=\"11307\" srcset=\"https:\/\/moverdb.com\/wp-content\/uploads\/DN-Van-Lines-international-moving-company.png 1440w, https:\/\/moverdb.com\/wp-content\/uploads\/DN-Van-Lines-international-moving-company-300x140.png 300w, https:\/\/moverdb.com\/wp-content\/uploads\/DN-Van-Lines-international-moving-company-1024x476.png 1024w, https:\/\/moverdb.com\/wp-content\/uploads\/DN-Van-Lines-international-moving-company-18x8.png 18w, https:\/\/moverdb.com\/wp-content\/uploads\/DN-Van-Lines-international-moving-company-600x279.png 600w\" sizes=\"auto, (max-width: 1440px) 100vw, 1440px\" \/><\/p>\n<ul>\n<li>Viet\u0113jie un starpvalstu p\u0101rvadi<\/li>\n<li>P\u0101rvieto\u0161an\u0101s lielos att\u0101lumos<\/li>\n<li>P\u0101rv\u0101k\u0161an\u0101s uz dz\u012bvojam\u0101m telp\u0101m<\/li>\n<li>Biroju un komerci\u0101lie p\u0101rv\u0101k\u0161an\u0101s darbi<\/li>\n<li>Specializ\u0113ts p\u0101rcel\u0161an\u0101s koordinators<\/li>\n<li>Iepako\u0161anas pakalpojums<\/li>\n<li>Detaliz\u0113ta invent\u0101ra p\u0101rvald\u012bba<\/li>\n<li>Transporta pas\u0101kumi<\/li>\n<li>S\u016bt\u012bjumu izseko\u0161ana<\/li>\n<li>Dro\u0161a \u012bstermi\u0146a un ilgtermi\u0146a uzglab\u0101\u0161ana<\/li>\n<\/ul>\n<p>DN Van Lines ir 2001. gad\u0101 dibin\u0101ts uz\u0146\u0113mums, kas nodarbojas ar p\u0101rvieto\u0161anu un uzglab\u0101\u0161anu, un t\u0101 fili\u0101les atrodas Sterling\u0101, <a href=\"https:\/\/moverdb.com\/lv\/moving-to-the-united-states\/moving-to-florida\/\" data-internallinksmanager029f6b8e52c=\"331\" title=\"P\u0101rcel\u0161an\u0101s uz Floridu? 2023 Dz\u012bves izmaksas un p\u0101rcel\u0161an\u0101s padomi\">Florida<\/a> un <a href=\"https:\/\/moverdb.com\/lv\/moving-to-the-united-states\/moving-to-massachusetts\/\" data-internallinksmanager029f6b8e52c=\"412\" title=\"P\u0101rce\u013caties uz Masa\u010d\u016bsetsas \u0161tatu? 2023 Dz\u012bves izmaksas un p\u0101rcel\u0161an\u0101s padomi\">Masa\u010d\u016bsetsas \u0161tats<\/a>. Vi\u0146i ir IAM biedri ar 20 gadu pieredzi, kas vi\u0146iem nodro\u0161ina piek\u013cuvi starptautiskam p\u0101rvad\u0101jumu a\u0123entu t\u012bklam.<\/p>\n<p>DN Van Lines pied\u0101v\u0101 veikt apseko\u0161anu m\u0101j\u0101s vai virtu\u0101lo apseko\u0161anu, lai nov\u0113rt\u0113tu j\u016bsu p\u0101rv\u0101k\u0161an\u0101s apjomu, un nodro\u0161ina \u012bpa\u0161u p\u0101rv\u0101k\u0161an\u0101s koordinatoru. Vi\u0146i sniedz iepako\u0161anas pakalpojumus, izmantojot apm\u0101c\u012btas komandas, kas dro\u0161i iesai\u0146os j\u016bsu priek\u0161metus un sagatavos detaliz\u0113tu invent\u0101ra sarakstu, kas tiks dro\u0161i uzglab\u0101ts vi\u0146u sist\u0113m\u0101. Vi\u0146i organiz\u0113s j\u016bsu priek\u0161metu transport\u0113\u0161anu uz galam\u0113r\u0137i, un s\u016bt\u012bjumi tiks izsekoti, izmantojot GPS.<\/p>\n<p>T\u012bmek\u013ca vietne: <a href=\"https:\/\/dnvanlines.com\/\" target=\"_blank\" rel=\"noopener\">https:\/\/dnvanlines.com\/<\/a><\/p>\n<h2><span class=\"ez-toc-section\" id=\"3_JK_Moving_Services\"><\/span><strong>3. JK P\u0101rcel\u0161an\u0101s pakalpojumi<\/strong><span class=\"ez-toc-section-end\"><\/span><\/h2>\n<p><img loading=\"lazy\" decoding=\"async\" class=\"alignnone size-full wp-image-11662\" src=\"https:\/\/moverdb.com\/wp-content\/uploads\/JK-Moving-Services-international-moving-company.png\" alt=\"JK Moving Services starptautisks p\u0101rvieto\u0161an\u0101s uz\u0146\u0113mums\" width=\"1440\" height=\"678\" data-wp-pid=\"11662\" srcset=\"https:\/\/moverdb.com\/wp-content\/uploads\/JK-Moving-Services-international-moving-company.png 1440w, https:\/\/moverdb.com\/wp-content\/uploads\/JK-Moving-Services-international-moving-company-300x141.png 300w, https:\/\/moverdb.com\/wp-content\/uploads\/JK-Moving-Services-international-moving-company-1024x482.png 1024w, https:\/\/moverdb.com\/wp-content\/uploads\/JK-Moving-Services-international-moving-company-18x8.png 18w, https:\/\/moverdb.com\/wp-content\/uploads\/JK-Moving-Services-international-moving-company-600x283.png 600w\" sizes=\"auto, (max-width: 1440px) 100vw, 1440px\" \/><\/p>\n<ul>\n<li>Viet\u0113jie un t\u0101lsatiksmes p\u0101rvadi<\/li>\n<li>Starptautiskie p\u0101rvadi<\/li>\n<li>P\u0101rv\u0101k\u0161an\u0101s uz dz\u012bvojam\u0101m telp\u0101m<\/li>\n<li>Komerci\u0101lie p\u0101rvadi<\/li>\n<li>Pakalpojums \"no durv\u012bm l\u012bdz durv\u012bm<\/li>\n<li>Specializ\u0113ts p\u0101rcel\u0161an\u0101s vad\u012bt\u0101js<\/li>\n<li>Iepako\u0161anas pakalpojums<\/li>\n<li>Kravas p\u0101rvad\u0101jumi ar kravas automa\u0161\u012bn\u0101m, pa dzelzce\u013cu, j\u016bru un gaisu<\/li>\n<li>Muito\u0161ana<\/li>\n<li>Dro\u0161a uzglab\u0101\u0161ana<\/li>\n<\/ul>\n<p>JK Moving Services ir p\u0101rcel\u0161an\u0101s un lo\u0123istikas uz\u0146\u0113mums, kas darbojas jau vair\u0101k nek\u0101 40 gadus, un t\u0101 p\u0101rst\u0101vniec\u012bbas atrodas Sterling\u0101, <a href=\"https:\/\/moverdb.com\/lv\/moving-to-the-united-states\/moving-to-maryland\/\" data-internallinksmanager029f6b8e52c=\"467\" title=\"P\u0101rce\u013caties uz Merilendu? 2024 Dz\u012bves izmaksas un p\u0101rcel\u0161an\u0101s padomi\">Merilenda<\/a> un Va\u0161ington\u0101. Vi\u0146iem ir visaptvero\u0161s glob\u0101ls p\u0101rvieto\u0161an\u0101s t\u012bkls, kas pal\u012bdz sniegt starptautiskus pakalpojumus. Uz\u0146\u0113mums ir IAM biedrs ar 44 gadu pieredzi un ir akredit\u0113ts FIDI.<\/p>\n<p>JK Moving Services pied\u0101v\u0101 \"no durv\u012bm l\u012bdz durv\u012bm\" p\u0101rcel\u0161an\u0101s pakalpojumus dz\u012bvojamiem un komerci\u0101liem klientiem ar \u012bpa\u0161u p\u0101rcel\u0161an\u0101s mened\u017eeri, kas koordin\u0113 visu j\u016bsu lo\u0123istiku. Vi\u0146i nodro\u0161ina profesion\u0101lus, apm\u0101c\u012btus p\u0101rv\u0101c\u0113jus, kas dro\u0161i iesai\u0146os un iekraus j\u016bsu priek\u0161metus un p\u0113c pieg\u0101des tos izkraus un izpakos.<\/p>\n<p>T\u012bmek\u013ca vietne: <a href=\"https:\/\/www.jkmoving.com\/\" target=\"_blank\" rel=\"noopener\">https:\/\/www.jkmoving.com\/<\/a><\/p>\n<h2><span class=\"ez-toc-section\" id=\"4_Laing_International\"><\/span><strong>4. Laing International<\/strong><span class=\"ez-toc-section-end\"><\/span><\/h2>\n<p><img loading=\"lazy\" decoding=\"async\" class=\"alignnone size-full wp-image-11361\" src=\"https:\/\/moverdb.com\/wp-content\/uploads\/Laing-International-moving-company.png\" alt=\"Laing International p\u0101rvietojas uz\u0146\u0113mums\" width=\"1440\" height=\"681\" data-wp-pid=\"11361\" srcset=\"https:\/\/moverdb.com\/wp-content\/uploads\/Laing-International-moving-company.png 1440w, https:\/\/moverdb.com\/wp-content\/uploads\/Laing-International-moving-company-300x142.png 300w, https:\/\/moverdb.com\/wp-content\/uploads\/Laing-International-moving-company-1024x484.png 1024w, https:\/\/moverdb.com\/wp-content\/uploads\/Laing-International-moving-company-18x9.png 18w, https:\/\/moverdb.com\/wp-content\/uploads\/Laing-International-moving-company-600x284.png 600w\" sizes=\"auto, (max-width: 1440px) 100vw, 1440px\" \/><\/p>\n<ul>\n<li>Viet\u0113jie kravu p\u0101rvad\u0101jumu pakalpojumi<\/li>\n<li>Starptautiskie kravu p\u0101rvad\u0101jumi<\/li>\n<li>Atsevi\u0161\u0137as preces<\/li>\n<li>Komerci\u0101l\u0101s preces<\/li>\n<li>S\u016bt\u012bjumu p\u0101rvald\u012bba<\/li>\n<li>Iepako\u0161anas pakalpojums<\/li>\n<li>Crating<\/li>\n<li>Transporta pas\u0101kumi<\/li>\n<li>Muito\u0161ana<\/li>\n<li>Apdro\u0161in\u0101\u0161ana<\/li>\n<\/ul>\n<p>Laing International ir muitas brokeris un <a href=\"https:\/\/moverdb.com\/lv\/freight-forwarder\/\" data-internallinksmanager029f6b8e52c=\"17\" title=\"Starptautisko ekspeditoru un NVOCC starptautisko izmaksu un uz\u0146\u0113mumu ce\u013cvedis\">kravas ekspeditors<\/a> kas atrodas Sterling\u0101 un Merilend\u0101 un tika dibin\u0101ta 1979. gad\u0101. Uz\u0146\u0113mums ir IAM biedrs ar 44 gadu pieredzi, kas tam nodro\u0161ina starptautisku uz\u0146\u0113mumu t\u012bklu, kas sniedz atbalstu pakalpojumu snieg\u0161an\u0101 vis\u0101 pasaul\u0113.<\/p>\n<p>Laing International ir muitas brokeru un kravu ekspeditoru speci\u0101lists, kura m\u0113r\u0137is ir samazin\u0101t kav\u0113\u0161anos un ietaup\u012bt j\u016bsu naudu, p\u0101rvietojot preces viet\u0113j\u0101 vai starptautisk\u0101 m\u0113rog\u0101. Vi\u0146i sniedz viet\u0113jos kravu p\u0101rvad\u0101\u0161anas pakalpojumus un gaisa kravu eksped\u012bcijas pakalpojumus, tostarp dro\u0161i iesai\u0146o un iesai\u0146o j\u016bsu priek\u0161metus, ieskaitot apdro\u0161in\u0101\u0161anu. Vi\u0146i ar\u012b nok\u0101rtos muitas formalit\u0101tes, lai j\u016bsu preces var\u0113tu p\u0101rvietot no vienas valsts uz citu.<\/p>\n<p>T\u012bmek\u013ca vietne: <a href=\"http:\/\/www.lainginternational.com\/\" target=\"_blank\" rel=\"noopener\">http:\/\/www.lainginternational.com\/<\/a><\/p>\n<h2><span class=\"ez-toc-section\" id=\"5_RelogistiX\"><\/span><strong>5. RelogistiX<\/strong><span class=\"ez-toc-section-end\"><\/span><\/h2>\n<p><img loading=\"lazy\" decoding=\"async\" class=\"alignnone size-full wp-image-11663\" src=\"https:\/\/moverdb.com\/wp-content\/uploads\/Relogistix-international-moving-company.png\" alt=\"Relogistix starptautiskais p\u0101rvieto\u0161an\u0101s uz\u0146\u0113mums\" width=\"1440\" height=\"680\" data-wp-pid=\"11663\" srcset=\"https:\/\/moverdb.com\/wp-content\/uploads\/Relogistix-international-moving-company.png 1440w, https:\/\/moverdb.com\/wp-content\/uploads\/Relogistix-international-moving-company-300x142.png 300w, https:\/\/moverdb.com\/wp-content\/uploads\/Relogistix-international-moving-company-1024x484.png 1024w, https:\/\/moverdb.com\/wp-content\/uploads\/Relogistix-international-moving-company-18x9.png 18w, https:\/\/moverdb.com\/wp-content\/uploads\/Relogistix-international-moving-company-600x283.png 600w\" sizes=\"auto, (max-width: 1440px) 100vw, 1440px\" \/><\/p>\n<ul>\n<li>Starptautisk\u0101s p\u0101rvieto\u0161anas<\/li>\n<li>M\u0101jsaimniec\u012bbas p\u0101rv\u0101k\u0161an\u0101s<\/li>\n<li>Pakalpojums \"no durv\u012bm l\u012bdz durv\u012bm<\/li>\n<li>Specializ\u0113ts koordinators<\/li>\n<li>Apsekojums m\u0101j\u0101s<\/li>\n<li>Iepako\u0161anas pakalpojums<\/li>\n<li>Augstas kvalit\u0101tes iepakojuma materi\u0101li<\/li>\n<li>Sauszemes, gaisa un j\u016bras transports<\/li>\n<li>Muito\u0161ana<\/li>\n<li>Izpako\u0161ana un gru\u017eu izve\u0161ana<\/li>\n<\/ul>\n<p>RelogistiX ir p\u0101rcel\u0161an\u0101s un lo\u0123istikas uz\u0146\u0113mums, kas darbojas Sterling\u0101 un Aleksandrij\u0101. Uz\u0146\u0113mums ir IAM biedrs ar 36 gadu pieredzi, kas nodro\u0161ina piek\u013cuvi starptautiskam p\u0101rcel\u0161an\u0101s a\u0123entu t\u012bklam, kas sniedz atbalstu.<\/p>\n<p>RelogistiX pied\u0101v\u0101 bezmaksas konsult\u0101ciju pirms p\u0101rcel\u0161an\u0101s, lai apspriestu j\u016bsu pras\u012bbas, k\u0101 ar\u012b veic apsekojumu un sagatavo pied\u0101v\u0101jumu. Vi\u0146i nodro\u0161in\u0101s izraudz\u012btu koordinatoru, kas b\u016bs j\u016bsu galvenais kontaktpersona p\u0101rcel\u0161an\u0101s laik\u0101. Vi\u0146i izmanto lab\u0101kos starptautiskajiem standartiem atbilsto\u0161os iepakojuma materi\u0101lus un piel\u0101gotas kastes, lai aizsarg\u0101tu j\u016bsu priek\u0161metus. P\u0113c iera\u0161an\u0101s vi\u0146i izkraus un izaicin\u0101s j\u016bsu priek\u0161metus un aizv\u0101ks visus gru\u017eus.<\/p>\n<p>T\u012bmek\u013ca vietne: <a href=\"https:\/\/www.relogistix.net\/\" target=\"_blank\" rel=\"noopener\">https:\/\/www.relogistix.net\/<\/a><\/p>\n<h2><span class=\"ez-toc-section\" id=\"6_Star_Moving_Solutions\"><\/span><strong>6. Star Moving Solutions<\/strong><span class=\"ez-toc-section-end\"><\/span><\/h2>\n<p><img loading=\"lazy\" decoding=\"async\" class=\"alignnone size-full wp-image-5207\" src=\"https:\/\/moverdb.com\/wp-content\/uploads\/Star-Moving-international-moving-company.png\" alt=\"Star Moving starptautisks p\u0101rvietojas uz\u0146\u0113mums\" width=\"1440\" height=\"683\" data-wp-pid=\"5207\" srcset=\"https:\/\/moverdb.com\/wp-content\/uploads\/Star-Moving-international-moving-company.png 1440w, https:\/\/moverdb.com\/wp-content\/uploads\/Star-Moving-international-moving-company-300x142.png 300w, https:\/\/moverdb.com\/wp-content\/uploads\/Star-Moving-international-moving-company-1024x486.png 1024w, https:\/\/moverdb.com\/wp-content\/uploads\/Star-Moving-international-moving-company-18x9.png 18w, https:\/\/moverdb.com\/wp-content\/uploads\/Star-Moving-international-moving-company-600x285.png 600w\" sizes=\"auto, (max-width: 1440px) 100vw, 1440px\" \/><\/p>\n<ul>\n<li>Valsts p\u0101rcel\u0161an\u0101s<\/li>\n<li>Starptautiskie p\u0101rvadi<\/li>\n<li>M\u0101jsaimniec\u012bbas p\u0101rv\u0101k\u0161an\u0101s<\/li>\n<li>Uz\u0146\u0113mumu p\u0101rvieto\u0161ana<\/li>\n<li>Pakalpojums \"no durv\u012bm l\u012bdz durv\u012bm<\/li>\n<li>Iepako\u0161anas pakalpojumi<\/li>\n<li>Transporta pas\u0101kumi<\/li>\n<li>Muitas atbalsts<\/li>\n<li>Izseko\u0161anas sist\u0113mas<\/li>\n<li>Uzglab\u0101\u0161anas risin\u0101jumi<\/li>\n<\/ul>\n<p>Star Moving Solutions ir 1998. gad\u0101 dibin\u0101ts nacion\u0101ls un starptautisks p\u0101rvieto\u0161an\u0101s uz\u0146\u0113mums. Uz\u0146\u0113mums ir Van Line biedrs ar pla\u0161u pasaules m\u0113roga p\u0101rcel\u0161an\u0101s uz\u0146\u0113mumu t\u012bklu, kas sniedz starptautiskus pakalpojumus vair\u0101k nek\u0101 160 valst\u012bs. Uz\u0146\u0113mums ir IAM biedrs ar 25 gadu pieredzi.<\/p>\n<p>Star Moving Solutions pied\u0101v\u0101 apsekojumu m\u0101j\u0101s, lai noteiktu j\u016bsu p\u0101rvieto\u0161an\u0101s apjomu un sniegtu cenu pied\u0101v\u0101jumu. Vi\u0146i nodro\u0161ina vienotu kontaktpunktu, kas jums pal\u012bdz\u0113s vis\u0101 p\u0101rcel\u0161an\u0101s laik\u0101, un vi\u0146iem ir izseko\u0161anas sist\u0113ma, lai uzraudz\u012btu p\u0101rcel\u0161an\u0101s gaitu. Vi\u0146i pied\u0101v\u0101 specializ\u0113tus iepako\u0161anas un iesai\u0146o\u0161anas pakalpojumus \u0101rzemju p\u0101rcel\u0161an\u0101s gad\u012bjum\u0101 un pal\u012bdz\u0113s ar muito\u0161anu.<\/p>\n<p>T\u012bmek\u013ca vietne: <a href=\"https:\/\/starint.com\/\" target=\"_blank\" rel=\"noopener\">https:\/\/starint.com\/<\/a><\/p>","protected":false},"excerpt":{"rendered":"<p>Moving can be a busy time so getting some help can really lighten the load. You can engage a moving company to help with a range of moving tasks including planning your move, packing your items, arranging transport and handling any customs documentation. Below we have compiled a list of Sterling based removal companies that [&hellip;]<\/p>\n","protected":false},"author":4,"featured_media":7421,"parent":190,"menu_order":0,"comment_status":"closed","ping_status":"closed","template":"","meta":{"_genesis_hide_title":false,"_genesis_hide_breadcrumbs":false,"_genesis_hide_singular_image":false,"_genesis_hide_footer_widgets":false,"_genesis_custom_body_class":"","_genesis_custom_post_class":"","_genesis_layout":"","footnotes":""},"class_list":{"0":"post-11661","1":"page","2":"type-page","3":"status-publish","4":"has-post-thumbnail","6":"entry"},"_links":{"self":[{"href":"https:\/\/moverdb.com\/lv\/wp-json\/wp\/v2\/pages\/11661","targetHints":{"allow":["GET"]}}],"collection":[{"href":"https:\/\/moverdb.com\/lv\/wp-json\/wp\/v2\/pages"}],"about":[{"href":"https:\/\/moverdb.com\/lv\/wp-json\/wp\/v2\/types\/page"}],"author":[{"embeddable":true,"href":"https:\/\/moverdb.com\/lv\/wp-json\/wp\/v2\/users\/4"}],"replies":[{"embeddable":true,"href":"https:\/\/moverdb.com\/lv\/wp-json\/wp\/v2\/comments?post=11661"}],"version-history":[{"count":2,"href":"https:\/\/moverdb.com\/lv\/wp-json\/wp\/v2\/pages\/11661\/revisions"}],"predecessor-version":[{"id":11665,"href":"https:\/\/moverdb.com\/lv\/wp-json\/wp\/v2\/pages\/11661\/revisions\/11665"}],"up":[{"embeddable":true,"href":"https:\/\/moverdb.com\/lv\/wp-json\/wp\/v2\/pages\/190"}],"wp:featuredmedia":[{"embeddable":true,"href":"https:\/\/moverdb.com\/lv\/wp-json\/wp\/v2\/media\/7421"}],"wp:attachment":[{"href":"https:\/\/moverdb.com\/lv\/wp-json\/wp\/v2\/media?parent=11661"}],"curies":[{"name":"wp","href":"https:\/\/api.w.org\/{rel}","templated":true}]}}