{"id":11656,"date":"2023-11-29T10:42:35","date_gmt":"2023-11-29T10:42:35","guid":{"rendered":"https:\/\/moverdb.com\/?page_id=11656"},"modified":"2026-01-08T15:24:53","modified_gmt":"2026-01-08T15:24:53","slug":"moving-companies-us-seattle","status":"publish","type":"page","link":"https:\/\/moverdb.com\/lv\/moving-companies\/moving-companies-us-seattle\/","title":{"rendered":"4 Lab\u0101kie starptautisk\u0101s p\u0101rcel\u0161an\u0101s uz\u0146\u0113mumi Sietl\u0101"},"content":{"rendered":"<p>Vai pl\u0101nojat p\u0101rcelties uz vai no <a href=\"https:\/\/moverdb.com\/lv\/moving-to-seattle\/\" data-internallinksmanager029f6b8e52c=\"65\" title=\"P\u0101rcel\u0161an\u0101s uz Sietlu? 2022 Dz\u012bves izmaksas un p\u0101rcel\u0161an\u0101s padomi\">Sietla<\/a>? Tad, izmantojot <a href=\"https:\/\/moverdb.com\/lv\/moving-companies\/\" data-internallinksmanager029f6b8e52c=\"79\" title=\"Top 25 Starptautiskie p\u0101rcel\u0161an\u0101s uz\u0146\u0113mumi tie\u0161saist\u0113\">P\u0101rvieto\u0161an\u0101s uz\u0146\u0113mums<\/a> kas pal\u012bdz\u0113s jums ar iepako\u0161anu, transporta organiz\u0113\u0161anu un muitas formalit\u0101\u0161u k\u0101rto\u0161anu starptautiskiem p\u0101rcel\u0161an\u0101s gad\u012bjumiem, var pal\u012bdz\u0113t vienk\u0101r\u0161ot j\u016bsu p\u0101rcel\u0161anos. Zem\u0101k m\u0113s esam apkopoju\u0161i sarakstu ar Sietl\u0101 b\u0101z\u0113t\u0101m <a href=\"https:\/\/moverdb.com\/lv\/international-removals\/\" data-internallinksmanager029f6b8e52c=\"27\" title=\"36 Lab\u0101kie starptautisko p\u0101rvad\u0101jumu uz\u0146\u0113mumi Apvienotaj\u0101 Karalist\u0113\">p\u0101rv\u0101k\u0161an\u0101s uz\u0146\u0113mumi<\/a> kas ir <a href=\"https:\/\/moverdb.com\/lv\/iam\/\" data-internallinksmanager029f6b8e52c=\"23\" title=\"Starptautisk\u0101s P\u0101rv\u0101c\u0113ju asoci\u0101cijas (IAM) skaidrojumi\">Starptautisk\u0101 P\u0101rv\u0101c\u0113ju asoci\u0101cija<\/a> (IAM) un\/vai <a href=\"https:\/\/moverdb.com\/lv\/fidi-faim\/\" data-internallinksmanager029f6b8e52c=\"16\" title=\"FIDI un FAIM (FIDI akredit\u0113tais starptautiskais p\u0101rvietot\u0101js) skaidrojums\">FIDI<\/a> Akredit\u0113ti starptautiskie p\u0101rv\u0101c\u0113ji (FAIM), kas var\u0113tu jums pal\u012bdz\u0113t p\u0101rcelties.<\/p>\n<div id=\"ez-toc-container\" class=\"ez-toc-v2_0_82_2 ez-toc-wrap-left counter-hierarchy ez-toc-counter ez-toc-transparent ez-toc-container-direction\">\n<div class=\"ez-toc-title-container\">\n<p class=\"ez-toc-title\" style=\"cursor:inherit\">Sada\u013cas<\/p>\n<span class=\"ez-toc-title-toggle\"><a href=\"#\" class=\"ez-toc-pull-right ez-toc-btn ez-toc-btn-xs ez-toc-btn-default ez-toc-toggle\" aria-label=\"P\u0101rsl\u0113gt satura tabulu\"><span class=\"ez-toc-js-icon-con\"><span class=\"\"><span class=\"eztoc-hide\" style=\"display:none;\">P\u0101rsl\u0113gt<\/span><span class=\"ez-toc-icon-toggle-span\"><svg style=\"fill: #999;color:#999\" xmlns=\"http:\/\/www.w3.org\/2000\/svg\" class=\"list-377408\" width=\"20px\" height=\"20px\" viewbox=\"0 0 24 24\" fill=\"none\"><path d=\"M6 6H4v2h2V6zm14 0H8v2h12V6zM4 11h2v2H4v-2zm16 0H8v2h12v-2zM4 16h2v2H4v-2zm16 0H8v2h12v-2z\" fill=\"currentColor\"><\/path><\/svg><svg style=\"fill: #999;color:#999\" class=\"arrow-unsorted-368013\" xmlns=\"http:\/\/www.w3.org\/2000\/svg\" width=\"10px\" height=\"10px\" viewbox=\"0 0 24 24\" version=\"1.2\" baseprofile=\"tiny\"><path d=\"M18.2 9.3l-6.2-6.3-6.2 6.3c-.2.2-.3.4-.3.7s.1.5.3.7c.2.2.4.3.7.3h11c.3 0 .5-.1.7-.3.2-.2.3-.5.3-.7s-.1-.5-.3-.7zM5.8 14.7l6.2 6.3 6.2-6.3c.2-.2.3-.5.3-.7s-.1-.5-.3-.7c-.2-.2-.4-.3-.7-.3h-11c-.3 0-.5.1-.7.3-.2.2-.3.5-.3.7s.1.5.3.7z\"\/><\/svg><\/span><\/span><\/span><\/a><\/span><\/div>\n<nav><ul class='ez-toc-list ez-toc-list-level-1 eztoc-toggle-hide-by-default' ><li class='ez-toc-page-1 ez-toc-heading-level-2'><a class=\"ez-toc-link ez-toc-heading-1\" href=\"https:\/\/moverdb.com\/lv\/moving-companies\/moving-companies-us-seattle\/#1_Mitchell_Moving_Storage\" >1. Mitchell Moving &amp; Storage<\/a><\/li><li class='ez-toc-page-1 ez-toc-heading-level-2'><a class=\"ez-toc-link ez-toc-heading-2\" href=\"https:\/\/moverdb.com\/lv\/moving-companies\/moving-companies-us-seattle\/#2_Pioneer_Van_Lines\" >2. Pioneer Van Lines<\/a><\/li><li class='ez-toc-page-1 ez-toc-heading-level-2'><a class=\"ez-toc-link ez-toc-heading-3\" href=\"https:\/\/moverdb.com\/lv\/moving-companies\/moving-companies-us-seattle\/#3_Rainier_Overseas_Movers\" >3. Rainier Overseas Movers<\/a><\/li><li class='ez-toc-page-1 ez-toc-heading-level-2'><a class=\"ez-toc-link ez-toc-heading-4\" href=\"https:\/\/moverdb.com\/lv\/moving-companies\/moving-companies-us-seattle\/#4_True_North\" >4. Patiesie zieme\u013ci<\/a><\/li><\/ul><\/nav><\/div>\n<h2><span class=\"ez-toc-section\" id=\"1_Mitchell_Moving_Storage\"><\/span><strong>1. Mitchell Moving &amp; Storage<\/strong><span class=\"ez-toc-section-end\"><\/span><\/h2>\n<p><img loading=\"lazy\" decoding=\"async\" class=\"alignnone size-full wp-image-11380\" src=\"https:\/\/moverdb.com\/wp-content\/uploads\/Mitchell-Moving-Storage-international-moving-company.png\" alt=\"Mitchell Moving &amp; Storage starptautisks p\u0101rvieto\u0161an\u0101s uz\u0146\u0113mums\" width=\"1440\" height=\"680\" data-wp-pid=\"11380\" srcset=\"https:\/\/moverdb.com\/wp-content\/uploads\/Mitchell-Moving-Storage-international-moving-company.png 1440w, https:\/\/moverdb.com\/wp-content\/uploads\/Mitchell-Moving-Storage-international-moving-company-300x142.png 300w, https:\/\/moverdb.com\/wp-content\/uploads\/Mitchell-Moving-Storage-international-moving-company-1024x484.png 1024w, https:\/\/moverdb.com\/wp-content\/uploads\/Mitchell-Moving-Storage-international-moving-company-18x9.png 18w, https:\/\/moverdb.com\/wp-content\/uploads\/Mitchell-Moving-Storage-international-moving-company-600x283.png 600w\" sizes=\"auto, (max-width: 1440px) 100vw, 1440px\" \/><\/p>\n<ul>\n<li>Viet\u0113jie un starpvalstu p\u0101rvadi<\/li>\n<li>Starptautiskie p\u0101rvadi<\/li>\n<li>M\u0101jsaimniec\u012bbas p\u0101rv\u0101k\u0161an\u0101s<\/li>\n<li>Uz\u0146\u0113mumu p\u0101rvieto\u0161ana<\/li>\n<li>P\u0101rvieto\u0161anas apsekojums<\/li>\n<li>Personaliz\u0113t\u0101 apl\u0113se<\/li>\n<li>Iepako\u0161anas pakalpojums<\/li>\n<li>Transporta pas\u0101kumi<\/li>\n<li>Muitas starpniec\u012bba<\/li>\n<li>Dro\u0161a uzglab\u0101\u0161ana<\/li>\n<\/ul>\n<p>Mitchell Moving &amp; Storage ir p\u0101rvieto\u0161an\u0101s uz\u0146\u0113mums ar vair\u0101k nek\u0101 60 gadu pieredzi, kas atrodas Sietl\u0101. Uz\u0146\u0113mums ir da\u013ca no Atlas Van Lines p\u0101rcel\u0161an\u0101s uz\u0146\u0113mumu grupas, kurai ir 350 p\u0101rcel\u0161an\u0101s uz\u0146\u0113mumu t\u012bkls vis\u0101 vis\u0101 pasaul\u0113. <a href=\"https:\/\/moverdb.com\/lv\/moving-to-the-united-states\/\" data-internallinksmanager029f6b8e52c=\"94\" title=\"P\u0101rce\u013caties uz Amerikas Savienotaj\u0101m Valst\u012bm? 2022 Dz\u012bves izmaksas un p\u0101rcel\u0161an\u0101s padomi\">ASV<\/a> un piek\u013cuvi pasaules m\u0113roga t\u012bklam. Uz\u0146\u0113mums ir IAM biedrs ar 70 gadu pieredzi.<\/p>\n<p>Mitchell Moving &amp; Storage pied\u0101v\u0101 viet\u0113jos, starpvalstu un starptautiskos p\u0101rcel\u0161an\u0101s pakalpojumus, kas s\u0101kas ar p\u0101rcel\u0161an\u0101s apsekojumu, lai noteiktu j\u016bsu p\u0101rcel\u0161an\u0101s pras\u012bbas un sast\u0101d\u012btu individu\u0101lu t\u0101mi. Vi\u0146i sniedz starptautiskajiem noteikumiem atbilsto\u0161u iepako\u0161anas pakalpojumu un nodro\u0161in\u0101s izmaksu zi\u0146\u0101 izdev\u012bgu transportu uz galam\u0113r\u0137i, ieskaitot muitas starpniec\u012bbu.<\/p>\n<p>T\u012bmek\u013ca vietne: <a href=\"https:\/\/www.mitchellmoving.com\/\" target=\"_blank\" rel=\"noopener\">https:\/\/www.mitchellmoving.com\/<\/a><\/p>\n<h2><span class=\"ez-toc-section\" id=\"2_Pioneer_Van_Lines\"><\/span><strong>2. Pioneer Van Lines<\/strong><span class=\"ez-toc-section-end\"><\/span><\/h2>\n<p><img loading=\"lazy\" decoding=\"async\" class=\"alignnone size-full wp-image-11409\" src=\"https:\/\/moverdb.com\/wp-content\/uploads\/Pioneer-Van-Lines-international-moving-company.png\" alt=\"Pioneer Van Lines starptautiskais p\u0101rvieto\u0161an\u0101s uz\u0146\u0113mums\" width=\"1440\" height=\"659\" data-wp-pid=\"11409\" srcset=\"https:\/\/moverdb.com\/wp-content\/uploads\/Pioneer-Van-Lines-international-moving-company.png 1440w, https:\/\/moverdb.com\/wp-content\/uploads\/Pioneer-Van-Lines-international-moving-company-300x137.png 300w, https:\/\/moverdb.com\/wp-content\/uploads\/Pioneer-Van-Lines-international-moving-company-1024x469.png 1024w, https:\/\/moverdb.com\/wp-content\/uploads\/Pioneer-Van-Lines-international-moving-company-18x8.png 18w, https:\/\/moverdb.com\/wp-content\/uploads\/Pioneer-Van-Lines-international-moving-company-600x275.png 600w\" sizes=\"auto, (max-width: 1440px) 100vw, 1440px\" \/><\/p>\n<ul>\n<li>Valsts p\u0101rcel\u0161an\u0101s<\/li>\n<li>Starptautiskie p\u0101rvadi<\/li>\n<li>Milit\u0101rie so\u013ci<\/li>\n<li>Pakalpojums \"no durv\u012bm l\u012bdz durv\u012bm<\/li>\n<li>Transporta organiz\u0113\u0161ana<\/li>\n<li>Muito\u0161ana<\/li>\n<li>S\u016bt\u012bjumu izseko\u0161ana<\/li>\n<li>Transportl\u012bdzek\u013cu transport\u0113\u0161ana<\/li>\n<li>Apdro\u0161in\u0101\u0161ana<\/li>\n<li>Uzglab\u0101\u0161anas iek\u0101rtas<\/li>\n<\/ul>\n<p>Pioneer Van Lines ir specializ\u0113ts p\u0101rcel\u0161an\u0101s uz\u0146\u0113mums, kas r\u016bp\u0113jas par milit\u0101raj\u0101m \u0123imen\u0113m, kuras p\u0101rvietojas ASV un starptautisk\u0101 m\u0113rog\u0101. Izmantojot savus starptautiskos t\u012bklus, uz\u0146\u0113mums sniedz starptautisk\u0101s p\u0101rcel\u0161an\u0101s pakalpojumus vair\u0101k nek\u0101 90 valst\u012bs. Uz\u0146\u0113mums ir IAM biedrs ar 45 gadu pieredzi.<\/p>\n<p>Pioneer Van Lines nodro\u0161ina pieredz\u0113ju\u0161us transporta konsultantus, kas vad\u012bs j\u016bsu p\u0101rcel\u0161anos no durv\u012bm l\u012bdz durv\u012bm. Vi\u0146i pal\u012bdz\u0113s jums vad\u012bt p\u0101rcel\u0161anos un nodro\u0161in\u0101s, lai j\u016bsu mantas atbilstu starptautisko robe\u017eu p\u0101rvad\u0101\u0161anas noteikumiem, k\u0101 ar\u012b nodro\u0161in\u0101s muitas formalit\u0101\u0161u k\u0101rto\u0161anu. Vi\u0146i var pal\u012bdz\u0113t ar\u012b ar papildu pakalpojumiem, kas var ietvert transportl\u012bdzek\u013cu transport\u0113\u0161anu, apdro\u0161in\u0101\u0161anu un uzglab\u0101\u0161anu.<\/p>\n<p>T\u012bmek\u013ca vietne: <a href=\"http:\/\/www.pvln.com\/\" target=\"_blank\" rel=\"noopener\">http:\/\/www.pvln.com\/<\/a><\/p>\n<h2><span class=\"ez-toc-section\" id=\"3_Rainier_Overseas_Movers\"><\/span><strong>3. Rainier Overseas Movers<\/strong><span class=\"ez-toc-section-end\"><\/span><\/h2>\n<p><img loading=\"lazy\" decoding=\"async\" class=\"alignnone size-full wp-image-11417\" src=\"https:\/\/moverdb.com\/wp-content\/uploads\/Rainier-Overseas-Movers-international-moving-company.png\" alt=\"Rainier Overseas Movers starptautiskais p\u0101rcel\u0161an\u0101s uz\u0146\u0113mums\" width=\"1440\" height=\"681\" data-wp-pid=\"11417\" srcset=\"https:\/\/moverdb.com\/wp-content\/uploads\/Rainier-Overseas-Movers-international-moving-company.png 1440w, https:\/\/moverdb.com\/wp-content\/uploads\/Rainier-Overseas-Movers-international-moving-company-300x142.png 300w, https:\/\/moverdb.com\/wp-content\/uploads\/Rainier-Overseas-Movers-international-moving-company-1024x484.png 1024w, https:\/\/moverdb.com\/wp-content\/uploads\/Rainier-Overseas-Movers-international-moving-company-18x9.png 18w, https:\/\/moverdb.com\/wp-content\/uploads\/Rainier-Overseas-Movers-international-moving-company-600x284.png 600w\" sizes=\"auto, (max-width: 1440px) 100vw, 1440px\" \/><\/p>\n<ul>\n<li>Valsts p\u0101rcel\u0161an\u0101s<\/li>\n<li>Starptautiskie p\u0101rvadi<\/li>\n<li>M\u0101jsaimniec\u012bbas p\u0101rv\u0101k\u0161an\u0101s<\/li>\n<li>Pakalpojums \"no durv\u012bm l\u012bdz durv\u012bm<\/li>\n<li>Iepako\u0161anas pakalpojums<\/li>\n<li>Kravas, gaisa vai j\u016bras transports<\/li>\n<li>Konteineru iesp\u0113ju izv\u0113le<\/li>\n<li>Muito\u0161ana<\/li>\n<li>Apdro\u0161in\u0101\u0161ana<\/li>\n<li>Uzglab\u0101\u0161anas iek\u0101rtas<\/li>\n<\/ul>\n<p>Rainier Overseas Movers ir 1979. gad\u0101 dibin\u0101ts starptautisku p\u0101rcel\u0161an\u0101s pakalpojumu sniedz\u0113ju t\u012bkls, kas darbojas vis\u0101 valst\u012b. Uz\u0146\u0113mumam ir izveidots p\u0101rcel\u0161an\u0101s a\u0123entu t\u012bkls, kas sniedz starptautiskus un valsts m\u0113roga pakalpojumus. Vi\u0146i ir IAM biedri ar 36 gadu pieredzi.<\/p>\n<p>Rainier Overseas Movers pied\u0101v\u0101 \"no durv\u012bm l\u012bdz durv\u012bm\" p\u0101rcel\u0161an\u0101s pakalpojumus, kas pal\u012bdz\u0113s jums atrast rentablus p\u0101rcel\u0161an\u0101s risin\u0101jumus, kuri s\u0101kas ar apr\u0113\u0137inu m\u0101j\u0101s. Vi\u0146i sniedz iepako\u0161anas pakalpojumus, lai aizsarg\u0101tu j\u016bsu mantas p\u0101rvad\u0101\u0161anas laik\u0101, un organiz\u0113 transport\u0113\u0161anu uz gandr\u012bz jebkuru galam\u0113r\u0137i ar kravas automa\u0161\u012bnu, pa gaisu vai j\u016bru ar muito\u0161anu.<\/p>\n<p>T\u012bmek\u013ca vietne: <a href=\"https:\/\/www.rainieros.com\/\" target=\"_blank\" rel=\"noopener\">https:\/\/www.rainieros.com\/<\/a><\/p>\n<h2><span class=\"ez-toc-section\" id=\"4_True_North\"><\/span><strong>4. Patiesie zieme\u013ci<\/strong><span class=\"ez-toc-section-end\"><\/span><\/h2>\n<p><img loading=\"lazy\" decoding=\"async\" class=\"alignnone size-full wp-image-11463\" src=\"https:\/\/moverdb.com\/wp-content\/uploads\/True-North-international-moving-company.png\" alt=\"True North starptautiskais p\u0101rcel\u0161an\u0101s uz\u0146\u0113mums\" width=\"1440\" height=\"680\" data-wp-pid=\"11463\" srcset=\"https:\/\/moverdb.com\/wp-content\/uploads\/True-North-international-moving-company.png 1440w, https:\/\/moverdb.com\/wp-content\/uploads\/True-North-international-moving-company-300x142.png 300w, https:\/\/moverdb.com\/wp-content\/uploads\/True-North-international-moving-company-1024x484.png 1024w, https:\/\/moverdb.com\/wp-content\/uploads\/True-North-international-moving-company-18x9.png 18w, https:\/\/moverdb.com\/wp-content\/uploads\/True-North-international-moving-company-600x283.png 600w\" sizes=\"auto, (max-width: 1440px) 100vw, 1440px\" \/><\/p>\n<ul>\n<li>Starptautiskie p\u0101rvadi<\/li>\n<li>M\u0101jsaimniec\u012bbas p\u0101rv\u0101k\u0161an\u0101s<\/li>\n<li>Individualiz\u0113ts pakalpojums<\/li>\n<li>Iepako\u0161anas pakalpojums<\/li>\n<li>Transporta pas\u0101kumi<\/li>\n<li>Vad\u012bbas programmat\u016bra<\/li>\n<li>Muito\u0161ana<\/li>\n<li>Transportl\u012bdzek\u013cu transport\u0113\u0161ana<\/li>\n<li>Apdro\u0161in\u0101\u0161ana<\/li>\n<li>Uzglab\u0101\u0161anas risin\u0101jumi<\/li>\n<\/ul>\n<p>True North ir 2004. gad\u0101 dibin\u0101ts \u0101rzemju p\u0101rcel\u0161an\u0101s uz\u0146\u0113mums, kas atrodas Sietl\u0101. Uz\u0146\u0113mumam ir augsti apm\u0101c\u012bti konsultanti un p\u0101rbaud\u012bts ilgtermi\u0146a partneru t\u012bkls, kas darbojas vis\u0101 pasaul\u0113, lai atbalst\u012btu starptautisko p\u0101rcel\u0161anos. Uz\u0146\u0113mums ir IAM biedrs ar 19 gadu pieredzi.<\/p>\n<p>True North specializ\u0113jas starptautiskajos p\u0101rvad\u0101jumos un sniedz konsultat\u012bvu atbalstu, lai pal\u012bdz\u0113tu jums orient\u0113ties glob\u0101lo p\u0101rvad\u0101jumu sare\u017e\u0123\u012btajos jaut\u0101jumos. Vi\u0146i nodro\u0161in\u0101s, lai j\u016bs b\u016btu piln\u012bb\u0101 inform\u0113ts un j\u016bs var\u0113tu pie\u0146emt pareizos l\u0113mumus. Vi\u0146i jums nodro\u0161in\u0101s j\u016bsu vajadz\u012bb\u0101m piel\u0101gotu p\u0101rcel\u0161an\u0101s pl\u0101nu, un vi\u0146i izmanto programmat\u016bru, lai pal\u012bdz\u0113tu p\u0101rvald\u012bt j\u016bsu p\u0101rcel\u0161anos.<\/p>\n<p>T\u012bmek\u013ca vietne: <a href=\"https:\/\/www.truenorthrelocation.com\/\" target=\"_blank\" rel=\"noopener\">https:\/\/www.truenorthrelocation.com\/<\/a><\/p>","protected":false},"excerpt":{"rendered":"<p>Are you planning a move to or from Seattle? Then employing a moving company to help you with packing, arranging transport and handling customs for international moves can assist in making your move simpler. Below we have compiled a list of Seattle based removal companies that are members of the International Association of Movers (IAM) [&hellip;]<\/p>\n","protected":false},"author":4,"featured_media":11380,"parent":190,"menu_order":0,"comment_status":"closed","ping_status":"closed","template":"","meta":{"_genesis_hide_title":false,"_genesis_hide_breadcrumbs":false,"_genesis_hide_singular_image":false,"_genesis_hide_footer_widgets":false,"_genesis_custom_body_class":"","_genesis_custom_post_class":"","_genesis_layout":"","footnotes":""},"class_list":{"0":"post-11656","1":"page","2":"type-page","3":"status-publish","4":"has-post-thumbnail","6":"entry"},"_links":{"self":[{"href":"https:\/\/moverdb.com\/lv\/wp-json\/wp\/v2\/pages\/11656","targetHints":{"allow":["GET"]}}],"collection":[{"href":"https:\/\/moverdb.com\/lv\/wp-json\/wp\/v2\/pages"}],"about":[{"href":"https:\/\/moverdb.com\/lv\/wp-json\/wp\/v2\/types\/page"}],"author":[{"embeddable":true,"href":"https:\/\/moverdb.com\/lv\/wp-json\/wp\/v2\/users\/4"}],"replies":[{"embeddable":true,"href":"https:\/\/moverdb.com\/lv\/wp-json\/wp\/v2\/comments?post=11656"}],"version-history":[{"count":2,"href":"https:\/\/moverdb.com\/lv\/wp-json\/wp\/v2\/pages\/11656\/revisions"}],"predecessor-version":[{"id":11658,"href":"https:\/\/moverdb.com\/lv\/wp-json\/wp\/v2\/pages\/11656\/revisions\/11658"}],"up":[{"embeddable":true,"href":"https:\/\/moverdb.com\/lv\/wp-json\/wp\/v2\/pages\/190"}],"wp:featuredmedia":[{"embeddable":true,"href":"https:\/\/moverdb.com\/lv\/wp-json\/wp\/v2\/media\/11380"}],"wp:attachment":[{"href":"https:\/\/moverdb.com\/lv\/wp-json\/wp\/v2\/media?parent=11656"}],"curies":[{"name":"wp","href":"https:\/\/api.w.org\/{rel}","templated":true}]}}