{"id":11654,"date":"2023-11-29T10:37:27","date_gmt":"2023-11-29T10:37:27","guid":{"rendered":"https:\/\/moverdb.com\/?page_id=11654"},"modified":"2026-01-08T15:24:52","modified_gmt":"2026-01-08T15:24:52","slug":"moving-companies-us-san-diego","status":"publish","type":"page","link":"https:\/\/moverdb.com\/lv\/moving-companies\/moving-companies-us-san-diego\/","title":{"rendered":"4 Lab\u0101kie starptautisk\u0101s p\u0101rcel\u0161an\u0101s uz\u0146\u0113mumi San Diego"},"content":{"rendered":"<p>P\u0101rv\u0101k\u0161an\u0101s var b\u016bt stresaina, jo ir daudz lietu, par kur\u0101m ir j\u0101dom\u0101 un kuras ir j\u0101risina, t\u0101p\u0113c, sa\u0146emot pal\u012bdz\u012bbu no a <a href=\"https:\/\/moverdb.com\/lv\/moving-companies\/\" data-internallinksmanager029f6b8e52c=\"79\" title=\"Top 25 Starptautiskie p\u0101rcel\u0161an\u0101s uz\u0146\u0113mumi tie\u0161saist\u0113\">P\u0101rvieto\u0161an\u0101s uz\u0146\u0113mums<\/a> patie\u0161\u0101m var kaut ko main\u012bt. J\u016bs varat piesaist\u012bt p\u0101rcel\u0161an\u0101s uz\u0146\u0113mumu, kas pl\u0101no un organiz\u0113 j\u016bsu p\u0101rcel\u0161anos, iepako un izpako, k\u0101 ar\u012b k\u0101rto muitas proced\u016bras starptautiskiem p\u0101rcel\u0161an\u0101s gad\u012bjumiem. Zem\u0101k m\u0113s esam apkopoju\u0161i sarakstu ar San Diego b\u0101z\u0113tu <a href=\"https:\/\/moverdb.com\/lv\/international-removals\/\" data-internallinksmanager029f6b8e52c=\"27\" title=\"36 Lab\u0101kie starptautisko p\u0101rvad\u0101jumu uz\u0146\u0113mumi Apvienotaj\u0101 Karalist\u0113\">p\u0101rv\u0101k\u0161an\u0101s uz\u0146\u0113mumi<\/a> kas ir <a href=\"https:\/\/moverdb.com\/lv\/iam\/\" data-internallinksmanager029f6b8e52c=\"23\" title=\"Starptautisk\u0101s P\u0101rv\u0101c\u0113ju asoci\u0101cijas (IAM) skaidrojumi\">Starptautisk\u0101 P\u0101rv\u0101c\u0113ju asoci\u0101cija<\/a> (IAM) un\/vai <a href=\"https:\/\/moverdb.com\/lv\/fidi-faim\/\" data-internallinksmanager029f6b8e52c=\"16\" title=\"FIDI un FAIM (FIDI akredit\u0113tais starptautiskais p\u0101rvietot\u0101js) skaidrojums\">FIDI<\/a> Akredit\u0113ti starptautiskie p\u0101rv\u0101c\u0113ji (FAIM), kas var\u0113tu jums pal\u012bdz\u0113t p\u0101rcelties.<\/p>\n<div id=\"ez-toc-container\" class=\"ez-toc-v2_0_82_2 ez-toc-wrap-left counter-hierarchy ez-toc-counter ez-toc-transparent ez-toc-container-direction\">\n<div class=\"ez-toc-title-container\">\n<p class=\"ez-toc-title\" style=\"cursor:inherit\">Sada\u013cas<\/p>\n<span class=\"ez-toc-title-toggle\"><a href=\"#\" class=\"ez-toc-pull-right ez-toc-btn ez-toc-btn-xs ez-toc-btn-default ez-toc-toggle\" aria-label=\"P\u0101rsl\u0113gt satura tabulu\"><span class=\"ez-toc-js-icon-con\"><span class=\"\"><span class=\"eztoc-hide\" style=\"display:none;\">P\u0101rsl\u0113gt<\/span><span class=\"ez-toc-icon-toggle-span\"><svg style=\"fill: #999;color:#999\" xmlns=\"http:\/\/www.w3.org\/2000\/svg\" class=\"list-377408\" width=\"20px\" height=\"20px\" viewbox=\"0 0 24 24\" fill=\"none\"><path d=\"M6 6H4v2h2V6zm14 0H8v2h12V6zM4 11h2v2H4v-2zm16 0H8v2h12v-2zM4 16h2v2H4v-2zm16 0H8v2h12v-2z\" fill=\"currentColor\"><\/path><\/svg><svg style=\"fill: #999;color:#999\" class=\"arrow-unsorted-368013\" xmlns=\"http:\/\/www.w3.org\/2000\/svg\" width=\"10px\" height=\"10px\" viewbox=\"0 0 24 24\" version=\"1.2\" baseprofile=\"tiny\"><path d=\"M18.2 9.3l-6.2-6.3-6.2 6.3c-.2.2-.3.4-.3.7s.1.5.3.7c.2.2.4.3.7.3h11c.3 0 .5-.1.7-.3.2-.2.3-.5.3-.7s-.1-.5-.3-.7zM5.8 14.7l6.2 6.3 6.2-6.3c.2-.2.3-.5.3-.7s-.1-.5-.3-.7c-.2-.2-.4-.3-.7-.3h-11c-.3 0-.5.1-.7.3-.2.2-.3.5-.3.7s.1.5.3.7z\"\/><\/svg><\/span><\/span><\/span><\/a><\/span><\/div>\n<nav><ul class='ez-toc-list ez-toc-list-level-1 eztoc-toggle-hide-by-default' ><li class='ez-toc-page-1 ez-toc-heading-level-2'><a class=\"ez-toc-link ez-toc-heading-1\" href=\"https:\/\/moverdb.com\/lv\/moving-companies\/moving-companies-us-san-diego\/#1_ACE_Relocation_Systems\" >1. ACE p\u0101rvieto\u0161anas sist\u0113mas<\/a><\/li><li class='ez-toc-page-1 ez-toc-heading-level-2'><a class=\"ez-toc-link ez-toc-heading-2\" href=\"https:\/\/moverdb.com\/lv\/moving-companies\/moving-companies-us-san-diego\/#2_DeWitt_Move_Worldwide\" >2. DeWitt Move Worldwide<\/a><\/li><li class='ez-toc-page-1 ez-toc-heading-level-2'><a class=\"ez-toc-link ez-toc-heading-3\" href=\"https:\/\/moverdb.com\/lv\/moving-companies\/moving-companies-us-san-diego\/#3_Johnson_Storage_Moving\" >3. Johnson Storage &amp; Moving<\/a><\/li><li class='ez-toc-page-1 ez-toc-heading-level-2'><a class=\"ez-toc-link ez-toc-heading-4\" href=\"https:\/\/moverdb.com\/lv\/moving-companies\/moving-companies-us-san-diego\/#4_Sullivan_Moving_Storage\" >4. Sullivan Moving &amp; Storage<\/a><\/li><\/ul><\/nav><\/div>\n<h2><span class=\"ez-toc-section\" id=\"1_ACE_Relocation_Systems\"><\/span><strong>1. ACE p\u0101rvieto\u0161anas sist\u0113mas<\/strong><span class=\"ez-toc-section-end\"><\/span><\/h2>\n<p><img loading=\"lazy\" decoding=\"async\" class=\"alignnone size-full wp-image-11240\" src=\"https:\/\/moverdb.com\/wp-content\/uploads\/ACE-Relocation-Systems-international-moving-company.png\" alt=\"ACE Relocation Systems starptautisks p\u0101rvieto\u0161an\u0101s uz\u0146\u0113mums\" width=\"1440\" height=\"680\" data-wp-pid=\"11240\" srcset=\"https:\/\/moverdb.com\/wp-content\/uploads\/ACE-Relocation-Systems-international-moving-company.png 1440w, https:\/\/moverdb.com\/wp-content\/uploads\/ACE-Relocation-Systems-international-moving-company-300x142.png 300w, https:\/\/moverdb.com\/wp-content\/uploads\/ACE-Relocation-Systems-international-moving-company-1024x484.png 1024w, https:\/\/moverdb.com\/wp-content\/uploads\/ACE-Relocation-Systems-international-moving-company-18x9.png 18w, https:\/\/moverdb.com\/wp-content\/uploads\/ACE-Relocation-Systems-international-moving-company-600x283.png 600w\" sizes=\"auto, (max-width: 1440px) 100vw, 1440px\" \/><\/p>\n<ul>\n<li>Viet\u0113jie un t\u0101lsatiksmes p\u0101rvadi<\/li>\n<li>Starptautiskie p\u0101rvadi<\/li>\n<li>P\u0101rv\u0101k\u0161an\u0101s uz dz\u012bvojam\u0101m telp\u0101m<\/li>\n<li>Uz\u0146\u0113m\u0113jdarb\u012bbas virzieni<\/li>\n<li>Uz\u0146\u0113mumu p\u0101rvieto\u0161ana<\/li>\n<li>Iepakojuma iesp\u0113ju kl\u0101sts<\/li>\n<li>Transporta pas\u0101kumi<\/li>\n<li>Transportl\u012bdzek\u013cu transport\u0113\u0161ana<\/li>\n<li>Apdro\u0161in\u0101\u0161ana<\/li>\n<li>Dro\u0161a \u012bstermi\u0146a un ilgtermi\u0146a uzglab\u0101\u0161ana<\/li>\n<\/ul>\n<p>ACE Relocation Systems ir 1985. gad\u0101 dibin\u0101ts p\u0101rvieto\u0161anas, noliktavu un izplat\u012b\u0161anas uz\u0146\u0113mums, kura galven\u0101 m\u012btne atrodas San Diego un v\u0113l devi\u0146\u0101s cit\u0101s viet\u0101s. <a href=\"https:\/\/moverdb.com\/lv\/moving-to-the-united-states\/\" data-internallinksmanager029f6b8e52c=\"94\" title=\"P\u0101rce\u013caties uz Amerikas Savienotaj\u0101m Valst\u012bm? 2022 Dz\u012bves izmaksas un p\u0101rcel\u0161an\u0101s padomi\">ASV<\/a>. Vi\u0146i ir Atlas Van Lines a\u0123enti, kas vi\u0146iem nodro\u0161ina piek\u013cuvi glob\u0101lam a\u0123entu t\u012bklam. Vi\u0146i ir IAM biedri ar 55 gadu pieredzi.<\/p>\n<p>ACE Relocation Systems pied\u0101v\u0101 piel\u0101gotus p\u0101rcel\u0161an\u0101s pakalpojumus, kas ietver gan visaptvero\u0161us iepako\u0161anas un izpako\u0161anas pakalpojumus, gan da\u013c\u0113jas iepako\u0161anas un tikai transport\u0113\u0161anas iesp\u0113jas. Vi\u0146i organiz\u0113s gaisa vai konteineru p\u0101rvad\u0101jumus ar apdro\u0161in\u0101\u0161anu j\u016bsu mant\u0101m p\u0101rvad\u0101\u0161anas laik\u0101. Vi\u0146i var ar\u012b organiz\u0113t da\u017e\u0101du transportl\u012bdzek\u013cu, tostarp automa\u0161\u012bnu un laivu, transport\u0113\u0161anu.<\/p>\n<p>T\u012bmek\u013ca vietne: <a href=\"https:\/\/www.acerelocation.com\/\" target=\"_blank\" rel=\"noopener\">https:\/\/www.acerelocation.com\/<\/a><\/p>\n<h2><span class=\"ez-toc-section\" id=\"2_DeWitt_Move_Worldwide\"><\/span><strong>2. DeWitt Move Worldwide<\/strong><span class=\"ez-toc-section-end\"><\/span><\/h2>\n<p><img loading=\"lazy\" decoding=\"async\" class=\"alignnone size-full wp-image-11306\" src=\"https:\/\/moverdb.com\/wp-content\/uploads\/DeWitt-Move-Worldwide-international-moving-company.png\" alt=\"DeWitt Move Worldwide starptautisks p\u0101rcel\u0161an\u0101s uz\u0146\u0113mums\" width=\"1440\" height=\"676\" data-wp-pid=\"11306\" srcset=\"https:\/\/moverdb.com\/wp-content\/uploads\/DeWitt-Move-Worldwide-international-moving-company.png 1440w, https:\/\/moverdb.com\/wp-content\/uploads\/DeWitt-Move-Worldwide-international-moving-company-300x141.png 300w, https:\/\/moverdb.com\/wp-content\/uploads\/DeWitt-Move-Worldwide-international-moving-company-1024x481.png 1024w, https:\/\/moverdb.com\/wp-content\/uploads\/DeWitt-Move-Worldwide-international-moving-company-18x8.png 18w, https:\/\/moverdb.com\/wp-content\/uploads\/DeWitt-Move-Worldwide-international-moving-company-600x282.png 600w\" sizes=\"auto, (max-width: 1440px) 100vw, 1440px\" \/><\/p>\n<ul>\n<li>Valsts p\u0101rcel\u0161an\u0101s<\/li>\n<li>Starptautiskie p\u0101rvadi<\/li>\n<li>P\u0101rv\u0101k\u0161an\u0101s uz dz\u012bvojam\u0101m telp\u0101m<\/li>\n<li>Uz\u0146\u0113mumu p\u0101rvieto\u0161ana<\/li>\n<li>Piel\u0101gots p\u0101rvieto\u0161an\u0101s pl\u0101ns<\/li>\n<li>Iepako\u0161anas pakalpojums<\/li>\n<li>Muito\u0161ana<\/li>\n<li>M\u0101kslas darbu apstr\u0101de<\/li>\n<li>Transportl\u012bdzek\u013cu transport\u0113\u0161ana<\/li>\n<li>Uzglab\u0101\u0161anas iek\u0101rtas<\/li>\n<\/ul>\n<p>DeWitt Move Worldwide ir 1927. gad\u0101 dibin\u0101ts p\u0101rcel\u0161an\u0101s pakalpojumu uz\u0146\u0113mums, kas ir da\u013ca no The DeWitt Companies un atrodas San Diego. Uz\u0146\u0113mums darbojas vair\u0101k nek\u0101 100 valst\u012bs, izmantojot savus m\u0101sas uz\u0146\u0113mumus, un tam ir p\u0101rbaud\u012btu starptautisko partneru t\u012bkls. Uz\u0146\u0113mums ir IAM biedrs ar 96 gadu pieredzi.<\/p>\n<p>DeWitt Move Worldwide pied\u0101v\u0101 kl\u0101tienes vai virtu\u0101lo pirmsp\u0101rv\u0101k\u0161an\u0101s aptauju, lai nov\u0113rt\u0113tu j\u016bsu p\u0101rv\u0101k\u0161an\u0101s pras\u012bbas, un nodro\u0161ina DeWitt Move Worldwide ekspertu, kas vad\u012bs j\u016bsu p\u0101rv\u0101k\u0161anos. Vi\u0146i sadarbosies ar jums, lai noteiktu lab\u0101k\u0101s p\u0101rcel\u0161an\u0101s iesp\u0113jas un izveidotu j\u016bsu bud\u017eetam piel\u0101gotu p\u0101rcel\u0161an\u0101s pl\u0101nu.<\/p>\n<p>T\u012bmek\u013ca vietne: <a href=\"https:\/\/www.dewittmove.com\" target=\"_blank\" rel=\"noopener\">https:\/\/www.dewittmove.com<\/a><\/p>\n<h2><span class=\"ez-toc-section\" id=\"3_Johnson_Storage_Moving\"><\/span><strong>3. Johnson Storage &amp; Moving<\/strong><span class=\"ez-toc-section-end\"><\/span><\/h2>\n<p><img loading=\"lazy\" decoding=\"async\" class=\"alignnone size-full wp-image-11356\" src=\"https:\/\/moverdb.com\/wp-content\/uploads\/Johnson-Storage-Moving-international-moving-company.png\" alt=\"Johnson Storage &amp; P\u0101rvieto\u0161an\u0101s starptautiskais p\u0101rvieto\u0161an\u0101s uz\u0146\u0113mums\" width=\"1440\" height=\"677\" data-wp-pid=\"11356\" srcset=\"https:\/\/moverdb.com\/wp-content\/uploads\/Johnson-Storage-Moving-international-moving-company.png 1440w, https:\/\/moverdb.com\/wp-content\/uploads\/Johnson-Storage-Moving-international-moving-company-300x141.png 300w, https:\/\/moverdb.com\/wp-content\/uploads\/Johnson-Storage-Moving-international-moving-company-1024x481.png 1024w, https:\/\/moverdb.com\/wp-content\/uploads\/Johnson-Storage-Moving-international-moving-company-18x8.png 18w, https:\/\/moverdb.com\/wp-content\/uploads\/Johnson-Storage-Moving-international-moving-company-600x282.png 600w\" sizes=\"auto, (max-width: 1440px) 100vw, 1440px\" \/><\/p>\n<ul>\n<li>Viet\u0113jie un starpvalstu p\u0101rvadi<\/li>\n<li>Starptautiskie p\u0101rvadi<\/li>\n<li>P\u0101rv\u0101k\u0161an\u0101s uz dz\u012bvojam\u0101m telp\u0101m<\/li>\n<li>Komerci\u0101lie p\u0101rvadi<\/li>\n<li>Uz\u0146\u0113muma p\u0101rvieto\u0161ana<\/li>\n<li>Person\u012bgais p\u0101rcel\u0161an\u0101s konsultants<\/li>\n<li>Iepako\u0161anas pakalpojums<\/li>\n<li>Transporta pas\u0101kumi<\/li>\n<li>Muito\u0161ana<\/li>\n<li>Uzglab\u0101\u0161anas risin\u0101jumi<\/li>\n<\/ul>\n<p>Johnson Storage &amp; Moving ir p\u0101rvieto\u0161anas uz\u0146\u0113mums, kas darbojas kop\u0161 1900. gada un kam ir 12 biroji vis\u0101 ASV, tostarp San Diego. Uz\u0146\u0113mumam ir glob\u0101ls partneru t\u012bkls, kas \u013cauj p\u0101rvad\u0101t priek\u0161metus uz vair\u0101k nek\u0101 200 pasaules valst\u012bm. Uz\u0146\u0113mums ir akredit\u0113ts FIDI.<\/p>\n<p>Johnson Storage &amp; Moving pied\u0101v\u0101 bezmaksas pied\u0101v\u0101jumu uz vietas vai virtu\u0101lo pied\u0101v\u0101jumu, kur\u0101 nov\u0113rt\u0113 j\u016bsu p\u0101rvieto\u0161an\u0101s apjomu. Vi\u0146i nodro\u0161ina person\u012bgu p\u0101rcel\u0161an\u0101s konsultantu, kas pal\u012bdz\u0113s jums katr\u0101 p\u0101rcel\u0161an\u0101s posm\u0101 un izveidos personaliz\u0113tu p\u0101rcel\u0161an\u0101s pl\u0101nu. Vi\u0146i pied\u0101v\u0101 pilnu iepako\u0161anas servisu, lai nodro\u0161in\u0101tu j\u016bsu kravas dro\u0161\u012bbu un dro\u0161umu, un nok\u0101rtos muito\u0161anas formalit\u0101tes.<\/p>\n<p>T\u012bmek\u013ca vietne: <a href=\"https:\/\/www.johnsonstorage.com\" target=\"_blank\" rel=\"noopener\">https:\/\/www.johnsonstorage.com<\/a><\/p>\n<h2><span class=\"ez-toc-section\" id=\"4_Sullivan_Moving_Storage\"><\/span><strong>4. Sullivan Moving &amp; Storage<\/strong><span class=\"ez-toc-section-end\"><\/span><\/h2>\n<p><img loading=\"lazy\" decoding=\"async\" class=\"alignnone size-full wp-image-11451\" src=\"https:\/\/moverdb.com\/wp-content\/uploads\/Sullivan-Moving-Storage-international-moving-company.png\" alt=\"Sullivan Moving &amp; Storage starptautiskais p\u0101rvieto\u0161an\u0101s uz\u0146\u0113mums\" width=\"1440\" height=\"683\" data-wp-pid=\"11451\" srcset=\"https:\/\/moverdb.com\/wp-content\/uploads\/Sullivan-Moving-Storage-international-moving-company.png 1440w, https:\/\/moverdb.com\/wp-content\/uploads\/Sullivan-Moving-Storage-international-moving-company-300x142.png 300w, https:\/\/moverdb.com\/wp-content\/uploads\/Sullivan-Moving-Storage-international-moving-company-1024x486.png 1024w, https:\/\/moverdb.com\/wp-content\/uploads\/Sullivan-Moving-Storage-international-moving-company-18x9.png 18w, https:\/\/moverdb.com\/wp-content\/uploads\/Sullivan-Moving-Storage-international-moving-company-600x285.png 600w\" sizes=\"auto, (max-width: 1440px) 100vw, 1440px\" \/><\/p>\n<ul>\n<li>Viet\u0113jie un t\u0101lsatiksmes p\u0101rvadi<\/li>\n<li>Starptautiskie p\u0101rvadi<\/li>\n<li>M\u0101jsaimniec\u012bbas p\u0101rv\u0101k\u0161an\u0101s<\/li>\n<li>Darbinieku p\u0101rvieto\u0161ana<\/li>\n<li>Biroju p\u0101rcel\u0161an\u0101s<\/li>\n<li>Specializ\u0113ts p\u0101rcel\u0161an\u0101s koordinators<\/li>\n<li>Iepako\u0161anas pakalpojums<\/li>\n<li>Transport\u0113\u0161anas organiz\u0113\u0161ana<\/li>\n<li>Muito\u0161ana<\/li>\n<li>\u012astermi\u0146a un ilgtermi\u0146a uzglab\u0101\u0161ana<\/li>\n<\/ul>\n<p>Sullivan Moving &amp; Storage ir 1912. gad\u0101 San Diego dibin\u0101ts uz\u0146\u0113mums, kas ir viens no United Van Lines dibin\u0101t\u0101jiem. Uz\u0146\u0113mumam ir glob\u0101ls p\u0101rcel\u0161an\u0101s uz\u0146\u0113mumu t\u012bkls, kas \u013cauj p\u0101rvietot klientus uz jebkuru vietu pasaul\u0113. Uz\u0146\u0113mums ir IAM biedrs ar 12 gadu pieredzi un ir akredit\u0113ts FIDI.<\/p>\n<p>Sullivan Moving &amp; Storage pied\u0101v\u0101 iesp\u0113ju izv\u0113l\u0113ties pa\u0161apkalpo\u0161an\u0101s apskati, virtu\u0101lo video apskati vai apskati m\u0101j\u0101s, lai nov\u0113rt\u0113tu j\u016bsu p\u0101rvieto\u0161an\u0101s apjomu un sniegtu cenu pied\u0101v\u0101jumu. Vi\u0146i sapl\u0101nos j\u016bsu p\u0101rv\u0101k\u0161anos un nodro\u0161in\u0101s \u012bpa\u0161u p\u0101rv\u0101k\u0161an\u0101s koordinatoru, kas jums pal\u012bdz\u0113s katr\u0101 procesa posm\u0101. Vi\u0146i pied\u0101v\u0101 iepako\u0161anas, transport\u0113\u0161anas un muitas pakalpojumus.<\/p>\n<p>T\u012bmek\u013ca vietne: <a href=\"http:\/\/www.sullivanunited.com\" target=\"_blank\" rel=\"noopener\">http:\/\/www.sullivanunited.com<\/a><\/p>","protected":false},"excerpt":{"rendered":"<p>Moving can get stressful with so many things to think about and manage, so getting some help from a moving company can really make a difference. You can engage a moving company to plan and organise your move, pack and unpack, and manage customs procedures for international moves. Below we have compiled a list of [&hellip;]<\/p>\n","protected":false},"author":4,"featured_media":11240,"parent":190,"menu_order":0,"comment_status":"closed","ping_status":"closed","template":"","meta":{"_genesis_hide_title":false,"_genesis_hide_breadcrumbs":false,"_genesis_hide_singular_image":false,"_genesis_hide_footer_widgets":false,"_genesis_custom_body_class":"","_genesis_custom_post_class":"","_genesis_layout":"","footnotes":""},"class_list":{"0":"post-11654","1":"page","2":"type-page","3":"status-publish","4":"has-post-thumbnail","6":"entry"},"_links":{"self":[{"href":"https:\/\/moverdb.com\/lv\/wp-json\/wp\/v2\/pages\/11654","targetHints":{"allow":["GET"]}}],"collection":[{"href":"https:\/\/moverdb.com\/lv\/wp-json\/wp\/v2\/pages"}],"about":[{"href":"https:\/\/moverdb.com\/lv\/wp-json\/wp\/v2\/types\/page"}],"author":[{"embeddable":true,"href":"https:\/\/moverdb.com\/lv\/wp-json\/wp\/v2\/users\/4"}],"replies":[{"embeddable":true,"href":"https:\/\/moverdb.com\/lv\/wp-json\/wp\/v2\/comments?post=11654"}],"version-history":[{"count":1,"href":"https:\/\/moverdb.com\/lv\/wp-json\/wp\/v2\/pages\/11654\/revisions"}],"predecessor-version":[{"id":11655,"href":"https:\/\/moverdb.com\/lv\/wp-json\/wp\/v2\/pages\/11654\/revisions\/11655"}],"up":[{"embeddable":true,"href":"https:\/\/moverdb.com\/lv\/wp-json\/wp\/v2\/pages\/190"}],"wp:featuredmedia":[{"embeddable":true,"href":"https:\/\/moverdb.com\/lv\/wp-json\/wp\/v2\/media\/11240"}],"wp:attachment":[{"href":"https:\/\/moverdb.com\/lv\/wp-json\/wp\/v2\/media?parent=11654"}],"curies":[{"name":"wp","href":"https:\/\/api.w.org\/{rel}","templated":true}]}}