{"id":11651,"date":"2023-11-29T10:38:44","date_gmt":"2023-11-29T10:38:44","guid":{"rendered":"https:\/\/moverdb.com\/?page_id=11651"},"modified":"2026-01-08T15:24:50","modified_gmt":"2026-01-08T15:24:50","slug":"moving-companies-us-pennsylvania","status":"publish","type":"page","link":"https:\/\/moverdb.com\/lv\/moving-companies\/moving-companies-us-pennsylvania\/","title":{"rendered":"4 Lab\u0101kie starptautisk\u0101s p\u0101rcel\u0161an\u0101s uz\u0146\u0113mumi Pensilv\u0101nij\u0101"},"content":{"rendered":"<p>P\u0101rv\u0101k\u0161an\u0101s laik\u0101 ir daudz dar\u0101m\u0101, piem\u0113ram, j\u0101organiz\u0113, j\u0101sak\u0101rto iepakojums, j\u0101organiz\u0113 transport\u0113\u0161ana un muitas formalit\u0101tes, ja p\u0101rce\u013caties uz \u0101rzem\u0113m, ta\u010du jums tas nav j\u0101dara vienatn\u0113. A <a href=\"https:\/\/moverdb.com\/lv\/moving-companies\/\" data-internallinksmanager029f6b8e52c=\"79\" title=\"Top 25 Starptautiskie p\u0101rcel\u0161an\u0101s uz\u0146\u0113mumi tie\u0161saist\u0113\">P\u0101rvieto\u0161an\u0101s uz\u0146\u0113mums<\/a> var pal\u012bdz\u0113t veikt visus vai da\u017eus no \u0161iem uzdevumiem, lai atvieglotu p\u0101rcel\u0161anos. Zem\u0101k m\u0113s esam apkopoju\u0161i sarakstu ar <a href=\"https:\/\/moverdb.com\/lv\/moving-to-the-united-states\/moving-to-pennsylvania\/\" data-internallinksmanager029f6b8e52c=\"404\" title=\"P\u0101rce\u013caties uz Pensilv\u0101niju? 2023 Dz\u012bves izmaksas un p\u0101rcel\u0161an\u0101s padomi\">Pensilv\u0101nija<\/a> pamatojoties uz <a href=\"https:\/\/moverdb.com\/lv\/international-removals\/\" data-internallinksmanager029f6b8e52c=\"27\" title=\"36 Lab\u0101kie starptautisko p\u0101rvad\u0101jumu uz\u0146\u0113mumi Apvienotaj\u0101 Karalist\u0113\">p\u0101rv\u0101k\u0161an\u0101s uz\u0146\u0113mumi<\/a> kas ir <a href=\"https:\/\/moverdb.com\/lv\/iam\/\" data-internallinksmanager029f6b8e52c=\"23\" title=\"Starptautisk\u0101s P\u0101rv\u0101c\u0113ju asoci\u0101cijas (IAM) skaidrojumi\">Starptautisk\u0101 P\u0101rv\u0101c\u0113ju asoci\u0101cija<\/a> (IAM) un\/vai <a href=\"https:\/\/moverdb.com\/lv\/fidi-faim\/\" data-internallinksmanager029f6b8e52c=\"16\" title=\"FIDI un FAIM (FIDI akredit\u0113tais starptautiskais p\u0101rvietot\u0101js) skaidrojums\">FIDI<\/a> Akredit\u0113ti starptautiskie p\u0101rv\u0101c\u0113ji (FAIM), kas var\u0113tu jums pal\u012bdz\u0113t p\u0101rcelties.<\/p>\n<div id=\"ez-toc-container\" class=\"ez-toc-v2_0_82_2 ez-toc-wrap-left counter-hierarchy ez-toc-counter ez-toc-transparent ez-toc-container-direction\">\n<div class=\"ez-toc-title-container\">\n<p class=\"ez-toc-title\" style=\"cursor:inherit\">Sada\u013cas<\/p>\n<span class=\"ez-toc-title-toggle\"><a href=\"#\" class=\"ez-toc-pull-right ez-toc-btn ez-toc-btn-xs ez-toc-btn-default ez-toc-toggle\" aria-label=\"P\u0101rsl\u0113gt satura tabulu\"><span class=\"ez-toc-js-icon-con\"><span class=\"\"><span class=\"eztoc-hide\" style=\"display:none;\">P\u0101rsl\u0113gt<\/span><span class=\"ez-toc-icon-toggle-span\"><svg style=\"fill: #999;color:#999\" xmlns=\"http:\/\/www.w3.org\/2000\/svg\" class=\"list-377408\" width=\"20px\" height=\"20px\" viewbox=\"0 0 24 24\" fill=\"none\"><path d=\"M6 6H4v2h2V6zm14 0H8v2h12V6zM4 11h2v2H4v-2zm16 0H8v2h12v-2zM4 16h2v2H4v-2zm16 0H8v2h12v-2z\" fill=\"currentColor\"><\/path><\/svg><svg style=\"fill: #999;color:#999\" class=\"arrow-unsorted-368013\" xmlns=\"http:\/\/www.w3.org\/2000\/svg\" width=\"10px\" height=\"10px\" viewbox=\"0 0 24 24\" version=\"1.2\" baseprofile=\"tiny\"><path d=\"M18.2 9.3l-6.2-6.3-6.2 6.3c-.2.2-.3.4-.3.7s.1.5.3.7c.2.2.4.3.7.3h11c.3 0 .5-.1.7-.3.2-.2.3-.5.3-.7s-.1-.5-.3-.7zM5.8 14.7l6.2 6.3 6.2-6.3c.2-.2.3-.5.3-.7s-.1-.5-.3-.7c-.2-.2-.4-.3-.7-.3h-11c-.3 0-.5.1-.7.3-.2.2-.3.5-.3.7s.1.5.3.7z\"\/><\/svg><\/span><\/span><\/span><\/a><\/span><\/div>\n<nav><ul class='ez-toc-list ez-toc-list-level-1 eztoc-toggle-hide-by-default' ><li class='ez-toc-page-1 ez-toc-heading-level-2'><a class=\"ez-toc-link ez-toc-heading-1\" href=\"https:\/\/moverdb.com\/lv\/moving-companies\/moving-companies-us-pennsylvania\/#1_Aires\" >1. Aires<\/a><\/li><li class='ez-toc-page-1 ez-toc-heading-level-2'><a class=\"ez-toc-link ez-toc-heading-2\" href=\"https:\/\/moverdb.com\/lv\/moving-companies\/moving-companies-us-pennsylvania\/#2_Champion_International_Moving\" >2. Champion International Moving<\/a><\/li><li class='ez-toc-page-1 ez-toc-heading-level-2'><a class=\"ez-toc-link ez-toc-heading-3\" href=\"https:\/\/moverdb.com\/lv\/moving-companies\/moving-companies-us-pennsylvania\/#3_Movers_Specialty_Service\" >3. P\u0101rv\u0101c\u0113ju specializ\u0113tais pakalpojums<\/a><\/li><li class='ez-toc-page-1 ez-toc-heading-level-2'><a class=\"ez-toc-link ez-toc-heading-4\" href=\"https:\/\/moverdb.com\/lv\/moving-companies\/moving-companies-us-pennsylvania\/#4_Reads_Moving_Systems\" >4. Las\u012bjumi P\u0101rvieto\u0161anas sist\u0113mas<\/a><\/li><\/ul><\/nav><\/div>\n<h2><span class=\"ez-toc-section\" id=\"1_Aires\"><\/span><strong>1. Aires<\/strong><span class=\"ez-toc-section-end\"><\/span><\/h2>\n<p><img loading=\"lazy\" decoding=\"async\" class=\"alignnone size-full wp-image-11247\" src=\"https:\/\/moverdb.com\/wp-content\/uploads\/Aires-international-moving-company.png\" alt=\"Aires starptautisk\u0101 p\u0101rcel\u0161an\u0101s uz\u0146\u0113mums\" width=\"1440\" height=\"678\" data-wp-pid=\"11247\" srcset=\"https:\/\/moverdb.com\/wp-content\/uploads\/Aires-international-moving-company.png 1440w, https:\/\/moverdb.com\/wp-content\/uploads\/Aires-international-moving-company-300x141.png 300w, https:\/\/moverdb.com\/wp-content\/uploads\/Aires-international-moving-company-1024x482.png 1024w, https:\/\/moverdb.com\/wp-content\/uploads\/Aires-international-moving-company-18x8.png 18w, https:\/\/moverdb.com\/wp-content\/uploads\/Aires-international-moving-company-600x283.png 600w\" sizes=\"auto, (max-width: 1440px) 100vw, 1440px\" \/><\/p>\n<ul>\n<li>P\u0101rcel\u0161an\u0101s uz citu valsti<\/li>\n<li>Starptautisk\u0101s p\u0101rvieto\u0161anas<\/li>\n<li>M\u0101jsaimniec\u012bbas p\u0101rvieto\u0161ana<\/li>\n<li>Darbinieku p\u0101rvieto\u0161ana<\/li>\n<li>Izbrauk\u0161anas pakalpojumi<\/li>\n<li>Galam\u0113r\u0137a un iek\u0101rto\u0161an\u0101s pakalpojumi<\/li>\n<li>Imigr\u0101cijas pakalpojumi<\/li>\n<li>Nekustam\u0101 \u012bpa\u0161uma pakalpojumi<\/li>\n<li>Skolas mekl\u0113\u0161ana<\/li>\n<li>Kult\u016bras un valodas apm\u0101c\u012bba<\/li>\n<\/ul>\n<p>Aires ir 1981. gad\u0101 dibin\u0101ts p\u0101rvieto\u0161anas un kravu p\u0101rvad\u0101jumu uz\u0146\u0113mums, kura galvenais birojs atrodas Pitsburg\u0101 un v\u0113l piecas citas pils\u0113tas. <a href=\"https:\/\/moverdb.com\/lv\/moving-to-the-united-states\/\" data-internallinksmanager029f6b8e52c=\"94\" title=\"P\u0101rce\u013caties uz Amerikas Savienotaj\u0101m Valst\u012bm? 2022 Dz\u012bves izmaksas un p\u0101rcel\u0161an\u0101s padomi\">ASV<\/a> biroji un starptautiskie biroji <a href=\"https:\/\/moverdb.com\/lv\/moving-to-hong-kong\/\" data-internallinksmanager029f6b8e52c=\"350\" title=\"P\u0101rcel\u0161an\u0101s uz Honkongu? 2023 Dz\u012bves izmaksas un p\u0101rcel\u0161an\u0101s padomi\">Honkonga<\/a>, Londona, <a href=\"https:\/\/moverdb.com\/lv\/moving-to-singapore\/\" data-internallinksmanager029f6b8e52c=\"68\" title=\"P\u0101rcel\u0161an\u0101s uz Singap\u016bru? 2022 Dz\u012bves izmaksas un p\u0101rcel\u0161an\u0101s padomi\">Singap\u016bra<\/a>, \u0160anhaj\u0101 un Mumbaj\u0101. Vi\u0146iem ir pla\u0161s uzticamu pakalpojumu sniedz\u0113ju t\u012bkls, kas tos atbalsta. Vi\u0146i ir IAM biedri ar 42 gadu pieredzi un ir akredit\u0113ti FIDI.<\/p>\n<p>Aires specializ\u0113jas uz\u0146\u0113mumu atbalst\u012b\u0161an\u0101 darbinieku p\u0101rcel\u0161an\u0101s proces\u0101 un sniedz pla\u0161u pakalpojumu kl\u0101stu, lai pal\u012bdz\u0113tu darbiniekiem p\u0101rcelties un iek\u0101rtoties jaunaj\u0101 dz\u012bvesviet\u0101. To pakalpojumi ietver izbrauk\u0161anas pakalpojumus, piem\u0113ram, p\u0101rcel\u0161an\u0101s un imigr\u0101cijas pakalpojumus, un galam\u0113r\u0137a pakalpojumus, piem\u0113ram, m\u0101jok\u013ca un skolas atra\u0161anu.<\/p>\n<p>T\u012bmek\u013ca vietne: <a href=\"https:\/\/www.aires.com\/\" target=\"_blank\" rel=\"noopener\">https:\/\/www.aires.com\/<\/a><\/p>\n<h2><span class=\"ez-toc-section\" id=\"2_Champion_International_Moving\"><\/span><strong>2. Champion International Moving<\/strong><span class=\"ez-toc-section-end\"><\/span><\/h2>\n<p><img loading=\"lazy\" decoding=\"async\" class=\"alignnone size-full wp-image-11285\" src=\"https:\/\/moverdb.com\/wp-content\/uploads\/Champion-International-Moving-company.png\" alt=\"Champion International P\u0101rv\u0101k\u0161an\u0101s uz\u0146\u0113mums\" width=\"1440\" height=\"676\" data-wp-pid=\"11285\" srcset=\"https:\/\/moverdb.com\/wp-content\/uploads\/Champion-International-Moving-company.png 1440w, https:\/\/moverdb.com\/wp-content\/uploads\/Champion-International-Moving-company-300x141.png 300w, https:\/\/moverdb.com\/wp-content\/uploads\/Champion-International-Moving-company-1024x481.png 1024w, https:\/\/moverdb.com\/wp-content\/uploads\/Champion-International-Moving-company-18x8.png 18w, https:\/\/moverdb.com\/wp-content\/uploads\/Champion-International-Moving-company-600x282.png 600w\" sizes=\"auto, (max-width: 1440px) 100vw, 1440px\" \/><\/p>\n<ul>\n<li>Valsts p\u0101rcel\u0161an\u0101s<\/li>\n<li>Starptautiskie p\u0101rvadi<\/li>\n<li>P\u0101rv\u0101k\u0161an\u0101s uz dz\u012bvojam\u0101m telp\u0101m<\/li>\n<li>Uz\u0146\u0113m\u0113jdarb\u012bbas virzieni<\/li>\n<li>Specializ\u0113ts p\u0101rcel\u0161an\u0101s speci\u0101lists<\/li>\n<li>Iepako\u0161anas pakalpojums<\/li>\n<li>M\u0101jdz\u012bvnieku p\u0101rvieto\u0161ana<\/li>\n<li>Transportl\u012bdzek\u013cu transport\u0113\u0161ana<\/li>\n<li>Apdro\u0161in\u0101\u0161ana<\/li>\n<li>Uzglab\u0101\u0161anas pakalpojumi<\/li>\n<\/ul>\n<p>Champion International Moving ir 1991. gad\u0101 dibin\u0101ts p\u0101rcel\u0161an\u0101s vad\u012bbas uz\u0146\u0113mums, kas atrodas Pitsburg\u0101. Uz\u0146\u0113mums ir da\u013ca no <a href=\"https:\/\/moverdb.com\/lv\/harmony-relocation-network\/\" data-internallinksmanager029f6b8e52c=\"20\" title=\"Harmonijas p\u0101rvieto\u0161anas t\u012bkla (HRN) skaidrojums\">Harmonijas p\u0101rvieto\u0161anas t\u012bkls<\/a> kas noz\u012bm\u0113, ka tie darbojas soci\u0101li atbild\u012bgi un ka tiem ir p\u0101rcel\u0161an\u0101s uz\u0146\u0113mumu t\u012bkls, ar kuriem sadarboties, un kuri darbojas t\u0101pat. Uz\u0146\u0113mums ir IAM biedrs ar 32 gadu pieredzi un ir akredit\u0113ts FIDI.<\/p>\n<p>Champion International Moving pied\u0101v\u0101 nacion\u0101los un starptautiskos p\u0101rv\u0101k\u0161an\u0101s pakalpojumus priv\u0101tperson\u0101m un uz\u0146\u0113mumiem, izmantojot vienu kontaktpersonu, kas ir specializ\u0113ts p\u0101rcel\u0161an\u0101s speci\u0101lists. Vi\u0146i sniedz iepako\u0161anas pakalpojumus, lai aizsarg\u0101tu j\u016bsu mantas, un organiz\u0113 transport\u0113\u0161anu un p\u0113c iera\u0161an\u0101s izkrau\u0161anu.<\/p>\n<p>T\u012bmek\u013ca vietne: <a href=\"http:\/\/www.champmove.com\" target=\"_blank\" rel=\"noopener\">http:\/\/www.champmove.com<\/a><\/p>\n<h2><span class=\"ez-toc-section\" id=\"3_Movers_Specialty_Service\"><\/span><strong>3. P\u0101rv\u0101c\u0113ju specializ\u0113tais pakalpojums<\/strong><span class=\"ez-toc-section-end\"><\/span><\/h2>\n<p><img loading=\"lazy\" decoding=\"async\" class=\"alignnone size-full wp-image-11384\" src=\"https:\/\/moverdb.com\/wp-content\/uploads\/Movers-Specialty-Service-international-moving-company.png\" alt=\"P\u0101rvietot\u0101ji Specialty Service starptautisk\u0101 p\u0101rvietojas uz\u0146\u0113mums\" width=\"1440\" height=\"677\" data-wp-pid=\"11384\" srcset=\"https:\/\/moverdb.com\/wp-content\/uploads\/Movers-Specialty-Service-international-moving-company.png 1440w, https:\/\/moverdb.com\/wp-content\/uploads\/Movers-Specialty-Service-international-moving-company-300x141.png 300w, https:\/\/moverdb.com\/wp-content\/uploads\/Movers-Specialty-Service-international-moving-company-1024x481.png 1024w, https:\/\/moverdb.com\/wp-content\/uploads\/Movers-Specialty-Service-international-moving-company-18x8.png 18w, https:\/\/moverdb.com\/wp-content\/uploads\/Movers-Specialty-Service-international-moving-company-600x282.png 600w\" sizes=\"auto, (max-width: 1440px) 100vw, 1440px\" \/><\/p>\n<ul>\n<li>Valsts pakalpojumi<\/li>\n<li>M\u0101jsaimniec\u012bbas p\u0101rvieto\u0161anas pakalpojumi<\/li>\n<li>Komerci\u0101lie p\u0101rvieto\u0161anas pakalpojumi<\/li>\n<li>P\u0101rvieto\u0161an\u0101s p\u0101rvald\u012bba uz vietas<\/li>\n<li>Iesai\u0146o\u0161anas pakalpojumi<\/li>\n<li>M\u0101kslas apstr\u0101de<\/li>\n<li>M\u0113be\u013cu demont\u0101\u017ea un mont\u0101\u017ea<\/li>\n<li>Demont\u0101\u017eas un uzst\u0101d\u012b\u0161anas pakalpojumi<\/li>\n<li>Specializ\u0113tu priek\u0161metu p\u0101rvieto\u0161anas pakalpojumi<\/li>\n<li>Kalpot\u0101jas pakalpojumi<\/li>\n<\/ul>\n<p>Movers Specialty Service ir tre\u0161\u0101s puses p\u0101rcel\u0161an\u0101s pakalpojumu uz\u0146\u0113mums, kas dibin\u0101ts 1978. gad\u0101 un atrodas Montgomervil\u0101. Uz\u0146\u0113mums sniedz pakalpojumus vis\u0101 ASV, izmantojot r\u016bp\u012bgi atlas\u012btu apm\u0101c\u012btu profesion\u0101\u013cu t\u012bklu. Uz\u0146\u0113mums ir IAM biedrs ar 45 gadu pieredzi.<\/p>\n<p>Movers Specialty Service sniedz specializ\u0113tus atbalsta pakalpojumus p\u0101rv\u0101c\u0113jiem un p\u0101rv\u0101k\u0161an\u0101s uz\u0146\u0113mumiem to izcelsmes vai galam\u0113r\u0137a viet\u0101 ASV. Tie pied\u0101v\u0101 specializ\u0113tus p\u0101rcel\u0161an\u0101s pakalpojumus, kas ietver ier\u012b\u010du atvieno\u0161anu\/pievieno\u0161anu, iek\u0101rtu un m\u0113be\u013cu demont\u0101\u017eu\/mont\u0101\u017eu, televizoru demont\u0101\u017eu\/mont\u0101\u017eu, iek\u0101rtu no\u0146em\u0161anu\/uzst\u0101d\u012b\u0161anu un pre\u010du iesai\u0146o\u0161anu. Vi\u0146i var p\u0101rvietot ar\u012b trauslus un lielgabar\u012bta priek\u0161metus, piem\u0113ram, klavieres un vect\u0113ti\u0146a pulkste\u0146us.<\/p>\n<p>T\u012bmek\u013ca vietne: <a href=\"http:\/\/mss1.com\" target=\"_blank\" rel=\"noopener\">http:\/\/mss1.com<\/a><\/p>\n<h2><span class=\"ez-toc-section\" id=\"4_Reads_Moving_Systems\"><\/span><strong>4. Las\u012bjumi P\u0101rvieto\u0161anas sist\u0113mas<\/strong><span class=\"ez-toc-section-end\"><\/span><\/h2>\n<p><img loading=\"lazy\" decoding=\"async\" class=\"alignnone size-full wp-image-11418\" src=\"https:\/\/moverdb.com\/wp-content\/uploads\/Reads-Moving-Systems-international-moving-company.png\" alt=\"Las\u012bjumi Moving Systems starptautisks p\u0101rvieto\u0161an\u0101s uz\u0146\u0113mums\" width=\"1440\" height=\"677\" data-wp-pid=\"11418\" srcset=\"https:\/\/moverdb.com\/wp-content\/uploads\/Reads-Moving-Systems-international-moving-company.png 1440w, https:\/\/moverdb.com\/wp-content\/uploads\/Reads-Moving-Systems-international-moving-company-300x141.png 300w, https:\/\/moverdb.com\/wp-content\/uploads\/Reads-Moving-Systems-international-moving-company-1024x481.png 1024w, https:\/\/moverdb.com\/wp-content\/uploads\/Reads-Moving-Systems-international-moving-company-18x8.png 18w, https:\/\/moverdb.com\/wp-content\/uploads\/Reads-Moving-Systems-international-moving-company-600x282.png 600w\" sizes=\"auto, (max-width: 1440px) 100vw, 1440px\" \/><\/p>\n<ul>\n<li>Viet\u0113jie p\u0101rvadi<\/li>\n<li>Starptautiskie p\u0101rvadi<\/li>\n<li>M\u0101jsaimniec\u012bbas p\u0101rv\u0101k\u0161an\u0101s<\/li>\n<li>Biroju un r\u016bpnieciskie p\u0101rv\u0101k\u0161an\u0101s darbi<\/li>\n<li>Pl\u0101no\u0161ana pirms p\u0101rcel\u0161an\u0101s<\/li>\n<li>Iepako\u0161anas pakalpojums<\/li>\n<li>Crating<\/li>\n<li>Transport\u0113\u0161anas organiz\u0113\u0161ana<\/li>\n<li>Izcelsmes un galam\u0113r\u0137a pakalpojumi<\/li>\n<li>Uzglab\u0101\u0161anas iek\u0101rtas<\/li>\n<\/ul>\n<p>Reads Moving Systems ir 1937. gad\u0101 dibin\u0101ts p\u0101rvieto\u0161anas un uzglab\u0101\u0161anas uz\u0146\u0113mums, kas atrodas Hantingdonas ielej\u0101, un t\u0101 atra\u0161an\u0101s vieta ir ar\u012b Huntingdon Valley. <a href=\"https:\/\/moverdb.com\/lv\/moving-to-the-united-states\/moving-to-florida\/\" data-internallinksmanager029f6b8e52c=\"331\" title=\"P\u0101rcel\u0161an\u0101s uz Floridu? 2023 Dz\u012bves izmaksas un p\u0101rcel\u0161an\u0101s padomi\">Florida<\/a> un <a href=\"https:\/\/moverdb.com\/lv\/moving-to-the-united-states\/moving-to-georgia\/\" data-internallinksmanager029f6b8e52c=\"402\" title=\"P\u0101rcel\u0161an\u0101s uz Gruziju? 2023 Dz\u012bves izmaksas un p\u0101rcel\u0161an\u0101s padomi\">Gruzija<\/a>. Vi\u0146i ir Atlas Van Lines a\u0123enti, kas nodro\u0161ina vi\u0146iem p\u0101rv\u0101k\u0161an\u0101s uz\u0146\u0113mumu t\u012bklu, ar ko str\u0101d\u0101t. Vi\u0146i ir IAM biedrs ar 50 gadu pieredzi.<\/p>\n<p>Reads Moving Systems pied\u0101v\u0101 konkur\u0113tsp\u0113j\u012bgas cenas par saviem p\u0101rvieto\u0161an\u0101s pakalpojumiem. Vi\u0146i nodro\u0161ina pirmsp\u0101rv\u0101k\u0161an\u0101s pl\u0101no\u0161anu ar saviem p\u0101rv\u0101k\u0161an\u0101s vad\u012bbas koordinatoriem, lai sagatavotu j\u016bsu p\u0101rv\u0101k\u0161an\u0101s pas\u0101kumus. Vi\u0146i pied\u0101v\u0101 iepako\u0161anas un iesai\u0146o\u0161anas pakalpojumus, lai aizsarg\u0101tu j\u016bsu priek\u0161metus, un starptautiskiem p\u0101rv\u0101k\u0161an\u0101s gad\u012bjumiem iekrauj tos konteiner\u0101.<\/p>\n<p>T\u012bmek\u013ca vietne: <a href=\"http:\/\/www.readsmoving.com\" target=\"_blank\" rel=\"noopener\">http:\/\/www.readsmoving.com<\/a><\/p>","protected":false},"excerpt":{"rendered":"<p>When you are moving there is so much to do like organising, packing, arranging transportation and managing customs if moving abroad, but you don\u2019t have to do this alone. A moving company can help with all or some of these tasks to make moving easier. Below we have compiled a list of Pennsylvania based removal [&hellip;]<\/p>\n","protected":false},"author":4,"featured_media":11247,"parent":190,"menu_order":0,"comment_status":"closed","ping_status":"closed","template":"","meta":{"_genesis_hide_title":false,"_genesis_hide_breadcrumbs":false,"_genesis_hide_singular_image":false,"_genesis_hide_footer_widgets":false,"_genesis_custom_body_class":"","_genesis_custom_post_class":"","_genesis_layout":"","footnotes":""},"class_list":{"0":"post-11651","1":"page","2":"type-page","3":"status-publish","4":"has-post-thumbnail","6":"entry"},"_links":{"self":[{"href":"https:\/\/moverdb.com\/lv\/wp-json\/wp\/v2\/pages\/11651","targetHints":{"allow":["GET"]}}],"collection":[{"href":"https:\/\/moverdb.com\/lv\/wp-json\/wp\/v2\/pages"}],"about":[{"href":"https:\/\/moverdb.com\/lv\/wp-json\/wp\/v2\/types\/page"}],"author":[{"embeddable":true,"href":"https:\/\/moverdb.com\/lv\/wp-json\/wp\/v2\/users\/4"}],"replies":[{"embeddable":true,"href":"https:\/\/moverdb.com\/lv\/wp-json\/wp\/v2\/comments?post=11651"}],"version-history":[{"count":2,"href":"https:\/\/moverdb.com\/lv\/wp-json\/wp\/v2\/pages\/11651\/revisions"}],"predecessor-version":[{"id":11653,"href":"https:\/\/moverdb.com\/lv\/wp-json\/wp\/v2\/pages\/11651\/revisions\/11653"}],"up":[{"embeddable":true,"href":"https:\/\/moverdb.com\/lv\/wp-json\/wp\/v2\/pages\/190"}],"wp:featuredmedia":[{"embeddable":true,"href":"https:\/\/moverdb.com\/lv\/wp-json\/wp\/v2\/media\/11247"}],"wp:attachment":[{"href":"https:\/\/moverdb.com\/lv\/wp-json\/wp\/v2\/media?parent=11651"}],"curies":[{"name":"wp","href":"https:\/\/api.w.org\/{rel}","templated":true}]}}