{"id":11648,"date":"2023-11-29T10:50:54","date_gmt":"2023-11-29T10:50:54","guid":{"rendered":"https:\/\/moverdb.com\/?page_id=11648"},"modified":"2026-01-08T15:29:25","modified_gmt":"2026-01-08T15:29:25","slug":"moving-companies-us-ohio","status":"publish","type":"page","link":"https:\/\/moverdb.com\/lv\/moving-companies\/moving-companies-us-ohio\/","title":{"rendered":"6 Lab\u0101kie starptautisk\u0101s p\u0101rcel\u0161an\u0101s uz\u0146\u0113mumi Ohaio"},"content":{"rendered":"<p>Vai pl\u0101nojat p\u0101rcelties? Iesp\u0113jams, jums ir v\u0113rts izmantot <a href=\"https:\/\/moverdb.com\/lv\/moving-companies\/\" data-internallinksmanager029f6b8e52c=\"79\" title=\"Top 25 Starptautiskie p\u0101rcel\u0161an\u0101s uz\u0146\u0113mumi tie\u0161saist\u0113\">P\u0101rvieto\u0161an\u0101s uz\u0146\u0113mums<\/a> lai samazin\u0101tu darba slodzi un spiedienu, kas saist\u012bts ar p\u0101rvieto\u0161anos. Vi\u0146i var organiz\u0113t, iepakot un transport\u0113t j\u016bsu mantas, k\u0101 ar\u012b nok\u0101rtot muitas formalit\u0101tes, ja j\u016bs p\u0101rce\u013caties uz citu valsti. Zem\u0101k m\u0113s esam apkopoju\u0161i sarakstu ar <a href=\"https:\/\/moverdb.com\/lv\/moving-to-the-united-states\/moving-to-ohio\/\" data-internallinksmanager029f6b8e52c=\"409\" title=\"P\u0101rcel\u0161an\u0101s uz Ohaio? 2023 Dz\u012bves izmaksas un p\u0101rcel\u0161an\u0101s padomi\">Ohaio<\/a> pamatojoties uz <a href=\"https:\/\/moverdb.com\/lv\/international-removals\/\" data-internallinksmanager029f6b8e52c=\"27\" title=\"36 Lab\u0101kie starptautisko p\u0101rvad\u0101jumu uz\u0146\u0113mumi Apvienotaj\u0101 Karalist\u0113\">p\u0101rv\u0101k\u0161an\u0101s uz\u0146\u0113mumi<\/a> kas ir <a href=\"https:\/\/moverdb.com\/lv\/iam\/\" data-internallinksmanager029f6b8e52c=\"23\" title=\"Starptautisk\u0101s P\u0101rv\u0101c\u0113ju asoci\u0101cijas (IAM) skaidrojumi\">Starptautisk\u0101 P\u0101rv\u0101c\u0113ju asoci\u0101cija<\/a> (IAM) un\/vai <a href=\"https:\/\/moverdb.com\/lv\/fidi-faim\/\" data-internallinksmanager029f6b8e52c=\"16\" title=\"FIDI un FAIM (FIDI akredit\u0113tais starptautiskais p\u0101rvietot\u0101js) skaidrojums\">FIDI<\/a> Akredit\u0113ti starptautiskie p\u0101rv\u0101c\u0113ji (FAIM), kas var\u0113tu jums pal\u012bdz\u0113t p\u0101rcelties.<\/p>\n<div id=\"ez-toc-container\" class=\"ez-toc-v2_0_82_2 ez-toc-wrap-left counter-hierarchy ez-toc-counter ez-toc-transparent ez-toc-container-direction\">\n<div class=\"ez-toc-title-container\">\n<p class=\"ez-toc-title\" style=\"cursor:inherit\">Sada\u013cas<\/p>\n<span class=\"ez-toc-title-toggle\"><a href=\"#\" class=\"ez-toc-pull-right ez-toc-btn ez-toc-btn-xs ez-toc-btn-default ez-toc-toggle\" aria-label=\"P\u0101rsl\u0113gt satura tabulu\"><span class=\"ez-toc-js-icon-con\"><span class=\"\"><span class=\"eztoc-hide\" style=\"display:none;\">P\u0101rsl\u0113gt<\/span><span class=\"ez-toc-icon-toggle-span\"><svg style=\"fill: #999;color:#999\" xmlns=\"http:\/\/www.w3.org\/2000\/svg\" class=\"list-377408\" width=\"20px\" height=\"20px\" viewbox=\"0 0 24 24\" fill=\"none\"><path d=\"M6 6H4v2h2V6zm14 0H8v2h12V6zM4 11h2v2H4v-2zm16 0H8v2h12v-2zM4 16h2v2H4v-2zm16 0H8v2h12v-2z\" fill=\"currentColor\"><\/path><\/svg><svg style=\"fill: #999;color:#999\" class=\"arrow-unsorted-368013\" xmlns=\"http:\/\/www.w3.org\/2000\/svg\" width=\"10px\" height=\"10px\" viewbox=\"0 0 24 24\" version=\"1.2\" baseprofile=\"tiny\"><path d=\"M18.2 9.3l-6.2-6.3-6.2 6.3c-.2.2-.3.4-.3.7s.1.5.3.7c.2.2.4.3.7.3h11c.3 0 .5-.1.7-.3.2-.2.3-.5.3-.7s-.1-.5-.3-.7zM5.8 14.7l6.2 6.3 6.2-6.3c.2-.2.3-.5.3-.7s-.1-.5-.3-.7c-.2-.2-.4-.3-.7-.3h-11c-.3 0-.5.1-.7.3-.2.2-.3.5-.3.7s.1.5.3.7z\"\/><\/svg><\/span><\/span><\/span><\/a><\/span><\/div>\n<nav><ul class='ez-toc-list ez-toc-list-level-1 eztoc-toggle-hide-by-default' ><li class='ez-toc-page-1 ez-toc-heading-level-2'><a class=\"ez-toc-link ez-toc-heading-1\" href=\"https:\/\/moverdb.com\/lv\/moving-companies\/moving-companies-us-ohio\/#1_Andrews_Moving_Storage\" >1. Andrews Moving &amp; Storage<\/a><\/li><li class='ez-toc-page-1 ez-toc-heading-level-2'><a class=\"ez-toc-link ez-toc-heading-2\" href=\"https:\/\/moverdb.com\/lv\/moving-companies\/moving-companies-us-ohio\/#2_Corrigan_Moving_Systems\" >2. Corrigan Moving Systems<\/a><\/li><li class='ez-toc-page-1 ez-toc-heading-level-2'><a class=\"ez-toc-link ez-toc-heading-3\" href=\"https:\/\/moverdb.com\/lv\/moving-companies\/moving-companies-us-ohio\/#3_CSNS_Relocation_Services\" >3. CSNS P\u0101rcel\u0161an\u0101s pakalpojumi<\/a><\/li><li class='ez-toc-page-1 ez-toc-heading-level-2'><a class=\"ez-toc-link ez-toc-heading-4\" href=\"https:\/\/moverdb.com\/lv\/moving-companies\/moving-companies-us-ohio\/#4_Letz_Get_Moving\" >4. Letz Get Moving<\/a><\/li><li class='ez-toc-page-1 ez-toc-heading-level-2'><a class=\"ez-toc-link ez-toc-heading-5\" href=\"https:\/\/moverdb.com\/lv\/moving-companies\/moving-companies-us-ohio\/#5_Moving_Ahead_Services\" >5. Moving Ahead pakalpojumi<\/a><\/li><li class='ez-toc-page-1 ez-toc-heading-level-2'><a class=\"ez-toc-link ez-toc-heading-6\" href=\"https:\/\/moverdb.com\/lv\/moving-companies\/moving-companies-us-ohio\/#6_Planes_Moving_Storage\" >6. Lidma\u0161\u012bnu p\u0101rvieto\u0161ana un uzglab\u0101\u0161ana<\/a><\/li><\/ul><\/nav><\/div>\n<h2><span class=\"ez-toc-section\" id=\"1_Andrews_Moving_Storage\"><\/span><strong>1. Andrews Moving &amp; Storage<\/strong><span class=\"ez-toc-section-end\"><\/span><\/h2>\n<p><img loading=\"lazy\" decoding=\"async\" class=\"alignnone size-full wp-image-11255\" src=\"https:\/\/moverdb.com\/wp-content\/uploads\/Andrews-Moving-Storage-international-moving-company.png\" alt=\"Andrews Moving &amp; Storage starptautiskais p\u0101rvieto\u0161an\u0101s uz\u0146\u0113mums\" width=\"1440\" height=\"679\" data-wp-pid=\"11255\" srcset=\"https:\/\/moverdb.com\/wp-content\/uploads\/Andrews-Moving-Storage-international-moving-company.png 1440w, https:\/\/moverdb.com\/wp-content\/uploads\/Andrews-Moving-Storage-international-moving-company-300x141.png 300w, https:\/\/moverdb.com\/wp-content\/uploads\/Andrews-Moving-Storage-international-moving-company-1024x483.png 1024w, https:\/\/moverdb.com\/wp-content\/uploads\/Andrews-Moving-Storage-international-moving-company-18x8.png 18w, https:\/\/moverdb.com\/wp-content\/uploads\/Andrews-Moving-Storage-international-moving-company-600x283.png 600w\" sizes=\"auto, (max-width: 1440px) 100vw, 1440px\" \/><\/p>\n<ul>\n<li>Viet\u0113jie un t\u0101lsatiksmes p\u0101rvadi<\/li>\n<li>Starptautiskie p\u0101rvadi<\/li>\n<li>P\u0101rv\u0101k\u0161an\u0101s uz dz\u012bvojam\u0101m telp\u0101m<\/li>\n<li>Komerci\u0101lo un biroju p\u0101rvieto\u0161ana<\/li>\n<li>Darbinieku p\u0101rvieto\u0161ana<\/li>\n<li>Iepako\u0161anas pakalpojums<\/li>\n<li>Transporta pas\u0101kumi<\/li>\n<li>Muitas atbalsts<\/li>\n<li>S\u016bt\u012bjumu izseko\u0161ana<\/li>\n<li>\u012astermi\u0146a un ilgtermi\u0146a uzglab\u0101\u0161ana<\/li>\n<\/ul>\n<p>Andrews Moving &amp; Storage ir \u0123imenes uz\u0146\u0113mums, kas dibin\u0101ts 1908. gad\u0101 un atrodas Streetsboro. Uz\u0146\u0113mums ir United Van Lines a\u0123ents, kas ir izveidojis vis\u0101 pasaul\u0113 str\u0101d\u0101jo\u0161u p\u0101rcel\u0161an\u0101s a\u0123entu t\u012bklu, ar kuru tam ir augsti standarti, lai var\u0113tu str\u0101d\u0101t. Uz\u0146\u0113mums ir IAM biedrs.<\/p>\n<p>Andrews Moving &amp; Storage pied\u0101v\u0101 personaliz\u0113tus p\u0101rcel\u0161an\u0101s pakalpojumus, kas nodro\u0161in\u0101s visu j\u016bsu p\u0101rcel\u0161an\u0101s procesu. Vi\u0146i sniedz pilnu iepako\u0161anas pakalpojumu, lai aizsarg\u0101tu j\u016bsu mantas p\u0101rvad\u0101\u0161anas laik\u0101, izmantojot apm\u0101c\u012btas iepako\u0161anas komandas. Ierodoties galam\u0113r\u0137\u012b, vi\u0146i ar\u012b izpakos j\u016bsu mantas. Vi\u0146i organiz\u0113s j\u016bsu mantu transport\u0113\u0161anu ar muitas atbalstu un nodro\u0161in\u0101s to izseko\u0161anu tie\u0161saist\u0113.<\/p>\n<p>T\u012bmek\u013ca vietne: <a href=\"http:\/\/www.andrewsmoving.com\" target=\"_blank\" rel=\"noopener\">http:\/\/www.andrewsmoving.com<\/a><\/p>\n<h2><span class=\"ez-toc-section\" id=\"2_Corrigan_Moving_Systems\"><\/span><strong>2. Corrigan Moving Systems<\/strong><span class=\"ez-toc-section-end\"><\/span><\/h2>\n<p><img loading=\"lazy\" decoding=\"async\" class=\"alignnone size-full wp-image-11297\" src=\"https:\/\/moverdb.com\/wp-content\/uploads\/Corrigan-Moving-Systems-international-moving-company.png\" alt=\"Corrigan Moving Systems starptautisks p\u0101rvieto\u0161an\u0101s uz\u0146\u0113mums\" width=\"1440\" height=\"675\" data-wp-pid=\"11297\" srcset=\"https:\/\/moverdb.com\/wp-content\/uploads\/Corrigan-Moving-Systems-international-moving-company.png 1440w, https:\/\/moverdb.com\/wp-content\/uploads\/Corrigan-Moving-Systems-international-moving-company-300x141.png 300w, https:\/\/moverdb.com\/wp-content\/uploads\/Corrigan-Moving-Systems-international-moving-company-1024x480.png 1024w, https:\/\/moverdb.com\/wp-content\/uploads\/Corrigan-Moving-Systems-international-moving-company-18x8.png 18w, https:\/\/moverdb.com\/wp-content\/uploads\/Corrigan-Moving-Systems-international-moving-company-600x281.png 600w\" sizes=\"auto, (max-width: 1440px) 100vw, 1440px\" \/><\/p>\n<ul>\n<li>Viet\u0113jie un t\u0101lsatiksmes p\u0101rvadi<\/li>\n<li>Starptautiskie p\u0101rvadi<\/li>\n<li>P\u0101rv\u0101k\u0161an\u0101s uz dz\u012bvojam\u0101m telp\u0101m<\/li>\n<li>Komerci\u0101lie p\u0101rvadi<\/li>\n<li>Uz\u0146\u0113mumu p\u0101rvieto\u0161ana<\/li>\n<li>Pakalpojums \"no durv\u012bm l\u012bdz durv\u012bm<\/li>\n<li>Iepako\u0161anas pakalpojums<\/li>\n<li>Muitas atbalsts<\/li>\n<li><a href=\"https:\/\/moverdb.com\/lv\/car-transport-shipping\/\" data-internallinksmanager029f6b8e52c=\"2\" title=\"2026 Starptautiskais autotransports un transportl\u012bdzek\u013cu p\u0101rvad\u0101\u0161anas cit\u0101ti\">Transportl\u012bdzek\u013cu nos\u016bt\u012b\u0161ana<\/a><\/li>\n<li>Uzglab\u0101\u0161anas pakalpojumi<\/li>\n<\/ul>\n<p>Corrigan Moving Systems ir 1929. gad\u0101 dibin\u0101ts pilna servisa p\u0101rvieto\u0161an\u0101s un lo\u0123istikas uz\u0146\u0113mums, kas darbojas 13 viet\u0101s Ohaio \u0161tat\u0101, <a href=\"https:\/\/moverdb.com\/lv\/moving-to-the-united-states\/moving-to-michigan\/\" data-internallinksmanager029f6b8e52c=\"414\" title=\"P\u0101rcel\u0161an\u0101s uz Mi\u010diganu? 2023 Dz\u012bves izmaksas un p\u0101rcel\u0161an\u0101s padomi\">Mi\u010digana<\/a>, <a href=\"https:\/\/moverdb.com\/lv\/moving-to-the-united-states\/moving-to-new-york\/\" data-internallinksmanager029f6b8e52c=\"332\" title=\"P\u0101rcel\u0161an\u0101s uz \u0145ujorku (\u0161tats)? 2023 Dz\u012bves izmaksas un p\u0101rcel\u0161an\u0101s padomi\">\u0145ujorka<\/a> un <a href=\"https:\/\/moverdb.com\/lv\/moving-to-the-united-states\/moving-to-pennsylvania\/\" data-internallinksmanager029f6b8e52c=\"404\" title=\"P\u0101rce\u013caties uz Pensilv\u0101niju? 2023 Dz\u012bves izmaksas un p\u0101rcel\u0161an\u0101s padomi\">Pensilv\u0101nija<\/a>. To atra\u0161an\u0101s vietas Ohaio atrodas Kl\u012bvlend\u0101 un Toledo. Vi\u0146i ir da\u013ca no United Van Lines, kas nodro\u0161ina vi\u0146iem p\u0101rv\u0101k\u0161an\u0101s a\u0123entu t\u012bklu, ar kuru str\u0101d\u0101t. Vi\u0146i ir IAM biedri ar 75 gadu pieredzi un ir akredit\u0113ti FIDI.<\/p>\n<p>Corrigan Moving Systems pied\u0101v\u0101 p\u0101rcel\u0161an\u0101s pakalpojumus no durv\u012bm l\u012bdz durv\u012bm gan priv\u0101tperson\u0101m, gan komercklientiem. Vi\u0146i pied\u0101v\u0101 personaliz\u0113tus p\u0101rcel\u0161an\u0101s paketes, un j\u016bsu p\u0101rcel\u0161an\u0101s koordinators izstr\u0101d\u0101s j\u016bsu situ\u0101cijai piem\u0113rotu p\u0101rcel\u0161an\u0101s strat\u0113\u0123iju. Tas s\u0101kas ar bezmaksas cenu pied\u0101v\u0101jumu un apskati uz vietas vai virtu\u0101lo apskati.<\/p>\n<p>T\u012bmek\u013ca vietne: <a href=\"https:\/\/www.corriganmoving.com\/\" target=\"_blank\" rel=\"noopener\">https:\/\/www.corriganmoving.com\/<\/a><\/p>\n<h2><span class=\"ez-toc-section\" id=\"3_CSNS_Relocation_Services\"><\/span><strong>3. CSNS P\u0101rcel\u0161an\u0101s pakalpojumi<\/strong><span class=\"ez-toc-section-end\"><\/span><\/h2>\n<p><img loading=\"lazy\" decoding=\"async\" class=\"alignnone size-full wp-image-11301\" src=\"https:\/\/moverdb.com\/wp-content\/uploads\/CSNS-Relocation-Services-international-moving-company.png\" alt=\"CSNS P\u0101rcel\u0161an\u0101s pakalpojumi starptautisks p\u0101rcel\u0161an\u0101s uz\u0146\u0113mums\" width=\"1440\" height=\"680\" data-wp-pid=\"11301\" srcset=\"https:\/\/moverdb.com\/wp-content\/uploads\/CSNS-Relocation-Services-international-moving-company.png 1440w, https:\/\/moverdb.com\/wp-content\/uploads\/CSNS-Relocation-Services-international-moving-company-300x142.png 300w, https:\/\/moverdb.com\/wp-content\/uploads\/CSNS-Relocation-Services-international-moving-company-1024x484.png 1024w, https:\/\/moverdb.com\/wp-content\/uploads\/CSNS-Relocation-Services-international-moving-company-18x9.png 18w, https:\/\/moverdb.com\/wp-content\/uploads\/CSNS-Relocation-Services-international-moving-company-600x283.png 600w\" sizes=\"auto, (max-width: 1440px) 100vw, 1440px\" \/><\/p>\n<ul>\n<li>Valsts p\u0101rcel\u0161an\u0101s pakalpojumi<\/li>\n<li>M\u0101jsaimniec\u012bbas p\u0101rvieto\u0161anas pakalpojumi<\/li>\n<li>Izcelsmes pakalpojumi<\/li>\n<li>Galam\u0113r\u0137a pakalpojumi<\/li>\n<li>Profesion\u0101la iesai\u0146o\u0161ana<\/li>\n<li>M\u0113be\u013cu demont\u0101\u017ea un mont\u0101\u017ea<\/li>\n<li>Uzst\u0101d\u012b\u0161anas pakalpojumi<\/li>\n<li>Kalpot\u0101jas pakalpojumi<\/li>\n<li>Atkritumu izve\u0161ana<\/li>\n<\/ul>\n<p>CSNS Relocation Services ir 2002. gad\u0101 dibin\u0101ts valsts m\u0113roga p\u0101rcel\u0161an\u0101s pakalpojumu uz\u0146\u0113mums, kas darbojas <a href=\"https:\/\/moverdb.com\/lv\/moving-to-dublin\/\" data-internallinksmanager029f6b8e52c=\"260\" title=\"P\u0101rce\u013caties uz Dublinu? 2023 Dz\u012bves izmaksas un p\u0101rcel\u0161an\u0101s padomi\">Dublina<\/a>. Vi\u0146iem ir pla\u0161s p\u0101rvieto\u0161an\u0101s uz\u0146\u0113mumu t\u012bkls, ar kuriem tie sadarbojas, lai sniegtu savus pakalpojumus. Vi\u0146i ir IAM biedrs ar 21 gada pieredzi.<\/p>\n<p>CSNS P\u0101rcel\u0161an\u0101s pakalpojumi pied\u0101v\u0101 tre\u0161o pu\u0161u p\u0101rcel\u0161an\u0101s pakalpojumus, lai pal\u012bdz\u0113tu jums gan j\u016bsu izcelsmes, gan galam\u0113r\u0137a valst\u012b. <a href=\"https:\/\/moverdb.com\/lv\/moving-to-the-united-states\/\" data-internallinksmanager029f6b8e52c=\"94\" title=\"P\u0101rce\u013caties uz Amerikas Savienotaj\u0101m Valst\u012bm? 2022 Dz\u012bves izmaksas un p\u0101rcel\u0161an\u0101s padomi\">ASV<\/a>. Vi\u0146i pied\u0101v\u0101 pla\u0161u pakalpojumu kl\u0101stu, ko p\u0101rv\u0101k\u0161an\u0101s uz\u0146\u0113mumi bie\u017ei vien nesniedz, lai pal\u012bdz\u0113tu jums sagatavoties p\u0101rv\u0101k\u0161an\u0101s procesam vai iek\u0101rtoties jaunaj\u0101 m\u0101jokl\u012b, piem\u0113ram, uzst\u0101d\u012bt ier\u012bces, uzst\u0101d\u012bt audiovizu\u0101lo apr\u012bkojumu, uzst\u0101d\u012bt apr\u012bkojumu un sniegt istabenes pakalpojumus.<\/p>\n<p>T\u012bmek\u013ca vietne: <a href=\"http:\/\/www.csnsrelo.com\" target=\"_blank\" rel=\"noopener\">http:\/\/www.csnsrelo.com<\/a><\/p>\n<h2><span class=\"ez-toc-section\" id=\"4_Letz_Get_Moving\"><\/span><strong>4. Letz Get Moving<\/strong><span class=\"ez-toc-section-end\"><\/span><\/h2>\n<p><img loading=\"lazy\" decoding=\"async\" class=\"alignnone size-full wp-image-11364\" src=\"https:\/\/moverdb.com\/wp-content\/uploads\/Letz-Get-Moving-international-moving-company.png\" alt=\"Letz Get Moving starptautisks p\u0101rvietojas uz\u0146\u0113mums\" width=\"1440\" height=\"674\" data-wp-pid=\"11364\" srcset=\"https:\/\/moverdb.com\/wp-content\/uploads\/Letz-Get-Moving-international-moving-company.png 1440w, https:\/\/moverdb.com\/wp-content\/uploads\/Letz-Get-Moving-international-moving-company-300x140.png 300w, https:\/\/moverdb.com\/wp-content\/uploads\/Letz-Get-Moving-international-moving-company-1024x479.png 1024w, https:\/\/moverdb.com\/wp-content\/uploads\/Letz-Get-Moving-international-moving-company-18x8.png 18w, https:\/\/moverdb.com\/wp-content\/uploads\/Letz-Get-Moving-international-moving-company-600x281.png 600w\" sizes=\"auto, (max-width: 1440px) 100vw, 1440px\" \/><\/p>\n<ul>\n<li>P\u0101rcel\u0161an\u0101s uz citu valsti<\/li>\n<li>Starptautisk\u0101s p\u0101rvieto\u0161anas<\/li>\n<li>M\u0101jsaimniec\u012bbas p\u0101rvieto\u0161ana<\/li>\n<li>Pakalpojums \"no durv\u012bm l\u012bdz durv\u012bm<\/li>\n<li>Iepako\u0161anas pakalpojums<\/li>\n<li>Transports<\/li>\n<li>Konteineru iesp\u0113ju izv\u0113le<\/li>\n<li>Muito\u0161ana<\/li>\n<li>Transportl\u012bdzek\u013cu transport\u0113\u0161ana<\/li>\n<li>Dro\u0161a uzglab\u0101\u0161ana<\/li>\n<\/ul>\n<p>Letz Get Moving ir starppils\u0113tu un starptautiska p\u0101rcel\u0161an\u0101s uz\u0146\u0113mums ar 10 gadu pieredzi, un tam ir p\u0101rst\u0101vniec\u012bbas Twinsburg\u0101, Baltimor\u0101 un Baltimor\u0101. <a href=\"https:\/\/moverdb.com\/lv\/moving-to-los-angeles\/\" data-internallinksmanager029f6b8e52c=\"51\" title=\"P\u0101rce\u013caties uz Losand\u017eelosu? 2026 Dz\u012bves izmaksas Losand\u017eelos\u0101 un p\u0101rcel\u0161an\u0101s padomi\">Losand\u017eelosa<\/a>. Vi\u0146i ir IAM biedri ar se\u0161u gadu pieredzi.<\/p>\n<p>Letz Get Moving pied\u0101v\u0101 visaptvero\u0161us p\u0101rcel\u0161an\u0101s pakalpojumus, kas nodro\u0161in\u0101s j\u016bsu p\u0101rcel\u0161anos no s\u0101kuma l\u012bdz beig\u0101m. Vi\u0146i nodro\u0161ina galveno kontaktpersonu, kas koordin\u0113s un pl\u0101no j\u016bsu p\u0101rcel\u0161anos. Vi\u0146i profesion\u0101li iesai\u0146os j\u016bsu mantas un pied\u0101v\u0101s piel\u0101gotus iesai\u0146o\u0161anas pakalpojumus. Vi\u0146i mar\u0137\u0113s j\u016bsu mantas un izveidos invent\u0101ra sarakstu. P\u0113c iera\u0161an\u0101s vi\u0146i izpakos un samont\u0113s m\u0113beles, k\u0101 ar\u012b aizv\u0101ks visus gru\u017eus.<\/p>\n<p>T\u012bmek\u013ca vietne: <a href=\"http:\/\/www.letzgetmoving.com\" target=\"_blank\" rel=\"noopener\">http:\/\/www.letzgetmoving.com<\/a><\/p>\n<h2><span class=\"ez-toc-section\" id=\"5_Moving_Ahead_Services\"><\/span><strong>5. Moving Ahead pakalpojumi<\/strong><span class=\"ez-toc-section-end\"><\/span><\/h2>\n<p><img loading=\"lazy\" decoding=\"async\" class=\"alignnone size-full wp-image-11387\" src=\"https:\/\/moverdb.com\/wp-content\/uploads\/Moving-Ahead-Services-international-moving-company.png\" alt=\"Moving Ahead Services starptautisks p\u0101rvietojas uz\u0146\u0113mums\" width=\"1440\" height=\"672\" data-wp-pid=\"11387\" srcset=\"https:\/\/moverdb.com\/wp-content\/uploads\/Moving-Ahead-Services-international-moving-company.png 1440w, https:\/\/moverdb.com\/wp-content\/uploads\/Moving-Ahead-Services-international-moving-company-300x140.png 300w, https:\/\/moverdb.com\/wp-content\/uploads\/Moving-Ahead-Services-international-moving-company-1024x478.png 1024w, https:\/\/moverdb.com\/wp-content\/uploads\/Moving-Ahead-Services-international-moving-company-18x8.png 18w, https:\/\/moverdb.com\/wp-content\/uploads\/Moving-Ahead-Services-international-moving-company-600x280.png 600w\" sizes=\"auto, (max-width: 1440px) 100vw, 1440px\" \/><\/p>\n<ul>\n<li>Viet\u0113jie p\u0101rv\u0101k\u0161an\u0101s un t\u0101lsatiksmes p\u0101rv\u0101k\u0161an\u0101s<\/li>\n<li>Starptautiskie p\u0101rvadi<\/li>\n<li>M\u0101jsaimniec\u012bbas p\u0101rv\u0101k\u0161an\u0101s<\/li>\n<li>Komerci\u0101lie p\u0101rvadi<\/li>\n<li>Uz\u0146\u0113mumu p\u0101rvieto\u0161ana<\/li>\n<li>Piel\u0101gots p\u0101rvieto\u0161an\u0101s pl\u0101ns<\/li>\n<li>Pilna servisa vai tikai darba iesp\u0113ju izv\u0113le<\/li>\n<li>Iepako\u0161anas pakalpojumi<\/li>\n<li>Transport\u0113\u0161anas organiz\u0113\u0161ana<\/li>\n<li>Uzglab\u0101\u0161anas iek\u0101rtas<\/li>\n<\/ul>\n<p>Moving Ahead Services ir p\u0101rvieto\u0161an\u0101s uz\u0146\u0113mums, kas darbojas Kl\u012bvlend\u0101, Kolumbus\u0101, Sinsinati, \u0160arlot\u0113 un Pitsburg\u0101. Uz\u0146\u0113mums ir IAM biedrs ar 18 gadu pieredzi, kas tam nodro\u0161ina piek\u013cuvi p\u0101rcel\u0161an\u0101s a\u0123entu t\u012bklam, ar ko sadarboties.<\/p>\n<p>Moving Ahead Services aizpild\u012bs tie\u0161saistes vai pa t\u0101lruni <a href=\"https:\/\/moverdb.com\/lv\/quotes\/\" data-internallinksmanager029f6b8e52c=\"26\" title=\"Starptautisk\u0101s p\u0101rcel\u0161an\u0101s cit\u0101ti: 12 jaut\u0101jumi, kas j\u0101uzdod J\u016bsu P\u0101rvad\u0101t\u0101jam: 12 jaut\u0101jumi, kas j\u0101uzdod J\u016bsu P\u0101rvad\u0101t\u0101jam\">p\u0101rvietojas cit\u0101ts<\/a>. Vi\u0146i izveidos j\u016bsu vajadz\u012bb\u0101m piel\u0101gotu p\u0101rcel\u0161an\u0101s pl\u0101nu. Vi\u0146i pied\u0101v\u0101 pilnu pakalpojumu kl\u0101stu, k\u0101 ar\u012b tikai ar darbu saist\u012btas iepako\u0161anas un uzglab\u0101\u0161anas iesp\u0113jas, k\u0101 ar\u012b iesp\u0113ju izv\u0113l\u0113ties papildu pakalpojumus. J\u016bsu \u012bpa\u0161ais klientu apkalpo\u0161anas p\u0101rst\u0101vis sniegs jums nor\u0101d\u012bjumus par p\u0101rcel\u0161an\u0101s procesu un iesp\u0113j\u0101m.<\/p>\n<p>T\u012bmek\u013ca vietne: <a href=\"https:\/\/movingaheadservices.com\/\" target=\"_blank\" rel=\"noopener\">https:\/\/movingaheadservices.com\/<\/a><\/p>\n<h2><span class=\"ez-toc-section\" id=\"6_Planes_Moving_Storage\"><\/span><strong>6. Lidma\u0161\u012bnu p\u0101rvieto\u0161ana un uzglab\u0101\u0161ana<\/strong><span class=\"ez-toc-section-end\"><\/span><\/h2>\n<p><img loading=\"lazy\" decoding=\"async\" class=\"alignnone size-full wp-image-11410\" src=\"https:\/\/moverdb.com\/wp-content\/uploads\/Planes-Moving-Storage-international-moving-company.png\" alt=\"Planes Moving &amp; Storage starptautiskais p\u0101rvieto\u0161an\u0101s uz\u0146\u0113mums\" width=\"1440\" height=\"660\" data-wp-pid=\"11410\" srcset=\"https:\/\/moverdb.com\/wp-content\/uploads\/Planes-Moving-Storage-international-moving-company.png 1440w, https:\/\/moverdb.com\/wp-content\/uploads\/Planes-Moving-Storage-international-moving-company-300x138.png 300w, https:\/\/moverdb.com\/wp-content\/uploads\/Planes-Moving-Storage-international-moving-company-1024x469.png 1024w, https:\/\/moverdb.com\/wp-content\/uploads\/Planes-Moving-Storage-international-moving-company-18x8.png 18w, https:\/\/moverdb.com\/wp-content\/uploads\/Planes-Moving-Storage-international-moving-company-600x275.png 600w\" sizes=\"auto, (max-width: 1440px) 100vw, 1440px\" \/><\/p>\n<ul>\n<li>Viet\u0113jie un t\u0101lsatiksmes p\u0101rvadi<\/li>\n<li>Starptautiskie p\u0101rvadi<\/li>\n<li>M\u0101jsaimniec\u012bbas p\u0101rcel\u0161an\u0101s<\/li>\n<li>Uz\u0146\u0113m\u0113jdarb\u012bbas virzieni<\/li>\n<li>P\u0101rvieto\u0161anas p\u0101rvald\u012bba<\/li>\n<li>Iepako\u0161anas pakalpojums<\/li>\n<li>Gaisa, j\u016bras un dzelzce\u013ca p\u0101rvad\u0101jumi<\/li>\n<li>Dokument\u0101cijas atbalsts<\/li>\n<li>Transportl\u012bdzek\u013cu transport\u0113\u0161ana<\/li>\n<li>Uzglab\u0101\u0161anas iek\u0101rtas<\/li>\n<\/ul>\n<p>Planes Moving &amp; Storage ir 1921. gad\u0101 dibin\u0101ts uz\u0146\u0113mums, kas darbojas Sinsinati, Deiton\u0101 un Kolumbus\u0101 Ohaio \u0161tat\u0101, k\u0101 ar\u012b Indianapol\u0113 un D\u017eord\u017eij\u0101. <a href=\"https:\/\/moverdb.com\/lv\/moving-to-chicago\/\" data-internallinksmanager029f6b8e52c=\"39\" title=\"P\u0101rcel\u0161an\u0101s uz \u010cik\u0101gu? 2022 Dz\u012bves izmaksas un p\u0101rcel\u0161an\u0101s padomi\">\u010cik\u0101ga<\/a>.  Vi\u0146i ir United Van Lines partneris, un vi\u0146iem ir sp\u0113c\u012bga partneru pieg\u0101des \u0137\u0113de, lai sniegtu savus pakalpojumus starptautisk\u0101 m\u0113rog\u0101. Uz\u0146\u0113mums ir IAM biedrs ar 103 gadu pieredzi un ir akredit\u0113ts FIDI.<\/p>\n<p>Planes Moving &amp; Storage nodro\u0161ina pieredz\u0113ju\u0161u p\u0101rcel\u0161an\u0101s koordinatoru, kas str\u0101d\u0101s ar jums un izstr\u0101d\u0101s j\u016bsu vajadz\u012bb\u0101m atbilsto\u0161u p\u0101rcel\u0161an\u0101s pl\u0101nu. Vi\u0146i pied\u0101v\u0101 pilnu iepako\u0161anas pakalpojumu ar apm\u0101c\u012bt\u0101m iepako\u0161anas komand\u0101m, un vi\u0146i aizsarg\u0101s v\u0113rt\u012bgus un trauslus priek\u0161metus.<\/p>\n<p>T\u012bmek\u013ca vietne: <a href=\"http:\/\/www.planescompanies.com\/\" target=\"_blank\" rel=\"noopener\">http:\/\/www.planescompanies.com\/<\/a><\/p>","protected":false},"excerpt":{"rendered":"<p>Are you planning a move? Then you may want to engage the services of a moving company to reduce the workload and pressure of moving. They can organise, pack and transport your belongings as well as handle customs if you are moving country. Below we have compiled a list of Ohio based removal companies that [&hellip;]<\/p>\n","protected":false},"author":4,"featured_media":11255,"parent":190,"menu_order":0,"comment_status":"closed","ping_status":"closed","template":"","meta":{"_genesis_hide_title":false,"_genesis_hide_breadcrumbs":false,"_genesis_hide_singular_image":false,"_genesis_hide_footer_widgets":false,"_genesis_custom_body_class":"","_genesis_custom_post_class":"","_genesis_layout":"","footnotes":""},"class_list":{"0":"post-11648","1":"page","2":"type-page","3":"status-publish","4":"has-post-thumbnail","6":"entry"},"_links":{"self":[{"href":"https:\/\/moverdb.com\/lv\/wp-json\/wp\/v2\/pages\/11648","targetHints":{"allow":["GET"]}}],"collection":[{"href":"https:\/\/moverdb.com\/lv\/wp-json\/wp\/v2\/pages"}],"about":[{"href":"https:\/\/moverdb.com\/lv\/wp-json\/wp\/v2\/types\/page"}],"author":[{"embeddable":true,"href":"https:\/\/moverdb.com\/lv\/wp-json\/wp\/v2\/users\/4"}],"replies":[{"embeddable":true,"href":"https:\/\/moverdb.com\/lv\/wp-json\/wp\/v2\/comments?post=11648"}],"version-history":[{"count":2,"href":"https:\/\/moverdb.com\/lv\/wp-json\/wp\/v2\/pages\/11648\/revisions"}],"predecessor-version":[{"id":11650,"href":"https:\/\/moverdb.com\/lv\/wp-json\/wp\/v2\/pages\/11648\/revisions\/11650"}],"up":[{"embeddable":true,"href":"https:\/\/moverdb.com\/lv\/wp-json\/wp\/v2\/pages\/190"}],"wp:featuredmedia":[{"embeddable":true,"href":"https:\/\/moverdb.com\/lv\/wp-json\/wp\/v2\/media\/11255"}],"wp:attachment":[{"href":"https:\/\/moverdb.com\/lv\/wp-json\/wp\/v2\/media?parent=11648"}],"curies":[{"name":"wp","href":"https:\/\/api.w.org\/{rel}","templated":true}]}}