{"id":11645,"date":"2023-11-29T10:51:46","date_gmt":"2023-11-29T10:51:46","guid":{"rendered":"https:\/\/moverdb.com\/?page_id=11645"},"modified":"2026-01-08T15:29:00","modified_gmt":"2026-01-08T15:29:00","slug":"moving-companies-us-north-carolina","status":"publish","type":"page","link":"https:\/\/moverdb.com\/lv\/moving-companies\/moving-companies-us-north-carolina\/","title":{"rendered":"5 Lab\u0101kie starptautisk\u0101s p\u0101rcel\u0161an\u0101s uz\u0146\u0113mumi Zieme\u013ckarol\u012bn\u0101"},"content":{"rendered":"<p>P\u0101rcel\u0161an\u0101s var b\u016bt viens no stresa pilnajiem dz\u012bves posmiem, t\u0101p\u0113c k\u0101p\u0113c gan nesamazin\u0101t spiedienu, izmantojot a <a href=\"https:\/\/moverdb.com\/lv\/moving-companies\/\" data-internallinksmanager029f6b8e52c=\"79\" title=\"Top 25 Starptautiskie p\u0101rcel\u0161an\u0101s uz\u0146\u0113mumi tie\u0161saist\u0113\">P\u0101rvieto\u0161an\u0101s uz\u0146\u0113mums<\/a> veikt da\u013cu darba j\u016bsu viet\u0101? Tas var ietvert p\u0101rcel\u0161an\u0101s pl\u0101no\u0161anu, j\u016bsu mantu iepako\u0161anu, transporta organiz\u0113\u0161anu un muitas formalit\u0101\u0161u k\u0101rto\u0161anu. Zem\u0101k m\u0113s esam apkopoju\u0161i sarakstu ar <a href=\"https:\/\/moverdb.com\/lv\/moving-to-the-united-states\/moving-to-north-carolina\/\" data-internallinksmanager029f6b8e52c=\"411\" title=\"P\u0101rcel\u0161an\u0101s uz Zieme\u013ckarol\u012bnu? 2023 Dz\u012bves izmaksas un p\u0101rcel\u0161an\u0101s padomi\">Zieme\u013ckarol\u012bna<\/a> pamatojoties uz <a href=\"https:\/\/moverdb.com\/lv\/international-removals\/\" data-internallinksmanager029f6b8e52c=\"27\" title=\"36 Lab\u0101kie starptautisko p\u0101rvad\u0101jumu uz\u0146\u0113mumi Apvienotaj\u0101 Karalist\u0113\">p\u0101rv\u0101k\u0161an\u0101s uz\u0146\u0113mumi<\/a> kas ir <a href=\"https:\/\/moverdb.com\/lv\/iam\/\" data-internallinksmanager029f6b8e52c=\"23\" title=\"Starptautisk\u0101s P\u0101rv\u0101c\u0113ju asoci\u0101cijas (IAM) skaidrojumi\">Starptautisk\u0101 P\u0101rv\u0101c\u0113ju asoci\u0101cija<\/a> (IAM) un\/vai <a href=\"https:\/\/moverdb.com\/lv\/fidi-faim\/\" data-internallinksmanager029f6b8e52c=\"16\" title=\"FIDI un FAIM (FIDI akredit\u0113tais starptautiskais p\u0101rvietot\u0101js) skaidrojums\">FIDI<\/a> Akredit\u0113ti starptautiskie p\u0101rv\u0101c\u0113ji (FAIM), kas var\u0113tu jums pal\u012bdz\u0113t p\u0101rcelties.<\/p>\n<div id=\"ez-toc-container\" class=\"ez-toc-v2_0_82_2 ez-toc-wrap-left counter-hierarchy ez-toc-counter ez-toc-transparent ez-toc-container-direction\">\n<div class=\"ez-toc-title-container\">\n<p class=\"ez-toc-title\" style=\"cursor:inherit\">Sada\u013cas<\/p>\n<span class=\"ez-toc-title-toggle\"><a href=\"#\" class=\"ez-toc-pull-right ez-toc-btn ez-toc-btn-xs ez-toc-btn-default ez-toc-toggle\" aria-label=\"P\u0101rsl\u0113gt satura tabulu\"><span class=\"ez-toc-js-icon-con\"><span class=\"\"><span class=\"eztoc-hide\" style=\"display:none;\">P\u0101rsl\u0113gt<\/span><span class=\"ez-toc-icon-toggle-span\"><svg style=\"fill: #999;color:#999\" xmlns=\"http:\/\/www.w3.org\/2000\/svg\" class=\"list-377408\" width=\"20px\" height=\"20px\" viewbox=\"0 0 24 24\" fill=\"none\"><path d=\"M6 6H4v2h2V6zm14 0H8v2h12V6zM4 11h2v2H4v-2zm16 0H8v2h12v-2zM4 16h2v2H4v-2zm16 0H8v2h12v-2z\" fill=\"currentColor\"><\/path><\/svg><svg style=\"fill: #999;color:#999\" class=\"arrow-unsorted-368013\" xmlns=\"http:\/\/www.w3.org\/2000\/svg\" width=\"10px\" height=\"10px\" viewbox=\"0 0 24 24\" version=\"1.2\" baseprofile=\"tiny\"><path d=\"M18.2 9.3l-6.2-6.3-6.2 6.3c-.2.2-.3.4-.3.7s.1.5.3.7c.2.2.4.3.7.3h11c.3 0 .5-.1.7-.3.2-.2.3-.5.3-.7s-.1-.5-.3-.7zM5.8 14.7l6.2 6.3 6.2-6.3c.2-.2.3-.5.3-.7s-.1-.5-.3-.7c-.2-.2-.4-.3-.7-.3h-11c-.3 0-.5.1-.7.3-.2.2-.3.5-.3.7s.1.5.3.7z\"\/><\/svg><\/span><\/span><\/span><\/a><\/span><\/div>\n<nav><ul class='ez-toc-list ez-toc-list-level-1 eztoc-toggle-hide-by-default' ><li class='ez-toc-page-1 ez-toc-heading-level-2'><a class=\"ez-toc-link ez-toc-heading-1\" href=\"https:\/\/moverdb.com\/lv\/moving-companies\/moving-companies-us-north-carolina\/#1_All_American_Relocation\" >1. All American Relocation<\/a><\/li><li class='ez-toc-page-1 ez-toc-heading-level-2'><a class=\"ez-toc-link ez-toc-heading-2\" href=\"https:\/\/moverdb.com\/lv\/moving-companies\/moving-companies-us-north-carolina\/#2_Hilldrup\" >2. Hilldrup<\/a><\/li><li class='ez-toc-page-1 ez-toc-heading-level-2'><a class=\"ez-toc-link ez-toc-heading-3\" href=\"https:\/\/moverdb.com\/lv\/moving-companies\/moving-companies-us-north-carolina\/#3_Sandhills_Moving_Storage\" >3. Sandhills Moving &amp; Storage<\/a><\/li><li class='ez-toc-page-1 ez-toc-heading-level-2'><a class=\"ez-toc-link ez-toc-heading-4\" href=\"https:\/\/moverdb.com\/lv\/moving-companies\/moving-companies-us-north-carolina\/#4_Seacorp\" >4. Seacorp<\/a><\/li><li class='ez-toc-page-1 ez-toc-heading-level-2'><a class=\"ez-toc-link ez-toc-heading-5\" href=\"https:\/\/moverdb.com\/lv\/moving-companies\/moving-companies-us-north-carolina\/#5_Zippy_Shell\" >5. Zippy Shell<\/a><\/li><\/ul><\/nav><\/div>\n<h2><span class=\"ez-toc-section\" id=\"1_All_American_Relocation\"><\/span><strong>1. All American Relocation<\/strong><span class=\"ez-toc-section-end\"><\/span><\/h2>\n<p><img loading=\"lazy\" decoding=\"async\" class=\"alignnone size-full wp-image-11251\" src=\"https:\/\/moverdb.com\/wp-content\/uploads\/All-American-Relocation-international-moving-company.png\" alt=\"All American Relocation starptautiskais p\u0101rcel\u0161an\u0101s uz\u0146\u0113mums\" width=\"1440\" height=\"675\" data-wp-pid=\"11251\" srcset=\"https:\/\/moverdb.com\/wp-content\/uploads\/All-American-Relocation-international-moving-company.png 1440w, https:\/\/moverdb.com\/wp-content\/uploads\/All-American-Relocation-international-moving-company-300x141.png 300w, https:\/\/moverdb.com\/wp-content\/uploads\/All-American-Relocation-international-moving-company-1024x480.png 1024w, https:\/\/moverdb.com\/wp-content\/uploads\/All-American-Relocation-international-moving-company-18x8.png 18w, https:\/\/moverdb.com\/wp-content\/uploads\/All-American-Relocation-international-moving-company-600x281.png 600w\" sizes=\"auto, (max-width: 1440px) 100vw, 1440px\" \/><\/p>\n<ul>\n<li>Viet\u0113jie un t\u0101lsatiksmes p\u0101rvadi<\/li>\n<li>Starptautiskie p\u0101rvadi<\/li>\n<li>P\u0101rv\u0101k\u0161an\u0101s uz dz\u012bvojam\u0101m telp\u0101m<\/li>\n<li>Biroju p\u0101rcel\u0161an\u0101s<\/li>\n<li>Darbinieku p\u0101rvieto\u0161ana<\/li>\n<li>Pakalpojums \"no durv\u012bm l\u012bdz durv\u012bm<\/li>\n<li>Iepako\u0161anas pakalpojums<\/li>\n<li>Gaisa, oke\u0101na un sauszemes transports<\/li>\n<li><a href=\"https:\/\/moverdb.com\/lv\/car-transport-shipping\/\" data-internallinksmanager029f6b8e52c=\"2\" title=\"2026 Starptautiskais autotransports un transportl\u012bdzek\u013cu p\u0101rvad\u0101\u0161anas cit\u0101ti\">Transportl\u012bdzek\u013cu nos\u016bt\u012b\u0161ana<\/a><\/li>\n<li>\u012astermi\u0146a un ilgtermi\u0146a uzglab\u0101\u0161ana<\/li>\n<\/ul>\n<p>All American Relocation ir pilna servisa p\u0101rcel\u0161an\u0101s uz\u0146\u0113mums, kas atrodas Rayleigh un Charlotte. Vi\u0146i ir Mayflower a\u0123enti, kas nodro\u0161ina vi\u0146iem p\u0101rcel\u0161an\u0101s a\u0123entu t\u012bklu, ar kuru sadarboties. Uz\u0146\u0113mums ir IAM biedrs ar 25 gadu pieredzi.<\/p>\n<p>All American Relocation pied\u0101v\u0101 bezmaksas <a href=\"https:\/\/moverdb.com\/lv\/quotes\/\" data-internallinksmanager029f6b8e52c=\"26\" title=\"Starptautisk\u0101s p\u0101rcel\u0161an\u0101s cit\u0101ti: 12 jaut\u0101jumi, kas j\u0101uzdod J\u016bsu P\u0101rvad\u0101t\u0101jam: 12 jaut\u0101jumi, kas j\u0101uzdod J\u016bsu P\u0101rvad\u0101t\u0101jam\">p\u0101rvietojas cit\u0101ts<\/a> un video apsekojumu, lai nov\u0113rt\u0113tu j\u016bsu vajadz\u012bbas. Vi\u0146i sniedz pakalpojumus \"no durv\u012bm l\u012bdz durv\u012bm\", un j\u016bsu p\u0101rv\u0101k\u0161an\u0101s vad\u012bbu nodro\u0161ina \u012bpa\u0161s p\u0101rv\u0101k\u0161an\u0101s koordinators. Vi\u0146i nodro\u0161ina apm\u0101c\u012btu iepako\u0161anas komandu, kas izmanto augst\u0101k\u0101s kvalit\u0101tes iepako\u0161anas materi\u0101lus, kuri atbilst starptautiskajiem standartiem. Vi\u0146i pied\u0101v\u0101 ar\u012b transportl\u012bdzek\u013cu p\u0101rvad\u0101\u0161anu, izcelsmes un galam\u0113r\u0137a pakalpojumus Zieme\u013ckarol\u012bn\u0101 un uzglab\u0101\u0161anas iesp\u0113jas.<\/p>\n<p>T\u012bmek\u013ca vietne: <a href=\"http:\/\/www.aarelocation.com\" target=\"_blank\" rel=\"noopener\">http:\/\/www.aarelocation.com<\/a><\/p>\n<h2><span class=\"ez-toc-section\" id=\"2_Hilldrup\"><\/span><strong>2. Hilldrup<\/strong><span class=\"ez-toc-section-end\"><\/span><\/h2>\n<p><img loading=\"lazy\" decoding=\"async\" class=\"alignnone size-full wp-image-11339\" src=\"https:\/\/moverdb.com\/wp-content\/uploads\/Hilldrup-international-moving-company.png\" alt=\"Hilldrup starptautiskais p\u0101rcel\u0161an\u0101s uz\u0146\u0113mums\" width=\"1440\" height=\"674\" data-wp-pid=\"11339\" srcset=\"https:\/\/moverdb.com\/wp-content\/uploads\/Hilldrup-international-moving-company.png 1440w, https:\/\/moverdb.com\/wp-content\/uploads\/Hilldrup-international-moving-company-300x140.png 300w, https:\/\/moverdb.com\/wp-content\/uploads\/Hilldrup-international-moving-company-1024x479.png 1024w, https:\/\/moverdb.com\/wp-content\/uploads\/Hilldrup-international-moving-company-18x8.png 18w, https:\/\/moverdb.com\/wp-content\/uploads\/Hilldrup-international-moving-company-600x281.png 600w\" sizes=\"auto, (max-width: 1440px) 100vw, 1440px\" \/><\/p>\n<ul>\n<li>Viet\u0113jie un t\u0101lsatiksmes p\u0101rvadi<\/li>\n<li>Starptautisk\u0101s p\u0101rvieto\u0161anas<\/li>\n<li>P\u0101rv\u0101k\u0161an\u0101s uz dz\u012bvojam\u0101m telp\u0101m<\/li>\n<li>Komerci\u0101lo un biroju p\u0101rvieto\u0161ana<\/li>\n<li>Darbinieku p\u0101rvieto\u0161ana<\/li>\n<li>Specializ\u0113ts p\u0101rcel\u0161an\u0101s konsultants<\/li>\n<li>Virtu\u0101la aptauja<\/li>\n<li>Iepako\u0161anas pakalpojums<\/li>\n<li>Aizsarg\u0101jiet savu m\u0101ju<\/li>\n<li>\u012astermi\u0146a un ilgtermi\u0146a uzglab\u0101\u0161ana<\/li>\n<\/ul>\n<p>Hilldrup ir 1903. gad\u0101 dibin\u0101ts p\u0101rvieto\u0161anas, uzglab\u0101\u0161anas un lo\u0123istikas uz\u0146\u0113mums ar 10 fili\u0101l\u0113m, tostarp \u0160arlot\u0113 un G\u0101rner\u0101, Zieme\u013ckarol\u012bn\u0101. Uz\u0146\u0113mums ir saist\u012bts ar United Van Lines un Mayflower Transit, kas nodro\u0161ina pla\u0161u a\u0123entu t\u012bklu. Uz\u0146\u0113mums ir IAM biedrs ar 120 gadu pieredzi un ir akredit\u0113ts FIDI.<\/p>\n<p>Hilldrup pied\u0101v\u0101 j\u016bsu vajadz\u012bb\u0101m piel\u0101gotus p\u0101rcel\u0161an\u0101s risin\u0101jumus, pied\u0101v\u0101jot virkni pakalpojumu, kas ietver gan pilna servisa iepako\u0161anas pakalpojumus, gan DIY iesp\u0113jas. P\u0101rcel\u0161an\u0101s konsultants ir vienots kontaktpunkts, ar kuru var sazin\u0101ties vis\u0101 p\u0101rcel\u0161an\u0101s laik\u0101. Iepako\u0161anas pakalpojumos tiek izmantoti lab\u0101kie iepakojuma materi\u0101li, k\u0101 ar\u012b p\u0113c pas\u016bt\u012bjuma tiek iesai\u0146oti un iepakoti trausli priek\u0161meti.<\/p>\n<p>T\u012bmek\u013ca vietne: <a href=\"https:\/\/www.hilldrup.com\/\" target=\"_blank\" rel=\"noopener\">https:\/\/www.hilldrup.com\/\/<\/a><\/p>\n<h2><span class=\"ez-toc-section\" id=\"3_Sandhills_Moving_Storage\"><\/span><strong>3. Sandhills Moving &amp; Storage<\/strong><span class=\"ez-toc-section-end\"><\/span><\/h2>\n<p><img loading=\"lazy\" decoding=\"async\" class=\"alignnone size-full wp-image-11433\" src=\"https:\/\/moverdb.com\/wp-content\/uploads\/Sandhill-Moving-Storage-international-moving-company.png\" alt=\"Sandhill Moving &amp; Storage starptautiskais p\u0101rvieto\u0161an\u0101s uz\u0146\u0113mums\" width=\"1440\" height=\"676\" data-wp-pid=\"11433\" srcset=\"https:\/\/moverdb.com\/wp-content\/uploads\/Sandhill-Moving-Storage-international-moving-company.png 1440w, https:\/\/moverdb.com\/wp-content\/uploads\/Sandhill-Moving-Storage-international-moving-company-300x141.png 300w, https:\/\/moverdb.com\/wp-content\/uploads\/Sandhill-Moving-Storage-international-moving-company-1024x481.png 1024w, https:\/\/moverdb.com\/wp-content\/uploads\/Sandhill-Moving-Storage-international-moving-company-18x8.png 18w, https:\/\/moverdb.com\/wp-content\/uploads\/Sandhill-Moving-Storage-international-moving-company-600x282.png 600w\" sizes=\"auto, (max-width: 1440px) 100vw, 1440px\" \/><\/p>\n<ul>\n<li>Viet\u0113jie un t\u0101lsatiksmes p\u0101rvadi<\/li>\n<li>Starptautiskie p\u0101rvadi<\/li>\n<li>P\u0101rv\u0101k\u0161an\u0101s uz dz\u012bvojam\u0101m telp\u0101m<\/li>\n<li>Komerci\u0101lo un biroju p\u0101rvieto\u0161ana<\/li>\n<li>Person\u012bgais p\u0101rcel\u0161an\u0101s koordinators<\/li>\n<li>Iepako\u0161anas pakalpojums<\/li>\n<li>Transporta pas\u0101kumi<\/li>\n<li>Muitas atbalsts<\/li>\n<li>S\u016bt\u012bjumu izseko\u0161ana<\/li>\n<li>Uzglab\u0101\u0161anas iek\u0101rtas<\/li>\n<\/ul>\n<p>Sandhills Moving &amp; Storage ir p\u0101rvieto\u0161an\u0101s uz\u0146\u0113mums, kas specializ\u0113jas transport\u0113\u0161an\u0101 un uzglab\u0101\u0161an\u0101 un atrodas Southern Pines, Sanford un Pittsboro. Tas ir Mayflower p\u0101rcel\u0161an\u0101s uz\u0146\u0113mums ar pilnu pakalpojumu kl\u0101stu, kas nodro\u0161ina piek\u013cuvi starptautiskam p\u0101rcel\u0161an\u0101s a\u0123entu t\u012bklam vair\u0101k nek\u0101 180 valst\u012bs, un tas ir IAM biedrs.<\/p>\n<p>Sandhills Moving &amp; Storage pied\u0101v\u0101 visaptvero\u0161us p\u0101rcel\u0161an\u0101s p\u0101rvald\u012bbas pakalpojumus un pie\u0161\u0137irs person\u012bgu p\u0101rcel\u0161an\u0101s koordinatoru, kas pal\u012bdz\u0113s jums vis\u0101 p\u0101rcel\u0161an\u0101s laik\u0101. Vi\u0146i pied\u0101v\u0101 piel\u0101gotus p\u0101rcel\u0161an\u0101s pakalpojumus, kas ietver iepako\u0161anas pakalpojumus, transport\u0113\u0161anas organiz\u0113\u0161anu un dokument\u0101cijas un muitas k\u0101rto\u0161anu. Vi\u0146i pied\u0101v\u0101 ar\u012b \u012bstermi\u0146a uzglab\u0101\u0161anas iesp\u0113jas.<\/p>\n<p>T\u012bmek\u013ca vietne: <a href=\"http:\/\/www.sandhillsmoving.com\" target=\"_blank\" rel=\"noopener\">http:\/\/www.sandhillsmoving.com<\/a><\/p>\n<h2><span class=\"ez-toc-section\" id=\"4_Seacorp\"><\/span><strong>4. Seacorp<\/strong><span class=\"ez-toc-section-end\"><\/span><\/h2>\n<p><img loading=\"lazy\" decoding=\"async\" class=\"alignnone size-full wp-image-11438\" src=\"https:\/\/moverdb.com\/wp-content\/uploads\/Seacorp-international-moving-company.png\" alt=\"Seacorp starptautisk\u0101 p\u0101rcel\u0161an\u0101s uz\u0146\u0113mums\" width=\"1440\" height=\"676\" data-wp-pid=\"11438\" srcset=\"https:\/\/moverdb.com\/wp-content\/uploads\/Seacorp-international-moving-company.png 1440w, https:\/\/moverdb.com\/wp-content\/uploads\/Seacorp-international-moving-company-300x141.png 300w, https:\/\/moverdb.com\/wp-content\/uploads\/Seacorp-international-moving-company-1024x481.png 1024w, https:\/\/moverdb.com\/wp-content\/uploads\/Seacorp-international-moving-company-18x8.png 18w, https:\/\/moverdb.com\/wp-content\/uploads\/Seacorp-international-moving-company-600x282.png 600w\" sizes=\"auto, (max-width: 1440px) 100vw, 1440px\" \/><\/p>\n<ul>\n<li>Valsts kravu p\u0101rvad\u0101jumi<\/li>\n<li>Starptautiskie kravu p\u0101rvad\u0101jumi<\/li>\n<li>Lo\u0123istika no durv\u012bm l\u012bdz durv\u012bm<\/li>\n<li>Pieg\u0101des p\u0101rvald\u012bba<\/li>\n<li>Iesai\u0146o\u0161ana un pale\u0161u veido\u0161ana<\/li>\n<li>Gaisa, j\u016bras un kravas automa\u0161\u012bnu p\u0101rvad\u0101jumi<\/li>\n<li>S\u016bt\u012bjumu izseko\u0161ana<\/li>\n<li>Muito\u0161ana<\/li>\n<li>Importa un eksporta apstr\u0101de<\/li>\n<li>Apdro\u0161in\u0101\u0161ana<\/li>\n<\/ul>\n<p>Seacorp ir lo\u0123istikas uz\u0146\u0113mums, kas dibin\u0101ts 1998. gad\u0101 un atrodas Linkolnton\u0101, Zieme\u013ckarol\u012bn\u0101. Uz\u0146\u0113mumam ir pla\u0161s glob\u0101ls a\u0123entu t\u012bkls, kas pal\u012bdz sniegt pakalpojumus vis\u0101 pasaul\u0113. Uz\u0146\u0113mums ir IAM biedrs ar 25 gadu pieredzi.<\/p>\n<p>Seacorp mekl\u0113s viskonkur\u0113tsp\u0113j\u012bg\u0101kos tarifus un lab\u0101kos tranz\u012bta laikus j\u016bsu s\u016bt\u012bjumam. Vi\u0146i var organiz\u0113t p\u0101rvad\u0101jumus pa gaisu, oke\u0101nu vai kravas automa\u0161\u012bn\u0101m. Vi\u0146i pied\u0101v\u0101 konteineru izv\u0113li, tostarp pilnu konteineru kravas un maz\u0101k nek\u0101 pilnu konteineru kravas. Vi\u0146u pakalpojumi ietver eksporta muito\u0161anu un j\u016bras apdro\u0161in\u0101\u0161anu.<\/p>\n<p>T\u012bmek\u013ca vietne: <a href=\"http:\/\/www.seacorpnc.com\" target=\"_blank\" rel=\"noopener\">http:\/\/www.seacorpnc.com<\/a><\/p>\n<h2><span class=\"ez-toc-section\" id=\"5_Zippy_Shell\"><\/span><strong>5. Zippy Shell<\/strong><span class=\"ez-toc-section-end\"><\/span><\/h2>\n<p><img loading=\"lazy\" decoding=\"async\" class=\"alignnone size-full wp-image-11483\" src=\"https:\/\/moverdb.com\/wp-content\/uploads\/Zippy-Shell-international-moving-company.png\" alt=\"Zippy Shell starptautisks p\u0101rvietojas uz\u0146\u0113mums\" width=\"1440\" height=\"676\" data-wp-pid=\"11483\" srcset=\"https:\/\/moverdb.com\/wp-content\/uploads\/Zippy-Shell-international-moving-company.png 1440w, https:\/\/moverdb.com\/wp-content\/uploads\/Zippy-Shell-international-moving-company-300x141.png 300w, https:\/\/moverdb.com\/wp-content\/uploads\/Zippy-Shell-international-moving-company-1024x481.png 1024w, https:\/\/moverdb.com\/wp-content\/uploads\/Zippy-Shell-international-moving-company-18x8.png 18w, https:\/\/moverdb.com\/wp-content\/uploads\/Zippy-Shell-international-moving-company-600x282.png 600w\" sizes=\"auto, (max-width: 1440px) 100vw, 1440px\" \/><\/p>\n<ul>\n<li>Viet\u0113jie p\u0101rvadi<\/li>\n<li>P\u0101rvieto\u0161an\u0101s lielos att\u0101lumos<\/li>\n<li>P\u0101rv\u0101k\u0161an\u0101s uz dz\u012bvojam\u0101m telp\u0101m<\/li>\n<li>Uz\u0146\u0113mumu p\u0101rvieto\u0161ana<\/li>\n<li>Vienots kontaktpunkts<\/li>\n<li>Pakalpojums \"no durv\u012bm l\u012bdz durv\u012bm<\/li>\n<li>Iepako\u0161anas pakalpojumi, izmantojot tre\u0161o personu<\/li>\n<li>Kravas automa\u0161\u012bnu pieg\u0101de<\/li>\n<li>Autotransports<\/li>\n<li>Dro\u0161as uzglab\u0101\u0161anas risin\u0101jumi<\/li>\n<\/ul>\n<p>Zippy Shell ir p\u0101rvieto\u0161an\u0101s un uzglab\u0101\u0161anas uz\u0146\u0113mums, kas atrodas Veik Forest\u0101. Vi\u0146i pied\u0101v\u0101 viet\u0113jos un t\u0101lsatiksmes p\u0101rvieto\u0161anas un uzglab\u0101\u0161anas risin\u0101jumus. <a href=\"https:\/\/moverdb.com\/lv\/moving-to-the-united-states\/\" data-internallinksmanager029f6b8e52c=\"94\" title=\"P\u0101rce\u013caties uz Amerikas Savienotaj\u0101m Valst\u012bm? 2022 Dz\u012bves izmaksas un p\u0101rcel\u0161an\u0101s padomi\">ASV<\/a> izmantojot savas kravas automa\u0161\u012bnas un konteinerus. Vi\u0146i ir IAM biedri ar 14 gadu pieredzi.<\/p>\n<p>Zippy Shell pied\u0101v\u0101 unik\u0101lus un p\u0101rn\u0113s\u0101jamus p\u0101rcel\u0161an\u0101s un uzglab\u0101\u0161anas risin\u0101jumus, jo pieg\u0101d\u0101 jums p\u0101rn\u0113s\u0101jamu konteineru un \u013cauj jums l\u012bdz pat trim dien\u0101m to iepakot pa\u0161iem vai izmantot tre\u0161o pu\u0161u iepakojuma pakalpojumus. Vi\u0146i sav\u0101ks p\u0101rvietojamo konteineru un nog\u0101d\u0101s to j\u016bsu galam\u0113r\u0137\u012b vai uzglab\u0101s to sav\u0101s dro\u0161\u0101s telp\u0101s vis\u0101 valst\u012b uz \u012bsu vai ilgu laiku.<\/p>\n<p>T\u012bmek\u013ca vietne: <a href=\"http:\/\/zippyshell.com\" target=\"_blank\" rel=\"noopener\">http:\/\/zippyshell.com<\/a><\/p>","protected":false},"excerpt":{"rendered":"<p>Moving can be one of the most stressful times in your life so why not reduce the pressure by employing a moving company to do some of the work for you? This can include planning the move, packing your belongings, arranging transport and handling customs. Below we have compiled a list of North Carolina based [&hellip;]<\/p>\n","protected":false},"author":4,"featured_media":11251,"parent":190,"menu_order":0,"comment_status":"closed","ping_status":"closed","template":"","meta":{"_genesis_hide_title":false,"_genesis_hide_breadcrumbs":false,"_genesis_hide_singular_image":false,"_genesis_hide_footer_widgets":false,"_genesis_custom_body_class":"","_genesis_custom_post_class":"","_genesis_layout":"","footnotes":""},"class_list":{"0":"post-11645","1":"page","2":"type-page","3":"status-publish","4":"has-post-thumbnail","6":"entry"},"_links":{"self":[{"href":"https:\/\/moverdb.com\/lv\/wp-json\/wp\/v2\/pages\/11645","targetHints":{"allow":["GET"]}}],"collection":[{"href":"https:\/\/moverdb.com\/lv\/wp-json\/wp\/v2\/pages"}],"about":[{"href":"https:\/\/moverdb.com\/lv\/wp-json\/wp\/v2\/types\/page"}],"author":[{"embeddable":true,"href":"https:\/\/moverdb.com\/lv\/wp-json\/wp\/v2\/users\/4"}],"replies":[{"embeddable":true,"href":"https:\/\/moverdb.com\/lv\/wp-json\/wp\/v2\/comments?post=11645"}],"version-history":[{"count":2,"href":"https:\/\/moverdb.com\/lv\/wp-json\/wp\/v2\/pages\/11645\/revisions"}],"predecessor-version":[{"id":11647,"href":"https:\/\/moverdb.com\/lv\/wp-json\/wp\/v2\/pages\/11645\/revisions\/11647"}],"up":[{"embeddable":true,"href":"https:\/\/moverdb.com\/lv\/wp-json\/wp\/v2\/pages\/190"}],"wp:featuredmedia":[{"embeddable":true,"href":"https:\/\/moverdb.com\/lv\/wp-json\/wp\/v2\/media\/11251"}],"wp:attachment":[{"href":"https:\/\/moverdb.com\/lv\/wp-json\/wp\/v2\/media?parent=11645"}],"curies":[{"name":"wp","href":"https:\/\/api.w.org\/{rel}","templated":true}]}}