{"id":11630,"date":"2023-11-30T14:08:07","date_gmt":"2023-11-30T14:08:07","guid":{"rendered":"https:\/\/moverdb.com\/?page_id=11630"},"modified":"2026-01-08T15:30:26","modified_gmt":"2026-01-08T15:30:26","slug":"moving-company-us-new-mexico","status":"publish","type":"page","link":"https:\/\/moverdb.com\/lv\/moving-companies\/moving-company-us-new-mexico\/","title":{"rendered":"Lab\u0101k\u0101 starptautisk\u0101 p\u0101rcel\u0161an\u0101s komp\u0101nija \u0145\u016bmeksik\u0101"},"content":{"rendered":"<p>P\u0101rv\u0101k\u0161an\u0101s m\u0101j\u0101s var b\u016bt stresa pilns laiks, ko var rad\u012bt pl\u0101no\u0161ana, iepako\u0161ana, transport\u0113\u0161anas pas\u0101kumi un dokument\u0101cijas pras\u012bbas, ja p\u0101rce\u013caties uz \u0101rzem\u0113m. Tad k\u0101p\u0113c gan ne\u013caut <a href=\"https:\/\/moverdb.com\/lv\/moving-companies\/\" data-internallinksmanager029f6b8e52c=\"79\" title=\"Top 25 Starptautiskie p\u0101rcel\u0161an\u0101s uz\u0146\u0113mumi tie\u0161saist\u0113\">P\u0101rvieto\u0161an\u0101s uz\u0146\u0113mums<\/a> veikt daudz smaga darba j\u016bsu viet\u0101? Zem\u0101k m\u0113s esam apkopoju\u0161i sarakstu ar <a href=\"https:\/\/moverdb.com\/lv\/moving-to-the-united-states\/moving-to-new-mexico\/\" data-internallinksmanager029f6b8e52c=\"455\" title=\"P\u0101rcel\u0161an\u0101s uz \u0145\u016bmeksiku? 2024 Dz\u012bves izmaksas un p\u0101rcel\u0161an\u0101s padomi\">Jaunmeksikas \u0161tats<\/a> pamatojoties uz <a href=\"https:\/\/moverdb.com\/lv\/international-removals\/\" data-internallinksmanager029f6b8e52c=\"27\" title=\"36 Lab\u0101kie starptautisko p\u0101rvad\u0101jumu uz\u0146\u0113mumi Apvienotaj\u0101 Karalist\u0113\">p\u0101rv\u0101k\u0161an\u0101s uz\u0146\u0113mumi<\/a> kas ir <a href=\"https:\/\/moverdb.com\/lv\/iam\/\" data-internallinksmanager029f6b8e52c=\"23\" title=\"Starptautisk\u0101s P\u0101rv\u0101c\u0113ju asoci\u0101cijas (IAM) skaidrojumi\">Starptautisk\u0101 P\u0101rv\u0101c\u0113ju asoci\u0101cija<\/a> (IAM) un\/vai <a href=\"https:\/\/moverdb.com\/lv\/fidi-faim\/\" data-internallinksmanager029f6b8e52c=\"16\" title=\"FIDI un FAIM (FIDI akredit\u0113tais starptautiskais p\u0101rvietot\u0101js) skaidrojums\">FIDI<\/a> Akredit\u0113ti starptautiskie p\u0101rv\u0101c\u0113ji (FAIM), kas var\u0113tu jums pal\u012bdz\u0113t p\u0101rcelties.<\/p>\n<h2><strong>Johnson uzglab\u0101\u0161ana un p\u0101rvieto\u0161ana<\/strong><\/h2>\n<p><img loading=\"lazy\" decoding=\"async\" class=\"alignnone size-full wp-image-11356\" src=\"https:\/\/moverdb.com\/wp-content\/uploads\/Johnson-Storage-Moving-international-moving-company.png\" alt=\"Johnson Storage &amp; P\u0101rvieto\u0161an\u0101s starptautiskais p\u0101rvieto\u0161an\u0101s uz\u0146\u0113mums\" width=\"1440\" height=\"677\" data-wp-pid=\"11356\" srcset=\"https:\/\/moverdb.com\/wp-content\/uploads\/Johnson-Storage-Moving-international-moving-company.png 1440w, https:\/\/moverdb.com\/wp-content\/uploads\/Johnson-Storage-Moving-international-moving-company-300x141.png 300w, https:\/\/moverdb.com\/wp-content\/uploads\/Johnson-Storage-Moving-international-moving-company-1024x481.png 1024w, https:\/\/moverdb.com\/wp-content\/uploads\/Johnson-Storage-Moving-international-moving-company-18x8.png 18w, https:\/\/moverdb.com\/wp-content\/uploads\/Johnson-Storage-Moving-international-moving-company-600x282.png 600w\" sizes=\"auto, (max-width: 1440px) 100vw, 1440px\" \/><\/p>\n<ul>\n<li>Viet\u0113jie un starpvalstu p\u0101rvadi<\/li>\n<li>Starptautiskie p\u0101rvadi<\/li>\n<li>M\u0101jsaimniec\u012bbas p\u0101rv\u0101k\u0161an\u0101s<\/li>\n<li>Komerci\u0101lie p\u0101rvadi<\/li>\n<li>Uz\u0146\u0113mumu p\u0101rvieto\u0161ana<\/li>\n<li>Specializ\u0113ts p\u0101rcel\u0161an\u0101s konsultants<\/li>\n<li>Iepako\u0161anas pakalpojums<\/li>\n<li>Transporta organiz\u0113\u0161ana<\/li>\n<li>Muito\u0161ana<\/li>\n<li>Uzglab\u0101\u0161anas iek\u0101rtas<\/li>\n<\/ul>\n<p>Johnson Storage &amp; Moving ir uz\u0146\u0113mums, kas dibin\u0101ts 1900. gad\u0101 un kam ir 12 biroji vis\u0101 valst\u012b. <a href=\"https:\/\/moverdb.com\/lv\/moving-to-the-united-states\/\" data-internallinksmanager029f6b8e52c=\"94\" title=\"P\u0101rce\u013caties uz Amerikas Savienotaj\u0101m Valst\u012bm? 2022 Dz\u012bves izmaksas un p\u0101rcel\u0161an\u0101s padomi\">ASV<\/a> tostarp Albuquerque. Vi\u0146i sadarbojas ar glob\u0101lu partneru t\u012bklu, kas \u013cauj darboties vair\u0101k nek\u0101 200 valst\u012bs vis\u0101 pasaul\u0113, un ir akredit\u0113ti FIDI.<\/p>\n<p>Johnson Storage &amp; Moving nov\u0113rt\u0113s j\u016bsu p\u0101rcel\u0161an\u0101s pras\u012bbas, veicot bezmaksas virtu\u0101lo apsekojumu vai apsekojumu uz vietas un sniedzot pied\u0101v\u0101jumu. P\u0101rv\u0101k\u0161an\u0101s laik\u0101 j\u016bs atbalst\u012bs \u012bpa\u0161s p\u0101rv\u0101k\u0161an\u0101s konsultants un izstr\u0101d\u0101s p\u0101rv\u0101k\u0161an\u0101s pl\u0101nu. Vi\u0146i pied\u0101v\u0101 pilnu iepako\u0161anas pakalpojumu un organiz\u0113s transport\u0113\u0161anu ar muito\u0161anu.<\/p>\n<p>T\u012bmek\u013ca vietne: <a href=\"https:\/\/johnsonstorage.com\/\" target=\"_blank\" rel=\"noopener\">https:\/\/johnsonstorage.com\/<\/a><\/p>","protected":false},"excerpt":{"rendered":"<p>When you are moving home it can be a stressful time with all the planning, packing, transportation arrangements and documentation requirements if you are moving abroad. So why not let a moving company do a lot of the hard work for you? Below we have compiled a list of New Mexico based removal companies that [&hellip;]<\/p>\n","protected":false},"author":4,"featured_media":11356,"parent":190,"menu_order":0,"comment_status":"closed","ping_status":"closed","template":"","meta":{"_genesis_hide_title":false,"_genesis_hide_breadcrumbs":false,"_genesis_hide_singular_image":false,"_genesis_hide_footer_widgets":false,"_genesis_custom_body_class":"","_genesis_custom_post_class":"","_genesis_layout":"","footnotes":""},"class_list":{"0":"post-11630","1":"page","2":"type-page","3":"status-publish","4":"has-post-thumbnail","6":"entry"},"_links":{"self":[{"href":"https:\/\/moverdb.com\/lv\/wp-json\/wp\/v2\/pages\/11630","targetHints":{"allow":["GET"]}}],"collection":[{"href":"https:\/\/moverdb.com\/lv\/wp-json\/wp\/v2\/pages"}],"about":[{"href":"https:\/\/moverdb.com\/lv\/wp-json\/wp\/v2\/types\/page"}],"author":[{"embeddable":true,"href":"https:\/\/moverdb.com\/lv\/wp-json\/wp\/v2\/users\/4"}],"replies":[{"embeddable":true,"href":"https:\/\/moverdb.com\/lv\/wp-json\/wp\/v2\/comments?post=11630"}],"version-history":[{"count":1,"href":"https:\/\/moverdb.com\/lv\/wp-json\/wp\/v2\/pages\/11630\/revisions"}],"predecessor-version":[{"id":11631,"href":"https:\/\/moverdb.com\/lv\/wp-json\/wp\/v2\/pages\/11630\/revisions\/11631"}],"up":[{"embeddable":true,"href":"https:\/\/moverdb.com\/lv\/wp-json\/wp\/v2\/pages\/190"}],"wp:featuredmedia":[{"embeddable":true,"href":"https:\/\/moverdb.com\/lv\/wp-json\/wp\/v2\/media\/11356"}],"wp:attachment":[{"href":"https:\/\/moverdb.com\/lv\/wp-json\/wp\/v2\/media?parent=11630"}],"curies":[{"name":"wp","href":"https:\/\/api.w.org\/{rel}","templated":true}]}}