{"id":11624,"date":"2023-11-22T15:50:03","date_gmt":"2023-11-22T15:50:03","guid":{"rendered":"https:\/\/moverdb.com\/?page_id=11624"},"modified":"2026-01-08T15:30:12","modified_gmt":"2026-01-08T15:30:12","slug":"moving-companies-nevada","status":"publish","type":"page","link":"https:\/\/moverdb.com\/lv\/moving-companies\/moving-companies-nevada\/","title":{"rendered":"Lab\u0101kie starptautisk\u0101s p\u0101rcel\u0161an\u0101s uz\u0146\u0113mumi Nevad\u0101"},"content":{"rendered":"<p>P\u0101rv\u0101k\u0161an\u0101s var b\u016bt viens no stresa pilnajiem dz\u012bves posmiem, t\u0101p\u0113c k\u0101p\u0113c censties to visu paveikt vienatn\u0113? A <a href=\"https:\/\/moverdb.com\/lv\/moving-companies\/\" data-internallinksmanager029f6b8e52c=\"79\" title=\"Top 25 Starptautiskie p\u0101rcel\u0161an\u0101s uz\u0146\u0113mumi tie\u0161saist\u0113\">P\u0101rvieto\u0161an\u0101s uz\u0146\u0113mums<\/a> var uz\u0146emties daudzus uzdevumus, piem\u0113ram, p\u0101rcel\u0161an\u0101s organiz\u0113\u0161anu, transporta organiz\u0113\u0161anu, iepako\u0161anu un dokumentu k\u0101rto\u0161anu. Zem\u0101k m\u0113s esam apkopoju\u0161i sarakstu ar <a href=\"https:\/\/moverdb.com\/lv\/moving-to-the-united-states\/moving-to-nevada\/\" data-internallinksmanager029f6b8e52c=\"457\" title=\"P\u0101rcel\u0161an\u0101s uz Nevada? 2024 Dz\u012bves izmaksas un p\u0101rcel\u0161an\u0101s padomi\">Nevada<\/a> pamatojoties uz <a href=\"https:\/\/moverdb.com\/lv\/international-removals\/\" data-internallinksmanager029f6b8e52c=\"27\" title=\"36 Lab\u0101kie starptautisko p\u0101rvad\u0101jumu uz\u0146\u0113mumi Apvienotaj\u0101 Karalist\u0113\">p\u0101rv\u0101k\u0161an\u0101s uz\u0146\u0113mumi<\/a> kas ir <a href=\"https:\/\/moverdb.com\/lv\/iam\/\" data-internallinksmanager029f6b8e52c=\"23\" title=\"Starptautisk\u0101s P\u0101rv\u0101c\u0113ju asoci\u0101cijas (IAM) skaidrojumi\">Starptautisk\u0101 P\u0101rv\u0101c\u0113ju asoci\u0101cija<\/a> (IAM) un\/vai <a href=\"https:\/\/moverdb.com\/lv\/fidi-faim\/\" data-internallinksmanager029f6b8e52c=\"16\" title=\"FIDI un FAIM (FIDI akredit\u0113tais starptautiskais p\u0101rvietot\u0101js) skaidrojums\">FIDI<\/a> Akredit\u0113ti starptautiskie p\u0101rv\u0101c\u0113ji (FAIM), kas var\u0113tu jums pal\u012bdz\u0113t p\u0101rcelties.<\/p>\n<h2><strong>RenoRelo<\/strong><\/h2>\n<p><img loading=\"lazy\" decoding=\"async\" class=\"alignnone size-full wp-image-11423\" src=\"https:\/\/moverdb.com\/wp-content\/uploads\/RenoRelo-international-moving-company.png\" alt=\"RenoRelo starptautiskais p\u0101rcel\u0161an\u0101s uz\u0146\u0113mums\" width=\"1440\" height=\"679\" data-wp-pid=\"11423\" srcset=\"https:\/\/moverdb.com\/wp-content\/uploads\/RenoRelo-international-moving-company.png 1440w, https:\/\/moverdb.com\/wp-content\/uploads\/RenoRelo-international-moving-company-300x141.png 300w, https:\/\/moverdb.com\/wp-content\/uploads\/RenoRelo-international-moving-company-1024x483.png 1024w, https:\/\/moverdb.com\/wp-content\/uploads\/RenoRelo-international-moving-company-18x8.png 18w, https:\/\/moverdb.com\/wp-content\/uploads\/RenoRelo-international-moving-company-600x283.png 600w\" sizes=\"auto, (max-width: 1440px) 100vw, 1440px\" \/><\/p>\n<ul>\n<li>Viet\u0113jie un viet\u0113jie p\u0101rvadi<\/li>\n<li>P\u0101rvieto\u0161an\u0101s vis\u0101 pasaul\u0113<\/li>\n<li>P\u0101rv\u0101k\u0161an\u0101s uz dz\u012bvojam\u0101m telp\u0101m<\/li>\n<li>Komerci\u0101lo un biroju p\u0101rvieto\u0161ana<\/li>\n<li>Uz\u0146\u0113mumu p\u0101rvieto\u0161ana<\/li>\n<li>Pilna servisa risin\u0101jumi<\/li>\n<li>Iepako\u0161anas pakalpojums<\/li>\n<li>Crating<\/li>\n<li>Transporta pas\u0101kumi<\/li>\n<li>Uzglab\u0101\u0161anas iek\u0101rtas<\/li>\n<\/ul>\n<p>RenoRelo ir pilna servisa p\u0101rvieto\u0161an\u0101s uz\u0146\u0113mums, kas darbojas Reno, Spokan\u0101 un Bois\u0101. Tas ir United Van Lines a\u0123ents, kas nodro\u0161ina tiem p\u0101rcel\u0161an\u0101s uz\u0146\u0113mumu t\u012bklu, ar kuru sadarboties, lai sniegtu pakalpojumus \u0101rpus savas darb\u012bbas teritorijas. Uz\u0146\u0113mums ir IAM biedrs ar piecu gadu pieredzi.<\/p>\n<p>RenoRelo pied\u0101v\u0101 piln\u012bgus p\u0101rcel\u0161an\u0101s risin\u0101jumus dz\u012bvojamo, komerci\u0101lo un biroja telpu p\u0101rvieto\u0161anai, k\u0101 ar\u012b uz\u0146\u0113mumu p\u0101rvieto\u0161anai. <a href=\"https:\/\/moverdb.com\/lv\/moving-to-the-united-states\/\" data-internallinksmanager029f6b8e52c=\"94\" title=\"P\u0101rce\u013caties uz Amerikas Savienotaj\u0101m Valst\u012bm? 2022 Dz\u012bves izmaksas un p\u0101rcel\u0161an\u0101s padomi\">ASV<\/a> un starptautisk\u0101 m\u0113rog\u0101. Vi\u0146i sniedz iepako\u0161anas un iesai\u0146o\u0161anas pakalpojumus, lai aizsarg\u0101tu j\u016bsu mantas p\u0101rvad\u0101\u0161anas laik\u0101. Vi\u0146i organiz\u0113s j\u016bsu mantu transport\u0113\u0161anu un koordin\u0113s to pieg\u0101di galam\u0113r\u0137\u012b ar tre\u0161\u0101m person\u0101m.<\/p>\n<p>T\u012bmek\u013ca vietne: <a href=\"http:\/\/renoreloww.com\" target=\"_blank\" rel=\"noopener\">http:\/\/renoreloww.com<\/a><\/p>\n<h2>Citi noder\u012bgi ce\u013cve\u017ei uz Amerikas Savienotaj\u0101m Valst\u012bm<\/h2>\n<ul>\n<li> <a href=\"https:\/\/moverdb.com\/lv\/parcelsanas-uz-asv-2022-dzives-izmaksas-parvietosanas-padomi\/moving-to-las-vegas\/\">P\u0101rce\u013caties uz Lasvegasu? 2024 Dz\u012bves izmaksas un p\u0101rcel\u0161an\u0101s padomi<\/a><\/li>\n<li> <a href=\"https:\/\/moverdb.com\/lv\/parcelsanas-uz-asv-2022-dzives-izmaksas-parvietosanas-padomi\/moving-to-nevada\/\">P\u0101rcel\u0161an\u0101s uz Nevada? 2024 Dz\u012bves izmaksas un p\u0101rcel\u0161an\u0101s padomi<\/a><\/li>\n<li> <a href=\"https:\/\/moverdb.com\/lv\/parcelsanas-uz-asv-2022-dzives-izmaksas-parvietosanas-padomi\/movers-cost\/\">Cik maks\u0101 p\u0101rv\u0101c\u0113ju noma? 2024 ASV ietaup\u012bjumu ce\u013cvedis<\/a><\/li>\n<li> <a href=\"https:\/\/moverdb.com\/lv\/parcelsanas-uz-asv-2022-dzives-izmaksas-parvietosanas-padomi\/\">P\u0101rce\u013caties uz Amerikas Savienotaj\u0101m Valst\u012bm? 2022 Dz\u012bves izmaksas un p\u0101rcel\u0161an\u0101s padomi<\/a><\/li>\n<li> <a href=\"https:\/\/moverdb.com\/lv\/parcelsanas-uz-asv-2022-dzives-izmaksas-parvietosanas-padomi\/places-to-live-in-the-us\/\">13 lab\u0101k\u0101s vietas, kur dz\u012bvot Amerikas Savienotaj\u0101s Valst\u012bs<\/a><\/li>\n<li> <a href=\"https:\/\/moverdb.com\/lv\/parcelsanas-uz-asv-2022-dzives-izmaksas-parvietosanas-padomi\/dzivo-2\/\">21 nosl\u0113pums par dz\u012bvi ASV, kas j\u0101zina pirms p\u0101rcel\u0161an\u0101s<\/a><\/li>\n<\/ul>","protected":false},"excerpt":{"rendered":"<p>Moving can be one of the most stressful times in your life so why try to do it all by yourself? A moving company can take on many of the tasks such as organising the move, arranging transport, packing and completing paperwork. Below we have compiled a list of Nevada based removal companies that are [&hellip;]<\/p>\n","protected":false},"author":4,"featured_media":11423,"parent":190,"menu_order":0,"comment_status":"closed","ping_status":"closed","template":"","meta":{"_genesis_hide_title":false,"_genesis_hide_breadcrumbs":false,"_genesis_hide_singular_image":false,"_genesis_hide_footer_widgets":false,"_genesis_custom_body_class":"","_genesis_custom_post_class":"","_genesis_layout":"","footnotes":""},"class_list":{"0":"post-11624","1":"page","2":"type-page","3":"status-publish","4":"has-post-thumbnail","6":"entry"},"_links":{"self":[{"href":"https:\/\/moverdb.com\/lv\/wp-json\/wp\/v2\/pages\/11624","targetHints":{"allow":["GET"]}}],"collection":[{"href":"https:\/\/moverdb.com\/lv\/wp-json\/wp\/v2\/pages"}],"about":[{"href":"https:\/\/moverdb.com\/lv\/wp-json\/wp\/v2\/types\/page"}],"author":[{"embeddable":true,"href":"https:\/\/moverdb.com\/lv\/wp-json\/wp\/v2\/users\/4"}],"replies":[{"embeddable":true,"href":"https:\/\/moverdb.com\/lv\/wp-json\/wp\/v2\/comments?post=11624"}],"version-history":[{"count":4,"href":"https:\/\/moverdb.com\/lv\/wp-json\/wp\/v2\/pages\/11624\/revisions"}],"predecessor-version":[{"id":17660,"href":"https:\/\/moverdb.com\/lv\/wp-json\/wp\/v2\/pages\/11624\/revisions\/17660"}],"up":[{"embeddable":true,"href":"https:\/\/moverdb.com\/lv\/wp-json\/wp\/v2\/pages\/190"}],"wp:featuredmedia":[{"embeddable":true,"href":"https:\/\/moverdb.com\/lv\/wp-json\/wp\/v2\/media\/11423"}],"wp:attachment":[{"href":"https:\/\/moverdb.com\/lv\/wp-json\/wp\/v2\/media?parent=11624"}],"curies":[{"name":"wp","href":"https:\/\/api.w.org\/{rel}","templated":true}]}}