{"id":11619,"date":"2023-11-29T10:52:33","date_gmt":"2023-11-29T10:52:33","guid":{"rendered":"https:\/\/moverdb.com\/?page_id=11619"},"modified":"2026-01-08T15:28:59","modified_gmt":"2026-01-08T15:28:59","slug":"moving-companies-us-missouri","status":"publish","type":"page","link":"https:\/\/moverdb.com\/lv\/moving-companies\/moving-companies-us-missouri\/","title":{"rendered":"5 Lab\u0101kie starptautisk\u0101s p\u0101rcel\u0161an\u0101s uz\u0146\u0113mumi Mis\u016bri"},"content":{"rendered":"<p>Kad pl\u0101nojat p\u0101rcel\u0161anos, vai visu dar\u012bsiet pats, vai ar\u012b jums pal\u012bdz\u0113s k\u0101ds cits speci\u0101lists? <a href=\"https:\/\/moverdb.com\/lv\/moving-companies\/\" data-internallinksmanager029f6b8e52c=\"79\" title=\"Top 25 Starptautiskie p\u0101rcel\u0161an\u0101s uz\u0146\u0113mumi tie\u0161saist\u0113\">P\u0101rvieto\u0161an\u0101s uz\u0146\u0113mums<\/a>? Vi\u0146i var pal\u012bdz\u0113t ar iepako\u0161anu, transport\u0113\u0161anu un dokument\u0101ciju, lai mazin\u0101tu jums rad\u012bto slodzi. Zem\u0101k m\u0113s esam apkopoju\u0161i sarakstu ar <a href=\"https:\/\/moverdb.com\/lv\/moving-to-the-united-states\/moving-to-missouri\/\" data-internallinksmanager029f6b8e52c=\"460\" title=\"P\u0101rcel\u0161an\u0101s uz Mis\u016bri? 2024 Dz\u012bves izmaksas un p\u0101rcel\u0161an\u0101s padomi\">Mis\u016bri<\/a> pamatojoties uz <a href=\"https:\/\/moverdb.com\/lv\/international-removals\/\" data-internallinksmanager029f6b8e52c=\"27\" title=\"36 Lab\u0101kie starptautisko p\u0101rvad\u0101jumu uz\u0146\u0113mumi Apvienotaj\u0101 Karalist\u0113\">p\u0101rv\u0101k\u0161an\u0101s uz\u0146\u0113mumi<\/a> kas ir <a href=\"https:\/\/moverdb.com\/lv\/iam\/\" data-internallinksmanager029f6b8e52c=\"23\" title=\"Starptautisk\u0101s P\u0101rv\u0101c\u0113ju asoci\u0101cijas (IAM) skaidrojumi\">Starptautisk\u0101 P\u0101rv\u0101c\u0113ju asoci\u0101cija<\/a> (IAM) un\/vai <a href=\"https:\/\/moverdb.com\/lv\/fidi-faim\/\" data-internallinksmanager029f6b8e52c=\"16\" title=\"FIDI un FAIM (FIDI akredit\u0113tais starptautiskais p\u0101rvietot\u0101js) skaidrojums\">FIDI<\/a> Akredit\u0113ti starptautiskie p\u0101rv\u0101c\u0113ji (FAIM), kas var\u0113tu jums pal\u012bdz\u0113t p\u0101rcelties.<\/p>\n<div id=\"ez-toc-container\" class=\"ez-toc-v2_0_82_2 ez-toc-wrap-left counter-hierarchy ez-toc-counter ez-toc-transparent ez-toc-container-direction\">\n<div class=\"ez-toc-title-container\">\n<p class=\"ez-toc-title\" style=\"cursor:inherit\">Sada\u013cas<\/p>\n<span class=\"ez-toc-title-toggle\"><a href=\"#\" class=\"ez-toc-pull-right ez-toc-btn ez-toc-btn-xs ez-toc-btn-default ez-toc-toggle\" aria-label=\"P\u0101rsl\u0113gt satura tabulu\"><span class=\"ez-toc-js-icon-con\"><span class=\"\"><span class=\"eztoc-hide\" style=\"display:none;\">P\u0101rsl\u0113gt<\/span><span class=\"ez-toc-icon-toggle-span\"><svg style=\"fill: #999;color:#999\" xmlns=\"http:\/\/www.w3.org\/2000\/svg\" class=\"list-377408\" width=\"20px\" height=\"20px\" viewbox=\"0 0 24 24\" fill=\"none\"><path d=\"M6 6H4v2h2V6zm14 0H8v2h12V6zM4 11h2v2H4v-2zm16 0H8v2h12v-2zM4 16h2v2H4v-2zm16 0H8v2h12v-2z\" fill=\"currentColor\"><\/path><\/svg><svg style=\"fill: #999;color:#999\" class=\"arrow-unsorted-368013\" xmlns=\"http:\/\/www.w3.org\/2000\/svg\" width=\"10px\" height=\"10px\" viewbox=\"0 0 24 24\" version=\"1.2\" baseprofile=\"tiny\"><path d=\"M18.2 9.3l-6.2-6.3-6.2 6.3c-.2.2-.3.4-.3.7s.1.5.3.7c.2.2.4.3.7.3h11c.3 0 .5-.1.7-.3.2-.2.3-.5.3-.7s-.1-.5-.3-.7zM5.8 14.7l6.2 6.3 6.2-6.3c.2-.2.3-.5.3-.7s-.1-.5-.3-.7c-.2-.2-.4-.3-.7-.3h-11c-.3 0-.5.1-.7.3-.2.2-.3.5-.3.7s.1.5.3.7z\"\/><\/svg><\/span><\/span><\/span><\/a><\/span><\/div>\n<nav><ul class='ez-toc-list ez-toc-list-level-1 eztoc-toggle-hide-by-default' ><li class='ez-toc-page-1 ez-toc-heading-level-2'><a class=\"ez-toc-link ez-toc-heading-1\" href=\"https:\/\/moverdb.com\/lv\/moving-companies\/moving-companies-us-missouri\/#1_Compass_Moving\" >1. Kompasa p\u0101rvieto\u0161ana<\/a><\/li><li class='ez-toc-page-1 ez-toc-heading-level-2'><a class=\"ez-toc-link ez-toc-heading-2\" href=\"https:\/\/moverdb.com\/lv\/moving-companies\/moving-companies-us-missouri\/#2_Day_Transfer_Company\" >2. Dienas transf\u0113ra uz\u0146\u0113mums<\/a><\/li><li class='ez-toc-page-1 ez-toc-heading-level-2'><a class=\"ez-toc-link ez-toc-heading-3\" href=\"https:\/\/moverdb.com\/lv\/moving-companies\/moving-companies-us-missouri\/#3_Mayflower\" >3. Mayflower<\/a><\/li><li class='ez-toc-page-1 ez-toc-heading-level-2'><a class=\"ez-toc-link ez-toc-heading-4\" href=\"https:\/\/moverdb.com\/lv\/moving-companies\/moving-companies-us-missouri\/#4_The_Cartwright_Co\" >4. The Cartwright Co<\/a><\/li><li class='ez-toc-page-1 ez-toc-heading-level-2'><a class=\"ez-toc-link ez-toc-heading-5\" href=\"https:\/\/moverdb.com\/lv\/moving-companies\/moving-companies-us-missouri\/#5_United_Van_Lines\" >5. United Van Lines<\/a><\/li><\/ul><\/nav><\/div>\n<h2><span class=\"ez-toc-section\" id=\"1_Compass_Moving\"><\/span><strong>1. Kompasa p\u0101rvieto\u0161ana<\/strong><span class=\"ez-toc-section-end\"><\/span><\/h2>\n<p><img loading=\"lazy\" decoding=\"async\" class=\"alignnone size-full wp-image-11290\" src=\"https:\/\/moverdb.com\/wp-content\/uploads\/Compass-Moving-international-moving-company.png\" alt=\"Compass Moving starptautisks p\u0101rvietojas uz\u0146\u0113mums\" width=\"1440\" height=\"676\" data-wp-pid=\"11290\" srcset=\"https:\/\/moverdb.com\/wp-content\/uploads\/Compass-Moving-international-moving-company.png 1440w, https:\/\/moverdb.com\/wp-content\/uploads\/Compass-Moving-international-moving-company-300x141.png 300w, https:\/\/moverdb.com\/wp-content\/uploads\/Compass-Moving-international-moving-company-1024x481.png 1024w, https:\/\/moverdb.com\/wp-content\/uploads\/Compass-Moving-international-moving-company-18x8.png 18w, https:\/\/moverdb.com\/wp-content\/uploads\/Compass-Moving-international-moving-company-600x282.png 600w\" sizes=\"auto, (max-width: 1440px) 100vw, 1440px\" \/><\/p>\n<ul>\n<li>Valsts p\u0101rcel\u0161an\u0101s<\/li>\n<li>Starptautiskie p\u0101rvadi<\/li>\n<li>P\u0101rv\u0101k\u0161an\u0101s uz dz\u012bvojam\u0101m telp\u0101m<\/li>\n<li>Milit\u0101rie so\u013ci<\/li>\n<li>Pilna servisa pakalpojumu pied\u0101v\u0101jums<\/li>\n<li>Iepako\u0161anas pakalpojums<\/li>\n<li>Sauszemes un j\u016bras transports<\/li>\n<li><a href=\"https:\/\/moverdb.com\/lv\/top-49-container-ports\/\" data-internallinksmanager029f6b8e52c=\"80\" title=\"49 liel\u0101kie un noslogot\u0101kie konteineru ostas 2025. gad\u0101\">Osta<\/a> pakalpojumi<\/li>\n<li><a href=\"https:\/\/moverdb.com\/lv\/car-transport-shipping\/\" data-internallinksmanager029f6b8e52c=\"2\" title=\"2026 Starptautiskais autotransports un transportl\u012bdzek\u013cu p\u0101rvad\u0101\u0161anas cit\u0101ti\">Transportl\u012bdzek\u013cu nos\u016bt\u012b\u0161ana<\/a><\/li>\n<li>Apdro\u0161in\u0101\u0161ana<\/li>\n<\/ul>\n<p>Compass Moving ir 1982. gad\u0101 dibin\u0101ts pilna servisa p\u0101rvieto\u0161an\u0101s uz\u0146\u0113mums, kas atrodas Grandvij\u0101. Uz\u0146\u0113mums ir IAM biedrs ar 41 gada pieredzi, kas dod piek\u013cuvi starptautiskam p\u0101rcel\u0161an\u0101s a\u0123entu t\u012bklam, ar kuru var str\u0101d\u0101t.<\/p>\n<p>Compass Moving pied\u0101v\u0101 visaptvero\u0161u <a href=\"https:\/\/moverdb.com\/lv\/quotes\/\" data-internallinksmanager029f6b8e52c=\"26\" title=\"Starptautisk\u0101s p\u0101rcel\u0161an\u0101s cit\u0101ti: 12 jaut\u0101jumi, kas j\u0101uzdod J\u016bsu P\u0101rvad\u0101t\u0101jam: 12 jaut\u0101jumi, kas j\u0101uzdod J\u016bsu P\u0101rvad\u0101t\u0101jam\">p\u0101rvietojas cit\u0101ti<\/a> bez sl\u0113pt\u0101s maksas. Vi\u0146i sniedz profesion\u0101lu iepako\u0161anas pakalpojumu m\u0101j\u0101s, lai dro\u0161i iepakotu j\u016bsu mantas p\u0101rve\u0161anai aizz\u012bmogotos konteineros. P\u0101rv\u0101k\u0161an\u0101s gad\u012bjum\u0101, ja p\u0101rcel\u0161an\u0101s notiek starptautisk\u0101 m\u0113rog\u0101, vi\u0146i organiz\u0113 transport\u0113\u0161anu ar kravas automa\u0161\u012bnu un j\u016bras kravu p\u0101rvad\u0101jumus. Vi\u0146i nodro\u0161in\u0101s visas ostas proced\u016bras, un visas izmaksas ir iek\u013cautas cen\u0101, k\u0101 ar\u012b iek\u013cauta pamata apdro\u0161in\u0101\u0161ana.<\/p>\n<p>T\u012bmek\u013ca vietne: <a href=\"http:\/\/www.compassmoving.com\" target=\"_blank\" rel=\"noopener\">http:\/\/www.compassmoving.com<\/a><\/p>\n<h2><span class=\"ez-toc-section\" id=\"2_Day_Transfer_Company\"><\/span><strong>2. Dienas transf\u0113ra uz\u0146\u0113mums<\/strong><span class=\"ez-toc-section-end\"><\/span><\/h2>\n<p><img loading=\"lazy\" decoding=\"async\" class=\"alignnone size-full wp-image-11304\" src=\"https:\/\/moverdb.com\/wp-content\/uploads\/Day-Transfer-Moving-Storage-international-moving-company.png\" alt=\"Day Transfer Moving &amp; Storage starptautiskais p\u0101rvieto\u0161an\u0101s uz\u0146\u0113mums\" width=\"1440\" height=\"677\" data-wp-pid=\"11304\" srcset=\"https:\/\/moverdb.com\/wp-content\/uploads\/Day-Transfer-Moving-Storage-international-moving-company.png 1440w, https:\/\/moverdb.com\/wp-content\/uploads\/Day-Transfer-Moving-Storage-international-moving-company-300x141.png 300w, https:\/\/moverdb.com\/wp-content\/uploads\/Day-Transfer-Moving-Storage-international-moving-company-1024x481.png 1024w, https:\/\/moverdb.com\/wp-content\/uploads\/Day-Transfer-Moving-Storage-international-moving-company-18x8.png 18w, https:\/\/moverdb.com\/wp-content\/uploads\/Day-Transfer-Moving-Storage-international-moving-company-600x282.png 600w\" sizes=\"auto, (max-width: 1440px) 100vw, 1440px\" \/><\/p>\n<ul>\n<li>Viet\u0113jie p\u0101rvadi<\/li>\n<li>P\u0101rvieto\u0161an\u0101s lielos att\u0101lumos<\/li>\n<li>P\u0101rv\u0101k\u0161an\u0101s uz dz\u012bvojam\u0101m telp\u0101m<\/li>\n<li>Biroju p\u0101rcel\u0161an\u0101s<\/li>\n<li>Uz\u0146\u0113mumu p\u0101rvieto\u0161ana<\/li>\n<li>P\u0101rcel\u0161an\u0101s konsultants<\/li>\n<li>Iepako\u0161anas pakalpojumi<\/li>\n<li>Transporta pas\u0101kumi<\/li>\n<li>Apdro\u0161in\u0101\u0161ana<\/li>\n<li>Ilgtermi\u0146a un pagaidu uzglab\u0101\u0161ana<\/li>\n<\/ul>\n<p>Day Transfer Company ir pilna servisa p\u0101rcel\u0161an\u0101s uz\u0146\u0113mums, kas darbojas Cape Girardeau, Clarksville, Fayetteville un Montgomery. Uz\u0146\u0113mums ir National Van Lines starpvalstu a\u0123ents, kas nodro\u0161ina to ar p\u0101rcel\u0161an\u0101s uz\u0146\u0113mumu t\u012bklu, ar kuriem sadarboties, sniedzot savus pakalpojumus. Uz\u0146\u0113mums ir IAM biedrs ar 90 gadu pieredzi.<\/p>\n<p>Day Transfer Company pied\u0101v\u0101 pilna servisa p\u0101rcel\u0161an\u0101s risin\u0101jumus ar p\u0101rcel\u0161an\u0101s konsultantu, kas jums pal\u012bdz\u0113s, vai ar\u012b pied\u0101v\u0101 atsevi\u0161\u0137us iepako\u0161anas pakalpojumus. Vi\u0146i pied\u0101v\u0101 iepako\u0161anas pakalpojumus ar profesion\u0101li apm\u0101c\u012btu iepako\u0161anas komandu, kas pasarg\u0101s j\u016bsu priek\u0161metus, lai tie b\u016btu gatavi transport\u0113\u0161anai, un nodro\u0161in\u0101s apdro\u0161in\u0101\u0161anu, lai j\u016bs b\u016btu mier\u0101. P\u0113c iera\u0161an\u0101s vi\u0146i ar\u012b izpakos mantas.<\/p>\n<p>T\u012bmek\u013ca vietne: <a href=\"http:\/\/www.daytransferco.com\" target=\"_blank\" rel=\"noopener\">http:\/\/www.daytransferco.com<\/a><\/p>\n<h2><span class=\"ez-toc-section\" id=\"3_Mayflower\"><\/span><strong>3. Mayflower<\/strong><span class=\"ez-toc-section-end\"><\/span><\/h2>\n<p><img loading=\"lazy\" decoding=\"async\" class=\"alignnone size-full wp-image-11372\" src=\"https:\/\/moverdb.com\/wp-content\/uploads\/Mayflower-international-moving-company.png\" alt=\"Mayflower starptautisk\u0101 p\u0101rcel\u0161an\u0101s uz\u0146\u0113mums\" width=\"1440\" height=\"680\" data-wp-pid=\"11372\" srcset=\"https:\/\/moverdb.com\/wp-content\/uploads\/Mayflower-international-moving-company.png 1440w, https:\/\/moverdb.com\/wp-content\/uploads\/Mayflower-international-moving-company-300x142.png 300w, https:\/\/moverdb.com\/wp-content\/uploads\/Mayflower-international-moving-company-1024x484.png 1024w, https:\/\/moverdb.com\/wp-content\/uploads\/Mayflower-international-moving-company-18x9.png 18w, https:\/\/moverdb.com\/wp-content\/uploads\/Mayflower-international-moving-company-600x283.png 600w\" sizes=\"auto, (max-width: 1440px) 100vw, 1440px\" \/><\/p>\n<ul>\n<li>Viet\u0113jie un viet\u0113jie p\u0101rvadi<\/li>\n<li>Starptautiskie p\u0101rvadi<\/li>\n<li>M\u0101jsaimniec\u012bbas p\u0101rv\u0101k\u0161an\u0101s<\/li>\n<li>Uz\u0146\u0113mumu p\u0101rvieto\u0161ana<\/li>\n<li>Person\u012bgais p\u0101rcel\u0161an\u0101s koordinators<\/li>\n<li>Iepako\u0161anas pakalpojums<\/li>\n<li>Sauszemes, j\u016bras un gaisa transports<\/li>\n<li>Muito\u0161ana<\/li>\n<li>Transportl\u012bdzek\u013cu nos\u016bt\u012b\u0161ana<\/li>\n<li>\u012astermi\u0146a un ilgtermi\u0146a uzglab\u0101\u0161ana<\/li>\n<\/ul>\n<p>Mayflower ir 1927. gad\u0101 dibin\u0101ts p\u0101rcel\u0161an\u0101s un p\u0101rvieto\u0161anas uz\u0146\u0113mums, kas ir da\u013ca no UniGroup. Uz\u0146\u0113mumam ir vis\u0101 valst\u012b str\u0101d\u0101jo\u0161u a\u0123entu t\u012bkls, kas pal\u012bdz sniegt p\u0101rcel\u0161an\u0101s pakalpojumus, k\u0101 ar\u012b starptautiskie partneri, kas sniedz pakalpojumus vis\u0101 pasaul\u0113 vair\u0101k nek\u0101 150 valst\u012bs. Uz\u0146\u0113mums ir IAM biedrs ar 37 gadu pieredzi.<\/p>\n<p>Mayflower person\u012bgais p\u0101rcel\u0161an\u0101s koordinators pal\u012bdz\u0113s jums sapl\u0101not p\u0101rcel\u0161anos un pal\u012bdz\u0113s pie\u0146emt l\u0113mumus par j\u016bsu individualiz\u0113to p\u0101rcel\u0161anos, izmantojot p\u0101rcel\u0161an\u0101s pl\u0101nu. Vi\u0146i pied\u0101v\u0101 pilnu iepako\u0161anas pakalpojumu, lai aizsarg\u0101tu j\u016bsu priek\u0161metus un vienk\u0101r\u0161otu muitas formalit\u0101\u0161u k\u0101rto\u0161anu. Ja j\u016bs iepakojat pats, vi\u0146i veiks p\u0101rbaudi, lai p\u0101rliecin\u0101tos, ka p\u0101rv\u0101k\u0161an\u0101s proces\u0101 nav iek\u013cauti ierobe\u017eotas pieejam\u012bbas priek\u0161meti.<\/p>\n<p>T\u012bmek\u013ca vietne: <a href=\"https:\/\/www.mayflower.com\/\" target=\"_blank\" rel=\"noopener\">https:\/\/www.mayflower.com\/<\/a><\/p>\n<h2><span class=\"ez-toc-section\" id=\"4_The_Cartwright_Co\"><\/span><strong>4. The Cartwright Co<\/strong><span class=\"ez-toc-section-end\"><\/span><\/h2>\n<p><img loading=\"lazy\" decoding=\"async\" class=\"alignnone size-full wp-image-11454\" src=\"https:\/\/moverdb.com\/wp-content\/uploads\/The-Cartwright-Co-international-moving-company.png\" alt=\"The Cartwright Co starptautiskais p\u0101rcel\u0161an\u0101s uz\u0146\u0113mums\" width=\"1440\" height=\"679\" data-wp-pid=\"11454\" srcset=\"https:\/\/moverdb.com\/wp-content\/uploads\/The-Cartwright-Co-international-moving-company.png 1440w, https:\/\/moverdb.com\/wp-content\/uploads\/The-Cartwright-Co-international-moving-company-300x141.png 300w, https:\/\/moverdb.com\/wp-content\/uploads\/The-Cartwright-Co-international-moving-company-1024x483.png 1024w, https:\/\/moverdb.com\/wp-content\/uploads\/The-Cartwright-Co-international-moving-company-18x8.png 18w, https:\/\/moverdb.com\/wp-content\/uploads\/The-Cartwright-Co-international-moving-company-600x283.png 600w\" sizes=\"auto, (max-width: 1440px) 100vw, 1440px\" \/><\/p>\n<ul>\n<li>Valsts p\u0101rcel\u0161an\u0101s<\/li>\n<li>Starptautiskie p\u0101rvadi<\/li>\n<li>M\u0101jsaimniec\u012bbas p\u0101rv\u0101k\u0161an\u0101s<\/li>\n<li>Uz\u0146\u0113m\u0113jdarb\u012bbas virzieni<\/li>\n<li>Uz\u0146\u0113mumu p\u0101rvieto\u0161ana<\/li>\n<li>P\u0101rvieto\u0161ana no gala uz galu<\/li>\n<li>P\u0101rvieto\u0161anas p\u0101rvald\u012bba<\/li>\n<li>M\u0101jdz\u012bvnieku p\u0101rvieto\u0161ana<\/li>\n<li>Transportl\u012bdzek\u013cu transport\u0113\u0161ana<\/li>\n<li>Galam\u0113r\u0137a pakalpojumi<\/li>\n<\/ul>\n<p>The Cartwright Co ir glob\u0101ls mobilit\u0101tes, p\u0101rcel\u0161an\u0101s un p\u0101rvieto\u0161an\u0101s uz\u0146\u0113mums, kas savu darb\u012bbu uzs\u0101ka 1934. gad\u0101 un atrodas Grandvij\u0101. T\u0101s uz\u0146\u0113mumu vid\u016b ir AmWorld Transport, Cox Moving, Foremost Forwarders un Domestic Military Services. Uz\u0146\u0113mums ir IAM biedrs ar 55 gadu pieredzi.<\/p>\n<p>The Cartwright Co apkalpo 187 valstis, specializ\u0113joties uz\u0146\u0113mumu un vald\u012bbu, tostarp milit\u0101rpersonu, apkalpo\u0161an\u0101, k\u0101 ar\u012b nodro\u0161ina priv\u0101to m\u0101jsaimniec\u012bbu p\u0101rv\u0101k\u0161anos. Vi\u0146i pied\u0101v\u0101 elast\u012bgus, j\u016bsu vajadz\u012bb\u0101m piel\u0101gotus p\u0101rcel\u0161an\u0101s risin\u0101jumus, kas var ietvert iepako\u0161anas, transport\u0113\u0161anas un galam\u0113r\u0137a pakalpojumus. Papildu pakalpojumi ietver m\u0101jdz\u012bvnieku p\u0101rvieto\u0161anu, transportl\u012bdzek\u013cu p\u0101rvad\u0101\u0161anu, pagaidu m\u0101jokli, skolu mekl\u0113\u0161anu un konsjer\u017ea pakalpojumus.<\/p>\n<p>T\u012bmek\u013ca vietne: <a href=\"https:\/\/cartwrightcompanies.com\" target=\"_blank\" rel=\"noopener\">https:\/\/cartwrightcompanies.com<\/a><\/p>\n<h2><span class=\"ez-toc-section\" id=\"5_United_Van_Lines\"><\/span><strong>5. United Van Lines<\/strong><span class=\"ez-toc-section-end\"><\/span><\/h2>\n<p><img loading=\"lazy\" decoding=\"async\" class=\"alignnone size-full wp-image-11468\" src=\"https:\/\/moverdb.com\/wp-content\/uploads\/United-Van-Lines-US-international-moving-company.png\" alt=\"United Van Lines ASV starptautiskais p\u0101rvieto\u0161an\u0101s uz\u0146\u0113mums\" width=\"1440\" height=\"678\" data-wp-pid=\"11468\" srcset=\"https:\/\/moverdb.com\/wp-content\/uploads\/United-Van-Lines-US-international-moving-company.png 1440w, https:\/\/moverdb.com\/wp-content\/uploads\/United-Van-Lines-US-international-moving-company-300x141.png 300w, https:\/\/moverdb.com\/wp-content\/uploads\/United-Van-Lines-US-international-moving-company-1024x482.png 1024w, https:\/\/moverdb.com\/wp-content\/uploads\/United-Van-Lines-US-international-moving-company-18x8.png 18w, https:\/\/moverdb.com\/wp-content\/uploads\/United-Van-Lines-US-international-moving-company-600x283.png 600w\" sizes=\"auto, (max-width: 1440px) 100vw, 1440px\" \/><\/p>\n<ul>\n<li>Viet\u0113jie un t\u0101lsatiksmes p\u0101rvadi<\/li>\n<li>Starptautiskie p\u0101rvadi<\/li>\n<li>P\u0101rv\u0101k\u0161an\u0101s uz dz\u012bvojam\u0101m telp\u0101m<\/li>\n<li>Uz\u0146\u0113mumu p\u0101rvieto\u0161an\u0101s<\/li>\n<li>Individualiz\u0113ts pakalpojums<\/li>\n<li>Person\u012bgais p\u0101rcel\u0161an\u0101s koordinators<\/li>\n<li>Iepako\u0161anas pakalpojums<\/li>\n<li>Automa\u0161\u012bnu p\u0101rvad\u0101jumi<\/li>\n<li>Apdro\u0161in\u0101\u0161ana<\/li>\n<li>\u012astermi\u0146a un ilgtermi\u0146a uzglab\u0101\u0161ana<\/li>\n<\/ul>\n<p>United Van Lines ir p\u0101rcel\u0161an\u0101s uz\u0146\u0113mumu grupa, kas pied\u0101v\u0101 piel\u0101gotus pakalpojumus un atrodas Fenton\u0101. Pla\u0161ais p\u0101rv\u0101k\u0161an\u0101s a\u0123entu t\u012bkls \u013cauj sniegt pakalpojumus vis\u0101 valst\u012b, k\u0101 ar\u012b starptautisk\u0101 m\u0113rog\u0101. Uz\u0146\u0113mums ir IAM biedrs ar 81 gada pieredzi un ir akredit\u0113ts FIDI.<\/p>\n<p>United Van Lines pied\u0101v\u0101 pilna servisa p\u0101rcel\u0161an\u0101s risin\u0101jumus, kas ietver person\u012bgu p\u0101rcel\u0161an\u0101s koordinatoru un pilnv\u0113rt\u012bgu j\u016bsu mantu aizsardz\u012bbu. Vi\u0146i pied\u0101v\u0101 ar\u012b individu\u0101lu pieeju, kas \u013cauj jums izv\u0113l\u0113ties, ar kuriem p\u0101rcel\u0161an\u0101s pakalpojumiem jums pal\u012bdz\u0113s.  Vi\u0146i pied\u0101v\u0101 piel\u0101gotus iepako\u0161anas pakalpojumus, lai pal\u012bdz\u0113tu jums aizsarg\u0101t j\u016bsu mantas, un var pal\u012bdz\u0113t ar to izpako\u0161anu p\u0113c iera\u0161an\u0101s.<\/p>\n<p>T\u012bmek\u013ca vietne: <a href=\"https:\/\/www.unitedvanlines.com\" target=\"_blank\" rel=\"noopener\">https:\/\/www.unitedvanlines.com<\/a><\/p>","protected":false},"excerpt":{"rendered":"<p>When you are planning your move will you do everything yourself or will you get some help from a moving company? They can help with packing, transportation and documentation to reduce the pressure on you. Below we have compiled a list of Missouri based removal companies that are members of the International Association of Movers [&hellip;]<\/p>\n","protected":false},"author":4,"featured_media":11290,"parent":190,"menu_order":0,"comment_status":"closed","ping_status":"closed","template":"","meta":{"_genesis_hide_title":false,"_genesis_hide_breadcrumbs":false,"_genesis_hide_singular_image":false,"_genesis_hide_footer_widgets":false,"_genesis_custom_body_class":"","_genesis_custom_post_class":"","_genesis_layout":"","footnotes":""},"class_list":{"0":"post-11619","1":"page","2":"type-page","3":"status-publish","4":"has-post-thumbnail","6":"entry"},"_links":{"self":[{"href":"https:\/\/moverdb.com\/lv\/wp-json\/wp\/v2\/pages\/11619","targetHints":{"allow":["GET"]}}],"collection":[{"href":"https:\/\/moverdb.com\/lv\/wp-json\/wp\/v2\/pages"}],"about":[{"href":"https:\/\/moverdb.com\/lv\/wp-json\/wp\/v2\/types\/page"}],"author":[{"embeddable":true,"href":"https:\/\/moverdb.com\/lv\/wp-json\/wp\/v2\/users\/4"}],"replies":[{"embeddable":true,"href":"https:\/\/moverdb.com\/lv\/wp-json\/wp\/v2\/comments?post=11619"}],"version-history":[{"count":2,"href":"https:\/\/moverdb.com\/lv\/wp-json\/wp\/v2\/pages\/11619\/revisions"}],"predecessor-version":[{"id":11621,"href":"https:\/\/moverdb.com\/lv\/wp-json\/wp\/v2\/pages\/11619\/revisions\/11621"}],"up":[{"embeddable":true,"href":"https:\/\/moverdb.com\/lv\/wp-json\/wp\/v2\/pages\/190"}],"wp:featuredmedia":[{"embeddable":true,"href":"https:\/\/moverdb.com\/lv\/wp-json\/wp\/v2\/media\/11290"}],"wp:attachment":[{"href":"https:\/\/moverdb.com\/lv\/wp-json\/wp\/v2\/media?parent=11619"}],"curies":[{"name":"wp","href":"https:\/\/api.w.org\/{rel}","templated":true}]}}