{"id":11617,"date":"2023-11-29T10:32:37","date_gmt":"2023-11-29T10:32:37","guid":{"rendered":"https:\/\/moverdb.com\/?page_id=11617"},"modified":"2026-01-08T15:24:23","modified_gmt":"2026-01-08T15:24:23","slug":"moving-companies-us-minnesota","status":"publish","type":"page","link":"https:\/\/moverdb.com\/lv\/moving-companies\/moving-companies-us-minnesota\/","title":{"rendered":"3 Lab\u0101kie starptautisk\u0101s p\u0101rcel\u0161an\u0101s uz\u0146\u0113mumi Minesot\u0101"},"content":{"rendered":"<p>P\u0101rv\u0101k\u0161an\u0101s var b\u016bt liels satricin\u0101jums, un ir daudz kas j\u0101r\u016bp\u0113jas, t\u0101p\u0113c k\u0101p\u0113c gan nenov\u0113rst da\u013cu spiediena, \u013caujot p\u0101rv\u0101k\u0161an\u0101s darbus veikt <a href=\"https:\/\/moverdb.com\/lv\/moving-companies\/\" data-internallinksmanager029f6b8e52c=\"79\" title=\"Top 25 Starptautiskie p\u0101rcel\u0161an\u0101s uz\u0146\u0113mumi tie\u0161saist\u0113\">P\u0101rvieto\u0161an\u0101s uz\u0146\u0113mums<\/a> r\u012bkoties ar j\u016bsu mant\u0101m? Vi\u0146i var organiz\u0113t j\u016bsu p\u0101rcel\u0161an\u0101s lo\u0123istiku, k\u0101 ar\u012b iepako\u0161anu un, ja nepiecie\u0161ams, nok\u0101rtot muitas formalit\u0101tes. Zem\u0101k m\u0113s esam apkopoju\u0161i \u0161\u0101du uz\u0146\u0113mumu sarakstu <a href=\"https:\/\/moverdb.com\/lv\/moving-to-the-united-states\/moving-to-minnesota\/\" data-internallinksmanager029f6b8e52c=\"443\" title=\"P\u0101rcel\u0161an\u0101s uz Minesotu? 2023 Dz\u012bves izmaksas un p\u0101rcel\u0161an\u0101s padomi\">Minesota<\/a> pamatojoties uz <a href=\"https:\/\/moverdb.com\/lv\/international-removals\/\" data-internallinksmanager029f6b8e52c=\"27\" title=\"36 Lab\u0101kie starptautisko p\u0101rvad\u0101jumu uz\u0146\u0113mumi Apvienotaj\u0101 Karalist\u0113\">p\u0101rv\u0101k\u0161an\u0101s uz\u0146\u0113mumi<\/a> kas ir <a href=\"https:\/\/moverdb.com\/lv\/iam\/\" data-internallinksmanager029f6b8e52c=\"23\" title=\"Starptautisk\u0101s P\u0101rv\u0101c\u0113ju asoci\u0101cijas (IAM) skaidrojumi\">Starptautisk\u0101 P\u0101rv\u0101c\u0113ju asoci\u0101cija<\/a> (IAM) un\/vai <a href=\"https:\/\/moverdb.com\/lv\/fidi-faim\/\" data-internallinksmanager029f6b8e52c=\"16\" title=\"FIDI un FAIM (FIDI akredit\u0113tais starptautiskais p\u0101rvietot\u0101js) skaidrojums\">FIDI<\/a> Akredit\u0113ti starptautiskie p\u0101rv\u0101c\u0113ji (FAIM), kas var\u0113tu jums pal\u012bdz\u0113t p\u0101rcelties.<\/p>\n<h2><strong>1. P\u0101rcel\u0161an\u0101s pakalpojumi<\/strong><\/h2>\n<p><img loading=\"lazy\" decoding=\"async\" class=\"alignnone size-full wp-image-11242\" src=\"https:\/\/moverdb.com\/wp-content\/uploads\/Action-Moving-Services-international-moving-company.png\" alt=\"Action Moving Services starptautisks p\u0101rvieto\u0161an\u0101s uz\u0146\u0113mums\" width=\"1440\" height=\"678\" data-wp-pid=\"11242\" srcset=\"https:\/\/moverdb.com\/wp-content\/uploads\/Action-Moving-Services-international-moving-company.png 1440w, https:\/\/moverdb.com\/wp-content\/uploads\/Action-Moving-Services-international-moving-company-300x141.png 300w, https:\/\/moverdb.com\/wp-content\/uploads\/Action-Moving-Services-international-moving-company-1024x482.png 1024w, https:\/\/moverdb.com\/wp-content\/uploads\/Action-Moving-Services-international-moving-company-18x8.png 18w, https:\/\/moverdb.com\/wp-content\/uploads\/Action-Moving-Services-international-moving-company-600x283.png 600w\" sizes=\"auto, (max-width: 1440px) 100vw, 1440px\" \/><\/p>\n<ul>\n<li>Viet\u0113jie un t\u0101lsatiksmes p\u0101rvadi<\/li>\n<li>Starptautiskie p\u0101rvadi<\/li>\n<li>M\u0101jsaimniec\u012bbas p\u0101rv\u0101k\u0161an\u0101s<\/li>\n<li>Biroju un r\u016bpnieciskie p\u0101rv\u0101k\u0161an\u0101s darbi<\/li>\n<li>Uz\u0146\u0113mumu p\u0101rvieto\u0161ana<\/li>\n<li>Kompleksi risin\u0101jumi<\/li>\n<li>Iepako\u0161anas pakalpojums<\/li>\n<li>Muitas atbalsts<\/li>\n<li>M\u0101kslas darbu apstr\u0101de<\/li>\n<li>Uzglab\u0101\u0161anas pakalpojumi<\/li>\n<\/ul>\n<p>Action Moving Services ir viet\u0113jais un starptautiskais p\u0101rvieto\u0161an\u0101s uz\u0146\u0113mums, kas atrodas South Burnsville. Tas ir Atlas Van Lines starpvalstu p\u0101rvad\u0101jumu a\u0123ents, kas tiem nodro\u0161ina sadarb\u012bbu ar valsts un starptautisko p\u0101rvad\u0101jumu a\u0123entu t\u012bklu. Uz\u0146\u0113mums ir IAM biedrs ar 42 gadu pieredzi.<\/p>\n<p>Action Moving Services pied\u0101v\u0101 visaptvero\u0161us p\u0101rcel\u0161an\u0101s un p\u0101rv\u0101k\u0161an\u0101s pakalpojumus, kas r\u016bp\u0113sies par visiem j\u016bsu p\u0101rv\u0101k\u0161an\u0101s aspektiem. \u0160o pakalpojumu kl\u0101st\u0101 ietilpst j\u016bsu mantu dro\u0161a iesai\u0146o\u0161ana transport\u0113\u0161anai un to izpako\u0161ana p\u0113c iera\u0161an\u0101s galam\u0113r\u0137\u012b. Vi\u0146i organiz\u0113s j\u016bsu mantu transport\u0113\u0161anu un nodro\u0161in\u0101s pal\u012bdz\u012bbu muitas jaut\u0101jumos.<\/p>\n<p>T\u012bmek\u013ca vietne: <a href=\"http:\/\/actionmoving.com\/\" target=\"_blank\" rel=\"noopener\">http:\/\/actionmoving.com\/<\/a><\/p>\n<h2><strong>2. Beltmann Moving &amp; Storage<\/strong><\/h2>\n<p><img loading=\"lazy\" decoding=\"async\" class=\"alignnone size-full wp-image-11269\" src=\"https:\/\/moverdb.com\/wp-content\/uploads\/Beltmann-Relocation-Group-international-moving-company.png\" alt=\"Beltmann Relocation Group starptautiskais p\u0101rvieto\u0161an\u0101s uz\u0146\u0113mums\" width=\"1440\" height=\"682\" data-wp-pid=\"11269\" srcset=\"https:\/\/moverdb.com\/wp-content\/uploads\/Beltmann-Relocation-Group-international-moving-company.png 1440w, https:\/\/moverdb.com\/wp-content\/uploads\/Beltmann-Relocation-Group-international-moving-company-300x142.png 300w, https:\/\/moverdb.com\/wp-content\/uploads\/Beltmann-Relocation-Group-international-moving-company-1024x485.png 1024w, https:\/\/moverdb.com\/wp-content\/uploads\/Beltmann-Relocation-Group-international-moving-company-18x9.png 18w, https:\/\/moverdb.com\/wp-content\/uploads\/Beltmann-Relocation-Group-international-moving-company-600x284.png 600w\" sizes=\"auto, (max-width: 1440px) 100vw, 1440px\" \/><\/p>\n<ul>\n<li>Viet\u0113jie un viet\u0113jie p\u0101rvadi<\/li>\n<li>Starptautiskie p\u0101rvadi<\/li>\n<li>P\u0101rv\u0101k\u0161an\u0101s uz dz\u012bvojam\u0101m telp\u0101m<\/li>\n<li>Biroju p\u0101rcel\u0161an\u0101s<\/li>\n<li>Uz\u0146\u0113mumu p\u0101rvieto\u0161ana<\/li>\n<li>P\u0101rvieto\u0161anas koordinators<\/li>\n<li>Iepako\u0161anas pakalpojums<\/li>\n<li>Transporta organiz\u0113\u0161ana<\/li>\n<li>Muito\u0161ana<\/li>\n<li>Dro\u0161a \u012bstermi\u0146a un ilgtermi\u0146a uzglab\u0101\u0161ana<\/li>\n<\/ul>\n<p>Beltmann Moving &amp; Storage ir p\u0101rvieto\u0161an\u0101s uz\u0146\u0113mums, kas darbojas kop\u0161 1923. gada un ir izvietojies 11 viet\u0101s vis\u0101 Eirop\u0101. <a href=\"https:\/\/moverdb.com\/lv\/moving-to-the-united-states\/\" data-internallinksmanager029f6b8e52c=\"94\" title=\"P\u0101rce\u013caties uz Amerikas Savienotaj\u0101m Valst\u012bm? 2022 Dz\u012bves izmaksas un p\u0101rcel\u0161an\u0101s padomi\">ASV<\/a> tostarp Roseville. Vi\u0146i ir North American Van Lines a\u0123enti, kas vi\u0146iem nodro\u0161ina piek\u013cuvi glob\u0101lam p\u0101rvieto\u0161an\u0101s un uzglab\u0101\u0161anas uz\u0146\u0113mumu t\u012bklam. Vi\u0146i ir IAM biedrs ar 25 gadu pieredzi.<\/p>\n<p>Beltmann Moving &amp; Storage pal\u012bdz\u0113s racionaliz\u0113t j\u016bsu p\u0101rv\u0101k\u0161anos, s\u0101kot ar bezmaksas p\u0101rv\u0101k\u0161an\u0101s t\u0101mes sast\u0101d\u012b\u0161anu. Vi\u0146i nodro\u0161ina p\u0101rcel\u0161an\u0101s koordinatoru, kas jums pal\u012bdz\u0113s, un vi\u0146i piel\u0101gos savus pakalpojumus j\u016bsu vajadz\u012bb\u0101m. Vi\u0146i sniedz iepako\u0161anas pakalpojumus, kas ietver m\u0113be\u013cu izjauk\u0161anu un salik\u0161anu, k\u0101 ar\u012b izpako\u0161anu p\u0113c iera\u0161an\u0101s.<\/p>\n<p>T\u012bmek\u013ca vietne: <a href=\"http:\/\/www.beltmann.com\" target=\"_blank\" rel=\"noopener\">http:\/\/www.beltmann.com<\/a><\/p>\n<h2><strong>3. Berger Moving &amp; Storage<\/strong><\/h2>\n<p><img loading=\"lazy\" decoding=\"async\" class=\"alignnone size-full wp-image-11270\" src=\"https:\/\/moverdb.com\/wp-content\/uploads\/Berger-Moving-Storage-international-moving-company.png\" alt=\"Berger Moving &amp; Storage starptautiskais p\u0101rvieto\u0161an\u0101s uz\u0146\u0113mums\" width=\"1440\" height=\"677\" data-wp-pid=\"11270\" srcset=\"https:\/\/moverdb.com\/wp-content\/uploads\/Berger-Moving-Storage-international-moving-company.png 1440w, https:\/\/moverdb.com\/wp-content\/uploads\/Berger-Moving-Storage-international-moving-company-300x141.png 300w, https:\/\/moverdb.com\/wp-content\/uploads\/Berger-Moving-Storage-international-moving-company-1024x481.png 1024w, https:\/\/moverdb.com\/wp-content\/uploads\/Berger-Moving-Storage-international-moving-company-18x8.png 18w, https:\/\/moverdb.com\/wp-content\/uploads\/Berger-Moving-Storage-international-moving-company-600x282.png 600w\" sizes=\"auto, (max-width: 1440px) 100vw, 1440px\" \/><\/p>\n<ul>\n<li>Viet\u0113jie un t\u0101lsatiksmes p\u0101rvadi<\/li>\n<li>Starptautiskie p\u0101rvadi<\/li>\n<li>M\u0101jsaimniec\u012bbas p\u0101rv\u0101k\u0161an\u0101s<\/li>\n<li>Komerci\u0101lie p\u0101rvadi<\/li>\n<li>P\u0101rcel\u0161an\u0101s koordinators<\/li>\n<li>Iepako\u0161anas pakalpojums<\/li>\n<li>Priek\u0161metu inventariz\u0101cija<\/li>\n<li>Transporta organiz\u0113\u0161ana<\/li>\n<li>Muito\u0161ana<\/li>\n<li>\u012astermi\u0146a uzglab\u0101\u0161ana<\/li>\n<\/ul>\n<p>Berger Moving &amp; Storage ir 1910. gad\u0101 dibin\u0101ts transporta pakalpojumu uz\u0146\u0113mums, kas atrodas Sentpol\u0101 un kam ir 16 fili\u0101\u013cu t\u012bkls vis\u0101 valst\u012b. Uz\u0146\u0113mums ir starptautiska p\u0101rcel\u0161an\u0101s a\u0123entu t\u012bkla Allied Van Lines a\u0123ents. Uz\u0146\u0113mums ir IAM biedrs ar 113 gadu pieredzi.<\/p>\n<p>Berger Moving &amp; Storage pied\u0101v\u0101 bezmaksas p\u0101rcel\u0161an\u0101s apr\u0113\u0137inu uz m\u0101j\u0101m vai virtu\u0101lo p\u0101rcel\u0161an\u0101s apr\u0113\u0137inu ar starptautisku p\u0101rcel\u0161an\u0101s konsultantu. P\u0101rcel\u0161an\u0101s koordinators pal\u012bdz\u0113s jums p\u0101rcel\u0161an\u0101s proces\u0101 un noteiks, k\u0101di dokumenti ir nepiecie\u0161ami. P\u0101rv\u0101k\u0161an\u0101s pakalpojumu sniedz\u0113js izmanto starptautiskas iepako\u0161anas metodes un materi\u0101lus, lai aizsarg\u0101tu j\u016bsu priek\u0161metus, un sast\u0101d\u012bs invent\u0101ra sarakstu.<\/p>\n<p>T\u012bmek\u013ca vietne: <a href=\"https:\/\/www.bergerallied.com\" target=\"_blank\" rel=\"noopener\">https:\/\/www.bergerallied.com<\/a><\/p>","protected":false},"excerpt":{"rendered":"<p>Moving can be a big upheaval and there is a lot to arrange, so why not take some of the pressure off by letting a moving company handle your belongings? They can organise the logistics of your move as well as packing and deal with customs if needed. Below we have compiled a list of [&hellip;]<\/p>\n","protected":false},"author":4,"featured_media":11242,"parent":190,"menu_order":0,"comment_status":"closed","ping_status":"closed","template":"","meta":{"_genesis_hide_title":false,"_genesis_hide_breadcrumbs":false,"_genesis_hide_singular_image":false,"_genesis_hide_footer_widgets":false,"_genesis_custom_body_class":"","_genesis_custom_post_class":"","_genesis_layout":"","footnotes":""},"class_list":{"0":"post-11617","1":"page","2":"type-page","3":"status-publish","4":"has-post-thumbnail","6":"entry"},"_links":{"self":[{"href":"https:\/\/moverdb.com\/lv\/wp-json\/wp\/v2\/pages\/11617","targetHints":{"allow":["GET"]}}],"collection":[{"href":"https:\/\/moverdb.com\/lv\/wp-json\/wp\/v2\/pages"}],"about":[{"href":"https:\/\/moverdb.com\/lv\/wp-json\/wp\/v2\/types\/page"}],"author":[{"embeddable":true,"href":"https:\/\/moverdb.com\/lv\/wp-json\/wp\/v2\/users\/4"}],"replies":[{"embeddable":true,"href":"https:\/\/moverdb.com\/lv\/wp-json\/wp\/v2\/comments?post=11617"}],"version-history":[{"count":1,"href":"https:\/\/moverdb.com\/lv\/wp-json\/wp\/v2\/pages\/11617\/revisions"}],"predecessor-version":[{"id":11618,"href":"https:\/\/moverdb.com\/lv\/wp-json\/wp\/v2\/pages\/11617\/revisions\/11618"}],"up":[{"embeddable":true,"href":"https:\/\/moverdb.com\/lv\/wp-json\/wp\/v2\/pages\/190"}],"wp:featuredmedia":[{"embeddable":true,"href":"https:\/\/moverdb.com\/lv\/wp-json\/wp\/v2\/media\/11242"}],"wp:attachment":[{"href":"https:\/\/moverdb.com\/lv\/wp-json\/wp\/v2\/media?parent=11617"}],"curies":[{"name":"wp","href":"https:\/\/api.w.org\/{rel}","templated":true}]}}