{"id":11613,"date":"2023-11-29T10:44:05","date_gmt":"2023-11-29T10:44:05","guid":{"rendered":"https:\/\/moverdb.com\/?page_id=11613"},"modified":"2026-01-08T15:28:57","modified_gmt":"2026-01-08T15:28:57","slug":"moving-companies-us-michigan","status":"publish","type":"page","link":"https:\/\/moverdb.com\/lv\/moving-companies\/moving-companies-us-michigan\/","title":{"rendered":"5 Lab\u0101kie starptautisk\u0101s p\u0101rcel\u0161an\u0101s uz\u0146\u0113mumi Mi\u010digan\u0101"},"content":{"rendered":"<p>Vai pl\u0101nojat p\u0101rcelties? Ja j\u0101, iesp\u0113jams, v\u0113laties izmantot <a href=\"https:\/\/moverdb.com\/lv\/moving-companies\/\" data-internallinksmanager029f6b8e52c=\"79\" title=\"Top 25 Starptautiskie p\u0101rcel\u0161an\u0101s uz\u0146\u0113mumi tie\u0161saist\u0113\">P\u0101rvieto\u0161an\u0101s uz\u0146\u0113mums<\/a> lai jums pal\u012bdz\u0113tu. Vi\u0146i var pal\u012bdz\u0113t ar p\u0101rcel\u0161an\u0101s pl\u0101no\u0161anu, iepako\u0161anu, lo\u0123istiku un muitas proced\u016br\u0101m, ja p\u0101rce\u013caties uz citu valsti. Zem\u0101k m\u0113s esam apkopoju\u0161i sarakstu ar <a href=\"https:\/\/moverdb.com\/lv\/moving-to-the-united-states\/moving-to-michigan\/\" data-internallinksmanager029f6b8e52c=\"414\" title=\"P\u0101rcel\u0161an\u0101s uz Mi\u010diganu? 2023 Dz\u012bves izmaksas un p\u0101rcel\u0161an\u0101s padomi\">Mi\u010digana<\/a> pamatojoties uz <a href=\"https:\/\/moverdb.com\/lv\/international-removals\/\" data-internallinksmanager029f6b8e52c=\"27\" title=\"36 Lab\u0101kie starptautisko p\u0101rvad\u0101jumu uz\u0146\u0113mumi Apvienotaj\u0101 Karalist\u0113\">p\u0101rv\u0101k\u0161an\u0101s uz\u0146\u0113mumi<\/a> kas ir <a href=\"https:\/\/moverdb.com\/lv\/iam\/\" data-internallinksmanager029f6b8e52c=\"23\" title=\"Starptautisk\u0101s P\u0101rv\u0101c\u0113ju asoci\u0101cijas (IAM) skaidrojumi\">Starptautisk\u0101 P\u0101rv\u0101c\u0113ju asoci\u0101cija<\/a> (IAM) un\/vai <a href=\"https:\/\/moverdb.com\/lv\/fidi-faim\/\" data-internallinksmanager029f6b8e52c=\"16\" title=\"FIDI un FAIM (FIDI akredit\u0113tais starptautiskais p\u0101rvietot\u0101js) skaidrojums\">FIDI<\/a> Akredit\u0113ti starptautiskie p\u0101rv\u0101c\u0113ji (FAIM), kas var\u0113tu jums pal\u012bdz\u0113t p\u0101rcelties.<\/p>\n<div id=\"ez-toc-container\" class=\"ez-toc-v2_0_82_2 ez-toc-wrap-left counter-hierarchy ez-toc-counter ez-toc-transparent ez-toc-container-direction\">\n<div class=\"ez-toc-title-container\">\n<p class=\"ez-toc-title\" style=\"cursor:inherit\">Sada\u013cas<\/p>\n<span class=\"ez-toc-title-toggle\"><a href=\"#\" class=\"ez-toc-pull-right ez-toc-btn ez-toc-btn-xs ez-toc-btn-default ez-toc-toggle\" aria-label=\"P\u0101rsl\u0113gt satura tabulu\"><span class=\"ez-toc-js-icon-con\"><span class=\"\"><span class=\"eztoc-hide\" style=\"display:none;\">P\u0101rsl\u0113gt<\/span><span class=\"ez-toc-icon-toggle-span\"><svg style=\"fill: #999;color:#999\" xmlns=\"http:\/\/www.w3.org\/2000\/svg\" class=\"list-377408\" width=\"20px\" height=\"20px\" viewbox=\"0 0 24 24\" fill=\"none\"><path d=\"M6 6H4v2h2V6zm14 0H8v2h12V6zM4 11h2v2H4v-2zm16 0H8v2h12v-2zM4 16h2v2H4v-2zm16 0H8v2h12v-2z\" fill=\"currentColor\"><\/path><\/svg><svg style=\"fill: #999;color:#999\" class=\"arrow-unsorted-368013\" xmlns=\"http:\/\/www.w3.org\/2000\/svg\" width=\"10px\" height=\"10px\" viewbox=\"0 0 24 24\" version=\"1.2\" baseprofile=\"tiny\"><path d=\"M18.2 9.3l-6.2-6.3-6.2 6.3c-.2.2-.3.4-.3.7s.1.5.3.7c.2.2.4.3.7.3h11c.3 0 .5-.1.7-.3.2-.2.3-.5.3-.7s-.1-.5-.3-.7zM5.8 14.7l6.2 6.3 6.2-6.3c.2-.2.3-.5.3-.7s-.1-.5-.3-.7c-.2-.2-.4-.3-.7-.3h-11c-.3 0-.5.1-.7.3-.2.2-.3.5-.3.7s.1.5.3.7z\"\/><\/svg><\/span><\/span><\/span><\/a><\/span><\/div>\n<nav><ul class='ez-toc-list ez-toc-list-level-1 eztoc-toggle-hide-by-default' ><li class='ez-toc-page-1 ez-toc-heading-level-2'><a class=\"ez-toc-link ez-toc-heading-1\" href=\"https:\/\/moverdb.com\/lv\/moving-companies\/moving-companies-us-michigan\/#1_Corrigan_Moving\" >1. Corrigan Moving<\/a><\/li><li class='ez-toc-page-1 ez-toc-heading-level-2'><a class=\"ez-toc-link ez-toc-heading-2\" href=\"https:\/\/moverdb.com\/lv\/moving-companies\/moving-companies-us-michigan\/#2_Palmer_Moving_Services\" >2. Palmer P\u0101rcel\u0161an\u0101s pakalpojumi<\/a><\/li><li class='ez-toc-page-1 ez-toc-heading-level-2'><a class=\"ez-toc-link ez-toc-heading-3\" href=\"https:\/\/moverdb.com\/lv\/moving-companies\/moving-companies-us-michigan\/#3_Powell_Relocation_Group\" >3. Powell Relocation Group<\/a><\/li><li class='ez-toc-page-1 ez-toc-heading-level-2'><a class=\"ez-toc-link ez-toc-heading-4\" href=\"https:\/\/moverdb.com\/lv\/moving-companies\/moving-companies-us-michigan\/#4_Rose_Moving_Storage\" >4. Rose Moving &amp; Storage<\/a><\/li><li class='ez-toc-page-1 ez-toc-heading-level-2'><a class=\"ez-toc-link ez-toc-heading-5\" href=\"https:\/\/moverdb.com\/lv\/moving-companies\/moving-companies-us-michigan\/#5_Transphere\" >5. Transphere<\/a><\/li><\/ul><\/nav><\/div>\n<h2><span class=\"ez-toc-section\" id=\"1_Corrigan_Moving\"><\/span><strong>1. Corrigan Moving<\/strong><span class=\"ez-toc-section-end\"><\/span><\/h2>\n<p><img loading=\"lazy\" decoding=\"async\" class=\"alignnone size-full wp-image-11297\" src=\"https:\/\/moverdb.com\/wp-content\/uploads\/Corrigan-Moving-Systems-international-moving-company.png\" alt=\"Corrigan Moving Systems starptautisks p\u0101rvieto\u0161an\u0101s uz\u0146\u0113mums\" width=\"1440\" height=\"675\" data-wp-pid=\"11297\" srcset=\"https:\/\/moverdb.com\/wp-content\/uploads\/Corrigan-Moving-Systems-international-moving-company.png 1440w, https:\/\/moverdb.com\/wp-content\/uploads\/Corrigan-Moving-Systems-international-moving-company-300x141.png 300w, https:\/\/moverdb.com\/wp-content\/uploads\/Corrigan-Moving-Systems-international-moving-company-1024x480.png 1024w, https:\/\/moverdb.com\/wp-content\/uploads\/Corrigan-Moving-Systems-international-moving-company-18x8.png 18w, https:\/\/moverdb.com\/wp-content\/uploads\/Corrigan-Moving-Systems-international-moving-company-600x281.png 600w\" sizes=\"auto, (max-width: 1440px) 100vw, 1440px\" \/><\/p>\n<ul>\n<li>Viet\u0113jie un t\u0101lsatiksmes p\u0101rvadi<\/li>\n<li>Starptautiskie p\u0101rvadi<\/li>\n<li>P\u0101rv\u0101k\u0161an\u0101s uz dz\u012bvojam\u0101m telp\u0101m<\/li>\n<li>Komerci\u0101lie p\u0101rvadi<\/li>\n<li>Uz\u0146\u0113mumu p\u0101rvieto\u0161ana<\/li>\n<li>Pakalpojums \"no durv\u012bm l\u012bdz durv\u012bm<\/li>\n<li>P\u0101rcel\u0161an\u0101s koordinators<\/li>\n<li>Iepako\u0161anas pakalpojums<\/li>\n<li>Muitas atbalsts<\/li>\n<li>Uzglab\u0101\u0161anas iek\u0101rtas<\/li>\n<\/ul>\n<p>Corrigan Moving ir 1929. gad\u0101 dibin\u0101ts p\u0101rvad\u0101jumu un lo\u0123istikas uz\u0146\u0113mums ar 13 birojiem vis\u0101 Lielo ezeru re\u0123ion\u0101, kas ietver Ann Arbor, Auburn Hills, Bay City, Dearborn, Farmington Hills, Flint un Grand Rapids Mi\u010digan\u0101. Uz\u0146\u0113mums ir da\u013ca no United Van Lines, kas tam nodro\u0161ina piek\u013cuvi p\u0101rcel\u0161an\u0101s uz\u0146\u0113mumu t\u012bklam, lai pal\u012bdz\u0113tu sniegt pakalpojumus. Uz\u0146\u0113mums ir IAM biedrs ar 75 gadu pieredzi un ir akredit\u0113ts FIDI.<\/p>\n<p>Corrigan Moving pied\u0101v\u0101 personaliz\u0113tus p\u0101rcel\u0161an\u0101s pakalpojumus, kas nodro\u0161ina pakalpojumus no durv\u012bm l\u012bdz durv\u012bm ar p\u0101rcel\u0161an\u0101s koordinatoru. Vi\u0146i sniedz piel\u0101gotus iepako\u0161anas un iesai\u0146o\u0161anas pakalpojumus, lai aizsarg\u0101tu j\u016bsu mantas p\u0101rvad\u0101\u0161anas laik\u0101. Vi\u0146i sniedz pal\u012bdz\u012bbu ar dokumentu k\u0101rto\u0161anu un lo\u0123istiku.<\/p>\n<p>T\u012bmek\u013ca vietne: <a href=\"https:\/\/www.corriganmoving.com\/\" target=\"_blank\" rel=\"noopener\">https:\/\/www.corriganmoving.com\/<\/a><\/p>\n<h2><span class=\"ez-toc-section\" id=\"2_Palmer_Moving_Services\"><\/span><strong>2. Palmer P\u0101rcel\u0161an\u0101s pakalpojumi<\/strong><span class=\"ez-toc-section-end\"><\/span><\/h2>\n<p><img loading=\"lazy\" decoding=\"async\" class=\"alignnone size-full wp-image-11404\" src=\"https:\/\/moverdb.com\/wp-content\/uploads\/Palmer-Moving-Services-international-moving-company.png\" alt=\"Palmer Moving Services starptautiskais p\u0101rvieto\u0161an\u0101s uz\u0146\u0113mums\" width=\"1440\" height=\"675\" data-wp-pid=\"11404\" srcset=\"https:\/\/moverdb.com\/wp-content\/uploads\/Palmer-Moving-Services-international-moving-company.png 1440w, https:\/\/moverdb.com\/wp-content\/uploads\/Palmer-Moving-Services-international-moving-company-300x141.png 300w, https:\/\/moverdb.com\/wp-content\/uploads\/Palmer-Moving-Services-international-moving-company-1024x480.png 1024w, https:\/\/moverdb.com\/wp-content\/uploads\/Palmer-Moving-Services-international-moving-company-18x8.png 18w, https:\/\/moverdb.com\/wp-content\/uploads\/Palmer-Moving-Services-international-moving-company-600x281.png 600w\" sizes=\"auto, (max-width: 1440px) 100vw, 1440px\" \/><\/p>\n<ul>\n<li>Viet\u0113jie un t\u0101lsatiksmes p\u0101rvadi<\/li>\n<li>Starptautiskie p\u0101rvadi<\/li>\n<li>P\u0101rv\u0101k\u0161an\u0101s uz dz\u012bvojam\u0101m telp\u0101m<\/li>\n<li>Biroju p\u0101rcel\u0161an\u0101s<\/li>\n<li>Uz\u0146\u0113mumu p\u0101rvieto\u0161ana<\/li>\n<li>Vienots kontaktpunkts<\/li>\n<li>Iepako\u0161anas pakalpojums<\/li>\n<li>Muito\u0161ana<\/li>\n<li><a href=\"https:\/\/moverdb.com\/lv\/car-transport-shipping\/\" data-internallinksmanager029f6b8e52c=\"2\" title=\"2026 Starptautiskais autotransports un transportl\u012bdzek\u013cu p\u0101rvad\u0101\u0161anas cit\u0101ti\">Transportl\u012bdzek\u013cu transport\u0113\u0161ana<\/a><\/li>\n<li>Uzglab\u0101\u0161anas iek\u0101rtas<\/li>\n<\/ul>\n<p>Palmer Moving Services ir 1910. gad\u0101 dibin\u0101ts uz\u0146\u0113mums, kas atrodas Voren\u0101. Uz\u0146\u0113mums ir da\u013ca no Atlas Van Lines, kas tam nodro\u0161ina p\u0101rcel\u0161an\u0101s a\u0123entu t\u012bklu vis\u0101 valst\u012b un pla\u0161\u0101ku starptautisko t\u012bklu ar 1700 a\u0123entiem. Uz\u0146\u0113mums ir IAM biedrs ar 113 gadu pieredzi.<\/p>\n<p>Palmer Moving Services nodro\u0161ina vienotu kontaktpunktu, kas pal\u012bdz\u0113s jums vis\u0101 p\u0101rcel\u0161an\u0101s laik\u0101. P\u0101rv\u0101k\u0161anas pakalpojumi ietver pilnu iepako\u0161anas pakalpojumu ar piel\u0101gotu iesai\u0146ojumu, lai aizsarg\u0101tu j\u016bsu priek\u0161metus, un vi\u0146i apstr\u0101d\u0101s muitas inform\u0101ciju un dokument\u0101ciju. Vi\u0146i pied\u0101v\u0101 ar\u012b papildu pakalpojumus, kas ietver transportl\u012bdzek\u013cu transport\u0113\u0161anu, uzglab\u0101\u0161anu un tre\u0161o pu\u0161u pakalpojumus.<\/p>\n<p>T\u012bmek\u013ca vietne: <a href=\"http:\/\/www.palmermoving.com\" target=\"_blank\" rel=\"noopener\">http:\/\/www.palmermoving.com<\/a><\/p>\n<h2><span class=\"ez-toc-section\" id=\"3_Powell_Relocation_Group\"><\/span><strong>3. Powell Relocation Group<\/strong><span class=\"ez-toc-section-end\"><\/span><\/h2>\n<p><img loading=\"lazy\" decoding=\"async\" class=\"alignnone size-full wp-image-11411\" src=\"https:\/\/moverdb.com\/wp-content\/uploads\/Powell-Relocation-Group-international-moving-company.png\" alt=\"Powell Relocation Group starptautiskais p\u0101rcel\u0161an\u0101s uz\u0146\u0113mums\" width=\"1440\" height=\"674\" data-wp-pid=\"11411\" srcset=\"https:\/\/moverdb.com\/wp-content\/uploads\/Powell-Relocation-Group-international-moving-company.png 1440w, https:\/\/moverdb.com\/wp-content\/uploads\/Powell-Relocation-Group-international-moving-company-300x140.png 300w, https:\/\/moverdb.com\/wp-content\/uploads\/Powell-Relocation-Group-international-moving-company-1024x479.png 1024w, https:\/\/moverdb.com\/wp-content\/uploads\/Powell-Relocation-Group-international-moving-company-18x8.png 18w, https:\/\/moverdb.com\/wp-content\/uploads\/Powell-Relocation-Group-international-moving-company-600x281.png 600w\" sizes=\"auto, (max-width: 1440px) 100vw, 1440px\" \/><\/p>\n<ul>\n<li>Viet\u0113jie un t\u0101lsatiksmes p\u0101rvadi<\/li>\n<li>Starptautiskie p\u0101rvadi<\/li>\n<li>P\u0101rv\u0101k\u0161an\u0101s uz dz\u012bvojam\u0101m telp\u0101m<\/li>\n<li>Komerci\u0101lie p\u0101rvadi<\/li>\n<li>Uz\u0146\u0113mumu p\u0101rvieto\u0161ana<\/li>\n<li>Starptautisko p\u0101rcel\u0161an\u0101s koordinators<\/li>\n<li>Iepako\u0161anas pakalpojums<\/li>\n<li>Transport\u0113\u0161ana pa sauszemi, oke\u0101nu vai gaisu<\/li>\n<li>Muito\u0161ana<\/li>\n<li>Uzglab\u0101\u0161anas iek\u0101rtas<\/li>\n<\/ul>\n<p>Powell Relocation Group ir 1962. gad\u0101 dibin\u0101ts p\u0101rvieto\u0161an\u0101s uz\u0146\u0113mums, kas atrodas Grand Rapids, <a href=\"https:\/\/moverdb.com\/lv\/moving-to-houston\/\" data-internallinksmanager029f6b8e52c=\"47\" title=\"P\u0101rcel\u0161an\u0101s uz Hj\u016bstonu? 2022 Dz\u012bves izmaksas un p\u0101rcel\u0161an\u0101s padomi\">Hj\u016bstona<\/a>, <a href=\"https:\/\/moverdb.com\/lv\/moving-to-the-united-states\/moving-to-west-virginia\/\" data-internallinksmanager029f6b8e52c=\"441\" title=\"P\u0101rcel\u0161an\u0101s uz Rietumvird\u017e\u012bniju? 2023 Dz\u012bves izmaksas un p\u0101rcel\u0161an\u0101s padomi\">Rietumvird\u017e\u012bnija<\/a> un Tacoma. Vi\u0146i ir Atlas Van Lines a\u0123enti, kas nodro\u0161ina vi\u0146iem p\u0101rv\u0101k\u0161an\u0101s a\u0123entu t\u012bklu, ar kuru str\u0101d\u0101t. Vi\u0146i ir IAM biedri ar 61 gada pieredzi.<\/p>\n<p>Powell Relocation Group pied\u0101v\u0101 virtu\u0101lo apsekojumu, lai sagatavotu p\u0101rcel\u0161an\u0101s t\u0101mi. Vi\u0146i izveidos individu\u0101lu p\u0101rcel\u0161an\u0101s pl\u0101nu un nor\u012bkos starptautisko p\u0101rcel\u0161an\u0101s koordinatoru. Vi\u0146i nodro\u0161ina pilnu p\u0101rcel\u0161an\u0101s pakalpojumu, tostarp j\u016bsu priek\u0161metu iepako\u0161anu un iekrau\u0161anu transport\u0113\u0161anai pa sauszemi, oke\u0101nu vai gaisu. Vi\u0146i muitos j\u016bsu priek\u0161metus un nog\u0101d\u0101s tos galam\u0113r\u0137\u012b.<\/p>\n<p>T\u012bmek\u013ca vietne: <a href=\"http:\/\/powellmoving.com\" target=\"_blank\" rel=\"noopener\">http:\/\/powellmoving.com<\/a><\/p>\n<h2><span class=\"ez-toc-section\" id=\"4_Rose_Moving_Storage\"><\/span><strong>4. Rose Moving &amp; Storage<\/strong><span class=\"ez-toc-section-end\"><\/span><\/h2>\n<p><img loading=\"lazy\" decoding=\"async\" class=\"alignnone size-full wp-image-11427\" src=\"https:\/\/moverdb.com\/wp-content\/uploads\/Rose-Moving-Storage-international-moving-company.png\" alt=\"Rose Moving &amp; Storage starptautisks p\u0101rvieto\u0161an\u0101s uz\u0146\u0113mums\" width=\"1440\" height=\"678\" data-wp-pid=\"11427\" srcset=\"https:\/\/moverdb.com\/wp-content\/uploads\/Rose-Moving-Storage-international-moving-company.png 1440w, https:\/\/moverdb.com\/wp-content\/uploads\/Rose-Moving-Storage-international-moving-company-300x141.png 300w, https:\/\/moverdb.com\/wp-content\/uploads\/Rose-Moving-Storage-international-moving-company-1024x482.png 1024w, https:\/\/moverdb.com\/wp-content\/uploads\/Rose-Moving-Storage-international-moving-company-18x8.png 18w, https:\/\/moverdb.com\/wp-content\/uploads\/Rose-Moving-Storage-international-moving-company-600x283.png 600w\" sizes=\"auto, (max-width: 1440px) 100vw, 1440px\" \/><\/p>\n<ul>\n<li>Viet\u0113jie un starpvalstu p\u0101rvadi<\/li>\n<li>Starptautiskie p\u0101rvadi<\/li>\n<li>M\u0101jsaimniec\u012bbas p\u0101rv\u0101k\u0161an\u0101s<\/li>\n<li>Komerci\u0101lie p\u0101rvadi<\/li>\n<li>Uz\u0146\u0113mumu p\u0101rvieto\u0161ana<\/li>\n<li>Pakalpojums \"no durv\u012bm l\u012bdz durv\u012bm<\/li>\n<li>Person\u012bgais p\u0101rcel\u0161an\u0101s koordinators<\/li>\n<li>Profesion\u0101ls iepako\u0161anas pakalpojums<\/li>\n<li>Transporta pas\u0101kumi<\/li>\n<li>Dro\u0161as glab\u0101\u0161anas iesp\u0113jas<\/li>\n<\/ul>\n<p>Rose Moving &amp; Storage ir uz\u0146\u0113mums, kas nodarbojas ar p\u0101rvieto\u0161anu Belvill\u0101, Kanton\u0101 un Grand Rapid\u0101. Uz\u0146\u0113mums ir Allied Van Lines starpvalstu a\u0123ents, un \u0161\u012b sadarb\u012bba \u013cauj sniegt pakalpojumus valsts un starptautisk\u0101 m\u0113rog\u0101 42 valst\u012bs. Uz\u0146\u0113mums ir IAM biedrs ar 59 gadu pieredzi.<\/p>\n<p>Rose Moving &amp; Storage pied\u0101v\u0101 p\u0101rcel\u0161an\u0101s pakalpojumus no durv\u012bm l\u012bdz durv\u012bm vis\u0101 valst\u012b un starptautiski. Starptautisk\u0101s p\u0101rcel\u0161an\u0101s gad\u012bjum\u0101 vi\u0146i jums nor\u012bkos person\u012bgo starptautisk\u0101s p\u0101rcel\u0161an\u0101s koordinatoru, kur\u0161 sapl\u0101nos katru s\u012bkumu un noteiks jums nepiecie\u0161amos pakalpojumus. Vi\u0146i sniedz profesion\u0101lus iepako\u0161anas pakalpojumus, izmantojot augst\u0101k\u0101s kvalit\u0101tes iepakojumu.<\/p>\n<p>T\u012bmek\u013ca vietne: <a href=\"http:\/\/www.rosemoving.com\" target=\"_blank\" rel=\"noopener\">http:\/\/www.rosemoving.com<\/a><\/p>\n<h2><span class=\"ez-toc-section\" id=\"5_Transphere\"><\/span><strong>5. Transphere<\/strong><span class=\"ez-toc-section-end\"><\/span><\/h2>\n<p><img loading=\"lazy\" decoding=\"async\" class=\"alignnone size-full wp-image-11615\" src=\"https:\/\/moverdb.com\/wp-content\/uploads\/Transphere-international-moving-company.png\" alt=\"Transphere starptautiskais p\u0101rvietojas uz\u0146\u0113mums\" width=\"1440\" height=\"677\" data-wp-pid=\"11615\" srcset=\"https:\/\/moverdb.com\/wp-content\/uploads\/Transphere-international-moving-company.png 1440w, https:\/\/moverdb.com\/wp-content\/uploads\/Transphere-international-moving-company-300x141.png 300w, https:\/\/moverdb.com\/wp-content\/uploads\/Transphere-international-moving-company-1024x481.png 1024w, https:\/\/moverdb.com\/wp-content\/uploads\/Transphere-international-moving-company-18x8.png 18w, https:\/\/moverdb.com\/wp-content\/uploads\/Transphere-international-moving-company-600x282.png 600w\" sizes=\"auto, (max-width: 1440px) 100vw, 1440px\" \/><\/p>\n<ul>\n<li>Valsts p\u0101rcel\u0161an\u0101s<\/li>\n<li>Starptautiskie p\u0101rvadi<\/li>\n<li>M\u0101jsaimniec\u012bbas p\u0101rv\u0101k\u0161an\u0101s<\/li>\n<li>Komerci\u0101lie p\u0101rvad\u0101jumi<\/li>\n<li>Pakalpojums \"no durv\u012bm l\u012bdz durv\u012bm<\/li>\n<li>Iepako\u0161anas pakalpojums<\/li>\n<li>J\u016bras, sauszemes un gaisa transports<\/li>\n<li>Muito\u0161ana<\/li>\n<li>Transportl\u012bdzek\u013cu transport\u0113\u0161ana<\/li>\n<li>Uzglab\u0101\u0161anas iek\u0101rtas<\/li>\n<\/ul>\n<p>Transphere ir 1987. gad\u0101 dibin\u0101ts kravu p\u0101rvad\u0101jumu uz\u0146\u0113mums, kas atrodas Vestlend\u0101. Uz\u0146\u0113mums ir da\u013ca no 150 uz\u0146\u0113mumu t\u012bkla vis\u0101 pasaul\u0113, kas var sniegt atbalstu, sniedzot pakalpojumus gan valsts, gan starptautisk\u0101 m\u0113rog\u0101. Uz\u0146\u0113mums ir IAM biedrs ar 36 gadu pieredzi.<\/p>\n<p>Transphere pied\u0101v\u0101 m\u0101jsaimniec\u012bbas pre\u010du, personisko lietu, transportl\u012bdzek\u013cu, komercpre\u010du un projektu kravu eksped\u012bcijas pakalpojumus \"no durv\u012bm l\u012bdz durv\u012bm\". Tie pied\u0101v\u0101 da\u017e\u0101das kravu p\u0101rvad\u0101jumu iesp\u0113jas, tostarp gaisa, sauszemes un j\u016bras p\u0101rvad\u0101jumus ar pilnu un nepilnu konteineru kravu. Vi\u0146i pied\u0101v\u0101 ar\u012b iepako\u0161anas pakalpojumus un var atvieglot muito\u0161anu. Vi\u0146i nodro\u0161ina ar\u012b t\u012bmek\u013ca izseko\u0161anas sist\u0113mu un port\u0101lu, lai uzraudz\u012btu j\u016bsu s\u016bt\u012bjumu.<\/p>\n<p>T\u012bmek\u013ca vietne: <a href=\"http:\/\/www.transphereinc.com\" target=\"_blank\" rel=\"noopener\">http:\/\/www.transphereinc.com<\/a><\/p>","protected":false},"excerpt":{"rendered":"<p>Are you planning a move? If so you may want to employ a moving company to assist you. They can help with planning your move, packing, logistics and customs procedures if moving countries. Below we have compiled a list of Michigan based removal companies that are members of the International Association of Movers (IAM) and\/or [&hellip;]<\/p>\n","protected":false},"author":4,"featured_media":11297,"parent":190,"menu_order":0,"comment_status":"closed","ping_status":"closed","template":"","meta":{"_genesis_hide_title":false,"_genesis_hide_breadcrumbs":false,"_genesis_hide_singular_image":false,"_genesis_hide_footer_widgets":false,"_genesis_custom_body_class":"","_genesis_custom_post_class":"","_genesis_layout":"","footnotes":""},"class_list":{"0":"post-11613","1":"page","2":"type-page","3":"status-publish","4":"has-post-thumbnail","6":"entry"},"_links":{"self":[{"href":"https:\/\/moverdb.com\/lv\/wp-json\/wp\/v2\/pages\/11613","targetHints":{"allow":["GET"]}}],"collection":[{"href":"https:\/\/moverdb.com\/lv\/wp-json\/wp\/v2\/pages"}],"about":[{"href":"https:\/\/moverdb.com\/lv\/wp-json\/wp\/v2\/types\/page"}],"author":[{"embeddable":true,"href":"https:\/\/moverdb.com\/lv\/wp-json\/wp\/v2\/users\/4"}],"replies":[{"embeddable":true,"href":"https:\/\/moverdb.com\/lv\/wp-json\/wp\/v2\/comments?post=11613"}],"version-history":[{"count":1,"href":"https:\/\/moverdb.com\/lv\/wp-json\/wp\/v2\/pages\/11613\/revisions"}],"predecessor-version":[{"id":11616,"href":"https:\/\/moverdb.com\/lv\/wp-json\/wp\/v2\/pages\/11613\/revisions\/11616"}],"up":[{"embeddable":true,"href":"https:\/\/moverdb.com\/lv\/wp-json\/wp\/v2\/pages\/190"}],"wp:featuredmedia":[{"embeddable":true,"href":"https:\/\/moverdb.com\/lv\/wp-json\/wp\/v2\/media\/11297"}],"wp:attachment":[{"href":"https:\/\/moverdb.com\/lv\/wp-json\/wp\/v2\/media?parent=11613"}],"curies":[{"name":"wp","href":"https:\/\/api.w.org\/{rel}","templated":true}]}}