{"id":11602,"date":"2023-11-29T10:33:42","date_gmt":"2023-11-29T10:33:42","guid":{"rendered":"https:\/\/moverdb.com\/?page_id=11602"},"modified":"2026-01-08T15:24:17","modified_gmt":"2026-01-08T15:24:17","slug":"moving-companies-us-jacksonville","status":"publish","type":"page","link":"https:\/\/moverdb.com\/lv\/moving-companies\/moving-companies-us-jacksonville\/","title":{"rendered":"3 Lab\u0101kie starptautisk\u0101s p\u0101rcel\u0161an\u0101s uz\u0146\u0113mumi D\u017eeksonvil\u0101"},"content":{"rendered":"<p>Ja pl\u0101nojat p\u0101rcelties uz D\u017eeksonvilu vai no t\u0101s viet\u0113j\u0101, valsts vai starptautisk\u0101 m\u0113rog\u0101, jums var b\u016bt nepiecie\u0161ama pal\u012bdz\u012bba. <a href=\"https:\/\/moverdb.com\/lv\/moving-companies\/\" data-internallinksmanager029f6b8e52c=\"79\" title=\"Top 25 Starptautiskie p\u0101rcel\u0161an\u0101s uz\u0146\u0113mumi tie\u0161saist\u0113\">P\u0101rcel\u0161an\u0101s uz\u0146\u0113mumi<\/a> pied\u0101v\u0101 daudzveid\u012bgu pal\u012bdz\u012bbu, tostarp pl\u0101no\u0161anas, iepako\u0161anas, transport\u0113\u0161anas, muitas apstr\u0101des un izpako\u0161anas pakalpojumus. Zem\u0101k m\u0113s esam apkopoju\u0161i sarakstu ar D\u017eeksonvil\u0101 b\u0101z\u0113t\u0101m <a href=\"https:\/\/moverdb.com\/lv\/international-removals\/\" data-internallinksmanager029f6b8e52c=\"27\" title=\"36 Lab\u0101kie starptautisko p\u0101rvad\u0101jumu uz\u0146\u0113mumi Apvienotaj\u0101 Karalist\u0113\">p\u0101rv\u0101k\u0161an\u0101s uz\u0146\u0113mumi<\/a> kas ir <a href=\"https:\/\/moverdb.com\/lv\/iam\/\" data-internallinksmanager029f6b8e52c=\"23\" title=\"Starptautisk\u0101s P\u0101rv\u0101c\u0113ju asoci\u0101cijas (IAM) skaidrojumi\">Starptautisk\u0101 P\u0101rv\u0101c\u0113ju asoci\u0101cija<\/a> (IAM) un\/vai <a href=\"https:\/\/moverdb.com\/lv\/fidi-faim\/\" data-internallinksmanager029f6b8e52c=\"16\" title=\"FIDI un FAIM (FIDI akredit\u0113tais starptautiskais p\u0101rvietot\u0101js) skaidrojums\">FIDI<\/a> Akredit\u0113ti starptautiskie p\u0101rv\u0101c\u0113ji (FAIM), kas var\u0113tu jums pal\u012bdz\u0113t p\u0101rcelties.<\/p>\n<h2><strong>1. Conser Moving &amp; Storage<\/strong><\/h2>\n<p><img loading=\"lazy\" decoding=\"async\" class=\"alignnone size-full wp-image-11292\" src=\"https:\/\/moverdb.com\/wp-content\/uploads\/Conser-Moving-Storage-international-moving-company.png\" alt=\"Conser Moving &amp; Storage starptautiskais p\u0101rvieto\u0161an\u0101s uz\u0146\u0113mums\" width=\"1440\" height=\"681\" data-wp-pid=\"11292\" srcset=\"https:\/\/moverdb.com\/wp-content\/uploads\/Conser-Moving-Storage-international-moving-company.png 1440w, https:\/\/moverdb.com\/wp-content\/uploads\/Conser-Moving-Storage-international-moving-company-300x142.png 300w, https:\/\/moverdb.com\/wp-content\/uploads\/Conser-Moving-Storage-international-moving-company-1024x484.png 1024w, https:\/\/moverdb.com\/wp-content\/uploads\/Conser-Moving-Storage-international-moving-company-18x9.png 18w, https:\/\/moverdb.com\/wp-content\/uploads\/Conser-Moving-Storage-international-moving-company-600x284.png 600w\" sizes=\"auto, (max-width: 1440px) 100vw, 1440px\" \/><\/p>\n<ul>\n<li>Viet\u0113jie p\u0101rvadi<\/li>\n<li>P\u0101rvieto\u0161an\u0101s lielos att\u0101lumos<\/li>\n<li>P\u0101rv\u0101k\u0161an\u0101s uz dz\u012bvojam\u0101m telp\u0101m<\/li>\n<li>Biroju p\u0101rcel\u0161an\u0101s<\/li>\n<li>Individualiz\u0113ts pakalpojums<\/li>\n<li>P\u0101rvieto\u0161anas iesp\u0113ju izv\u0113le<\/li>\n<li>P\u0101rvieto\u0161anas p\u0101rvald\u012bba<\/li>\n<li>Transporta organiz\u0113\u0161ana<\/li>\n<li>P\u0101rvietot aizsardz\u012bbu<\/li>\n<li>Uzglab\u0101\u0161anas iek\u0101rtas<\/li>\n<\/ul>\n<p>Conser Moving &amp; Storage ir p\u0101rvieto\u0161anas un p\u0101rcel\u0161an\u0101s uz\u0146\u0113mums, kas specializ\u0113jas iek\u0161zemes un milit\u0101ro p\u0101rcel\u0161anos jom\u0101 un atrodas D\u017eeksonvil\u0101. Vi\u0146i ir Mayflower Transit p\u0101rst\u0101vis, kas sniedz p\u0101rcel\u0161an\u0101s pakalpojumus jau vair\u0101k nek\u0101 90 gadus. Uz\u0146\u0113mums ir IAM biedrs ar 11 gadu pieredzi.<\/p>\n<p>Conser Moving &amp; Storage nodro\u0161in\u0101s jums visu nepiecie\u0161amo atbalstu, lai j\u016bs var\u0113tu izveidot p\u0101rcel\u0161an\u0101s pl\u0101nu ar piel\u0101gojam\u0101m iesp\u0113j\u0101m attiec\u012bb\u0101 uz jums nepiecie\u0161amajiem pakalpojumiem. Vi\u0146i pal\u012bdz\u0113s atrast pareizo p\u0101rcel\u0161an\u0101s pl\u0101nu, kas atbilst j\u016bsu vajadz\u012bb\u0101m, bud\u017eetam un grafikam.<\/p>\n<p>T\u012bmek\u013ca vietne: <a href=\"https:\/\/consermoving.com\" target=\"_blank\" rel=\"noopener\">https:\/\/consermoving.com<\/a><\/p>\n<h2><strong>2. DN Van Lines<\/strong><\/h2>\n<p><img loading=\"lazy\" decoding=\"async\" class=\"alignnone size-full wp-image-11307\" src=\"https:\/\/moverdb.com\/wp-content\/uploads\/DN-Van-Lines-international-moving-company.png\" alt=\"DN Van Lines starptautiskais p\u0101rvieto\u0161an\u0101s uz\u0146\u0113mums\" width=\"1440\" height=\"670\" data-wp-pid=\"11307\" srcset=\"https:\/\/moverdb.com\/wp-content\/uploads\/DN-Van-Lines-international-moving-company.png 1440w, https:\/\/moverdb.com\/wp-content\/uploads\/DN-Van-Lines-international-moving-company-300x140.png 300w, https:\/\/moverdb.com\/wp-content\/uploads\/DN-Van-Lines-international-moving-company-1024x476.png 1024w, https:\/\/moverdb.com\/wp-content\/uploads\/DN-Van-Lines-international-moving-company-18x8.png 18w, https:\/\/moverdb.com\/wp-content\/uploads\/DN-Van-Lines-international-moving-company-600x279.png 600w\" sizes=\"auto, (max-width: 1440px) 100vw, 1440px\" \/><\/p>\n<ul>\n<li>Viet\u0113jie un starpvalstu p\u0101rvadi<\/li>\n<li>Starptautiskie p\u0101rvadi<\/li>\n<li>M\u0101jsaimniec\u012bbas p\u0101rv\u0101k\u0161an\u0101s<\/li>\n<li>Biroju un komerci\u0101lie p\u0101rv\u0101k\u0161an\u0101s darbi<\/li>\n<li>Personas p\u0101rcel\u0161an\u0101s vad\u012bt\u0101js<\/li>\n<li>Iepako\u0161anas pakalpojumi<\/li>\n<li>Invent\u0101ra p\u0101rvald\u012bba<\/li>\n<li>Transporta organiz\u0113\u0161ana<\/li>\n<li>Apdro\u0161in\u0101\u0161ana<\/li>\n<li>Uzglab\u0101\u0161anas pakalpojumi<\/li>\n<\/ul>\n<p>DN Van Lines ir 2001. gad\u0101 dibin\u0101ts p\u0101rvieto\u0161an\u0101s un uzglab\u0101\u0161anas uz\u0146\u0113mums, kas atrodas D\u017eeksonvil\u0101, <a href=\"https:\/\/moverdb.com\/lv\/moving-to-the-united-states\/moving-to-massachusetts\/\" data-internallinksmanager029f6b8e52c=\"412\" title=\"P\u0101rce\u013caties uz Masa\u010d\u016bsetsas \u0161tatu? 2023 Dz\u012bves izmaksas un p\u0101rcel\u0161an\u0101s padomi\">Masa\u010d\u016bsetsas \u0161tats<\/a> un <a href=\"https:\/\/moverdb.com\/lv\/moving-to-the-united-states\/moving-to-virginia\/\" data-internallinksmanager029f6b8e52c=\"442\" title=\"P\u0101rcel\u0161an\u0101s uz Vird\u017e\u012bniju? 2023 Dz\u012bves izmaksas un p\u0101rcel\u0161an\u0101s padomi\">Virginia<\/a>. Vi\u0146i sadarbojas ar uzticamu p\u0101rcel\u0161an\u0101s pakalpojumu sniedz\u0113ju t\u012bklu vis\u0101 pasaul\u0113, lai pal\u012bdz\u0113tu vi\u0146iem. Vi\u0146i ir IAM biedrs ar 14 gadu pieredzi.<\/p>\n<p>DN Van Lines pied\u0101v\u0101 bezmaksas t\u0101mi un apsekojumu m\u0101j\u0101s vai virtu\u0101lo apskati, lai nov\u0113rt\u0113tu j\u016bsu p\u0101rcel\u0161an\u0101s pras\u012bbas. Vi\u0146i nodro\u0161ina person\u012bgo p\u0101rcel\u0161an\u0101s vad\u012bt\u0101ju, kas izveidos detaliz\u0113tu, j\u016bsu vajadz\u012bb\u0101m piel\u0101gotu p\u0101rcel\u0161an\u0101s pl\u0101nu un pal\u012bdz\u0113s jums p\u0101rcel\u0161an\u0101s laik\u0101. Vi\u0146i sniedz iepako\u0161anas pakalpojumus, kas ietver detaliz\u0113tu j\u016bsu priek\u0161metu inventariz\u0101ciju.<\/p>\n<p>T\u012bmek\u013ca vietne: <a href=\"http:\/\/www.dnvanlines.com\" target=\"_blank\" rel=\"noopener\">http:\/\/www.dnvanlines.com<\/a><\/p>\n<h2><strong>3. Suddath<\/strong><\/h2>\n<p><img loading=\"lazy\" decoding=\"async\" class=\"alignnone size-full wp-image-11450\" src=\"https:\/\/moverdb.com\/wp-content\/uploads\/Suddath-international-moving-company.png\" alt=\"Suddath starptautiskais p\u0101rvieto\u0161an\u0101s uz\u0146\u0113mums\" width=\"1440\" height=\"677\" data-wp-pid=\"11450\" srcset=\"https:\/\/moverdb.com\/wp-content\/uploads\/Suddath-international-moving-company.png 1440w, https:\/\/moverdb.com\/wp-content\/uploads\/Suddath-international-moving-company-300x141.png 300w, https:\/\/moverdb.com\/wp-content\/uploads\/Suddath-international-moving-company-1024x481.png 1024w, https:\/\/moverdb.com\/wp-content\/uploads\/Suddath-international-moving-company-18x8.png 18w, https:\/\/moverdb.com\/wp-content\/uploads\/Suddath-international-moving-company-600x282.png 600w\" sizes=\"auto, (max-width: 1440px) 100vw, 1440px\" \/><\/p>\n<ul>\n<li>Viet\u0113jie un t\u0101lsatiksmes p\u0101rvadi<\/li>\n<li>Starptautiskie p\u0101rvadi<\/li>\n<li>M\u0101jsaimniec\u012bbas p\u0101rv\u0101k\u0161an\u0101s<\/li>\n<li>Komerci\u0101lie p\u0101rvadi<\/li>\n<li>Kompleksais pakalpojums<\/li>\n<li>Iepako\u0161anas pakalpojums<\/li>\n<li>Muitas atbalsts<\/li>\n<li>Transportl\u012bdzek\u013cu un m\u0101jdz\u012bvnieku transport\u0113\u0161ana<\/li>\n<li>Apdro\u0161in\u0101\u0161ana<\/li>\n<li>\u012astermi\u0146a un ilgtermi\u0146a uzglab\u0101\u0161ana<\/li>\n<\/ul>\n<p>Suddath ir 1919. gad\u0101 D\u017eeksonvil\u0101 dibin\u0101ts p\u0101rvieto\u0161an\u0101s un lo\u0123istikas uz\u0146\u0113mums, un tam ir v\u0113l 19 fili\u0101les D\u017eeksonvil\u0101. <a href=\"https:\/\/moverdb.com\/lv\/moving-to-the-united-states\/\" data-internallinksmanager029f6b8e52c=\"94\" title=\"P\u0101rce\u013caties uz Amerikas Savienotaj\u0101m Valst\u012bm? 2022 Dz\u012bves izmaksas un p\u0101rcel\u0161an\u0101s padomi\">ASV<\/a>. Tiem ir glob\u0101ls partneru t\u012bkls, kur\u0101 ietilpst p\u0101rbaud\u012bti un atz\u012bti uz\u0146\u0113mumi, kas pal\u012bdz sniegt visaptvero\u0161us pakalpojumus 180 valst\u012bs vis\u0101 pasaul\u0113. Uz\u0146\u0113mums ir IAM biedrs ar 104 gadu pieredzi.<\/p>\n<p>Suddath pied\u0101v\u0101 vienas pieturas a\u0123ent\u016bru vis\u0101m j\u016bsu p\u0101rcel\u0161an\u0101s vajadz\u012bb\u0101m ar \u012bpa\u0161u p\u0101rcel\u0161an\u0101s konsultantu, kas pal\u012bdz\u0113s jums katr\u0101 sol\u012b un bud\u017eet\u0101. Vi\u0146i nodro\u0161ina individu\u0101lu pieeju un pal\u012bdz\u0113s jums nok\u0101rtot muitas, dokument\u0101cijas un apdro\u0161in\u0101\u0161anas jaut\u0101jumus. Vi\u0146i pied\u0101v\u0101 ar\u012b papildu pakalpojumus, tostarp iek\u0101rto\u0161an\u0101s un istabenes pakalpojumus.<\/p>\n<p>T\u012bmek\u013ca vietne: <a href=\"https:\/\/suddath.com\" target=\"_blank\" rel=\"noopener\">https:\/\/suddath.com<\/a><\/p>","protected":false},"excerpt":{"rendered":"<p>If you are planning a move locally, nationally or internationally to or from Jacksonville you may want some assistance. Moving companies offer a variety of help including planning, packing, transportation, customs handling and unpacking services. Below we have compiled a list of Jacksonville based removal companies that are members of the International Association of Movers [&hellip;]<\/p>\n","protected":false},"author":4,"featured_media":11292,"parent":190,"menu_order":0,"comment_status":"closed","ping_status":"closed","template":"","meta":{"_genesis_hide_title":false,"_genesis_hide_breadcrumbs":false,"_genesis_hide_singular_image":false,"_genesis_hide_footer_widgets":false,"_genesis_custom_body_class":"","_genesis_custom_post_class":"","_genesis_layout":"","footnotes":""},"class_list":{"0":"post-11602","1":"page","2":"type-page","3":"status-publish","4":"has-post-thumbnail","6":"entry"},"_links":{"self":[{"href":"https:\/\/moverdb.com\/lv\/wp-json\/wp\/v2\/pages\/11602","targetHints":{"allow":["GET"]}}],"collection":[{"href":"https:\/\/moverdb.com\/lv\/wp-json\/wp\/v2\/pages"}],"about":[{"href":"https:\/\/moverdb.com\/lv\/wp-json\/wp\/v2\/types\/page"}],"author":[{"embeddable":true,"href":"https:\/\/moverdb.com\/lv\/wp-json\/wp\/v2\/users\/4"}],"replies":[{"embeddable":true,"href":"https:\/\/moverdb.com\/lv\/wp-json\/wp\/v2\/comments?post=11602"}],"version-history":[{"count":1,"href":"https:\/\/moverdb.com\/lv\/wp-json\/wp\/v2\/pages\/11602\/revisions"}],"predecessor-version":[{"id":11603,"href":"https:\/\/moverdb.com\/lv\/wp-json\/wp\/v2\/pages\/11602\/revisions\/11603"}],"up":[{"embeddable":true,"href":"https:\/\/moverdb.com\/lv\/wp-json\/wp\/v2\/pages\/190"}],"wp:featuredmedia":[{"embeddable":true,"href":"https:\/\/moverdb.com\/lv\/wp-json\/wp\/v2\/media\/11292"}],"wp:attachment":[{"href":"https:\/\/moverdb.com\/lv\/wp-json\/wp\/v2\/media?parent=11602"}],"curies":[{"name":"wp","href":"https:\/\/api.w.org\/{rel}","templated":true}]}}