{"id":11600,"date":"2023-11-29T10:45:01","date_gmt":"2023-11-29T10:45:01","guid":{"rendered":"https:\/\/moverdb.com\/?page_id=11600"},"modified":"2026-01-08T15:25:08","modified_gmt":"2026-01-08T15:25:08","slug":"moving-companies-us-indiana","status":"publish","type":"page","link":"https:\/\/moverdb.com\/lv\/moving-companies\/moving-companies-us-indiana\/","title":{"rendered":"5 Lab\u0101kie starptautisk\u0101s p\u0101rcel\u0161an\u0101s uz\u0146\u0113mumi Indi\u0101n\u0101"},"content":{"rendered":"<p>P\u0101rv\u0101k\u0161an\u0101s var b\u016bt stresa pilns laiks, kad ir j\u0101r\u0113\u0137in\u0101s ar daudz\u0101m liet\u0101m. T\u0101p\u0113c daudzi cilv\u0113ki izmanto pal\u012bdz\u012bbu, ko sniedz <a href=\"https:\/\/moverdb.com\/lv\/moving-companies\/\" data-internallinksmanager029f6b8e52c=\"79\" title=\"Top 25 Starptautiskie p\u0101rcel\u0161an\u0101s uz\u0146\u0113mumi tie\u0161saist\u0113\">P\u0101rvieto\u0161an\u0101s uz\u0146\u0113mums<\/a> jo vi\u0146i var vad\u012bt p\u0101rcel\u0161anos, iepakot un transport\u0113t j\u016bsu mantas, k\u0101 ar\u012b nok\u0101rtot muitas proced\u016bras, ja p\u0101rcel\u0161an\u0101s notiek starptautisk\u0101 m\u0113rog\u0101. Zem\u0101k m\u0113s esam apkopoju\u0161i sarakstu ar <a href=\"https:\/\/moverdb.com\/lv\/moving-to-the-united-states\/moving-to-indiana\/\" data-internallinksmanager029f6b8e52c=\"445\" title=\"P\u0101rcel\u0161an\u0101s uz Indi\u0101nu? 2023 Dz\u012bves izmaksas un p\u0101rcel\u0161an\u0101s padomi\">Indiana<\/a> pamatojoties uz <a href=\"https:\/\/moverdb.com\/lv\/international-removals\/\" data-internallinksmanager029f6b8e52c=\"27\" title=\"36 Lab\u0101kie starptautisko p\u0101rvad\u0101jumu uz\u0146\u0113mumi Apvienotaj\u0101 Karalist\u0113\">p\u0101rv\u0101k\u0161an\u0101s uz\u0146\u0113mumi<\/a> kas ir <a href=\"https:\/\/moverdb.com\/lv\/iam\/\" data-internallinksmanager029f6b8e52c=\"23\" title=\"Starptautisk\u0101s P\u0101rv\u0101c\u0113ju asoci\u0101cijas (IAM) skaidrojumi\">Starptautisk\u0101 P\u0101rv\u0101c\u0113ju asoci\u0101cija<\/a> (IAM) un\/vai <a href=\"https:\/\/moverdb.com\/lv\/fidi-faim\/\" data-internallinksmanager029f6b8e52c=\"16\" title=\"FIDI un FAIM (FIDI akredit\u0113tais starptautiskais p\u0101rvietot\u0101js) skaidrojums\">FIDI<\/a> Akredit\u0113ti starptautiskie p\u0101rv\u0101c\u0113ji (FAIM), kas var\u0113tu jums pal\u012bdz\u0113t p\u0101rcelties.<\/p>\n<div id=\"ez-toc-container\" class=\"ez-toc-v2_0_82_2 ez-toc-wrap-left counter-hierarchy ez-toc-counter ez-toc-transparent ez-toc-container-direction\">\n<div class=\"ez-toc-title-container\">\n<p class=\"ez-toc-title\" style=\"cursor:inherit\">Sada\u013cas<\/p>\n<span class=\"ez-toc-title-toggle\"><a href=\"#\" class=\"ez-toc-pull-right ez-toc-btn ez-toc-btn-xs ez-toc-btn-default ez-toc-toggle\" aria-label=\"P\u0101rsl\u0113gt satura tabulu\"><span class=\"ez-toc-js-icon-con\"><span class=\"\"><span class=\"eztoc-hide\" style=\"display:none;\">P\u0101rsl\u0113gt<\/span><span class=\"ez-toc-icon-toggle-span\"><svg style=\"fill: #999;color:#999\" xmlns=\"http:\/\/www.w3.org\/2000\/svg\" class=\"list-377408\" width=\"20px\" height=\"20px\" viewbox=\"0 0 24 24\" fill=\"none\"><path d=\"M6 6H4v2h2V6zm14 0H8v2h12V6zM4 11h2v2H4v-2zm16 0H8v2h12v-2zM4 16h2v2H4v-2zm16 0H8v2h12v-2z\" fill=\"currentColor\"><\/path><\/svg><svg style=\"fill: #999;color:#999\" class=\"arrow-unsorted-368013\" xmlns=\"http:\/\/www.w3.org\/2000\/svg\" width=\"10px\" height=\"10px\" viewbox=\"0 0 24 24\" version=\"1.2\" baseprofile=\"tiny\"><path d=\"M18.2 9.3l-6.2-6.3-6.2 6.3c-.2.2-.3.4-.3.7s.1.5.3.7c.2.2.4.3.7.3h11c.3 0 .5-.1.7-.3.2-.2.3-.5.3-.7s-.1-.5-.3-.7zM5.8 14.7l6.2 6.3 6.2-6.3c.2-.2.3-.5.3-.7s-.1-.5-.3-.7c-.2-.2-.4-.3-.7-.3h-11c-.3 0-.5.1-.7.3-.2.2-.3.5-.3.7s.1.5.3.7z\"\/><\/svg><\/span><\/span><\/span><\/a><\/span><\/div>\n<nav><ul class='ez-toc-list ez-toc-list-level-1 eztoc-toggle-hide-by-default' ><li class='ez-toc-page-1 ez-toc-heading-level-2'><a class=\"ez-toc-link ez-toc-heading-1\" href=\"https:\/\/moverdb.com\/lv\/moving-companies\/moving-companies-us-indiana\/#1_Atlas_International\" >1. Atlas International<\/a><\/li><li class='ez-toc-page-1 ez-toc-heading-level-2'><a class=\"ez-toc-link ez-toc-heading-2\" href=\"https:\/\/moverdb.com\/lv\/moving-companies\/moving-companies-us-indiana\/#2_Atlantic_Relocation_Systems\" >2. P\u0101rcel\u0161an\u0101s sist\u0113mas Atlantic Relocation Systems<\/a><\/li><li class='ez-toc-page-1 ez-toc-heading-level-2'><a class=\"ez-toc-link ez-toc-heading-3\" href=\"https:\/\/moverdb.com\/lv\/moving-companies\/moving-companies-us-indiana\/#3_Reindeer_Auto_Moving\" >3. Zieme\u013cbrie\u017eu auto p\u0101rvieto\u0161ana<\/a><\/li><li class='ez-toc-page-1 ez-toc-heading-level-2'><a class=\"ez-toc-link ez-toc-heading-4\" href=\"https:\/\/moverdb.com\/lv\/moving-companies\/moving-companies-us-indiana\/#4_Wheaton_World_Wide_Moving\" >4. Wheaton World Wide Moving<\/a><\/li><li class='ez-toc-page-1 ez-toc-heading-level-2'><a class=\"ez-toc-link ez-toc-heading-5\" href=\"https:\/\/moverdb.com\/lv\/moving-companies\/moving-companies-us-indiana\/#5_Wickman_Worldwide_Services\" >5. Wickman Worldwide Services<\/a><\/li><\/ul><\/nav><\/div>\n<h2><span class=\"ez-toc-section\" id=\"1_Atlas_International\"><\/span><strong>1. Atlas International<\/strong><span class=\"ez-toc-section-end\"><\/span><\/h2>\n<p><img loading=\"lazy\" decoding=\"async\" class=\"alignnone size-full wp-image-11263\" src=\"https:\/\/moverdb.com\/wp-content\/uploads\/Atlas-International-moving-company-3.png\" alt=\"Atlas International p\u0101rvietojas uz\u0146\u0113mums\" width=\"1440\" height=\"676\" data-wp-pid=\"11263\" srcset=\"https:\/\/moverdb.com\/wp-content\/uploads\/Atlas-International-moving-company-3.png 1440w, https:\/\/moverdb.com\/wp-content\/uploads\/Atlas-International-moving-company-3-300x141.png 300w, https:\/\/moverdb.com\/wp-content\/uploads\/Atlas-International-moving-company-3-1024x481.png 1024w, https:\/\/moverdb.com\/wp-content\/uploads\/Atlas-International-moving-company-3-18x8.png 18w, https:\/\/moverdb.com\/wp-content\/uploads\/Atlas-International-moving-company-3-600x282.png 600w\" sizes=\"auto, (max-width: 1440px) 100vw, 1440px\" \/><\/p>\n<ul>\n<li>Starptautisk\u0101s p\u0101rvieto\u0161anas<\/li>\n<li>Dz\u012bvojamo \u0113ku p\u0101rvieto\u0161ana<\/li>\n<li>Uz\u0146\u0113mumu p\u0101rvieto\u0161ana<\/li>\n<li>Pakalpojums \"no durv\u012bm l\u012bdz durv\u012bm<\/li>\n<li>Profesion\u0101ls iepako\u0161anas pakalpojums<\/li>\n<li>Oke\u0101na un gaisa transports<\/li>\n<li>Konteineru iesp\u0113ju izv\u0113le<\/li>\n<li>Muito\u0161ana<\/li>\n<li>Aizsardz\u012bbas pl\u0101ni<\/li>\n<li>Uzglab\u0101\u0161anas iek\u0101rtas<\/li>\n<\/ul>\n<p>Atlas International ir starptautisks p\u0101rvad\u0101jumu uz\u0146\u0113mums, kas dibin\u0101ts 1960. gad\u0101 un atrodas Evansvil\u0101. Uz\u0146\u0113mumam ir visaptvero\u0161s glob\u0101ls t\u012bkls, kas pal\u012bdz sniegt p\u0101rcel\u0161an\u0101s pakalpojumus vis\u0101 pasaul\u0113. Uz\u0146\u0113mums ir IAM biedrs ar 38 gadu pieredzi un ir akredit\u0113ts FIDI.<\/p>\n<p>Atlas International pied\u0101v\u0101 bezmaksas p\u0101rcel\u0161an\u0101s apsekojumu un t\u0101mi. Vi\u0146i izveidos jums piel\u0101gotu p\u0101rcel\u0161an\u0101s pl\u0101nu, kas nodro\u0161in\u0101s pilnu p\u0101rcel\u0161an\u0101s pakalpojumu kl\u0101stu. Vi\u0146i sniedz p\u0101rcel\u0161an\u0101s pakalpojumus no durv\u012bm l\u012bdz durv\u012bm ar starptautisko p\u0101rcel\u0161an\u0101s ekspertu atbalstu. Vi\u0146i sniedz iepako\u0161anas pakalpojumus, kas aizsarg\u0101 j\u016bsu priek\u0161metus, un \u012bpa\u0161i r\u016bp\u0113jas par trausliem priek\u0161metiem.<\/p>\n<p>T\u012bmek\u013ca vietne: <a href=\"https:\/\/www.atlasintl.com\/\" target=\"_blank\" rel=\"noopener\">https:\/\/www.atlasintl.com\/<\/a><\/p>\n<h2><span class=\"ez-toc-section\" id=\"2_Atlantic_Relocation_Systems\"><\/span><strong>2. P\u0101rcel\u0161an\u0101s sist\u0113mas Atlantic Relocation Systems<\/strong><span class=\"ez-toc-section-end\"><\/span><\/h2>\n<p><img loading=\"lazy\" decoding=\"async\" class=\"alignnone size-full wp-image-11262\" src=\"https:\/\/moverdb.com\/wp-content\/uploads\/Atlantic-Relocation-Systems-international-moving-company.png\" alt=\"Atlantic Relocation Systems starptautiskais p\u0101rvieto\u0161anas uz\u0146\u0113mums\" width=\"1440\" height=\"677\" data-wp-pid=\"11262\" srcset=\"https:\/\/moverdb.com\/wp-content\/uploads\/Atlantic-Relocation-Systems-international-moving-company.png 1440w, https:\/\/moverdb.com\/wp-content\/uploads\/Atlantic-Relocation-Systems-international-moving-company-300x141.png 300w, https:\/\/moverdb.com\/wp-content\/uploads\/Atlantic-Relocation-Systems-international-moving-company-1024x481.png 1024w, https:\/\/moverdb.com\/wp-content\/uploads\/Atlantic-Relocation-Systems-international-moving-company-18x8.png 18w, https:\/\/moverdb.com\/wp-content\/uploads\/Atlantic-Relocation-Systems-international-moving-company-600x282.png 600w\" sizes=\"auto, (max-width: 1440px) 100vw, 1440px\" \/><\/p>\n<ul>\n<li>Viet\u0113jie un t\u0101lsatiksmes p\u0101rvadi<\/li>\n<li>Starptautiskie p\u0101rvadi<\/li>\n<li>M\u0101jsaimniec\u012bbas p\u0101rv\u0101k\u0161an\u0101s<\/li>\n<li>Biroju p\u0101rcel\u0161an\u0101s<\/li>\n<li>Pie\u0161\u0137irtais p\u0101rvieto\u0161anas koordinators<\/li>\n<li>Iepako\u0161anas pakalpojums<\/li>\n<li>Autotransporta, gaisa un j\u016bras kravu p\u0101rvad\u0101jumi<\/li>\n<li>Atbalsts muitas jom\u0101<\/li>\n<li>M\u0101kslas darbu apstr\u0101de<\/li>\n<li>Uzglab\u0101\u0161anas risin\u0101jumi<\/li>\n<\/ul>\n<p>Atlantic Relocation Systems ir 1984. gad\u0101 dibin\u0101ts uz\u0146\u0113mums, kas pied\u0101v\u0101 starptautiskus p\u0101rvieto\u0161an\u0101s pakalpojumus, un tam ir 13 fili\u0101les, tostarp viena Indianapol\u0113. Atlas Van Lines grupas uz\u0146\u0113mums ir da\u013ca no Atlas Van Lines grupas, un tam ir piek\u013cuve t\u012bklam. <a href=\"https:\/\/moverdb.com\/lv\/moving-to-the-united-states\/\" data-internallinksmanager029f6b8e52c=\"94\" title=\"P\u0101rce\u013caties uz Amerikas Savienotaj\u0101m Valst\u012bm? 2022 Dz\u012bves izmaksas un p\u0101rcel\u0161an\u0101s padomi\">ASV<\/a> p\u0101rcel\u0161an\u0101s uz\u0146\u0113mumi, k\u0101 ar\u012b pla\u0161\u0101ks starptautiskais t\u012bkls, kas tiem pal\u012bdz. Uz\u0146\u0113mums ir IAM biedrs ar 35 gadu pieredzi.<\/p>\n<p>Atlantic Relocation Systems pied\u0101v\u0101 viet\u0113jos un t\u0101lsatiksmes p\u0101rcel\u0161an\u0101s pakalpojumus, kas nodro\u0161ina bezmaksas t\u0101mi uz vietas. Starptautisko p\u0101rcel\u0161anos gad\u012bjum\u0101 vi\u0146i nodro\u0161ina starptautisk\u0101s p\u0101rcel\u0161an\u0101s koordinatoru, kas vad\u012bs j\u016bsu p\u0101rcel\u0161anos vis\u0101 procesa gait\u0101. Vi\u0146i sniedz visaptvero\u0161us iepako\u0161anas, transport\u0113\u0161anas un dokument\u0101cijas pakalpojumus.<\/p>\n<p>T\u012bmek\u013ca vietne: <a href=\"http:\/\/www.atlanticrelocation.com\" target=\"_blank\" rel=\"noopener\">http:\/\/www.atlanticrelocation.com<\/a><\/p>\n<h2><span class=\"ez-toc-section\" id=\"3_Reindeer_Auto_Moving\"><\/span><strong>3. Zieme\u013cbrie\u017eu auto p\u0101rvieto\u0161ana<\/strong><span class=\"ez-toc-section-end\"><\/span><\/h2>\n<p><img loading=\"lazy\" decoding=\"async\" class=\"alignnone size-full wp-image-11420\" src=\"https:\/\/moverdb.com\/wp-content\/uploads\/Reindeer-Auto-Relocation-international-moving-company.png\" alt=\"Reindeer Auto Relocation starptautiskais p\u0101rcel\u0161an\u0101s uz\u0146\u0113mums\" width=\"1440\" height=\"662\" data-wp-pid=\"11420\" srcset=\"https:\/\/moverdb.com\/wp-content\/uploads\/Reindeer-Auto-Relocation-international-moving-company.png 1440w, https:\/\/moverdb.com\/wp-content\/uploads\/Reindeer-Auto-Relocation-international-moving-company-300x138.png 300w, https:\/\/moverdb.com\/wp-content\/uploads\/Reindeer-Auto-Relocation-international-moving-company-1024x471.png 1024w, https:\/\/moverdb.com\/wp-content\/uploads\/Reindeer-Auto-Relocation-international-moving-company-18x8.png 18w, https:\/\/moverdb.com\/wp-content\/uploads\/Reindeer-Auto-Relocation-international-moving-company-600x276.png 600w\" sizes=\"auto, (max-width: 1440px) 100vw, 1440px\" \/><\/p>\n<ul>\n<li>Transportl\u012bdzek\u013cu p\u0101rvieto\u0161anas speci\u0101lists<\/li>\n<li>P\u0101rcel\u0161an\u0101s uz citu valsti<\/li>\n<li>Starptautisk\u0101s p\u0101rvieto\u0161anas<\/li>\n<li>Individu\u0101la p\u0101rvieto\u0161ana<\/li>\n<li>Uz\u0146\u0113mumu p\u0101rvieto\u0161ana<\/li>\n<li>Individualiz\u0113ts pakalpojums<\/li>\n<li>Pakalpojums \"no durv\u012bm l\u012bdz durv\u012bm<\/li>\n<li>Dro\u0161a transport\u0113\u0161ana<\/li>\n<li>Izseko\u0161anas pakalpojums<\/li>\n<li>Apdro\u0161in\u0101\u0161ana<\/li>\n<\/ul>\n<p>Reindeer Auto Moving ir nacion\u0101la un starptautiska p\u0101rcel\u0161an\u0101s un kravu p\u0101rvad\u0101jumu komp\u0101nija, kas darbojas kop\u0161 1997. gada un atrodas Zionsvil\u0101. Uz\u0146\u0113mumam ir pla\u0161s cien\u012bjamu un apdro\u0161in\u0101tu p\u0101rvad\u0101t\u0101ju t\u012bkls, kas pal\u012bdz sniegt pakalpojumus valsts un starptautisk\u0101 m\u0113rog\u0101. Uz\u0146\u0113mums ir IAM biedrs ar septi\u0146u gadu pieredzi.<\/p>\n<p>Reindeer Auto Moving pied\u0101v\u0101 personaliz\u0113tus pakalpojumus, p\u0101rvietojot transportl\u012bdzek\u013cus un sniedzot pakalpojumus \"no durv\u012bm l\u012bdz durv\u012bm\". Vi\u0146i dro\u0161i un dro\u0161i pa\u0146ems un nog\u0101d\u0101s j\u016bsu transportl\u012bdzekli galam\u0113r\u0137\u012b, vienlaikus sekojot l\u012bdzi visa procesa gaitai. Vi\u0146i pied\u0101v\u0101 garant\u0113tus sav\u0101k\u0161anas un pieg\u0101des datumus, izmantojot atv\u0113rtas vai sl\u0113gtas p\u0101rvad\u0101jumu iesp\u0113jas.<\/p>\n<p>T\u012bmek\u013ca vietne: <a href=\"http:\/\/www.reindeerauto.com\" target=\"_blank\" rel=\"noopener\">http:\/\/www.reindeerauto.com<\/a><\/p>\n<h2><span class=\"ez-toc-section\" id=\"4_Wheaton_World_Wide_Moving\"><\/span><strong>4. Wheaton World Wide Moving<\/strong><span class=\"ez-toc-section-end\"><\/span><\/h2>\n<p><img loading=\"lazy\" decoding=\"async\" class=\"alignnone size-full wp-image-11478\" src=\"https:\/\/moverdb.com\/wp-content\/uploads\/Wheaton-World-Wide-Moving-international-moving-company.png\" alt=\"Wheaton World Wide Moving starptautisks p\u0101rvietojas uz\u0146\u0113mums\" width=\"1440\" height=\"677\" data-wp-pid=\"11478\" srcset=\"https:\/\/moverdb.com\/wp-content\/uploads\/Wheaton-World-Wide-Moving-international-moving-company.png 1440w, https:\/\/moverdb.com\/wp-content\/uploads\/Wheaton-World-Wide-Moving-international-moving-company-300x141.png 300w, https:\/\/moverdb.com\/wp-content\/uploads\/Wheaton-World-Wide-Moving-international-moving-company-1024x481.png 1024w, https:\/\/moverdb.com\/wp-content\/uploads\/Wheaton-World-Wide-Moving-international-moving-company-18x8.png 18w, https:\/\/moverdb.com\/wp-content\/uploads\/Wheaton-World-Wide-Moving-international-moving-company-600x282.png 600w\" sizes=\"auto, (max-width: 1440px) 100vw, 1440px\" \/><\/p>\n<ul>\n<li>Viet\u0113jie un t\u0101lsatiksmes p\u0101rvadi<\/li>\n<li>Starptautiskie p\u0101rvadi<\/li>\n<li>M\u0101jsaimniec\u012bbas p\u0101rv\u0101k\u0161an\u0101s<\/li>\n<li>Komerci\u0101lie p\u0101rvadi<\/li>\n<li>Uz\u0146\u0113mumu p\u0101rvieto\u0161ana<\/li>\n<li>Iepako\u0161anas pakalpojumi<\/li>\n<li>Transporta pas\u0101kumi<\/li>\n<li><a href=\"https:\/\/moverdb.com\/lv\/car-transport-shipping\/\" data-internallinksmanager029f6b8e52c=\"2\" title=\"2026 Starptautiskais autotransports un transportl\u012bdzek\u013cu p\u0101rvad\u0101\u0161anas cit\u0101ti\">Transportl\u012bdzek\u013cu nos\u016bt\u012b\u0161ana<\/a><\/li>\n<li>Aizsardz\u012bbas pl\u0101ni<\/li>\n<li>\u012astermi\u0146a un ilgtermi\u0146a uzglab\u0101\u0161ana<\/li>\n<\/ul>\n<p>Wheaton World Wide Moving ir starptautisks p\u0101rvieto\u0161an\u0101s uz\u0146\u0113mums, kas dibin\u0101ts 1945. gad\u0101 un atrodas Indianapol\u0113. Uz\u0146\u0113mums darbojas, izmantojot a\u0123entu t\u012bklu, kas aptver ASV un ir p\u0101rbaud\u012bts, lai nodro\u0161in\u0101tu, ka tie atbilst augstiem standartiem. Uz\u0146\u0113mums ir IAM biedrs ar 78 gadu pieredzi.<\/p>\n<p>Wheaton World Wide Moving ir pilna servisa p\u0101rcel\u0161an\u0101s uz\u0146\u0113mums, kas nor\u012bkos \u012bpa\u0161u p\u0101rcel\u0161an\u0101s vad\u012bt\u0101ju. P\u0101rv\u0101k\u0161an\u0101s s\u0101kas ar m\u0101jas vai virtu\u0101lo t\u0101mi, lai noteiktu j\u016bsu p\u0101rv\u0101k\u0161an\u0101s apjomu. Vi\u0146i pied\u0101v\u0101 iepako\u0161anas pakalpojumus, kas var attiekties uz visiem j\u016bsu priek\u0161metiem vai tikai uz trausliem un delik\u0101tiem priek\u0161metiem.<\/p>\n<p>T\u012bmek\u013ca vietne: <a href=\"http:\/\/www.wheatonworldwide.com\" target=\"_blank\" rel=\"noopener\">http:\/\/www.wheatonworldwide.com<\/a><\/p>\n<h2><span class=\"ez-toc-section\" id=\"5_Wickman_Worldwide_Services\"><\/span><strong>5. Wickman Worldwide Services<\/strong><span class=\"ez-toc-section-end\"><\/span><\/h2>\n<p><img loading=\"lazy\" decoding=\"async\" class=\"alignnone size-full wp-image-11479\" src=\"https:\/\/moverdb.com\/wp-content\/uploads\/Wickman-Worldwide-Services-international-moving-company.png\" alt=\"Wickman Worldwide Services starptautisks p\u0101rvieto\u0161an\u0101s uz\u0146\u0113mums\" width=\"1440\" height=\"675\" data-wp-pid=\"11479\" srcset=\"https:\/\/moverdb.com\/wp-content\/uploads\/Wickman-Worldwide-Services-international-moving-company.png 1440w, https:\/\/moverdb.com\/wp-content\/uploads\/Wickman-Worldwide-Services-international-moving-company-300x141.png 300w, https:\/\/moverdb.com\/wp-content\/uploads\/Wickman-Worldwide-Services-international-moving-company-1024x480.png 1024w, https:\/\/moverdb.com\/wp-content\/uploads\/Wickman-Worldwide-Services-international-moving-company-18x8.png 18w, https:\/\/moverdb.com\/wp-content\/uploads\/Wickman-Worldwide-Services-international-moving-company-600x281.png 600w\" sizes=\"auto, (max-width: 1440px) 100vw, 1440px\" \/><\/p>\n<ul>\n<li>Starptautiskie p\u0101rvadi<\/li>\n<li>M\u0101jsaimniec\u012bbas p\u0101rv\u0101k\u0161an\u0101s<\/li>\n<li>Apsekojums pirms p\u0101rcel\u0161an\u0101s<\/li>\n<li>Profesion\u0101ls iepako\u0161anas pakalpojums<\/li>\n<li>Kravas, dzelzce\u013ca, j\u016bras un gaisa transports<\/li>\n<li>Muito\u0161ana<\/li>\n<li>Transportl\u012bdzek\u013cu nos\u016bt\u012b\u0161ana<\/li>\n<li>Tre\u0161o pu\u0161u pakalpojumi k\u0101 papildu papildapr\u012bkojums<\/li>\n<li>Apdro\u0161in\u0101\u0161ana<\/li>\n<li>Dro\u0161a uzglab\u0101\u0161ana<\/li>\n<\/ul>\n<p>Wickman Worldwide Services ir starptautisku p\u0101rcel\u0161an\u0101s un <a href=\"https:\/\/moverdb.com\/lv\/shipping-companies\/\" data-internallinksmanager029f6b8e52c=\"4\" title=\"10 lab\u0101kie starptautisko konteineru p\u0101rvad\u0101jumu uz\u0146\u0113mumi\">ku\u0123niec\u012bbas uz\u0146\u0113mums<\/a> dibin\u0101ta 1997. gad\u0101, un t\u0101s galvenais birojs atrodas Indianapolis\u0101. Vi\u0146iem ir a\u0123ent\u016bru t\u012bkls, kas aptver vair\u0101k nek\u0101 150 valstis, lai pal\u012bdz\u0113tu veikt p\u0101rcel\u0161an\u0101s darbus vis\u0101 pasaul\u0113. Uz\u0146\u0113mums ir IAM biedrs ar 26 gadu pieredzi.<\/p>\n<p>Wickman Worldwide Services pied\u0101v\u0101 pirms p\u0101rcel\u0161an\u0101s veikt detaliz\u0113tu apsekojumu, lai noteiktu j\u016bsu pras\u012bbas un sagatavotu piel\u0101gotu pied\u0101v\u0101jumu. Vi\u0146i pied\u0101v\u0101 profesion\u0101lu iepako\u0161anas pakalpojumu ar kvalific\u0113tiem un apdro\u0161in\u0101tiem p\u0101rc\u0113l\u0101jiem, kas dro\u0161i iesai\u0146os j\u016bsu mantas p\u0101rcel\u0161an\u0101s laik\u0101. Vi\u0146i organiz\u0113s transport\u0113\u0161anu ar kravas automa\u0161\u012bnu, pa dzelzce\u013cu, j\u016bru vai gaisu ar muito\u0161anu, un p\u0113c iera\u0161an\u0101s vi\u0146i izpakos un samont\u0113s m\u0113beles.<\/p>\n<p>T\u012bmek\u013ca vietne: <a href=\"http:\/\/wickmanworldwide.com\" target=\"_blank\" rel=\"noopener\">http:\/\/wickmanworldwide.com<\/a><\/p>","protected":false},"excerpt":{"rendered":"<p>Moving can be a stressful time with so many things to juggle. This is why many people enlist the help of a moving company as they can manage the move, pack, transport your belongings and sort out customs processes if moving internationally. Below we have compiled a list of Indiana based removal companies that are [&hellip;]<\/p>\n","protected":false},"author":4,"featured_media":11263,"parent":190,"menu_order":0,"comment_status":"closed","ping_status":"closed","template":"","meta":{"_genesis_hide_title":false,"_genesis_hide_breadcrumbs":false,"_genesis_hide_singular_image":false,"_genesis_hide_footer_widgets":false,"_genesis_custom_body_class":"","_genesis_custom_post_class":"","_genesis_layout":"","footnotes":""},"class_list":{"0":"post-11600","1":"page","2":"type-page","3":"status-publish","4":"has-post-thumbnail","6":"entry"},"_links":{"self":[{"href":"https:\/\/moverdb.com\/lv\/wp-json\/wp\/v2\/pages\/11600","targetHints":{"allow":["GET"]}}],"collection":[{"href":"https:\/\/moverdb.com\/lv\/wp-json\/wp\/v2\/pages"}],"about":[{"href":"https:\/\/moverdb.com\/lv\/wp-json\/wp\/v2\/types\/page"}],"author":[{"embeddable":true,"href":"https:\/\/moverdb.com\/lv\/wp-json\/wp\/v2\/users\/4"}],"replies":[{"embeddable":true,"href":"https:\/\/moverdb.com\/lv\/wp-json\/wp\/v2\/comments?post=11600"}],"version-history":[{"count":1,"href":"https:\/\/moverdb.com\/lv\/wp-json\/wp\/v2\/pages\/11600\/revisions"}],"predecessor-version":[{"id":11601,"href":"https:\/\/moverdb.com\/lv\/wp-json\/wp\/v2\/pages\/11600\/revisions\/11601"}],"up":[{"embeddable":true,"href":"https:\/\/moverdb.com\/lv\/wp-json\/wp\/v2\/pages\/190"}],"wp:featuredmedia":[{"embeddable":true,"href":"https:\/\/moverdb.com\/lv\/wp-json\/wp\/v2\/media\/11263"}],"wp:attachment":[{"href":"https:\/\/moverdb.com\/lv\/wp-json\/wp\/v2\/media?parent=11600"}],"curies":[{"name":"wp","href":"https:\/\/api.w.org\/{rel}","templated":true}]}}