{"id":11595,"date":"2023-11-22T15:48:21","date_gmt":"2023-11-22T15:48:21","guid":{"rendered":"https:\/\/moverdb.com\/?page_id=11595"},"modified":"2026-01-08T15:30:02","modified_gmt":"2026-01-08T15:30:02","slug":"moving-companies-idaho","status":"publish","type":"page","link":"https:\/\/moverdb.com\/lv\/moving-companies\/moving-companies-idaho\/","title":{"rendered":"Lab\u0101kie starptautisk\u0101s p\u0101rcel\u0161an\u0101s uz\u0146\u0113mumi Idaho"},"content":{"rendered":"<p>P\u0101rv\u0101k\u0161an\u0101s laik\u0101 ir tik daudz lietu, kas j\u0101organiz\u0113 un j\u0101dara, ka tas var izr\u0101d\u012bties nep\u0101rvarami. Izmantojot <a href=\"https:\/\/moverdb.com\/lv\/moving-companies\/\" data-internallinksmanager029f6b8e52c=\"79\" title=\"Top 25 Starptautiskie p\u0101rcel\u0161an\u0101s uz\u0146\u0113mumi tie\u0161saist\u0113\">P\u0101rvieto\u0161an\u0101s uz\u0146\u0113mums<\/a> var atvieglot darbu, jo vi\u0146i var pal\u012bdz\u0113t ar pl\u0101no\u0161anu, iepako\u0161anu, transport\u0113\u0161anu un muitas p\u0101rvald\u012bbu, ja p\u0101rcel\u0161an\u0101s notiek starptautisk\u0101 m\u0113rog\u0101. Zem\u0101k m\u0113s esam apkopoju\u0161i sarakstu ar <a href=\"https:\/\/moverdb.com\/lv\/moving-to-the-united-states\/moving-to-idaho\/\" data-internallinksmanager029f6b8e52c=\"405\" title=\"P\u0101rcel\u0161an\u0101s uz Aidaho? 2023 Dz\u012bves izmaksas un p\u0101rcel\u0161an\u0101s padomi\">Idaho<\/a> pamatojoties uz <a href=\"https:\/\/moverdb.com\/lv\/international-removals\/\" data-internallinksmanager029f6b8e52c=\"27\" title=\"36 Lab\u0101kie starptautisko p\u0101rvad\u0101jumu uz\u0146\u0113mumi Apvienotaj\u0101 Karalist\u0113\">p\u0101rv\u0101k\u0161an\u0101s uz\u0146\u0113mumi<\/a> kas ir <a href=\"https:\/\/moverdb.com\/lv\/iam\/\" data-internallinksmanager029f6b8e52c=\"23\" title=\"Starptautisk\u0101s P\u0101rv\u0101c\u0113ju asoci\u0101cijas (IAM) skaidrojumi\">Starptautisk\u0101 P\u0101rv\u0101c\u0113ju asoci\u0101cija<\/a> (IAM) un\/vai <a href=\"https:\/\/moverdb.com\/lv\/fidi-faim\/\" data-internallinksmanager029f6b8e52c=\"16\" title=\"FIDI un FAIM (FIDI akredit\u0113tais starptautiskais p\u0101rvietot\u0101js) skaidrojums\">FIDI<\/a> Akredit\u0113ti starptautiskie p\u0101rv\u0101c\u0113ji (FAIM), kas var\u0113tu jums pal\u012bdz\u0113t p\u0101rcelties.<\/p>\n<p><strong>B Transfer Inc<\/strong><\/p>\n<p><img loading=\"lazy\" decoding=\"async\" class=\"alignnone size-full wp-image-11265\" src=\"https:\/\/moverdb.com\/wp-content\/uploads\/B-Transfer-Inc-international-moving-company.png\" alt=\"B Transfer Inc starptautisks p\u0101rvietojas uz\u0146\u0113mums\" width=\"1440\" height=\"679\" data-wp-pid=\"11265\" srcset=\"https:\/\/moverdb.com\/wp-content\/uploads\/B-Transfer-Inc-international-moving-company.png 1440w, https:\/\/moverdb.com\/wp-content\/uploads\/B-Transfer-Inc-international-moving-company-300x141.png 300w, https:\/\/moverdb.com\/wp-content\/uploads\/B-Transfer-Inc-international-moving-company-1024x483.png 1024w, https:\/\/moverdb.com\/wp-content\/uploads\/B-Transfer-Inc-international-moving-company-18x8.png 18w, https:\/\/moverdb.com\/wp-content\/uploads\/B-Transfer-Inc-international-moving-company-600x283.png 600w\" sizes=\"auto, (max-width: 1440px) 100vw, 1440px\" \/><\/p>\n<ul>\n<li>Viet\u0113jie un t\u0101lsatiksmes p\u0101rvadi<\/li>\n<li>Starptautiskie pakalpojumi<\/li>\n<li>M\u0101jsaimniec\u012bbas p\u0101rvieto\u0161ana<\/li>\n<li>Komerci\u0101lie pakalpojumi<\/li>\n<li>Uz\u0146\u0113mumu p\u0101rvieto\u0161ana<\/li>\n<li>Daudzveid\u012bgs transportl\u012bdzek\u013cu parks<\/li>\n<li>Kvalific\u0113ts un pieredz\u0113jis person\u0101ls<\/li>\n<li>Transporta pas\u0101kumi<\/li>\n<li>Uzglab\u0101\u0161anas iek\u0101rtas<\/li>\n<\/ul>\n<p>B Transfer Inc ir 1958. gad\u0101 dibin\u0101ts uz\u0146\u0113mums, kas nodarbojas ar p\u0101rvieto\u0161anu un uzglab\u0101\u0161anu Mountain Home. Uz\u0146\u0113mums ir IAM biedrs ar 59 gadu pieredzi, kas tam nodro\u0161ina p\u0101rcel\u0161an\u0101s a\u0123entu t\u012bklu vis\u0101 pasaul\u0113, lai pal\u012bdz\u0113tu veikt t\u0101lsatiksmes un starptautiskus p\u0101rcel\u0161an\u0101s darbus.<\/p>\n<p>B Transfer Inc pied\u0101v\u0101 \u0101trus un pieejamus p\u0101rvieto\u0161an\u0101s pakalpojumus Aidaho \u0161tat\u0101, kas ietver viet\u0113jos un t\u0101lsatiksmes p\u0101rcel\u0161an\u0101s pakalpojumus, k\u0101 ar\u012b starptautiskos pakalpojumus. Vi\u0146i nodro\u0161ina kvalific\u0113tus un pieredz\u0113ju\u0161us darbiniekus, lai veiktu j\u016bsu p\u0101rcel\u0161anos un nodro\u0161in\u0101tu, ka j\u016bsu mantas tiek dro\u0161i p\u0101rvestas uz jauno m\u0101jvietu. Vi\u0146i pied\u0101v\u0101 ar\u012b dro\u0161as uzglab\u0101\u0161anas telpas ar 24 stundu piek\u013cuvi.<\/p>\n<p>T\u012bmek\u013ca vietne: <a href=\"https:\/\/www.b-transfer.com\/\" target=\"_blank\" rel=\"noopener\">https:\/\/www.b-transfer.com\/<\/a><\/p>","protected":false},"excerpt":{"rendered":"<p>When you are moving there is so many things to organise and do that it can be overwhelming. Employing a moving company can lighten the load as they can help with planning, packing, transportation and customs management if moving internationally. Below we have compiled a list of Idaho based removal companies that are members of [&hellip;]<\/p>\n","protected":false},"author":4,"featured_media":11265,"parent":190,"menu_order":0,"comment_status":"closed","ping_status":"closed","template":"","meta":{"_genesis_hide_title":false,"_genesis_hide_breadcrumbs":false,"_genesis_hide_singular_image":false,"_genesis_hide_footer_widgets":false,"_genesis_custom_body_class":"","_genesis_custom_post_class":"","_genesis_layout":"","footnotes":""},"class_list":{"0":"post-11595","1":"page","2":"type-page","3":"status-publish","4":"has-post-thumbnail","6":"entry"},"_links":{"self":[{"href":"https:\/\/moverdb.com\/lv\/wp-json\/wp\/v2\/pages\/11595","targetHints":{"allow":["GET"]}}],"collection":[{"href":"https:\/\/moverdb.com\/lv\/wp-json\/wp\/v2\/pages"}],"about":[{"href":"https:\/\/moverdb.com\/lv\/wp-json\/wp\/v2\/types\/page"}],"author":[{"embeddable":true,"href":"https:\/\/moverdb.com\/lv\/wp-json\/wp\/v2\/users\/4"}],"replies":[{"embeddable":true,"href":"https:\/\/moverdb.com\/lv\/wp-json\/wp\/v2\/comments?post=11595"}],"version-history":[{"count":1,"href":"https:\/\/moverdb.com\/lv\/wp-json\/wp\/v2\/pages\/11595\/revisions"}],"predecessor-version":[{"id":11596,"href":"https:\/\/moverdb.com\/lv\/wp-json\/wp\/v2\/pages\/11595\/revisions\/11596"}],"up":[{"embeddable":true,"href":"https:\/\/moverdb.com\/lv\/wp-json\/wp\/v2\/pages\/190"}],"wp:featuredmedia":[{"embeddable":true,"href":"https:\/\/moverdb.com\/lv\/wp-json\/wp\/v2\/media\/11265"}],"wp:attachment":[{"href":"https:\/\/moverdb.com\/lv\/wp-json\/wp\/v2\/media?parent=11595"}],"curies":[{"name":"wp","href":"https:\/\/api.w.org\/{rel}","templated":true}]}}