{"id":11574,"date":"2023-11-29T10:39:50","date_gmt":"2023-11-29T10:39:50","guid":{"rendered":"https:\/\/moverdb.com\/?page_id=11574"},"modified":"2026-01-08T15:24:45","modified_gmt":"2026-01-08T15:24:45","slug":"moving-companies-in-honolulu-usa","status":"publish","type":"page","link":"https:\/\/moverdb.com\/lv\/moving-companies\/moving-companies-in-honolulu-usa\/","title":{"rendered":"4 lab\u0101kie starptautisk\u0101s p\u0101rcel\u0161an\u0101s uz\u0146\u0113mumi Honolulu"},"content":{"rendered":"<p>P\u0101rcel\u0161an\u0101s pl\u0101no\u0161ana viet\u0113j\u0101 vai t\u0101l\u0101k\u0101 att\u0101lum\u0101 var b\u016bt sare\u017e\u0123\u012bta un stresaina, t\u0101p\u0113c, iesaistot <a href=\"https:\/\/moverdb.com\/lv\/moving-companies\/\" data-internallinksmanager029f6b8e52c=\"79\" title=\"Top 25 Starptautiskie p\u0101rcel\u0161an\u0101s uz\u0146\u0113mumi tie\u0161saist\u0113\">P\u0101rvieto\u0161an\u0101s uz\u0146\u0113mums<\/a> uz\u0146emties da\u017eas no lom\u0101m, var patie\u0161\u0101m pal\u012bdz\u0113t. Zem\u0101k m\u0113s esam apkopoju\u0161i Honolulu b\u0101z\u0113tu uz\u0146\u0113mumu sarakstu. <a href=\"https:\/\/moverdb.com\/lv\/international-removals\/\" data-internallinksmanager029f6b8e52c=\"27\" title=\"36 Lab\u0101kie starptautisko p\u0101rvad\u0101jumu uz\u0146\u0113mumi Apvienotaj\u0101 Karalist\u0113\">p\u0101rv\u0101k\u0161an\u0101s uz\u0146\u0113mumi<\/a> kas ir <a href=\"https:\/\/moverdb.com\/lv\/iam\/\" data-internallinksmanager029f6b8e52c=\"23\" title=\"Starptautisk\u0101s P\u0101rv\u0101c\u0113ju asoci\u0101cijas (IAM) skaidrojumi\">Starptautisk\u0101 P\u0101rv\u0101c\u0113ju asoci\u0101cija<\/a> (IAM) un\/vai <a href=\"https:\/\/moverdb.com\/lv\/fidi-faim\/\" data-internallinksmanager029f6b8e52c=\"16\" title=\"FIDI un FAIM (FIDI akredit\u0113tais starptautiskais p\u0101rvietot\u0101js) skaidrojums\">FIDI<\/a> Akredit\u0113ti starptautiskie p\u0101rv\u0101c\u0113ji (FAIM), kas var\u0113tu jums pal\u012bdz\u0113t p\u0101rcelties.<\/p>\n<div id=\"ez-toc-container\" class=\"ez-toc-v2_0_82_2 ez-toc-wrap-left counter-hierarchy ez-toc-counter ez-toc-transparent ez-toc-container-direction\">\n<div class=\"ez-toc-title-container\">\n<p class=\"ez-toc-title\" style=\"cursor:inherit\">Sada\u013cas<\/p>\n<span class=\"ez-toc-title-toggle\"><a href=\"#\" class=\"ez-toc-pull-right ez-toc-btn ez-toc-btn-xs ez-toc-btn-default ez-toc-toggle\" aria-label=\"P\u0101rsl\u0113gt satura tabulu\"><span class=\"ez-toc-js-icon-con\"><span class=\"\"><span class=\"eztoc-hide\" style=\"display:none;\">P\u0101rsl\u0113gt<\/span><span class=\"ez-toc-icon-toggle-span\"><svg style=\"fill: #999;color:#999\" xmlns=\"http:\/\/www.w3.org\/2000\/svg\" class=\"list-377408\" width=\"20px\" height=\"20px\" viewbox=\"0 0 24 24\" fill=\"none\"><path d=\"M6 6H4v2h2V6zm14 0H8v2h12V6zM4 11h2v2H4v-2zm16 0H8v2h12v-2zM4 16h2v2H4v-2zm16 0H8v2h12v-2z\" fill=\"currentColor\"><\/path><\/svg><svg style=\"fill: #999;color:#999\" class=\"arrow-unsorted-368013\" xmlns=\"http:\/\/www.w3.org\/2000\/svg\" width=\"10px\" height=\"10px\" viewbox=\"0 0 24 24\" version=\"1.2\" baseprofile=\"tiny\"><path d=\"M18.2 9.3l-6.2-6.3-6.2 6.3c-.2.2-.3.4-.3.7s.1.5.3.7c.2.2.4.3.7.3h11c.3 0 .5-.1.7-.3.2-.2.3-.5.3-.7s-.1-.5-.3-.7zM5.8 14.7l6.2 6.3 6.2-6.3c.2-.2.3-.5.3-.7s-.1-.5-.3-.7c-.2-.2-.4-.3-.7-.3h-11c-.3 0-.5.1-.7.3-.2.2-.3.5-.3.7s.1.5.3.7z\"\/><\/svg><\/span><\/span><\/span><\/a><\/span><\/div>\n<nav><ul class='ez-toc-list ez-toc-list-level-1 eztoc-toggle-hide-by-default' ><li class='ez-toc-page-1 ez-toc-heading-level-2'><a class=\"ez-toc-link ez-toc-heading-1\" href=\"https:\/\/moverdb.com\/lv\/moving-companies\/moving-companies-in-honolulu-usa\/#1_Island_Movers\" >1. Island Movers<\/a><\/li><li class='ez-toc-page-1 ez-toc-heading-level-2'><a class=\"ez-toc-link ez-toc-heading-2\" href=\"https:\/\/moverdb.com\/lv\/moving-companies\/moving-companies-in-honolulu-usa\/#2_Royal_Hawaiian_Movers\" >2. Royal Hawaiian Movers<\/a><\/li><li class='ez-toc-page-1 ez-toc-heading-level-2'><a class=\"ez-toc-link ez-toc-heading-3\" href=\"https:\/\/moverdb.com\/lv\/moving-companies\/moving-companies-in-honolulu-usa\/#3_WestPac_International\" >3. WestPac International<\/a><\/li><li class='ez-toc-page-1 ez-toc-heading-level-2'><a class=\"ez-toc-link ez-toc-heading-4\" href=\"https:\/\/moverdb.com\/lv\/moving-companies\/moving-companies-in-honolulu-usa\/#4_World_Wide_Movers_Inc\" >4. World Wide Movers Inc<\/a><\/li><\/ul><\/nav><\/div>\n<h2><span class=\"ez-toc-section\" id=\"1_Island_Movers\"><\/span><strong>1. Island Movers<\/strong><span class=\"ez-toc-section-end\"><\/span><\/h2>\n<p><img loading=\"lazy\" decoding=\"async\" class=\"alignnone size-full wp-image-11354\" src=\"https:\/\/moverdb.com\/wp-content\/uploads\/Island-Movers-international-moving-company.png\" alt=\"Island Movers starptautiskais p\u0101rvietojas uz\u0146\u0113mums\" width=\"1440\" height=\"676\" data-wp-pid=\"11354\" srcset=\"https:\/\/moverdb.com\/wp-content\/uploads\/Island-Movers-international-moving-company.png 1440w, https:\/\/moverdb.com\/wp-content\/uploads\/Island-Movers-international-moving-company-300x141.png 300w, https:\/\/moverdb.com\/wp-content\/uploads\/Island-Movers-international-moving-company-1024x481.png 1024w, https:\/\/moverdb.com\/wp-content\/uploads\/Island-Movers-international-moving-company-18x8.png 18w, https:\/\/moverdb.com\/wp-content\/uploads\/Island-Movers-international-moving-company-600x282.png 600w\" sizes=\"auto, (max-width: 1440px) 100vw, 1440px\" \/><\/p>\n<ul>\n<li>Viet\u0113jie un viet\u0113jie p\u0101rvadi<\/li>\n<li>Starptautiskie p\u0101rvadi<\/li>\n<li>P\u0101rv\u0101k\u0161an\u0101s uz dz\u012bvojam\u0101m telp\u0101m<\/li>\n<li>Uz\u0146\u0113m\u0113jdarb\u012bbas virzieni<\/li>\n<li>P\u0101rvieto\u0161anas p\u0101rvald\u012bba<\/li>\n<li>No durv\u012bm l\u012bdz durv\u012bm vai no durv\u012bm l\u012bdz durv\u012bm<a href=\"https:\/\/moverdb.com\/lv\/top-49-container-ports\/\" data-internallinksmanager029f6b8e52c=\"80\" title=\"49 liel\u0101kie un noslogot\u0101kie konteineru ostas 2025. gad\u0101\">osta<\/a> pakalpojums<\/li>\n<li>Bezmaksas apr\u0113\u0137ins<\/li>\n<li>Iepako\u0161anas pakalpojumu iesp\u0113jas<\/li>\n<li>Transporta pas\u0101kumi<\/li>\n<li>\u012astermi\u0146a un ilgtermi\u0146a uzglab\u0101\u0161ana<\/li>\n<\/ul>\n<p>Island Movers ir 1958. gad\u0101 dibin\u0101ts uz\u0146\u0113mums, kas nodarbojas ar kravu p\u0101rvad\u0101jumiem un eksped\u012bciju un atrodas Honolulu. Uz\u0146\u0113mums sadarbojas ar partneriem vis\u0101 pasaul\u0113, lai sniegtu p\u0101rcel\u0161an\u0101s pakalpojumus vis\u0101 pasaul\u0113 uz vai no <a href=\"https:\/\/moverdb.com\/lv\/moving-to-the-united-states\/moving-to-hawaii\/\" data-internallinksmanager029f6b8e52c=\"403\" title=\"P\u0101rcel\u0161an\u0101s uz Havaju sal\u0101m? 2023 Dz\u012bves izmaksas un p\u0101rcel\u0161an\u0101s padomi\">Havaju salas<\/a>. Vi\u0146i ir IAM biedri ar 65 gadu pieredzi.<\/p>\n<p>Island Movers pied\u0101v\u0101 p\u0101rcel\u0161an\u0101s pakalpojumus j\u016bsu p\u0101rcel\u0161an\u0101s Havaju salu da\u013c\u0101 un sadarbojas ar partneriem vai j\u016bsu izv\u0113l\u0113to p\u0101rcel\u0161an\u0101s uz\u0146\u0113mumu j\u016bsu pa\u0161reiz\u0113j\u0101 atra\u0161an\u0101s viet\u0101, lai koordin\u0113tu j\u016bsu p\u0101rcel\u0161anos. Havaju salu p\u0101rcel\u0161an\u0101s gad\u012bjum\u0101 vi\u0146i pied\u0101v\u0101 iepako\u0161anas pakalpojumus vai ar\u012b j\u016bs varat iepako\u0161anu veikt patst\u0101v\u012bgi. Vi\u0146i pied\u0101v\u0101 uzglab\u0101\u0161anas risin\u0101jumus Havaju sal\u0101s, pied\u0101v\u0101jot ilgtermi\u0146a vai \u012bstermi\u0146a uzglab\u0101\u0161anu dro\u0161\u0101s noliktav\u0101s vai 20' vai 40' konteineros.<\/p>\n<p>T\u012bmek\u013ca vietne: <a href=\"https:\/\/www.islandmovers.com\/\" target=\"_blank\" rel=\"noopener\">https:\/\/www.islandmovers.com\/<\/a><\/p>\n<h2><span class=\"ez-toc-section\" id=\"2_Royal_Hawaiian_Movers\"><\/span><strong>2. Royal Hawaiian Movers<\/strong><span class=\"ez-toc-section-end\"><\/span><\/h2>\n<p><img loading=\"lazy\" decoding=\"async\" class=\"alignnone size-full wp-image-11429\" src=\"https:\/\/moverdb.com\/wp-content\/uploads\/Royal-Hawaiian-Movers-international-moving-company.png\" alt=\"Royal Hawaiian Movers starptautisks p\u0101rvietojas uz\u0146\u0113mums\" width=\"1440\" height=\"683\" data-wp-pid=\"11429\" srcset=\"https:\/\/moverdb.com\/wp-content\/uploads\/Royal-Hawaiian-Movers-international-moving-company.png 1440w, https:\/\/moverdb.com\/wp-content\/uploads\/Royal-Hawaiian-Movers-international-moving-company-300x142.png 300w, https:\/\/moverdb.com\/wp-content\/uploads\/Royal-Hawaiian-Movers-international-moving-company-1024x486.png 1024w, https:\/\/moverdb.com\/wp-content\/uploads\/Royal-Hawaiian-Movers-international-moving-company-18x9.png 18w, https:\/\/moverdb.com\/wp-content\/uploads\/Royal-Hawaiian-Movers-international-moving-company-600x285.png 600w\" sizes=\"auto, (max-width: 1440px) 100vw, 1440px\" \/><\/p>\n<ul>\n<li>Viet\u0113jie un viet\u0113jie p\u0101rvadi<\/li>\n<li>Starptautiskie p\u0101rvadi<\/li>\n<li>M\u0101jsaimniec\u012bbas p\u0101rv\u0101k\u0161an\u0101s<\/li>\n<li>Uz\u0146\u0113mumu p\u0101rvieto\u0161ana<\/li>\n<li>Individualiz\u0113ti pakalpojumi<\/li>\n<li>Iepako\u0161anas pakalpojums<\/li>\n<li>Transporta pas\u0101kumi<\/li>\n<li>Muitas atbalsts<\/li>\n<li>Transportl\u012bdzek\u013cu transport\u0113\u0161ana<\/li>\n<li>Uzglab\u0101\u0161anas iek\u0101rtas<\/li>\n<\/ul>\n<p>Royal Hawaiian Movers ir 1982. gad\u0101 dibin\u0101ts p\u0101rvieto\u0161anas un transporta uz\u0146\u0113mums ar birojiem Honolulu, Kahului, Keaau, Kailua un Lihue. Uz\u0146\u0113mums ir da\u013ca no The DeWitt Companies saimes, kurai ir integr\u0113ts p\u0101rcel\u0161an\u0101s un uzglab\u0101\u0161anas pakalpojumu t\u012bkls. Uz\u0146\u0113mums ir IAM biedrs ar 41 gada pieredzi.<\/p>\n<p>Royal Hawaiian Movers pied\u0101v\u0101 kl\u0101tienes vai virtu\u0101lo pirmsp\u0101rv\u0101k\u0161an\u0101s apseko\u0161anu un pl\u0101no\u0161anas pakalpojumu, lai organiz\u0113tu j\u016bsu p\u0101rv\u0101k\u0161anos no durv\u012bm l\u012bdz durv\u012bm vai no ostas l\u012bdz ostai. Vi\u0146i sniedz personaliz\u0113tus pakalpojumus, kas piel\u0101goti j\u016bsu vajadz\u012bb\u0101m, un pal\u012bdz\u0113s jums visos p\u0101rcel\u0161an\u0101s aspektos, tostarp saist\u012bb\u0101 ar mantu iepako\u0161anu, m\u0101jas izkrau\u0161anu un salik\u0161anu, transportu, muitas un kult\u016bras konsult\u0101cij\u0101m.<\/p>\n<p>T\u012bmek\u013ca vietne: <a href=\"https:\/\/www.royalhawaiianmovers.com\/\" target=\"_blank\" rel=\"noopener\">https:\/\/www.royalhawaiianmovers.com\/<\/a><\/p>\n<h2><span class=\"ez-toc-section\" id=\"3_WestPac_International\"><\/span><strong>3. WestPac International<\/strong><span class=\"ez-toc-section-end\"><\/span><\/h2>\n<p><img loading=\"lazy\" decoding=\"async\" class=\"alignnone size-full wp-image-11477\" src=\"https:\/\/moverdb.com\/wp-content\/uploads\/WestPac-International-moving-company.png\" alt=\"WestPac International p\u0101rcel\u0161an\u0101s uz\u0146\u0113mums\" width=\"1440\" height=\"682\" data-wp-pid=\"11477\" srcset=\"https:\/\/moverdb.com\/wp-content\/uploads\/WestPac-International-moving-company.png 1440w, https:\/\/moverdb.com\/wp-content\/uploads\/WestPac-International-moving-company-300x142.png 300w, https:\/\/moverdb.com\/wp-content\/uploads\/WestPac-International-moving-company-1024x485.png 1024w, https:\/\/moverdb.com\/wp-content\/uploads\/WestPac-International-moving-company-18x9.png 18w, https:\/\/moverdb.com\/wp-content\/uploads\/WestPac-International-moving-company-600x284.png 600w\" sizes=\"auto, (max-width: 1440px) 100vw, 1440px\" \/><\/p>\n<ul>\n<li>Viet\u0113jie un viet\u0113jie p\u0101rvadi<\/li>\n<li>Starptautiskie p\u0101rvadi<\/li>\n<li>P\u0101rv\u0101k\u0161an\u0101s uz dz\u012bvojam\u0101m telp\u0101m<\/li>\n<li>Biroju p\u0101rvieto\u0161ana<\/li>\n<li>Pakalpojums \"no durv\u012bm l\u012bdz durv\u012bm<\/li>\n<li>Iepako\u0161ana un iesai\u0146o\u0161ana<\/li>\n<li>Augstas kvalit\u0101tes iepakojuma materi\u0101li<\/li>\n<li>Transport\u0113\u0161anas organiz\u0113\u0161ana<\/li>\n<li>Apdro\u0161in\u0101\u0161ana<\/li>\n<li>Dro\u0161a \u012bstermi\u0146a un ilgtermi\u0146a uzglab\u0101\u0161ana<\/li>\n<\/ul>\n<p>WestPac International ir starptautisks p\u0101rvad\u0101jumu uz\u0146\u0113mums ar vair\u0101k nek\u0101 25 gadu pieredzi, kas atrodas Honolulu. Uz\u0146\u0113mums ir IAM biedrs ar 23 gadu pieredzi, kas tam nodro\u0161ina piek\u013cuvi starptautiskam p\u0101rcel\u0161an\u0101s uz\u0146\u0113mumu t\u012bklam, kas var sniegt pakalpojumus vis\u0101 pasaul\u0113.<\/p>\n<p>WestPac International pied\u0101v\u0101 bezmaksas t\u0101mi un mekl\u0113s lab\u0101ko variantu un cenu j\u016bsu p\u0101rv\u0101k\u0161anai. Vi\u0146i sniedz iepako\u0161anas un iesai\u0146o\u0161anas pakalpojumus, izmantojot augstas kvalit\u0101tes p\u0101rcel\u0161an\u0101s materi\u0101lus, vai ar\u012b j\u016bs varat iepako\u0161anu veikt patst\u0101v\u012bgi, izmantojot pieg\u0101d\u0101tos iepako\u0161anas materi\u0101lus. Vi\u0146i organiz\u0113s j\u016bsu mantu transport\u0113\u0161anu uz galam\u0113r\u0137i un nodro\u0161in\u0101s apdro\u0161in\u0101\u0161anu.<\/p>\n<p>T\u012bmek\u013ca vietne: <a href=\"https:\/\/www.westpacinternational.com\/\" target=\"_blank\" rel=\"noopener\">https:\/\/www.westpacinternational.com\/<\/a><\/p>\n<h2><span class=\"ez-toc-section\" id=\"4_World_Wide_Movers_Inc\"><\/span><strong>4. World Wide Movers Inc<\/strong><span class=\"ez-toc-section-end\"><\/span><\/h2>\n<p><img loading=\"lazy\" decoding=\"async\" class=\"alignnone size-full wp-image-11480\" src=\"https:\/\/moverdb.com\/wp-content\/uploads\/World-Wide-Movers-Inc-international-moving-company.png\" alt=\"World Wide Movers Inc starptautisks p\u0101rvietojas uz\u0146\u0113mums\" width=\"1440\" height=\"678\" data-wp-pid=\"11480\" srcset=\"https:\/\/moverdb.com\/wp-content\/uploads\/World-Wide-Movers-Inc-international-moving-company.png 1440w, https:\/\/moverdb.com\/wp-content\/uploads\/World-Wide-Movers-Inc-international-moving-company-300x141.png 300w, https:\/\/moverdb.com\/wp-content\/uploads\/World-Wide-Movers-Inc-international-moving-company-1024x482.png 1024w, https:\/\/moverdb.com\/wp-content\/uploads\/World-Wide-Movers-Inc-international-moving-company-18x8.png 18w, https:\/\/moverdb.com\/wp-content\/uploads\/World-Wide-Movers-Inc-international-moving-company-600x283.png 600w\" sizes=\"auto, (max-width: 1440px) 100vw, 1440px\" \/><\/p>\n<ul>\n<li>Viet\u0113jie un viet\u0113jie p\u0101rvadi<\/li>\n<li>Starptautisk\u0101s p\u0101rvieto\u0161anas<\/li>\n<li>P\u0101rv\u0101k\u0161an\u0101s uz dz\u012bvojam\u0101m telp\u0101m<\/li>\n<li>Uz\u0146\u0113mumu p\u0101rvieto\u0161ana<\/li>\n<li>Piel\u0101gots p\u0101rvieto\u0161an\u0101s pl\u0101ns<\/li>\n<li>Iepako\u0161anas pakalpojums<\/li>\n<li>Transporta pas\u0101kumi<\/li>\n<li><a href=\"https:\/\/moverdb.com\/lv\/car-transport-shipping\/\" data-internallinksmanager029f6b8e52c=\"2\" title=\"2026 Starptautiskais autotransports un transportl\u012bdzek\u013cu p\u0101rvad\u0101\u0161anas cit\u0101ti\">Transportl\u012bdzek\u013cu transport\u0113\u0161ana<\/a><\/li>\n<li>Apdro\u0161in\u0101\u0161ana<\/li>\n<li>Uzglab\u0101\u0161anas iek\u0101rtas<\/li>\n<\/ul>\n<p>World Wide Movers Inc ir 1963. gad\u0101 dibin\u0101ts uz\u0146\u0113mums, kas nodarbojas ar p\u0101rvieto\u0161anu un uzglab\u0101\u0161anu un atrodas Honolulu. Tas ir United Van Lines, Mayflower Transit un UniGroup a\u0123ents. Uz\u0146\u0113mums ir IAM biedrs ar 60 gadu pieredzi.<\/p>\n<p>World Wide Movers Inc pied\u0101v\u0101 bezmaksas pied\u0101v\u0101jumu un izveidos j\u016bsu vajadz\u012bb\u0101m, grafikam un bud\u017eetam piel\u0101gotu p\u0101rvieto\u0161an\u0101s pl\u0101nu. Vi\u0146i pied\u0101v\u0101 iepako\u0161anas iesp\u0113jas, lai j\u016bs var\u0113tu elast\u012bgi izv\u0113l\u0113ties, cik liel\u0101 m\u0113r\u0101 v\u0113laties piedal\u012bties p\u0101rv\u0101k\u0161an\u0101s proces\u0101 - pilnu iepako\u0161anas pakalpojumu, trauslu iepakojumu un DIY iepako\u0161anu. Vi\u0146u profesion\u0101l\u0101 p\u0101rv\u0101c\u0113ju komanda izmanto nozares standarta materi\u0101lus un metodes, lai aizsarg\u0101tu priek\u0161metus, un var nodro\u0161in\u0101t piel\u0101gotas kastes.<\/p>\n<p>T\u012bmek\u013ca vietne: <a href=\"https:\/\/world-widemovers.com\/honolulu-hawaii-moving-company\/\" target=\"_blank\" rel=\"noopener\">https:\/\/world-widemovers.com\/honolulu-hawaii-moving-company\/<\/a><\/p>","protected":false},"excerpt":{"rendered":"<p>Planning a move locally or long distance can be complicated and stressful so involving a moving company to take on some of the roles can really help. Below we have compiled a list of Honolulu based removal companies that are members of the International Association of Movers (IAM) and\/or FIDI Accredited International Mover (FAIM) who [&hellip;]<\/p>\n","protected":false},"author":4,"featured_media":11354,"parent":190,"menu_order":0,"comment_status":"closed","ping_status":"closed","template":"","meta":{"_genesis_hide_title":false,"_genesis_hide_breadcrumbs":false,"_genesis_hide_singular_image":false,"_genesis_hide_footer_widgets":false,"_genesis_custom_body_class":"","_genesis_custom_post_class":"","_genesis_layout":"","footnotes":""},"class_list":{"0":"post-11574","1":"page","2":"type-page","3":"status-publish","4":"has-post-thumbnail","6":"entry"},"_links":{"self":[{"href":"https:\/\/moverdb.com\/lv\/wp-json\/wp\/v2\/pages\/11574","targetHints":{"allow":["GET"]}}],"collection":[{"href":"https:\/\/moverdb.com\/lv\/wp-json\/wp\/v2\/pages"}],"about":[{"href":"https:\/\/moverdb.com\/lv\/wp-json\/wp\/v2\/types\/page"}],"author":[{"embeddable":true,"href":"https:\/\/moverdb.com\/lv\/wp-json\/wp\/v2\/users\/4"}],"replies":[{"embeddable":true,"href":"https:\/\/moverdb.com\/lv\/wp-json\/wp\/v2\/comments?post=11574"}],"version-history":[{"count":1,"href":"https:\/\/moverdb.com\/lv\/wp-json\/wp\/v2\/pages\/11574\/revisions"}],"predecessor-version":[{"id":11575,"href":"https:\/\/moverdb.com\/lv\/wp-json\/wp\/v2\/pages\/11574\/revisions\/11575"}],"up":[{"embeddable":true,"href":"https:\/\/moverdb.com\/lv\/wp-json\/wp\/v2\/pages\/190"}],"wp:featuredmedia":[{"embeddable":true,"href":"https:\/\/moverdb.com\/lv\/wp-json\/wp\/v2\/media\/11354"}],"wp:attachment":[{"href":"https:\/\/moverdb.com\/lv\/wp-json\/wp\/v2\/media?parent=11574"}],"curies":[{"name":"wp","href":"https:\/\/api.w.org\/{rel}","templated":true}]}}