{"id":11564,"date":"2023-11-29T10:35:03","date_gmt":"2023-11-29T10:35:03","guid":{"rendered":"https:\/\/moverdb.com\/?page_id=11564"},"modified":"2026-01-08T15:24:15","modified_gmt":"2026-01-08T15:24:15","slug":"moving-companies-us-gaithersburg","status":"publish","type":"page","link":"https:\/\/moverdb.com\/lv\/moving-companies\/moving-companies-us-gaithersburg\/","title":{"rendered":"3 Lab\u0101kie starptautisk\u0101s p\u0101rcel\u0161an\u0101s uz\u0146\u0113mumi Gaithersburg\u0101"},"content":{"rendered":"<p>P\u0101rvietojot m\u0101ju vai uz\u0146\u0113mumu, ir daudz dar\u0101m\u0101, t\u0101p\u0113c, izmantojot a <a href=\"https:\/\/moverdb.com\/lv\/moving-companies\/\" data-internallinksmanager029f6b8e52c=\"79\" title=\"Top 25 Starptautiskie p\u0101rcel\u0161an\u0101s uz\u0146\u0113mumi tie\u0161saist\u0113\">P\u0101rvieto\u0161an\u0101s uz\u0146\u0113mums<\/a> var pal\u012bdz\u0113t jums samazin\u0101t darba slodzi, lai j\u016bs var\u0113tu piev\u0113rsties citiem p\u0101rcel\u0161an\u0101s aspektiem. Tas var ietvert iepako\u0161anu, transporta organiz\u0113\u0161anu un muitas formalit\u0101\u0161u k\u0101rto\u0161anu starptautiskiem p\u0101rv\u0101k\u0161an\u0101s gad\u012bjumiem. Zem\u0101k m\u0113s esam apkopoju\u0161i Gaithersburg b\u0101z\u0113to uz\u0146\u0113mumu sarakstu. <a href=\"https:\/\/moverdb.com\/lv\/international-removals\/\" data-internallinksmanager029f6b8e52c=\"27\" title=\"36 Lab\u0101kie starptautisko p\u0101rvad\u0101jumu uz\u0146\u0113mumi Apvienotaj\u0101 Karalist\u0113\">p\u0101rv\u0101k\u0161an\u0101s uz\u0146\u0113mumi<\/a> kas ir <a href=\"https:\/\/moverdb.com\/lv\/iam\/\" data-internallinksmanager029f6b8e52c=\"23\" title=\"Starptautisk\u0101s P\u0101rv\u0101c\u0113ju asoci\u0101cijas (IAM) skaidrojumi\">Starptautisk\u0101 P\u0101rv\u0101c\u0113ju asoci\u0101cija<\/a> (IAM) un\/vai <a href=\"https:\/\/moverdb.com\/lv\/fidi-faim\/\" data-internallinksmanager029f6b8e52c=\"16\" title=\"FIDI un FAIM (FIDI akredit\u0113tais starptautiskais p\u0101rvietot\u0101js) skaidrojums\">FIDI<\/a> Akredit\u0113ti starptautiskie p\u0101rv\u0101c\u0113ji (FAIM), kas var\u0113tu jums pal\u012bdz\u0113t p\u0101rcelties.<\/p>\n<h2><strong>1. Pieg\u0101des risin\u0101jumi vis\u0101 pasaul\u0113<\/strong><\/h2>\n<p><img loading=\"lazy\" decoding=\"async\" class=\"alignnone size-full wp-image-11442\" src=\"https:\/\/moverdb.com\/wp-content\/uploads\/Shipping-Solutions-Worldwide-international-moving-company.png\" alt=\"Pieg\u0101de Risin\u0101jumi Vispasaules starptautisk\u0101 p\u0101rvietojas uz\u0146\u0113mums\" width=\"1440\" height=\"680\" data-wp-pid=\"11442\" srcset=\"https:\/\/moverdb.com\/wp-content\/uploads\/Shipping-Solutions-Worldwide-international-moving-company.png 1440w, https:\/\/moverdb.com\/wp-content\/uploads\/Shipping-Solutions-Worldwide-international-moving-company-300x142.png 300w, https:\/\/moverdb.com\/wp-content\/uploads\/Shipping-Solutions-Worldwide-international-moving-company-1024x484.png 1024w, https:\/\/moverdb.com\/wp-content\/uploads\/Shipping-Solutions-Worldwide-international-moving-company-18x9.png 18w, https:\/\/moverdb.com\/wp-content\/uploads\/Shipping-Solutions-Worldwide-international-moving-company-600x283.png 600w\" sizes=\"auto, (max-width: 1440px) 100vw, 1440px\" \/><\/p>\n<ul>\n<li>Viet\u0113jie un viet\u0113jie p\u0101rvadi<\/li>\n<li>Starptautiskie p\u0101rvadi<\/li>\n<li>P\u0101rv\u0101k\u0161an\u0101s uz dz\u012bvojam\u0101m telp\u0101m<\/li>\n<li>Komerci\u0101lo un biroju p\u0101rvieto\u0161ana<\/li>\n<li>Individualiz\u0113ts pakalpojums<\/li>\n<li>Iepako\u0161anas pakalpojums<\/li>\n<li>Sauszemes, gaisa un j\u016bras transports<\/li>\n<li>Dokument\u0101cijas atbalsts<\/li>\n<li><a href=\"https:\/\/moverdb.com\/lv\/car-transport-shipping\/\" data-internallinksmanager029f6b8e52c=\"2\" title=\"2026 Starptautiskais autotransports un transportl\u012bdzek\u013cu p\u0101rvad\u0101\u0161anas cit\u0101ti\">Transportl\u012bdzek\u013cu nos\u016bt\u012b\u0161ana<\/a><\/li>\n<li>S\u016bt\u012bjumu izseko\u0161ana<\/li>\n<\/ul>\n<p>Shipping Solutions Worldwide ir vispasaules p\u0101rvad\u0101jumu uz\u0146\u0113mums, kam ir vair\u0101k nek\u0101 30 gadu pieredze un kas atrodas Geitersburg\u0101. Uz\u0146\u0113mums sadarbojas ar glob\u0101lo p\u0101rcel\u0161an\u0101s uz\u0146\u0113mumu t\u012bklu, lai sniegtu pakalpojumus vis\u0101 pasaul\u0113. Uz\u0146\u0113mums ir IAM biedrs.<\/p>\n<p>Shipping Solutions Worldwide pied\u0101v\u0101 individualiz\u0113tus p\u0101rcel\u0161an\u0101s pakalpojumus, kas piel\u0101goti j\u016bsu vajadz\u012bb\u0101m. Vi\u0146i sniedz iepako\u0161anas pakalpojumus, kas nodro\u0161in\u0101s j\u016bsu priek\u0161metu dro\u0161u p\u0101rvieto\u0161anu p\u0101rvad\u0101\u0161anas apst\u0101k\u013cos ar pilnu invent\u0101ru. Vi\u0146i organiz\u0113s transport\u0113\u0161anu pa sauszemi, gaisu vai j\u016bru, k\u0101 ar\u012b apstr\u0101d\u0101s visus transport\u0113\u0161anai nepiecie\u0161amos dokumentus un izsekos j\u016bsu s\u016bt\u012bjumam.<\/p>\n<p>T\u012bmek\u013ca vietne: <a href=\"https:\/\/shippingsolutionsworldwide.com\/\" target=\"_blank\" rel=\"noopener\">https:\/\/shippingsolutionsworldwide.com\/<\/a><\/p>\n<h2><strong>2. Town &amp; Country Movers<\/strong><\/h2>\n<p><img loading=\"lazy\" decoding=\"async\" class=\"alignnone size-full wp-image-11458\" src=\"https:\/\/moverdb.com\/wp-content\/uploads\/Town-Country-Movers-international-moving-company.png\" alt=\"Town &amp; Valsts Movers starptautisks p\u0101rvietojas uz\u0146\u0113mums\" width=\"1440\" height=\"681\" data-wp-pid=\"11458\" srcset=\"https:\/\/moverdb.com\/wp-content\/uploads\/Town-Country-Movers-international-moving-company.png 1440w, https:\/\/moverdb.com\/wp-content\/uploads\/Town-Country-Movers-international-moving-company-300x142.png 300w, https:\/\/moverdb.com\/wp-content\/uploads\/Town-Country-Movers-international-moving-company-1024x484.png 1024w, https:\/\/moverdb.com\/wp-content\/uploads\/Town-Country-Movers-international-moving-company-18x9.png 18w, https:\/\/moverdb.com\/wp-content\/uploads\/Town-Country-Movers-international-moving-company-600x284.png 600w\" sizes=\"auto, (max-width: 1440px) 100vw, 1440px\" \/><\/p>\n<ul>\n<li>Viet\u0113jie un viet\u0113jie p\u0101rvadi<\/li>\n<li>Starptautiskie p\u0101rvadi<\/li>\n<li>M\u0101jsaimniec\u012bbas p\u0101rv\u0101k\u0161an\u0101s<\/li>\n<li>Uz\u0146\u0113m\u0113jdarb\u012bbas virzieni<\/li>\n<li>\"no durv\u012bm l\u012bdz durv\u012bm\" un \"no durv\u012bm l\u012bdz durv\u012bm<a href=\"https:\/\/moverdb.com\/lv\/top-49-container-ports\/\" data-internallinksmanager029f6b8e52c=\"80\" title=\"49 liel\u0101kie un noslogot\u0101kie konteineru ostas 2025. gad\u0101\">osta<\/a> iesp\u0113jas<\/li>\n<li>Iepako\u0161anas pakalpojums<\/li>\n<li>Transporta organiz\u0113\u0161ana<\/li>\n<li>Muito\u0161ana<\/li>\n<li>Transportl\u012bdzek\u013cu transport\u0113\u0161ana<\/li>\n<li>Dro\u0161a \u012bstermi\u0146a un ilgtermi\u0146a uzglab\u0101\u0161ana<\/li>\n<\/ul>\n<p>Town &amp; Country Movers ir p\u0101rcel\u0161an\u0101s un uzglab\u0101\u0161anas uz\u0146\u0113mums, kas dibin\u0101ts 1977. gad\u0101 un atrodas Geitersburg\u0101, un apkalpo <a href=\"https:\/\/moverdb.com\/lv\/moving-to-the-united-states\/moving-to-maryland\/\" data-internallinksmanager029f6b8e52c=\"467\" title=\"P\u0101rce\u013caties uz Merilendu? 2024 Dz\u012bves izmaksas un p\u0101rcel\u0161an\u0101s padomi\">Merilenda<\/a> un <a href=\"https:\/\/moverdb.com\/lv\/moving-to-the-united-states\/moving-to-virginia\/\" data-internallinksmanager029f6b8e52c=\"442\" title=\"P\u0101rcel\u0161an\u0101s uz Vird\u017e\u012bniju? 2023 Dz\u012bves izmaksas un p\u0101rcel\u0161an\u0101s padomi\">Virginia<\/a> ar viet\u0113jiem, valsts un starptautiskiem p\u0101rv\u0101k\u0161an\u0101s pakalpojumiem. Vi\u0146i sadarbojas ar uzticamiem starptautiskajiem ekspeditoriem, lai sniegtu savus pakalpojumus vis\u0101 pasaul\u0113. Uz\u0146\u0113mums ir IAM biedrs ar 46 gadu pieredzi.<\/p>\n<p>Uz\u0146\u0113mums Town &amp; Country Movers pied\u0101v\u0101 bezmaksas p\u0101rcel\u0161an\u0101s apr\u0113\u0137inu uz m\u0101j\u0101m un piel\u0101gos savus pakalpojumus j\u016bsu vajadz\u012bb\u0101m. Vi\u0146i pal\u012bdz\u0113s jums atrast j\u016bsu vajadz\u012bb\u0101m un bud\u017eetam atbilsto\u0161\u0101k\u0101s transporta iesp\u0113jas. Vi\u0146i sniedz profesion\u0101lu iepako\u0161anas pakalpojumu, lai aizsarg\u0101tu j\u016bsu priek\u0161metus, kas var ietvert ar\u012b iepako\u0161anu piel\u0101got\u0101s kast\u0113s.<\/p>\n<p>T\u012bmek\u013ca vietne: <a href=\"https:\/\/townandcountrymovers.com\/\" target=\"_blank\" rel=\"noopener\">https:\/\/townandcountrymovers.com\/<\/a><\/p>\n<h2><strong>3. Univers\u0101lais p\u0101rvieto\u0161ana<\/strong><\/h2>\n<p><img loading=\"lazy\" decoding=\"async\" class=\"alignnone size-full wp-image-11469\" src=\"https:\/\/moverdb.com\/wp-content\/uploads\/Universal-Relocations-international-moving-company-1.png\" alt=\"Universal Relocations starptautiskais p\u0101rvieto\u0161anas uz\u0146\u0113mums\" width=\"1440\" height=\"680\" data-wp-pid=\"11469\" srcset=\"https:\/\/moverdb.com\/wp-content\/uploads\/Universal-Relocations-international-moving-company-1.png 1440w, https:\/\/moverdb.com\/wp-content\/uploads\/Universal-Relocations-international-moving-company-1-300x142.png 300w, https:\/\/moverdb.com\/wp-content\/uploads\/Universal-Relocations-international-moving-company-1-1024x484.png 1024w, https:\/\/moverdb.com\/wp-content\/uploads\/Universal-Relocations-international-moving-company-1-18x9.png 18w, https:\/\/moverdb.com\/wp-content\/uploads\/Universal-Relocations-international-moving-company-1-600x283.png 600w\" sizes=\"auto, (max-width: 1440px) 100vw, 1440px\" \/><\/p>\n<ul>\n<li>P\u0101rcel\u0161an\u0101s uz citu valsti<\/li>\n<li>Starptautisk\u0101s p\u0101rvieto\u0161anas<\/li>\n<li>M\u0101jsaimniec\u012bbas p\u0101rvieto\u0161ana<\/li>\n<li>Uz\u0146\u0113mumu p\u0101rvieto\u0161ana<\/li>\n<li>Pakalpojums \"no durv\u012bm l\u012bdz durv\u012bm<\/li>\n<li>Iepako\u0161anas pakalpojums<\/li>\n<li>Muitas starpniec\u012bba<\/li>\n<li>M\u0101jdz\u012bvnieku un automobi\u013cu p\u0101rvad\u0101jumi<\/li>\n<li>Pal\u012bdz\u012bba m\u0101jas mekl\u0113\u0161an\u0101<\/li>\n<li>Uzglab\u0101\u0161anas iek\u0101rtas<\/li>\n<\/ul>\n<p>Universal Relocations ir starptautisks p\u0101rvieto\u0161anas un p\u0101rcel\u0161an\u0101s uz\u0146\u0113mums, kas dibin\u0101ts 2004. gad\u0101. <a href=\"https:\/\/moverdb.com\/lv\/moving-to-india\/\" data-internallinksmanager029f6b8e52c=\"356\" title=\"P\u0101rcel\u0161an\u0101s uz Indiju? 2023 Dz\u012bves izmaksas un p\u0101rcel\u0161an\u0101s padomi\">Indija<\/a> 1998. gad\u0101, kam ir ar\u012b biroji <a href=\"https:\/\/moverdb.com\/lv\/moving-to-the-united-states\/\" data-internallinksmanager029f6b8e52c=\"94\" title=\"P\u0101rce\u013caties uz Amerikas Savienotaj\u0101m Valst\u012bm? 2022 Dz\u012bves izmaksas un p\u0101rcel\u0161an\u0101s padomi\">ASV<\/a> Geitersburg\u0101, <a href=\"https:\/\/moverdb.com\/lv\/moving-to-the-united-states\/moving-to-new-jersey\/\" data-internallinksmanager029f6b8e52c=\"417\" title=\"P\u0101rcel\u0161an\u0101s uz \u0145\u016bd\u017eersiju? 2023 Dz\u012bves izmaksas un p\u0101rcel\u0161an\u0101s padomi\">\u0145\u016bd\u017eersija<\/a>, <a href=\"https:\/\/moverdb.com\/lv\/moving-to-the-united-states\/moving-to-california\/\" data-internallinksmanager029f6b8e52c=\"330\" title=\"P\u0101rcel\u0161an\u0101s uz Kaliforniju? 2023 Dz\u012bves izmaksas un p\u0101rcel\u0161an\u0101s padomi\">Kalifornija<\/a>, <a href=\"https:\/\/moverdb.com\/lv\/moving-to-the-united-states\/moving-to-texas\/\" data-internallinksmanager029f6b8e52c=\"397\" title=\"P\u0101rcel\u0161an\u0101s uz Teksasu? 2023 Dz\u012bves izmaksas un p\u0101rcel\u0161an\u0101s padomi\">Teksasa<\/a> un <a href=\"https:\/\/moverdb.com\/lv\/moving-to-the-united-states\/moving-to-georgia\/\" data-internallinksmanager029f6b8e52c=\"402\" title=\"P\u0101rcel\u0161an\u0101s uz Gruziju? 2023 Dz\u012bves izmaksas un p\u0101rcel\u0161an\u0101s padomi\">Gruzija<\/a>. Tiem ir 160 partneru a\u0123entu t\u012bkls vis\u0101 pasaul\u0113, kas sniedz starptautiskus pakalpojumus. Vi\u0146i ir IAM biedri ar septi\u0146u gadu pieredzi.<\/p>\n<p>Universal Relocations pied\u0101v\u0101 m\u0101jsaimniec\u012bbu un uz\u0146\u0113mumu p\u0101rcel\u0161an\u0101s pakalpojumus no durv\u012bm l\u012bdz durv\u012bm. Vi\u0146i sniedz dro\u0161as iepako\u0161anas pakalpojumus, lai aizsarg\u0101tu j\u016bsu mantas p\u0101rvad\u0101\u0161anas laik\u0101, un var p\u0101rvad\u0101t ar\u012b j\u016bsu m\u0101jdz\u012bvniekus un transportl\u012bdzek\u013cus. Vi\u0146i pied\u0101v\u0101 ar\u012b papildu pakalpojumus, tostarp pal\u012bdz\u012bbu m\u0101jok\u013ca mekl\u0113\u0161an\u0101, uzglab\u0101\u0161anas iesp\u0113jas un apdro\u0161in\u0101\u0161anu.<\/p>\n<p>T\u012bmek\u013ca vietne: <a href=\"https:\/\/universalrelocations.com\/\" target=\"_blank\" rel=\"noopener\">https:\/\/universalrelocations.com\/<\/a><\/p>","protected":false},"excerpt":{"rendered":"<p>When you are moving home or your business there is a lot to do so engaging the services of a moving company can assist you in reducing the workload so you can focus on other aspects of your move. This can include packing, arranging transport and handling customs for international moves. Below we have compiled [&hellip;]<\/p>\n","protected":false},"author":4,"featured_media":11442,"parent":190,"menu_order":0,"comment_status":"closed","ping_status":"closed","template":"","meta":{"_genesis_hide_title":false,"_genesis_hide_breadcrumbs":false,"_genesis_hide_singular_image":false,"_genesis_hide_footer_widgets":false,"_genesis_custom_body_class":"","_genesis_custom_post_class":"","_genesis_layout":"","footnotes":""},"class_list":{"0":"post-11564","1":"page","2":"type-page","3":"status-publish","4":"has-post-thumbnail","6":"entry"},"_links":{"self":[{"href":"https:\/\/moverdb.com\/lv\/wp-json\/wp\/v2\/pages\/11564","targetHints":{"allow":["GET"]}}],"collection":[{"href":"https:\/\/moverdb.com\/lv\/wp-json\/wp\/v2\/pages"}],"about":[{"href":"https:\/\/moverdb.com\/lv\/wp-json\/wp\/v2\/types\/page"}],"author":[{"embeddable":true,"href":"https:\/\/moverdb.com\/lv\/wp-json\/wp\/v2\/users\/4"}],"replies":[{"embeddable":true,"href":"https:\/\/moverdb.com\/lv\/wp-json\/wp\/v2\/comments?post=11564"}],"version-history":[{"count":1,"href":"https:\/\/moverdb.com\/lv\/wp-json\/wp\/v2\/pages\/11564\/revisions"}],"predecessor-version":[{"id":11565,"href":"https:\/\/moverdb.com\/lv\/wp-json\/wp\/v2\/pages\/11564\/revisions\/11565"}],"up":[{"embeddable":true,"href":"https:\/\/moverdb.com\/lv\/wp-json\/wp\/v2\/pages\/190"}],"wp:featuredmedia":[{"embeddable":true,"href":"https:\/\/moverdb.com\/lv\/wp-json\/wp\/v2\/media\/11442"}],"wp:attachment":[{"href":"https:\/\/moverdb.com\/lv\/wp-json\/wp\/v2\/media?parent=11564"}],"curies":[{"name":"wp","href":"https:\/\/api.w.org\/{rel}","templated":true}]}}