{"id":11560,"date":"2023-11-29T10:28:15","date_gmt":"2023-11-29T10:28:15","guid":{"rendered":"https:\/\/moverdb.com\/?page_id=11560"},"modified":"2026-01-08T15:24:13","modified_gmt":"2026-01-08T15:24:13","slug":"moving-companies-in-el-paso-usa","status":"publish","type":"page","link":"https:\/\/moverdb.com\/lv\/moving-companies\/moving-companies-in-el-paso-usa\/","title":{"rendered":"3 Lab\u0101kie starptautisk\u0101s p\u0101rcel\u0161an\u0101s uz\u0146\u0113mumi El Paso"},"content":{"rendered":"<p>Vai pl\u0101nojat p\u0101rcelties uz El Paso vai no t\u0101s? Tad l\u016bdziet pal\u012bdz\u012bbu no <a href=\"https:\/\/moverdb.com\/lv\/moving-companies\/\" data-internallinksmanager029f6b8e52c=\"79\" title=\"Top 25 Starptautiskie p\u0101rcel\u0161an\u0101s uz\u0146\u0113mumi tie\u0161saist\u0113\">P\u0101rvieto\u0161an\u0101s uz\u0146\u0113mums<\/a> iepako\u0161anu, transporta organiz\u0113\u0161anu un muitas formalit\u0101\u0161u k\u0101rto\u0161anu starptautiskiem p\u0101rcel\u0161an\u0101s gad\u012bjumiem var mazin\u0101t stresu. Zem\u0101k m\u0113s esam apkopoju\u0161i sarakstu ar El Paso b\u0101z\u0113t\u0101m <a href=\"https:\/\/moverdb.com\/lv\/international-removals\/\" data-internallinksmanager029f6b8e52c=\"27\" title=\"36 Lab\u0101kie starptautisko p\u0101rvad\u0101jumu uz\u0146\u0113mumi Apvienotaj\u0101 Karalist\u0113\">p\u0101rv\u0101k\u0161an\u0101s uz\u0146\u0113mumi<\/a> kas ir <a href=\"https:\/\/moverdb.com\/lv\/iam\/\" data-internallinksmanager029f6b8e52c=\"23\" title=\"Starptautisk\u0101s P\u0101rv\u0101c\u0113ju asoci\u0101cijas (IAM) skaidrojumi\">Starptautisk\u0101 P\u0101rv\u0101c\u0113ju asoci\u0101cija<\/a> (IAM) un\/vai <a href=\"https:\/\/moverdb.com\/lv\/fidi-faim\/\" data-internallinksmanager029f6b8e52c=\"16\" title=\"FIDI un FAIM (FIDI akredit\u0113tais starptautiskais p\u0101rvietot\u0101js) skaidrojums\">FIDI<\/a> Akredit\u0113ti starptautiskie p\u0101rv\u0101c\u0113ji (FAIM), kas var\u0113tu jums pal\u012bdz\u0113t p\u0101rcelties.<\/p>\n<h2><strong>1. Deseret International Forwarding<\/strong><\/h2>\n<p><img loading=\"lazy\" decoding=\"async\" class=\"alignnone size-full wp-image-11305\" src=\"https:\/\/moverdb.com\/wp-content\/uploads\/Deseret-International-Forwarding-moving-company.png\" alt=\"Deseret International Forwarding P\u0101rvieto\u0161an\u0101s uz\u0146\u0113mums\" width=\"1440\" height=\"676\" data-wp-pid=\"11305\" srcset=\"https:\/\/moverdb.com\/wp-content\/uploads\/Deseret-International-Forwarding-moving-company.png 1440w, https:\/\/moverdb.com\/wp-content\/uploads\/Deseret-International-Forwarding-moving-company-300x141.png 300w, https:\/\/moverdb.com\/wp-content\/uploads\/Deseret-International-Forwarding-moving-company-1024x481.png 1024w, https:\/\/moverdb.com\/wp-content\/uploads\/Deseret-International-Forwarding-moving-company-18x8.png 18w, https:\/\/moverdb.com\/wp-content\/uploads\/Deseret-International-Forwarding-moving-company-600x282.png 600w\" sizes=\"auto, (max-width: 1440px) 100vw, 1440px\" \/><\/p>\n<ul>\n<li>Starptautiskie p\u0101rvadi<\/li>\n<li>M\u0101jsaimniec\u012bbas p\u0101rv\u0101k\u0161an\u0101s<\/li>\n<li>Uz\u0146\u0113mumu p\u0101rvieto\u0161an\u0101s<\/li>\n<li>No durv\u012bm l\u012bdz durv\u012bm vai <a href=\"https:\/\/moverdb.com\/lv\/top-49-container-ports\/\" data-internallinksmanager029f6b8e52c=\"80\" title=\"49 liel\u0101kie un noslogot\u0101kie konteineru ostas 2025. gad\u0101\">osta<\/a>-pakalpojums \"no durv\u012bm l\u012bdz durv\u012bm<\/li>\n<li>Person\u012bg\u0101 p\u0101rvieto\u0161anas koordinators<\/li>\n<li>Iepako\u0161anas pakalpojums<\/li>\n<li>Gaisa, j\u016bras un sauszemes transports<\/li>\n<li>S\u016bt\u012bjumu izseko\u0161ana tie\u0161saist\u0113<\/li>\n<li>Visu risku apdro\u0161in\u0101\u0161ana<\/li>\n<li>Dro\u0161a uzglab\u0101\u0161ana<\/li>\n<\/ul>\n<p>Deseret International Forwarding nodarbojas ar m\u0101jsaimniec\u012bbas pre\u010du starptautisko eksped\u012bciju un atrodas El Paso. Uz\u0146\u0113mumam ir uzticams glob\u0101lo attiec\u012bbu t\u012bkls ar citiem p\u0101rcel\u0161an\u0101s a\u0123entiem, lai pied\u0101v\u0101tu starptautiskus p\u0101rcel\u0161an\u0101s pakalpojumus. Vi\u0146i ir IAM biedri ar 31 gada pieredzi.<\/p>\n<p>Deseret International Forwarding person\u012bgie p\u0101rcel\u0161an\u0101s koordinatori sniegs jums atbalstu p\u0101rcel\u0161an\u0101s laik\u0101 un pal\u012bdz\u0113s izv\u0113l\u0113ties lab\u0101ko veidu, k\u0101 p\u0101rcelties uz jaunaj\u0101m m\u0101j\u0101m. Vi\u0146i pied\u0101v\u0101 pakalpojumu \"no durv\u012bm l\u012bdz durv\u012bm\" vai \"no ostas l\u012bdz durv\u012bm\", kas var ietvert j\u016bsu mantu iepako\u0161anu. Vi\u0146i organiz\u0113s j\u016bsu mantu dro\u0161u transport\u0113\u0161anu pa gaisu, j\u016bru vai sauszemi.<\/p>\n<p>T\u012bmek\u013ca vietne: <a href=\"http:\/\/www.deseret-intl.com\/\" target=\"_blank\" rel=\"noopener\">http:\/\/www.deseret-intl.com\/<\/a><\/p>\n<h2><strong>2. ITO<\/strong><\/h2>\n<p><img loading=\"lazy\" decoding=\"async\" class=\"alignnone size-full wp-image-11355\" src=\"https:\/\/moverdb.com\/wp-content\/uploads\/ITO-El-Paso-international-moving-company.png\" alt=\"ITO El Paso starptautisk\u0101 p\u0101rvietojas uz\u0146\u0113mums\" width=\"1440\" height=\"683\" data-wp-pid=\"11355\" srcset=\"https:\/\/moverdb.com\/wp-content\/uploads\/ITO-El-Paso-international-moving-company.png 1440w, https:\/\/moverdb.com\/wp-content\/uploads\/ITO-El-Paso-international-moving-company-300x142.png 300w, https:\/\/moverdb.com\/wp-content\/uploads\/ITO-El-Paso-international-moving-company-1024x486.png 1024w, https:\/\/moverdb.com\/wp-content\/uploads\/ITO-El-Paso-international-moving-company-18x9.png 18w, https:\/\/moverdb.com\/wp-content\/uploads\/ITO-El-Paso-international-moving-company-600x285.png 600w\" sizes=\"auto, (max-width: 1440px) 100vw, 1440px\" \/><\/p>\n<ul>\n<li>Valsts p\u0101rcel\u0161an\u0101s<\/li>\n<li>Starptautiskie p\u0101rvadi<\/li>\n<li>M\u0101jsaimniec\u012bbas p\u0101rvieto\u0161ana<\/li>\n<li>Biroju p\u0101rvieto\u0161ana<\/li>\n<li>S\u0101kotn\u0113j\u0101 konsult\u0101cija<\/li>\n<li>Iepako\u0161anas pakalpojums<\/li>\n<li>Transporta pas\u0101kumi<\/li>\n<li>Muito\u0161ana<\/li>\n<li>Amatnieku pakalpojumi<\/li>\n<li>Dro\u0161a uzglab\u0101\u0161ana<\/li>\n<\/ul>\n<p>ITO ir starptautisks p\u0101rvieto\u0161an\u0101s uz\u0146\u0113mums ar fili\u0101l\u0113m <a href=\"https:\/\/moverdb.com\/lv\/moving-to-the-united-states\/\" data-internallinksmanager029f6b8e52c=\"94\" title=\"P\u0101rce\u013caties uz Amerikas Savienotaj\u0101m Valst\u012bm? 2022 Dz\u012bves izmaksas un p\u0101rcel\u0161an\u0101s padomi\">ASV<\/a>, <a href=\"https:\/\/moverdb.com\/lv\/moving-to-germany\/\" data-internallinksmanager029f6b8e52c=\"321\" title=\"P\u0101rcel\u0161an\u0101s uz V\u0101ciju? 2023 Dz\u012bves izmaksas un p\u0101rcel\u0161an\u0101s padomi\">V\u0101cija<\/a> un \u0100frik\u0101. Uz\u0146\u0113muma biroji ASV atrodas El Paso, Vi\u010dita Fols\u0101 un Norfolk\u0101. Vi\u0146i str\u0101d\u0101 starptautisk\u0101 m\u0113rog\u0101, izmantojot savas fili\u0101les un starptautisko partneru t\u012bklu. Uz\u0146\u0113mums ir IAM biedrs ar 47 gadu pieredzi.<\/p>\n<p>ITO pied\u0101v\u0101 s\u0101kotn\u0113j\u0101s konsult\u0101cijas un padomus, lai j\u016bs var\u0113tu sagatavoties. Vi\u0146i nodro\u0161ina standarta un specializ\u0113to iepakojumu, lai aizsarg\u0101tu j\u016bsu mantas, k\u0101 ar\u012b veic m\u0113be\u013cu demont\u0101\u017eu un mont\u0101\u017eu. Vajadz\u012bbas gad\u012bjum\u0101 vi\u0146i var pied\u0101v\u0101t ar\u012b amatnieku pakalpojumus. Da\u017eos re\u0123ionos vi\u0146i pied\u0101v\u0101 da\u017e\u0101das transport\u0113\u0161anas iesp\u0113jas, tostarp kolekt\u012bvos konteinerus.<\/p>\n<p>T\u012bmek\u013ca vietne: <a href=\"https:\/\/www.ito-movers.de\/?lang=en\" target=\"_blank\" rel=\"noopener\">https:\/\/www.ito-movers.de\/?lang=en<\/a><\/p>\n<h2><strong>3. TIS Worldwide<\/strong><\/h2>\n<p><img loading=\"lazy\" decoding=\"async\" class=\"alignnone size-full wp-image-11456\" src=\"https:\/\/moverdb.com\/wp-content\/uploads\/TIS-Worldwide-international-moving-company.png\" alt=\"TIS Worldwide starptautiskais p\u0101rvieto\u0161an\u0101s uz\u0146\u0113mums\" width=\"1440\" height=\"682\" data-wp-pid=\"11456\" srcset=\"https:\/\/moverdb.com\/wp-content\/uploads\/TIS-Worldwide-international-moving-company.png 1440w, https:\/\/moverdb.com\/wp-content\/uploads\/TIS-Worldwide-international-moving-company-300x142.png 300w, https:\/\/moverdb.com\/wp-content\/uploads\/TIS-Worldwide-international-moving-company-1024x485.png 1024w, https:\/\/moverdb.com\/wp-content\/uploads\/TIS-Worldwide-international-moving-company-18x9.png 18w, https:\/\/moverdb.com\/wp-content\/uploads\/TIS-Worldwide-international-moving-company-600x284.png 600w\" sizes=\"auto, (max-width: 1440px) 100vw, 1440px\" \/><\/p>\n<ul>\n<li>Kravu eksped\u012bcijas pakalpojumi<\/li>\n<li>Starptautiskais transports<\/li>\n<li>P\u0101rvald\u012bta lo\u0123istika<\/li>\n<li>Piel\u0101gots pakalpojums<\/li>\n<li>Pakalpojums \"no durv\u012bm l\u012bdz durv\u012bm<\/li>\n<li>P\u0101rvad\u0101jumi no ostas uz ostu<\/li>\n<li>Kravas, dzelzce\u013ca, autotransporta un j\u016bras transports<\/li>\n<li>Pilnas un maz\u0101k nek\u0101 pilnas slodzes<\/li>\n<li>Kravas izseko\u0161ana<\/li>\n<li>Uzglab\u0101\u0161anas iek\u0101rtas<\/li>\n<\/ul>\n<p>TIS Worldwide ir 1976. gad\u0101 dibin\u0101ts augst\u0101k\u0101s klases lo\u0123istikas pakalpojumu sniedz\u0113js, kura galven\u0101 m\u012btne atrodas El Paso. TIS ir starptautisks a\u0123entu t\u012bkls liel\u0101kaj\u0101 da\u013c\u0101 pasaules valstu, kas pal\u012bdz sniegt starptautiskus pakalpojumus. Uz\u0146\u0113mums ir IAM biedrs ar 47 gadu pieredzi.<\/p>\n<p>TIS Worldwide pied\u0101v\u0101 individualiz\u0113tus pakalpojumus un mekl\u0113s lab\u0101kos transporta risin\u0101jumus j\u016bsu s\u016bt\u012bjumam, lai ieg\u016btu viskonkur\u0113tsp\u0113j\u012bg\u0101k\u0101s izmaksas un kvalitat\u012bv\u0101ko pakalpojumu. Tie pied\u0101v\u0101 da\u017e\u0101das transporta iesp\u0113jas, tostarp pakalpojumus no durv\u012bm l\u012bdz durv\u012bm un no ostas l\u012bdz ostai piln\u0101m un nepiln\u0101m konteineru krav\u0101m, k\u0101 ar\u012b projektu krav\u0101m.<\/p>\n<p>T\u012bmek\u013ca vietne: <a href=\"https:\/\/www.tis-shipping.com\/\" target=\"_blank\" rel=\"noopener\">https:\/\/www.tis-shipping.com\/<\/a><\/p>","protected":false},"excerpt":{"rendered":"<p>Are you planning on moving within, to or from El Paso? Then enlisting the help of a moving company to pack, arrange transport and handle customs for international moves can reduce the stress. Below we have compiled a list of El Paso based removal companies that are members of the International Association of Movers (IAM) [&hellip;]<\/p>\n","protected":false},"author":4,"featured_media":11305,"parent":190,"menu_order":0,"comment_status":"closed","ping_status":"closed","template":"","meta":{"_genesis_hide_title":false,"_genesis_hide_breadcrumbs":false,"_genesis_hide_singular_image":false,"_genesis_hide_footer_widgets":false,"_genesis_custom_body_class":"","_genesis_custom_post_class":"","_genesis_layout":"","footnotes":""},"class_list":{"0":"post-11560","1":"page","2":"type-page","3":"status-publish","4":"has-post-thumbnail","6":"entry"},"_links":{"self":[{"href":"https:\/\/moverdb.com\/lv\/wp-json\/wp\/v2\/pages\/11560","targetHints":{"allow":["GET"]}}],"collection":[{"href":"https:\/\/moverdb.com\/lv\/wp-json\/wp\/v2\/pages"}],"about":[{"href":"https:\/\/moverdb.com\/lv\/wp-json\/wp\/v2\/types\/page"}],"author":[{"embeddable":true,"href":"https:\/\/moverdb.com\/lv\/wp-json\/wp\/v2\/users\/4"}],"replies":[{"embeddable":true,"href":"https:\/\/moverdb.com\/lv\/wp-json\/wp\/v2\/comments?post=11560"}],"version-history":[{"count":1,"href":"https:\/\/moverdb.com\/lv\/wp-json\/wp\/v2\/pages\/11560\/revisions"}],"predecessor-version":[{"id":11561,"href":"https:\/\/moverdb.com\/lv\/wp-json\/wp\/v2\/pages\/11560\/revisions\/11561"}],"up":[{"embeddable":true,"href":"https:\/\/moverdb.com\/lv\/wp-json\/wp\/v2\/pages\/190"}],"wp:featuredmedia":[{"embeddable":true,"href":"https:\/\/moverdb.com\/lv\/wp-json\/wp\/v2\/media\/11305"}],"wp:attachment":[{"href":"https:\/\/moverdb.com\/lv\/wp-json\/wp\/v2\/media?parent=11560"}],"curies":[{"name":"wp","href":"https:\/\/api.w.org\/{rel}","templated":true}]}}