{"id":11558,"date":"2023-11-29T10:29:34","date_gmt":"2023-11-29T10:29:34","guid":{"rendered":"https:\/\/moverdb.com\/?page_id=11558"},"modified":"2026-01-08T15:24:12","modified_gmt":"2026-01-08T15:24:12","slug":"moving-companies-us-danbury","status":"publish","type":"page","link":"https:\/\/moverdb.com\/lv\/moving-companies\/moving-companies-us-danbury\/","title":{"rendered":"3 Lab\u0101kie starptautisk\u0101s p\u0101rcel\u0161an\u0101s uz\u0146\u0113mumi Danberij\u0101"},"content":{"rendered":"<p>P\u0101rv\u0101k\u0161an\u0101s pl\u0101no\u0161ana un p\u0101rvald\u012bba var b\u016bt stresaina, t\u0101p\u0113c, sa\u0146emot <a href=\"https:\/\/moverdb.com\/lv\/moving-companies\/\" data-internallinksmanager029f6b8e52c=\"79\" title=\"Top 25 Starptautiskie p\u0101rcel\u0161an\u0101s uz\u0146\u0113mumi tie\u0161saist\u0113\">P\u0101rvieto\u0161an\u0101s uz\u0146\u0113mums<\/a> lai sapakotu un transport\u0113tu j\u016bsu mantas, var atvieglot spriedzi. Zem\u0101k m\u0113s esam apkopoju\u0161i sarakstu ar Danberij\u0101 b\u0101z\u0113t\u0101m <a href=\"https:\/\/moverdb.com\/lv\/international-removals\/\" data-internallinksmanager029f6b8e52c=\"27\" title=\"36 Lab\u0101kie starptautisko p\u0101rvad\u0101jumu uz\u0146\u0113mumi Apvienotaj\u0101 Karalist\u0113\">p\u0101rv\u0101k\u0161an\u0101s uz\u0146\u0113mumi<\/a> kas ir <a href=\"https:\/\/moverdb.com\/lv\/iam\/\" data-internallinksmanager029f6b8e52c=\"23\" title=\"Starptautisk\u0101s P\u0101rv\u0101c\u0113ju asoci\u0101cijas (IAM) skaidrojumi\">Starptautisk\u0101 P\u0101rv\u0101c\u0113ju asoci\u0101cija<\/a> (IAM) un\/vai <a href=\"https:\/\/moverdb.com\/lv\/fidi-faim\/\" data-internallinksmanager029f6b8e52c=\"16\" title=\"FIDI un FAIM (FIDI akredit\u0113tais starptautiskais p\u0101rvietot\u0101js) skaidrojums\">FIDI<\/a> Akredit\u0113ti starptautiskie p\u0101rv\u0101c\u0113ji (FAIM), kas var\u0113tu jums pal\u012bdz\u0113t p\u0101rcelties.<\/p>\n<h2><strong>1. Continuum International<\/strong><\/h2>\n<p><img loading=\"lazy\" decoding=\"async\" class=\"alignnone size-full wp-image-11296\" src=\"https:\/\/moverdb.com\/wp-content\/uploads\/Continuum-International-moving-company.png\" alt=\"Continuum Starptautiskais p\u0101rcel\u0161an\u0101s uz\u0146\u0113mums\" width=\"1440\" height=\"677\" data-wp-pid=\"11296\" srcset=\"https:\/\/moverdb.com\/wp-content\/uploads\/Continuum-International-moving-company.png 1440w, https:\/\/moverdb.com\/wp-content\/uploads\/Continuum-International-moving-company-300x141.png 300w, https:\/\/moverdb.com\/wp-content\/uploads\/Continuum-International-moving-company-1024x481.png 1024w, https:\/\/moverdb.com\/wp-content\/uploads\/Continuum-International-moving-company-18x8.png 18w, https:\/\/moverdb.com\/wp-content\/uploads\/Continuum-International-moving-company-600x282.png 600w\" sizes=\"auto, (max-width: 1440px) 100vw, 1440px\" \/><\/p>\n<ul>\n<li>P\u0101rcel\u0161an\u0101s uz citu valsti<\/li>\n<li>Starptautisk\u0101s p\u0101rvieto\u0161anas<\/li>\n<li>Uz\u0146\u0113mumu p\u0101rvieto\u0161ana<\/li>\n<li>Pakalpojums \"no durv\u012bm l\u012bdz durv\u012bm<\/li>\n<li>Individu\u0101li piel\u0101goti pakalpojumi<\/li>\n<li>Iepako\u0161anas pakalpojums<\/li>\n<li>Transport\u0113\u0161ana pa gaisu, j\u016bru vai ar kravas automa\u0161\u012bnu<\/li>\n<li>Dokumentu sagatavo\u0161ana<\/li>\n<li>Tranz\u012bta apdro\u0161in\u0101\u0161ana<\/li>\n<li>Uzglab\u0101\u0161anas iek\u0101rtas<\/li>\n<\/ul>\n<p>Continuum International ir glob\u0101ls p\u0101rcel\u0161an\u0101s un nor\u012bkojumu vad\u012bbas pakalpojumu uz\u0146\u0113mums, kas darbojas jau vair\u0101k nek\u0101 20 gadus un kam ir p\u0101rst\u0101vniec\u012bbas Danberij\u0101 un Brukf\u012bld\u0101. Uz\u0146\u0113mumam ir glob\u0101las partnerattiec\u012bbas, kas \u013cauj sniegt pakalpojumus starptautisk\u0101 m\u0113rog\u0101. Uz\u0146\u0113mums ir IAM biedrs ar 24 gadu pieredzi.<\/p>\n<p>Continuum International pied\u0101v\u0101 individu\u0101li piel\u0101gotus p\u0101rcel\u0161an\u0101s un p\u0101rcel\u0161an\u0101s pakalpojumus no durv\u012bm l\u012bdz durv\u012bm, izmantojot piesaist\u012btu p\u0101rcel\u0161an\u0101s padomdev\u0113ju. Vi\u0146i pied\u0101v\u0101 pirms p\u0101rcel\u0161an\u0101s veikt apsekojumu, lai nov\u0113rt\u0113tu j\u016bsu p\u0101rcel\u0161an\u0101s vajadz\u012bbas un izstr\u0101d\u0101tu p\u0101rcel\u0161an\u0101s pl\u0101nu. Vi\u0146i iepako j\u016bsu mantas, nodro\u0161inot, ka iepakojuma materi\u0101li ir piem\u0113roti transport\u0113\u0161anas veidam un galam\u0113r\u0137im.<\/p>\n<p>T\u012bmek\u013ca vietne: <a href=\"https:\/\/www.continuumrelo.com\/\" target=\"_blank\" rel=\"noopener\">https:\/\/www.continuumrelo.com\/<\/a><\/p>\n<h2><strong>2. Interconex<\/strong><\/h2>\n<p><img loading=\"lazy\" decoding=\"async\" class=\"alignnone size-full wp-image-11345\" src=\"https:\/\/moverdb.com\/wp-content\/uploads\/Interconex-international-moving-company.png\" alt=\"Interconex starptautiskais p\u0101rvieto\u0161an\u0101s uz\u0146\u0113mums\" width=\"1440\" height=\"678\" data-wp-pid=\"11345\" srcset=\"https:\/\/moverdb.com\/wp-content\/uploads\/Interconex-international-moving-company.png 1440w, https:\/\/moverdb.com\/wp-content\/uploads\/Interconex-international-moving-company-300x141.png 300w, https:\/\/moverdb.com\/wp-content\/uploads\/Interconex-international-moving-company-1024x482.png 1024w, https:\/\/moverdb.com\/wp-content\/uploads\/Interconex-international-moving-company-18x8.png 18w, https:\/\/moverdb.com\/wp-content\/uploads\/Interconex-international-moving-company-600x283.png 600w\" sizes=\"auto, (max-width: 1440px) 100vw, 1440px\" \/><\/p>\n<ul>\n<li>Valsts p\u0101rcel\u0161an\u0101s<\/li>\n<li>Starptautiskie p\u0101rvadi<\/li>\n<li>M\u0101jsaimniec\u012bbas p\u0101rv\u0101k\u0161an\u0101s<\/li>\n<li>Uz\u0146\u0113mumu p\u0101rvieto\u0161an\u0101s<\/li>\n<li>Pakalpojums \"no durv\u012bm l\u012bdz durv\u012bm<\/li>\n<li>Iepako\u0161anas pakalpojums<\/li>\n<li>Transporta pas\u0101kumi<\/li>\n<li>Muito\u0161ana<\/li>\n<li>M\u0101jdz\u012bvnieku p\u0101rvieto\u0161ana<\/li>\n<li>Dro\u0161as uzglab\u0101\u0161anas pakalpojumi<\/li>\n<\/ul>\n<p>Interconex ir pilna servisa m\u0101jsaimniec\u012bbas pre\u010du p\u0101rvieto\u0161anas uz\u0146\u0113mums, kas dibin\u0101ts 1969. gad\u0101 un atrodas Danberij\u0101. Lai sniegtu pakalpojumus vis\u0101 pasaul\u0113, uz\u0146\u0113mums sadarbojas ar r\u016bp\u012bgi izv\u0113l\u0113tiem starptautiskiem partneriem. Uz\u0146\u0113mums ir akredit\u0113ts FIDI.<\/p>\n<p>Interconex pied\u0101v\u0101 s\u0101kotn\u0113jo apsekojumu, lai noteiktu j\u016bsu p\u0101rcel\u0161an\u0101s vajadz\u012bbas. Vi\u0146i sniedz iepako\u0161anas pakalpojumus, izmantojot augst\u0101k\u0101s kvalit\u0101tes iepakojuma materi\u0101lus un apm\u0101c\u012btus iepakot\u0101jus, lai aizsarg\u0101tu j\u016bsu mantas. Tas var ietvert specializ\u0113tus iepako\u0161anas materi\u0101lus un \u012bpa\u0161i piel\u0101gotas kastes. Vi\u0146i pied\u0101v\u0101 papildu pakalpojumus, tostarp lidostas transportu, konsjer\u017ea pakalpojumus, pal\u012bgstr\u0101dnieku pal\u012bdz\u012bbu, istabenes pakalpojumus, pagaidu m\u0101jokli, galam\u0113r\u0137a pakalpojumus, m\u0101jdz\u012bvnieku p\u0101rvieto\u0161anu, apdro\u0161in\u0101\u0161anu pret visiem riskiem un uzglab\u0101\u0161anu.<\/p>\n<p>T\u012bmek\u013ca vietne: <a href=\"https:\/\/www.interconex.com\/\" target=\"_blank\" rel=\"noopener\">https:\/\/www.interconex.com\/<\/a><\/p>\n<h2><strong>3. Intermove Ltd<\/strong><\/h2>\n<p><img loading=\"lazy\" decoding=\"async\" class=\"alignnone size-full wp-image-11346\" src=\"https:\/\/moverdb.com\/wp-content\/uploads\/Intermove-Danbury-international-moving-company.png\" alt=\"Intermove Danbury starptautiskais p\u0101rvieto\u0161an\u0101s uz\u0146\u0113mums\" width=\"1440\" height=\"680\" data-wp-pid=\"11346\" srcset=\"https:\/\/moverdb.com\/wp-content\/uploads\/Intermove-Danbury-international-moving-company.png 1440w, https:\/\/moverdb.com\/wp-content\/uploads\/Intermove-Danbury-international-moving-company-300x142.png 300w, https:\/\/moverdb.com\/wp-content\/uploads\/Intermove-Danbury-international-moving-company-1024x484.png 1024w, https:\/\/moverdb.com\/wp-content\/uploads\/Intermove-Danbury-international-moving-company-18x9.png 18w, https:\/\/moverdb.com\/wp-content\/uploads\/Intermove-Danbury-international-moving-company-600x283.png 600w\" sizes=\"auto, (max-width: 1440px) 100vw, 1440px\" \/><\/p>\n<ul>\n<li>Starptautisk\u0101s p\u0101rvieto\u0161anas<\/li>\n<li>M\u0101jsaimniec\u012bbas p\u0101rvieto\u0161ana<\/li>\n<li>Uz\u0146\u0113mumu p\u0101rvieto\u0161ana<\/li>\n<li>Pakalpojums \"no durv\u012bm l\u012bdz durv\u012bm<\/li>\n<li>Bezmaksas apr\u0113\u0137ins<\/li>\n<li>Virtu\u0101l\u0101 un kl\u0101tienes pal\u012bdz\u012bba<\/li>\n<li>Gaisa, j\u016bras un sauszemes transports<\/li>\n<li>Dokument\u0101cijas atbalsts<\/li>\n<li>Apdro\u0161in\u0101\u0161ana<\/li>\n<\/ul>\n<p>Intermove Ltd ir starptautisks p\u0101rcel\u0161an\u0101s un p\u0101rvieto\u0161anas uz\u0146\u0113mums, kas dibin\u0101ts 1977. gad\u0101 un atrodas Danberij\u0101. Uz\u0146\u0113mumam ir uzticamu starptautisko p\u0101rcel\u0161an\u0101s uz\u0146\u0113mumu t\u012bkls, kas pal\u012bdz sniegt pakalpojumus \"no durv\u012bm l\u012bdz durv\u012bm\" vis\u0101 pasaul\u0113. Uz\u0146\u0113mums ir IAM biedrs ar 46 gadu pieredzi.<\/p>\n<p>Uz\u0146\u0113mums Intermove Ltd pied\u0101v\u0101 bezmaksas apr\u0113\u0137inu, k\u0101 ar\u012b konsult\u0101cijas un atbalstu no saviem starptautisko p\u0101rcel\u0161anos speci\u0101listiem virtu\u0101li vai kl\u0101tien\u0113 starptautisku p\u0101rcel\u0161anos gad\u012bjum\u0101. Vi\u0146i organiz\u0113s j\u016bsu mantu dro\u0161u transport\u0113\u0161anu pa gaisu, j\u016bru vai sauszemi, k\u0101 ar\u012b pal\u012bdz\u0113s sagatavot dokumentus. Vi\u0146i nodro\u0161ina profesion\u0101li iepakotu kravu apdro\u0161in\u0101\u0161anu.<\/p>\n<p>T\u012bmek\u013ca vietne: <a href=\"https:\/\/www.intermove.com\/\" target=\"_blank\" rel=\"noopener\">https:\/\/www.intermove.com\/<\/a><\/p>","protected":false},"excerpt":{"rendered":"<p>Planning and managing your move can be stressful so getting a moving company in to pack and transport your belongings can ease the pressure. Below we have compiled a list of Danbury based removal companies that are members of the International Association of Movers (IAM) and\/or FIDI Accredited International Mover (FAIM) who could assist you [&hellip;]<\/p>\n","protected":false},"author":4,"featured_media":11296,"parent":190,"menu_order":0,"comment_status":"closed","ping_status":"closed","template":"","meta":{"_genesis_hide_title":false,"_genesis_hide_breadcrumbs":false,"_genesis_hide_singular_image":false,"_genesis_hide_footer_widgets":false,"_genesis_custom_body_class":"","_genesis_custom_post_class":"","_genesis_layout":"","footnotes":""},"class_list":{"0":"post-11558","1":"page","2":"type-page","3":"status-publish","4":"has-post-thumbnail","6":"entry"},"_links":{"self":[{"href":"https:\/\/moverdb.com\/lv\/wp-json\/wp\/v2\/pages\/11558","targetHints":{"allow":["GET"]}}],"collection":[{"href":"https:\/\/moverdb.com\/lv\/wp-json\/wp\/v2\/pages"}],"about":[{"href":"https:\/\/moverdb.com\/lv\/wp-json\/wp\/v2\/types\/page"}],"author":[{"embeddable":true,"href":"https:\/\/moverdb.com\/lv\/wp-json\/wp\/v2\/users\/4"}],"replies":[{"embeddable":true,"href":"https:\/\/moverdb.com\/lv\/wp-json\/wp\/v2\/comments?post=11558"}],"version-history":[{"count":1,"href":"https:\/\/moverdb.com\/lv\/wp-json\/wp\/v2\/pages\/11558\/revisions"}],"predecessor-version":[{"id":11559,"href":"https:\/\/moverdb.com\/lv\/wp-json\/wp\/v2\/pages\/11558\/revisions\/11559"}],"up":[{"embeddable":true,"href":"https:\/\/moverdb.com\/lv\/wp-json\/wp\/v2\/pages\/190"}],"wp:featuredmedia":[{"embeddable":true,"href":"https:\/\/moverdb.com\/lv\/wp-json\/wp\/v2\/media\/11296"}],"wp:attachment":[{"href":"https:\/\/moverdb.com\/lv\/wp-json\/wp\/v2\/media?parent=11558"}],"curies":[{"name":"wp","href":"https:\/\/api.w.org\/{rel}","templated":true}]}}