{"id":11556,"date":"2023-11-29T10:30:30","date_gmt":"2023-11-29T10:30:30","guid":{"rendered":"https:\/\/moverdb.com\/?page_id=11556"},"modified":"2026-01-08T15:24:11","modified_gmt":"2026-01-08T15:24:11","slug":"moving-companies-us-connecticut","status":"publish","type":"page","link":"https:\/\/moverdb.com\/lv\/moving-companies\/moving-companies-us-connecticut\/","title":{"rendered":"3 Lab\u0101kie starptautisk\u0101s p\u0101rcel\u0161an\u0101s uz\u0146\u0113mumi Konektikut\u0101"},"content":{"rendered":"<p>Ja p\u0101rvietojaties, iesp\u0113jams, v\u0113laties izmantot <a href=\"https:\/\/moverdb.com\/lv\/moving-companies\/\" data-internallinksmanager029f6b8e52c=\"79\" title=\"Top 25 Starptautiskie p\u0101rcel\u0161an\u0101s uz\u0146\u0113mumi tie\u0161saist\u0113\">P\u0101rvieto\u0161an\u0101s uz\u0146\u0113mums<\/a> lai atbalst\u012btu un mazin\u0101tu slodzi. Vi\u0146i var pal\u012bdz\u0113t ar p\u0101rcel\u0161an\u0101s pl\u0101no\u0161anu, mantu iepako\u0161anu, transporta organiz\u0113\u0161anu un muitas formalit\u0101\u0161u k\u0101rto\u0161anu starptautisku p\u0101rcel\u0161anos gad\u012bjum\u0101. Zem\u0101k m\u0113s esam apkopoju\u0161i sarakstu ar <a href=\"https:\/\/moverdb.com\/lv\/moving-to-the-united-states\/moving-to-connecticut\/\" data-internallinksmanager029f6b8e52c=\"444\" title=\"P\u0101rcel\u0161an\u0101s uz Konektik\u016btu? 2023 Dz\u012bves izmaksas un p\u0101rcel\u0161an\u0101s padomi\">Konektikuta<\/a> pamatojoties uz <a href=\"https:\/\/moverdb.com\/lv\/international-removals\/\" data-internallinksmanager029f6b8e52c=\"27\" title=\"36 Lab\u0101kie starptautisko p\u0101rvad\u0101jumu uz\u0146\u0113mumi Apvienotaj\u0101 Karalist\u0113\">p\u0101rv\u0101k\u0161an\u0101s uz\u0146\u0113mumi<\/a> kas ir <a href=\"https:\/\/moverdb.com\/lv\/iam\/\" data-internallinksmanager029f6b8e52c=\"23\" title=\"Starptautisk\u0101s P\u0101rv\u0101c\u0113ju asoci\u0101cijas (IAM) skaidrojumi\">Starptautisk\u0101 P\u0101rv\u0101c\u0113ju asoci\u0101cija<\/a> (IAM) un\/vai <a href=\"https:\/\/moverdb.com\/lv\/fidi-faim\/\" data-internallinksmanager029f6b8e52c=\"16\" title=\"FIDI un FAIM (FIDI akredit\u0113tais starptautiskais p\u0101rvietot\u0101js) skaidrojums\">FIDI<\/a> Akredit\u0113ti starptautiskie p\u0101rv\u0101c\u0113ji (FAIM), kas var\u0113tu jums pal\u012bdz\u0113t p\u0101rcelties.<\/p>\n<h2><strong>1. Brimar Relocation<\/strong><\/h2>\n<p><img loading=\"lazy\" decoding=\"async\" class=\"alignnone size-full wp-image-11277\" src=\"https:\/\/moverdb.com\/wp-content\/uploads\/Brimar-Relocations-international-moving-company.png\" alt=\"Brimar Relocations starptautiskais p\u0101rvieto\u0161an\u0101s uz\u0146\u0113mums\" width=\"1440\" height=\"679\" data-wp-pid=\"11277\" srcset=\"https:\/\/moverdb.com\/wp-content\/uploads\/Brimar-Relocations-international-moving-company.png 1440w, https:\/\/moverdb.com\/wp-content\/uploads\/Brimar-Relocations-international-moving-company-300x141.png 300w, https:\/\/moverdb.com\/wp-content\/uploads\/Brimar-Relocations-international-moving-company-1024x483.png 1024w, https:\/\/moverdb.com\/wp-content\/uploads\/Brimar-Relocations-international-moving-company-18x8.png 18w, https:\/\/moverdb.com\/wp-content\/uploads\/Brimar-Relocations-international-moving-company-600x283.png 600w\" sizes=\"auto, (max-width: 1440px) 100vw, 1440px\" \/><\/p>\n<ul>\n<li>Valsts p\u0101rcel\u0161an\u0101s<\/li>\n<li>Starptautiskie p\u0101rvadi<\/li>\n<li>M\u0101jsaimniec\u012bbas p\u0101rv\u0101k\u0161an\u0101s<\/li>\n<li>Uz\u0146\u0113mumu p\u0101rvieto\u0161ana<\/li>\n<li>Pakalpojums \"no durv\u012bm l\u012bdz durv\u012bm<\/li>\n<li>Transporta pas\u0101kumi<\/li>\n<li>Muitas atbalsts<\/li>\n<li>M\u0101kslas apstr\u0101de<\/li>\n<li>Apdro\u0161in\u0101\u0161ana<\/li>\n<li>Uzglab\u0101\u0161anas iek\u0101rtas<\/li>\n<\/ul>\n<p>Brimar Relocations ir 2007. gad\u0101 dibin\u0101ts starptautisks p\u0101rvieto\u0161an\u0101s uz\u0146\u0113mums, kas atrodas Stamford\u0101, un t\u0101 birojs atrodas ar\u012b <a href=\"https:\/\/moverdb.com\/lv\/moving-to-france\/moving-to-paris\/\" data-internallinksmanager029f6b8e52c=\"407\" title=\"P\u0101rcel\u0161an\u0101s uz Par\u012bzi? 2023 Dz\u012bves izmaksas un p\u0101rcel\u0161an\u0101s padomi\">Par\u012bze<\/a>. Tiem ir att\u012bst\u012bts pasaules m\u0113roga a\u0123entu t\u012bkls, kas pal\u012bdz veikt starptautiskus p\u0101rv\u0101k\u0161an\u0101s darbus. Vi\u0146i ir IAM biedri ar 14 gadu pieredzi.<\/p>\n<p>Brimar Relocation pied\u0101v\u0101 nacion\u0101los un starptautiskos p\u0101rcel\u0161an\u0101s un p\u0101rcel\u0161an\u0101s pakalpojumus un specializ\u0113jas uz\u0146\u0113mumu p\u0101rcel\u0161an\u0101s jom\u0101, k\u0101 ar\u012b var apstr\u0101d\u0101t m\u0101kslas darbus. Vi\u0146i sniedz p\u0101rcel\u0161an\u0101s pakalpojumus \"no durv\u012bm l\u012bdz durv\u012bm\", nodro\u0161inot j\u016bsu mantu transport\u0113\u0161anu uz galam\u0113r\u0137i, kas var ietvert ar\u012b iesai\u0146o\u0161anu un uzglab\u0101\u0161anu, k\u0101 ar\u012b pamata apdro\u0161in\u0101\u0161anu.<\/p>\n<p>T\u012bmek\u013ca vietne: <a href=\"http:\/\/www.brimarrelo.com\" target=\"_blank\" rel=\"noopener\">http:\/\/www.brimarrelo.com<\/a><\/p>\n<h2><strong>2. Meyer<\/strong><\/h2>\n<p><img loading=\"lazy\" decoding=\"async\" class=\"alignnone size-full wp-image-11376\" src=\"https:\/\/moverdb.com\/wp-content\/uploads\/Meyer-international-moving-company.png\" alt=\"Meyer starptautisk\u0101 p\u0101rcel\u0161an\u0101s uz\u0146\u0113mums\" width=\"1440\" height=\"680\" data-wp-pid=\"11376\" srcset=\"https:\/\/moverdb.com\/wp-content\/uploads\/Meyer-international-moving-company.png 1440w, https:\/\/moverdb.com\/wp-content\/uploads\/Meyer-international-moving-company-300x142.png 300w, https:\/\/moverdb.com\/wp-content\/uploads\/Meyer-international-moving-company-1024x484.png 1024w, https:\/\/moverdb.com\/wp-content\/uploads\/Meyer-international-moving-company-18x9.png 18w, https:\/\/moverdb.com\/wp-content\/uploads\/Meyer-international-moving-company-600x283.png 600w\" sizes=\"auto, (max-width: 1440px) 100vw, 1440px\" \/><\/p>\n<ul>\n<li>Viet\u0113jie un t\u0101lsatiksmes p\u0101rvadi<\/li>\n<li>Starptautisk\u0101s p\u0101rvieto\u0161anas<\/li>\n<li>Dz\u012bvojamo \u0113ku p\u0101rvieto\u0161ana<\/li>\n<li>Biroju p\u0101rvieto\u0161ana<\/li>\n<li>Uz\u0146\u0113mumu p\u0101rvieto\u0161ana<\/li>\n<li>Pakalpojums \"no durv\u012bm l\u012bdz durv\u012bm<\/li>\n<li>Specializ\u0113ts p\u0101rcel\u0161an\u0101s koordinators<\/li>\n<li>Iepako\u0161anas iesp\u0113jas<\/li>\n<li><a href=\"https:\/\/moverdb.com\/lv\/car-transport-shipping\/\" data-internallinksmanager029f6b8e52c=\"2\" title=\"2026 Starptautiskais autotransports un transportl\u012bdzek\u013cu p\u0101rvad\u0101\u0161anas cit\u0101ti\">Transportl\u012bdzek\u013cu nos\u016bt\u012b\u0161ana<\/a><\/li>\n<li>Uzglab\u0101\u0161anas risin\u0101jumi<\/li>\n<\/ul>\n<p>Meyer ir 1915. gad\u0101 dibin\u0101ts lo\u0123istikas, p\u0101rcel\u0161an\u0101s un uzglab\u0101\u0161anas risin\u0101jumu uz\u0146\u0113mums, kas atrodas Stratford\u0101. Uz\u0146\u0113mums ir da\u013ca no United Van Lines t\u012bkla, kas tam nodro\u0161ina piek\u013cuvi p\u0101rcel\u0161an\u0101s uz\u0146\u0113mumiem, kuri atbalsta to pakalpojumu snieg\u0161an\u0101. Uz\u0146\u0113mums ir IAM biedrs ar 108 gadu pieredzi.<\/p>\n<p>Meyer pied\u0101v\u0101 p\u0101rcel\u0161an\u0101s konsult\u0101cijas, lai nov\u0113rt\u0113tu j\u016bsu p\u0101rcel\u0161an\u0101s pras\u012bbas un apjomu. Vi\u0146i nodro\u0161ina \u012bpa\u0161u p\u0101rv\u0101k\u0161an\u0101s koordinatoru, kas b\u016bs vienots kontaktpunkts un p\u0101rvald\u012bs visus j\u016bsu p\u0101rv\u0101k\u0161an\u0101s aspektus. Vi\u0146i mekl\u0113s j\u016bsu vajadz\u012bb\u0101m piem\u0113rot\u0101ko p\u0101rcel\u0161an\u0101s risin\u0101jumu un nodro\u0161in\u0101s pakalpojumus no durv\u012bm l\u012bdz durv\u012bm ar iesp\u0113ju izv\u0113l\u0113ties pilnu iepako\u0161anas pakalpojumu vai pa\u0161paku.<\/p>\n<p>T\u012bmek\u013ca vietne: <a href=\"http:\/\/www.williambmeyer.com\" target=\"_blank\" rel=\"noopener\">http:\/\/www.williambmeyer.com<\/a><\/p>\n<h2><strong>3. WorldCare Pet Transport<\/strong><\/h2>\n<p><img loading=\"lazy\" decoding=\"async\" class=\"alignnone size-full wp-image-11481\" src=\"https:\/\/moverdb.com\/wp-content\/uploads\/WorldCare-Pet-Transport-international-moving-company.png\" alt=\"WorldCare Pet Transport starptautiskais p\u0101rvieto\u0161an\u0101s uz\u0146\u0113mums\" width=\"1440\" height=\"683\" data-wp-pid=\"11481\" srcset=\"https:\/\/moverdb.com\/wp-content\/uploads\/WorldCare-Pet-Transport-international-moving-company.png 1440w, https:\/\/moverdb.com\/wp-content\/uploads\/WorldCare-Pet-Transport-international-moving-company-300x142.png 300w, https:\/\/moverdb.com\/wp-content\/uploads\/WorldCare-Pet-Transport-international-moving-company-1024x486.png 1024w, https:\/\/moverdb.com\/wp-content\/uploads\/WorldCare-Pet-Transport-international-moving-company-18x9.png 18w, https:\/\/moverdb.com\/wp-content\/uploads\/WorldCare-Pet-Transport-international-moving-company-600x285.png 600w\" sizes=\"auto, (max-width: 1440px) 100vw, 1440px\" \/><\/p>\n<ul>\n<li>Pakalpojums vis\u0101 valst\u012b<\/li>\n<li>Starptautiskais pakalpojums<\/li>\n<li>Priv\u0101to m\u0101jdz\u012bvnieku p\u0101rvieto\u0161ana<\/li>\n<li>Korporat\u012bvo m\u0101jdz\u012bvnieku p\u0101rvieto\u0161ana<\/li>\n<li>Visaptvero\u0161s pakalpojums<\/li>\n<li>Pakalpojums \"no durv\u012bm l\u012bdz durv\u012bm<\/li>\n<li>Nodro\u0161in\u0101ts visu veidu m\u0101jdz\u012bvniekiem<\/li>\n<li>Efekt\u012bva transporta organiz\u0113\u0161ana<\/li>\n<li>Aviop\u0101rvad\u0101t\u0101ji<\/li>\n<li>Veterin\u0101rie pakalpojumi<\/li>\n<\/ul>\n<p>WorldCare Pet Transport ir starptautisks m\u0101jdz\u012bvnieku p\u0101rvad\u0101jumu uz\u0146\u0113mums, kas darbojas jau vair\u0101k nek\u0101 10 gadus. Uz\u0146\u0113mums sadarbojas ar m\u0101jsaimniec\u012bbas pre\u010du p\u0101rv\u0101c\u0113jiem, p\u0101rcel\u0161an\u0101s vad\u012bbas uz\u0146\u0113mumiem un cilv\u0113kresursu speci\u0101listiem. Vi\u0146i ir re\u0123istr\u0113ti USDA k\u0101 t\u016bl\u012bt\u0113jas p\u0101rkrau\u0161anas pakalpojumu sniedz\u0113ji. Vi\u0146i ir IAM biedri ar 22 gadu pieredzi.<\/p>\n<p>WorldCare Pet Transport sniedz visaptvero\u0161us m\u0101jdz\u012bvnieku p\u0101rvieto\u0161anas pakalpojumus, uz\u0146emot un nog\u0101d\u0101jot j\u016bsu m\u0101jdz\u012bvnieku jebkur\u0101 pasaules viet\u0101. Vi\u0146i veic visus ce\u013cojuma organiz\u0113\u0161anas darbus, nodro\u0161inot tie\u0161\u0101kos un izdev\u012bg\u0101kos lidojumus, k\u0101 ar\u012b nodro\u0161inot apstiprin\u0101tas visu izm\u0113ru lidojuma p\u0101rvad\u0101t\u0101ju preces. Vi\u0146i nodro\u0161in\u0101s veterin\u0101ros pakalpojumus, tostarp vesel\u012bbas p\u0101rbaudes, asins paraugus, sertifik\u0101tus un mikro\u010dipus.<\/p>\n<p>T\u012bmek\u013ca vietne: <a href=\"http:\/\/www.WorldCarePet.com\" target=\"_blank\" rel=\"noopener\">http:\/\/www.WorldCarePet.com<\/a><\/p>","protected":false},"excerpt":{"rendered":"<p>If you are moving, you may want to employ the services of a moving company to support and lessen the load. They can help with planning the move, packing your belongings, arranging transport and handling customs for international moves. Below we have compiled a list of Connecticut based removal companies that are members of the [&hellip;]<\/p>\n","protected":false},"author":4,"featured_media":11277,"parent":190,"menu_order":0,"comment_status":"closed","ping_status":"closed","template":"","meta":{"_genesis_hide_title":false,"_genesis_hide_breadcrumbs":false,"_genesis_hide_singular_image":false,"_genesis_hide_footer_widgets":false,"_genesis_custom_body_class":"","_genesis_custom_post_class":"","_genesis_layout":"","footnotes":""},"class_list":{"0":"post-11556","1":"page","2":"type-page","3":"status-publish","4":"has-post-thumbnail","6":"entry"},"_links":{"self":[{"href":"https:\/\/moverdb.com\/lv\/wp-json\/wp\/v2\/pages\/11556","targetHints":{"allow":["GET"]}}],"collection":[{"href":"https:\/\/moverdb.com\/lv\/wp-json\/wp\/v2\/pages"}],"about":[{"href":"https:\/\/moverdb.com\/lv\/wp-json\/wp\/v2\/types\/page"}],"author":[{"embeddable":true,"href":"https:\/\/moverdb.com\/lv\/wp-json\/wp\/v2\/users\/4"}],"replies":[{"embeddable":true,"href":"https:\/\/moverdb.com\/lv\/wp-json\/wp\/v2\/comments?post=11556"}],"version-history":[{"count":1,"href":"https:\/\/moverdb.com\/lv\/wp-json\/wp\/v2\/pages\/11556\/revisions"}],"predecessor-version":[{"id":11557,"href":"https:\/\/moverdb.com\/lv\/wp-json\/wp\/v2\/pages\/11556\/revisions\/11557"}],"up":[{"embeddable":true,"href":"https:\/\/moverdb.com\/lv\/wp-json\/wp\/v2\/pages\/190"}],"wp:featuredmedia":[{"embeddable":true,"href":"https:\/\/moverdb.com\/lv\/wp-json\/wp\/v2\/media\/11277"}],"wp:attachment":[{"href":"https:\/\/moverdb.com\/lv\/wp-json\/wp\/v2\/media?parent=11556"}],"curies":[{"name":"wp","href":"https:\/\/api.w.org\/{rel}","templated":true}]}}