{"id":11550,"date":"2023-11-29T10:24:26","date_gmt":"2023-11-29T10:24:26","guid":{"rendered":"https:\/\/moverdb.com\/?page_id=11550"},"modified":"2026-01-08T15:23:37","modified_gmt":"2026-01-08T15:23:37","slug":"moving-companies-us-arizona","status":"publish","type":"page","link":"https:\/\/moverdb.com\/lv\/moving-companies\/moving-companies-us-arizona\/","title":{"rendered":"2 Lab\u0101kie starptautisk\u0101s p\u0101rcel\u0161an\u0101s uz\u0146\u0113mumi Arizon\u0101"},"content":{"rendered":"<p>P\u0101rcel\u0161an\u0101s var b\u016bt viens no stresa pilnajiem dz\u012bves posmiem, t\u0101p\u0113c k\u0101p\u0113c censties to visu paveikt vienatn\u0113? <a href=\"https:\/\/moverdb.com\/lv\/moving-companies\/\" data-internallinksmanager029f6b8e52c=\"79\" title=\"Top 25 Starptautiskie p\u0101rcel\u0161an\u0101s uz\u0146\u0113mumi tie\u0161saist\u0113\">P\u0101rcel\u0161an\u0101s uz\u0146\u0113mumi<\/a> vajadz\u012bbas gad\u012bjum\u0101 var pal\u012bdz\u0113t ar organiz\u0113\u0161anu, iepako\u0161anu, transport\u0113\u0161anu un muitu. Zem\u0101k m\u0113s esam apkopoju\u0161i sarakstu ar <a href=\"https:\/\/moverdb.com\/lv\/moving-to-the-united-states\/moving-to-arizona\/\" data-internallinksmanager029f6b8e52c=\"385\" title=\"P\u0101rcel\u0161an\u0101s uz Arizonu? 2023 Dz\u012bves izmaksas un p\u0101rcel\u0161an\u0101s padomi\">Arizona<\/a> pamatojoties uz <a href=\"https:\/\/moverdb.com\/lv\/international-removals\/\" data-internallinksmanager029f6b8e52c=\"27\" title=\"36 Lab\u0101kie starptautisko p\u0101rvad\u0101jumu uz\u0146\u0113mumi Apvienotaj\u0101 Karalist\u0113\">p\u0101rv\u0101k\u0161an\u0101s uz\u0146\u0113mumi<\/a> kas ir <a href=\"https:\/\/moverdb.com\/lv\/iam\/\" data-internallinksmanager029f6b8e52c=\"23\" title=\"Starptautisk\u0101s P\u0101rv\u0101c\u0113ju asoci\u0101cijas (IAM) skaidrojumi\">Starptautisk\u0101 P\u0101rv\u0101c\u0113ju asoci\u0101cija<\/a> (IAM) un\/vai <a href=\"https:\/\/moverdb.com\/lv\/fidi-faim\/\" data-internallinksmanager029f6b8e52c=\"16\" title=\"FIDI un FAIM (FIDI akredit\u0113tais starptautiskais p\u0101rvietot\u0101js) skaidrojums\">FIDI<\/a> Akredit\u0113ti starptautiskie p\u0101rv\u0101c\u0113ji (FAIM), kas var\u0113tu jums pal\u012bdz\u0113t p\u0101rcelties.<\/p>\n<h2><strong>1. P\u0101rcel\u0161an\u0101s sist\u0113mas Atlantic Relocation Systems<\/strong><\/h2>\n<p><img loading=\"lazy\" decoding=\"async\" class=\"alignnone size-full wp-image-11262\" src=\"https:\/\/moverdb.com\/wp-content\/uploads\/Atlantic-Relocation-Systems-international-moving-company.png\" alt=\"Atlantic Relocation Systems starptautiskais p\u0101rvieto\u0161anas uz\u0146\u0113mums\" width=\"1440\" height=\"677\" data-wp-pid=\"11262\" srcset=\"https:\/\/moverdb.com\/wp-content\/uploads\/Atlantic-Relocation-Systems-international-moving-company.png 1440w, https:\/\/moverdb.com\/wp-content\/uploads\/Atlantic-Relocation-Systems-international-moving-company-300x141.png 300w, https:\/\/moverdb.com\/wp-content\/uploads\/Atlantic-Relocation-Systems-international-moving-company-1024x481.png 1024w, https:\/\/moverdb.com\/wp-content\/uploads\/Atlantic-Relocation-Systems-international-moving-company-18x8.png 18w, https:\/\/moverdb.com\/wp-content\/uploads\/Atlantic-Relocation-Systems-international-moving-company-600x282.png 600w\" sizes=\"auto, (max-width: 1440px) 100vw, 1440px\" \/><\/p>\n<ul>\n<li>Viet\u0113jie un t\u0101lsatiksmes p\u0101rvadi<\/li>\n<li>Starptautiskie p\u0101rvadi<\/li>\n<li>P\u0101rv\u0101k\u0161an\u0101s uz dz\u012bvojam\u0101m telp\u0101m<\/li>\n<li>Komerci\u0101lo un biroju p\u0101rvieto\u0161ana<\/li>\n<li>Starptautisk\u0101s p\u0101rcel\u0161an\u0101s koordinators<\/li>\n<li>Iepako\u0161anas pakalpojumi<\/li>\n<li>Autotransports, gaisa un j\u016bras transports<\/li>\n<li>Atbalsts ar dokument\u0101ciju<\/li>\n<li>M\u0101kslas apstr\u0101de<\/li>\n<li>Dro\u0161a uzglab\u0101\u0161ana<\/li>\n<\/ul>\n<p>Atlantic Relocation Systems ir 1984. gad\u0101 dibin\u0101ts p\u0101rvieto\u0161an\u0101s uz\u0146\u0113mums ar 13 fili\u0101l\u0113m. <a href=\"https:\/\/moverdb.com\/lv\/moving-to-phoenix\/\" data-internallinksmanager029f6b8e52c=\"62\" title=\"P\u0101rcel\u0161an\u0101s uz F\u012bniksu? 2022 Dz\u012bves izmaksas un p\u0101rcel\u0161an\u0101s padomi\">Phoenix<\/a> k\u0101 ar\u012b <a href=\"https:\/\/moverdb.com\/lv\/moving-to-the-united-states\/moving-to-georgia\/\" data-internallinksmanager029f6b8e52c=\"402\" title=\"P\u0101rcel\u0161an\u0101s uz Gruziju? 2023 Dz\u012bves izmaksas un p\u0101rcel\u0161an\u0101s padomi\">Gruzija<\/a>, <a href=\"https:\/\/moverdb.com\/lv\/moving-to-the-united-states\/moving-to-florida\/\" data-internallinksmanager029f6b8e52c=\"331\" title=\"P\u0101rcel\u0161an\u0101s uz Floridu? 2023 Dz\u012bves izmaksas un p\u0101rcel\u0161an\u0101s padomi\">Florida<\/a>, <a href=\"https:\/\/moverdb.com\/lv\/moving-to-the-united-states\/moving-to-illinois\/\" data-internallinksmanager029f6b8e52c=\"401\" title=\"P\u0101rcel\u0161an\u0101s uz Ilinoisas \u0161tatu? 2023 Dz\u012bves izmaksas un p\u0101rcel\u0161an\u0101s padomi\">Ilinoisas \u0161tats<\/a>, <a href=\"https:\/\/moverdb.com\/lv\/moving-to-the-united-states\/moving-to-colorado\/\" data-internallinksmanager029f6b8e52c=\"399\" title=\"P\u0101rcel\u0161an\u0101s uz Kolor\u0101do? 2023 Dz\u012bves izmaksas un p\u0101rcel\u0161an\u0101s padomi\">Kolor\u0101do<\/a>, <a href=\"https:\/\/moverdb.com\/lv\/moving-to-the-united-states\/moving-to-texas\/\" data-internallinksmanager029f6b8e52c=\"397\" title=\"P\u0101rcel\u0161an\u0101s uz Teksasu? 2023 Dz\u012bves izmaksas un p\u0101rcel\u0161an\u0101s padomi\">Teksasa<\/a>, <a href=\"https:\/\/moverdb.com\/lv\/moving-to-the-united-states\/moving-to-indiana\/\" data-internallinksmanager029f6b8e52c=\"445\" title=\"P\u0101rcel\u0161an\u0101s uz Indi\u0101nu? 2023 Dz\u012bves izmaksas un p\u0101rcel\u0161an\u0101s padomi\">Indiana<\/a> un Va\u0161ington\u0101. Vi\u0146i ir da\u013ca no Atlas Van Lines, kas nodro\u0161ina p\u0101rkl\u0101jumu vis\u0101 valst\u012b. <a href=\"https:\/\/moverdb.com\/lv\/moving-to-the-united-states\/\" data-internallinksmanager029f6b8e52c=\"94\" title=\"P\u0101rce\u013caties uz Amerikas Savienotaj\u0101m Valst\u012bm? 2022 Dz\u012bves izmaksas un p\u0101rcel\u0161an\u0101s padomi\">ASV<\/a> un tiem ir starptautisks p\u0101rvieto\u0161an\u0101s a\u0123entu t\u012bkls. Vi\u0146i ir IAM biedri ar 33 gadu pieredzi.<\/p>\n<p>Atlantic Relocation Systems pied\u0101v\u0101 bezmaksas apr\u0113\u0137inu uz vietas viet\u0113jiem p\u0101rv\u0101k\u0161an\u0101s darbiem. P\u0101rcel\u0161an\u0101s uz \u0101rzem\u0113m gad\u012bjum\u0101 t\u0101 nodro\u0161ina starptautisk\u0101s p\u0101rcel\u0161an\u0101s koordinatoru, kas b\u016bs j\u016bsu vien\u012bgais kontaktpunkts un p\u0101rvald\u012bs visus p\u0101rcel\u0161an\u0101s aspektus. Vi\u0146i organiz\u0113s mantu iepako\u0161anu un iekrau\u0161anu, nodro\u0161inot, ka t\u0101s dro\u0161i non\u0101k galam\u0113r\u0137\u012b.<\/p>\n<p>T\u012bmek\u013ca vietne: <a href=\"http:\/\/www.atlanticrelocation.com\/phoenix\/\" target=\"_blank\" rel=\"noopener\">http:\/\/www.atlanticrelocation.com\/phoenix\/<\/a><\/p>\n<h2><strong>2. Glob\u0101l\u0101s mobilit\u0101tes risin\u0101jumi<\/strong><\/h2>\n<p><img loading=\"lazy\" decoding=\"async\" class=\"alignnone size-full wp-image-11326\" src=\"https:\/\/moverdb.com\/wp-content\/uploads\/Global-Mobility-Solutions-international-moving-company.png\" alt=\"Global Mobility Solutions starptautisks p\u0101rvieto\u0161an\u0101s uz\u0146\u0113mums\" width=\"1440\" height=\"676\" data-wp-pid=\"11326\" srcset=\"https:\/\/moverdb.com\/wp-content\/uploads\/Global-Mobility-Solutions-international-moving-company.png 1440w, https:\/\/moverdb.com\/wp-content\/uploads\/Global-Mobility-Solutions-international-moving-company-300x141.png 300w, https:\/\/moverdb.com\/wp-content\/uploads\/Global-Mobility-Solutions-international-moving-company-1024x481.png 1024w, https:\/\/moverdb.com\/wp-content\/uploads\/Global-Mobility-Solutions-international-moving-company-18x8.png 18w, https:\/\/moverdb.com\/wp-content\/uploads\/Global-Mobility-Solutions-international-moving-company-600x282.png 600w\" sizes=\"auto, (max-width: 1440px) 100vw, 1440px\" \/><\/p>\n<ul>\n<li>Viet\u0113jie un starpvalstu p\u0101rv\u0101k\u0161an\u0101s<\/li>\n<li>Starptautisk\u0101s p\u0101rvieto\u0161anas<\/li>\n<li>Uz\u0146\u0113mumu p\u0101rvieto\u0161ana<\/li>\n<li>Glob\u0101l\u0101s mobilit\u0101tes programmas<\/li>\n<li>Individualiz\u0113ti pakalpojumi<\/li>\n<li>Atbalsts pirms nor\u012bkojuma<\/li>\n<li>P\u0101rcel\u0161an\u0101s pakalpojumi<\/li>\n<li>Iek\u0101rto\u0161an\u0101s pakalpojumi<\/li>\n<li>M\u0101jdz\u012bvnieku p\u0101rvad\u0101\u0161ana<\/li>\n<li>Izseko\u0161anas tehnolo\u0123ija<\/li>\n<\/ul>\n<p>Global Mobility Solutions ir 1987. gad\u0101 dibin\u0101ts p\u0101rcel\u0161an\u0101s p\u0101rvald\u012bbas uz\u0146\u0113mums, kas atrodas Skotsdeil\u0101. Uz\u0146\u0113mums var sniegt p\u0101rcel\u0161an\u0101s pakalpojumus vair\u0101k nek\u0101 140 valst\u012bs vis\u0101 pasaul\u0113, un tas ir IAM biedrs ar 36 gadu pieredzi.<\/p>\n<p>Global Mobility Solutions pied\u0101v\u0101 piel\u0101gotus visaptvero\u0161us p\u0101rcel\u0161an\u0101s pakalpojumus. Pirms p\u0101rcel\u0161an\u0101s pakalpojumi ietver v\u012bzu un imigr\u0101cijas, orient\u0101cijas un m\u0101jok\u013ca mekl\u0113\u0161anas pakalpojumus. Ce\u013cojuma pirms l\u0113muma pie\u0146em\u0161anas pakalpojumi ietver kult\u016bras un valodas apm\u0101c\u012bbu, m\u0101jdz\u012bvnieku p\u0101rvad\u0101\u0161anu un pre\u010du p\u0101rvad\u0101\u0161anu. P\u0101rcel\u0161an\u0101s pakalpojumi ietver iek\u0101rto\u0161an\u0101s pakalpojumus, partneru atbalstu un skolas iek\u0101rto\u0161anu. Vi\u0146i nodro\u0161ina MyRelocation tehnolo\u0123iju, kas \u013cauj darba dev\u0113jiem p\u0101rvald\u012bt un sekot p\u0101rcel\u0161an\u0101s procesiem un pal\u012bdz racionaliz\u0113t uz\u0146\u0113mumu p\u0101rcel\u0161anos.<\/p>\n<p>T\u012bmek\u013ca vietne: <a href=\"https:\/\/gmsmobility.com\/\" target=\"_blank\" rel=\"noopener\">https:\/\/gmsmobility.com\/<\/a><\/p>","protected":false},"excerpt":{"rendered":"<p>Moving can be one of the most stressful times in our lives, so why try to do it all on your own? Moving companies can help with organisation, packing, transportation and customs if required. Below we have compiled a list of Arizona based removal companies that are members of the International Association of Movers (IAM) [&hellip;]<\/p>\n","protected":false},"author":4,"featured_media":11262,"parent":190,"menu_order":0,"comment_status":"closed","ping_status":"closed","template":"","meta":{"_genesis_hide_title":false,"_genesis_hide_breadcrumbs":false,"_genesis_hide_singular_image":false,"_genesis_hide_footer_widgets":false,"_genesis_custom_body_class":"","_genesis_custom_post_class":"","_genesis_layout":"","footnotes":""},"class_list":{"0":"post-11550","1":"page","2":"type-page","3":"status-publish","4":"has-post-thumbnail","6":"entry"},"_links":{"self":[{"href":"https:\/\/moverdb.com\/lv\/wp-json\/wp\/v2\/pages\/11550","targetHints":{"allow":["GET"]}}],"collection":[{"href":"https:\/\/moverdb.com\/lv\/wp-json\/wp\/v2\/pages"}],"about":[{"href":"https:\/\/moverdb.com\/lv\/wp-json\/wp\/v2\/types\/page"}],"author":[{"embeddable":true,"href":"https:\/\/moverdb.com\/lv\/wp-json\/wp\/v2\/users\/4"}],"replies":[{"embeddable":true,"href":"https:\/\/moverdb.com\/lv\/wp-json\/wp\/v2\/comments?post=11550"}],"version-history":[{"count":1,"href":"https:\/\/moverdb.com\/lv\/wp-json\/wp\/v2\/pages\/11550\/revisions"}],"predecessor-version":[{"id":11551,"href":"https:\/\/moverdb.com\/lv\/wp-json\/wp\/v2\/pages\/11550\/revisions\/11551"}],"up":[{"embeddable":true,"href":"https:\/\/moverdb.com\/lv\/wp-json\/wp\/v2\/pages\/190"}],"wp:featuredmedia":[{"embeddable":true,"href":"https:\/\/moverdb.com\/lv\/wp-json\/wp\/v2\/media\/11262"}],"wp:attachment":[{"href":"https:\/\/moverdb.com\/lv\/wp-json\/wp\/v2\/media?parent=11550"}],"curies":[{"name":"wp","href":"https:\/\/api.w.org\/{rel}","templated":true}]}}