{"id":11546,"date":"2023-11-29T10:47:36","date_gmt":"2023-11-29T10:47:36","guid":{"rendered":"https:\/\/moverdb.com\/?page_id=11546"},"modified":"2026-01-08T15:25:02","modified_gmt":"2026-01-08T15:25:02","slug":"moving-companies-us-alaska","status":"publish","type":"page","link":"https:\/\/moverdb.com\/lv\/moving-companies\/moving-companies-us-alaska\/","title":{"rendered":"5 Lab\u0101kie starptautisk\u0101s p\u0101rcel\u0161an\u0101s uz\u0146\u0113mumi A\u013cask\u0101"},"content":{"rendered":"<p>Ja pa\u0161laik dz\u012bvojat <a href=\"https:\/\/moverdb.com\/lv\/moving-to-the-united-states\/moving-to-alaska\/\" data-internallinksmanager029f6b8e52c=\"384\" title=\"P\u0101rcel\u0161an\u0101s uz A\u013casku? 2023 Dz\u012bves izmaksas un p\u0101rcel\u0161an\u0101s padomi\">Alaska<\/a> un pl\u0101nojat p\u0101rcel\u0161anos vai p\u0101rce\u013caties uz A\u013casku no \u0101rzem\u0113m, iesp\u0113jams, v\u0113laties izmantot p\u0101rcel\u0161an\u0101s uz\u0146\u0113muma pakalpojumus, lai jums pal\u012bdz\u0113tu. <a href=\"https:\/\/moverdb.com\/lv\/moving-companies\/\" data-internallinksmanager029f6b8e52c=\"79\" title=\"Top 25 Starptautiskie p\u0101rcel\u0161an\u0101s uz\u0146\u0113mumi tie\u0161saist\u0113\">P\u0101rcel\u0161an\u0101s uz\u0146\u0113mumi<\/a> var atvieglot j\u016bsu nastu un slogu, iesai\u0146ojot, iekraujot un transport\u0113jot j\u016bsu mantas. Zem\u0101k m\u0113s esam apkopoju\u0161i sarakstu ar A\u013cask\u0101 b\u0101z\u0113t\u0101m <a href=\"https:\/\/moverdb.com\/lv\/international-removals\/\" data-internallinksmanager029f6b8e52c=\"27\" title=\"36 Lab\u0101kie starptautisko p\u0101rvad\u0101jumu uz\u0146\u0113mumi Apvienotaj\u0101 Karalist\u0113\">p\u0101rv\u0101k\u0161an\u0101s uz\u0146\u0113mumi<\/a> kas ir <a href=\"https:\/\/moverdb.com\/lv\/iam\/\" data-internallinksmanager029f6b8e52c=\"23\" title=\"Starptautisk\u0101s P\u0101rv\u0101c\u0113ju asoci\u0101cijas (IAM) skaidrojumi\">Starptautisk\u0101 P\u0101rv\u0101c\u0113ju asoci\u0101cija<\/a> (IAM) un\/vai <a href=\"https:\/\/moverdb.com\/lv\/fidi-faim\/\" data-internallinksmanager029f6b8e52c=\"16\" title=\"FIDI un FAIM (FIDI akredit\u0113tais starptautiskais p\u0101rvietot\u0101js) skaidrojums\">FIDI<\/a> Akredit\u0113ti starptautiskie p\u0101rv\u0101c\u0113ji (FAIM), kas var\u0113tu jums pal\u012bdz\u0113t p\u0101rcelties.<\/p>\n<div id=\"ez-toc-container\" class=\"ez-toc-v2_0_82_2 ez-toc-wrap-left counter-hierarchy ez-toc-counter ez-toc-transparent ez-toc-container-direction\">\n<div class=\"ez-toc-title-container\">\n<p class=\"ez-toc-title\" style=\"cursor:inherit\">Sada\u013cas<\/p>\n<span class=\"ez-toc-title-toggle\"><a href=\"#\" class=\"ez-toc-pull-right ez-toc-btn ez-toc-btn-xs ez-toc-btn-default ez-toc-toggle\" aria-label=\"P\u0101rsl\u0113gt satura tabulu\"><span class=\"ez-toc-js-icon-con\"><span class=\"\"><span class=\"eztoc-hide\" style=\"display:none;\">P\u0101rsl\u0113gt<\/span><span class=\"ez-toc-icon-toggle-span\"><svg style=\"fill: #999;color:#999\" xmlns=\"http:\/\/www.w3.org\/2000\/svg\" class=\"list-377408\" width=\"20px\" height=\"20px\" viewbox=\"0 0 24 24\" fill=\"none\"><path d=\"M6 6H4v2h2V6zm14 0H8v2h12V6zM4 11h2v2H4v-2zm16 0H8v2h12v-2zM4 16h2v2H4v-2zm16 0H8v2h12v-2z\" fill=\"currentColor\"><\/path><\/svg><svg style=\"fill: #999;color:#999\" class=\"arrow-unsorted-368013\" xmlns=\"http:\/\/www.w3.org\/2000\/svg\" width=\"10px\" height=\"10px\" viewbox=\"0 0 24 24\" version=\"1.2\" baseprofile=\"tiny\"><path d=\"M18.2 9.3l-6.2-6.3-6.2 6.3c-.2.2-.3.4-.3.7s.1.5.3.7c.2.2.4.3.7.3h11c.3 0 .5-.1.7-.3.2-.2.3-.5.3-.7s-.1-.5-.3-.7zM5.8 14.7l6.2 6.3 6.2-6.3c.2-.2.3-.5.3-.7s-.1-.5-.3-.7c-.2-.2-.4-.3-.7-.3h-11c-.3 0-.5.1-.7.3-.2.2-.3.5-.3.7s.1.5.3.7z\"\/><\/svg><\/span><\/span><\/span><\/a><\/span><\/div>\n<nav><ul class='ez-toc-list ez-toc-list-level-1 eztoc-toggle-hide-by-default' ><li class='ez-toc-page-1 ez-toc-heading-level-2'><a class=\"ez-toc-link ez-toc-heading-1\" href=\"https:\/\/moverdb.com\/lv\/moving-companies\/moving-companies-us-alaska\/#1_Alisons_Relocations\" >1. Alisons P\u0101rvieto\u0161ana<\/a><\/li><li class='ez-toc-page-1 ez-toc-heading-level-2'><a class=\"ez-toc-link ez-toc-heading-2\" href=\"https:\/\/moverdb.com\/lv\/moving-companies\/moving-companies-us-alaska\/#2_Continental_Van_Lines\" >2. Continental Van Lines<\/a><\/li><li class='ez-toc-page-1 ez-toc-heading-level-2'><a class=\"ez-toc-link ez-toc-heading-3\" href=\"https:\/\/moverdb.com\/lv\/moving-companies\/moving-companies-us-alaska\/#3_Golden_North_Van_Lines\" >3. Golden North Van Lines<\/a><\/li><li class='ez-toc-page-1 ez-toc-heading-level-2'><a class=\"ez-toc-link ez-toc-heading-4\" href=\"https:\/\/moverdb.com\/lv\/moving-companies\/moving-companies-us-alaska\/#4_Royal_Alaskan_Movers\" >4. Royal Alaskan Movers<\/a><\/li><li class='ez-toc-page-1 ez-toc-heading-level-2'><a class=\"ez-toc-link ez-toc-heading-5\" href=\"https:\/\/moverdb.com\/lv\/moving-companies\/moving-companies-us-alaska\/#5_Sourdough_Express\" >5. Sourdough Express<\/a><\/li><\/ul><\/nav><\/div>\n<h2><span class=\"ez-toc-section\" id=\"1_Alisons_Relocations\"><\/span><strong>1. Alisons P\u0101rvieto\u0161ana<\/strong><span class=\"ez-toc-section-end\"><\/span><\/h2>\n<p><img loading=\"lazy\" decoding=\"async\" class=\"alignnone size-full wp-image-11250\" src=\"https:\/\/moverdb.com\/wp-content\/uploads\/Alisons-Relocation-international-moving-company.png\" alt=\"Alisons Relocation starptautiskais p\u0101rcel\u0161an\u0101s uz\u0146\u0113mums\" width=\"1440\" height=\"678\" data-wp-pid=\"11250\" srcset=\"https:\/\/moverdb.com\/wp-content\/uploads\/Alisons-Relocation-international-moving-company.png 1440w, https:\/\/moverdb.com\/wp-content\/uploads\/Alisons-Relocation-international-moving-company-300x141.png 300w, https:\/\/moverdb.com\/wp-content\/uploads\/Alisons-Relocation-international-moving-company-1024x482.png 1024w, https:\/\/moverdb.com\/wp-content\/uploads\/Alisons-Relocation-international-moving-company-18x8.png 18w, https:\/\/moverdb.com\/wp-content\/uploads\/Alisons-Relocation-international-moving-company-600x283.png 600w\" sizes=\"auto, (max-width: 1440px) 100vw, 1440px\" \/><\/p>\n<ul>\n<li>Valsts p\u0101rcel\u0161an\u0101s<\/li>\n<li>Starptautiskie p\u0101rvadi<\/li>\n<li>P\u0101rv\u0101k\u0161an\u0101s uz dz\u012bvojam\u0101m telp\u0101m<\/li>\n<li>Biroju un r\u016bpnieciskie p\u0101rv\u0101k\u0161an\u0101s darbi<\/li>\n<li>Uz\u0146\u0113muma p\u0101rvieto\u0161ana<\/li>\n<li>Pakalpojums \"no durv\u012bm l\u012bdz durv\u012bm<\/li>\n<li>Iepako\u0161anas iesp\u0113jas<\/li>\n<li>P\u0101rvad\u0101jumi pa oke\u0101nu, gaisu, ar kravas automa\u0161\u012bn\u0101m un pa dzelzce\u013cu.<\/li>\n<li>Muitas starpniec\u012bba<\/li>\n<li>Uzglab\u0101\u0161anas iek\u0101rtas<\/li>\n<\/ul>\n<p>Alison's Relocations ir 1998. gad\u0101 Ankorid\u017e\u0101 dibin\u0101ts p\u0101rvieto\u0161anas un uzglab\u0101\u0161anas uz\u0146\u0113mums. Uz\u0146\u0113mums ir IAM biedrs ar 26 gadu pieredzi, kas tam nodro\u0161ina starptautisku p\u0101rcel\u0161an\u0101s a\u0123entu t\u012bklu.<\/p>\n<p>Alison's Relocations pied\u0101v\u0101 p\u0101rcel\u0161an\u0101s pakalpojumus \"no durv\u012bm l\u012bdz durv\u012bm\" ar vienu kontaktpersonu. Vi\u0146i pied\u0101v\u0101 da\u017e\u0101dus iepako\u0161anas pakalpojumus, tostarp pilnu pakalpojumu, da\u013c\u0113ju iepako\u0161anu trausliem priek\u0161metiem un m\u0113bel\u0113m, pa\u0161iepako\u0161anu un pa\u0161iepako\u0161anu un iekrau\u0161anu. Iepako\u0161anas pakalpojums nodro\u0161ina m\u0113be\u013cu polster\u0113\u0161anu un iet\u012b\u0161anu, k\u0101 ar\u012b dro\u0161u visu kast\u0113s iesai\u0146ojamo pre\u010du iesai\u0146o\u0161anu. Vi\u0146i transport\u0113s j\u016bsu mantas, izsekojot to p\u0101rvieto\u0161anai sav\u0101 p\u0101rcel\u0161an\u0101s p\u0101rvald\u012bbas sist\u0113m\u0101, k\u0101 ar\u012b nodro\u0161in\u0101s muitas formalit\u0101\u0161u k\u0101rto\u0161anu.<\/p>\n<p>T\u012bmek\u013ca vietne: <a href=\"https:\/\/alisonsrelo.com\/\" target=\"_blank\" rel=\"noopener\">https:\/\/alisonsrelo.com\/<\/a><\/p>\n<h2><span class=\"ez-toc-section\" id=\"2_Continental_Van_Lines\"><\/span><strong>2. Continental Van Lines<\/strong><span class=\"ez-toc-section-end\"><\/span><\/h2>\n<p><img loading=\"lazy\" decoding=\"async\" class=\"alignnone size-full wp-image-11295\" src=\"https:\/\/moverdb.com\/wp-content\/uploads\/Continental-Van-Lines-moving-company.png\" alt=\"Continental Van Lines p\u0101rvietojas uz\u0146\u0113mums\" width=\"1440\" height=\"680\" data-wp-pid=\"11295\" srcset=\"https:\/\/moverdb.com\/wp-content\/uploads\/Continental-Van-Lines-moving-company.png 1440w, https:\/\/moverdb.com\/wp-content\/uploads\/Continental-Van-Lines-moving-company-300x142.png 300w, https:\/\/moverdb.com\/wp-content\/uploads\/Continental-Van-Lines-moving-company-1024x484.png 1024w, https:\/\/moverdb.com\/wp-content\/uploads\/Continental-Van-Lines-moving-company-18x9.png 18w, https:\/\/moverdb.com\/wp-content\/uploads\/Continental-Van-Lines-moving-company-600x283.png 600w\" sizes=\"auto, (max-width: 1440px) 100vw, 1440px\" \/><\/p>\n<ul>\n<li>Valsts p\u0101rcel\u0161an\u0101s<\/li>\n<li>Starptautiskie p\u0101rvadi<\/li>\n<li>P\u0101rv\u0101k\u0161an\u0101s uz dz\u012bvojam\u0101m telp\u0101m<\/li>\n<li>Uz\u0146\u0113m\u0113jdarb\u012bbas virzieni<\/li>\n<li>Pakalpojums \"no durv\u012bm l\u012bdz durv\u012bm<\/li>\n<li>Iepako\u0161anas atbalsts<\/li>\n<li>Transport\u0113\u0161anas organiz\u0113\u0161ana<\/li>\n<li>Muito\u0161anas pal\u012bdz\u012bba<\/li>\n<li>Transportl\u012bdzek\u013cu transport\u0113\u0161ana<\/li>\n<li>Uzglab\u0101\u0161anas iek\u0101rtas<\/li>\n<\/ul>\n<p>Continental Van Lines ir 1952. gad\u0101 dibin\u0101ts pilna servisa p\u0101rcel\u0161an\u0101s uz\u0146\u0113mums, kas darbojas Ankorid\u017e\u0101, Fife un Tacom\u0101. Uz\u0146\u0113mums ir IAM biedrs ar 77 gadu pieredzi un ir akredit\u0113ts FIDI. Uz\u0146\u0113mums ir ar\u012b da\u013ca no t\u012bkla, tostarp Van Lines, kas tam nodro\u0161ina starptautisku p\u0101rcel\u0161an\u0101s a\u0123entu t\u012bklu, ar kuriem tas var sadarboties.<\/p>\n<p>Continental Van Lines p\u0101rv\u0101k\u0161an\u0101s koordinatori izveidos j\u016bsu vajadz\u012bb\u0101m un bud\u017eetam piel\u0101gotu p\u0101rv\u0101k\u0161an\u0101s pl\u0101nu neatkar\u012bgi no t\u0101, vai tas ir DIY p\u0101rv\u0101k\u0161an\u0101s vai piln\u012bgs \"balto cimdu\" risin\u0101jums. Vi\u0146i pied\u0101v\u0101 pilna servisa iepako\u0161anas un izpako\u0161anas pakalpojumus, k\u0101 ar\u012b m\u0113be\u013cu demont\u0101\u017eas un atk\u0101rtotas mont\u0101\u017eas un iesai\u0146o\u0161anas pakalpojumus.<\/p>\n<p>T\u012bmek\u013ca vietne: <a href=\"https:\/\/www.continentalvan.com\/international-mover\/\" target=\"_blank\" rel=\"noopener\">https:\/\/www.continentalvan.com\/international-mover\/<\/a><\/p>\n<h2><span class=\"ez-toc-section\" id=\"3_Golden_North_Van_Lines\"><\/span><strong>3. Golden North Van Lines<\/strong><span class=\"ez-toc-section-end\"><\/span><\/h2>\n<p><img loading=\"lazy\" decoding=\"async\" class=\"alignnone size-full wp-image-11329\" src=\"https:\/\/moverdb.com\/wp-content\/uploads\/Golden-North-Van-Lines-international-moving-company.png\" alt=\"Golden North Van Lines starptautiskais p\u0101rvieto\u0161an\u0101s uz\u0146\u0113mums\" width=\"1440\" height=\"681\" data-wp-pid=\"11329\" srcset=\"https:\/\/moverdb.com\/wp-content\/uploads\/Golden-North-Van-Lines-international-moving-company.png 1440w, https:\/\/moverdb.com\/wp-content\/uploads\/Golden-North-Van-Lines-international-moving-company-300x142.png 300w, https:\/\/moverdb.com\/wp-content\/uploads\/Golden-North-Van-Lines-international-moving-company-1024x484.png 1024w, https:\/\/moverdb.com\/wp-content\/uploads\/Golden-North-Van-Lines-international-moving-company-18x9.png 18w, https:\/\/moverdb.com\/wp-content\/uploads\/Golden-North-Van-Lines-international-moving-company-600x284.png 600w\" sizes=\"auto, (max-width: 1440px) 100vw, 1440px\" \/><\/p>\n<ul>\n<li>Valsts p\u0101rcel\u0161an\u0101s<\/li>\n<li>Starptautiskie p\u0101rvadi<\/li>\n<li>P\u0101rv\u0101k\u0161an\u0101s uz dz\u012bvojam\u0101m telp\u0101m<\/li>\n<li>Komerci\u0101lo un biroju p\u0101rvieto\u0161ana<\/li>\n<li>Individualiz\u0113ti pakalpojumi<\/li>\n<li>Iepako\u0161anas pakalpojums<\/li>\n<li>Transporta pas\u0101kumi<\/li>\n<li>Muitas atbalsts<\/li>\n<li>Concierge pakalpojumi<\/li>\n<li>\u012astermi\u0146a un ilgtermi\u0146a uzglab\u0101\u0161ana<\/li>\n<\/ul>\n<p>Golden North Van Lines ir 1976. gad\u0101 dibin\u0101ts uz\u0146\u0113mums, kura biroji atrodas Ankorid\u017e\u0101 un Fairbanks\u0101. Uz\u0146\u0113mums ir Van Lines a\u0123ents, un tam ir piek\u013cuve starptautiskam p\u0101rcel\u0161an\u0101s uz\u0146\u0113mumu t\u012bklam, kas pal\u012bdz veikt p\u0101rcel\u0161anos vis\u0101 pasaul\u0113. Uz\u0146\u0113mums ir IAM biedrs ar 49 gadu pieredzi.<\/p>\n<p>Golden North Van Lines pied\u0101v\u0101 piel\u0101gotus p\u0101rcel\u0161an\u0101s un p\u0101rv\u0101k\u0161an\u0101s pakalpojumus valsts un starptautisk\u0101 m\u0113rog\u0101. P\u0101rcel\u0161an\u0101s pakalpojumi ietver p\u0101rcel\u0161an\u0101s pakalpojumus m\u0101jsaimniec\u012bb\u0101m un uz\u0146\u0113mumiem. Vi\u0146i pied\u0101v\u0101 iepako\u0161anas pakalpojumus, lai aizsarg\u0101tu j\u016bsu mantas p\u0101rvad\u0101\u0161anas laik\u0101, un organiz\u0113 dro\u0161u j\u016bsu mantu transport\u0113\u0161anu uz galam\u0113r\u0137i.<\/p>\n<p>T\u012bmek\u013ca vietne: <a href=\"https:\/\/www.goldennorthvanlines.com\/\" target=\"_blank\" rel=\"noopener\">https:\/\/www.goldennorthvanlines.com\/<\/a><\/p>\n<h2><span class=\"ez-toc-section\" id=\"4_Royal_Alaskan_Movers\"><\/span><strong>4. Royal Alaskan Movers<\/strong><span class=\"ez-toc-section-end\"><\/span><\/h2>\n<p><img loading=\"lazy\" decoding=\"async\" class=\"alignnone size-full wp-image-11428\" src=\"https:\/\/moverdb.com\/wp-content\/uploads\/Royal-Alaskan-Movers-international-moving-company.png\" alt=\"Royal Alaskan Movers starptautisks p\u0101rvietojas uz\u0146\u0113mums\" width=\"1440\" height=\"680\" data-wp-pid=\"11428\" srcset=\"https:\/\/moverdb.com\/wp-content\/uploads\/Royal-Alaskan-Movers-international-moving-company.png 1440w, https:\/\/moverdb.com\/wp-content\/uploads\/Royal-Alaskan-Movers-international-moving-company-300x142.png 300w, https:\/\/moverdb.com\/wp-content\/uploads\/Royal-Alaskan-Movers-international-moving-company-1024x484.png 1024w, https:\/\/moverdb.com\/wp-content\/uploads\/Royal-Alaskan-Movers-international-moving-company-18x9.png 18w, https:\/\/moverdb.com\/wp-content\/uploads\/Royal-Alaskan-Movers-international-moving-company-600x283.png 600w\" sizes=\"auto, (max-width: 1440px) 100vw, 1440px\" \/><\/p>\n<ul>\n<li>Viet\u0113j\u0101 un valsts m\u0113roga p\u0101rvieto\u0161ana<\/li>\n<li>Starptautisk\u0101s p\u0101rvieto\u0161anas<\/li>\n<li>M\u0101jsaimniec\u012bbas p\u0101rvieto\u0161ana<\/li>\n<li>Uz\u0146\u0113mumu p\u0101rvieto\u0161ana<\/li>\n<li>Individualiz\u0113ts pakalpojums<\/li>\n<li>P\u0101rcel\u0161an\u0101s pl\u0101ns<\/li>\n<li>Iepako\u0161anas pakalpojums<\/li>\n<li>Sauszemes, j\u016bras un gaisa transports<\/li>\n<li>Transportl\u012bdzek\u013cu transport\u0113\u0161ana<\/li>\n<li>Uzglab\u0101\u0161anas iek\u0101rtas<\/li>\n<\/ul>\n<p>Royal Alaskan Movers ir 2010. gad\u0101 dibin\u0101ts uz\u0146\u0113mums, kas atrodas Ankorid\u017e\u0101. Uz\u0146\u0113mums ir da\u013ca no The DeWitt Companies, kas tam nodro\u0161ina glob\u0101lu p\u0101rcel\u0161an\u0101s pieredzi un atbalstu. Uz\u0146\u0113mums ir IAM biedrs ar 13 gadu pieredzi.<\/p>\n<p>Royal Alaskan Movers pied\u0101v\u0101 personaliz\u0113tu p\u0101rcel\u0161an\u0101s pakalpojumu ar virtu\u0101lu apsekojumu, lai nov\u0113rt\u0113tu j\u016bsu p\u0101rcel\u0161an\u0101s pras\u012bbas un sniegtu jums cenu pied\u0101v\u0101jumu. Vi\u0146i mekl\u0113s efekt\u012bv\u0101ko un pieejam\u0101ko p\u0101rcel\u0161an\u0101s un uzglab\u0101\u0161anas iesp\u0113ju, kas atbilst j\u016bsu vajadz\u012bb\u0101m. Vi\u0146i nodro\u0161ina pilnu iepako\u0161anas pakalpojumu kl\u0101stu un p\u0113c iera\u0161an\u0101s j\u016bsu m\u0113beles iesai\u0146os un izpakos. Vi\u0146i nodro\u0161in\u0101s invent\u0101ra sarakstu un organiz\u0113s transport\u0113\u0161anu uz galam\u0113r\u0137i.<\/p>\n<p>T\u012bmek\u013ca vietne: <a href=\"https:\/\/www.royalalaskanmovers.com\/\" target=\"_blank\" rel=\"noopener\">https:\/\/www.royalalaskanmovers.com\/<\/a><\/p>\n<h2><span class=\"ez-toc-section\" id=\"5_Sourdough_Express\"><\/span><strong>5. Sourdough Express<\/strong><span class=\"ez-toc-section-end\"><\/span><\/h2>\n<p><img loading=\"lazy\" decoding=\"async\" class=\"alignnone size-full wp-image-11447\" src=\"https:\/\/moverdb.com\/wp-content\/uploads\/Sordough-Express-international-moving-company.png\" alt=\"Sourdough Express starptautisks p\u0101rcel\u0161an\u0101s uz\u0146\u0113mums\" width=\"1440\" height=\"680\" data-wp-pid=\"11447\" srcset=\"https:\/\/moverdb.com\/wp-content\/uploads\/Sordough-Express-international-moving-company.png 1440w, https:\/\/moverdb.com\/wp-content\/uploads\/Sordough-Express-international-moving-company-300x142.png 300w, https:\/\/moverdb.com\/wp-content\/uploads\/Sordough-Express-international-moving-company-1024x484.png 1024w, https:\/\/moverdb.com\/wp-content\/uploads\/Sordough-Express-international-moving-company-18x9.png 18w, https:\/\/moverdb.com\/wp-content\/uploads\/Sordough-Express-international-moving-company-600x283.png 600w\" sizes=\"auto, (max-width: 1440px) 100vw, 1440px\" \/><\/p>\n<ul>\n<li>Viet\u0113jie un starpvalstu p\u0101rvadi<\/li>\n<li>Starptautiskie p\u0101rvadi<\/li>\n<li>P\u0101rv\u0101k\u0161an\u0101s uz dz\u012bvojam\u0101m telp\u0101m<\/li>\n<li>Uz\u0146\u0113mumu un biroju p\u0101rvieto\u0161ana<\/li>\n<li>Darbinieku p\u0101rvieto\u0161ana<\/li>\n<li>Apsekojums pirms p\u0101rcel\u0161an\u0101s<\/li>\n<li>Piel\u0101gots p\u0101rvieto\u0161anas pl\u0101ns<\/li>\n<li>Iepako\u0161anas pakalpojums<\/li>\n<li>Transporta pas\u0101kumi9<\/li>\n<li>Uzglab\u0101\u0161anas iek\u0101rtas<\/li>\n<\/ul>\n<p>Sourdough Express ir 1898. gad\u0101 dibin\u0101ts uz\u0146\u0113mums, kas sniedz pilnu p\u0101rcel\u0161an\u0101s un uzglab\u0101\u0161anas pakalpojumu kl\u0101stu Ankorid\u017e\u0101 un Fairbanks\u0101. Uz\u0146\u0113mums ir IAM biedrs ar 125 gadu pieredzi, kas tam nodro\u0161ina piek\u013cuvi vispasaules p\u0101rcel\u0161an\u0101s uz\u0146\u0113mumu t\u012bklam, kas var pal\u012bdz\u0113t.<\/p>\n<p>Sourdough Express veiks pirmsp\u0101rv\u0101k\u0161an\u0101s apsekojumu, lai noskaidrotu j\u016bsu p\u0101rv\u0101k\u0161an\u0101s pras\u012bbas, un p\u0113c tam izveidos piel\u0101gotu p\u0101rv\u0101k\u0161an\u0101s un iepako\u0161anas pl\u0101nu katram j\u016bsu p\u0101rv\u0101k\u0161an\u0101s posmam. Vi\u0146i sniedz iepako\u0161anas pakalpojumus, izmantojot profesion\u0101lus iepakot\u0101jus, kas ir apm\u0101c\u012bti aizsarg\u0101t j\u016bsu mantas p\u0101rvad\u0101\u0161anas laik\u0101. Biroju p\u0101rcel\u0161an\u0101s gad\u012bjum\u0101 tiks nodro\u0161in\u0101ts p\u0101rcel\u0161an\u0101s konsultants, lai pal\u012bdz\u0113tu samazin\u0101t j\u016bsu uz\u0146\u0113muma d\u012bkst\u0101vi.<\/p>\n<p>T\u012bmek\u013ca vietne: <a href=\"https:\/\/sourdoughexpress.com\/\" target=\"_blank\" rel=\"noopener\">https:\/\/sourdoughexpress.com\/<\/a><\/p>","protected":false},"excerpt":{"rendered":"<p>If you currently live in Alaska and are planning a move or are moving to Alaska from abroad, you might want to engage the services of a moving company to assist you. Moving companies can lighten the load and pressure on you by packing, loading and transporting your belongings. Below we have compiled a list [&hellip;]<\/p>\n","protected":false},"author":4,"featured_media":11250,"parent":190,"menu_order":0,"comment_status":"closed","ping_status":"closed","template":"","meta":{"_genesis_hide_title":false,"_genesis_hide_breadcrumbs":false,"_genesis_hide_singular_image":false,"_genesis_hide_footer_widgets":false,"_genesis_custom_body_class":"","_genesis_custom_post_class":"","_genesis_layout":"","footnotes":""},"class_list":{"0":"post-11546","1":"page","2":"type-page","3":"status-publish","4":"has-post-thumbnail","6":"entry"},"_links":{"self":[{"href":"https:\/\/moverdb.com\/lv\/wp-json\/wp\/v2\/pages\/11546","targetHints":{"allow":["GET"]}}],"collection":[{"href":"https:\/\/moverdb.com\/lv\/wp-json\/wp\/v2\/pages"}],"about":[{"href":"https:\/\/moverdb.com\/lv\/wp-json\/wp\/v2\/types\/page"}],"author":[{"embeddable":true,"href":"https:\/\/moverdb.com\/lv\/wp-json\/wp\/v2\/users\/4"}],"replies":[{"embeddable":true,"href":"https:\/\/moverdb.com\/lv\/wp-json\/wp\/v2\/comments?post=11546"}],"version-history":[{"count":1,"href":"https:\/\/moverdb.com\/lv\/wp-json\/wp\/v2\/pages\/11546\/revisions"}],"predecessor-version":[{"id":11547,"href":"https:\/\/moverdb.com\/lv\/wp-json\/wp\/v2\/pages\/11546\/revisions\/11547"}],"up":[{"embeddable":true,"href":"https:\/\/moverdb.com\/lv\/wp-json\/wp\/v2\/pages\/190"}],"wp:featuredmedia":[{"embeddable":true,"href":"https:\/\/moverdb.com\/lv\/wp-json\/wp\/v2\/media\/11250"}],"wp:attachment":[{"href":"https:\/\/moverdb.com\/lv\/wp-json\/wp\/v2\/media?parent=11546"}],"curies":[{"name":"wp","href":"https:\/\/api.w.org\/{rel}","templated":true}]}}