{"id":1076,"date":"2016-08-05T14:53:04","date_gmt":"2016-08-05T14:53:04","guid":{"rendered":"http:\/\/moverdb.com\/?page_id=1076"},"modified":"2026-01-08T15:30:39","modified_gmt":"2026-01-08T15:30:39","slug":"wheaton","status":"publish","type":"page","link":"https:\/\/moverdb.com\/lv\/wheaton\/","title":{"rendered":"Wheaton World Wide Moving: Starptautiskie pakalpojumi un atsauksmes"},"content":{"rendered":"<p>Wheaton World Wide Moving (agr\u0101k Wheaton Van Lines) saviem klientiem pied\u0101v\u0101 pla\u0161u pakalpojumu kl\u0101stu, s\u0101kot no starptautiskiem p\u0101rv\u0101k\u0161an\u0101s pas\u0101kumiem l\u012bdz viet\u0113jiem p\u0101rv\u0101k\u0161an\u0101s pas\u0101kumiem. Tie ir uzskait\u012bti turpm\u0101k kop\u0101 ar uz\u0146\u0113muma profilu un atsauksm\u0113m.<\/p>\n<p><strong>Starptautisk\u0101s p\u0101rcel\u0161an\u0101s un p\u0101rcel\u0161an\u0101s pal\u012bdz\u012bba<\/strong><\/p>\n<ul>\n<li> P\u0101rvieto\u0161ana no durv\u012bm l\u012bdz durv\u012bm<\/li>\n<li> Iepako\u0161ana - veiciet to pa\u0161i, trausli priek\u0161meti vai pilna servisa iepako\u0161ana<\/li>\n<li> M\u0113be\u013cu demont\u0101\u017ea un mont\u0101\u017ea<\/li>\n<li> M\u0101jdz\u012bvnieku p\u0101rvieto\u0161ana<\/li>\n<li> <a href=\"https:\/\/moverdb.com\/lv\/auto-transporta-nosutisana\/\">Transportl\u012bdzek\u013cu transport\u0113\u0161ana un p\u0101rvieto\u0161ana<\/a><\/li>\n<li> Imigr\u0101cijas pakalpojumi<\/li>\n<li> Starpkult\u016bru apm\u0101c\u012bba<\/li>\n<li> Valodu apm\u0101c\u012bba<\/li>\n<li> M\u0101jas p\u0101rdo\u0161anas pakalpojumi<\/li>\n<li> \u012apa\u0161uma p\u0101rvald\u012bba<\/li>\n<li> Ce\u013cojumu pakalpojumu priek\u0161skat\u012bjums<\/li>\n<li> Pal\u012bdz\u012bba m\u0101jok\u013ca mekl\u0113\u0161an\u0101<\/li>\n<li> Skolas mekl\u0113\u0161ana<\/li>\n<li> Orient\u0113\u0161an\u0101s p\u0113c iera\u0161an\u0101s<\/li>\n<li> Partneru karjeras atbalsts<\/li>\n<li> Meistara un m\u0101jsaimniec\u012bbas pakalpojumu snieg\u0161ana<\/li>\n<li> M\u0113be\u013cu noma<\/li>\n<li> Atbalsts uzdevuma izpildes laik\u0101<\/li>\n<\/ul>\n<p><strong>Uz\u0146\u0113mumu p\u0101rcel\u0161an\u0101s<\/strong><\/p>\n<ul>\n<li> Wheaton partneri, Crown Relocation, pal\u012bdz ar p\u0101rcel\u0161anos<\/li>\n<\/ul>\n<p><strong>Vald\u012bbas un milit\u0101rie pas\u0101kumi<\/strong><\/p>\n<p><strong>M\u0101jsaimniec\u012bbas p\u0101rv\u0101k\u0161an\u0101s<\/strong><\/p>\n<ul>\n<li> 350 a\u0123entu t\u012bkls <a href=\"https:\/\/moverdb.com\/lv\/moving-to-the-united-states\/\" data-internallinksmanager029f6b8e52c=\"94\" title=\"P\u0101rce\u013caties uz Amerikas Savienotaj\u0101m Valst\u012bm? 2022 Dz\u012bves izmaksas un p\u0101rcel\u0161an\u0101s padomi\">Amerikas Savienot\u0101s Valstis<\/a><\/li>\n<li> Iepako\u0161ana un izpako\u0161ana<\/li>\n<li> \u012apa\u0161s iepakojums jut\u012bgai elektronikai<\/li>\n<li> Transports<\/li>\n<li> Ja nepiecie\u0161ams, uzglab\u0101\u0161ana<\/li>\n<\/ul>\n<p><strong>Specializ\u0113tie un komerci\u0101lie p\u0101rv\u0101k\u0161an\u0101s darbi<\/strong><\/p>\n<ul>\n<li> Biroju un r\u016bpniec\u012bbas<\/li>\n<li> Viesm\u012bl\u012bba<\/li>\n<li> \u012apa\u0161a prece<\/li>\n<li> Komerci\u0101l\u0101 p\u0101rvieto\u0161ana<\/li>\n<\/ul>\n<p><strong>Uzglab\u0101\u0161ana<\/strong><\/p>\n<ul>\n<li> Ilgtermi\u0146a<\/li>\n<li> \u012astermi\u0146a<\/li>\n<li> 207 modernas noliktavas 58 valst\u012bs.<\/li>\n<\/ul>\n<h2>Wheaton Worldwide P\u0101rv\u0101k\u0161an\u0101s uz\u0146\u0113muma profils<\/h2>\n<p>Uz\u0146\u0113mumu Wheaton Van Lines 1945. gad\u0101 dibin\u0101ja Ernests S. Vitons, un s\u0101kotn\u0113ji tas sauc\u0101s Clipper Van Lines. S\u0101kotn\u0113ji uz\u0146\u0113mums apkalpoja 22 \u0161tatus ASV austrumu da\u013c\u0101, bet 20. gadsimta 50. gados, papla\u0161inoties, tika aptverta ne tikai visa valsts teritorija, bet tika uzs\u0101kti ar\u012b starptautiski p\u0101rvad\u0101jumi.<\/p>\n<p>Asto\u0146desmitajos gados Wheaton Van Lines main\u012bja nosaukumu uz Wheaton Worldwide Moving. Uz\u0146\u0113muma galven\u0101 m\u012btne atrodas Indianapolis\u0101, IN. Wheaton m\u0113r\u0137is ir uztur\u0113t \u0101rk\u0101rt\u012bgi augstus standartus, un \u0161aj\u0101 nol\u016bk\u0101 uz\u0146\u0113mums seko l\u012bdzi datiem un analiz\u0113 tos. Uz\u0146\u0113mums \u013coti nopietni izturas ar\u012b pret klientu atsauksm\u0113m un jau 25 gadus apkopo klientu atsauksmes, lai saglab\u0101tu savu augst\u0101ko l\u012bmeni.<\/p>\n<p>Wheaton Worldwide Moving sniedz atbalstu sabiedr\u012bbai ar da\u017e\u0101du labdar\u012bbas organiz\u0101ciju starpniec\u012bbu. Tas ir ar\u012b uz\u0146\u0113mums, kas past\u0101v\u012bgi cen\u0161as samazin\u0101t oglek\u013ca dioks\u012bda emisiju.<\/p>\n<p>Wheaton Worldwide Moving ir \u0161\u0101das akredit\u0101cijas un pieder\u012bbas:<\/p>\n<ul>\n<li> <a href=\"https:\/\/moverdb.com\/lv\/amsa\/\">Amerikas P\u0101rv\u0101k\u0161an\u0101s un uzglab\u0101\u0161anas asoci\u0101cija<\/a> (<a href=\"https:\/\/moverdb.com\/lv\/amsa\/\" data-internallinksmanager029f6b8e52c=\"5\" title=\"Amerikas P\u0101rv\u0101k\u0161an\u0101s un uzglab\u0101\u0161anas asoci\u0101cijas (AMSA) skaidrojums\">AMSA<\/a>) - <a href=\"https:\/\/moverdb.com\/lv\/ritenu-novirzitajs\/\">ProMover<\/a><\/li>\n<li> Nacion\u0101l\u0101 vec\u0101ko p\u0101rv\u0101k\u0161an\u0101s vad\u012bt\u0101ju asoci\u0101cija (NASMM)<\/li>\n<li> Better Business Bureau (BBB) akredit\u0113ts uz\u0146\u0113mums A+<\/li>\n<\/ul>\n<h2>Wheaton Worldwide Moving Atsauksmes<\/h2>\n<p><strong>Pozit\u012bvi:<\/strong><\/p>\n<ul>\n<li> \"<em>Laba komp\u0101nija. Laba v\u0113rt\u012bba. V\u0113l\u0113tos izmantot v\u0113lreiz.\"<\/em> - David X via <a href=\"http:\/\/www.yelp.com\/biz\/wheaton-world-wide-moving-indianapolis-5?hrid=i8pH5fVrzdWhgdFkPaCnlQ&#038;utm_campaign=www_review_share_popup&#038;utm_medium=copy_link&#038;utm_source=(direct)\" target=\"_blank\" rel=\"noopener\">Yelp<\/a><\/li>\n<li> \"<em>Wheaton person\u0101ls <a href=\"https:\/\/moverdb.com\/lv\/parvietojas-uz-houston\/\">Hj\u016bstona<\/a> k\u013cuva par maniem e\u0146\u0123e\u013ciem \u013coti gr\u016bt\u0101 dz\u012bves br\u012bd\u012b.\"<\/em> - Bonnie M via <a href=\"http:\/\/www.bbb.org\/indy\/business-reviews\/movers\/wheaton-world-wide-moving-in-indianapolis-in-22485\/customer-reviews\" target=\"_blank\" rel=\"noopener\">BBB<\/a> <\/li>\n<li> \"<em>Vi\u0146i bija tikai lab\u0101kie no s\u0101kuma l\u012bdz beig\u0101m.\"<\/em> - Judith via <a href=\"http:\/\/www.mymovingreviews.com\/movers\/wheaton-van-lines-255#54528\" target=\"_blank\" rel=\"noopener\">MyMovingReviews.com<\/a><\/li>\n<li> \"<em>M\u0113s jau iepriek\u0161 izmantoj\u0101m Wheaton moving pakalpojumus, un mums bija \u013coti laba p\u0101rcel\u0161an\u0101s, t\u0101p\u0113c, kad pien\u0101ca laiks p\u0101rcelties v\u0113lreiz, m\u0113s zin\u0101j\u0101m, kam zvan\u012bt.\"<\/em> - Freddy Lancaster caur <a href=\"http:\/\/reviewamover.com\/review\/Moving-Companies-Reviews\/WHEATON-WORLD-WIDE-53.php?PHPSESSID=a21a9bd572e803d73fcb5f1f02487590\" target=\"_blank\" rel=\"noopener\">Review-A-Mover<\/a> <\/li>\n<\/ul>\n<p><strong>Negat\u012bvs:<\/strong><\/p>\n<ul>\n<li> <em>\"Wheaton atkal atsak\u0101s uz\u0146emties atbild\u012bbu par izn\u012bcin\u0101tajiem priek\u0161metiem. Vi\u0146i izmet vienu attaisnojumu p\u0113c otra, un katrs no tiem ir maz\u0101k j\u0113gpilns nek\u0101 iepriek\u0161\u0113jais.\"<\/em> - Amy T via <a href=\"http:\/\/www.yelp.com\/biz\/wheaton-world-wide-moving-indianapolis-5?hrid=vRowN7GuFHy3k0yM5ijpgA&#038;utm_campaign=www_review_share_popup&#038;utm_medium=copy_link&#038;utm_source=(direct)\" target=\"_blank\" rel=\"noopener\">Yelp<\/a> <\/li>\n<li> \"<em>No s\u0101kuma l\u012bdz beig\u0101m \u0161is uz\u0146\u0113mums bija slikt\u0101kais <a href=\"https:\/\/moverdb.com\/lv\/moving-companies\/\" data-internallinksmanager029f6b8e52c=\"79\" title=\"Top 25 Starptautiskie p\u0101rcel\u0161an\u0101s uz\u0146\u0113mumi tie\u0161saist\u0113\">P\u0101rvieto\u0161an\u0101s uz\u0146\u0113mums<\/a> ar ko m\u0113s jebkad esam str\u0101d\u0101ju\u0161i, un m\u016bsu laul\u012bbas laik\u0101 mums ir biju\u0161i vair\u0101k nek\u0101 6 profesion\u0101li p\u0101rv\u0101k\u0161an\u0101s gad\u012bjumi.\"<\/em> - Nikki F via <a href=\"http:\/\/www.bbb.org\/indy\/business-reviews\/movers\/wheaton-world-wide-moving-in-indianapolis-in-22485\/customer-reviews\" target=\"_blank\" rel=\"noopener\">BBB<\/a><\/li>\n<li> \"<em>Mums teica, ka m\u016bsu m\u0101jsaimniec\u012bbas apjoms prasa visu piekabi, un par to vi\u0146iem tika samaks\u0101ts. T\u0101 viet\u0101 vi\u0146i iest\u016bma otru kravu kop\u0101 ar m\u016bsu kravu, k\u0101 rezult\u0101t\u0101 priek\u0161meti tika atst\u0101ti, konteineri un ier\u012bces tika saspiesti, saboj\u0101ti, pazaud\u0113ti un izn\u012bcin\u0101ti...\"<\/em> - Entonijs, izmantojot <a href=\"http:\/\/www.mymovingreviews.com\/movers\/wheaton-van-lines-255#51475\" target=\"_blank\" rel=\"noopener\">MyMovingReviews.com<\/a> <\/li>\n<li> <em>\"Esiet piesardz\u012bgi, aizb\u0113dziet, pirms nol\u012bgt \u0161o uz\u0146\u0113mumu.\"<\/em> - David Gutierrez via <a href=\"http:\/\/reviewamover.com\/review\/reviewer\/davidrafael770.php?PHPSESSID=e2ea8ab20529fed2960f446a83923af0\" target=\"_blank\" rel=\"noopener\">Review-A-Mover<\/a> <\/li>\n<\/ul>\n<div itemprop=\"review\" itemscope itemtype=\"http:\/\/schema.org\/Review\">\n<span itemprop=\"author\" itemscope=\"\" itemtype=\"http:\/\/schema.org\/Organization\"><span itemprop=\"name\">MoverDB.com<\/span><\/span> Tie\u0161saistes vietnes p\u0101rskats par <span itemprop=\"itemreviewed\" itemscope=\"\" itemtype=\"http:\/\/schema.org\/Brand\"><span itemprop=\"name\">Wheaton Worldwide Moving<\/span><\/span>:<\/p>\n<ol>\n<li> Skaidra kontaktinform\u0101cija t\u012bmek\u013ca vietn\u0113 (tostarp t\u0101lru\u0146a numurs): <strong>J\u0101<\/strong><\/li>\n<li> Viegli ieg\u016bt <a href=\"https:\/\/moverdb.com\/lv\/citati\/\">starptautiskie p\u0101rvietojas cit\u0101ti<\/a>? (Tie\u0161saistes t\u0101mes piepras\u012bjuma veidlapa): <strong>J\u0101<\/strong><\/li>\n<li> Skaidra inform\u0101cija t\u012bmek\u013ca vietn\u0113: <strong>J\u0101,<\/strong> vietn\u0113 ir daudz ce\u013cve\u017eu un resursu.<\/li>\n<li> Dal\u012bba starptautiski atz\u012bt\u0101s kust\u012bbu organiz\u0101cij\u0101s: <strong>J\u0101<\/strong>, skat\u012bt iepriek\u0161<\/li>\n<li> Klientu saraksts un\/vai iepriek\u0161\u0113jo klientu atsauksmes. <strong>J\u0101,<\/strong> Uz\u0146\u0113mumam ir \u013coti svar\u012bgas klientu atsauksmes un atsauksmes.<\/li>\n<\/ol>\n<div itemprop=\"reviewRating\" itemscope itemtype=\"http:\/\/schema.org\/Rating\"><meta itemprop=\"worstRating\" content = \"0\" \/><meta itemprop=\"bestRating\" content=\"5\" \/><meta itemprop=\"ratingValue\" content=\"5\"><\/div>\n<p><strong>Kop\u0113jais v\u0113rt\u0113jums: 5\/5<\/strong><br \/>\n<strong>P\u0101rskata datums:<\/strong> <span itemprop=\"datePublished\" content=\"2016-08-05\">05\/08\/2016<\/span>\n<\/div>\n<p>Las\u012bt vair\u0101k par <a href=\"https:\/\/moverdb.com\/lv\/parvietojas-uznemumi\/\">starptautiskie p\u0101rvieto\u0161an\u0101s uz\u0146\u0113mumi<\/a>, <a href=\"https:\/\/moverdb.com\/lv\/us-kanada-parvietotaji\/\">ASV &amp; Kan\u0101das p\u0101rvieto\u0161an\u0101s uz\u0146\u0113mumi<\/a> un m\u016bsu <a href=\"https:\/\/moverdb.com\/lv\/atsauksmes\/\">p\u0101rskat\u012b\u0161anas process<\/a>.<\/p>\n<p><strong>T\u012bmek\u013ca vietne:<\/strong> <a href=\"https:\/\/www.wheatonworldwide.com\/\" target=\"_blank\" rel=\"noopener\">https:\/\/www.wheatonworldwide.com<\/a><\/p>","protected":false},"excerpt":{"rendered":"<p>Wheaton World Wide Moving (formerly Wheaton Van Lines) offers its clients a range of services from international moves to local moves. These are listed below, together with a company profile and reviews. International Moves and Relocation Assistance Door to door moving Packing &#8211; do it yourself, fragile items or full service packing Disassembling and reassembling [&hellip;]<\/p>\n","protected":false},"author":1,"featured_media":0,"parent":0,"menu_order":0,"comment_status":"closed","ping_status":"closed","template":"","meta":{"_genesis_hide_title":false,"_genesis_hide_breadcrumbs":false,"_genesis_hide_singular_image":false,"_genesis_hide_footer_widgets":false,"_genesis_custom_body_class":"","_genesis_custom_post_class":"","_genesis_layout":"","footnotes":""},"class_list":{"0":"post-1076","1":"page","2":"type-page","3":"status-publish","5":"entry"},"_links":{"self":[{"href":"https:\/\/moverdb.com\/lv\/wp-json\/wp\/v2\/pages\/1076","targetHints":{"allow":["GET"]}}],"collection":[{"href":"https:\/\/moverdb.com\/lv\/wp-json\/wp\/v2\/pages"}],"about":[{"href":"https:\/\/moverdb.com\/lv\/wp-json\/wp\/v2\/types\/page"}],"author":[{"embeddable":true,"href":"https:\/\/moverdb.com\/lv\/wp-json\/wp\/v2\/users\/1"}],"replies":[{"embeddable":true,"href":"https:\/\/moverdb.com\/lv\/wp-json\/wp\/v2\/comments?post=1076"}],"version-history":[{"count":7,"href":"https:\/\/moverdb.com\/lv\/wp-json\/wp\/v2\/pages\/1076\/revisions"}],"predecessor-version":[{"id":6251,"href":"https:\/\/moverdb.com\/lv\/wp-json\/wp\/v2\/pages\/1076\/revisions\/6251"}],"wp:attachment":[{"href":"https:\/\/moverdb.com\/lv\/wp-json\/wp\/v2\/media?parent=1076"}],"curies":[{"name":"wp","href":"https:\/\/api.w.org\/{rel}","templated":true}]}}