{"id":1075,"date":"2016-08-04T14:25:42","date_gmt":"2016-08-04T14:25:42","guid":{"rendered":"http:\/\/moverdb.com\/?page_id=1075"},"modified":"2026-01-08T15:20:29","modified_gmt":"2026-01-08T15:20:29","slug":"north-american-van-lines","status":"publish","type":"page","link":"https:\/\/moverdb.com\/lv\/north-american-van-lines\/","title":{"rendered":"North American Van Lines: P\u0101rv\u0101k\u0161an\u0101s atsauksmes par starptautisko p\u0101rv\u0101k\u0161anos"},"content":{"rendered":"<p>North American Van Lines pied\u0101v\u0101 saviem klientiem pakalpojumus starptautiskiem, korporat\u012bviem un iek\u0161zemes p\u0101rvad\u0101jumiem. Turpm\u0101k ir sniegts \u0161o pakalpojumu saraksts, k\u0101 ar\u012b uz\u0146\u0113muma profils un atsauksmes.<\/p>\n<p><strong>Starptautisk\u0101 p\u0101rcel\u0161an\u0101s priv\u0101tperson\u0101m un uz\u0146\u0113mumiem<\/strong><\/p>\n<ul>\n<li> Pakalpojums no durv\u012bm l\u012bdz durv\u012bm<\/li>\n<li> Mantu iepako\u0161ana, polster\u0113\u0161ana un aizsardz\u012bba<\/li>\n<li> M\u0113be\u013cu demont\u0101\u017ea<\/li>\n<li> <a href=\"https:\/\/moverdb.com\/lv\/konteineru-parvadajumi\/\">Ku\u0123u konteineri<\/a> katram lietojumam<\/li>\n<li> Padomi par to, ko iepakot un ko p\u0101rdot, lai nodro\u0161in\u0101tu rentabilit\u0101ti.<\/li>\n<li> Pal\u012bdz\u012bba muito\u0161an\u0101<\/li>\n<li> M\u0113be\u013cu pieg\u0101de un mont\u0101\u017ea<\/li>\n<li> 24\/7 s\u016bt\u012bjumu izseko\u0161ana tie\u0161saist\u0113<\/li>\n<li> V\u0113rt\u0113juma aizsardz\u012bbas programma<\/li>\n<li> \u012astermi\u0146a un ilgtermi\u0146a uzglab\u0101\u0161ana<\/li>\n<\/ul>\n<p><strong>P\u0101rcel\u0161an\u0101s \u012bpa\u0161ie pakalpojumi<\/strong><\/p>\n<ul>\n<li> Pal\u012bdz\u012bba m\u0101jok\u013ca ieg\u0101dei un pagaidu dz\u012bvo\u0161anai<\/li>\n<li> Finan\u0161u un apdro\u0161in\u0101\u0161anas pakalpojumu sniedz\u0113ju pal\u012bdz\u012bba<\/li>\n<li> Starpkult\u016bru apm\u0101c\u012bba<\/li>\n<li> Valodu apm\u0101c\u012bba<\/li>\n<li> Nor\u012bkojumi uz b\u0113rnu apr\u016bpi un skolu<\/li>\n<li> Medic\u012bnisk\u0101 apr\u016bpe un recep\u0161u nomai\u0146a<\/li>\n<li> Automobi\u013cu ieg\u0101de un pakalpojumi<\/li>\n<li> Brauk\u0161anas nodarb\u012bbas<\/li>\n<\/ul>\n<p><strong>Uz\u0146\u0113mumu p\u0101rcel\u0161an\u0101s<\/strong><\/p>\n<ul>\n<li> Iepako\u0161ana un iesai\u0146o\u0161ana<\/li>\n<li> Uzglab\u0101\u0161ana<\/li>\n<li> S\u016bt\u012bjums<\/li>\n<li> Person\u012bgais p\u0101rcel\u0161an\u0101s koordinators<\/li>\n<li> Pal\u012bdz\u012bba m\u0101jok\u013ca p\u0101rdo\u0161an\u0101 un ieg\u0101d\u0113<\/li>\n<li> Orient\u0101cija uz teritoriju<\/li>\n<li> Pal\u012bdz\u012bba laul\u0101tajam<\/li>\n<li> Hipotek\u0101rie pakalpojumi<\/li>\n<li> Iek\u0101rto\u0161an\u0101s pakalpojumi<\/li>\n<\/ul>\n<p><strong>P\u0101rcel\u0161an\u0101s pakalpojumi<\/strong><\/p>\n<ul>\n<li> Iepako\u0161ana un izpako\u0161ana - veiciet to pa\u0161i, tikai trausli priek\u0161meti vai pilna iepakojuma izve\u0161ana<\/li>\n<li> Liels iepakojuma materi\u0101lu kl\u0101sts<\/li>\n<li> M\u0113be\u013cu demont\u0101\u017ea un atk\u0101rtota mont\u0101\u017ea<\/li>\n<li> Izkrau\u0161ana<\/li>\n<li> Izpako\u0161ana, ja nepiecie\u0161ams<\/li>\n<li> Atkritumu izn\u012bcin\u0101\u0161ana<\/li>\n<li> Ilgtermi\u0146a un \u012bstermi\u0146a uzglab\u0101\u0161ana<\/li>\n<li> M\u0101jsaimniec\u012bbas p\u0101rvieto\u0161ana<\/li>\n<li> Viet\u0113j\u0101 p\u0101rvietojas<\/li>\n<li> P\u0101rvieto\u0161an\u0101s uz lieliem att\u0101lumiem<\/li>\n<li> Milit\u0101ro p\u0101rvietojas<\/li>\n<li> Cross Country p\u0101rvietojas<\/li>\n<li> Starpvalstu p\u0101rvietojas<\/li>\n<li> Ekspress mazais s\u016bt\u012bjums<\/li>\n<li> Nacion\u0101lie p\u0101rvietot\u0101ji<\/li>\n<\/ul>\n<p><strong>Specializ\u0113tie p\u0101rvietot\u0101ji<\/strong><\/p>\n<ul>\n<li> Pian\u012bni<\/li>\n<li> M\u0101ksla un senlietas<\/li>\n<li> Laivas<\/li>\n<li> <a href=\"https:\/\/moverdb.com\/lv\/auto-transporta-nosutisana\/\">Transportl\u012bdzek\u013ci<\/a><\/li>\n<li> Konteineri<\/li>\n<\/ul>\n<h2>North American Van Lines uz\u0146\u0113muma profils<\/h2>\n<p>North American Van Lines pirmo reizi uzs\u0101ka savu autop\u0101rvad\u0101jumu darb\u012bbu 1933. gad\u0101 ar 12 a\u0123entiem. Piecus gadus v\u0113l\u0101k tai bija vair\u0101k nek\u0101 120 a\u0123entu. Uz\u0146\u0113mums nodarbojas ar m\u0101jok\u013ca un biroja p\u0101rvieto\u0161anu gan viet\u0113j\u0101, gan valsts, gan starptautisk\u0101 m\u0113rog\u0101. North American Van Lines 1998. gad\u0101 k\u013cuva par SIRVA Inc. meitasuz\u0146\u0113mumu. <\/p>\n<p>Uz\u0146\u0113mum\u0101 str\u0101d\u0101 gandr\u012bz 8000 darbinieku, un tas darbojas <strong>1 694 kravas automa\u0161\u012bnas<\/strong>. Tiek l\u0113sts, ka to transportl\u012bdzek\u013ci ir nobrauku\u0161i <strong>37 256 707 j\u016bdzes<\/strong>.<\/p>\n<p>North American Van Lines ir vair\u0101k nek\u0101 500 a\u0123entu Zieme\u013camerik\u0101. Vi\u0146iem ir satel\u012btnov\u0113ro\u0161ana, lai vienm\u0113r prec\u012bzi noteiktu visus s\u016bt\u012bjumus. Vi\u0146i izmanto ar\u012b autofurgonus ar celtni, kas \u013cauj iekraut un izkraut lielus priek\u0161metus bez iekrau\u0161anas platformas. <\/p>\n<p>Uz\u0146\u0113mums ir ieviesis kvalit\u0101tes programmu, lai apm\u0101c\u012btu visus darbiniekus un a\u0123entus atbilsto\u0161i visaugst\u0101kajiem iesp\u0113jamajiem standartiem.<\/p>\n<p>North American Van Lines akredit\u0101cijas un pieder\u012bba:<\/p>\n<ul>\n<li> Muitas un tirdzniec\u012bbas partner\u012bba pret terorismu (C-TPAT)<\/li>\n<li> <a href=\"https:\/\/moverdb.com\/lv\/amsa\/\">Amerikas P\u0101rv\u0101k\u0161an\u0101s un uzglab\u0101\u0161anas asoci\u0101cija<\/a> (<a href=\"https:\/\/moverdb.com\/lv\/amsa\/\" data-internallinksmanager029f6b8e52c=\"5\" title=\"Amerikas P\u0101rv\u0101k\u0161an\u0101s un uzglab\u0101\u0161anas asoci\u0101cijas (AMSA) skaidrojums\">AMSA<\/a>) - <a href=\"https:\/\/moverdb.com\/lv\/ritenu-novirzitajs\/\">ProMover<\/a><\/li>\n<li> BBB akredit\u0113ts uz\u0146\u0113mums<\/li>\n<li> <a href=\"https:\/\/moverdb.com\/lv\/kanadas-parvaceju-asociacija\/\">Kan\u0101das P\u0101rv\u0101c\u0113ju asoci\u0101cija<\/a> (<a href=\"https:\/\/moverdb.com\/lv\/canadian-association-of-movers\/\" data-internallinksmanager029f6b8e52c=\"11\" title=\"Kan\u0101das P\u0101rv\u0101c\u0113ju asoci\u0101cijas (CAM) skaidrojums\">CAM<\/a>)<\/li>\n<\/ul>\n<h2>Zieme\u013camerikas Van Lines atsauksmes<\/h2>\n<p><strong>Pozit\u012bvi:<\/strong><\/p>\n<ul>\n<li>  <em>\"M\u0113s visu laiku p\u0101rv\u0101camies, un \u0161is bija lab\u0101kais p\u0101rv\u0101k\u0161an\u0101s gad\u012bjums. Mums nekad nav bijis p\u0101rv\u0101k\u0161an\u0101s, kad viss b\u016btu bijis tik lieliski. Viss bija vienk\u0101r\u0161i br\u012bni\u0161\u0137\u012bgi.\"<\/em> - Justin P klients <a href=\"https:\/\/www.northamerican.com\/\" target=\"_blank\" rel=\"noopener\">atsauksme no vi\u0146u t\u012bmek\u013ca vietnes<\/a>.<\/li>\n<li> <em>\"Vienm\u0113r savlaic\u012bga, efekt\u012bva, personiska un patie\u0161\u0101m noder\u012bga. M\u0113s bij\u0101m pat\u012bkami p\u0101rsteigti, ka p\u0113c tam, kad m\u016bsu gofri tika iekrauti un nosv\u0113rti, mums paties\u012bb\u0101 tika iekas\u0113ta maz\u0101ka maksa par nor\u0101d\u012bto summu! Es noteikti ieteiktu vi\u0146us!<\/em>\" - Candace via <a href=\"http:\/\/www.bbb.org\/northernindiana\/business-reviews\/movers\/north-american-van-lines-in-fort-wayne-in-90077877\/customer-reviews\" target=\"_blank\" rel=\"noopener\">BBB<\/a><\/li>\n<li> <em>\"P\u0101rcel\u0161an\u0101s no vienas m\u0101jas ar garu, v\u0113jainu un \u0161auru piebraucamo ce\u013cu uz citu simtiem j\u016bd\u017eu t\u0101lu nebija viegls uzdevums nevienam p\u0101rv\u0101c\u0113jam. Ta\u010du North American Van Lines nodro\u0161in\u0101ja br\u012bni\u0161\u0137\u012bgu pieredzi, kas padar\u012bja p\u0101rv\u0101k\u0161anos maz\u0101k stresa... un, at\u013cau\u0161os teikt, jautru?\"<\/em> - Phyllis via <a href=\"https:\/\/www.facebook.com\/northAmericanVL\/reviews#\" target=\"_blank\" rel=\"noopener\">Facebook<\/a><\/li>\n<\/ul>\n<p><strong>Negat\u012bvs:<\/strong><\/p>\n<ul>\n<li> <em>\"\u0160ausm\u012bga pieredze ar \u0161o uz\u0146\u0113mumu. Es izmantoju tos, lai p\u0101rceltos no Baltimoras uz <a href=\"https:\/\/moverdb.com\/lv\/parvietojas-uz-san-francisco\/\">Sanfrancisko<\/a>.  Vi\u0146i izmanto viet\u0113jos <a href=\"https:\/\/moverdb.com\/lv\/moving-companies\/\" data-internallinksmanager029f6b8e52c=\"79\" title=\"Top 25 Starptautiskie p\u0101rcel\u0161an\u0101s uz\u0146\u0113mumi tie\u0161saist\u0113\">P\u0101rvieto\u0161an\u0101s uz\u0146\u0113mumi<\/a> nosl\u0113gt l\u012bgumu ar North American, lai sa\u0146emtu un nog\u0101d\u0101tu j\u016bsu mantas.\"<\/em> - Niks caur <a href=\"http:\/\/www.mymovingreviews.com\/movers\/north-american-van-lines-287#33438\" target=\"_blank\" rel=\"noopener\">MyMovingReviews<\/a><\/li>\n<li> <em>\"P\u0101reja no <a href=\"https:\/\/moverdb.com\/lv\/moving-companies\/moving-companies-peru\/\" data-internallinksmanager029f6b8e52c=\"273\" title=\"9 Lab\u0101kie starptautisk\u0101s p\u0101rcel\u0161an\u0101s uz\u0146\u0113mumi Peru\">Peru<\/a> uz <a href=\"https:\/\/moverdb.com\/lv\/moving-to-the-united-states\/moving-to-iowa\/\" data-internallinksmanager029f6b8e52c=\"463\" title=\"P\u0101rcel\u0161an\u0101s uz Aiovu? 2024 Dz\u012bves izmaksas un p\u0101rcel\u0161an\u0101s padomi\">Iowa<\/a> bija murgs. Slikt\u0101kais bija tas, ka kravas automa\u0161\u012bnu izkr\u0101va \"profesion\u0101\u013ci\" no \"North American Van Lines\".\"<\/em> - Art\u016brs, izmantojot <a href=\"https:\/\/www.consumeraffairs.com\/movers\/north_american.htm\" target=\"_blank\" rel=\"noopener\">Pat\u0113r\u0113t\u0101ju lietas<\/a><\/li>\n<li> <em>\"Ir pag\u0101ju\u0161as 10 dienas, kop\u0161 manas lietas tika pa\u0146emtas no <a href=\"https:\/\/moverdb.com\/lv\/moving-to-the-united-states\/moving-to-oklahoma\/\" data-internallinksmanager029f6b8e52c=\"453\" title=\"P\u0101rcel\u0161an\u0101s uz Oklahomu? 2024 Dz\u012bves izmaksas un p\u0101rcel\u0161an\u0101s padomi\">Oklahoma<\/a>.Pieg\u0101des termi\u0146\u0101 ir paliku\u0161as tikai 2 darba dienas, un vi\u0146i tikko noskaidroja, ka \u0161oferis nekad nav pa\u0146\u0113mis manas lietas.\"<\/em> - izmantojot <a href=\"http:\/\/north-american-van-lines.pissedconsumer.com\/left-my-stuff-behind-20160401821464.html\" target=\"_blank\" rel=\"noopener\">Iedusmots pat\u0113r\u0113t\u0101js<\/a><\/li>\n<\/ul>\n<div itemprop=\"review\" itemscope itemtype=\"http:\/\/schema.org\/Review\">\n<span itemprop=\"author\" itemscope=\"\" itemtype=\"http:\/\/schema.org\/Organization\"><span itemprop=\"name\">MoverDB.com<\/span><\/span> Tie\u0161saistes vietnes p\u0101rskats par <span itemprop=\"itemreviewed\" itemscope=\"\" itemtype=\"http:\/\/schema.org\/Brand\"><span itemprop=\"name\">North American Van Lines<\/span><\/span>:<\/p>\n<ol>\n<li> Skaidra kontaktinform\u0101cija t\u012bmek\u013ca vietn\u0113 (tostarp t\u0101lru\u0146a numurs): <strong>J\u0101<\/strong><\/li>\n<li> Viegli ieg\u016bt <a href=\"https:\/\/moverdb.com\/lv\/citati\/\">starptautiskie p\u0101rvietojas cit\u0101ti<\/a>? (Tie\u0161saistes t\u0101mes piepras\u012bjuma veidlapa): <strong>J\u0101<\/strong><\/li>\n<li> Skaidra inform\u0101cija t\u012bmek\u013ca vietn\u0113: <strong>J\u0101<\/strong>, daudz inform\u0101cijas par iek\u0161zemes un starptautiskiem p\u0101rv\u0101k\u0161an\u0101s pas\u0101kumiem.<\/li>\n<li> Dal\u012bba starptautiski atz\u012bt\u0101s kust\u012bbu organiz\u0101cij\u0101s: <strong>J\u0101<\/strong>, skat\u012bt iepriek\u0161<\/li>\n<li> Klientu saraksts un\/vai iepriek\u0161\u0113jo klientu atsauksmes. <strong>J\u0101,<\/strong> lap\u0101 ir daudz atsauksmju, bet liel\u0101k\u0101 da\u013ca no t\u0101m ir diezgan \u012bsas.<\/li>\n<\/ol>\n<div itemprop=\"reviewRating\" itemscope itemtype=\"http:\/\/schema.org\/Rating\"><meta itemprop=\"worstRating\" content = \"0\" \/><meta itemprop=\"bestRating\" content=\"4.5\" \/><meta itemprop=\"ratingValue\" content=\"5\"><\/div>\n<p><strong>Kop\u0113jais v\u0113rt\u0113jums: 4,5\/5<\/strong><br \/>\n<strong>P\u0101rskata datums:<\/strong> <span itemprop=\"datePublished\" content=\"2016-08-24\">04\/08\/2016<\/span>\n<\/div>\n<p>Las\u012bt vair\u0101k par <a href=\"https:\/\/moverdb.com\/lv\/parvietojas-uznemumi\/\">starptautiskie p\u0101rvietot\u0101ji<\/a>, <a href=\"https:\/\/moverdb.com\/lv\/us-kanada-parvietotaji\/\">Kan\u0101das un ASV p\u0101rvietot\u0101ji<\/a> un m\u016bsu <a href=\"https:\/\/moverdb.com\/lv\/atsauksmes\/\">P\u0101rcel\u0161an\u0101s p\u0101rskat\u012b\u0161anas process<\/a>.<\/p>\n<p><strong>T\u012bmek\u013ca vietnes:<\/strong><br \/>\n<a href=\"https:\/\/moverdb.com\/lv\/moving-to-the-united-states\/\" data-internallinksmanager029f6b8e52c=\"94\" title=\"P\u0101rce\u013caties uz Amerikas Savienotaj\u0101m Valst\u012bm? 2022 Dz\u012bves izmaksas un p\u0101rcel\u0161an\u0101s padomi\">ASV<\/a>: <a href=\"https:\/\/www.northamerican.com\/\" target=\"_blank\" rel=\"noopener\">https:\/\/www.northamerican.com\/<\/a><br \/>\n<a href=\"https:\/\/moverdb.com\/lv\/moving-to-canada\/\" data-internallinksmanager029f6b8e52c=\"265\" title=\"P\u0101rcel\u0161an\u0101s uz Kan\u0101du? 2023 Dz\u012bves izmaksas un p\u0101rcel\u0161an\u0101s padomi\">Kan\u0101da<\/a>: <a href=\"http:\/\/www.northamericanvanlines.ca\/\" target=\"_blank\" rel=\"noopener\">http:\/\/www.northamericanvanlines.ca\/<\/a><\/p>","protected":false},"excerpt":{"rendered":"<p>North American Van Lines offer their customers services for international, corporate and domestic moves. A list of these services follows, together with a company profile and reviews. International Moving for Individuals and Companies Door to door service Packing, padding and protecting belongings Disassembling furniture Ship containers for every application Advice on what to pack and [&hellip;]<\/p>\n","protected":false},"author":1,"featured_media":0,"parent":0,"menu_order":0,"comment_status":"closed","ping_status":"closed","template":"","meta":{"_genesis_hide_title":false,"_genesis_hide_breadcrumbs":false,"_genesis_hide_singular_image":false,"_genesis_hide_footer_widgets":false,"_genesis_custom_body_class":"","_genesis_custom_post_class":"","_genesis_layout":"","footnotes":""},"class_list":{"0":"post-1075","1":"page","2":"type-page","3":"status-publish","5":"entry"},"_links":{"self":[{"href":"https:\/\/moverdb.com\/lv\/wp-json\/wp\/v2\/pages\/1075","targetHints":{"allow":["GET"]}}],"collection":[{"href":"https:\/\/moverdb.com\/lv\/wp-json\/wp\/v2\/pages"}],"about":[{"href":"https:\/\/moverdb.com\/lv\/wp-json\/wp\/v2\/types\/page"}],"author":[{"embeddable":true,"href":"https:\/\/moverdb.com\/lv\/wp-json\/wp\/v2\/users\/1"}],"replies":[{"embeddable":true,"href":"https:\/\/moverdb.com\/lv\/wp-json\/wp\/v2\/comments?post=1075"}],"version-history":[{"count":11,"href":"https:\/\/moverdb.com\/lv\/wp-json\/wp\/v2\/pages\/1075\/revisions"}],"predecessor-version":[{"id":6227,"href":"https:\/\/moverdb.com\/lv\/wp-json\/wp\/v2\/pages\/1075\/revisions\/6227"}],"wp:attachment":[{"href":"https:\/\/moverdb.com\/lv\/wp-json\/wp\/v2\/media?parent=1075"}],"curies":[{"name":"wp","href":"https:\/\/api.w.org\/{rel}","templated":true}]}}