{"id":1064,"date":"2016-08-12T14:50:41","date_gmt":"2016-08-12T14:50:41","guid":{"rendered":"http:\/\/moverdb.com\/?page_id=1064"},"modified":"2026-01-08T13:18:24","modified_gmt":"2026-01-08T13:18:24","slug":"graebel-van-lines","status":"publish","type":"page","link":"https:\/\/moverdb.com\/lv\/graebel-van-lines\/","title":{"rendered":"Graebel Van Lines: Starptautiskie p\u0101rcel\u0161an\u0101s pakalpojumi un atsauksmes"},"content":{"rendered":"<p>Graebel Van Lines galvenais birojs atrodas Auror\u0101, CO. Uz\u0146\u0113mums saviem klientiem pied\u0101v\u0101 pla\u0161u pakalpojumu kl\u0101stu, kas uzskait\u012bti turpm\u0101k. Turpat ir ar\u012b uz\u0146\u0113muma profils un atsauksmes.<\/p>\n<p><strong>Starptautisk\u0101 p\u0101rcel\u0161an\u0101s<\/strong><\/p>\n<ul>\n<li> Tiek nor\u012bkots \u012bpa\u0161s klientu apkalpo\u0161anas koordinators<\/li>\n<li> Detaliz\u0113ts apsekojums m\u0101j\u0101s<\/li>\n<li> Piel\u0101gots p\u0101rvieto\u0161an\u0101s pl\u0101ns<\/li>\n<li> No durv\u012bm l\u012bdz durv\u012bm<\/li>\n<li> Starptautiski apm\u0101c\u012bti iepakot\u0101ji un iekr\u0101v\u0113ji<\/li>\n<li> Lab\u0101k\u0101s kvalit\u0101tes iepakojuma materi\u0101li<\/li>\n<li> Piel\u0101gota iesai\u0146o\u0161ana<\/li>\n<li> Koordin\u0101cija ar vado\u0161ajiem licenc\u0113tajiem glob\u0101lajiem p\u0101rvad\u0101t\u0101jiem<\/li>\n<li> Noliktavas - da\u017eas ar klimata kontroli<\/li>\n<li> Muito\u0161ana<\/li>\n<li> Pieg\u0101de un izpako\u0161ana<\/li>\n<\/ul>\n<p><strong>P\u0101rv\u0101k\u0161an\u0101s uz dz\u012bvojam\u0101m telp\u0101m<\/strong><\/p>\n<ul>\n<li> Pakalpojums no durv\u012bm l\u012bdz durv\u012bm<\/li>\n<li> Vienots kontaktpunkts vis\u0101 p\u0101rvieto\u0161anas laik\u0101<\/li>\n<li> Ja nepiecie\u0161ams, iepako\u0161ana un izpako\u0161ana<\/li>\n<li> Viet\u0113jie, t\u0101lsatiksmes un starptautiskie p\u0101rv\u0101k\u0161an\u0101s pakalpojumi<\/li>\n<li> Ilgtermi\u0146a un \u012bstermi\u0146a uzglab\u0101\u0161anas telpas<\/li>\n<\/ul>\n<p><strong>Darba vietas p\u0101rvieto\u0161ana<\/strong><\/p>\n<ul>\n<li> Pirms un p\u0113c gr\u012bdas pl\u0101ns<\/li>\n<li> Detaliz\u0113ts invent\u0101ra saraksts<\/li>\n<li> Ilgtermi\u0146a un \u012bstermi\u0146a uzglab\u0101\u0161ana<\/li>\n<li> Datorsist\u0113mu atvieno\u0161ana un atk\u0101rtota piesl\u0113g\u0161ana<\/li>\n<li> M\u0113be\u013cu demont\u0101\u017ea un atk\u0101rtota mont\u0101\u017ea<\/li>\n<li> Atbild\u012bga r\u012bc\u012bba ar akt\u012bviem<\/li>\n<li> Uz\u0146\u0113mumu m\u012bt\u0146u, biroju un vienreiz\u0113ju biroju p\u0101rvieto\u0161ana.<\/li>\n<li> Apak\u0161uz\u0146\u0113m\u0113ju, datu, telefonijas un elektr\u012bbas koordin\u0101cija.<\/li>\n<li> Prec\u012bzas biroja p\u0101rvieto\u0161anas apl\u0113ses par apr\u012bkojumu, cilv\u0113kiem, materi\u0101liem un kop\u0113j\u0101m izmaks\u0101m.<\/li>\n<li> P\u0101rvieto\u0161anas-pievieno\u0161anas-izmai\u0146u (MAC) p\u0101rvald\u012bba.<\/li>\n<li> P\u0101rbaud\u012bti biroja p\u0101rcel\u0161an\u0101s kontrolsaraksti, pl\u0101no\u0161ana un procesi.<\/li>\n<li> Dokumentu glab\u0101\u0161ana un izn\u012bcin\u0101\u0161ana.<\/li>\n<li> Augsta bl\u012bvuma kartot\u0113kas sist\u0113mas un glab\u0101\u0161anas risin\u0101jumi.<\/li>\n<li> <a href=\"https:\/\/moverdb.com\/lv\/british-association-of-removers\/\" data-internallinksmanager029f6b8e52c=\"9\" title=\"Lielbrit\u0101nijas P\u0101rv\u0101c\u0113ju asoci\u0101cijas (BAR) skaidrojumi\">B\u0101rs<\/a>-kod\u0113ta kr\u0101jumu p\u0101rvald\u012bba.<\/li>\n<li> P\u0101rvad\u0101jumi vis\u0101 pasaul\u0113, tostarp maz\u0101k nek\u0101 kravas automa\u0161\u012bnas, kravas automa\u0161\u012bnas un kravas furgonu pakalpojumi.<\/li>\n<li> Noliktavas un izplat\u012b\u0161anas pakalpojumi.<\/li>\n<li> \"Just-In-Time\" pieg\u0101des pakalpojumi.<\/li>\n<li> Vienota avota lo\u0123istikas pakalpojumi un p\u0101rvald\u012bba.<\/li>\n<li> Sist\u0113mu m\u0113be\u013cu transport\u0113\u0161ana, pieg\u0101de, uzst\u0101d\u012b\u0161ana un p\u0101rkonfigur\u0113\u0161ana.<\/li>\n<li> Viesm\u012bl\u012bbas nozares m\u0113be\u013cu, iek\u0101rtu un apr\u012bkojuma (FF&amp;E) pakalpojumi.<\/li>\n<li> Vesel\u012bbas apr\u016bpes nozares p\u0101rvieto\u0161anas pakalpojumi.<\/li>\n<\/ul>\n<p><strong>Uz\u0146\u0113mumu, vald\u012bbas un milit\u0101rie p\u0101rvadi<\/strong><\/p>\n<ul>\n<li> Cietumu birojs<\/li>\n<li> M\u0101r\u0161alu dienests<\/li>\n<li> Narkotiku apkaro\u0161anas p\u0101rvalde (DEA)<\/li>\n<li> Veter\u0101nu lietu departaments (VA)<\/li>\n<li> Feder\u0101lais izmekl\u0113\u0161anas birojs (FIB)<\/li>\n<li> CSP birojs<\/li>\n<li> Slim\u012bbu kontroles un profilakses centri (CDC)<\/li>\n<li> Iek\u0161\u0113jo ie\u0146\u0113mumu dienests (IRS)<\/li>\n<\/ul>\n<h2>Graebel Van Lines uz\u0146\u0113muma profils<\/h2>\n<p>Graebel Van Lines ir liel\u0101kais priv\u0101tais <a href=\"https:\/\/moverdb.com\/lv\/moving-companies\/\" data-internallinksmanager029f6b8e52c=\"79\" title=\"Top 25 Starptautiskie p\u0101rcel\u0161an\u0101s uz\u0146\u0113mumi tie\u0161saist\u0113\">P\u0101rvieto\u0161an\u0101s uz\u0146\u0113mums<\/a> in the <a href=\"https:\/\/moverdb.com\/lv\/moving-to-the-united-states\/\" data-internallinksmanager029f6b8e52c=\"94\" title=\"P\u0101rce\u013caties uz Amerikas Savienotaj\u0101m Valst\u012bm? 2022 Dz\u012bves izmaksas un p\u0101rcel\u0161an\u0101s padomi\">Amerikas Savienot\u0101s Valstis<\/a> un t\u0101s galven\u0101 m\u012btne atrodas Auror\u0101, CO. Uz\u0146\u0113mums jau 66 gadus veic \u0123ime\u0146u, uz\u0146\u0113mumu, vald\u012bbas un milit\u0101r\u0101 person\u0101la p\u0101rvieto\u0161anu vis\u0101 pasaul\u0113 un ASV teritorij\u0101. <\/p>\n<p>Uz\u0146\u0113mums pied\u0101v\u0101 pilna servisa risin\u0101jumus ikviena klienta vajadz\u012bb\u0101m neatkar\u012bgi no t\u0101, vai tas ir neliels darbs, piem\u0113ram, biroja remonts, vai apjom\u012bgs uzdevums, piem\u0113ram, slimn\u012bcas p\u0101rcel\u0161an\u0101s uz jaun\u0101m telp\u0101m.<\/p>\n<p>Uz\u0146\u0113mumam Graebel Van Lines ir 4 miljoni kvadr\u0101tp\u0113du noliktavu vis\u0101 valst\u012b, un tam ir 828 transportl\u012bdzek\u013ci. Visi uz\u0146\u0113muma darbinieki ir apm\u0101c\u012bti atbilsto\u0161i visaugst\u0101kajiem standartiem.<\/p>\n<p>Graebel Van Lines pieder\u012bba un akredit\u0101cijas:<\/p>\n<ul>\n<li> <a href=\"https:\/\/moverdb.com\/lv\/ritenu-novirzitajs\/\">ProMover<\/a><\/li>\n<li> <a href=\"https:\/\/moverdb.com\/lv\/amsa\/\" target=\"_blank\" rel=\"noopener\">Amerikas P\u0101rv\u0101k\u0161an\u0101s un uzglab\u0101\u0161anas asoci\u0101cija<\/a> (<a href=\"https:\/\/moverdb.com\/lv\/amsa\/\" data-internallinksmanager029f6b8e52c=\"5\" title=\"Amerikas P\u0101rv\u0101k\u0161an\u0101s un uzglab\u0101\u0161anas asoci\u0101cijas (AMSA) skaidrojums\">AMSA<\/a>)<\/li>\n<li> Starptautiskais biroja p\u0101rcel\u0161an\u0101s instit\u016bts (IOMI)<\/li>\n<\/ul>\n<h2>Graebel Van Lines atsauksmes<\/h2>\n<p><strong>Pozit\u012bvi:<\/strong><\/p>\n<ul>\n<li> <em>\"Graebel Van Lines veica izcilu darbu manas p\u0101rcel\u0161an\u0101s laik\u0101. Vi\u0146i mani p\u0101rc\u0113la \u012bs\u0101 laik\u0101, laic\u012bgi, un viss tika nog\u0101d\u0101ts tur, kur man bija nepiecie\u0161ams.\" <\/em> - Michelle T via <a href=\"https:\/\/www.yelp.com\/biz\/graebel-van-lines-kent\" target=\"_blank\" rel=\"noopener\">Yelp<\/a><\/li>\n<li>  <em>\"Es ievietoju \u0161o zi\u0146u, jo esmu redz\u0113jis daudz sliktu atsauksmju par Graebel's, bet mana pieredze bija pozit\u012bva.\"<\/em> - Sue Sok via <a href=\"http:\/\/www.mymovingreviews.com\/movers\/graebel-406#28293\" target=\"_blank\" rel=\"noopener\">MyMovingReviews.com<\/a><\/li>\n<\/ul>\n<p><strong>Negat\u012bvs:<\/strong><\/p>\n<ul>\n<li> \"<em>Esmu izmantojis Graebel's pakalpojumus jau tr\u012bs p\u0101rv\u0101k\u0161an\u0101s reizes, un ar katru n\u0101kamo pieredze k\u013c\u016bst arvien slikt\u0101ka un slikt\u0101ka.\"<\/em> - Michael C via <a href=\"http:\/\/www.yelp.com\/biz\/graebel-van-lines-san-jose?hrid=KdToWSepoqbs7wLCd4UE0A&#038;utm_campaign=www_review_share_popup&#038;utm_medium=copy_link&#038;utm_source=(direct)\" target=\"_blank\" rel=\"noopener\">Yelp<\/a> <\/li>\n<li> \"<em>Es neiesaku \u0161o uz\u0146\u0113mumu!!!\"<\/em> Don Mcnasby via <a href=\"http:\/\/www.mymovingreviews.com\/movers\/graebel-406#47223\" target=\"_blank\" rel=\"noopener\">MyMovingReviews.com<\/a><\/li>\n<\/ul>\n<div itemprop=\"review\" itemscope itemtype=\"http:\/\/schema.org\/Review\">\n<span itemprop=\"author\" itemscope=\"\" itemtype=\"http:\/\/schema.org\/Organization\"><span itemprop=\"name\">MoverDB.com<\/span><\/span> Tie\u0161saistes vietnes p\u0101rskats par <span itemprop=\"itemreviewed\" itemscope=\"\" itemtype=\"http:\/\/schema.org\/Brand\"><span itemprop=\"name\">Graebel Van Lines<\/span><\/span>:<\/p>\n<ol>\n<li> Skaidra kontaktinform\u0101cija t\u012bmek\u013ca vietn\u0113 (tostarp t\u0101lru\u0146a numurs): <strong>J\u0101<\/strong><\/li>\n<li> Viegli ieg\u016bt <a href=\"https:\/\/moverdb.com\/lv\/citati\/\">starptautiskie p\u0101rvietojas cit\u0101ti<\/a>? (Tie\u0161saistes t\u0101mes piepras\u012bjuma veidlapa): <strong>J\u0101<\/strong><\/li>\n<li> Skaidra inform\u0101cija t\u012bmek\u013ca vietn\u0113: <strong>Da\u017ei<\/strong>, T\u012bmek\u013ca vietn\u0113 nav daudz detaliz\u0113tas inform\u0101cijas. Dom\u0101jams, ka t\u0101 tiks sniegta kop\u0101 ar piel\u0101gotu pl\u0101nu.<\/li>\n<li> Dal\u012bba starptautiski atz\u012bt\u0101s kust\u012bbu organiz\u0101cij\u0101s: <strong>J\u0101<\/strong>, (sk. iepriek\u0161)<\/li>\n<li> Klientu saraksts un\/vai iepriek\u0161\u0113jo klientu atsauksmes: <strong>N\u0113<\/strong> Tom\u0113r t\u012bmek\u013ca vietn\u0113 ir min\u0113ts, ka vi\u0146i ir vald\u012bbas un Fortune 500 uz\u0146\u0113mumu iecien\u012bts pakalpojumu sniedz\u0113js.<\/li>\n<\/ol>\n<div itemprop=\"reviewRating\" itemscope itemtype=\"http:\/\/schema.org\/Rating\"><meta itemprop=\"worstRating\" content = \"0\" \/><meta itemprop=\"bestRating\" content=\"5\" \/><meta itemprop=\"ratingValue\" content=\"3.5\"><\/div>\n<p><strong>Kop\u0113jais v\u0113rt\u0113jums: 3,5\/5<\/strong><br \/>\n<strong>P\u0101rskata datums:<\/strong> <span itemprop=\"datePublished\" content=\"2016-08-11\">11\/08\/2016<\/span>\n<\/div>\n<p>Las\u012bt vair\u0101k par <a href=\"https:\/\/moverdb.com\/lv\/parvietojas-uznemumi\/\">starptautiskie p\u0101rvietot\u0101ji<\/a>, <a href=\"https:\/\/moverdb.com\/lv\/us-kanada-parvietotaji\/\">Amerik\u0101\u0146u p\u0101rvietojas uz\u0146\u0113mumi<\/a> un m\u016bsu <a href=\"https:\/\/moverdb.com\/lv\/atsauksmes\/\">p\u0101rskat\u012b\u0161anas process<\/a>.<\/p>\n<p><strong>T\u012bmek\u013ca vietne:<\/strong> <a href=\"https:\/\/www.graebelmoving.com\" target=\"_blank\" rel=\"noopener\">https:\/\/www.graebelmoving.com<\/a><\/p>","protected":false},"excerpt":{"rendered":"<p>Graebel Van Lines is headquartered in Aurora, CO. The company offers its customers a wide range of services which are listed below. There also follows a company profile and reviews. International Moving A dedicated customer service coordinator is assigned Detailed in-home survey Customised move plan Door to door Internationally trained packers and loaders Finest quality [&hellip;]<\/p>\n","protected":false},"author":1,"featured_media":0,"parent":0,"menu_order":0,"comment_status":"closed","ping_status":"closed","template":"","meta":{"_genesis_hide_title":false,"_genesis_hide_breadcrumbs":false,"_genesis_hide_singular_image":false,"_genesis_hide_footer_widgets":false,"_genesis_custom_body_class":"","_genesis_custom_post_class":"","_genesis_layout":"","footnotes":""},"class_list":{"0":"post-1064","1":"page","2":"type-page","3":"status-publish","5":"entry"},"_links":{"self":[{"href":"https:\/\/moverdb.com\/lv\/wp-json\/wp\/v2\/pages\/1064","targetHints":{"allow":["GET"]}}],"collection":[{"href":"https:\/\/moverdb.com\/lv\/wp-json\/wp\/v2\/pages"}],"about":[{"href":"https:\/\/moverdb.com\/lv\/wp-json\/wp\/v2\/types\/page"}],"author":[{"embeddable":true,"href":"https:\/\/moverdb.com\/lv\/wp-json\/wp\/v2\/users\/1"}],"replies":[{"embeddable":true,"href":"https:\/\/moverdb.com\/lv\/wp-json\/wp\/v2\/comments?post=1064"}],"version-history":[{"count":6,"href":"https:\/\/moverdb.com\/lv\/wp-json\/wp\/v2\/pages\/1064\/revisions"}],"predecessor-version":[{"id":6216,"href":"https:\/\/moverdb.com\/lv\/wp-json\/wp\/v2\/pages\/1064\/revisions\/6216"}],"wp:attachment":[{"href":"https:\/\/moverdb.com\/lv\/wp-json\/wp\/v2\/media?parent=1064"}],"curies":[{"name":"wp","href":"https:\/\/api.w.org\/{rel}","templated":true}]}}