{"id":1060,"date":"2016-08-21T20:38:32","date_gmt":"2016-08-21T20:38:32","guid":{"rendered":"http:\/\/moverdb.com\/?page_id=1060"},"modified":"2026-01-08T15:20:47","modified_gmt":"2026-01-08T15:20:47","slug":"suddath","status":"publish","type":"page","link":"https:\/\/moverdb.com\/lv\/suddath\/","title":{"rendered":"Suddath: P\u0101rv\u0101k\u0161an\u0101s un p\u0101rcel\u0161an\u0101s Atsauksmes"},"content":{"rendered":"<p>Suddath saviem klientiem pied\u0101v\u0101 pilnu p\u0101rcel\u0161an\u0101s un uzglab\u0101\u0161anas pakalpojumu kl\u0101stu gan starptautisk\u0101, gan viet\u0113j\u0101 m\u0113rog\u0101. Tie ir uzskait\u012bti turpm\u0101k, pievienojot uz\u0146\u0113muma profilu un atsauksmes.<\/p>\n<p><strong>Starptautisk\u0101 p\u0101rcel\u0161an\u0101s un uzglab\u0101\u0161ana<\/strong><\/p>\n<ul>\n<li> M\u0101jsaimniec\u012bbas pre\u010du s\u016bt\u012bjumi<\/li>\n<li> Pie\u0161\u0137irtais p\u0101rvieto\u0161an\u0101s konsultants<\/li>\n<li> Pirms p\u0101rv\u0101k\u0161an\u0101s komplekts<\/li>\n<li> Muitas inform\u0101cija un konsult\u0101cijas<\/li>\n<li> Inform\u0101cija par galam\u0113r\u0137i<\/li>\n<li> Uzglab\u0101\u0161anas iek\u0101rtas<\/li>\n<li> V\u0113rt\u0113\u0161anas vai apdro\u0161in\u0101\u0161anas konsult\u0101cijas<\/li>\n<\/ul>\n<p><strong>Uz\u0146\u0113muma p\u0101rvieto\u0161anas politikas un programmu p\u0101rvald\u012bba<\/strong><\/p>\n<ul>\n<li> P\u0101rcel\u0161an\u0101s politikas p\u0101rskat\u012b\u0161ana un\/vai izstr\u0101de<\/li>\n<li> Politikas administr\u0113\u0161ana<\/li>\n<li> Specializ\u0113ta, pieredz\u0113jusi klientu vad\u012bbas komanda<\/li>\n<li> Kvalit\u0101tes nodro\u0161in\u0101\u0161anas programma ar izm\u0113r\u0101miem r\u0101d\u012bt\u0101jiem<\/li>\n<li> Tie\u0161saistes piek\u013cuve vai zi\u0146o\u0161ana un s\u016bt\u012bjumu izseko\u0161ana<\/li>\n<\/ul>\n<p><strong>Citi glob\u0101l\u0101s mobilit\u0101tes pakalpojumi<\/strong><\/p>\n<ul>\n<li> Glob\u0101l\u0101s politikas sal\u012bdzino\u0161\u0101 nov\u0113rt\u0113\u0161ana, p\u0101rskat\u012b\u0161ana un pilnveido\u0161ana<\/li>\n<li> Izbrauk\u0161anas un m\u0101jas p\u0101rdo\u0161anas pakalpojumi<\/li>\n<li> Izmaksu prognozes<\/li>\n<li> Kandid\u0101tu nov\u0113rt\u0113jums<\/li>\n<li> Nodok\u013cu un soci\u0101l\u0101s nodro\u0161in\u0101\u0161anas konsult\u0101cijas<\/li>\n<li> Past\u0101v\u012bgi nor\u012bkojumu pakalpojumi<\/li>\n<li> Brauciens pirms nor\u012bkojuma<\/li>\n<li> Starpkult\u016bru, uz\u0146\u0113m\u0113jdarb\u012bbas izpratnes un valodu apm\u0101c\u012bba<\/li>\n<li> Auto l\u012bzings vai finans\u0113jums<\/li>\n<li> Skolas mekl\u0113\u0161ana<\/li>\n<li> Repatri\u0101cijas programma<\/li>\n<\/ul>\n<p><strong>Vald\u012bbas p\u0101rvieto\u0161ana un uzglab\u0101\u0161ana vis\u0101 pasaul\u0113<\/strong><\/p>\n<ul>\n<li> Pilna servisa pakalpojumi vald\u012bbas un milit\u0101rajiem dienestiem<\/li>\n<\/ul>\n<p><strong><a href=\"https:\/\/moverdb.com\/lv\/moving-to-the-united-states\/\" data-internallinksmanager029f6b8e52c=\"94\" title=\"P\u0101rce\u013caties uz Amerikas Savienotaj\u0101m Valst\u012bm? 2022 Dz\u012bves izmaksas un p\u0101rcel\u0161an\u0101s padomi\">ASV<\/a> P\u0101rv\u0101k\u0161an\u0101s un uzglab\u0101\u0161ana dz\u012bvojam\u0101s telp\u0101s<\/strong><\/p>\n<p><strong>Uz\u0146\u0113mumu p\u0101rvieto\u0161ana<\/strong><\/p>\n<ul>\n<li> Politikas nov\u0113rt\u0113\u0161ana un apsprie\u0161an\u0101s par p\u0101rvieto\u0161anu<\/li>\n<li> P\u0101rvieto\u0161anas p\u0101rvald\u012bba<\/li>\n<li> Grupas p\u0101rvieto\u0161an\u0101s<\/li>\n<li> Vienots kontaktpunkts<\/li>\n<li> M\u0101jsaimniec\u012bbas pre\u010du transport\u0113\u0161ana<\/li>\n<li> Citi p\u0101rcel\u0161an\u0101s pakalpojumi (tostarp ar nekustamo \u012bpa\u0161umu saist\u012bti pakalpojumi, hipot\u0113kas, m\u0101jok\u013ca mekl\u0113\u0161ana, galam\u0113r\u0137a pakalpojumi).<\/li>\n<\/ul>\n<p><strong>Dz\u012bvojamo \u0113ku, priv\u0101tpersonu p\u0101rvieto\u0161ana<\/strong><\/p>\n<ul>\n<li> Pirms p\u0101rcel\u0161an\u0101s veikt\u0101 t\u0101me<\/li>\n<li> Specializ\u0113ts p\u0101rcel\u0161an\u0101s koordinators<\/li>\n<li> Iepako\u0161anas pakalpojumi (izcelsmes un galam\u0113r\u0137a viet\u0101)<\/li>\n<li> Iepako\u0161anas piederumi<\/li>\n<li> S\u016bt\u012bjumu izseko\u0161ana<\/li>\n<li> Uzglab\u0101\u0161anas pakalpojumi<\/li>\n<li> P\u0101rcel\u0161an\u0101s un ar nekustamo \u012bpa\u0161umu saist\u012bti pakalpojumi<\/li>\n<\/ul>\n<h2>Suddath Uz\u0146\u0113muma profils<\/h2>\n<p>Suddath, Suddath Van Lines un Suddath Relocations Systems ir uz\u0146\u0113mumu \u0123imene, kas aizs\u0101k\u0101s 1919. gad\u0101 D\u017eeksonvil\u0101, <a href=\"https:\/\/moverdb.com\/lv\/moving-to-the-united-states\/moving-to-florida\/\" data-internallinksmanager029f6b8e52c=\"331\" title=\"P\u0101rcel\u0161an\u0101s uz Floridu? 2023 Dz\u012bves izmaksas un p\u0101rcel\u0161an\u0101s padomi\">Florida<\/a> K\u0101rlis Suddats (Carl Suddath), kur\u0161 uzs\u0101ka uz\u0146\u0113muma darb\u012bbu ar vienu furgonu, diviem m\u016b\u013ciem un div\u0101m ce\u013cojumu automa\u0161\u012bn\u0101m, lai apkalpotu jauno kino industriju. Tagad vi\u0146iem ir biroji ASV un <a href=\"https:\/\/moverdb.com\/lv\/moving-to-canada\/\" data-internallinksmanager029f6b8e52c=\"265\" title=\"P\u0101rcel\u0161an\u0101s uz Kan\u0101du? 2023 Dz\u012bves izmaksas un p\u0101rcel\u0161an\u0101s padomi\">Kan\u0101da<\/a> un pla\u0161u a\u0123entu t\u012bklu vis\u0101 pasaul\u0113.<\/p>\n<p>Suddath veic vair\u0101k nek\u0101 75 000 p\u0101rv\u0101k\u0161anos gad\u0101 gan starptautisk\u0101, gan viet\u0113j\u0101 m\u0113rog\u0101 priv\u0101tperson\u0101m, uz\u0146\u0113mumiem, valsts un milit\u0101raj\u0101m strukt\u016br\u0101m. <\/p>\n<p>Vi\u0146i lepojas ar to, ka vi\u0146u galvenie klienti ir da\u017ei no Fortune 500 uz\u0146\u0113mumiem, k\u0101 ar\u012b ASV vald\u012bba. Suddath sniedz pilnu pakalpojumu kl\u0101stu, s\u0101kot ar pirmo pied\u0101v\u0101jumu un beidzot ar izpako\u0161anu un p\u0101rcel\u0161an\u0101s pakalpojumiem.<\/p>\n<p>Suddath ir \u0161\u0101das akredit\u0101cijas un pieder\u012bbas:<\/p>\n<ul>\n<li> <a href=\"https:\/\/moverdb.com\/lv\/fidi-faim\/\">FIDI<\/a><\/li>\n<li> Overseas Moving Network International (OMNI)<\/li>\n<li> <a href=\"https:\/\/moverdb.com\/lv\/esmu\/\">Starptautisk\u0101 P\u0101rv\u0101c\u0113ju asoci\u0101cija<\/a> (<a href=\"https:\/\/moverdb.com\/lv\/iam\/\" data-internallinksmanager029f6b8e52c=\"23\" title=\"Starptautisk\u0101s P\u0101rv\u0101c\u0113ju asoci\u0101cijas (IAM) skaidrojumi\">IAM<\/a>)<\/li>\n<li> <a href=\"https:\/\/moverdb.com\/lv\/lacma\/\" target=\"_blank\" rel=\"noopener\">Lat\u012b\u0146amerikas un Kar\u012bbu j\u016bras re\u0123iona valstu Starptautisko p\u0101rv\u0101c\u0113ju asoci\u0101cija<\/a> (<a href=\"https:\/\/moverdb.com\/lv\/lacma\/\" data-internallinksmanager029f6b8e52c=\"28\" title=\"Lat\u012b\u0146amerikas un Kar\u012bbu j\u016bras re\u0123iona valstu Starptautisko P\u0101rv\u0101c\u0113ju asoci\u0101cija (LACMA)\">LACMA<\/a>)<\/li>\n<li> Panamerikas Starptautisko P\u0101rvad\u0101t\u0101ju asoci\u0101cija (PAIMA)<\/li>\n<li> <a href=\"https:\/\/moverdb.com\/lv\/britu-iznemeju-asociacija\/\" target=\"_blank\" rel=\"noopener\">Lielbrit\u0101nijas P\u0101rv\u0101c\u0113ju asoci\u0101cija<\/a> (<a href=\"https:\/\/moverdb.com\/lv\/british-association-of-removers\/\" data-internallinksmanager029f6b8e52c=\"9\" title=\"Lielbrit\u0101nijas P\u0101rv\u0101c\u0113ju asoci\u0101cijas (BAR) skaidrojumi\">BAR<\/a>)<\/li>\n<li> <a href=\"https:\/\/moverdb.com\/lv\/darbinieku-parcelsanas-padome\/\" target=\"_blank\" rel=\"noopener\">ERC vis\u0101 pasaul\u0113<\/a><\/li>\n<li> Cilv\u0113kresursu vad\u012bbas biedr\u012bba (SHRM)<\/li>\n<li> Klientu tirdzniec\u012bbas partner\u012bba pret terorismu (C-TPAT)<\/li>\n<li> <a href=\"https:\/\/moverdb.com\/lv\/iata\/\" target=\"_blank\" rel=\"noopener\">IATA<\/a><\/li>\n<li> Better Business Bureau (BBB)<\/li>\n<li> ISO 9001-2008<\/li>\n<li> Brookfield Global P\u0101rcel\u0161an\u0101s pakalpojumi<\/li>\n<li> <a href=\"https:\/\/moverdb.com\/lv\/fidi-faim\/\" data-internallinksmanager029f6b8e52c=\"16\" title=\"FIDI un FAIM (FIDI akredit\u0113tais starptautiskais p\u0101rvietot\u0101js) skaidrojums\">FAIM<\/a> Plus<\/li>\n<li> Sertific\u0113ts biroja p\u0101rv\u0101c\u0113js - Starptautiskais biroja p\u0101rv\u0101k\u0161an\u0101s instit\u016bts<\/li>\n<li> <a href=\"https:\/\/moverdb.com\/lv\/ritenu-novirzitajs\/\" target=\"_blank\" rel=\"noopener\">ProMover<\/a><\/li>\n<li> Visp\u0101r\u0113j\u0101 pakalpojumu administr\u0101cija (GSA)<\/li>\n<\/ul>\n<p><strong>Suddath Moving Atsauksmes<\/strong><\/p>\n<p><strong>Pozit\u012bvi:<\/strong><\/p>\n<ul>\n<li> <em>\"Vi\u0146i man pal\u012bdz\u0113ja katr\u0101 p\u0101rcel\u0161an\u0101s procesa posm\u0101.\"<\/em> - Alan H via <a href=\"http:\/\/www.yelp.com\/biz\/suddath-relocation-systems-jacksonville-3?hrid=aZPhVuYjTxAl3ImKZTmp1A&#038;utm_campaign=www_review_share_popup&#038;utm_medium=copy_link&#038;utm_source=(direct)\" target=\"_blank\" rel=\"noopener\">Yelp<\/a><\/li>\n<li> <em>\"Suddath veica lielisku darbu no s\u0101kuma l\u012bdz beig\u0101m - no sazin\u0101\u0161an\u0101s l\u012bdz apseko\u0161anai, iekrau\u0161anai un izkrau\u0161anai, un vi\u0146i iev\u0113roja grafiku. \u012apa\u0161s paldies 4 pui\u0161iem un \u0161oferim, kas veica smagos darbus.\"<\/em> - Wayne Ernest via <a href=\"http:\/\/reviews.birdeye.com\/suddath-relocation-systems-388913888\" target=\"_blank\" rel=\"noopener\">BirdEye<\/a> <\/li>\n<\/ul>\n<p><strong>Negat\u012bvs:<\/strong><\/p>\n<ul>\n<li> <em>\"P\u0113c vair\u0101kiem e-pastiem Suddath smalkie \u013caudis man pied\u0101v\u0101ja $2,350 par maniem $7,500 v\u0113rtajiem tr\u016bksto\u0161ajiem priek\u0161metiem.\" <\/em>Aaron C via <a href=\"http:\/\/www.yelp.com\/biz\/suddath-relocation-systems-jacksonville-3?hrid=NyswOKGKwwPmsuorvGtzew&#038;utm_campaign=www_review_share_popup&#038;utm_medium=copy_link&#038;utm_source=(direct)\" target=\"_blank\" rel=\"noopener\">Yelp<\/a> <\/li>\n<li> \"P\u0113d\u0113jo 15 gadu laik\u0101 esmu vair\u0101kk\u0101rt p\u0101rc\u0113lies, un \u0161is bija absol\u016bti slikt\u0101kais. <a href=\"https:\/\/moverdb.com\/lv\/moving-companies\/\" data-internallinksmanager029f6b8e52c=\"79\" title=\"Top 25 Starptautiskie p\u0101rcel\u0161an\u0101s uz\u0146\u0113mumi tie\u0161saist\u0113\">P\u0101rvieto\u0161an\u0101s uz\u0146\u0113mums<\/a> Ar ko man jebkad ir n\u0101cies saskarties.\" - Peter Burgess via <a href=\"http:\/\/www.mymovingreviews.com\/movers\/suddath-120#26803\" target=\"_blank\" rel=\"noopener\">MyMovingReviews.com<\/a><\/li>\n<\/ul>\n<div itemprop=\"review\" itemscope itemtype=\"http:\/\/schema.org\/Review\">\n<span itemprop=\"author\" itemscope=\"\" itemtype=\"http:\/\/schema.org\/Organization\"><span itemprop=\"name\">MoverDB.com<\/span><\/span> Tie\u0161saistes vietnes p\u0101rskats par <span itemprop=\"itemreviewed\" itemscope=\"\" itemtype=\"http:\/\/schema.org\/Brand\"><span itemprop=\"name\">Suddath<\/span><\/span>:<\/p>\n<ol>\n<li> Skaidra kontaktinform\u0101cija t\u012bmek\u013ca vietn\u0113 (tostarp t\u0101lru\u0146a numurs): <strong>J\u0101<\/strong><\/li>\n<li> Viegli ieg\u016bt <a href=\"https:\/\/moverdb.com\/lv\/citati\/\">starptautiskie p\u0101rvietojas cit\u0101ti<\/a>? (Tie\u0161saistes t\u0101mes piepras\u012bjuma veidlapa): <strong>J\u0101<\/strong><\/li>\n<li> Skaidra inform\u0101cija t\u012bmek\u013ca vietn\u0113: <strong>Da\u013c\u0113js<\/strong>, T\u012bmek\u013ca vietn\u0113 ir daudz lappu\u0161u, ta\u010du liel\u0101k\u0101 da\u013ca inform\u0101cijas ir diezgan visp\u0101r\u012bga.<\/li>\n<li> Dal\u012bba starptautiski atz\u012bt\u0101s kust\u012bbu organiz\u0101cij\u0101s: <strong>J\u0101<\/strong>, daudzi, skat\u012bt iepriek\u0161<\/li>\n<li> Klientu saraksts un\/vai iepriek\u0161\u0113jo klientu atsauksmes: <strong>Da\u017ei,<\/strong> ir gad\u012bjumu izp\u0113te, bet nav detaliz\u0113tu atsauksmju vai atsauksmju.<\/li>\n<\/ol>\n<div itemprop=\"reviewRating\" itemscope itemtype=\"http:\/\/schema.org\/Rating\"><meta itemprop=\"worstRating\" content = \"0\" \/><meta itemprop=\"bestRating\" content=\"5\" \/><meta itemprop=\"ratingValue\" content=\"4\"><\/div>\n<p><strong>Kop\u0113jais v\u0113rt\u0113jums: 4\/5<\/strong><br \/>\n<strong>P\u0101rskata datums:<\/strong> <span itemprop=\"datePublished\" content=\"2016-08-21\">21\/08\/2016<\/span>\n<\/div>\n<p>Las\u012bt vair\u0101k par <a href=\"https:\/\/moverdb.com\/lv\/parvietojas-uznemumi\/\">starptautiskie p\u0101rvietot\u0101ji<\/a>, <a href=\"https:\/\/moverdb.com\/lv\/us-kanada-parvietotaji\/\">Zieme\u013camerikas p\u0101rvietot\u0101ji<\/a> un m\u016bsu <a href=\"https:\/\/moverdb.com\/lv\/atsauksmes\/\">p\u0101rskat\u012b\u0161anas process<\/a>.<\/p>\n<p><strong>T\u012bmek\u013ca vietne:<\/strong> <a href=\"http:\/\/suddath.com\" target=\"_blank\" rel=\"noopener\">http:\/\/suddath.com<\/a><\/p>","protected":false},"excerpt":{"rendered":"<p>Suddath offers its clients full service moving and storage both internationally and locally. These are listed below, together with a company profile and reviews. International Moving and Storage Shipment of household goods Assigned move counsellor Pre-move kit Customs information and counselling Destination information Storage facilities Valuation or insurance counselling Corporate relocation policy and program management [&hellip;]<\/p>\n","protected":false},"author":1,"featured_media":0,"parent":0,"menu_order":0,"comment_status":"closed","ping_status":"closed","template":"","meta":{"_genesis_hide_title":false,"_genesis_hide_breadcrumbs":false,"_genesis_hide_singular_image":false,"_genesis_hide_footer_widgets":false,"_genesis_custom_body_class":"","_genesis_custom_post_class":"","_genesis_layout":"","footnotes":""},"class_list":{"0":"post-1060","1":"page","2":"type-page","3":"status-publish","5":"entry"},"_links":{"self":[{"href":"https:\/\/moverdb.com\/lv\/wp-json\/wp\/v2\/pages\/1060","targetHints":{"allow":["GET"]}}],"collection":[{"href":"https:\/\/moverdb.com\/lv\/wp-json\/wp\/v2\/pages"}],"about":[{"href":"https:\/\/moverdb.com\/lv\/wp-json\/wp\/v2\/types\/page"}],"author":[{"embeddable":true,"href":"https:\/\/moverdb.com\/lv\/wp-json\/wp\/v2\/users\/1"}],"replies":[{"embeddable":true,"href":"https:\/\/moverdb.com\/lv\/wp-json\/wp\/v2\/comments?post=1060"}],"version-history":[{"count":6,"href":"https:\/\/moverdb.com\/lv\/wp-json\/wp\/v2\/pages\/1060\/revisions"}],"predecessor-version":[{"id":6242,"href":"https:\/\/moverdb.com\/lv\/wp-json\/wp\/v2\/pages\/1060\/revisions\/6242"}],"wp:attachment":[{"href":"https:\/\/moverdb.com\/lv\/wp-json\/wp\/v2\/media?parent=1060"}],"curies":[{"name":"wp","href":"https:\/\/api.w.org\/{rel}","templated":true}]}}