{"id":1059,"date":"2016-08-21T14:56:28","date_gmt":"2016-08-21T14:56:28","guid":{"rendered":"http:\/\/moverdb.com\/?page_id=1059"},"modified":"2026-01-08T14:47:35","modified_gmt":"2026-01-08T14:47:35","slug":"arpin-van-lines","status":"publish","type":"page","link":"https:\/\/moverdb.com\/lv\/arpin-van-lines\/","title":{"rendered":"Arpin Van Lines: P\u0101rcel\u0161an\u0101s pakalpojumi un atsauksmes"},"content":{"rendered":"<p>Uz\u0146\u0113mums Arpin Van Lines atrodas Vest Vorvik\u0101, RI, un pied\u0101v\u0101 saviem klientiem pla\u0161u pakalpojumu kl\u0101stu gan starptautisk\u0101, gan viet\u0113j\u0101 m\u0113rog\u0101. \u0160ie pakalpojumi ir uzskait\u012bti turpm\u0101k kop\u0101 ar uz\u0146\u0113muma profilu un atsauksm\u0113m. Starptautisko p\u0101rcel\u0161anos veic ar\u012b <a href=\"https:\/\/moverdb.com\/lv\/arpin-international\/\">Arpin International<\/a>.<\/p>\n<p><strong>Starptautisk\u0101s p\u0101rcel\u0161an\u0101s<\/strong><\/p>\n<ul>\n<li> Daudzkult\u016bru un daudzvalodu person\u0101ls<\/li>\n<li> Specializ\u0113ts starptautisko p\u0101rcel\u0161an\u0101s koordinators<\/li>\n<li> No durv\u012bm l\u012bdz durv\u012bm<\/li>\n<li> Iepako\u0161ana un izpako\u0161ana<\/li>\n<li> M\u0113be\u013cu un\/vai pre\u010du demont\u0101\u017ea un atk\u0101rtota mont\u0101\u017ea<\/li>\n<li> Pal\u012bdz\u012bba muitas jom\u0101<\/li>\n<li> P\u0101rrobe\u017eu p\u0101rvieto\u0161an\u0101s - <a href=\"https:\/\/moverdb.com\/lv\/moving-to-canada\/\" data-internallinksmanager029f6b8e52c=\"265\" title=\"P\u0101rcel\u0161an\u0101s uz Kan\u0101du? 2023 Dz\u012bves izmaksas un p\u0101rcel\u0161an\u0101s padomi\">Kan\u0101da<\/a><\/li>\n<\/ul>\n<p><strong>GSA un milit\u0101rie p\u0101rvietojumi<\/strong><\/p>\n<ul>\n<li> Milit\u0101rais<\/li>\n<li> Vald\u012bba\/GSA<\/li>\n<li> Veter\u0101nu g\u0101jieni<\/li>\n<li> Milit\u0101r\u0101 p\u0101rveido\u0161ana<\/li>\n<\/ul>\n<p><strong>M\u0101jsaimniec\u012bbas p\u0101rv\u0101k\u0161an\u0101s<\/strong><\/p>\n<ul>\n<li> Viet\u0113jie p\u0101rvadi<\/li>\n<li> P\u0101rvieto\u0161an\u0101s lielos att\u0101lumos<\/li>\n<li> Vec\u0101ka gadag\u0101juma cilv\u0113ku p\u0101rcel\u0161an\u0101s<\/li>\n<li> Neliels p\u0101rvieto\u0161anas risin\u0101jums<\/li>\n<\/ul>\n<p><strong>Uzglab\u0101\u0161ana<\/strong><\/p>\n<ul>\n<li> Ilgtermi\u0146a<\/li>\n<li> \u012astermi\u0146a<\/li>\n<li> Da\u017eas klimata kontrol\u0113tas noliktavas<\/li>\n<li> Uzglab\u0101\u0161ana konteineros<\/li>\n<\/ul>\n<h2>Arpin Van Lines uz\u0146\u0113muma profils<\/h2>\n<p>Uz\u0146\u0113mums Arpin Van Lines ir dibin\u0101ts 1900. gad\u0101, t\u0101p\u0113c jau vair\u0101k nek\u0101 100 gadus nodarbojas ar cilv\u0113ku un uz\u0146\u0113mumu p\u0101rvieto\u0161anu un joproj\u0101m ir \u0123imenes uz\u0146\u0113mums. <\/p>\n<p>Uz\u0146\u0113mums lepojas ar gandr\u012bz perfektu vai perfektu viet\u0113jo, t\u0101lsatiksmes un starptautisko p\u0101rv\u0101k\u0161anos. Uz\u0146\u0113mumam ir 385 a\u0123ent\u016bras <a href=\"https:\/\/moverdb.com\/lv\/moving-to-the-united-states\/\" data-internallinksmanager029f6b8e52c=\"94\" title=\"P\u0101rce\u013caties uz Amerikas Savienotaj\u0101m Valst\u012bm? 2022 Dz\u012bves izmaksas un p\u0101rcel\u0161an\u0101s padomi\">Amerikas Savienot\u0101s Valstis<\/a> un ir sadarbojusies ar lab\u0101kaj\u0101m un uzticam\u0101kaj\u0101m a\u0123ent\u016br\u0101m vis\u0101 pasaul\u0113, lai nodro\u0161in\u0101tu sol\u012bto kvalit\u0101ti.<\/p>\n<p>Uz\u0146\u0113muma galvenais m\u0113r\u0137is ir p\u0101rvieto\u0161an\u0101s. Vi\u0146i sadarbojas ar p\u0101rcel\u0161an\u0101s uz\u0146\u0113mumiem ASV un vis\u0101 pasaul\u0113. Arpin Van Lines veic aptuveni 14 000 GSA un milit\u0101ro p\u0101rcel\u0161anos gad\u0101.<\/p>\n<p>Arpin Van Lines atbalsta organiz\u0101cijas Save the Children, Habitat for Humanity un Audubon Society of <a href=\"https:\/\/moverdb.com\/lv\/moving-to-the-united-states\/moving-to-rhode-island\/\" data-internallinksmanager029f6b8e52c=\"450\" title=\"P\u0101rce\u013caties uz Rodailendu? 2024 Dz\u012bves izmaksas un p\u0101rcel\u0161an\u0101s padomi\">Rodailenda<\/a>. Uz\u0146\u0113mum\u0101 tiek \u012bstenota stingra za\u013c\u0101 politika, kuras rezult\u0101t\u0101 uz\u0146\u0113mums ir sa\u0146\u0113mis daudzus apbalvojumus, jo tas ir samazin\u0101jis oglek\u013ca dioks\u012bda emisijas nospiedumu.<\/p>\n<p>Arpin Van Lines ir \u0161\u0101das akredit\u0101cijas un pieder\u012bbas:<\/p>\n<ul>\n<li> Port\u0101ls <a href=\"https:\/\/moverdb.com\/lv\/amsa\/\">Amerikas P\u0101rv\u0101k\u0161an\u0101s un uzglab\u0101\u0161anas asoci\u0101cija<\/a> (<a href=\"https:\/\/moverdb.com\/lv\/amsa\/\" data-internallinksmanager029f6b8e52c=\"5\" title=\"Amerikas P\u0101rv\u0101k\u0161an\u0101s un uzglab\u0101\u0161anas asoci\u0101cijas (AMSA) skaidrojums\">AMSA<\/a>)<\/li>\n<li> <a href=\"https:\/\/moverdb.com\/lv\/darbinieku-parcelsanas-padome\/\">ERC vis\u0101 pasaul\u0113<\/a><\/li>\n<li> Nacion\u0101l\u0101 vec\u0101ko p\u0101rv\u0101k\u0161an\u0101s vad\u012bt\u0101ju asoci\u0101cija (NASMM)<\/li>\n<li> Sertific\u0113ts <a href=\"https:\/\/moverdb.com\/lv\/ritenu-novirzitajs\/\">ProMover<\/a><\/li>\n<li> Better Business Bureau (BBB) A+<\/li>\n<li> SmartWay transporta partneris<\/li>\n<li> ISSP<\/li>\n<\/ul>\n<h2>Arpin Van Lines atsauksmes<\/h2>\n<p><strong>Pozit\u012bvi:<\/strong><\/p>\n<ul>\n<li> <em>\"Nav \u012bsti p\u0101rliecin\u0101ts, k\u0101p\u0113c ir tik daudz sliktu atsauksmju, bet man, no otras puses, bija lieliska pieredze! Iesp\u0113jams, tas bija viet\u0113jais fili\u0101le, kas veica p\u0101rcel\u0161anos, vai uz\u0146\u0113muma reput\u0101cija. Jebkur\u0101 gad\u012bjum\u0101 mana pieredze bija fantastiska no s\u0101kuma l\u012bdz beig\u0101m!\"<\/em> - Jay Cee caur <a href=\"http:\/\/www.yelp.com\/biz\/arpin-van-lines-west-warwick-2?hrid=OS55XvTTjsx1-lntFW5mvw&#038;utm_campaign=www_review_share_popup&#038;utm_medium=copy_link&#038;utm_source=(direct)\" target=\"_blank\" rel=\"noopener\">Yelp<\/a><\/li>\n<li> \"Man j\u0101saka, ka pui\u0161i no Arpin Van Lines paveica patiesi neticami labu darbu. Vi\u0146i ierad\u0101s tie\u0161i laik\u0101, kad teica, ka ierad\u012bsies, un padar\u012bja visu p\u0101rv\u0101k\u0161anos \u013coti vieglu.\"<\/em> - Emmanuel P. via <a href=\"https:\/\/www.customerlobby.com\/reviews\/28943\/arpin-van-lines-inc\/review\/877013\" target=\"_blank\" rel=\"noopener\">Klientu vestibils<\/a> <\/li>\n<li> <em>\"Es tikai grib\u0113ju pateikt, cik \u013coti esmu apmierin\u0101ts un gandar\u012bts par p\u0101rcel\u0161anos.  Birojs mani p\u0101rbaud\u012bja un r\u016bp\u0113j\u0101s par to, k\u0101 viss notiek man un manai \u0123imenei.\"<\/em> - Yuriko Sprott via <a href=\"http:\/\/www.mymovingreviews.com\/movers\/arpin-van-lines-664#39723\" target=\"_blank\" rel=\"noopener\">MyMovingReviews.com<\/a> <\/li>\n<\/ul>\n<p><strong>Negat\u012bvs:<\/strong><\/p>\n<ul>\n<li> \"<em>M\u0113s p\u0101rc\u0113l\u0101mies no <a href=\"https:\/\/moverdb.com\/lv\/moving-to-the-united-states\/moving-to-illinois\/\" data-internallinksmanager029f6b8e52c=\"401\" title=\"P\u0101rcel\u0161an\u0101s uz Ilinoisas \u0161tatu? 2023 Dz\u012bves izmaksas un p\u0101rcel\u0161an\u0101s padomi\">Ilinoisas \u0161tats<\/a> uz Sakramento, un \u0161\u012b pieredze bija \u0161ausm\u012bga.\" <\/em>John W, izmantojot <a href=\"http:\/\/www.yelp.com\/biz\/arpin-van-lines-west-warwick-2?hrid=_dchwV9PFPdLsH2-htD5dA&#038;utm_campaign=www_review_share_popup&#038;utm_medium=copy_link&#038;utm_source=(direct)\" target=\"_blank\" rel=\"noopener\">Yelp<\/a><\/li>\n<li> <em>\"Ar v\u0101rdiem nevar izteikt, ka es ceru, ka j\u016bs neizmantosiet \u0161o uz\u0146\u0113mumu. V\u012bra darba d\u0113\u013c esam 7 reizes p\u0101rc\u0113lu\u0161ies \u0101rpus valsts, un es nekad neesmu pieredz\u0113jusi t\u0101du nekompetenci.\"<\/em> - Marci R. via <a href=\"https:\/\/www.customerlobby.com\/reviews\/28943\/arpin-van-lines-inc\/review\/854697\" target=\"_blank\" rel=\"noopener\">Klientu vestibils<\/a><\/li>\n<li> <em>\"Kur man s\u0101kt... Pag\u0101ja 2 ned\u0113\u013cas, lai sa\u0146emtu cit\u0101tu, vi\u0146i pa\u0161laik kav\u0113jas 3 dienas, un manai gr\u016btniecei sievai un man b\u016bs j\u0101gu\u013c uz uzp\u016bsta matra\u010da ar uzvalku, l\u012bdz vi\u0146i ierad\u012bsies.\"<\/em> - Mmonahan via <a href=\"http:\/\/www.mymovingreviews.com\/movers\/arpin-van-lines-664#55388\" target=\"_blank\" rel=\"noopener\">MyMovingReviews.com<\/a> <\/li>\n<\/ul>\n<div itemprop=\"review\" itemscope itemtype=\"http:\/\/schema.org\/Review\">\n<span itemprop=\"author\" itemscope=\"\" itemtype=\"http:\/\/schema.org\/Organization\"><span itemprop=\"name\">MoverDB.com<\/span><\/span> Tie\u0161saistes vietnes p\u0101rskats par <span itemprop=\"itemreviewed\" itemscope=\"\" itemtype=\"http:\/\/schema.org\/Brand\"><span itemprop=\"name\">Arpin Van Lines<\/span><\/span>:<\/p>\n<ol>\n<li> Skaidra kontaktinform\u0101cija t\u012bmek\u013ca vietn\u0113 (tostarp t\u0101lru\u0146a numurs): <strong>J\u0101<\/strong><\/li>\n<li> Viegli ieg\u016bt <a href=\"https:\/\/moverdb.com\/lv\/citati\/\">starptautiskie p\u0101rvietojas cit\u0101ti<\/a>? (Tie\u0161saistes t\u0101mes piepras\u012bjuma veidlapa): <strong>J\u0101<\/strong><\/li>\n<li> Skaidra inform\u0101cija t\u012bmek\u013ca vietn\u0113: <strong>J\u0101,<\/strong> t\u012bmek\u013ca vietn\u0113 ir pieejami ce\u013cve\u017ei un videoklipi.<\/li>\n<li> Dal\u012bba starptautiski atz\u012bt\u0101s kust\u012bbu organiz\u0101cij\u0101s: <strong>J\u0101<\/strong>, (sk. iepriek\u0161)<\/li>\n<li> Klientu saraksts un\/vai iepriek\u0161\u0113jo klientu atsauksmes. <strong>Da\u013c\u0113js<\/strong> Vi\u0146i uzskaita klientu atsauksmes, izmantojot klientu lobiju, skat\u012bt iepriek\u0161.<\/li>\n<\/ol>\n<div itemprop=\"reviewRating\" itemscope itemtype=\"http:\/\/schema.org\/Rating\"><meta itemprop=\"worstRating\" content = \"0\" \/><meta itemprop=\"bestRating\" content=\"5\" \/><meta itemprop=\"ratingValue\" content=\"4\"><\/div>\n<p><strong>Kop\u0113jais v\u0113rt\u0113jums: 4\/5<\/strong><br \/>\n<strong>P\u0101rskata datums:<\/strong> <span itemprop=\"datePublished\" content=\"2016-08-21\">21\/08\/2016<\/span>\n<\/div>\n<p>Las\u012bt vair\u0101k par <a href=\"https:\/\/moverdb.com\/lv\/parvietojas-uznemumi\/\">starptautiskie p\u0101rvietot\u0101ji<\/a>, <a href=\"https:\/\/moverdb.com\/lv\/us-kanada-parvietotaji\/\">ASV p\u0101rvietot\u0101ji<\/a> un m\u016bsu <a href=\"https:\/\/moverdb.com\/lv\/atsauksmes\/\">p\u0101rskat\u012b\u0161anas process<\/a>.<\/p>\n<p><strong>T\u012bmek\u013ca vietne:<\/strong> <a href=\"http:\/\/www.arpin.com\" target=\"_blank\" rel=\"noopener\">http:\/\/www.arpin.com<\/a><\/p>","protected":false},"excerpt":{"rendered":"<p>Arpin Van Lines is based in West Warwick, RI and offers its customers a wide range of services both internationally and locally. These services are listed below, together with a company profile and reviews. International moves are also handled by Arpin International. International Moves Multicultural and multilingual staff Dedicated international move coordinator Door to door [&hellip;]<\/p>\n","protected":false},"author":1,"featured_media":0,"parent":0,"menu_order":0,"comment_status":"closed","ping_status":"closed","template":"","meta":{"_genesis_hide_title":false,"_genesis_hide_breadcrumbs":false,"_genesis_hide_singular_image":false,"_genesis_hide_footer_widgets":false,"_genesis_custom_body_class":"","_genesis_custom_post_class":"","_genesis_layout":"","footnotes":""},"class_list":{"0":"post-1059","1":"page","2":"type-page","3":"status-publish","5":"entry"},"_links":{"self":[{"href":"https:\/\/moverdb.com\/lv\/wp-json\/wp\/v2\/pages\/1059","targetHints":{"allow":["GET"]}}],"collection":[{"href":"https:\/\/moverdb.com\/lv\/wp-json\/wp\/v2\/pages"}],"about":[{"href":"https:\/\/moverdb.com\/lv\/wp-json\/wp\/v2\/types\/page"}],"author":[{"embeddable":true,"href":"https:\/\/moverdb.com\/lv\/wp-json\/wp\/v2\/users\/1"}],"replies":[{"embeddable":true,"href":"https:\/\/moverdb.com\/lv\/wp-json\/wp\/v2\/comments?post=1059"}],"version-history":[{"count":7,"href":"https:\/\/moverdb.com\/lv\/wp-json\/wp\/v2\/pages\/1059\/revisions"}],"predecessor-version":[{"id":6176,"href":"https:\/\/moverdb.com\/lv\/wp-json\/wp\/v2\/pages\/1059\/revisions\/6176"}],"wp:attachment":[{"href":"https:\/\/moverdb.com\/lv\/wp-json\/wp\/v2\/media?parent=1059"}],"curies":[{"name":"wp","href":"https:\/\/api.w.org\/{rel}","templated":true}]}}